{"id":181,"date":"2023-02-01T18:31:44","date_gmt":"2023-02-01T18:31:44","guid":{"rendered":"https:\/\/dornsife.usc.edu\/vsri\/?page_id=181"},"modified":"2025-08-06T21:55:28","modified_gmt":"2025-08-06T21:55:28","slug":"past-events","status":"publish","type":"page","link":"https:\/\/dornsife.usc.edu\/vsri\/past-events\/","title":{"rendered":"IOT Past Events"},"content":{"rendered":"\n    \n  \n    \n\n\n\n\n\n\n<div\n  class=\"cc--component-container cc--cta-cards-collection \"\n\n  \n  \n  \n  \n  \n  \n  >\n  <div class=\"c--component c--cta-cards-collection\"\n    \n      >\n\n    \n      <div class=\"header-container\">\n                  \n<div class=\"f--field f--section-title\">\n\n    \n  <h2>\n          Spring 2025 Events\n      <\/h2>\n\n\n<\/div>\n      \n      \n      \n    <\/div>\n  \n      <div class=\"cards-container\">\n      \n        <div class=\"card\">\n\n                            <a href=\"https:\/\/dornsife.usc.edu\/vsri\/wp-content\/uploads\/sites\/126\/2025\/02\/IOTBiggSpring2025.pdf\" >\n            \n                                    <h3>&#8220;From Colonial Science to Transnational Heritage? The Photographic Constellation of the Institut Fran\u00e7ais Afrique Noire&#8221;<\/h3>\n                \n                                    <span class=\"card-description\">CHARLOTTE BIGG, Research Fellow, Centre National de la Recherche Scientifique, Centre Alexandre Koyr\u00e9, Paris.\r\nFriday, April 4, 3:00-5:00pm PST. \r\nSOS 250.<\/span>\n                \n                            <\/a>\n                    <\/div>\n      \n        <div class=\"card\">\n\n                            <a href=\"https:\/\/dornsife.usc.edu\/vsri\/wp-content\/uploads\/sites\/126\/2025\/01\/IOTHigonnetSpring2025.pdf\" >\n            \n                                    <h3>&#8220;Revolutionary Fashion Time&#8221;<\/h3>\n                \n                                    <span class=\"card-description\">ANNE HIGONNET, Barbara Novak Professor of Art History, Barnard College.\r\nTuesday, April 22, 12:30-2:00pm PST.\r\nSOS 250.<\/span>\n                \n                            <\/a>\n                    <\/div>\n          <\/div>\n  \n\n  <\/div><\/div>\n\n\n\n    \n  \n    \n\n\n\n\n\n\n<div\n  class=\"cc--component-container cc--cta-cards-collection \"\n\n  \n  \n  \n  \n  \n  \n  >\n  <div class=\"c--component c--cta-cards-collection\"\n    \n      >\n\n    \n      <div class=\"header-container\">\n                  \n<div class=\"f--field f--section-title\">\n\n    \n  <h2>\n          Fall 2024 Events\n      <\/h2>\n\n\n<\/div>\n      \n      \n      \n    <\/div>\n  \n      <div class=\"cards-container\">\n      \n        <div class=\"card\">\n\n                            <a href=\"https:\/\/dornsife.usc.edu\/vsri\/wp-content\/uploads\/sites\/126\/2024\/08\/Speculative-Visions-Invitation.pdf\" >\n            \n                                    <h3>Monday, September 23: Speculative Visions: Science Fiction and American Visual Culture<\/h3>\n                \n                                    <span class=\"card-description\">LUCAS MUSEUM OF NARRATIVE ART Symposium.\r\n9:30am-7:00pm PT.\r\nFisher Gallery and DML 240.<\/span>\n                \n                            <\/a>\n                    <\/div>\n      \n        <div class=\"card\">\n\n                            <a href=\"https:\/\/dornsife.usc.edu\/vsri\/wp-content\/uploads\/sites\/126\/2024\/09\/IOTLascFall24.pdf\" >\n            \n                                    <h3>Friday, October 4: Revisiting the Past<\/h3>\n                \n                                    <span class=\"card-description\">ANCA I. LASC\r\nAssociate Professor, History of Art and Design, Pratt Institute.\r\n3:00-5:00pm PT.\r\nSOS 250.<\/span>\n                \n                            <\/a>\n                    <\/div>\n          <\/div>\n  \n\n  <\/div><\/div>\n\n\n\n      \n  \n    \n\n\n\n\n\n\n<div\n  class=\"cc--component-container cc--cta-cards-collection \"\n\n  \n  \n  \n  \n  \n  \n  >\n  <div class=\"c--component c--cta-cards-collection\"\n    \n      >\n\n    \n      <div class=\"header-container\">\n                  \n<div class=\"f--field f--section-title\">\n\n    \n  <h2>\n          Spring 2024 Events\n      <\/h2>\n\n\n<\/div>\n      \n      \n      \n    <\/div>\n  \n      <div class=\"cards-container\">\n      \n        <div class=\"card\">\n\n                            <a href=\"https:\/\/dornsife.usc.edu\/vsri\/wp-content\/uploads\/sites\/126\/2024\/02\/IOTWeigelSpring24.pdf\" >\n            \n                                    <h3>SIGRID WEIGEL<\/h3>\n                \n                                    <span class=\"card-description\">&#8220;Images of the A-Visible&#8221;<\/span>\n                \n                            <\/a>\n                    <\/div>\n      \n        <div class=\"card\">\n\n                            <a href=\"https:\/\/dornsife.usc.edu\/vsri\/wp-content\/uploads\/sites\/126\/2024\/02\/IOTKuperSpring24.pdf\" >\n            \n                                    <h3>ADAM KUPER<\/h3>\n                \n                                    <span class=\"card-description\">&#8220;The Crisis of the Museum of Other People&#8221;<\/span>\n                \n                            <\/a>\n                    <\/div>\n      \n        <div class=\"card\">\n\n                            <a href=\"https:\/\/dornsife.usc.edu\/vsri\/wp-content\/uploads\/sites\/126\/2024\/08\/unnamed.jpg\" >\n            \n                                    <h3>CONFERENCE: Monuments Fall: An East-West Exchange<\/h3>\n                \n                                    <span class=\"card-description\">PARTICIPANTS INCLUDE: Bill Deverell (USC), Catherine Gudis (UCR), Milo\u0161 Jovanovi\u0107 (UCLA), Wendy Salmond (Chapman University), Linda Kaljundi (Estonian Academy of Arts), Mischa Gabowitsch (University of Vienna), Sofia Dyak (Lviv Center for Urban History)<\/span>\n                \n                            <\/a>\n                    <\/div>\n          <\/div>\n  \n\n  <\/div><\/div>\n\n\n\n      \n  \n    \n\n\n\n\n\n\n<div\n  class=\"cc--component-container cc--cta-cards-collection \"\n\n  \n  \n  \n  \n  \n  \n  >\n  <div class=\"c--component c--cta-cards-collection\"\n    \n      >\n\n    \n      <div class=\"header-container\">\n                  \n<div class=\"f--field f--section-title\">\n\n    \n  <h2>\n          Fall 2023 Events\n      <\/h2>\n\n\n<\/div>\n      \n      \n      \n    <\/div>\n  \n      <div class=\"cards-container\">\n      \n        <div class=\"card\">\n\n                            <a href=\"https:\/\/dornsife.usc.edu\/vsri\/wp-content\/uploads\/sites\/126\/2023\/08\/IOTEtienneFall23.pdf\" >\n            \n                                    <h3>NO\u00c9MIE ETIENNE<\/h3>\n                \n                                    <span class=\"card-description\">&#8220;Dioramas, Life-Casts, and the Lives of Sensitive Images: When Was This? And Did It Ever Happen?&#8221;<\/span>\n                \n                            <\/a>\n                    <\/div>\n      \n        <div class=\"card\">\n\n                            <a href=\"https:\/\/dornsife.usc.edu\/vsri\/wp-content\/uploads\/sites\/126\/2023\/08\/IOTStaszakFall23.pdf\" >\n            \n                                    <h3>JEAN-FRAN\u00c7OIS STASZAK<\/h3>\n                \n                                    <span class=\"card-description\">&#8220;Bousbir, Casablanca\u2019s Colonial Red Light District&#8221;<\/span>\n                \n                            <\/a>\n                    <\/div>\n      \n        <div class=\"card\">\n\n                            <a href=\"https:\/\/dornsife.usc.edu\/vsri\/wp-content\/uploads\/sites\/126\/2023\/08\/IOTTaylorFall23.pdf\" >\n            \n                                    <h3>NORA A. TAYLOR<\/h3>\n                \n                                    <span class=\"card-description\">&#8220;Lenin\u2019s Shadow in Hanoi and Other Responses to Monuments by Contemporary Vietnamese Artists in the Age of Decoloniality&#8221;<\/span>\n                \n                            <\/a>\n                    <\/div>\n          <\/div>\n  \n\n  <\/div><\/div>\n\n\n\n      \n  \n    \n\n\n\n\n\n\n<div\n  class=\"cc--component-container cc--cta-cards-collection \"\n\n  \n  \n  \n  \n  \n  \n  >\n  <div class=\"c--component c--cta-cards-collection\"\n    \n      >\n\n    \n      <div class=\"header-container\">\n                  \n<div class=\"f--field f--section-title\">\n\n    \n  <h2>\n          Spring 2023 Events\n      <\/h2>\n\n\n<\/div>\n      \n      \n      \n    <\/div>\n  \n      <div class=\"cards-container\">\n      \n        <div class=\"card\">\n\n                            <a href=\"\/vsri\/wp-content\/uploads\/sites\/126\/2023\/06\/IOTBetancourtSpring23.pdf\" >\n            \n                                    <h3>ROLAND BETANCOURT<\/h3>\n                \n                                    <span class=\"card-description\">&#8220;Simulacral Time: Historical Ethics,\u00a0Recuperation, and the Byzantine Past.&#8221;<\/span>\n                \n                            <\/a>\n                    <\/div>\n      \n        <div class=\"card\">\n\n                            <a href=\"\/vsri\/wp-content\/uploads\/sites\/126\/2023\/06\/IOTLinfieldSpring23.pdf\" >\n            \n                                    <h3>SUSIE LINFIELD<\/h3>\n                \n                                    <span class=\"card-description\">&#8220;How, and why, does an image become an icon? And why\u2014or does\u2014this matter?&#8221;<\/span>\n                \n                            <\/a>\n                    <\/div>\n      \n        <div class=\"card\">\n\n                            <a href=\"\/vsri\/wp-content\/uploads\/sites\/126\/2023\/06\/IOTCahillSpring23.pdf\" >\n            \n                                    <h3>JAMES CAHILL; MARGARET COHEN<\/h3>\n                \n                                    <span class=\"card-description\">&#8220;Jacques Cousteau: Seeing Underwater and the Making of an Icon of Environmentalism.&#8221;<\/span>\n                \n                            <\/a>\n                    <\/div>\n          <\/div>\n  \n\n  <\/div><\/div>\n\n\n\n      \n  \n    \n\n\n\n\n\n\n<div\n  class=\"cc--component-container cc--cta-cards-collection \"\n\n  \n  \n  \n  \n  \n  \n  >\n  <div class=\"c--component c--cta-cards-collection\"\n    \n      >\n\n    \n      <div class=\"header-container\">\n                  \n<div class=\"f--field f--section-title\">\n\n    \n  <h2>\n          Fall 2022 Events\n      <\/h2>\n\n\n<\/div>\n      \n      \n      \n    <\/div>\n  \n      <div class=\"cards-container\">\n      \n        <div class=\"card\">\n\n                            <a href=\"\/vsri\/wp-content\/uploads\/sites\/126\/2023\/06\/IOTStavrinakiFall2022.pdf\" >\n            \n                                    <h3>MARIA STAVRINAKI<\/h3>\n                \n                                    <span class=\"card-description\">BOOK TALK: Transfixed by Prehistory: An Inquiry into\u00a0Modern Art and Time.<\/span>\n                \n                            <\/a>\n                    <\/div>\n      \n        <div class=\"card\">\n\n                            <a href=\"\/vsri\/wp-content\/uploads\/sites\/126\/2023\/06\/IOTMatoryFall2022.pdf\" >\n            \n                                    <h3>J. LORAND MATORY<\/h3>\n                \n                                    <span class=\"card-description\">&#8220;Slavery in the Heart of Freedom: Race, Religion, and Politics through the Lens of BDSM&#8221;<\/span>\n                \n                            <\/a>\n                    <\/div>\n      \n        <div class=\"card\">\n\n                            <a href=\"\/vsri\/wp-content\/uploads\/sites\/126\/2023\/06\/IOTThompsonFall2022.pdf\" >\n            \n                                    <h3>ASHLEY THOMPSON<\/h3>\n                \n                                    <span class=\"card-description\">&#8220;Aniconic Icons:\u00a0Time and Gender in the Body of Angkor Wat&#8221;<\/span>\n                \n                            <\/a>\n                    <\/div>\n          <\/div>\n  \n\n  <\/div><\/div>\n\n\n\n      \n  \n    \n\n\n\n\n\n\n<div\n  class=\"cc--component-container cc--cta-cards-collection \"\n\n  \n  \n  \n  \n  \n  \n  >\n  <div class=\"c--component c--cta-cards-collection\"\n    \n      >\n\n    \n      <div class=\"header-container\">\n                  \n<div class=\"f--field f--section-title\">\n\n    \n  <h2>\n          Spring 2022 Events\n      <\/h2>\n\n\n<\/div>\n      \n      \n      \n    <\/div>\n  \n      <div class=\"cards-container\">\n      \n        <div class=\"card\">\n\n                            <a href=\"\/vsri\/wp-content\/uploads\/sites\/126\/2023\/06\/FreedbergImagesOutofTimeSpring22.pdf\" >\n            \n                                    <h3>DAVID FREEDBERG<\/h3>\n                \n                                    <span class=\"card-description\">\u201cThey Knew No Better: On the Dialectics of Image Removal\u201d<\/span>\n                \n                            <\/a>\n                    <\/div>\n      \n        <div class=\"card\">\n\n                            <a href=\"\/vsri\/wp-content\/uploads\/sites\/126\/2023\/06\/Flyer-Conversation@PAM-The-Power-and-Eccentricity-of-Balinese-Temple-Masks.pdf\" >\n            \n                                    <h3>LAUREL KENDALL<\/h3>\n                \n                                    <span class=\"card-description\">&#8220;The Power and Eccentricity of Balinese Temple Masks&#8221;<\/span>\n                \n                            <\/a>\n                    <\/div>\n      \n        <div class=\"card\">\n\n                            <a href=\"\/vsri\/wp-content\/uploads\/sites\/126\/2023\/06\/PennyImagesOutofTimeSpring22.pdf\" >\n            \n                                    <h3>H. GLENN PENNY; Responses by NANCY LUTKEHAUS, DEBORA SILVERMAN<\/h3>\n                \n                                    <span class=\"card-description\">\u201cFuture Visions from the Past, or How to Salvage Ethnological Museums for the Future\u201d<\/span>\n                \n                            <\/a>\n                    <\/div>\n          <\/div>\n  \n\n  <\/div><\/div>\n\n\n\n    \n  \n    \n\n\n\n\n\n\n<div\n  class=\"cc--component-container cc--cta-cards-collection \"\n\n  \n  \n  \n  \n  \n  \n  >\n  <div class=\"c--component c--cta-cards-collection\"\n    \n      >\n\n    \n      <div class=\"header-container\">\n                  \n<div class=\"f--field f--section-title\">\n\n    \n  <h2>\n          Fall 2021 Events\n      <\/h2>\n\n\n<\/div>\n      \n      \n      \n    <\/div>\n  \n      <div class=\"cards-container\">\n      \n        <div class=\"card\">\n\n                            <a href=\"\/vsri\/wp-content\/uploads\/sites\/126\/2023\/06\/PalimpsestFall2021event.pdf\" >\n            \n                                    <h3>Matthias de Groof (filmmaker); Fiori Berhane (Anthropology, USC); Megan Luke (Art History, USC); Debora Silverman (History, UCLA); Stephanie Spray (Anthropology and Cinema, USC)<\/h3>\n                \n                                    <span class=\"card-description\">&#8220;Palimpsest of the Africa Museum: Screening and Roundtable Discussion&#8221;<\/span>\n                \n                            <\/a>\n                    <\/div>\n      \n        <div class=\"card\">\n\n                            <a href=\"\/vsri\/wp-content\/uploads\/sites\/126\/2023\/06\/BynumFall2021ImagesOutofTime.pdf\" >\n            \n                                    <h3>CAROLINE WALKER BYNUM<\/h3>\n                \n                                    <span class=\"card-description\">\u201cThe Tyranny of Morphology and the Presence of Things\u201d<\/span>\n                \n                            <\/a>\n                    <\/div>\n          <\/div>\n  \n\n  <\/div><\/div>\n\n\n\n      \n  \n    \n\n\n\n\n\n\n<div\n  class=\"cc--component-container cc--cta-cards-collection \"\n\n  \n  \n  \n  \n  \n  \n  >\n  <div class=\"c--component c--cta-cards-collection\"\n    \n      >\n\n    \n      <div class=\"header-container\">\n                  \n<div class=\"f--field f--section-title\">\n\n    \n  <h2>\n          Spring 2021 Events\n      <\/h2>\n\n\n<\/div>\n      \n      \n      \n    <\/div>\n  \n      <div class=\"cards-container\">\n      \n        <div class=\"card\">\n\n                            <a href=\"\/vsri\/wp-content\/uploads\/sites\/126\/2023\/06\/ImagesOutofTimeFlyerSpring2021.pdf\" >\n            \n                                    <h3>JEFFREY HAMBURGER<\/h3>\n                \n                                    <span class=\"card-description\">\u201cDiagrams in the Latin West\u201d<\/span>\n                \n                            <\/a>\n                    <\/div>\n      \n        <div class=\"card\">\n\n                            <a href=\"\/vsri\/wp-content\/uploads\/sites\/126\/2023\/06\/ImagesOutofTimeFlyerSpring2021.pdf\" >\n            \n                                    <h3>MAIA KOTROSITS<\/h3>\n                \n                                    <span class=\"card-description\">\u201cThe Lives of Objects and the Frustrations of Memorialization in Early Christianity\u201d<\/span>\n                \n                            <\/a>\n                    <\/div>\n      \n        <div class=\"card\">\n\n                            <a href=\"\/vsri\/wp-content\/uploads\/sites\/126\/2023\/06\/ImagesOutofTimeFlyerSpring2021.pdf\" >\n            \n                                    <h3>MIRJAM BRUSIUS<\/h3>\n                \n                                    <span class=\"card-description\">\u201cPeople Inside Ruins: Heritage and Counter Archives\u201d<\/span>\n                \n                            <\/a>\n                    <\/div>\n          <\/div>\n  \n\n  <\/div><\/div>\n\n\n\n      \n  \n    \n\n\n\n\n\n\n<div\n  class=\"cc--component-container cc--cta-cards-collection \"\n\n  \n  \n  \n  \n  \n  \n  >\n  <div class=\"c--component c--cta-cards-collection\"\n    \n      >\n\n    \n      <div class=\"header-container\">\n                  \n<div class=\"f--field f--section-title\">\n\n    \n  <h2>\n          Fall 2020 Events\n      <\/h2>\n\n\n<\/div>\n      \n      \n      \n    <\/div>\n  \n      <div class=\"cards-container\">\n      \n        <div class=\"card\">\n\n                            <a href=\"\/vsri\/wp-content\/uploads\/sites\/126\/2023\/06\/ImagesOutofTimeFlyer2.pdf\" >\n            \n                                    <h3>CHRISTOPHER S. WOOD<\/h3>\n                \n                                    <span class=\"card-description\">Seminar launch: Conversation with Christopher S. Wood (German Department, NYU) about his new book, A History of Art History<\/span>\n                \n                            <\/a>\n                    <\/div>\n      \n        <div class=\"card\">\n\n                            <a href=\"\/vsri\/wp-content\/uploads\/sites\/126\/2023\/06\/ImagesOutofTimeFlyer2.pdf\" >\n            \n                                    <h3>DELL UPTON<\/h3>\n                \n                                    <span class=\"card-description\">\u201cMonuments and Crimes\u201d<\/span>\n                \n                            <\/a>\n                    <\/div>\n      \n        <div class=\"card\">\n\n                            <a href=\"\/vsri\/wp-content\/uploads\/sites\/126\/2023\/06\/ImagesOutofTimeFlyer2.pdf\" >\n            \n                                    <h3>SILVIA TOM\u00c1\u0160KOV\u00c1<\/h3>\n                \n                                    <span class=\"card-description\">&#8220;Wayward Shamans: The Prehistory of an Idea&#8221;<\/span>\n                \n                            <\/a>\n                    <\/div>\n          <\/div>\n  \n\n  <\/div><\/div>\n","protected":false},"excerpt":{"rendered":"","protected":false},"author":169,"featured_media":0,"parent":0,"menu_order":0,"comment_status":"closed","ping_status":"closed","template":"","meta":{"_acf_changed":false,"footnotes":""},"class_list":["post-181","page","type-page","status-publish","hentry"],"acf":[],"yoast_head":"<!-- This site is optimized with the Yoast SEO plugin v27.1.1 - https:\/\/yoast.com\/product\/yoast-seo-wordpress\/ -->\n<title>IOT Past Events - Visual Studies Research Institute<\/title>\n<meta name=\"robots\" content=\"index, follow, max-snippet:-1, max-image-preview:large, max-video-preview:-1\" \/>\n<link rel=\"canonical\" href=\"https:\/\/dornsife.usc.edu\/vsri\/past-events\/\" \/>\n<meta property=\"og:locale\" content=\"en_US\" \/>\n<meta property=\"og:type\" content=\"article\" \/>\n<meta property=\"og:title\" content=\"IOT Past Events - Visual Studies Research Institute\" \/>\n<meta property=\"og:url\" content=\"https:\/\/dornsife.usc.edu\/vsri\/past-events\/\" \/>\n<meta property=\"og:site_name\" content=\"Visual Studies Research Institute\" \/>\n<meta property=\"article:modified_time\" content=\"2025-08-06T21:55:28+00:00\" \/>\n<meta name=\"twitter:card\" content=\"summary_large_image\" \/>\n<script type=\"application\/ld+json\" class=\"yoast-schema-graph\">{\"@context\":\"https:\/\/schema.org\",\"@graph\":[{\"@type\":\"WebPage\",\"@id\":\"https:\/\/dornsife.usc.edu\/vsri\/past-events\/\",\"url\":\"https:\/\/dornsife.usc.edu\/vsri\/past-events\/\",\"name\":\"IOT Past Events - Visual Studies Research Institute\",\"isPartOf\":{\"@id\":\"https:\/\/dornsife.usc.edu\/vsri\/#website\"},\"datePublished\":\"2023-02-01T18:31:44+00:00\",\"dateModified\":\"2025-08-06T21:55:28+00:00\",\"breadcrumb\":{\"@id\":\"https:\/\/dornsife.usc.edu\/vsri\/past-events\/#breadcrumb\"},\"inLanguage\":\"en-US\",\"potentialAction\":[{\"@type\":\"ReadAction\",\"target\":[\"https:\/\/dornsife.usc.edu\/vsri\/past-events\/\"]}]},{\"@type\":\"BreadcrumbList\",\"@id\":\"https:\/\/dornsife.usc.edu\/vsri\/past-events\/#breadcrumb\",\"itemListElement\":[{\"@type\":\"ListItem\",\"position\":1,\"name\":\"Home\",\"item\":\"https:\/\/dornsife.usc.edu\/vsri\/\"},{\"@type\":\"ListItem\",\"position\":2,\"name\":\"IOT Past Events\"}]},{\"@type\":\"WebSite\",\"@id\":\"https:\/\/dornsife.usc.edu\/vsri\/#website\",\"url\":\"https:\/\/dornsife.usc.edu\/vsri\/\",\"name\":\"Visual Studies Research Institute\",\"description\":\"Just another USC Dornsife Sites site\",\"potentialAction\":[{\"@type\":\"SearchAction\",\"target\":{\"@type\":\"EntryPoint\",\"urlTemplate\":\"https:\/\/dornsife.usc.edu\/vsri\/?s={search_term_string}\"},\"query-input\":{\"@type\":\"PropertyValueSpecification\",\"valueRequired\":true,\"valueName\":\"search_term_string\"}}],\"inLanguage\":\"en-US\"}]}<\/script>\n<!-- \/ Yoast SEO plugin. -->","yoast_head_json":{"title":"IOT Past Events - Visual Studies Research Institute","robots":{"index":"index","follow":"follow","max-snippet":"max-snippet:-1","max-image-preview":"max-image-preview:large","max-video-preview":"max-video-preview:-1"},"canonical":"https:\/\/dornsife.usc.edu\/vsri\/past-events\/","og_locale":"en_US","og_type":"article","og_title":"IOT Past Events - Visual Studies Research Institute","og_url":"https:\/\/dornsife.usc.edu\/vsri\/past-events\/","og_site_name":"Visual Studies Research Institute","article_modified_time":"2025-08-06T21:55:28+00:00","twitter_card":"summary_large_image","schema":{"@context":"https:\/\/schema.org","@graph":[{"@type":"WebPage","@id":"https:\/\/dornsife.usc.edu\/vsri\/past-events\/","url":"https:\/\/dornsife.usc.edu\/vsri\/past-events\/","name":"IOT Past Events - Visual Studies Research Institute","isPartOf":{"@id":"https:\/\/dornsife.usc.edu\/vsri\/#website"},"datePublished":"2023-02-01T18:31:44+00:00","dateModified":"2025-08-06T21:55:28+00:00","breadcrumb":{"@id":"https:\/\/dornsife.usc.edu\/vsri\/past-events\/#breadcrumb"},"inLanguage":"en-US","potentialAction":[{"@type":"ReadAction","target":["https:\/\/dornsife.usc.edu\/vsri\/past-events\/"]}]},{"@type":"BreadcrumbList","@id":"https:\/\/dornsife.usc.edu\/vsri\/past-events\/#breadcrumb","itemListElement":[{"@type":"ListItem","position":1,"name":"Home","item":"https:\/\/dornsife.usc.edu\/vsri\/"},{"@type":"ListItem","position":2,"name":"IOT Past Events"}]},{"@type":"WebSite","@id":"https:\/\/dornsife.usc.edu\/vsri\/#website","url":"https:\/\/dornsife.usc.edu\/vsri\/","name":"Visual Studies Research Institute","description":"Just another USC Dornsife Sites site","potentialAction":[{"@type":"SearchAction","target":{"@type":"EntryPoint","urlTemplate":"https:\/\/dornsife.usc.edu\/vsri\/?s={search_term_string}"},"query-input":{"@type":"PropertyValueSpecification","valueRequired":true,"valueName":"search_term_string"}}],"inLanguage":"en-US"}]}},"_links":{"self":[{"href":"https:\/\/dornsife.usc.edu\/vsri\/wp-json\/wp\/v2\/pages\/181","targetHints":{"allow":["GET"]}}],"collection":[{"href":"https:\/\/dornsife.usc.edu\/vsri\/wp-json\/wp\/v2\/pages"}],"about":[{"href":"https:\/\/dornsife.usc.edu\/vsri\/wp-json\/wp\/v2\/types\/page"}],"author":[{"embeddable":true,"href":"https:\/\/dornsife.usc.edu\/vsri\/wp-json\/wp\/v2\/users\/169"}],"replies":[{"embeddable":true,"href":"https:\/\/dornsife.usc.edu\/vsri\/wp-json\/wp\/v2\/comments?post=181"}],"version-history":[{"count":56,"href":"https:\/\/dornsife.usc.edu\/vsri\/wp-json\/wp\/v2\/pages\/181\/revisions"}],"predecessor-version":[{"id":1991,"href":"https:\/\/dornsife.usc.edu\/vsri\/wp-json\/wp\/v2\/pages\/181\/revisions\/1991"}],"wp:attachment":[{"href":"https:\/\/dornsife.usc.edu\/vsri\/wp-json\/wp\/v2\/media?parent=181"}],"curies":[{"name":"wp","href":"https:\/\/api.w.org\/{rel}","templated":true}]}}