{"id":153,"date":"2023-05-26T16:45:37","date_gmt":"2023-05-26T23:45:37","guid":{"rendered":"https:\/\/live-usc-dornsife.pantheonsite.io\/vanessaschwartz\/?page_id=153"},"modified":"2025-08-25T13:25:44","modified_gmt":"2025-08-25T20:25:44","slug":"publications","status":"publish","type":"page","link":"https:\/\/dornsife.usc.edu\/vanessaschwartz\/publications\/","title":{"rendered":"Publications"},"content":{"rendered":"\n\n                    \n  \n    \n\n\n\n\n\n\n<div\n  class=\"cc--component-container cc--stacking-cards \"\n\n  \n  \n  \n  \n  \n  \n  >\n  <div class=\"c--component c--stacking-cards\"\n    \n      >\n\n    \n            <div class=\"header-container\">\n                                \n<div class=\"f--field f--section-title\">\n\n    \n  <h2>\n          Books\n      <\/h2>\n\n\n<\/div>\n            \n                    <\/div>\n    \n            <div class=\"cards-container\">\n            \n                <div class=\"card\">\n\n                    <div class=\"title-description\">\n\n                                                      \n<div class=\"f--field f--cta-title\">\n\n    \n  <h3>\n          <a href=\"https:\/\/delmonicobooks.com\/book\/city-of-cinema-paris-1900\/\" \n                        class=\"\" \n      >City of Cinema: Paris 1850-1907 (DelMonico\/Los Angeles County Museum of Art, 2022)<\/a>\n      <\/h3>\n\n\n<\/div>\n                        \n                                                        \n<div class=\"f--field f--description\">\n\n    \n  <p><strong>Co-editor with Leah Lehmbeck, Britt Salvesen<\/strong><\/p>\n\n\n\n<\/div>\n                        \n                    <\/div>\n\n\n                    \n                        \n                            \n<div class=\"f--field f--image\">\n\n    \n        <a href=\"https:\/\/delmonicobooks.com\/book\/city-of-cinema-paris-1900\/\"  aria-label=\"Read more about City of Cinema: Paris 1850-1907 (DelMonico\/Los Angeles County Museum of Art, 2022)\">\n  \n    \n    \n    \n    \n              \n      <img decoding=\"async\"\n                            src=\"https:\/\/dornsife.usc.edu\/vanessaschwartz\/wp-content\/uploads\/sites\/197\/2023\/05\/9781636810218_FINAL-929x1100-1.jpg\"\n                    sizes=\"(min-width:1024px) 23vw, (min-width:768px) 39vw, 83vw\"\n        \n                  alt=\"City of Cinema: Paris 1850-1907\"\n        \n        \n                                      \/>\n\n    \n    \n  \n      <\/a>\n  \n\n<\/div>\n\n                    \n                <\/div>\n\n            \n                <div class=\"card\">\n\n                    <div class=\"title-description\">\n\n                                                      \n<div class=\"f--field f--cta-title\">\n\n    \n  <h3>\n          <a href=\"https:\/\/yalebooks.yale.edu\/book\/9780300247466\/jet-age-aesthetic\/\" \n                        class=\"\" \n      >Jet Age Aesthetic: The Glamour of Media in Motion (Yale University Press, 2020)<\/a>\n      <\/h3>\n\n\n<\/div>\n                        \n                        \n                    <\/div>\n\n\n                    \n                        \n                            \n<div class=\"f--field f--image\">\n\n    \n        <a href=\"https:\/\/yalebooks.yale.edu\/book\/9780300247466\/jet-age-aesthetic\/\"  aria-label=\"Read more about Jet Age Aesthetic: The Glamour of Media in Motion (Yale University Press, 2020)\">\n  \n    \n    \n    \n    \n              \n      <img decoding=\"async\"\n                            src=\"https:\/\/dornsife.usc.edu\/vanessaschwartz\/wp-content\/uploads\/sites\/197\/2023\/05\/9780300247466.jpg\"\n                    sizes=\"(min-width:1024px) 23vw, (min-width:768px) 39vw, 83vw\"\n        \n                  alt=\"Jet Age Aesthetic book cover\"\n        \n        \n                                      \/>\n\n    \n    \n  \n      <\/a>\n  \n\n<\/div>\n\n                    \n                <\/div>\n\n            \n                <div class=\"card\">\n\n                    <div class=\"title-description\">\n\n                                                      \n<div class=\"f--field f--cta-title\">\n\n    \n  <h3>\n          <a href=\"https:\/\/academic.oup.com\/book\/437\" \n                        class=\"\" \n      >A Very Short Introduction: Modern France (Oxford University Press, 2011)<\/a>\n      <\/h3>\n\n\n<\/div>\n                        \n                        \n                    <\/div>\n\n\n                    \n                        \n                            \n<div class=\"f--field f--image\">\n\n    \n        <a href=\"https:\/\/academic.oup.com\/book\/437\"  aria-label=\"Read more about A Very Short Introduction: Modern France (Oxford University Press, 2011)\">\n  \n    \n    \n    \n    \n              \n      <img decoding=\"async\"\n                            src=\"https:\/\/dornsife.usc.edu\/vanessaschwartz\/wp-content\/uploads\/sites\/197\/2023\/05\/41ZAwze76xL._SX318_BO1204203200_.jpg\"\n                    sizes=\"(min-width:1024px) 23vw, (min-width:768px) 39vw, 83vw\"\n        \n                  alt=\"Modern France book cover\"\n        \n        \n                                      \/>\n\n    \n    \n  \n      <\/a>\n  \n\n<\/div>\n\n                    \n                <\/div>\n\n            \n                <div class=\"card\">\n\n                    <div class=\"title-description\">\n\n                                                      \n<div class=\"f--field f--cta-title\">\n\n    \n  <h3>\n          <a href=\"https:\/\/press.uchicago.edu\/ucp\/books\/book\/chicago\/I\/bo5485374.html\" \n                        class=\"\" \n      >It&#8217;s So French! Hollywood, Paris and the Making of Cosmopolitan Film Culture (University of Chicago, 2007)<\/a>\n      <\/h3>\n\n\n<\/div>\n                        \n                        \n                    <\/div>\n\n\n                    \n                        \n                            \n<div class=\"f--field f--image\">\n\n    \n        <a href=\"https:\/\/press.uchicago.edu\/ucp\/books\/book\/chicago\/I\/bo5485374.html\"  aria-label=\"Read more about It's So French! Hollywood, Paris and the Making of Cosmopolitan Film Culture (University of Chicago, 2007)\">\n  \n    \n    \n    \n    \n              \n      <img decoding=\"async\"\n                            src=\"https:\/\/dornsife.usc.edu\/vanessaschwartz\/wp-content\/uploads\/sites\/197\/2023\/05\/9780226742434.jpg\"\n                    sizes=\"(min-width:1024px) 23vw, (min-width:768px) 39vw, 83vw\"\n        \n                  alt=\"It's So French! book cover\"\n        \n        \n                                      \/>\n\n    \n    \n  \n      <\/a>\n  \n\n<\/div>\n\n                    \n                <\/div>\n\n            \n                <div class=\"card\">\n\n                    <div class=\"title-description\">\n\n                                                      \n<div class=\"f--field f--cta-title\">\n\n    \n  <h3>\n          <a href=\"https:\/\/www.ucpress.edu\/book\/9780520221680\/spectacular-realities\" \n                        class=\"\" \n      >Spectacular Realities: Early Mass Culture in fin-de-si\u00e8cle Paris (University of California Press, 1998)<\/a>\n      <\/h3>\n\n\n<\/div>\n                        \n                        \n                    <\/div>\n\n\n                    \n                        \n                            \n<div class=\"f--field f--image\">\n\n    \n        <a href=\"https:\/\/www.ucpress.edu\/book\/9780520221680\/spectacular-realities\"  aria-label=\"Read more about Spectacular Realities: Early Mass Culture in fin-de-si\u00e8cle Paris (University of California Press, 1998)\">\n  \n    \n    \n    \n    \n              \n      <img decoding=\"async\"\n                            src=\"https:\/\/dornsife.usc.edu\/vanessaschwartz\/wp-content\/uploads\/sites\/197\/2023\/05\/9780520221680.jpg\"\n                    sizes=\"(min-width:1024px) 23vw, (min-width:768px) 39vw, 83vw\"\n        \n                  alt=\"Spectacular Realities book cover\"\n        \n        \n                                      \/>\n\n    \n    \n  \n      <\/a>\n  \n\n<\/div>\n\n                    \n                <\/div>\n\n            \n        <\/div>\n    \n\n  <\/div><\/div>\n\n\n\n\n                \n  \n    \n\n\n\n\n\n\n<div\n  class=\"cc--component-container cc--stacking-cards \"\n\n  \n  \n  \n  \n  \n  \n  >\n  <div class=\"c--component c--stacking-cards\"\n    \n      >\n\n    \n            <div class=\"header-container\">\n                                \n<div class=\"f--field f--section-title\">\n\n    \n  <h2>\n          Major Editorial Projects\n      <\/h2>\n\n\n<\/div>\n            \n                    <\/div>\n    \n            <div class=\"cards-container\">\n            \n                <div class=\"card\">\n\n                    <div class=\"title-description\">\n\n                                                      \n<div class=\"f--field f--cta-title\">\n\n    \n  <h3>\n          <a href=\"https:\/\/online.ucpress.edu\/representations\/issue\/145\/1\" \n                        class=\"\" \n      >Representations Special Issue Visual History: The Past in Pictures (Vol. 145 No. 1, Winter 2019)<\/a>\n      <\/h3>\n\n\n<\/div>\n                        \n                                                        \n<div class=\"f--field f--description\">\n\n    \n  <p><strong>Co-editor with Daniela Bleichmar<\/strong><\/p>\n\n\n\n<\/div>\n                        \n                    <\/div>\n\n\n                    \n                        \n                            \n<div class=\"f--field f--image\">\n\n    \n        <a href=\"https:\/\/online.ucpress.edu\/representations\/issue\/145\/1\"  aria-label=\"Read more about Representations Special Issue Visual History: The Past in Pictures (Vol. 145 No. 1, Winter 2019)\">\n  \n    \n    \n    \n    \n              \n      <img decoding=\"async\"\n                            src=\"https:\/\/dornsife.usc.edu\/vanessaschwartz\/wp-content\/uploads\/sites\/197\/2023\/05\/m_ucprep_145_1_cover.png\"\n                    sizes=\"(min-width:1024px) 23vw, (min-width:768px) 39vw, 83vw\"\n        \n                  alt=\"Representations 145 publication cover\"\n        \n        \n                                      \/>\n\n    \n    \n  \n      <\/a>\n  \n\n<\/div>\n\n                    \n                <\/div>\n\n            \n                <div class=\"card\">\n\n                    <div class=\"title-description\">\n\n                                                      \n<div class=\"f--field f--cta-title\">\n\n    \n  <h3>\n          <a href=\"https:\/\/www.routledge.com\/Getting-the-Picture-The-Visual-Culture-of-the-News\/Hill-Schwartz\/p\/book\/9781472526496\" \n                        class=\"\" \n      >Getting the Picture: The Visual Culture of the News (London: Bloomsbury, 2015)<\/a>\n      <\/h3>\n\n\n<\/div>\n                        \n                                                        \n<div class=\"f--field f--description\">\n\n    \n  <p><strong>Co-editor with Jason Hill<\/strong><\/p>\n\n\n\n<\/div>\n                        \n                    <\/div>\n\n\n                    \n                        \n                            \n<div class=\"f--field f--image\">\n\n    \n        <a href=\"https:\/\/www.routledge.com\/Getting-the-Picture-The-Visual-Culture-of-the-News\/Hill-Schwartz\/p\/book\/9781472526496\"  aria-label=\"Read more about Getting the Picture: The Visual Culture of the News (London: Bloomsbury, 2015)\">\n  \n    \n    \n    \n    \n              \n      <img decoding=\"async\"\n                            src=\"https:\/\/dornsife.usc.edu\/vanessaschwartz\/wp-content\/uploads\/sites\/197\/2023\/05\/9781472526496.jpg\"\n                    sizes=\"(min-width:1024px) 23vw, (min-width:768px) 39vw, 83vw\"\n        \n                  alt=\"Getting the Picture: The Visual Culture of the News book cover\"\n        \n        \n                                      \/>\n\n    \n    \n  \n      <\/a>\n  \n\n<\/div>\n\n                    \n                <\/div>\n\n            \n                <div class=\"card\">\n\n                    <div class=\"title-description\">\n\n                                                      \n<div class=\"f--field f--cta-title\">\n\n    \n  <h3>\n          <a href=\"https:\/\/www.routledge.com\/The-Nineteenth-Century-Visual-Culture-Reader\/Schwartz-Przyblyski\/p\/book\/9780415308663\" \n                        class=\"\" \n      >The Nineteenth Century Visual Culture Reader (London: Routledge, 2004)<\/a>\n      <\/h3>\n\n\n<\/div>\n                        \n                                                        \n<div class=\"f--field f--description\">\n\n    \n  <p><strong>Co-editor with Jeannene Przyblyski<\/strong><\/p>\n\n\n\n<\/div>\n                        \n                    <\/div>\n\n\n                    \n                        \n                            \n<div class=\"f--field f--image\">\n\n    \n        <a href=\"https:\/\/www.routledge.com\/The-Nineteenth-Century-Visual-Culture-Reader\/Schwartz-Przyblyski\/p\/book\/9780415308663\"  aria-label=\"Read more about The Nineteenth Century Visual Culture Reader (London: Routledge, 2004)\">\n  \n    \n    \n    \n    \n              \n      <img decoding=\"async\"\n                            src=\"https:\/\/dornsife.usc.edu\/vanessaschwartz\/wp-content\/uploads\/sites\/197\/2023\/05\/9780415308663.jpg\"\n                    sizes=\"(min-width:1024px) 23vw, (min-width:768px) 39vw, 83vw\"\n        \n                  alt=\"The Nineteeth-Century Visual Culture Reader book cover\"\n        \n        \n                                      \/>\n\n    \n    \n  \n      <\/a>\n  \n\n<\/div>\n\n                    \n                <\/div>\n\n            \n                <div class=\"card\">\n\n                    <div class=\"title-description\">\n\n                                                      \n<div class=\"f--field f--cta-title\">\n\n    \n  <h3>\n          <a href=\"https:\/\/www.ucpress.edu\/book\/9780520201125\/cinema-and-the-invention-of-modern-life\" \n                        class=\"\" \n      >Cinema and the Invention of Modern Life (Berkeley: University of California Press, 1995). Portuguese and Japanese translations<\/a>\n      <\/h3>\n\n\n<\/div>\n                        \n                                                        \n<div class=\"f--field f--description\">\n\n    \n  <p><strong>Co-editor with Leo Charney<\/strong><\/p>\n\n\n\n<\/div>\n                        \n                    <\/div>\n\n\n                    \n                        \n                            \n<div class=\"f--field f--image\">\n\n    \n        <a href=\"https:\/\/www.ucpress.edu\/book\/9780520201125\/cinema-and-the-invention-of-modern-life\"  aria-label=\"Read more about Cinema and the Invention of Modern Life (Berkeley: University of California Press, 1995). Portuguese and Japanese translations\">\n  \n    \n    \n    \n    \n              \n      <img decoding=\"async\"\n                            src=\"https:\/\/dornsife.usc.edu\/vanessaschwartz\/wp-content\/uploads\/sites\/197\/2023\/05\/9780520201125.jpg\"\n                    sizes=\"(min-width:1024px) 23vw, (min-width:768px) 39vw, 83vw\"\n        \n                  alt=\"Cinema and the Invention of Modern Life book cover\"\n        \n        \n                                      \/>\n\n    \n    \n  \n      <\/a>\n  \n\n<\/div>\n\n                    \n                <\/div>\n\n            \n        <\/div>\n    \n\n  <\/div><\/div>\n\n\n\n\n  \n    \n\n\n\n\n\n\n<div\n  class=\"cc--component-container cc--rich-text \"\n\n  \n  \n  \n  \n  \n  \n  >\n  <div class=\"c--component c--rich-text\"\n    \n      >\n\n    \n      \n<div class=\"f--field f--wysiwyg\">\n\n    \n  <ul>\n<li>Co-editor and issue introduction with co-editors Jens Ruschatz and Alice Morin, Special Issue: &#8220;Re-thinking Photobooks,&#8221; Accepted for publication in <em>Word and Image,<\/em> Fall 2025.<\/li>\n<li>Section co-editor and issue foreword co-author with Jan Von Brevern, \u201cPhotography\u2019s Past Futures\u201d in <em>Getty Research Journal<\/em>\u00a0(No. 7, Spring 2015):<br \/>\n<a href=\"http:\/\/www.getty.edu\/research\/publications\/grj\/grj7\/\">http:\/\/www.getty.edu\/research\/publications\/grj\/grj7\/<\/a><\/li>\n<li>Co\u2013editor with Lynn Hunt, \u201cThe History Issue,\u201d <em>Journal of Visual Culture<\/em> (V. 9, no. 3, December 2010).\u00a0<a href=\"https:\/\/journals-sagepub-com.libproxy2.usc.edu\/toc\/vcua\/9\/3\">https:\/\/journals-sagepub-com.libproxy2.usc.edu\/toc\/vcua\/9\/3<\/a><\/li>\n<li>Co-editor with Christian Delage and Thierry Gervais, \u201cCaught in the Act: The History of Photojournalism,\u201d <em>Etudes Photographiques<\/em>. (No. 26, November 2011).\u00a0<a href=\"https:\/\/journals.openedition.org\/etudesphotographiques\/3105\">https:\/\/journals.openedition.org\/etudesphotographiques\/3105<\/a><\/li>\n<li>Co-editor with Phil Ethington, \u201cUrban Icons.\u201d <em>Urban History<\/em> v. 33, no. 1 (May 2006). Designed multi-media companion: <a href=\"http:\/\/journals.cambridge.org\/fulltext_content\/supplementary\/Urban_Icons\/index.htm\">www.journals.cambridge\/urbanicons<\/a><\/li>\n<\/ul>\n\n\n\n<\/div>\n\n\n  <\/div><\/div>\n\n\n\n\n  \n    \n\n\n\n\n\n\n<div\n  class=\"cc--component-container cc--rich-text \"\n\n  \n  \n  \n  \n  \n  \n  >\n  <div class=\"c--component c--rich-text\"\n    \n      >\n\n    \n      \n<div class=\"f--field f--wysiwyg\">\n\n    \n  <h1>Recent Articles &amp; Book Chapters<\/h1>\n<ul>\n<li>\u201c\u2018Creatures of their Times\u2019: Time-Life Books and the Informational Aesthetic.\u201d 25 pages, to appear in <em>Word and Image<\/em>, Fall 2025.<\/li>\n<li>\u201cLe bouclement du monde\u201d and \u201cTours du monde virtuels\u201d approx. 10,000 words in Rapha\u00ebl Pieroni and Jean-Fran\u00e7ois Staszak, eds. <em>La Manie des tours du Monde. <\/em>(Geneva: Lienart, 2025), 58-78 and 108-141. Catalog <a href=\"https:\/\/tickets.chateaudeprangins.ch\/fr\/product\/43743\">available for purchase here<\/a>.<\/li>\n<li>&#8220;Getaway Car&#8221; in Rapha\u00ebl Pieroni and Jean-Fran\u00e7ois Staszak, eds. <em>Voyages Enchant\u00e9s<\/em> (Geneva: Georg): 118-119. <a href=\"https:\/\/dornsife.usc.edu\/vanessaschwartz\/wp-content\/uploads\/sites\/197\/2024\/08\/Schwartz_Gateway-Car.pdf\">Read the essay here<\/a>.<\/li>\n<li>\u201cCirculation\u201d in Liz Siegel, editor, <em>Art Institute of Chicago Field Guide to Photography and Media<\/em> (Chicago: Polymode Studio, January 2023) 1000 words<\/li>\n<li>\u201cPourquoi Paris?\u201d and \u201cParis, Ville Ecran\u201d in Paini, Perrin and Robert, eds. <em>Vivement le cin\u00e9ma: Exposition, Mus\u00e9e d&#8217;Orsay. (<\/em>Paris: Reunion des Mus\u00e9es Nationaux, 2021); 1000 and 1500 words)<\/li>\n<li><strong>\u201c<\/strong>Fly with Me\u201d <em>Aeon, <\/em>September 14, 2020; <a href=\"https:\/\/aeon.co\/essays\/digital-culture-built-on-the-seamless-speed-of-the-jet-age\">https:\/\/aeon.co\/essays\/digital-culture-built-on-the-seamless-speed-of-the-jet-age<\/a><\/li>\n<li>\u201cPhotography and the Parisian Street\u201d in Paul Mellantin and Olga Osadtschy, eds. <em>Exposure Time<\/em> (Christoph Merian, Switzerland Kuntsmuseum, Basel, 2020)<\/li>\n<li>\u201cIs the Jet Age Over?\u201d <em>Journal of Visual Culture\/Harun Farouki Institute, March 30, 2020; https:\/\/www.harun-farocki-institut.org\/en\/2020\/03\/30\/is-the-jet-age-over-jvc-hafi-1\/<\/em><\/li>\n<li>\u201cVisual History: The Past in Pictures\u201d Co-Authored, with Daniela Bleichmar, <em>Representations 145<\/em> (Spring 2019):1-31.<\/li>\n<li>\u201cNetworks: Technology, Mobility and Mediation in Visual Culture\u201d in <em>American Art <\/em>(Summer 2017) v.31, n.2 104-109.<\/li>\n<li>\u201cLe Mus\u00e9e Gr\u00e9vin\u201d in <em>Dioramas<\/em> (Paris: Flammarion, 2017):50-60. (translation of earlier work)<\/li>\n<li>\u201cFarewell to a History Without a Past\u201d in Gustav Frank, ed. <em>Farewell to Visual Studies<\/em> (Stone Seminar 2011 Publication, London: Routledge, 2015) 3 pgs.<\/li>\n<li>\u201cLe XIX Si\u00e8cle au prisme du Visual Studies\u201d in <em>Revue d\u2019Histoire du XIX si\u00e8cle <\/em>49, n.2 2014:139-179.<\/li>\n<li>\u201cNew York in Color, 1953\u201d and \u201cIntroductions\u201d (with Jason Hill) in Hill and Schwartz, eds. <em>Getting the Picture: The Visual Culture of the News<\/em> (Bloomsbury, 2015)<\/li>\n<\/ul>\n\n\n\n<\/div>\n\n\n  <\/div><\/div>\n\n\n\n\n  \n    \n\n\n\n\n\n\n<div\n  class=\"cc--component-container cc--rich-text \"\n\n  \n  \n  \n  \n  \n  \n  >\n  <div class=\"c--component c--rich-text\"\n    \n      >\n\n    \n      \n<div class=\"f--field f--wysiwyg\">\n\n    \n  <h1>Recent Book &amp; Exhibition Reviews<\/h1>\n<ul>\n<li>Olaf Jubin, ed.<span class=\"apple-converted-space\">\u00a0<\/span><i>Paris and the Musical: The City of Light on Stage and Screen<\/i>. London: Routledge, 2021. x + 396 pp. Notes, photographs, and index. $136.00 U.S. (hb). ISBN 9781138611061; $39.16 U.S. (pb). ISBN 9781138611092; $39.16 U.S. (eb). ISBN 9780429465437.\u00a0<i>H-France Review<span class=\"apple-converted-space\">\u00a0<\/span><\/i>Vol. 23<\/li>\n<li><em>100 Years of French Vogue, <\/em>Exhibition and Catalogue Review, <em>Photographica<\/em> (Spring 2022)<\/li>\n<li>Dominique Kalifa, La V\u00e9ritable histoire de la \u201cBelle Epoque\u201d (Fayard: Paris, 2016) at\u00a0<em>La vie des id\u00e9es<\/em>\u00a0(publication of the Coll\u00e8ge de France); http:\/\/www.booksandideas.net\/What-s-in-a-Chrononyme.html<\/li>\n<li>Kim McNamara,\u00a0Paparazzi: Media Practices and Celebrity Culture\u00a0(London: Polity, 2016) Visual Studies 2017, April 25, 2017. Online.<\/li>\n<\/ul>\n\n\n\n<\/div>\n\n\n  <\/div><\/div>\n","protected":false},"excerpt":{"rendered":"","protected":false},"author":194,"featured_media":0,"parent":0,"menu_order":0,"comment_status":"closed","ping_status":"closed","template":"","meta":{"_acf_changed":false,"footnotes":""},"class_list":["post-153","page","type-page","status-publish","hentry"],"acf":[],"yoast_head":"<!-- This site is optimized with the Yoast SEO plugin v27.1.1 - https:\/\/yoast.com\/product\/yoast-seo-wordpress\/ -->\n<title>Publications - Vanessa R. Schwartz<\/title>\n<meta name=\"robots\" content=\"index, follow, max-snippet:-1, max-image-preview:large, max-video-preview:-1\" \/>\n<link rel=\"canonical\" href=\"https:\/\/dornsife.usc.edu\/vanessaschwartz\/publications\/\" \/>\n<meta property=\"og:locale\" content=\"en_US\" \/>\n<meta property=\"og:type\" content=\"article\" \/>\n<meta property=\"og:title\" content=\"Publications - Vanessa R. Schwartz\" \/>\n<meta property=\"og:url\" content=\"https:\/\/dornsife.usc.edu\/vanessaschwartz\/publications\/\" \/>\n<meta property=\"og:site_name\" content=\"Vanessa R. Schwartz\" \/>\n<meta property=\"article:modified_time\" content=\"2025-08-25T20:25:44+00:00\" \/>\n<meta name=\"twitter:card\" content=\"summary_large_image\" \/>\n<script type=\"application\/ld+json\" class=\"yoast-schema-graph\">{\"@context\":\"https:\/\/schema.org\",\"@graph\":[{\"@type\":\"WebPage\",\"@id\":\"https:\/\/dornsife.usc.edu\/vanessaschwartz\/publications\/\",\"url\":\"https:\/\/dornsife.usc.edu\/vanessaschwartz\/publications\/\",\"name\":\"Publications - Vanessa R. Schwartz\",\"isPartOf\":{\"@id\":\"https:\/\/dornsife.usc.edu\/vanessaschwartz\/#website\"},\"datePublished\":\"2023-05-26T23:45:37+00:00\",\"dateModified\":\"2025-08-25T20:25:44+00:00\",\"breadcrumb\":{\"@id\":\"https:\/\/dornsife.usc.edu\/vanessaschwartz\/publications\/#breadcrumb\"},\"inLanguage\":\"en-US\",\"potentialAction\":[{\"@type\":\"ReadAction\",\"target\":[\"https:\/\/dornsife.usc.edu\/vanessaschwartz\/publications\/\"]}]},{\"@type\":\"BreadcrumbList\",\"@id\":\"https:\/\/dornsife.usc.edu\/vanessaschwartz\/publications\/#breadcrumb\",\"itemListElement\":[{\"@type\":\"ListItem\",\"position\":1,\"name\":\"Home\",\"item\":\"https:\/\/dornsife.usc.edu\/vanessaschwartz\/\"},{\"@type\":\"ListItem\",\"position\":2,\"name\":\"Publications\"}]},{\"@type\":\"WebSite\",\"@id\":\"https:\/\/dornsife.usc.edu\/vanessaschwartz\/#website\",\"url\":\"https:\/\/dornsife.usc.edu\/vanessaschwartz\/\",\"name\":\"Vanessa R. Schwartz\",\"description\":\"USC Dornsife Vanessa R. Schwartz\",\"potentialAction\":[{\"@type\":\"SearchAction\",\"target\":{\"@type\":\"EntryPoint\",\"urlTemplate\":\"https:\/\/dornsife.usc.edu\/vanessaschwartz\/?s={search_term_string}\"},\"query-input\":{\"@type\":\"PropertyValueSpecification\",\"valueRequired\":true,\"valueName\":\"search_term_string\"}}],\"inLanguage\":\"en-US\"}]}<\/script>\n<!-- \/ Yoast SEO plugin. -->","yoast_head_json":{"title":"Publications - Vanessa R. Schwartz","robots":{"index":"index","follow":"follow","max-snippet":"max-snippet:-1","max-image-preview":"max-image-preview:large","max-video-preview":"max-video-preview:-1"},"canonical":"https:\/\/dornsife.usc.edu\/vanessaschwartz\/publications\/","og_locale":"en_US","og_type":"article","og_title":"Publications - Vanessa R. Schwartz","og_url":"https:\/\/dornsife.usc.edu\/vanessaschwartz\/publications\/","og_site_name":"Vanessa R. Schwartz","article_modified_time":"2025-08-25T20:25:44+00:00","twitter_card":"summary_large_image","schema":{"@context":"https:\/\/schema.org","@graph":[{"@type":"WebPage","@id":"https:\/\/dornsife.usc.edu\/vanessaschwartz\/publications\/","url":"https:\/\/dornsife.usc.edu\/vanessaschwartz\/publications\/","name":"Publications - Vanessa R. Schwartz","isPartOf":{"@id":"https:\/\/dornsife.usc.edu\/vanessaschwartz\/#website"},"datePublished":"2023-05-26T23:45:37+00:00","dateModified":"2025-08-25T20:25:44+00:00","breadcrumb":{"@id":"https:\/\/dornsife.usc.edu\/vanessaschwartz\/publications\/#breadcrumb"},"inLanguage":"en-US","potentialAction":[{"@type":"ReadAction","target":["https:\/\/dornsife.usc.edu\/vanessaschwartz\/publications\/"]}]},{"@type":"BreadcrumbList","@id":"https:\/\/dornsife.usc.edu\/vanessaschwartz\/publications\/#breadcrumb","itemListElement":[{"@type":"ListItem","position":1,"name":"Home","item":"https:\/\/dornsife.usc.edu\/vanessaschwartz\/"},{"@type":"ListItem","position":2,"name":"Publications"}]},{"@type":"WebSite","@id":"https:\/\/dornsife.usc.edu\/vanessaschwartz\/#website","url":"https:\/\/dornsife.usc.edu\/vanessaschwartz\/","name":"Vanessa R. Schwartz","description":"USC Dornsife Vanessa R. Schwartz","potentialAction":[{"@type":"SearchAction","target":{"@type":"EntryPoint","urlTemplate":"https:\/\/dornsife.usc.edu\/vanessaschwartz\/?s={search_term_string}"},"query-input":{"@type":"PropertyValueSpecification","valueRequired":true,"valueName":"search_term_string"}}],"inLanguage":"en-US"}]}},"_links":{"self":[{"href":"https:\/\/dornsife.usc.edu\/vanessaschwartz\/wp-json\/wp\/v2\/pages\/153","targetHints":{"allow":["GET"]}}],"collection":[{"href":"https:\/\/dornsife.usc.edu\/vanessaschwartz\/wp-json\/wp\/v2\/pages"}],"about":[{"href":"https:\/\/dornsife.usc.edu\/vanessaschwartz\/wp-json\/wp\/v2\/types\/page"}],"author":[{"embeddable":true,"href":"https:\/\/dornsife.usc.edu\/vanessaschwartz\/wp-json\/wp\/v2\/users\/194"}],"replies":[{"embeddable":true,"href":"https:\/\/dornsife.usc.edu\/vanessaschwartz\/wp-json\/wp\/v2\/comments?post=153"}],"version-history":[{"count":43,"href":"https:\/\/dornsife.usc.edu\/vanessaschwartz\/wp-json\/wp\/v2\/pages\/153\/revisions"}],"predecessor-version":[{"id":627,"href":"https:\/\/dornsife.usc.edu\/vanessaschwartz\/wp-json\/wp\/v2\/pages\/153\/revisions\/627"}],"wp:attachment":[{"href":"https:\/\/dornsife.usc.edu\/vanessaschwartz\/wp-json\/wp\/v2\/media?parent=153"}],"curies":[{"name":"wp","href":"https:\/\/api.w.org\/{rel}","templated":true}]}}