{"id":148,"date":"2023-12-08T14:15:06","date_gmt":"2023-12-08T22:15:06","guid":{"rendered":"https:\/\/live-usc-dornsife.pantheonsite.io\/predfield\/?page_id=148"},"modified":"2023-12-08T14:48:47","modified_gmt":"2023-12-08T22:48:47","slug":"publications","status":"publish","type":"page","link":"https:\/\/dornsife.usc.edu\/predfield\/publications\/","title":{"rendered":"Publications"},"content":{"rendered":"\n\n\n\n  \n    \n\n\n\n\n\n\n<div\n  class=\"cc--component-container cc--rich-text \"\n\n  \n  \n  \n  \n  \n  \n  >\n  <div class=\"c--component c--rich-text\"\n    \n      >\n\n    \n      \n<div class=\"f--field f--wysiwyg\">\n\n    \n  <p><img loading=\"lazy\" decoding=\"async\" class=\"aligncenter wp-image-174 size-full\" src=\"\/predfield\/wp-content\/uploads\/sites\/283\/2023\/09\/PR_Table_Mnt.jpg\" alt=\"\" width=\"1280\" height=\"960\" srcset=\"https:\/\/dornsife.usc.edu\/predfield\/wp-content\/uploads\/sites\/283\/2023\/09\/PR_Table_Mnt.jpg 1280w, https:\/\/dornsife.usc.edu\/predfield\/wp-content\/uploads\/sites\/283\/2023\/09\/PR_Table_Mnt-300x225.jpg 300w, https:\/\/dornsife.usc.edu\/predfield\/wp-content\/uploads\/sites\/283\/2023\/09\/PR_Table_Mnt-1024x768.jpg 1024w, https:\/\/dornsife.usc.edu\/predfield\/wp-content\/uploads\/sites\/283\/2023\/09\/PR_Table_Mnt-768x576.jpg 768w\" sizes=\"(max-width: 1280px) 100vw, 1280px\" \/><\/p>\n<p style=\"text-align: center;\"><em>(under construction)<\/em><\/p>\n<p>&nbsp;<\/p>\n<p>2022 \u201cShacktopia: The Meantime Future of Humanitarian Design.\u201d Special issue on \u201cCurious Utopias\u201d <em>Social Anthropology<\/em> 30: 2: 16-33.<\/p>\n<p>2021 \u201cWhen We Were Modern\u201d (Festschrift for Paul Rabinow) <em>HAU: Journal of Ethnographic Theory<\/em> 11 (2): 726\u2013730<\/p>\n<p>2020 <a href=\"https:\/\/culanth.org\/fieldsights\/the-danger-of-a-single-threat\">\u201cThe Danger of a Single Threat\u201d<\/a> Fieldsights, <em>Cultural Anthropology<\/em>. Editor\u2019s Forum Covid-19<\/p>\n<p>2019 \u201cThe Usefulness of Uncertain Critique.\u201d <em>A Time for Critique<\/em>, eds. Didier Fassin and Bernard Harcourt. Columbia University Press, 71-90.<\/p>\n<p>2018 \u201c<a href=\"https:\/\/limn.it\/on-band-aids-and-magic-bullets\/\">On Band-Aids and Magic Bullets<\/a>.\u201d <em>Limn<\/em> 9, Little Development Devices\/Humanitarian Goods. Edited by Stephen J. Collier, Jamie Cross, Peter Redfield and Alice Street.<\/p>\n<p>2018 \u201cBeyond Happy Endings.\u201d <em>The Global Health Reader<\/em>, Peter Brown and Svea Closser, eds., Oxford University Press, 314-323.<\/p>\n<p>2018 &#8220;<a href=\"https:\/\/culanth.org\/fieldsights\/1357-intervention%20\">Intervention<\/a>.&#8221; Theorizing the Contemporary, collection \u201cKeywords for Ethnography and Design\u201d, Fieldsights, Cultural Anthropology website, March 29, 2018.<\/p>\n<p>2016 (with Steven Robins) \u201cAn Index of Waste: Humanitarian Design, \u2018Dignified Living\u2019 and the Politics of Infrastructure in Cape Town.\u201d <em>Anthropology of Southern Africa<\/em>, 39: 2: 145-162.<\/p>\n<p>2016 \u201cFluid Technologies: The Bush Pump, the LifeStraw\u00ae and Microworlds of Humanitarian Design.\u201d <em>Social Studies of Science<\/em>, 46(2): 159\u2013183.<\/p>\n<p>2016 \u201cDoctors Without Borders and the Global Emergency.\u201d <em>Vital Signs: Medical Anthropology in the 21st Century<\/em>, L. Manderson, A. Hardon and E. Cartwright, eds. NY: Routledge, 359-363.<\/p>\n<p>2016 &#8220;Imagined Immunities\u201d Commentary for theme issue on Clinic in Crisis. <em>Culture, Medicine and Psychiatry<\/em>.<\/p>\n<p>2015 \u201c\u201cA Measured Good\u201d.\u201d <em>Medical Humanitarianism: Ethnographies of Practice<\/em> (S. Abramowitz and C. Panter-Brick, eds.) University of Pennsylvania Press, 2015, 242-251.<\/p>\n<p>2015 (with Emma Kowal et al). \u201cThe Open Question: Medical Anthropology and Open Access.\u201d <em>Medicine, Anthropology and Theory<\/em> 2, no. 1: 75\u201394.<\/p>\n<p>2015 \u201c<a href=\"https:\/\/dornsife.usc.edu\/(http:\/somatosphere.net\/forumpost\/shadow-stories\">Shadow Stories<\/a>\u201d <em>Somatosphere<\/em> Film Forum on <em>In the Shadow of Ebola<\/em><\/p>\n<p>2015 \u201c<a href=\"http:\/\/somatosphere.net\/forumpost\/modernity-as-a-fragile-milieu\">Modernity as a Fragile Milieu<\/a>\u201d Invited contribution to <em>Somatosphere<\/em> Book Forum on Richard Keller\u2019s <em>Fatal Isolation<\/em><\/p>\n<p>2014 \u201c<a href=\"http:\/\/limn.it\/medical-vulnerability-or-where-there-is-no-kit\/\">Medical Vulnerability, or Where There Is No Kit<\/a>.\u201d <em>Limn<\/em>, issue 5 (Ebola\u2019s Ecologies)<\/p>\n<p>2014 \u201cTriage sans fronti\u00e8res.\u201d <em>La m\u00e9decine du tri: Histoire, \u00e9thique, anthropologie<\/em> (G. Lachenal , C. Lef\u00e8vre, and V.K. Nguyen, eds.) Presses Universitaires de France. 81-102.<\/p>\n<p>2014 Entry for \u201c<a href=\"http:\/\/somatosphere.net\/2014\/02\/human.html\">Human<\/a>\u201d in Commonplaces project, <em>Somatosphere<\/em><\/p>\n<p>2013 \u201cContact\/Access: Provocation.\u201d FieldSights, Cultural Anthropology.<\/p>\n<p>2013 \u201cEyes Wide Shut in Transnational Science and Aid.\u201d Comment on \u201cPublic Secrets in Public Health: Knowing Not to Know While Making Scientific Knowledge\u201d (Geissler) <em>American Ethnologist,<\/em> 40: 1: 35-37.<\/p>\n<p>2013 <a href=\"https:\/\/www.ucpress.edu\/book\/9780520274853\/life-in-crisis\"><em>Life in Crisis: The Ethical Journey of Doctors Without Borders<\/em><\/a>. Berkeley: University of California Press.<\/p>\n<p>2012 \u201cSleeping Sickness and the Limits of \u2018Biological Citizenship\u2019\u201d In W.Geissler, R. Rottenburg and J. Zenker, eds. <em>Rethinking Biomedicine and Governance in Africa<\/em>. (Transcript), 229-249.<\/p>\n<p>2012 \u201cHumanitarianism.\u201d In <em>A Companion to Moral Anthropology<\/em> (D. Fassin, ed.) Malden, MA: Blackwell, 451-467.<\/p>\n<p>2012 \u201cThe Unbearable Lightness of Expats: Double Binds of Humanitarian Mobility\u201d <em>Cultural Anthropology<\/em> 27: 2 (May): 358-382.<\/p>\n<p>2012 \u201cBioexpectations: Life Technologies as Humanitarian Goods.\u201d <em>Public Culture<\/em> 24: 1 (Feb): 157-184.<\/p>\n<p>2012 \u201cSecular Humanitarianism and Sacred Life.\u201d <em>What Matters? Ethnographies of Value in a (Not So) Secular Age<\/em>. (C. Bender and A. Taves, eds.). SSRC\/Columbia University Press, 144-178.<\/p>\n<p>2011 \u201cCleaning Up the Cold War: Global Humanitarianism and the Infrastructure of Crisis Response.\u201d In Gabrielle Hecht, ed., <em>Entangled Geographies: Empire and Technopolitics in the Global Cold War<\/em> (MIT Press), 267-291.<\/p>\n<p>2011 \u201cThe Impossible Problem of Neutrality.\u201d <em>Forces of Compassion: Humanitarianism Between Ethics and Politics<\/em>. (Redfield &amp; Bornstein, eds.) SAR Press, Advanced Seminar Series, 53-70.<\/p>\n<p>2011 (co-edited with Erica Bornstein). <a href=\"https:\/\/sarweb.org\/forces-of-compassion\/\"><em>Forces of Compassion: Humanitarianism Between Ethics and Politics<\/em><\/a>. Santa Fe: SAR Press, Advanced Seminar Series.<\/p>\n<p>2010 \u201cThe Verge of Crisis: Doctors Without Borders in Uganda.\u201d In <em>Contemporary States of Emergency: The Politics of Military and Humanitarian Interventions<\/em> (D. Fassin and M. Pandolfi, eds.), Zone Books. 173-195.<\/p>\n<p>2009 (with Ed Rackley) \u201cThe Explosive Remnants of War.\u201d In <em>Catastrophe: Law, Politics, and the Humanitarian Impulse<\/em> (A. Sarat and J. Lezaun, eds.) University of Massachusetts Press, 212-235.<\/p>\n<p>2008 \u201cVital Mobility and the Humanitarian Kit.\u201d In A. Lakoff and S. Collier, eds. <em>Biosecurity Interventions: Global Health and Security in Question<\/em>. NY: Columbia University Press, 147-171.<\/p>\n<p>2008 \u201cSacrifice, Triage and Global Humanitarianism.\u201d In M. Barnett and T. Weiss eds. <em>Humanitarianism in Question: Politics, Power, Ethics<\/em>. Ithaca: Cornell University Press, 196-214.<\/p>\n<p>2008 \u201cDoctors Without Borders and the Moral Economy of Pharmaceuticals.\u201d In A. Bullard, ed., <em>Human Rights in Crisis<\/em>, Aldershot, UK: Ashgate Press, pp. 129-144.<\/p>\n<p>2006 \u201cA Less Modest Witness: Collective Advocacy and Motivated Truth in a Medical Humanitarian Movement\u201d <em>American Ethnologist<\/em>, 33: 1 (Feb 2006): 3-26.<\/p>\n<p>2005 \u201cDoctors, Borders and Life in Crisis\u201d <em>Cultural Anthropology<\/em>, 20:3 (Aug 2005): 328-361. Winner of the 2006 Cultural Horizons Prize, Society for Cultural Anthropology.<\/p>\n<p>2005 \u201cFoucault in the Tropics: Displacing the Panopticon\u201d Jonathan Xavier Inda, ed. <em>Foucault and the Anthropology of Modernity<\/em>. Blackwell Books, 50-79.<\/p>\n<p>2005 \u201cBiting the Hand that Feeds You.\u201d <em>My Sweet La Mancha.<\/em>\u00a0Geneva: MSF International, 85-89.<\/p>\n<p>2004 \u201cA Few of His Favorite Things.\u201d Review of My Cocaine Museum (Taussig), <em>Anthropological Quarterly<\/em>, featured new release section, 77:2: 355-363.<\/p>\n<p>2003 (with Silvia Tom\u00e1\u0161kov\u00e1) \u201cThe Exile of Anthropology.\u201d In Rebecca Saunders, ed. <em>The Concept of the Foreign<\/em>. Lexington Books (Rowman &amp; Littlefield), 71-90.<\/p>\n<p>2002 \u201cThe Half-Life of Empire in Outer Space.\u201d <em>Social Studies of Science<\/em> (special issue on \u201cPostcolonial Technoscience,\u201d co-edited by Warwick Anderson and Gabrielle Hecht). 32: 6 (Dec.): 791-825.<\/p>\n<p>2000 <a href=\"https:\/\/www.ucpress.edu\/book\/9780520219854\/space-in-the-tropics\"><em>Space in the Tropics: From Convicts to Rockets in French Guiana<\/em><\/a>. University of California Press.<\/p>\n<p>1996 \u201cBeneath a Modern Sky: Space Technology and its Place on the Ground.\u201d <em>Science, Technology and Human Values<\/em>, 21: 3 (June): 251-274.<\/p>\n<p>1992 \u201cRemembering the Revolution, Forgetting the Empire: Notes after the French Bicentennial.\u201d <em>Visual Anthropology Review<\/em>, 8:2: 58-75.<\/p>\n\n\n\n<\/div>\n\n\n  <\/div><\/div>\n","protected":false},"excerpt":{"rendered":"","protected":false},"author":277,"featured_media":203,"parent":0,"menu_order":0,"comment_status":"closed","ping_status":"closed","template":"","meta":{"_acf_changed":false,"footnotes":""},"class_list":["post-148","page","type-page","status-publish","has-post-thumbnail","hentry"],"acf":[],"yoast_head":"<!-- This site is optimized with the Yoast SEO plugin v27.1.1 - https:\/\/yoast.com\/product\/yoast-seo-wordpress\/ -->\n<title>Publications - Peter Redfield \u2014 a minimalist website west<\/title>\n<meta name=\"robots\" content=\"index, follow, max-snippet:-1, max-image-preview:large, max-video-preview:-1\" \/>\n<link rel=\"canonical\" href=\"https:\/\/dornsife.usc.edu\/predfield\/publications\/\" \/>\n<meta property=\"og:locale\" content=\"en_US\" \/>\n<meta property=\"og:type\" content=\"article\" \/>\n<meta property=\"og:title\" content=\"Publications - Peter Redfield \u2014 a minimalist website west\" \/>\n<meta property=\"og:url\" content=\"https:\/\/dornsife.usc.edu\/predfield\/publications\/\" \/>\n<meta property=\"og:site_name\" content=\"Peter Redfield \u2014 a minimalist website west\" \/>\n<meta property=\"article:modified_time\" content=\"2023-12-08T22:48:47+00:00\" \/>\n<meta property=\"og:image\" content=\"https:\/\/dornsife.usc.edu\/predfield\/wp-content\/uploads\/sites\/283\/2023\/12\/snow-2000x1150-1.jpg\" \/>\n\t<meta property=\"og:image:width\" content=\"2000\" \/>\n\t<meta property=\"og:image:height\" content=\"1150\" \/>\n\t<meta property=\"og:image:type\" content=\"image\/jpeg\" \/>\n<meta name=\"twitter:card\" content=\"summary_large_image\" \/>\n<script type=\"application\/ld+json\" class=\"yoast-schema-graph\">{\"@context\":\"https:\/\/schema.org\",\"@graph\":[{\"@type\":\"WebPage\",\"@id\":\"https:\/\/dornsife.usc.edu\/predfield\/publications\/\",\"url\":\"https:\/\/dornsife.usc.edu\/predfield\/publications\/\",\"name\":\"Publications - Peter Redfield \u2014 a minimalist website west\",\"isPartOf\":{\"@id\":\"https:\/\/dornsife.usc.edu\/predfield\/#website\"},\"primaryImageOfPage\":{\"@id\":\"https:\/\/dornsife.usc.edu\/predfield\/publications\/#primaryimage\"},\"image\":{\"@id\":\"https:\/\/dornsife.usc.edu\/predfield\/publications\/#primaryimage\"},\"thumbnailUrl\":\"https:\/\/dornsife.usc.edu\/predfield\/wp-content\/uploads\/sites\/283\/2023\/12\/snow-2000x1150-1.jpg\",\"datePublished\":\"2023-12-08T22:15:06+00:00\",\"dateModified\":\"2023-12-08T22:48:47+00:00\",\"breadcrumb\":{\"@id\":\"https:\/\/dornsife.usc.edu\/predfield\/publications\/#breadcrumb\"},\"inLanguage\":\"en-US\",\"potentialAction\":[{\"@type\":\"ReadAction\",\"target\":[\"https:\/\/dornsife.usc.edu\/predfield\/publications\/\"]}]},{\"@type\":\"ImageObject\",\"inLanguage\":\"en-US\",\"@id\":\"https:\/\/dornsife.usc.edu\/predfield\/publications\/#primaryimage\",\"url\":\"https:\/\/dornsife.usc.edu\/predfield\/wp-content\/uploads\/sites\/283\/2023\/12\/snow-2000x1150-1.jpg\",\"contentUrl\":\"https:\/\/dornsife.usc.edu\/predfield\/wp-content\/uploads\/sites\/283\/2023\/12\/snow-2000x1150-1.jpg\",\"width\":2000,\"height\":1150,\"caption\":\"Snow and rocks\"},{\"@type\":\"BreadcrumbList\",\"@id\":\"https:\/\/dornsife.usc.edu\/predfield\/publications\/#breadcrumb\",\"itemListElement\":[{\"@type\":\"ListItem\",\"position\":1,\"name\":\"Home\",\"item\":\"https:\/\/dornsife.usc.edu\/predfield\/\"},{\"@type\":\"ListItem\",\"position\":2,\"name\":\"Publications\"}]},{\"@type\":\"WebSite\",\"@id\":\"https:\/\/dornsife.usc.edu\/predfield\/#website\",\"url\":\"https:\/\/dornsife.usc.edu\/predfield\/\",\"name\":\"Peter Redfield \u2014 a minimalist website west\",\"description\":\"USC Dornsife Peter Redfield \u2014 a minimalist website west\",\"potentialAction\":[{\"@type\":\"SearchAction\",\"target\":{\"@type\":\"EntryPoint\",\"urlTemplate\":\"https:\/\/dornsife.usc.edu\/predfield\/?s={search_term_string}\"},\"query-input\":{\"@type\":\"PropertyValueSpecification\",\"valueRequired\":true,\"valueName\":\"search_term_string\"}}],\"inLanguage\":\"en-US\"}]}<\/script>\n<!-- \/ Yoast SEO plugin. -->","yoast_head_json":{"title":"Publications - Peter Redfield \u2014 a minimalist website west","robots":{"index":"index","follow":"follow","max-snippet":"max-snippet:-1","max-image-preview":"max-image-preview:large","max-video-preview":"max-video-preview:-1"},"canonical":"https:\/\/dornsife.usc.edu\/predfield\/publications\/","og_locale":"en_US","og_type":"article","og_title":"Publications - Peter Redfield \u2014 a minimalist website west","og_url":"https:\/\/dornsife.usc.edu\/predfield\/publications\/","og_site_name":"Peter Redfield \u2014 a minimalist website west","article_modified_time":"2023-12-08T22:48:47+00:00","og_image":[{"width":2000,"height":1150,"url":"https:\/\/dornsife.usc.edu\/predfield\/wp-content\/uploads\/sites\/283\/2023\/12\/snow-2000x1150-1.jpg","type":"image\/jpeg"}],"twitter_card":"summary_large_image","schema":{"@context":"https:\/\/schema.org","@graph":[{"@type":"WebPage","@id":"https:\/\/dornsife.usc.edu\/predfield\/publications\/","url":"https:\/\/dornsife.usc.edu\/predfield\/publications\/","name":"Publications - Peter Redfield \u2014 a minimalist website west","isPartOf":{"@id":"https:\/\/dornsife.usc.edu\/predfield\/#website"},"primaryImageOfPage":{"@id":"https:\/\/dornsife.usc.edu\/predfield\/publications\/#primaryimage"},"image":{"@id":"https:\/\/dornsife.usc.edu\/predfield\/publications\/#primaryimage"},"thumbnailUrl":"https:\/\/dornsife.usc.edu\/predfield\/wp-content\/uploads\/sites\/283\/2023\/12\/snow-2000x1150-1.jpg","datePublished":"2023-12-08T22:15:06+00:00","dateModified":"2023-12-08T22:48:47+00:00","breadcrumb":{"@id":"https:\/\/dornsife.usc.edu\/predfield\/publications\/#breadcrumb"},"inLanguage":"en-US","potentialAction":[{"@type":"ReadAction","target":["https:\/\/dornsife.usc.edu\/predfield\/publications\/"]}]},{"@type":"ImageObject","inLanguage":"en-US","@id":"https:\/\/dornsife.usc.edu\/predfield\/publications\/#primaryimage","url":"https:\/\/dornsife.usc.edu\/predfield\/wp-content\/uploads\/sites\/283\/2023\/12\/snow-2000x1150-1.jpg","contentUrl":"https:\/\/dornsife.usc.edu\/predfield\/wp-content\/uploads\/sites\/283\/2023\/12\/snow-2000x1150-1.jpg","width":2000,"height":1150,"caption":"Snow and rocks"},{"@type":"BreadcrumbList","@id":"https:\/\/dornsife.usc.edu\/predfield\/publications\/#breadcrumb","itemListElement":[{"@type":"ListItem","position":1,"name":"Home","item":"https:\/\/dornsife.usc.edu\/predfield\/"},{"@type":"ListItem","position":2,"name":"Publications"}]},{"@type":"WebSite","@id":"https:\/\/dornsife.usc.edu\/predfield\/#website","url":"https:\/\/dornsife.usc.edu\/predfield\/","name":"Peter Redfield \u2014 a minimalist website west","description":"USC Dornsife Peter Redfield \u2014 a minimalist website west","potentialAction":[{"@type":"SearchAction","target":{"@type":"EntryPoint","urlTemplate":"https:\/\/dornsife.usc.edu\/predfield\/?s={search_term_string}"},"query-input":{"@type":"PropertyValueSpecification","valueRequired":true,"valueName":"search_term_string"}}],"inLanguage":"en-US"}]}},"_links":{"self":[{"href":"https:\/\/dornsife.usc.edu\/predfield\/wp-json\/wp\/v2\/pages\/148","targetHints":{"allow":["GET"]}}],"collection":[{"href":"https:\/\/dornsife.usc.edu\/predfield\/wp-json\/wp\/v2\/pages"}],"about":[{"href":"https:\/\/dornsife.usc.edu\/predfield\/wp-json\/wp\/v2\/types\/page"}],"author":[{"embeddable":true,"href":"https:\/\/dornsife.usc.edu\/predfield\/wp-json\/wp\/v2\/users\/277"}],"replies":[{"embeddable":true,"href":"https:\/\/dornsife.usc.edu\/predfield\/wp-json\/wp\/v2\/comments?post=148"}],"version-history":[{"count":10,"href":"https:\/\/dornsife.usc.edu\/predfield\/wp-json\/wp\/v2\/pages\/148\/revisions"}],"predecessor-version":[{"id":216,"href":"https:\/\/dornsife.usc.edu\/predfield\/wp-json\/wp\/v2\/pages\/148\/revisions\/216"}],"wp:featuredmedia":[{"embeddable":true,"href":"https:\/\/dornsife.usc.edu\/predfield\/wp-json\/wp\/v2\/media\/203"}],"wp:attachment":[{"href":"https:\/\/dornsife.usc.edu\/predfield\/wp-json\/wp\/v2\/media?parent=148"}],"curies":[{"name":"wp","href":"https:\/\/api.w.org\/{rel}","templated":true}]}}