{"id":360,"date":"2023-02-14T17:53:53","date_gmt":"2023-02-14T17:53:53","guid":{"rendered":"https:\/\/dornsife.usc.edu\/overseas-studies\/?page_id=360"},"modified":"2025-06-10T19:12:13","modified_gmt":"2025-06-10T19:12:13","slug":"information-for-families","status":"publish","type":"page","link":"https:\/\/dornsife.usc.edu\/overseas-studies\/information-for-families\/","title":{"rendered":"Information for Families"},"content":{"rendered":"\n\n  \n    \n\n\n\n\n\n\n<div\n  class=\"cc--component-container cc--rich-text \"\n\n  \n  \n  \n  \n  \n  \n  >\n  <div class=\"c--component c--rich-text\"\n    \n      >\n\n    \n      \n<div class=\"f--field f--wysiwyg\">\n\n    \n  <h3>What Parents Need to Know<\/h3>\n<p>A student who decides to study abroad is about to embark on a life-changing experience. This will be a great time of independence and personal growth for your student, in part as the result of taking on some important responsibilities.\u00a0 At the same time, it is important to provide emotional support as your student prepares for and embarks on this once-in-a-lifetime experience. The links below give a list of some of the responsibilities that they will take on as part of the study abroad experience.<\/p>\n<p><a href=\"https:\/\/dornsife.usc.edu\/overseas-studies\/information-for-parents\/\"><strong>Information for Parents<\/strong><\/a><\/p>\n<p>&nbsp;<\/p>\n<h3>Lo que los padres necesitan saber<\/h3>\n<p>El alumno que decide estudiar en el extranjero est\u00e1 a punto de embarcar en una experiencia que cambiar\u00e1 su vida. Este ser\u00e1 un momento de independencia y crecimiento personal de su hijo o hija, en parte como resultado de asumir importantes responsabilidades. Es importante proporcionar apoyo emocional a su estudiante mientras este se prepara para emprender esta experiencia \u00fanica. Los enlaces a continuaci\u00f3n dar\u00e1n una lista de algunas de las responsabilidades que su hijo o hija tendr\u00e1 que asumir como parte de la experiencia de estudiar en el extranjero.<\/p>\n<p><strong><a href=\"https:\/\/dornsife.usc.edu\/overseas-studies\/informacion-para-padres\/\">Informaci\u00f3n para padres<\/a><\/strong><\/p>\n<p>&nbsp;<\/p>\n<h3>\u7236\u6bcd\u6ce8\u610f\u4e8b\u9805<strong><br \/>\n<\/strong><\/h3>\n<p>\u5c0d\u65bc\u90a3\u4e9b\u6c7a\u5b9a\u8981\u51fa\u570b\u7684\u5b78\u751f\u4f86\u8aaa\uff0c\u4ed6\u5011\u5373\u5c07\u5c55\u958b\u7684\u662f\u4e00\u6bb5\u80fd\u6539\u8b8a\u751f\u547d\u7684\u9ad4\u9a57\u3002\u60a8\u7684\u5152\u5973\u5c07\u85c9\u7531\u627f\u64d4\u8cac\u4efb\u7684\u904e\u7a0b\uff0c\u53bb\u5b78\u7fd2\u7368\u7acb\u4ee5\u53ca\u6210\u9577\u3002\u540c\u6642\uff0c\u5728\u5b78\u751f\u6e96\u5099\u8981\u5c55\u958b\u9019\u6bb5\u5343\u8f09\u96e3\u9022\u7684\u7d93\u9a57\u6642\uff0c\u63d0\u4f9b\u4ed6\u5011\u7cbe\u795e\u4e0a\u7684\u652f\u6301\u662f\u5f88\u91cd\u8981\u7684\u3002\u8acb\u9ede\u9078\u4ee5\u4e0b\u7684\u9023\u7d50\u53c3\u8003\u60a8\u7684\u5152\u5973\u5728\u51fa\u570b\u7559\u5b78\u6642\u6240\u8981\u627f\u64d4\u7684\u8cac\u4efb\u53ca\u7fa9\u52d9\u3002<\/p>\n<p><span style=\"text-decoration: underline\"><strong><a href=\"https:\/\/dornsife.usc.edu\/overseas-studies\/%e7%b5%a6%e5%ae%b6%e9%95%b7%e7%9a%84%e8%b3%87%e8%a8%8a\/\" target=\"_blank\" rel=\"noopener\">\u7d66\u5bb6\u9577\u7684\u8cc7\u8a0a<\/a><\/strong><\/span><\/p>\n\n\n\n<\/div>\n\n\n  <\/div><\/div>\n\n\n  \n    \n\n\n\n\n\n\n<div\n  class=\"cc--component-container cc--spacer \"\n\n  \n  \n  \n  \n  \n  \n  >\n  <div class=\"c--component c--spacer\"\n    \n      >\n\n    \n\n  <\/div><\/div>\n","protected":false},"excerpt":{"rendered":"","protected":false},"author":55,"featured_media":0,"parent":0,"menu_order":0,"comment_status":"closed","ping_status":"closed","template":"","meta":{"_acf_changed":false,"footnotes":""},"class_list":["post-360","page","type-page","status-publish","hentry"],"acf":[],"yoast_head":"<!-- This site is optimized with the Yoast SEO plugin v27.1.1 - https:\/\/yoast.com\/product\/yoast-seo-wordpress\/ -->\n<title>Information for Families - Office of Overseas Studies<\/title>\n<meta name=\"robots\" content=\"index, follow, max-snippet:-1, max-image-preview:large, max-video-preview:-1\" \/>\n<link rel=\"canonical\" href=\"https:\/\/dornsife.usc.edu\/overseas-studies\/information-for-families\/\" \/>\n<meta property=\"og:locale\" content=\"en_US\" \/>\n<meta property=\"og:type\" content=\"article\" \/>\n<meta property=\"og:title\" content=\"Information for Families - Office of Overseas Studies\" \/>\n<meta property=\"og:url\" content=\"https:\/\/dornsife.usc.edu\/overseas-studies\/information-for-families\/\" \/>\n<meta property=\"og:site_name\" content=\"Office of Overseas Studies\" \/>\n<meta property=\"article:modified_time\" content=\"2025-06-10T19:12:13+00:00\" \/>\n<meta name=\"twitter:card\" content=\"summary_large_image\" \/>\n<script type=\"application\/ld+json\" class=\"yoast-schema-graph\">{\"@context\":\"https:\/\/schema.org\",\"@graph\":[{\"@type\":\"WebPage\",\"@id\":\"https:\/\/dornsife.usc.edu\/overseas-studies\/information-for-families\/\",\"url\":\"https:\/\/dornsife.usc.edu\/overseas-studies\/information-for-families\/\",\"name\":\"Information for Families - Office of Overseas Studies\",\"isPartOf\":{\"@id\":\"https:\/\/live-usc-dornsife.pantheonsite.io\/overseas-studies\/#website\"},\"datePublished\":\"2023-02-14T17:53:53+00:00\",\"dateModified\":\"2025-06-10T19:12:13+00:00\",\"breadcrumb\":{\"@id\":\"https:\/\/dornsife.usc.edu\/overseas-studies\/information-for-families\/#breadcrumb\"},\"inLanguage\":\"en-US\",\"potentialAction\":[{\"@type\":\"ReadAction\",\"target\":[\"https:\/\/dornsife.usc.edu\/overseas-studies\/information-for-families\/\"]}]},{\"@type\":\"BreadcrumbList\",\"@id\":\"https:\/\/dornsife.usc.edu\/overseas-studies\/information-for-families\/#breadcrumb\",\"itemListElement\":[{\"@type\":\"ListItem\",\"position\":1,\"name\":\"Home\",\"item\":\"https:\/\/dornsife.usc.edu\/overseas-studies\/\"},{\"@type\":\"ListItem\",\"position\":2,\"name\":\"Information for Families\"}]},{\"@type\":\"WebSite\",\"@id\":\"https:\/\/live-usc-dornsife.pantheonsite.io\/overseas-studies\/#website\",\"url\":\"https:\/\/live-usc-dornsife.pantheonsite.io\/overseas-studies\/\",\"name\":\"Office of Overseas Studies\",\"description\":\"USC Dornsife Office of Overseas Studies\",\"potentialAction\":[{\"@type\":\"SearchAction\",\"target\":{\"@type\":\"EntryPoint\",\"urlTemplate\":\"https:\/\/live-usc-dornsife.pantheonsite.io\/overseas-studies\/?s={search_term_string}\"},\"query-input\":{\"@type\":\"PropertyValueSpecification\",\"valueRequired\":true,\"valueName\":\"search_term_string\"}}],\"inLanguage\":\"en-US\"}]}<\/script>\n<!-- \/ Yoast SEO plugin. -->","yoast_head_json":{"title":"Information for Families - Office of Overseas Studies","robots":{"index":"index","follow":"follow","max-snippet":"max-snippet:-1","max-image-preview":"max-image-preview:large","max-video-preview":"max-video-preview:-1"},"canonical":"https:\/\/dornsife.usc.edu\/overseas-studies\/information-for-families\/","og_locale":"en_US","og_type":"article","og_title":"Information for Families - Office of Overseas Studies","og_url":"https:\/\/dornsife.usc.edu\/overseas-studies\/information-for-families\/","og_site_name":"Office of Overseas Studies","article_modified_time":"2025-06-10T19:12:13+00:00","twitter_card":"summary_large_image","schema":{"@context":"https:\/\/schema.org","@graph":[{"@type":"WebPage","@id":"https:\/\/dornsife.usc.edu\/overseas-studies\/information-for-families\/","url":"https:\/\/dornsife.usc.edu\/overseas-studies\/information-for-families\/","name":"Information for Families - Office of Overseas Studies","isPartOf":{"@id":"https:\/\/live-usc-dornsife.pantheonsite.io\/overseas-studies\/#website"},"datePublished":"2023-02-14T17:53:53+00:00","dateModified":"2025-06-10T19:12:13+00:00","breadcrumb":{"@id":"https:\/\/dornsife.usc.edu\/overseas-studies\/information-for-families\/#breadcrumb"},"inLanguage":"en-US","potentialAction":[{"@type":"ReadAction","target":["https:\/\/dornsife.usc.edu\/overseas-studies\/information-for-families\/"]}]},{"@type":"BreadcrumbList","@id":"https:\/\/dornsife.usc.edu\/overseas-studies\/information-for-families\/#breadcrumb","itemListElement":[{"@type":"ListItem","position":1,"name":"Home","item":"https:\/\/dornsife.usc.edu\/overseas-studies\/"},{"@type":"ListItem","position":2,"name":"Information for Families"}]},{"@type":"WebSite","@id":"https:\/\/live-usc-dornsife.pantheonsite.io\/overseas-studies\/#website","url":"https:\/\/live-usc-dornsife.pantheonsite.io\/overseas-studies\/","name":"Office of Overseas Studies","description":"USC Dornsife Office of Overseas Studies","potentialAction":[{"@type":"SearchAction","target":{"@type":"EntryPoint","urlTemplate":"https:\/\/live-usc-dornsife.pantheonsite.io\/overseas-studies\/?s={search_term_string}"},"query-input":{"@type":"PropertyValueSpecification","valueRequired":true,"valueName":"search_term_string"}}],"inLanguage":"en-US"}]}},"_links":{"self":[{"href":"https:\/\/dornsife.usc.edu\/overseas-studies\/wp-json\/wp\/v2\/pages\/360","targetHints":{"allow":["GET"]}}],"collection":[{"href":"https:\/\/dornsife.usc.edu\/overseas-studies\/wp-json\/wp\/v2\/pages"}],"about":[{"href":"https:\/\/dornsife.usc.edu\/overseas-studies\/wp-json\/wp\/v2\/types\/page"}],"author":[{"embeddable":true,"href":"https:\/\/dornsife.usc.edu\/overseas-studies\/wp-json\/wp\/v2\/users\/55"}],"replies":[{"embeddable":true,"href":"https:\/\/dornsife.usc.edu\/overseas-studies\/wp-json\/wp\/v2\/comments?post=360"}],"version-history":[{"count":16,"href":"https:\/\/dornsife.usc.edu\/overseas-studies\/wp-json\/wp\/v2\/pages\/360\/revisions"}],"predecessor-version":[{"id":6161,"href":"https:\/\/dornsife.usc.edu\/overseas-studies\/wp-json\/wp\/v2\/pages\/360\/revisions\/6161"}],"wp:attachment":[{"href":"https:\/\/dornsife.usc.edu\/overseas-studies\/wp-json\/wp\/v2\/media?parent=360"}],"curies":[{"name":"wp","href":"https:\/\/api.w.org\/{rel}","templated":true}]}}