{"id":1596,"date":"2023-03-28T02:40:13","date_gmt":"2023-03-28T02:40:13","guid":{"rendered":"https:\/\/dornsife.usc.edu\/overseas-studies\/?page_id=1596"},"modified":"2025-06-10T19:27:19","modified_gmt":"2025-06-10T19:27:19","slug":"informacion-para-padres","status":"publish","type":"page","link":"https:\/\/dornsife.usc.edu\/overseas-studies\/informacion-para-padres\/","title":{"rendered":"Informaci\u00f3n para padres"},"content":{"rendered":"\n\n  \n    \n\n\n\n\n\n\n<div\n  class=\"cc--component-container cc--rich-text \"\n\n  \n  \n  \n  \n  \n  \n  >\n  <div class=\"c--component c--rich-text\"\n    \n      >\n\n    \n      \n<div class=\"f--field f--wysiwyg\">\n\n    \n  <h3>Preparaci\u00f3n antes del viaje<\/h3>\n<p><strong>1. Documentos de viaje:<\/strong><\/p>\n<p><strong><span style=\"text-decoration: underline\">Pasaportes:<\/span><\/strong><\/p>\n<ul>\n<li>Como el pasaporte de su hijo o hija puede estar en su poder, usted puede ayudar a verificar la fecha de vencimiento, ya que algunos pa\u00edses exigen que los visitantes tengan un pasaporte con una vigencia m\u00ednima de 6 meses posteriores a la fecha de salida del pa\u00eds.<\/li>\n<li>Si su hijo o hija solicitar\u00e1 un pasaporte por primera vez, ser\u00e1 necesario presentar el certificado de nacimiento oficial o el acta resumida de nacimiento para el tr\u00e1mite.<\/li>\n<li>Los residentes permanentes de Estados Unidos deber\u00e1n contar con su tarjeta de residente permanente vigente y un pasaporte v\u00e1lido de su pa\u00eds de ciudadan\u00eda.<\/li>\n<li>Tambi\u00e9n usted debe contar con un pasaporte v\u00e1lido en caso de una emergencia.<\/li>\n<\/ul>\n<p><strong><span style=\"text-decoration: underline\">Visas de estudiante:<\/span><\/strong><\/p>\n<ul>\n<li>Para estancias superiores a 90 d\u00edas en la mayor\u00eda de los pa\u00edses, se requiere una visa de estudiante. El personal de USC, del programa patrocinador o el personal universitario en el extranjero pueden ofrecer orientaci\u00f3n o apoyo; sin embargo, el estudiante es el responsable final de gestionar y obtener su propia visa. Las visas son emitidas por el gobierno del pa\u00eds anfitri\u00f3n a trav\u00e9s de su embajada y\/o consulados en los Estados Unidos. El estudiante debe informarse sobre d\u00f3nde realizar la solicitud, qu\u00e9 documentos se requieren y el momento adecuado para aplicar por su visa.<\/li>\n<li>Es muy importante considerar con anticipaci\u00f3n el plazo para la solicitud del visado. En algunos pa\u00edses, los estudiantes deben presentar su solicitud con varios meses de anticipaci\u00f3n antes de viajar al extranjero. Durante este proceso, el pasaporte del estudiante permanecer\u00e1 retenido en el consulado hasta poco antes de la fecha de salida. Es importante tener presente que esto podr\u00eda afectar los planes de viaje tanto del estudiante como de su familia.<\/li>\n<\/ul>\n<p><strong>2. Salud:<\/strong> Antes de la salida, su hijo o hija deber\u00e1 realizarse un examen m\u00e9dico general y recibir las vacunas que sean necesarias. Cualquier tratamiento dental debe ser completado antes de viajar al extranjero. Aseg\u00farese de que porta un historial m\u00e9dico completo y las recetas correspondientes a los medicamentos que requiera. Es fundamental que su hijo o hija permanezca como dependiente en su p\u00f3liza de seguro de salud, aun cuando cuente con otra cobertura durante su estancia en el extranjero. Tenga en cuenta que en muchos pa\u00edses los costos de los servicios m\u00e9dicos deben ser pagados por adelantado, para posteriormente ser reembolsados por el seguro.<\/p>\n<p><strong>3. Preparaci\u00f3n financiera:<\/strong><\/p>\n<p><span style=\"text-decoration: underline\"><strong>Acceso a fondos:<\/strong><\/span><\/p>\n<ul>\n<li>Es importante que usted y su hijo o hija definan c\u00f3mo tendr\u00e1n acceso al dinero para los gastos cotidianos, necesidades financieras y situaciones de emergencia durante su programa de estudios en el extranjero. Su estudiante debe consultar con su banco si su tarjeta de d\u00e9bito funcionar\u00e1 en el extranjero, as\u00ed como informarse sobre posibles cargos asociados por su uso internacional. Adem\u00e1s, contar con una tarjeta de cr\u00e9dito personal que permita adelantos en efectivo o disponer de cheques de viajero puede ser de utilidad. Es recomendable que el estudiante notifique al emisor de su tarjeta de cr\u00e9dito las fechas y el lugar donde realizar\u00e1 su programa en el extranjero, con el fin de prevenir bloqueos por actividades sospechosas o fraudes.<\/li>\n<li>Para los estudiantes que reciben ayuda financiera y\/o becas, tenga en cuenta que los fondos generalmente se desembolsan poco antes del inicio del semestre en USC. Si el programa de estudios en el extranjero comienza antes del semestre en USC, es posible que el estudiante necesite contar con recursos econ\u00f3micos anticipados.<\/li>\n<\/ul>\n<p><span style=\"text-decoration: underline\"><strong>Presupuesto<\/strong><\/span><\/p>\n<ul>\n<li>Si el estudiante no tiene mucha experiencia en manejar un presupuesto, el periodo previo a la salida es un buen momento para evaluar sus h\u00e1bitos de consumo y establecer l\u00edmites claros sobre el gasto de dinero, as\u00ed como definir cu\u00e1nto dinero extra tendr\u00e1 disponible.<\/li>\n<\/ul>\n<p><strong>4. Apoyo emocional y autonom\u00eda:<\/strong> Permita que su hijo o hija asuma responsabilidades antes y durante el semestre o a\u00f1o en el extranjero, pero aseg\u00farese de que sepa que usted tambi\u00e9n estar\u00e1 disponible en caso de que necesite alguien con quien hablar o cualquier tipo de apoyo. Conversen sobre cualquier viaje que planee realizar fuera del programa, de modo que usted tenga una idea clara de la duraci\u00f3n total de su experiencia y de los costos asociados.<\/p>\n<p>&nbsp;<\/p>\n<h3>Mientras su estudiante este en el extranjero<\/h3>\n<p><strong>1. Acompa\u00f1e sin intervenir demasiado<\/strong><\/p>\n<p><span style=\"text-decoration: underline\"><strong>Ajuste:<\/strong><\/span><\/p>\n<p>Adaptarse a un nuevo ambiente no es f\u00e1cil para nadie. Es posible que su hijo o hija le comparta frustraciones y nostalgias, y usted sienta el deseo natural de resolver sus problemas, incluso si eso significa considerar viajar a otro pa\u00eds. En este momento de dificultad, lo m\u00e1s valioso que puede ofrecerle es su apoyo y comprensi\u00f3n. Al mismo tiempo, trate de no involucrarse demasiado. An\u00edmelo primero a hacer uso de los servicios de apoyo a los estudiantes que est\u00e1n disponibles en el sitio del programa. Los programas suelen contar con un director residente o una oficina para estudiantes internacionales. Parte fundamental de la experiencia de estudiar en el extranjero es aprender a enfrentar desaf\u00edos y superarlos. Su hijo o hija se sentir\u00e1 mucho m\u00e1s feliz y fortalecido al darse cuenta de que fue capaz de salir adelante por s\u00ed mismo.<\/p>\n<p><strong><span style=\"text-decoration: underline\">Comunicaci\u00f3n a distancia:<\/span><\/strong><\/p>\n<p>Est\u00e9 preparado para tener menos comunicaci\u00f3n con su hijo o hija durante su estancia en el extranjero. Cada momento que \u00e9l o ella dedica a conectarse con usted (o con amigos en EE.UU.) a trav\u00e9s de correos electr\u00f3nicos, mensajes o llamadas telef\u00f3nicas, es tiempo que no est\u00e1 utilizando para integrarse con su nuevo entorno y entablar relaciones en el pa\u00eds anfitri\u00f3n. Recuerde que menos comunicaci\u00f3n no significa menor calidad: lo importante es mantener una conexi\u00f3n significativa, aunque sea menos frecuente.<\/p>\n<p><strong>2. Planear una visita:<\/strong> Recuerde que estudiar en el extranjero no significa que los estudiantes est\u00e9n de vacaciones. Aunque pueda ser tentador compartir m\u00e1s tiempo con su hijo o hija durante esta experiencia, asistir a clase con \u00e9l o ella, o sacarlo de clases para pasear, puede interrumpir tanto el proceso educativo como la valiosa experiencia de inmersi\u00f3n. Si est\u00e1 pensando en visitarlo, lo ideal es hacerlo una vez que el programa haya finalizado o durante un per\u00edodo de descanso, para que as\u00ed puedan disfrutar tiempo juntos sin interferencias. Tambi\u00e9n es importante ser respetuoso y sensible a las costumbres locales y a las normas culturales del pa\u00eds, as\u00ed como a las reglas de la casa o dormitorio donde su hijo o hija resida.<\/p>\n<p>&nbsp;<\/p>\n<h3>Cuando su hijo regrese<\/h3>\n<p><strong>1. Prep\u00e1rese para una transformaci\u00f3n personal:<\/strong> Despu\u00e9s de haber vivido en el extranjero por un per\u00edodo prolongado, es natural que los estudiantes regresen con cambios significativos. Estos pueden manifestarse de diversas maneras, como un estilo de vestir diferente, nuevos gustos gastron\u00f3micos, un mayor sentido de independencia o incluso el deseo de regresar al extranjero. Es importante brindarles apoyo, mantener una actitud abierta y acompa\u00f1ar este proceso de transformaci\u00f3n con comprensi\u00f3n.<\/p>\n<p><strong>2. Adaptaci\u00f3n tras el regreso:<\/strong> Algunos estudiantes pueden experimentar cierto grado de choque cultural al regresar, y necesitar\u00e1n tiempo para adaptarse a la vida en casa. Es posible que atraviesen un periodo de tristeza o nostalgia, e incluso que sientan un fuerte deseo de volver al extranjero. No lo tome como algo personal: se trata de una etapa natural del proceso de reintegraci\u00f3n. Una vez m\u00e1s, su apoyo y comprensi\u00f3n ser\u00e1n fundamentales durante este periodo de ajuste. La mayor\u00eda de los estudiantes que participan en programas de estudios en el extranjero coinciden, incluso a\u00f1os despu\u00e9s, en que esa experiencia fue una de las m\u00e1s significativas y transformadoras de su vida universitaria.<\/p>\n<h3>Pol\u00edticas de privacidad del estudiante y estudios en el extranjero<\/h3>\n<p><span style=\"font-weight: 400\">La Ley Federal de Derechos Educativos y Privacidad Familiar de 1974 (FERPA), que se aplica en el campus universitario, tambi\u00e9n se aplica cuando el estudiante se encuentra en el extranjero, ya que contin\u00faa siendo un alumno matriculado en USC. Esta normativa protege una amplia gama de informaci\u00f3n acad\u00e9mica y personal del estudiante, la cual no puede ser compartida con terceros, incluidos los padres, sin el consentimiento previo del estudiante. Por esta raz\u00f3n, si se comunica con la universidad respecto a ciertos temas, es posible que no podamos proporcionarle respuestas o detalles espec\u00edficos sin consentimiento de su hijo o hija.<\/span><\/p>\n\n\n\n<\/div>\n\n\n  <\/div><\/div>\n\n\n  \n    \n\n\n\n\n\n\n<div\n  class=\"cc--component-container cc--spacer \"\n\n  \n  \n  \n  \n  \n  \n  >\n  <div class=\"c--component c--spacer\"\n    \n      >\n\n    \n\n  <\/div><\/div>\n","protected":false},"excerpt":{"rendered":"","protected":false},"author":320,"featured_media":0,"parent":0,"menu_order":0,"comment_status":"closed","ping_status":"closed","template":"","meta":{"_acf_changed":false,"footnotes":""},"class_list":["post-1596","page","type-page","status-publish","hentry"],"acf":[],"yoast_head":"<!-- This site is optimized with the Yoast SEO plugin v27.1.1 - https:\/\/yoast.com\/product\/yoast-seo-wordpress\/ -->\n<title>Informaci\u00f3n para padres - Office of Overseas Studies<\/title>\n<meta name=\"robots\" content=\"index, follow, max-snippet:-1, max-image-preview:large, max-video-preview:-1\" \/>\n<link rel=\"canonical\" href=\"https:\/\/dornsife.usc.edu\/overseas-studies\/informacion-para-padres\/\" \/>\n<meta property=\"og:locale\" content=\"en_US\" \/>\n<meta property=\"og:type\" content=\"article\" \/>\n<meta property=\"og:title\" content=\"Informaci\u00f3n para padres - Office of Overseas Studies\" \/>\n<meta property=\"og:url\" content=\"https:\/\/dornsife.usc.edu\/overseas-studies\/informacion-para-padres\/\" \/>\n<meta property=\"og:site_name\" content=\"Office of Overseas Studies\" \/>\n<meta property=\"article:modified_time\" content=\"2025-06-10T19:27:19+00:00\" \/>\n<meta name=\"twitter:card\" content=\"summary_large_image\" \/>\n<script type=\"application\/ld+json\" class=\"yoast-schema-graph\">{\"@context\":\"https:\/\/schema.org\",\"@graph\":[{\"@type\":\"WebPage\",\"@id\":\"https:\/\/dornsife.usc.edu\/overseas-studies\/informacion-para-padres\/\",\"url\":\"https:\/\/dornsife.usc.edu\/overseas-studies\/informacion-para-padres\/\",\"name\":\"Informaci\u00f3n para padres - Office of Overseas Studies\",\"isPartOf\":{\"@id\":\"https:\/\/live-usc-dornsife.pantheonsite.io\/overseas-studies\/#website\"},\"datePublished\":\"2023-03-28T02:40:13+00:00\",\"dateModified\":\"2025-06-10T19:27:19+00:00\",\"breadcrumb\":{\"@id\":\"https:\/\/dornsife.usc.edu\/overseas-studies\/informacion-para-padres\/#breadcrumb\"},\"inLanguage\":\"en-US\",\"potentialAction\":[{\"@type\":\"ReadAction\",\"target\":[\"https:\/\/dornsife.usc.edu\/overseas-studies\/informacion-para-padres\/\"]}]},{\"@type\":\"BreadcrumbList\",\"@id\":\"https:\/\/dornsife.usc.edu\/overseas-studies\/informacion-para-padres\/#breadcrumb\",\"itemListElement\":[{\"@type\":\"ListItem\",\"position\":1,\"name\":\"Home\",\"item\":\"https:\/\/dornsife.usc.edu\/overseas-studies\/\"},{\"@type\":\"ListItem\",\"position\":2,\"name\":\"Informaci\u00f3n para padres\"}]},{\"@type\":\"WebSite\",\"@id\":\"https:\/\/live-usc-dornsife.pantheonsite.io\/overseas-studies\/#website\",\"url\":\"https:\/\/live-usc-dornsife.pantheonsite.io\/overseas-studies\/\",\"name\":\"Office of Overseas Studies\",\"description\":\"USC Dornsife Office of Overseas Studies\",\"potentialAction\":[{\"@type\":\"SearchAction\",\"target\":{\"@type\":\"EntryPoint\",\"urlTemplate\":\"https:\/\/live-usc-dornsife.pantheonsite.io\/overseas-studies\/?s={search_term_string}\"},\"query-input\":{\"@type\":\"PropertyValueSpecification\",\"valueRequired\":true,\"valueName\":\"search_term_string\"}}],\"inLanguage\":\"en-US\"}]}<\/script>\n<!-- \/ Yoast SEO plugin. -->","yoast_head_json":{"title":"Informaci\u00f3n para padres - Office of Overseas Studies","robots":{"index":"index","follow":"follow","max-snippet":"max-snippet:-1","max-image-preview":"max-image-preview:large","max-video-preview":"max-video-preview:-1"},"canonical":"https:\/\/dornsife.usc.edu\/overseas-studies\/informacion-para-padres\/","og_locale":"en_US","og_type":"article","og_title":"Informaci\u00f3n para padres - Office of Overseas Studies","og_url":"https:\/\/dornsife.usc.edu\/overseas-studies\/informacion-para-padres\/","og_site_name":"Office of Overseas Studies","article_modified_time":"2025-06-10T19:27:19+00:00","twitter_card":"summary_large_image","schema":{"@context":"https:\/\/schema.org","@graph":[{"@type":"WebPage","@id":"https:\/\/dornsife.usc.edu\/overseas-studies\/informacion-para-padres\/","url":"https:\/\/dornsife.usc.edu\/overseas-studies\/informacion-para-padres\/","name":"Informaci\u00f3n para padres - Office of Overseas Studies","isPartOf":{"@id":"https:\/\/live-usc-dornsife.pantheonsite.io\/overseas-studies\/#website"},"datePublished":"2023-03-28T02:40:13+00:00","dateModified":"2025-06-10T19:27:19+00:00","breadcrumb":{"@id":"https:\/\/dornsife.usc.edu\/overseas-studies\/informacion-para-padres\/#breadcrumb"},"inLanguage":"en-US","potentialAction":[{"@type":"ReadAction","target":["https:\/\/dornsife.usc.edu\/overseas-studies\/informacion-para-padres\/"]}]},{"@type":"BreadcrumbList","@id":"https:\/\/dornsife.usc.edu\/overseas-studies\/informacion-para-padres\/#breadcrumb","itemListElement":[{"@type":"ListItem","position":1,"name":"Home","item":"https:\/\/dornsife.usc.edu\/overseas-studies\/"},{"@type":"ListItem","position":2,"name":"Informaci\u00f3n para padres"}]},{"@type":"WebSite","@id":"https:\/\/live-usc-dornsife.pantheonsite.io\/overseas-studies\/#website","url":"https:\/\/live-usc-dornsife.pantheonsite.io\/overseas-studies\/","name":"Office of Overseas Studies","description":"USC Dornsife Office of Overseas Studies","potentialAction":[{"@type":"SearchAction","target":{"@type":"EntryPoint","urlTemplate":"https:\/\/live-usc-dornsife.pantheonsite.io\/overseas-studies\/?s={search_term_string}"},"query-input":{"@type":"PropertyValueSpecification","valueRequired":true,"valueName":"search_term_string"}}],"inLanguage":"en-US"}]}},"_links":{"self":[{"href":"https:\/\/dornsife.usc.edu\/overseas-studies\/wp-json\/wp\/v2\/pages\/1596","targetHints":{"allow":["GET"]}}],"collection":[{"href":"https:\/\/dornsife.usc.edu\/overseas-studies\/wp-json\/wp\/v2\/pages"}],"about":[{"href":"https:\/\/dornsife.usc.edu\/overseas-studies\/wp-json\/wp\/v2\/types\/page"}],"author":[{"embeddable":true,"href":"https:\/\/dornsife.usc.edu\/overseas-studies\/wp-json\/wp\/v2\/users\/320"}],"replies":[{"embeddable":true,"href":"https:\/\/dornsife.usc.edu\/overseas-studies\/wp-json\/wp\/v2\/comments?post=1596"}],"version-history":[{"count":21,"href":"https:\/\/dornsife.usc.edu\/overseas-studies\/wp-json\/wp\/v2\/pages\/1596\/revisions"}],"predecessor-version":[{"id":6164,"href":"https:\/\/dornsife.usc.edu\/overseas-studies\/wp-json\/wp\/v2\/pages\/1596\/revisions\/6164"}],"wp:attachment":[{"href":"https:\/\/dornsife.usc.edu\/overseas-studies\/wp-json\/wp\/v2\/media?parent=1596"}],"curies":[{"name":"wp","href":"https:\/\/api.w.org\/{rel}","templated":true}]}}