{"id":465,"date":"2023-12-05T23:13:35","date_gmt":"2023-12-06T07:13:35","guid":{"rendered":"https:\/\/dornsife.usc.edu\/langdevlab\/?page_id=465"},"modified":"2025-04-11T16:57:19","modified_gmt":"2025-04-11T23:57:19","slug":"participar","status":"publish","type":"page","link":"https:\/\/dornsife.usc.edu\/langdevlab\/participar\/","title":{"rendered":"Participar"},"content":{"rendered":"\n\n\n  \n  \n    \n\n\n\n\n\n\n<div\n  class=\"cc--component-container cc--full-width-cta \"\n\n  \n  \n  \n  \n  \n  \n  >\n  <div class=\"c--component c--full-width-cta\"\n    \n      >\n\n    \n<div class=\"inner-wrapper\">\n      <div class=\"header-container\">\n  \n                  \n<div class=\"f--field f--section-title\">\n\n    \n  <h2>\n          \u00a1Gracias por su inter\u00e9s en participar!\n      <\/h2>\n\n\n<\/div>\n                        \n<div class=\"f--field f--description\">\n\n    \n  <p>\u00a1Ahora tenemos estudios en l\u00ednea en los que puede participar con su hijo en su casa! Si est\u00e1 interesado en participar en estos estudios, por favor completa formulario de participaci\u00f3n.<\/p>\n\n\n\n<\/div>\n          <\/div>\n    \n      <div class=\"links-container\">\n        \n            \n<div class=\"f--field f--link\">\n\n    \n    \n  \n<a \n  class=\"link\"\n  href= https:\/\/usc.qualtrics.com\/jfe\/form\/SV_6fefvz5Xx2fNB7o\n    aria-label=\"Read more about \u00a1Participar!\"  \n>\n    \u00a1Participar! \n  <svg version=\"1.1\" xmlns=\"http:\/\/www.w3.org\/2000\/svg\" xmlns:xlink=\"http:\/\/www.w3.org\/1999\/xlink\" x=\"0px\" y=\"0px\" viewBox=\"0 0 35 35\" enable-background=\"new 0 0 35 35\" width=\"25\" height=\"25\" xml:space=\"preserve\"><polygon fill-rule=\"evenodd\" clip-rule=\"evenodd\" fill=\"#FC0\" points=\"19.3,27.5 29.3,17.5,19.3,7.5 16.3,10.4 21.4,15.4 6.7,15.4 6.7,19.6 21.4,19.6 16.3,24.6 \"\/><\/svg>\n<\/a>\n\n\n<\/div>\n          <\/div>\n  <\/div>\n\n\n\n  <\/div><\/div>\n\n\n\n\n  \n    \n\n\n\n\n\n\n<div\n  class=\"cc--component-container cc--rich-text \"\n\n  \n  \n  \n  \n  \n  \n  >\n  <div class=\"c--component c--rich-text\"\n    \n      >\n\n    \n      \n<div class=\"f--field f--wysiwyg\">\n\n    \n  <p><em>To read this page in English, click <a href=\"https:\/\/dornsife.usc.edu\/langdevlab\/participate\/\">here<\/a>.<\/em><\/p>\n\n\n\n<\/div>\n\n\n  <\/div><\/div>\n\n\n\n\n  \n    \n\n\n\n\n\n\n<div\n  class=\"cc--component-container cc--rich-text \"\n\n  \n  \n  \n  \n  \n  \n  >\n  <div class=\"c--component c--rich-text\"\n    \n      >\n\n    \n      \n<div class=\"f--field f--wysiwyg\">\n\n    \n  <p dir=\"ltr\">Esto nos permitir\u00e1 comunicarle cuando su hijo est\u00e9 en el rango de edad para uno de nuestros estudios en curso.\u00a0Env\u00edenos un correo a <a title=\"email us\" href=\"mailto:langdev@usc.edu\" target=\"_blank\" rel=\"noopener\"><strong>langdev@usc.edu<\/strong><\/a> si necesita asistencia.<\/p>\n<p dir=\"ltr\">Tenga la seguridad de que la informaci\u00f3n que nos env\u00eda se transmite de forma segura, se mantiene confidencial, no se divulgar\u00e1 a ninguna otra parte y solo se utilizar\u00e1 para informarle sobre nuestros estudios.<\/p>\n<p dir=\"ltr\">(Haga clic <a href=\"https:\/\/dornsife.usc.edu\/langdevlab\/research-study-confidentiality\/\">aqu\u00ed<\/a> para obtener m\u00e1s informaci\u00f3n sobre c\u00f3mo salvaguardamos su informaci\u00f3n)<\/p>\n\n\n\n<\/div>\n\n\n  <\/div><\/div>\n\n\n\n\n  \n    \n\n\n\n\n\n\n<div\n  class=\"cc--component-container cc--rich-text \"\n\n  \n  \n  \n  \n  \n  \n  >\n  <div class=\"c--component c--rich-text\"\n    \n      >\n\n    \n      \n<div class=\"f--field f--wysiwyg\">\n\n    \n  <h2 style=\"text-align: center;\"><strong>Estudios de espa\u00f1ol actuales<\/strong><\/h2>\n<p>&nbsp;<\/p>\n<div class=\"html-content\">\n<ul>\n<li><span style=\"text-decoration: underline;\"><strong>Aprendizaje de Patrones por Bebes (11 y 12 meses)<\/strong><\/span><\/li>\n<\/ul>\n<p style=\"padding-left: 80px;\">Los beb\u00e9s pueden aprender muchas patrones de su ambiente, y esta habilidad es importante para su desarrollo ling\u00fc\u00edstico. Este estudio trata de averiguar si los beb\u00e9s pueden aprender ciertos patrones a trav\u00e9s del lenguaje, y c\u00f3mo su experiencia ling\u00fc\u00edstica puede influir en este proceso. Actualmente estamos reclutando beb\u00e9s de 11 y 12 meses para este estudio, y el estudio se puede realizar en ingl\u00e9s o espa\u00f1ol a trav\u00e9s de Zoom. <strong>Recibir\u00e1 una tarjeta de regalo de Amazon de $15 por la participaci\u00f3n de su hijo<\/strong>. Si es usted el padre o madre de un beb\u00e9 de 11 o 12 meses, \u00a1nos encantar\u00eda que participara en este estudio!<\/p>\n<div class=\"html-content\">\n<ul>\n<li><span style=\"text-decoration: underline;\"><span style=\"text-decoration: underline;\"><strong>Otros estudios por venir&#8230;<\/strong><\/span><\/span><\/li>\n<\/ul>\n<p style=\"padding-left: 80px;\">M\u00e1s estudios realizados en espa\u00f1ol en el futuro.<\/p>\n<h3><\/h3>\n<\/div>\n<\/div>\n\n\n\n<\/div>\n\n\n  <\/div><\/div>\n","protected":false},"excerpt":{"rendered":"","protected":false},"author":550,"featured_media":0,"parent":0,"menu_order":0,"comment_status":"closed","ping_status":"closed","template":"","meta":{"_acf_changed":false,"footnotes":""},"class_list":["post-465","page","type-page","status-publish","hentry"],"acf":[],"yoast_head":"<!-- This site is optimized with the Yoast SEO plugin v27.1.1 - https:\/\/yoast.com\/product\/yoast-seo-wordpress\/ -->\n<title>Participar - USC Language Development Lab<\/title>\n<meta name=\"description\" content=\"Participa en nuestros estudios en l\u00ednea sobre el aprendizaje de patrones en beb\u00e9s de 11 y 12 meses. Completa el formulario y \u00fanete a nuestra comunidad.\" \/>\n<meta name=\"robots\" content=\"index, follow, max-snippet:-1, max-image-preview:large, max-video-preview:-1\" \/>\n<link rel=\"canonical\" href=\"https:\/\/dornsife.usc.edu\/langdevlab\/participar\/\" \/>\n<meta property=\"og:locale\" content=\"en_US\" \/>\n<meta property=\"og:type\" content=\"article\" \/>\n<meta property=\"og:title\" content=\"Participar - USC Language Development Lab\" \/>\n<meta property=\"og:description\" content=\"Participa en nuestros estudios en l\u00ednea sobre el aprendizaje de patrones en beb\u00e9s de 11 y 12 meses. Completa el formulario y \u00fanete a nuestra comunidad.\" \/>\n<meta property=\"og:url\" content=\"https:\/\/dornsife.usc.edu\/langdevlab\/participar\/\" \/>\n<meta property=\"og:site_name\" content=\"USC Language Development Lab\" \/>\n<meta property=\"article:modified_time\" content=\"2025-04-11T23:57:19+00:00\" \/>\n<meta name=\"twitter:card\" content=\"summary_large_image\" \/>\n<script type=\"application\/ld+json\" class=\"yoast-schema-graph\">{\"@context\":\"https:\/\/schema.org\",\"@graph\":[{\"@type\":\"WebPage\",\"@id\":\"https:\/\/dornsife.usc.edu\/langdevlab\/participar\/\",\"url\":\"https:\/\/dornsife.usc.edu\/langdevlab\/participar\/\",\"name\":\"Participar - USC Language Development Lab\",\"isPartOf\":{\"@id\":\"https:\/\/dornsife.usc.edu\/langdevlab\/#website\"},\"datePublished\":\"2023-12-06T07:13:35+00:00\",\"dateModified\":\"2025-04-11T23:57:19+00:00\",\"description\":\"Participa en nuestros estudios en l\u00ednea sobre el aprendizaje de patrones en beb\u00e9s de 11 y 12 meses. Completa el formulario y \u00fanete a nuestra comunidad.\",\"breadcrumb\":{\"@id\":\"https:\/\/dornsife.usc.edu\/langdevlab\/participar\/#breadcrumb\"},\"inLanguage\":\"en-US\",\"potentialAction\":[{\"@type\":\"ReadAction\",\"target\":[\"https:\/\/dornsife.usc.edu\/langdevlab\/participar\/\"]}]},{\"@type\":\"BreadcrumbList\",\"@id\":\"https:\/\/dornsife.usc.edu\/langdevlab\/participar\/#breadcrumb\",\"itemListElement\":[{\"@type\":\"ListItem\",\"position\":1,\"name\":\"Home\",\"item\":\"https:\/\/dornsife.usc.edu\/langdevlab\/\"},{\"@type\":\"ListItem\",\"position\":2,\"name\":\"Participar\"}]},{\"@type\":\"WebSite\",\"@id\":\"https:\/\/dornsife.usc.edu\/langdevlab\/#website\",\"url\":\"https:\/\/dornsife.usc.edu\/langdevlab\/\",\"name\":\"USC Language Development Lab\",\"description\":\"USC Dornsife Language Development Lab\",\"potentialAction\":[{\"@type\":\"SearchAction\",\"target\":{\"@type\":\"EntryPoint\",\"urlTemplate\":\"https:\/\/dornsife.usc.edu\/langdevlab\/?s={search_term_string}\"},\"query-input\":{\"@type\":\"PropertyValueSpecification\",\"valueRequired\":true,\"valueName\":\"search_term_string\"}}],\"inLanguage\":\"en-US\"}]}<\/script>\n<!-- \/ Yoast SEO plugin. -->","yoast_head_json":{"title":"Participar - USC Language Development Lab","description":"Participa en nuestros estudios en l\u00ednea sobre el aprendizaje de patrones en beb\u00e9s de 11 y 12 meses. Completa el formulario y \u00fanete a nuestra comunidad.","robots":{"index":"index","follow":"follow","max-snippet":"max-snippet:-1","max-image-preview":"max-image-preview:large","max-video-preview":"max-video-preview:-1"},"canonical":"https:\/\/dornsife.usc.edu\/langdevlab\/participar\/","og_locale":"en_US","og_type":"article","og_title":"Participar - USC Language Development Lab","og_description":"Participa en nuestros estudios en l\u00ednea sobre el aprendizaje de patrones en beb\u00e9s de 11 y 12 meses. Completa el formulario y \u00fanete a nuestra comunidad.","og_url":"https:\/\/dornsife.usc.edu\/langdevlab\/participar\/","og_site_name":"USC Language Development Lab","article_modified_time":"2025-04-11T23:57:19+00:00","twitter_card":"summary_large_image","schema":{"@context":"https:\/\/schema.org","@graph":[{"@type":"WebPage","@id":"https:\/\/dornsife.usc.edu\/langdevlab\/participar\/","url":"https:\/\/dornsife.usc.edu\/langdevlab\/participar\/","name":"Participar - USC Language Development Lab","isPartOf":{"@id":"https:\/\/dornsife.usc.edu\/langdevlab\/#website"},"datePublished":"2023-12-06T07:13:35+00:00","dateModified":"2025-04-11T23:57:19+00:00","description":"Participa en nuestros estudios en l\u00ednea sobre el aprendizaje de patrones en beb\u00e9s de 11 y 12 meses. Completa el formulario y \u00fanete a nuestra comunidad.","breadcrumb":{"@id":"https:\/\/dornsife.usc.edu\/langdevlab\/participar\/#breadcrumb"},"inLanguage":"en-US","potentialAction":[{"@type":"ReadAction","target":["https:\/\/dornsife.usc.edu\/langdevlab\/participar\/"]}]},{"@type":"BreadcrumbList","@id":"https:\/\/dornsife.usc.edu\/langdevlab\/participar\/#breadcrumb","itemListElement":[{"@type":"ListItem","position":1,"name":"Home","item":"https:\/\/dornsife.usc.edu\/langdevlab\/"},{"@type":"ListItem","position":2,"name":"Participar"}]},{"@type":"WebSite","@id":"https:\/\/dornsife.usc.edu\/langdevlab\/#website","url":"https:\/\/dornsife.usc.edu\/langdevlab\/","name":"USC Language Development Lab","description":"USC Dornsife Language Development Lab","potentialAction":[{"@type":"SearchAction","target":{"@type":"EntryPoint","urlTemplate":"https:\/\/dornsife.usc.edu\/langdevlab\/?s={search_term_string}"},"query-input":{"@type":"PropertyValueSpecification","valueRequired":true,"valueName":"search_term_string"}}],"inLanguage":"en-US"}]}},"_links":{"self":[{"href":"https:\/\/dornsife.usc.edu\/langdevlab\/wp-json\/wp\/v2\/pages\/465","targetHints":{"allow":["GET"]}}],"collection":[{"href":"https:\/\/dornsife.usc.edu\/langdevlab\/wp-json\/wp\/v2\/pages"}],"about":[{"href":"https:\/\/dornsife.usc.edu\/langdevlab\/wp-json\/wp\/v2\/types\/page"}],"author":[{"embeddable":true,"href":"https:\/\/dornsife.usc.edu\/langdevlab\/wp-json\/wp\/v2\/users\/550"}],"replies":[{"embeddable":true,"href":"https:\/\/dornsife.usc.edu\/langdevlab\/wp-json\/wp\/v2\/comments?post=465"}],"version-history":[{"count":12,"href":"https:\/\/dornsife.usc.edu\/langdevlab\/wp-json\/wp\/v2\/pages\/465\/revisions"}],"predecessor-version":[{"id":874,"href":"https:\/\/dornsife.usc.edu\/langdevlab\/wp-json\/wp\/v2\/pages\/465\/revisions\/874"}],"wp:attachment":[{"href":"https:\/\/dornsife.usc.edu\/langdevlab\/wp-json\/wp\/v2\/media?parent=465"}],"curies":[{"name":"wp","href":"https:\/\/api.w.org\/{rel}","templated":true}]}}