{"id":1206,"date":"2023-08-14T14:05:44","date_gmt":"2023-08-14T21:05:44","guid":{"rendered":"https:\/\/dornsife.usc.edu\/jewishstudies\/?page_id=1206"},"modified":"2025-12-04T12:40:42","modified_gmt":"2025-12-04T20:40:42","slug":"hebrew-2-2","status":"publish","type":"page","link":"https:\/\/dornsife.usc.edu\/jewishstudies\/hebrew\/hebrew-2-2\/","title":{"rendered":"Welcome to Hebrew"},"content":{"rendered":"\n\n\n\n\n  \n    \n\n\n\n\n\n\n<div\n  class=\"cc--component-container cc--full-width-image-and-text \"\n\n  \n  \n  \n  \n  \n  \n  >\n  <div class=\"c--component c--full-width-image-and-text\"\n    \n      >\n\n    \n      <div class=\"image-container\">\n          \n<div class=\"f--field f--image\">\n\n    \n    \n    \n    \n    \n    \n              \n      <img\n                            data-src=\"https:\/\/dornsife.usc.edu\/jewishstudies\/wp-content\/uploads\/sites\/160\/2023\/07\/shutterstock_45524932-768x432.jpg\"\n          data-srcset=\"https:\/\/dornsife.usc.edu\/jewishstudies\/wp-content\/uploads\/sites\/160\/2023\/07\/shutterstock_45524932-1920x1080.jpg 1920w,https:\/\/dornsife.usc.edu\/jewishstudies\/wp-content\/uploads\/sites\/160\/2023\/07\/shutterstock_45524932-1280x720.jpg 1280w,https:\/\/dornsife.usc.edu\/jewishstudies\/wp-content\/uploads\/sites\/160\/2023\/07\/shutterstock_45524932-768x432.jpg 768w\"          data-sizes=\"(min-width:1200px) 75vw, (min-width:768px) 83vw, 100vw\"          class=\"lazyload\"\n        \n                  alt=\"Hebrew Character\"\n        \n        \n                                      \/>\n\n    \n    \n  \n  \n\n<\/div>\n    <\/div>\n  \n  <div class=\"text-container\">\n\n    \n              \n<div class=\"f--field f--section-title\">\n\n    \n  <h2>\n           \n      <\/h2>\n\n\n<\/div>\n    \n    \n      <\/div>\n\n\n  <\/div><\/div>\n\n\n\n\n\n\n            \n  \n    \n\n\n\n\n\n\n<div\n  class=\"cc--component-container cc--accordions \"\n\n  \n  \n  \n  \n  \n  \n  >\n  <div class=\"c--component c--accordions\"\n    \n      >\n\n    \n      <div class=\"header-container\">\n\n      \n                  \n<div class=\"f--field f--description\">\n\n    \n  <p>USC offers a sequence of four semesters that will have you speaking, reading, and writing modern Hebrew; you will learn how to order food and shop at a market as well as how to score an internship, pursue graduate study, write fluently, and foster international connections. The first three courses satisfy the foreign language proficiency requirement for most majors in the Dornsife College of Arts, Letters and Sciences.<\/p>\n<p>Students can start with Hebrew I or place into a higher-level course by taking the Hebrew language assessment. Upper-level courses offer students a chance to dive more deeply into Hebrew literature, business vocabulary and cultural diplomacy. There are also opportunities to do independent research at both the undergraduate and graduate levels.<\/p>\n<p>Hebrew is a perfect choice for students who have studied Hebrew in the past, whose parents or family speak Hebrew as a first language, who are interested in the Middle East, and\/or who wish to explore religion, history, and culture.<br \/>\nWhile learning Hebrew, students will investigate the relationship between cultures, practice communication skills and language use in different social and professional contexts and broaden their critical awareness about cultural stereotypes. Advanced Hebrew courses teach students how to recognize and navigate potential opportunities for and obstacles to successful intercultural communication.<\/p>\n<p>At all levels, students will explore places, people, art, photography, literature, poetry, films, and songs in the language that is spoken and written today. Students will gain both confidence and competence in communication skills, greater sophistication and complexity of expression, and nuanced written, oral and reading expertise.<\/p>\n\n\n\n<\/div>\n      \n      \n    <\/div>\n  \n      <ul>\n              <li>\n          <button type=\"button\" class=\"accordion-trigger \" id=\"heading-1-1-dSQYuyax7A\" aria-controls=\"section-1-1-dSQYuyax7A\" aria-expanded=\"false\" aria-disabled=\"false\">\n                          <span class=\"item-title\">Courses<\/span>\n            \n                      <\/button>\n\n          <div id=\"section-1-1-dSQYuyax7A\" role=\"region\" aria-labelledby=\"heading-1-1-dSQYuyax7A\" class=\"accordion-panel\">\n\n                            \n    \n\n\n\n\n\n\n<div\n  class=\"cc--component-container cc--rich-text \"\n\n  \n  \n  \n  \n  \n  \n  >\n  <div class=\"c--component c--rich-text\"\n    \n      >\n\n    \n      \n<div class=\"f--field f--wysiwyg\">\n\n    \n  <p><strong>HEBR 120: Hebrew I<\/strong> (Fall Semester) This course focuses on the acquisition of speaking, reading, writing, and comprehension skills as well as cultural literacy. Students will become familiar with the sound and structure of Hebrew as they read and listen to a variety of written and oral texts relating to their own lives.<\/p>\n<p><strong>HEBR 150: Hebrew II<\/strong> (Spring Semester) Prerequisite: HEBR 120 or proficiency assessment. This course develops writing, reading and comprehension proficiency. Students will be able to describe themselves, their families, and interests as well as learn vocabulary related to shopping for clothes, talking about the weather and seasons, describing people and jobs, making travel arrangements, and planning a vacation.<\/p>\n<p><strong>HEBR 220: Hebrew III<\/strong> (Fall Semester) Prerequisites: HEBR 120 and HEBR 150 or proficiency assessment. Students will develop a more sophisticated vocabulary, contextual comprehension and interactive skills. They will engage in learning about the linguistic, cultural, and historical roots of the language essential for Hebrew language proficiency.<\/p>\n<p><strong>HEBR 315:<\/strong> <strong>Modern Hebrew Language (Hebrew IV)<\/strong> (Spring Semester) Prerequisite: HEBR 220 or proficiency assessment. This course examines modern Hebrew language in depth and introduces students to contemporary popular culture, political discourse, and business and entrepreneurship vocabularies. Students deepen their fluency by unpacking the nuances of spoken and written Hebrew.<\/p>\n<p><strong>JS 504:<\/strong> Modern Hebrew Literature. This graduate level course requires prior knowledge of Hebrew. Students will read unvocalized texts from Hebrew literature and explore the development of modern Hebrew literature, with an emphasis on modern and contemporary short story and poetry.<\/p>\n\n\n\n<\/div>\n\n\n  <\/div><\/div>\n            \n                      <\/div>\n        <\/li>\n\n              <li>\n          <button type=\"button\" class=\"accordion-trigger \" id=\"heading-1-2-dSQYuyax7A\" aria-controls=\"section-1-2-dSQYuyax7A\" aria-expanded=\"false\" aria-disabled=\"false\">\n                          <span class=\"item-title\">Faculty<\/span>\n            \n                      <\/button>\n\n          <div id=\"section-1-2-dSQYuyax7A\" role=\"region\" aria-labelledby=\"heading-1-2-dSQYuyax7A\" class=\"accordion-panel\">\n\n                            \n    \n\n\n\n\n\n\n<div\n  class=\"cc--component-container cc--rich-text \"\n\n  \n  \n  \n  \n  \n  \n  >\n  <div class=\"c--component c--rich-text\"\n    \n      >\n\n    \n      \n<div class=\"f--field f--wysiwyg\">\n\n    \n  <p><span data-olk-copy-source=\"MessageBody\">Dr. Hagit Arieli-Chai specializes in language acquisition and proficiency, with a particular emphasis on communicative competence. She holds a Ph.D. in Foreign Languages and Literatures, with an emphasis in Hebrew Studies, from the University of Strasbourg, and currently serves as Hebrew Language Coordinator for HUC\u2019s Louchheim School for Judaic Studies at USC. In her language courses, Prof. Arieli-Chai integrates Israeli history and culture to deepen students\u2019 linguistic and cultural understanding.<\/span><\/p>\n<p>Her research focuses on language acquisition methodologies, the linguistic phenomenon of Hebrew roots, and the development of cultural competency. She has published several articles in\u00a0<i>Revue europ\u00e9enne des \u00e9tudes h\u00e9bra\u00efques<\/i>\u00a0(REEH) \u2013\u00a0<i>European Journal of Hebrew Studies<\/i>.<\/p>\n<p><span data-olk-copy-source=\"MessageBody\">Prof. Arieli-Chai is certified by the American Council on the Teaching of Foreign Languages (ACTFL) as a national assessor in both oral and written language proficiency.<\/span><\/p>\n\n\n\n<\/div>\n\n\n  <\/div><\/div>\n            \n                      <\/div>\n        <\/li>\n\n              <li>\n          <button type=\"button\" class=\"accordion-trigger \" id=\"heading-1-3-dSQYuyax7A\" aria-controls=\"section-1-3-dSQYuyax7A\" aria-expanded=\"false\" aria-disabled=\"false\">\n                          <span class=\"item-title\">Hebrew Assessment<\/span>\n            \n                      <\/button>\n\n          <div id=\"section-1-3-dSQYuyax7A\" role=\"region\" aria-labelledby=\"heading-1-3-dSQYuyax7A\" class=\"accordion-panel\">\n\n                            \n    \n\n\n\n\n\n\n<div\n  class=\"cc--component-container cc--rich-text \"\n\n  \n  \n  \n  \n  \n  \n  >\n  <div class=\"c--component c--rich-text\"\n    \n      >\n\n    \n      \n<div class=\"f--field f--wysiwyg\">\n\n    \n  <p>To schedule a Hebrew Assessment email hebrew@usc.edu or call (213)765-2113.<\/p>\n<p>&nbsp;<\/p>\n<p>&nbsp;<\/p>\n\n\n\n<\/div>\n\n\n  <\/div><\/div>\n            \n                      <\/div>\n        <\/li>\n\n              <li>\n          <button type=\"button\" class=\"accordion-trigger \" id=\"heading-1-4-dSQYuyax7A\" aria-controls=\"section-1-4-dSQYuyax7A\" aria-expanded=\"false\" aria-disabled=\"false\">\n                          <span class=\"item-title\">Study Abroad in Israel<\/span>\n            \n                      <\/button>\n\n          <div id=\"section-1-4-dSQYuyax7A\" role=\"region\" aria-labelledby=\"heading-1-4-dSQYuyax7A\" class=\"accordion-panel\">\n\n                            \n    \n\n\n\n\n\n\n<div\n  class=\"cc--component-container cc--rich-text \"\n\n  \n  \n  \n  \n  \n  \n  >\n  <div class=\"c--component c--rich-text\"\n    \n      >\n\n    \n      \n<div class=\"f--field f--wysiwyg\">\n\n    \n  <p>USC undergraduates may spend one semester or a year at Hebrew University of Jerusalem (HUJ) in the Rothberg International School (RIS). The program begins with a three-week pre-semester period of intensive Hebrew language study. USC students take a semester-long Hebrew language course and English-taught courses at RIS in fields such as archaeology, art history, environmental studies, history, international relations, Jewish and religious studies, Middle East and Islamic studies, literature, political science, neuroscience, and psychology. Students may also take Arabic or Yiddish at RIS. Although most regular HUJ courses are taught in Hebrew, there are well over a dozen regular HUJ courses offered in English. All USC students are required to take at least one regular HUJ course taught in English (or in Hebrew for students with advanced language ability). Students live on campus and participate in a variety of social and cultural activities at the university. Students must have completed one semester of college-level Hebrew or the equivalent to participate in this program. You can find more information about the program and <a href=\"https:\/\/dornsife.usc.edu\/overseas-studies\/apply\/\">how to apply<\/a> from the Office of Overseas Studies.<\/p>\n\n\n\n<\/div>\n\n\n  <\/div><\/div>\n            \n                      <\/div>\n        <\/li>\n\n              <li>\n          <button type=\"button\" class=\"accordion-trigger \" id=\"heading-1-5-dSQYuyax7A\" aria-controls=\"section-1-5-dSQYuyax7A\" aria-expanded=\"false\" aria-disabled=\"false\">\n                          <span class=\"item-title\">USC Language Center<\/span>\n            \n                      <\/button>\n\n          <div id=\"section-1-5-dSQYuyax7A\" role=\"region\" aria-labelledby=\"heading-1-5-dSQYuyax7A\" class=\"accordion-panel\">\n\n                            \n    \n\n\n\n\n\n\n<div\n  class=\"cc--component-container cc--rich-text \"\n\n  \n  \n  \n  \n  \n  \n  >\n  <div class=\"c--component c--rich-text\"\n    \n      >\n\n    \n      \n<div class=\"f--field f--wysiwyg\">\n\n    \n  <p>The USC Center for Languages and Cultures\u2019s main mission is to promote language learning at USC.<\/p>\n<p><a href=\"https:\/\/dornsife.usc.edu\/center-for-languages-and-cultures\/usc-languages\/hebrew\/\">Hebrew, USC Center for Languages and Culture<\/a><\/p>\n\n\n\n<\/div>\n\n\n  <\/div><\/div>\n            \n                      <\/div>\n        <\/li>\n\n              <li>\n          <button type=\"button\" class=\"accordion-trigger \" id=\"heading-1-6-dSQYuyax7A\" aria-controls=\"section-1-6-dSQYuyax7A\" aria-expanded=\"false\" aria-disabled=\"false\">\n                          <span class=\"item-title\">Resources<\/span>\n            \n                      <\/button>\n\n          <div id=\"section-1-6-dSQYuyax7A\" role=\"region\" aria-labelledby=\"heading-1-6-dSQYuyax7A\" class=\"accordion-panel\">\n\n                            \n    \n\n\n\n\n\n\n<div\n  class=\"cc--component-container cc--rich-text \"\n\n  \n  \n  \n  \n  \n  \n  >\n  <div class=\"c--component c--rich-text\"\n    \n      >\n\n    \n      \n<div class=\"f--field f--wysiwyg\">\n\n    \n  <p>Several websites offer a wealth of educational material about Hebrew language and culture as well as other languages of Jewish experience. Many help students gain proficiency in reading, speaking, and listening. <strong>Here are some of our favorites: <\/strong><\/p>\n<p><strong>Hebrew Language<\/strong><br \/>\n<a href=\"https:\/\/www.brandeis.edu\/near-eastern-judaic\/hebrew-language\/index.html\">Hebrew Language Program, Brandeis University<\/a><br \/>\n<a href=\"https:\/\/hebrew.laits.utexas.edu\/\" target=\"_blank\" rel=\"noopener\">Hebrew Language at the University of Texas <\/a><br \/>\n<a href=\"https:\/\/www.sbl-site.org\/default.aspx\" target=\"_blank\" rel=\"noopener\">Society of Biblical Literature <\/a><br \/>\n<a href=\"https:\/\/www.associationforjewishstudies.org\/\" target=\"_blank\" rel=\"noopener\">Association for Jewish Studies <\/a><br \/>\n<a href=\"https:\/\/www.aarweb.org\/\" target=\"_blank\" rel=\"noopener\"> American Academy of Religion <\/a><br \/>\n<a href=\"https:\/\/ajhs.org\/\" target=\"_blank\" rel=\"noopener\">American Jewish Historical Society <\/a><br \/>\n<a href=\"https:\/\/www.americanjewisharchives.org\/\" target=\"_blank\" rel=\"noopener\">American Jewish Archives <\/a><br \/>\n<a href=\"https:\/\/www.duolingo.com\/course\/he\/en\/Learn-Hebrew\" target=\"_blank\" rel=\"noopener\">Duolingo Hebrew <\/a><br \/>\n<a href=\"https:\/\/www.middlebury.edu\/language-schools\/languages\/hebrew\/immersion\/dates-fees\" target=\"_blank\" rel=\"noopener\">Hebrew Immersion Program at Middlebury College <\/a><\/p>\n<p><strong>Other Jewish Languages<\/strong><br \/>\n<a href=\"https:\/\/www.jewish-languages.org\/\" target=\"_blank\" rel=\"noopener\">Jewish Language Project <\/a><a href=\"https:\/\/www.jewishlanguages.org\" target=\"_blank\" rel=\"noopener\"><br \/>\n<\/a><a href=\"https:\/\/en.huji.ac.il\/\" target=\"_blank\" rel=\"noopener\"> Hebrew University of Jerusalem <\/a><a href=\"https:\/\/www.jewishlanguages.org\" target=\"_blank\" rel=\"noopener\"><br \/>\n<\/a><a href=\"https:\/\/yiddishkayt.org\/\" target=\"_blank\" rel=\"noopener\">Yiddishkayt <\/a><a href=\"https:\/\/www.jewishlanguages.org\" target=\"_blank\" rel=\"noopener\"><br \/>\n<\/a><a href=\"https:\/\/www.yivo.org\/\" target=\"_blank\" rel=\"noopener\">YIVO Institute for Jewish Research <\/a><a href=\"https:\/\/www.jewishlanguages.org\" target=\"_blank\" rel=\"noopener\"><br \/>\n<\/a><a href=\"http:\/\/www.yiddish.com.mx\/\" target=\"_blank\" rel=\"noopener\">Yiddish Workbook for Beginners <\/a><a href=\"https:\/\/www.jewishlanguages.org\" target=\"_blank\" rel=\"noopener\"><br \/>\n<\/a><a href=\"https:\/\/yiddishpop.com\/\" target=\"_blank\" rel=\"noopener\">Yiddish Pop <\/a><a href=\"https:\/\/www.jewishlanguages.org\" target=\"_blank\" rel=\"noopener\"><br \/>\n<\/a><a href=\"https:\/\/www.endangeredlanguages.com\/lang\/3444\/samples\/6796\" target=\"_blank\" rel=\"noopener\">Ladino at the Endangered Language Project<\/a><\/p>\n\n\n\n<\/div>\n\n\n  <\/div><\/div>\n            \n                      <\/div>\n        <\/li>\n\n          <\/ul>\n  \n  \n\n  <\/div><\/div>\n","protected":false},"excerpt":{"rendered":"","protected":false},"author":459,"featured_media":0,"parent":254,"menu_order":1,"comment_status":"closed","ping_status":"closed","template":"","meta":{"_acf_changed":false,"footnotes":""},"class_list":["post-1206","page","type-page","status-publish","hentry"],"acf":[],"yoast_head":"<!-- This site is optimized with the Yoast SEO plugin v27.1.1 - https:\/\/yoast.com\/product\/yoast-seo-wordpress\/ -->\n<title>Welcome to Hebrew - Jewish Studies Program<\/title>\n<meta name=\"robots\" content=\"index, follow, max-snippet:-1, max-image-preview:large, max-video-preview:-1\" \/>\n<link rel=\"canonical\" href=\"https:\/\/dornsife.usc.edu\/jewishstudies\/hebrew\/hebrew-2-2\/\" \/>\n<meta property=\"og:locale\" content=\"en_US\" \/>\n<meta property=\"og:type\" content=\"article\" \/>\n<meta property=\"og:title\" content=\"Welcome to Hebrew - Jewish Studies Program\" \/>\n<meta property=\"og:url\" content=\"https:\/\/dornsife.usc.edu\/jewishstudies\/hebrew\/hebrew-2-2\/\" \/>\n<meta property=\"og:site_name\" content=\"Jewish Studies Program\" \/>\n<meta property=\"article:modified_time\" content=\"2025-12-04T20:40:42+00:00\" \/>\n<meta name=\"twitter:card\" content=\"summary_large_image\" \/>\n<script type=\"application\/ld+json\" class=\"yoast-schema-graph\">{\"@context\":\"https:\/\/schema.org\",\"@graph\":[{\"@type\":\"WebPage\",\"@id\":\"https:\/\/dornsife.usc.edu\/jewishstudies\/hebrew\/hebrew-2-2\/\",\"url\":\"https:\/\/dornsife.usc.edu\/jewishstudies\/hebrew\/hebrew-2-2\/\",\"name\":\"Welcome to Hebrew - Jewish Studies Program\",\"isPartOf\":{\"@id\":\"https:\/\/dornsife.usc.edu\/jewishstudies\/#website\"},\"datePublished\":\"2023-08-14T21:05:44+00:00\",\"dateModified\":\"2025-12-04T20:40:42+00:00\",\"breadcrumb\":{\"@id\":\"https:\/\/dornsife.usc.edu\/jewishstudies\/hebrew\/hebrew-2-2\/#breadcrumb\"},\"inLanguage\":\"en-US\",\"potentialAction\":[{\"@type\":\"ReadAction\",\"target\":[\"https:\/\/dornsife.usc.edu\/jewishstudies\/hebrew\/hebrew-2-2\/\"]}]},{\"@type\":\"BreadcrumbList\",\"@id\":\"https:\/\/dornsife.usc.edu\/jewishstudies\/hebrew\/hebrew-2-2\/#breadcrumb\",\"itemListElement\":[{\"@type\":\"ListItem\",\"position\":1,\"name\":\"Home\",\"item\":\"https:\/\/dornsife.usc.edu\/jewishstudies\/\"},{\"@type\":\"ListItem\",\"position\":2,\"name\":\"Hebrew\",\"item\":\"https:\/\/dornsife.usc.edu\/jewishstudies\/?page_id=254\"},{\"@type\":\"ListItem\",\"position\":3,\"name\":\"Welcome to Hebrew\"}]},{\"@type\":\"WebSite\",\"@id\":\"https:\/\/dornsife.usc.edu\/jewishstudies\/#website\",\"url\":\"https:\/\/dornsife.usc.edu\/jewishstudies\/\",\"name\":\"Jewish Studies Program\",\"description\":\"USC Dornsife Jewish Studies Program\",\"potentialAction\":[{\"@type\":\"SearchAction\",\"target\":{\"@type\":\"EntryPoint\",\"urlTemplate\":\"https:\/\/dornsife.usc.edu\/jewishstudies\/?s={search_term_string}\"},\"query-input\":{\"@type\":\"PropertyValueSpecification\",\"valueRequired\":true,\"valueName\":\"search_term_string\"}}],\"inLanguage\":\"en-US\"}]}<\/script>\n<!-- \/ Yoast SEO plugin. -->","yoast_head_json":{"title":"Welcome to Hebrew - Jewish Studies Program","robots":{"index":"index","follow":"follow","max-snippet":"max-snippet:-1","max-image-preview":"max-image-preview:large","max-video-preview":"max-video-preview:-1"},"canonical":"https:\/\/dornsife.usc.edu\/jewishstudies\/hebrew\/hebrew-2-2\/","og_locale":"en_US","og_type":"article","og_title":"Welcome to Hebrew - Jewish Studies Program","og_url":"https:\/\/dornsife.usc.edu\/jewishstudies\/hebrew\/hebrew-2-2\/","og_site_name":"Jewish Studies Program","article_modified_time":"2025-12-04T20:40:42+00:00","twitter_card":"summary_large_image","schema":{"@context":"https:\/\/schema.org","@graph":[{"@type":"WebPage","@id":"https:\/\/dornsife.usc.edu\/jewishstudies\/hebrew\/hebrew-2-2\/","url":"https:\/\/dornsife.usc.edu\/jewishstudies\/hebrew\/hebrew-2-2\/","name":"Welcome to Hebrew - Jewish Studies Program","isPartOf":{"@id":"https:\/\/dornsife.usc.edu\/jewishstudies\/#website"},"datePublished":"2023-08-14T21:05:44+00:00","dateModified":"2025-12-04T20:40:42+00:00","breadcrumb":{"@id":"https:\/\/dornsife.usc.edu\/jewishstudies\/hebrew\/hebrew-2-2\/#breadcrumb"},"inLanguage":"en-US","potentialAction":[{"@type":"ReadAction","target":["https:\/\/dornsife.usc.edu\/jewishstudies\/hebrew\/hebrew-2-2\/"]}]},{"@type":"BreadcrumbList","@id":"https:\/\/dornsife.usc.edu\/jewishstudies\/hebrew\/hebrew-2-2\/#breadcrumb","itemListElement":[{"@type":"ListItem","position":1,"name":"Home","item":"https:\/\/dornsife.usc.edu\/jewishstudies\/"},{"@type":"ListItem","position":2,"name":"Hebrew","item":"https:\/\/dornsife.usc.edu\/jewishstudies\/?page_id=254"},{"@type":"ListItem","position":3,"name":"Welcome to Hebrew"}]},{"@type":"WebSite","@id":"https:\/\/dornsife.usc.edu\/jewishstudies\/#website","url":"https:\/\/dornsife.usc.edu\/jewishstudies\/","name":"Jewish Studies Program","description":"USC Dornsife Jewish Studies Program","potentialAction":[{"@type":"SearchAction","target":{"@type":"EntryPoint","urlTemplate":"https:\/\/dornsife.usc.edu\/jewishstudies\/?s={search_term_string}"},"query-input":{"@type":"PropertyValueSpecification","valueRequired":true,"valueName":"search_term_string"}}],"inLanguage":"en-US"}]}},"_links":{"self":[{"href":"https:\/\/dornsife.usc.edu\/jewishstudies\/wp-json\/wp\/v2\/pages\/1206","targetHints":{"allow":["GET"]}}],"collection":[{"href":"https:\/\/dornsife.usc.edu\/jewishstudies\/wp-json\/wp\/v2\/pages"}],"about":[{"href":"https:\/\/dornsife.usc.edu\/jewishstudies\/wp-json\/wp\/v2\/types\/page"}],"author":[{"embeddable":true,"href":"https:\/\/dornsife.usc.edu\/jewishstudies\/wp-json\/wp\/v2\/users\/459"}],"replies":[{"embeddable":true,"href":"https:\/\/dornsife.usc.edu\/jewishstudies\/wp-json\/wp\/v2\/comments?post=1206"}],"version-history":[{"count":36,"href":"https:\/\/dornsife.usc.edu\/jewishstudies\/wp-json\/wp\/v2\/pages\/1206\/revisions"}],"predecessor-version":[{"id":2431,"href":"https:\/\/dornsife.usc.edu\/jewishstudies\/wp-json\/wp\/v2\/pages\/1206\/revisions\/2431"}],"up":[{"embeddable":true,"href":"https:\/\/dornsife.usc.edu\/jewishstudies\/wp-json\/wp\/v2\/pages\/254"}],"wp:attachment":[{"href":"https:\/\/dornsife.usc.edu\/jewishstudies\/wp-json\/wp\/v2\/media?parent=1206"}],"curies":[{"name":"wp","href":"https:\/\/api.w.org\/{rel}","templated":true}]}}