{"id":449,"date":"2024-10-18T09:58:55","date_gmt":"2024-10-18T16:58:55","guid":{"rendered":"https:\/\/dornsife.usc.edu\/itch\/?page_id=449"},"modified":"2024-10-18T09:58:55","modified_gmt":"2024-10-18T16:58:55","slug":"2024-speakers","status":"publish","type":"page","link":"https:\/\/dornsife.usc.edu\/itch\/2024-speakers\/","title":{"rendered":"2024 Speakers"},"content":{"rendered":"\n\n\n\n                                                                        \n  \n    \n\n\n\n\n\n\n<div\n  class=\"cc--component-container cc--stacking-cards \"\n\n  \n  \n  \n  \n  \n  \n  >\n  <div class=\"c--component c--stacking-cards\"\n    \n      >\n\n    \n            <div class=\"header-container\">\n                                \n<div class=\"f--field f--section-title\">\n\n    \n  <h2>\n          2024 Conference Speakers\n      <\/h2>\n\n\n<\/div>\n            \n                    <\/div>\n    \n            <div class=\"cards-container\">\n            \n                <div class=\"card\">\n\n                    <div class=\"title-description\">\n\n                                                      \n<div class=\"f--field f--cta-title\">\n\n    \n  <h3>\n          Bianca Badajos, UCLA\n      <\/h3>\n\n\n<\/div>\n                        \n                                                        \n<div class=\"f--field f--description\">\n\n    \n  <p>&nbsp;<\/p>\n<p>Project: <strong>\u201cUsing 3D Data to Document and Exhibit Cultural Heritage\u201d<\/strong><\/p>\n<p>Bianca Badajos<span style=\"font-weight: 400;\"> is a programmer for Lux Lab, UCLA Library\u2019s 3D Data Lab. She works on 3D data processing and visualization alongside researchers to effectively display 3D models.<\/span><\/p>\n\n\n\n<\/div>\n                        \n                    <\/div>\n\n\n                    \n                <\/div>\n\n            \n                <div class=\"card\">\n\n                    <div class=\"title-description\">\n\n                                                      \n<div class=\"f--field f--cta-title\">\n\n    \n  <h3>\n          Rashida Braggs, Williams College\n      <\/h3>\n\n\n<\/div>\n                        \n                                                        \n<div class=\"f--field f--description\">\n\n    \n  <p>&nbsp;<\/p>\n<p>Project: <strong>\u201cExploring Volumetric Video Capture for Humanities Scholarship and Pedagogy\u201d<\/strong><\/p>\n<p>Rashida Braggs<span style=\"font-weight: 400;\"> is chair and professor of Africana Studies and Faculty Affiliate in Comparative Literature at Williams College.<\/span><\/p>\n\n\n\n<\/div>\n                        \n                    <\/div>\n\n\n                    \n                <\/div>\n\n            \n                <div class=\"card\">\n\n                    <div class=\"title-description\">\n\n                                                      \n<div class=\"f--field f--cta-title\">\n\n    \n  <h3>\n          Bryan Carter, University of Arizona\n      <\/h3>\n\n\n<\/div>\n                        \n                                                        \n<div class=\"f--field f--description\">\n\n    \n  <p>&nbsp;<\/p>\n<p>Project: <strong>\u201cExploring Volumetric Video Capture for Humanities Scholarship and Pedagogy\u201d\u00a0<\/strong><\/p>\n<p>Bryan Carter<span style=\"font-weight: 400;\"> is Associate Professor of Africana Studies and Director of the Center for Digital Humanities at University of Arizona.<\/span><\/p>\n\n\n\n<\/div>\n                        \n                    <\/div>\n\n\n                    \n                <\/div>\n\n            \n                <div class=\"card\">\n\n                    <div class=\"title-description\">\n\n                                                      \n<div class=\"f--field f--cta-title\">\n\n    \n  <h3>\n          Tom Chandler, Monash University\n      <\/h3>\n\n\n<\/div>\n                        \n                                                        \n<div class=\"f--field f--description\">\n\n    \n  <p>&nbsp;<\/p>\n<p>Project: <strong>&#8220;Virtual Angkor&#8221;<\/strong><\/p>\n<p><span style=\"font-weight: 400;\">Tom Chandler is Associate Professor of Human Centered Computing at Monash University in Australia. His research explores 3D Modeling and virtual environments in research visualization.<\/span><\/p>\n\n\n\n<\/div>\n                        \n                    <\/div>\n\n\n                    \n                <\/div>\n\n            \n                <div class=\"card\">\n\n                    <div class=\"title-description\">\n\n                                                      \n<div class=\"f--field f--cta-title\">\n\n    \n  <h3>\n          Doug Daniels, UCLA\n      <\/h3>\n\n\n<\/div>\n                        \n                                                        \n<div class=\"f--field f--description\">\n\n    \n  <p>&nbsp;<\/p>\n<p>Project: <strong>\u201cUsing 3D Data to Document and Exhibit Cultural Heritage\u201d<\/strong><\/p>\n<p>Doug Daniels<span style=\"font-weight: 400;\"> is an Emerging Technologies Librarian at UCLA\u2019s Data Science Center. His interests include digital asset management, data visualization, data mining, 3D preservation, privacy issues and cultural heritage preservation.<\/span><\/p>\n\n\n\n<\/div>\n                        \n                    <\/div>\n\n\n                    \n                <\/div>\n\n            \n                <div class=\"card\">\n\n                    <div class=\"title-description\">\n\n                                                      \n<div class=\"f--field f--cta-title\">\n\n    \n  <h3>\n          Aftab Hafeez, Google\n      <\/h3>\n\n\n<\/div>\n                        \n                                                        \n<div class=\"f--field f--description\">\n\n    \n  <p>&nbsp;<\/p>\n<p>Project: <strong>\u201cPlaying with Time: Great Perfection History in Virtual Reality\u201d<\/strong><\/p>\n<p>Aftab Hafeez<span style=\"font-weight: 400;\"> is a spatial audio UX research engineer at Google. Aftab is also a visiting VR designer at Stanford University\u2019s Center for Spatial and Textual Analysis (CESTA).<\/span><\/p>\n\n\n\n<\/div>\n                        \n                    <\/div>\n\n\n                    \n                <\/div>\n\n            \n                <div class=\"card\">\n\n                    <div class=\"title-description\">\n\n                                                      \n<div class=\"f--field f--cta-title\">\n\n    \n  <h3>\n          Elaine Lai, Stanford University\n      <\/h3>\n\n\n<\/div>\n                        \n                                                        \n<div class=\"f--field f--description\">\n\n    \n  <p>&nbsp;<\/p>\n<p>Project: <strong>&#8220;Playing with Time: Great Perfection History in Virtual Reality&#8221;<\/strong><\/p>\n<p>Elaine Lai <span style=\"font-weight: 400;\">is lecturer for Civic, Liberal, and Global Education at Stanford University. She is a scholar of Buddhism, and completed her PhD in Religious Studies at Stanford in 2024.<\/span><\/p>\n\n\n\n<\/div>\n                        \n                    <\/div>\n\n\n                    \n                <\/div>\n\n            \n                <div class=\"card\">\n\n                    <div class=\"title-description\">\n\n                                                      \n<div class=\"f--field f--cta-title\">\n\n    \n  <h3>\n          Elizabeth Lee, CyArk\n      <\/h3>\n\n\n<\/div>\n                        \n                                                        \n<div class=\"f--field f--description\">\n\n    \n  <p>&nbsp;<\/p>\n<p>Project: <strong>&#8220;Tapestry: Enhancing Engagement with Cultural Heritage through Multivocal Spatial Storytelling&#8221;<\/strong><\/p>\n<p>Elizabeth Lee<span style=\"font-weight: 400;\"> is Vice President of Programs and Development at CyArk. Originally trained as an archaeologist, Elizabeth has been applying 3D technologies to the cultural field for over a decade.<\/span><\/p>\n\n\n\n<\/div>\n                        \n                    <\/div>\n\n\n                    \n                <\/div>\n\n            \n                <div class=\"card\">\n\n                    <div class=\"title-description\">\n\n                                                      \n<div class=\"f--field f--cta-title\">\n\n    \n  <h3>\n          Zack Lischer-Katz, University of Arizona\n      <\/h3>\n\n\n<\/div>\n                        \n                                                        \n<div class=\"f--field f--description\">\n\n    \n  <p>&nbsp;<\/p>\n<p>Project: <strong>\u201cExploring Volumetric Video Capture for Humanities Scholarship and Pedagogy\u201d<\/strong><\/p>\n<p>Zack Lischer-Katz<span style=\"font-weight: 400;\"> is Assistant Professor of Digital Curation and Preservation at the University of Arizona College of Information Science.<\/span><\/p>\n\n\n\n<\/div>\n                        \n                    <\/div>\n\n\n                    \n                <\/div>\n\n            \n                <div class=\"card\">\n\n                    <div class=\"title-description\">\n\n                                                      \n<div class=\"f--field f--cta-title\">\n\n    \n  <h3>\n          Rita Lucarelli, University of California, Berkeley\n      <\/h3>\n\n\n<\/div>\n                        \n                                                        \n<div class=\"f--field f--description\">\n\n    \n  <p>&nbsp;<\/p>\n<p>Project: <strong>&#8220;Recontextualizing Egypt&#8217;s Ancient Material Cultural Heritage: The &#8216;Return to the Tomb&#8217; Project&#8221;<\/strong><\/p>\n<p>Rita Lucarelli <span style=\"font-weight: 400;\">is Associate Professor of Egyptology in the Department of Middle Eastern Languages and Culture, Faculty Curator of Egyptology at the Phoebe A. Hearst Museum of Anthropology, and a Fellow of the Digital Humanities at University of California, Berkeley.<\/span><\/p>\n\n\n\n<\/div>\n                        \n                    <\/div>\n\n\n                    \n                <\/div>\n\n            \n                <div class=\"card\">\n\n                    <div class=\"title-description\">\n\n                                                      \n<div class=\"f--field f--cta-title\">\n\n    \n  <h3>\n          Cindy Nguyen, UCLA\n      <\/h3>\n\n\n<\/div>\n                        \n                                                        \n<div class=\"f--field f--description\">\n\n    \n  <p>&nbsp;<\/p>\n<p>Project: <strong>&#8220;Virtual Angkor&#8221;<\/strong><\/p>\n<p><span style=\"font-weight: 400;\">Cindy Nguyen is Assistant Professor in the Information Studies Department and Digital Humanities program at UCLA. She specializes in the history of libraries, information, and digital humanities. <\/span><\/p>\n\n\n\n<\/div>\n                        \n                    <\/div>\n\n\n                    \n                <\/div>\n\n            \n                <div class=\"card\">\n\n                    <div class=\"title-description\">\n\n                                                      \n<div class=\"f--field f--cta-title\">\n\n    \n  <h3>\n          Kelly Nguyen, UCLA\n      <\/h3>\n\n\n<\/div>\n                        \n                                                        \n<div class=\"f--field f--description\">\n\n    \n  <p>&nbsp;<\/p>\n<p>Project: <strong>\u201cUsing 3D Data to Document and Exhibit Cultural Heritage\u201d<\/strong><\/p>\n<p>Kelly Nguyen<span style=\"font-weight: 400;\"> is Assistant Professor of Classics at UCLA and a member of the UCLA Mellon Data\/Social Justice Curriculum Initiative.<\/span><\/p>\n\n\n\n<\/div>\n                        \n                    <\/div>\n\n\n                    \n                <\/div>\n\n            \n                <div class=\"card\">\n\n                    <div class=\"title-description\">\n\n                                                      \n<div class=\"f--field f--cta-title\">\n\n    \n  <h3>\n          Carlos Francisco L\u00f3pez Ram\u00edrez, Universidad Nacional Aut\u00f3noma de M\u00e9xico\n      <\/h3>\n\n\n<\/div>\n                        \n                                                        \n<div class=\"f--field f--description\">\n\n    \n  <p>&nbsp;<\/p>\n<p>Project: <strong>&#8220;MUVIAN-Digital Innovation for the Historical Reconstruction of the Basin of Mexico&#8221;\u00a0<\/strong><\/p>\n<p>Carlos Francisco L\u00f3pez Ram\u00edrez<span style=\"font-weight: 400;\"> is a programmer and 3D designer at the Universidad Nacional Aut\u00f3noma de M\u00e9xico.<\/span><\/p>\n\n\n\n<\/div>\n                        \n                    <\/div>\n\n\n                    \n                <\/div>\n\n            \n                <div class=\"card\">\n\n                    <div class=\"title-description\">\n\n                                                      \n<div class=\"f--field f--cta-title\">\n\n    \n  <h3>\n          John Ristevski, CyArk\n      <\/h3>\n\n\n<\/div>\n                        \n                                                        \n<div class=\"f--field f--description\">\n\n    \n  <p>&nbsp;<\/p>\n<p>Project: <strong>&#8220;Tapestry: Enhancing Engagement with Cultural Heritage through Multivocal Spatial Storytelling&#8221;<\/strong><\/p>\n<p>John Ristevski<span style=\"font-weight: 400;\"> is the Chairman of the Board and CEO for CyArk. John has a Masters of Science degree from UC Berkeley and degrees from the University of Melbourne in both Geomatic Engineering and Law.<\/span><\/p>\n\n\n\n<\/div>\n                        \n                    <\/div>\n\n\n                    \n                <\/div>\n\n            \n                <div class=\"card\">\n\n                    <div class=\"title-description\">\n\n                                                      \n<div class=\"f--field f--cta-title\">\n\n    \n  <h3>\n          Jesus Gerardo Medina Sanchez, Museo Virtual An\u00e1huac\n      <\/h3>\n\n\n<\/div>\n                        \n                                                        \n<div class=\"f--field f--description\">\n\n    \n  <p>&nbsp;<\/p>\n<p>Project: <strong>&#8220;MUVIAN-Digital Innovation for the Historical Reconstruction of the Basin of Mexico&#8221;<\/strong><\/p>\n<p>Jesus Gerardo Medina Sanchez<span style=\"font-weight: 400;\"> is a 3D designer for the Museo Virtual An\u00e1huac.<\/span><\/p>\n\n\n\n<\/div>\n                        \n                    <\/div>\n\n\n                    \n                <\/div>\n\n            \n                <div class=\"card\">\n\n                    <div class=\"title-description\">\n\n                                                      \n<div class=\"f--field f--cta-title\">\n\n    \n  <h3>\n          Elaine Sullivan, University of California, Santa Cruz\n      <\/h3>\n\n\n<\/div>\n                        \n                                                        \n<div class=\"f--field f--description\">\n\n    \n  <p>&nbsp;<\/p>\n<p>Project:<strong>&#8220;Recontextualizing Egypt&#8217;s Ancient Material Cultural Heritage: The &#8216;Return to the Tomb&#8217; Project&#8221;<\/strong><\/p>\n<p>Elaine Sullivan<span style=\"font-weight: 400;\"> is an Associate Professor of Egyptology in the History Department at University of California, Santa Cruz. She is a digital humanist whose first book, <\/span><i><span style=\"font-weight: 400;\">Constructing the Sacred<\/span><\/i><span style=\"font-weight: 400;\">, was born digital in 2020.<\/span><\/p>\n\n\n\n<\/div>\n                        \n                    <\/div>\n\n\n                    \n                <\/div>\n\n            \n                <div class=\"card\">\n\n                    <div class=\"title-description\">\n\n                                                      \n<div class=\"f--field f--cta-title\">\n\n    \n  <h3>\n          Sarah Swanz, Washington University, St. Louis\n      <\/h3>\n\n\n<\/div>\n                        \n                                                        \n<div class=\"f--field f--description\">\n\n    \n  <p>&nbsp;<\/p>\n<p>Project: <strong>&#8220;Facilitating Access to Hidden Collections with 3D Models&#8221;<\/strong><\/p>\n<p>Sarah Swanz<span style=\"font-weight: 400;\"> is the Digital Humanities librarian and Data Curator for deposits into Wash U Research Data.<\/span><\/p>\n\n\n\n<\/div>\n                        \n                    <\/div>\n\n\n                    \n                <\/div>\n\n            \n                <div class=\"card\">\n\n                    <div class=\"title-description\">\n\n                                                      \n<div class=\"f--field f--cta-title\">\n\n    \n  <h3>\n          Harper Tooch, Washington University, St. Louis\n      <\/h3>\n\n\n<\/div>\n                        \n                                                        \n<div class=\"f--field f--description\">\n\n    \n  <p>&nbsp;<\/p>\n<p>Project: <strong>&#8220;Facilitating Access to Hidden Collections with 3D Models&#8221;<\/strong><\/p>\n<p>Harper Tooch<span style=\"font-weight: 400;\"> is a 3D Visualization Specialist at Washington University in St. Louis. She also trained as an art historian and archaeologist.<\/span><\/p>\n\n\n\n<\/div>\n                        \n                    <\/div>\n\n\n                    \n                <\/div>\n\n            \n        <\/div>\n    \n\n  <\/div><\/div>\n","protected":false},"excerpt":{"rendered":"","protected":false},"author":608,"featured_media":445,"parent":0,"menu_order":0,"comment_status":"closed","ping_status":"closed","template":"","meta":{"_acf_changed":false,"footnotes":""},"class_list":["post-449","page","type-page","status-publish","has-post-thumbnail","hentry"],"acf":[],"yoast_head":"<!-- This site is optimized with the Yoast SEO plugin v27.1.1 - https:\/\/yoast.com\/product\/yoast-seo-wordpress\/ -->\n<title>2024 Speakers - ITCH: Immersive Technologies and Cultural Heritage<\/title>\n<meta name=\"robots\" content=\"index, follow, max-snippet:-1, max-image-preview:large, max-video-preview:-1\" \/>\n<link rel=\"canonical\" href=\"https:\/\/dornsife.usc.edu\/itch\/2024-speakers\/\" \/>\n<meta property=\"og:locale\" content=\"en_US\" \/>\n<meta property=\"og:type\" content=\"article\" \/>\n<meta property=\"og:title\" content=\"2024 Speakers - ITCH: Immersive Technologies and Cultural Heritage\" \/>\n<meta property=\"og:url\" content=\"https:\/\/dornsife.usc.edu\/itch\/2024-speakers\/\" \/>\n<meta property=\"og:site_name\" content=\"ITCH: Immersive Technologies and Cultural Heritage\" \/>\n<meta property=\"og:image\" content=\"https:\/\/dornsife.usc.edu\/itch\/wp-content\/uploads\/sites\/410\/2024\/10\/ITCH25GRID-1024x589.jpg\" \/>\n\t<meta property=\"og:image:width\" content=\"1024\" \/>\n\t<meta property=\"og:image:height\" content=\"589\" \/>\n\t<meta property=\"og:image:type\" content=\"image\/jpeg\" \/>\n<meta name=\"twitter:card\" content=\"summary_large_image\" \/>\n<script type=\"application\/ld+json\" class=\"yoast-schema-graph\">{\"@context\":\"https:\/\/schema.org\",\"@graph\":[{\"@type\":\"WebPage\",\"@id\":\"https:\/\/dornsife.usc.edu\/itch\/2024-speakers\/\",\"url\":\"https:\/\/dornsife.usc.edu\/itch\/2024-speakers\/\",\"name\":\"2024 Speakers - ITCH: Immersive Technologies and Cultural Heritage\",\"isPartOf\":{\"@id\":\"https:\/\/dornsife.usc.edu\/itch\/#website\"},\"primaryImageOfPage\":{\"@id\":\"https:\/\/dornsife.usc.edu\/itch\/2024-speakers\/#primaryimage\"},\"image\":{\"@id\":\"https:\/\/dornsife.usc.edu\/itch\/2024-speakers\/#primaryimage\"},\"thumbnailUrl\":\"https:\/\/dornsife.usc.edu\/itch\/wp-content\/uploads\/sites\/410\/2024\/10\/ITCH25GRID.jpg\",\"datePublished\":\"2024-10-18T16:58:55+00:00\",\"breadcrumb\":{\"@id\":\"https:\/\/dornsife.usc.edu\/itch\/2024-speakers\/#breadcrumb\"},\"inLanguage\":\"en-US\",\"potentialAction\":[{\"@type\":\"ReadAction\",\"target\":[\"https:\/\/dornsife.usc.edu\/itch\/2024-speakers\/\"]}]},{\"@type\":\"ImageObject\",\"inLanguage\":\"en-US\",\"@id\":\"https:\/\/dornsife.usc.edu\/itch\/2024-speakers\/#primaryimage\",\"url\":\"https:\/\/dornsife.usc.edu\/itch\/wp-content\/uploads\/sites\/410\/2024\/10\/ITCH25GRID.jpg\",\"contentUrl\":\"https:\/\/dornsife.usc.edu\/itch\/wp-content\/uploads\/sites\/410\/2024\/10\/ITCH25GRID.jpg\",\"width\":2000,\"height\":1150,\"caption\":\"A collage of 28 photos taken of speakers and participants at the ITCH 2025 conference arranged into a 7x4 grid.\"},{\"@type\":\"BreadcrumbList\",\"@id\":\"https:\/\/dornsife.usc.edu\/itch\/2024-speakers\/#breadcrumb\",\"itemListElement\":[{\"@type\":\"ListItem\",\"position\":1,\"name\":\"Home\",\"item\":\"https:\/\/dornsife.usc.edu\/itch\/\"},{\"@type\":\"ListItem\",\"position\":2,\"name\":\"2024 Speakers\"}]},{\"@type\":\"WebSite\",\"@id\":\"https:\/\/dornsife.usc.edu\/itch\/#website\",\"url\":\"https:\/\/dornsife.usc.edu\/itch\/\",\"name\":\"ITCH: Immersive Technologies and Cultural Heritage\",\"description\":\"USC Dornsife Immersive Technologies and Cultural Heritage\",\"potentialAction\":[{\"@type\":\"SearchAction\",\"target\":{\"@type\":\"EntryPoint\",\"urlTemplate\":\"https:\/\/dornsife.usc.edu\/itch\/?s={search_term_string}\"},\"query-input\":{\"@type\":\"PropertyValueSpecification\",\"valueRequired\":true,\"valueName\":\"search_term_string\"}}],\"inLanguage\":\"en-US\"}]}<\/script>\n<!-- \/ Yoast SEO plugin. -->","yoast_head_json":{"title":"2024 Speakers - ITCH: Immersive Technologies and Cultural Heritage","robots":{"index":"index","follow":"follow","max-snippet":"max-snippet:-1","max-image-preview":"max-image-preview:large","max-video-preview":"max-video-preview:-1"},"canonical":"https:\/\/dornsife.usc.edu\/itch\/2024-speakers\/","og_locale":"en_US","og_type":"article","og_title":"2024 Speakers - ITCH: Immersive Technologies and Cultural Heritage","og_url":"https:\/\/dornsife.usc.edu\/itch\/2024-speakers\/","og_site_name":"ITCH: Immersive Technologies and Cultural Heritage","og_image":[{"width":1024,"height":589,"url":"https:\/\/dornsife.usc.edu\/itch\/wp-content\/uploads\/sites\/410\/2024\/10\/ITCH25GRID-1024x589.jpg","type":"image\/jpeg"}],"twitter_card":"summary_large_image","schema":{"@context":"https:\/\/schema.org","@graph":[{"@type":"WebPage","@id":"https:\/\/dornsife.usc.edu\/itch\/2024-speakers\/","url":"https:\/\/dornsife.usc.edu\/itch\/2024-speakers\/","name":"2024 Speakers - ITCH: Immersive Technologies and Cultural Heritage","isPartOf":{"@id":"https:\/\/dornsife.usc.edu\/itch\/#website"},"primaryImageOfPage":{"@id":"https:\/\/dornsife.usc.edu\/itch\/2024-speakers\/#primaryimage"},"image":{"@id":"https:\/\/dornsife.usc.edu\/itch\/2024-speakers\/#primaryimage"},"thumbnailUrl":"https:\/\/dornsife.usc.edu\/itch\/wp-content\/uploads\/sites\/410\/2024\/10\/ITCH25GRID.jpg","datePublished":"2024-10-18T16:58:55+00:00","breadcrumb":{"@id":"https:\/\/dornsife.usc.edu\/itch\/2024-speakers\/#breadcrumb"},"inLanguage":"en-US","potentialAction":[{"@type":"ReadAction","target":["https:\/\/dornsife.usc.edu\/itch\/2024-speakers\/"]}]},{"@type":"ImageObject","inLanguage":"en-US","@id":"https:\/\/dornsife.usc.edu\/itch\/2024-speakers\/#primaryimage","url":"https:\/\/dornsife.usc.edu\/itch\/wp-content\/uploads\/sites\/410\/2024\/10\/ITCH25GRID.jpg","contentUrl":"https:\/\/dornsife.usc.edu\/itch\/wp-content\/uploads\/sites\/410\/2024\/10\/ITCH25GRID.jpg","width":2000,"height":1150,"caption":"A collage of 28 photos taken of speakers and participants at the ITCH 2025 conference arranged into a 7x4 grid."},{"@type":"BreadcrumbList","@id":"https:\/\/dornsife.usc.edu\/itch\/2024-speakers\/#breadcrumb","itemListElement":[{"@type":"ListItem","position":1,"name":"Home","item":"https:\/\/dornsife.usc.edu\/itch\/"},{"@type":"ListItem","position":2,"name":"2024 Speakers"}]},{"@type":"WebSite","@id":"https:\/\/dornsife.usc.edu\/itch\/#website","url":"https:\/\/dornsife.usc.edu\/itch\/","name":"ITCH: Immersive Technologies and Cultural Heritage","description":"USC Dornsife Immersive Technologies and Cultural Heritage","potentialAction":[{"@type":"SearchAction","target":{"@type":"EntryPoint","urlTemplate":"https:\/\/dornsife.usc.edu\/itch\/?s={search_term_string}"},"query-input":{"@type":"PropertyValueSpecification","valueRequired":true,"valueName":"search_term_string"}}],"inLanguage":"en-US"}]}},"_links":{"self":[{"href":"https:\/\/dornsife.usc.edu\/itch\/wp-json\/wp\/v2\/pages\/449","targetHints":{"allow":["GET"]}}],"collection":[{"href":"https:\/\/dornsife.usc.edu\/itch\/wp-json\/wp\/v2\/pages"}],"about":[{"href":"https:\/\/dornsife.usc.edu\/itch\/wp-json\/wp\/v2\/types\/page"}],"author":[{"embeddable":true,"href":"https:\/\/dornsife.usc.edu\/itch\/wp-json\/wp\/v2\/users\/608"}],"replies":[{"embeddable":true,"href":"https:\/\/dornsife.usc.edu\/itch\/wp-json\/wp\/v2\/comments?post=449"}],"version-history":[{"count":6,"href":"https:\/\/dornsife.usc.edu\/itch\/wp-json\/wp\/v2\/pages\/449\/revisions"}],"predecessor-version":[{"id":455,"href":"https:\/\/dornsife.usc.edu\/itch\/wp-json\/wp\/v2\/pages\/449\/revisions\/455"}],"wp:featuredmedia":[{"embeddable":true,"href":"https:\/\/dornsife.usc.edu\/itch\/wp-json\/wp\/v2\/media\/445"}],"wp:attachment":[{"href":"https:\/\/dornsife.usc.edu\/itch\/wp-json\/wp\/v2\/media?parent=449"}],"curies":[{"name":"wp","href":"https:\/\/api.w.org\/{rel}","templated":true}]}}