{"id":437,"date":"2024-10-15T09:43:23","date_gmt":"2024-10-15T16:43:23","guid":{"rendered":"https:\/\/dornsife.usc.edu\/itch\/?page_id=437"},"modified":"2026-02-17T09:44:59","modified_gmt":"2026-02-17T17:44:59","slug":"2024-videos","status":"publish","type":"page","link":"https:\/\/dornsife.usc.edu\/itch\/2024-videos\/","title":{"rendered":"2024 Videos"},"content":{"rendered":"\n\n\n\n                                \n  \n    \n\n\n\n\n\n\n<div\n  class=\"cc--component-container cc--stacking-cards \"\n\n  \n  \n  \n  \n  \n  \n  >\n  <div class=\"c--component c--stacking-cards\"\n    \n      >\n\n    \n            <div class=\"header-container\">\n                                \n<div class=\"f--field f--section-title\">\n\n    \n  <h2>\n          2024 ITCH Presentations\n      <\/h2>\n\n\n<\/div>\n            \n                    <\/div>\n    \n            <div class=\"cards-container\">\n            \n                <div class=\"card\">\n\n                    <div class=\"title-description\">\n\n                                                      \n<div class=\"f--field f--cta-title\">\n\n    \n  <h3>\n          Rita Lucarelli (UC Berkeley) &#038; Elaine Sullivan (UC Santa Cruz)\n      <\/h3>\n\n\n<\/div>\n                        \n                                                        \n<div class=\"f--field f--description\">\n\n    \n  <div class=\"video-embed\"><iframe loading=\"lazy\" width=\"560\" height=\"315\" src=\"https:\/\/www.youtube.com\/embed\/HD8SN4EifgI?si=orIeeBPJePSD7ntD\" title=\"Rita Lucarelli (UC Berkeley) &#038; Elaine Sullivan (UC Santa Cruz)\" frameborder=\"0\" allow=\"accelerometer; autoplay; clipboard-write; encrypted-media; gyroscope; picture-in-picture; web-share\" referrerpolicy=\"strict-origin-when-cross-origin\" allowfullscreen><\/iframe><\/div>\n\n\n\n<\/div>\n                        \n                    <\/div>\n\n\n                    \n                <\/div>\n\n            \n                <div class=\"card\">\n\n                    <div class=\"title-description\">\n\n                                                      \n<div class=\"f--field f--cta-title\">\n\n    \n  <h3>\n          Elaine Lai (Stanford University) &#038; Aftab Hafeez (Google)\n      <\/h3>\n\n\n<\/div>\n                        \n                                                        \n<div class=\"f--field f--description\">\n\n    \n  <div class=\"video-embed\"><iframe loading=\"lazy\" width=\"560\" height=\"315\" src=\"https:\/\/www.youtube.com\/embed\/c7_oQAcNt40?si=np_PnS0fi27qsEw3\" title=\"Elaine Lai (Stanford University) &#038; Aftab Hafeez (Google)\" frameborder=\"0\" allow=\"accelerometer; autoplay; clipboard-write; encrypted-media; gyroscope; picture-in-picture; web-share\" referrerpolicy=\"strict-origin-when-cross-origin\" allowfullscreen><\/iframe><\/div>\n\n\n\n<\/div>\n                        \n                    <\/div>\n\n\n                    \n                <\/div>\n\n            \n                <div class=\"card\">\n\n                    <div class=\"title-description\">\n\n                                                      \n<div class=\"f--field f--cta-title\">\n\n    \n  <h3>\n          Zack Lischer-Katz (University of Arizona), Rashida Braggs (Williams College), &#038; Bryan Carter (University of Arizona)\n      <\/h3>\n\n\n<\/div>\n                        \n                                                        \n<div class=\"f--field f--description\">\n\n    \n  <div class=\"video-embed\"><iframe loading=\"lazy\" width=\"560\" height=\"315\" src=\"https:\/\/www.youtube.com\/embed\/WB7y2CQenoI?si=JqGKFLJZcgW0_uJX\" title=Zack Lischer-Katz (University of Arizona), Rashida Braggs (Williams College), &#038; Brya\" frameborder=\"0\" allow=\"accelerometer; autoplay; clipboard-write; encrypted-media; gyroscope; picture-in-picture; web-share\" referrerpolicy=\"strict-origin-when-cross-origin\" allowfullscreen><\/iframe><\/div>\n\n\n\n<\/div>\n                        \n                    <\/div>\n\n\n                    \n                <\/div>\n\n            \n                <div class=\"card\">\n\n                    <div class=\"title-description\">\n\n                                                      \n<div class=\"f--field f--cta-title\">\n\n    \n  <h3>\n          Elizabeth Lee (CyArk) &#038; John Ristevski (CyArk)\n      <\/h3>\n\n\n<\/div>\n                        \n                                                        \n<div class=\"f--field f--description\">\n\n    \n  <div class=\"video-embed\"><iframe loading=\"lazy\" width=\"560\" height=\"315\" src=\"https:\/\/www.youtube.com\/embed\/r9Yj0JxB4Wc?si=zYzXlMg4zGap0iAd\" title=\"Elizabeth Lee (CyArk) &#038; John Ristevski (CyArk)\" frameborder=\"0\" allow=\"accelerometer; autoplay; clipboard-write; encrypted-media; gyroscope; picture-in-picture; web-share\" referrerpolicy=\"strict-origin-when-cross-origin\" allowfullscreen><\/iframe><\/div>\n\n\n\n<\/div>\n                        \n                    <\/div>\n\n\n                    \n                <\/div>\n\n            \n                <div class=\"card\">\n\n                    <div class=\"title-description\">\n\n                                                      \n<div class=\"f--field f--cta-title\">\n\n    \n  <h3>\n          Harper Tooch (Washington University, St. Louis) &#038; Sarah Swanz (Washington University, St. Louis)\n      <\/h3>\n\n\n<\/div>\n                        \n                                                        \n<div class=\"f--field f--description\">\n\n    \n  <div class=\"video-embed\"><iframe loading=\"lazy\" width=\"560\" height=\"315\" src=\"https:\/\/www.youtube.com\/embed\/ldWA95Oc8o4?si=yJa06gOsxmT_F0a3\" title=\"Harper Tooch (Washington University, St. Louis) &#038; Sarah Swanz (Washington University, St. Louis)\" frameborder=\"0\" allow=\"accelerometer; autoplay; clipboard-write; encrypted-media; gyroscope; picture-in-picture; web-share\" referrerpolicy=\"strict-origin-when-cross-origin\" allowfullscreen><\/iframe><\/div>\n\n\n\n<\/div>\n                        \n                    <\/div>\n\n\n                    \n                <\/div>\n\n            \n                <div class=\"card\">\n\n                    <div class=\"title-description\">\n\n                                                      \n<div class=\"f--field f--cta-title\">\n\n    \n  <h3>\n          Doug Daniels (UCLA), Bianca Badajos (UCLA), &#038; Kelly Nguyen (UCLA)\n      <\/h3>\n\n\n<\/div>\n                        \n                                                        \n<div class=\"f--field f--description\">\n\n    \n  <div class=\"video-embed\"><iframe loading=\"lazy\" width=\"560\" height=\"315\" src=\"https:\/\/www.youtube.com\/embed\/ARs60BsD5uA?si=Ha-X7kvFHHmLjCpu\" title=\"Doug Daniels (UCLA), Bianca Badajos (UCLA), &#038; Kelly Nguyen (UCLA)\" frameborder=\"0\" allow=\"accelerometer; autoplay; clipboard-write; encrypted-media; gyroscope; picture-in-picture; web-share\" referrerpolicy=\"strict-origin-when-cross-origin\" allowfullscreen><\/iframe><\/div>\n\n\n\n<\/div>\n                        \n                    <\/div>\n\n\n                    \n                <\/div>\n\n            \n                <div class=\"card\">\n\n                    <div class=\"title-description\">\n\n                                                      \n<div class=\"f--field f--cta-title\">\n\n    \n  <h3>\n          Carlos Francisco L\u00f3pez Ram\u00edrez (Museo Virtual An\u00e1huac) &#038; Jes\u00fas Gerardo Medina S\u00e1nchez (Museo Virtual An\u00e1huac)\n      <\/h3>\n\n\n<\/div>\n                        \n                                                        \n<div class=\"f--field f--description\">\n\n    \n  <div class=\"video-embed\"><iframe loading=\"lazy\" width=\"560\" height=\"315\" src=\"https:\/\/www.youtube.com\/embed\/PY15_c_nTgs?si=Dh6k28jQSPBNham9\" title=\"Carlos Francisco L\u00f3pez Ram\u00edrez (Museo Virtual An\u00e1huac) &#038; Jes\u00fas Gerardo Medina S\u00e1nchez (Museo Virtual An\u00e1huac)\" frameborder=\"0\" allow=\"accelerometer; autoplay; clipboard-write; encrypted-media; gyroscope; picture-in-picture; web-share\" referrerpolicy=\"strict-origin-when-cross-origin\" allowfullscreen><\/iframe><\/div>\n\n\n\n<\/div>\n                        \n                    <\/div>\n\n\n                    \n                <\/div>\n\n            \n                <div class=\"card\">\n\n                    <div class=\"title-description\">\n\n                                                      \n<div class=\"f--field f--cta-title\">\n\n    \n  <h3>\n          Cindy Nguyen (UCLA) &#038; Tom Chandler (Monash University)\n      <\/h3>\n\n\n<\/div>\n                        \n                                                        \n<div class=\"f--field f--description\">\n\n    \n  <div class=\"video-embed\"><iframe loading=\"lazy\" width=\"560\" height=\"315\" src=\"https:\/\/www.youtube.com\/embed\/zW7VACvGM40?si=RjPRdiF3y7pJ5Zn7\" title=\"Cindy Nguyen (UCLA) &#038; Tom Chandler (Monash University)\" frameborder=\"0\" allow=\"accelerometer; autoplay; clipboard-write; encrypted-media; gyroscope; picture-in-picture; web-share\" referrerpolicy=\"strict-origin-when-cross-origin\" allowfullscreen><\/iframe><\/div>\n\n\n\n<\/div>\n                        \n                    <\/div>\n\n\n                    \n                <\/div>\n\n            \n        <\/div>\n    \n\n  <\/div><\/div>\n\n\n\n  \n  \n    \n\n\n\n\n\n\n<div\n  class=\"cc--component-container cc--link-list \"\n\n  \n  \n  \n  \n  \n  \n  >\n  <div class=\"c--component c--link-list\"\n    \n      >\n\n    \n  \n      <div class=\"links-container\">\n\n                        \n        \n          \n            <div class=\"column\">\n                <ul>\n                                                                  <li>\n                                \n<div class=\"f--field f--link\">\n\n    \n    \n  \n<a \n  class=\"link\"\n  href= https:\/\/dornsife.usc.edu\/itch\/itch-recordings\/\n    aria-label=\"Read more about 2023 ITCH Videos\"  \n>\n    2023 ITCH Videos \n  <svg version=\"1.1\" xmlns=\"http:\/\/www.w3.org\/2000\/svg\" xmlns:xlink=\"http:\/\/www.w3.org\/1999\/xlink\" x=\"0px\" y=\"0px\" viewBox=\"0 0 35 35\" enable-background=\"new 0 0 35 35\" width=\"25\" height=\"25\" xml:space=\"preserve\"><polygon fill-rule=\"evenodd\" clip-rule=\"evenodd\" fill=\"#000\" points=\"19.3,27.5 29.3,17.5,19.3,7.5 16.3,10.4 21.4,15.4 6.7,15.4 6.7,19.6 21.4,19.6 16.3,24.6 \"\/><\/svg>\n<\/a>\n\n\n<\/div>\n\n                                                    <\/li>\n                                                          <\/ul>\n            <\/div>\n\n          \n          \n        \n          \n          \n        \n\n\n\n    <\/div>\n  \n\n  <\/div><\/div>\n\n\n\n\n  \n    \n\n\n\n\n\n\n<div\n  class=\"cc--component-container cc--rich-text \"\n\n  \n  \n  \n  \n  \n  \n  >\n  <div class=\"c--component c--rich-text\"\n    \n      >\n\n    \n      \n<div class=\"f--field f--wysiwyg\">\n\n    \n  <p><em>Banner image credit: Mats Borges &amp; Will Young<\/em><\/p>\n\n\n\n<\/div>\n\n\n  <\/div><\/div>\n","protected":false},"excerpt":{"rendered":"","protected":false},"author":608,"featured_media":445,"parent":0,"menu_order":0,"comment_status":"closed","ping_status":"closed","template":"","meta":{"_acf_changed":false,"footnotes":""},"class_list":["post-437","page","type-page","status-publish","has-post-thumbnail","hentry"],"acf":[],"yoast_head":"<!-- This site is optimized with the Yoast SEO plugin v27.1.1 - https:\/\/yoast.com\/product\/yoast-seo-wordpress\/ -->\n<title>2024 Videos - ITCH: Immersive Technologies and Cultural Heritage<\/title>\n<meta name=\"robots\" content=\"index, follow, max-snippet:-1, max-image-preview:large, max-video-preview:-1\" \/>\n<link rel=\"canonical\" href=\"https:\/\/dornsife.usc.edu\/itch\/2024-videos\/\" \/>\n<meta property=\"og:locale\" content=\"en_US\" \/>\n<meta property=\"og:type\" content=\"article\" \/>\n<meta property=\"og:title\" content=\"2024 Videos - ITCH: Immersive Technologies and Cultural Heritage\" \/>\n<meta property=\"og:url\" content=\"https:\/\/dornsife.usc.edu\/itch\/2024-videos\/\" \/>\n<meta property=\"og:site_name\" content=\"ITCH: Immersive Technologies and Cultural Heritage\" \/>\n<meta property=\"article:modified_time\" content=\"2026-02-17T17:44:59+00:00\" \/>\n<meta property=\"og:image\" content=\"https:\/\/dornsife.usc.edu\/itch\/wp-content\/uploads\/sites\/410\/2024\/10\/ITCH25GRID-1024x589.jpg\" \/>\n\t<meta property=\"og:image:width\" content=\"1024\" \/>\n\t<meta property=\"og:image:height\" content=\"589\" \/>\n\t<meta property=\"og:image:type\" content=\"image\/jpeg\" \/>\n<meta name=\"twitter:card\" content=\"summary_large_image\" \/>\n<script type=\"application\/ld+json\" class=\"yoast-schema-graph\">{\"@context\":\"https:\/\/schema.org\",\"@graph\":[{\"@type\":\"WebPage\",\"@id\":\"https:\/\/dornsife.usc.edu\/itch\/2024-videos\/\",\"url\":\"https:\/\/dornsife.usc.edu\/itch\/2024-videos\/\",\"name\":\"2024 Videos - ITCH: Immersive Technologies and Cultural Heritage\",\"isPartOf\":{\"@id\":\"https:\/\/dornsife.usc.edu\/itch\/#website\"},\"primaryImageOfPage\":{\"@id\":\"https:\/\/dornsife.usc.edu\/itch\/2024-videos\/#primaryimage\"},\"image\":{\"@id\":\"https:\/\/dornsife.usc.edu\/itch\/2024-videos\/#primaryimage\"},\"thumbnailUrl\":\"https:\/\/dornsife.usc.edu\/itch\/wp-content\/uploads\/sites\/410\/2024\/10\/ITCH25GRID.jpg\",\"datePublished\":\"2024-10-15T16:43:23+00:00\",\"dateModified\":\"2026-02-17T17:44:59+00:00\",\"breadcrumb\":{\"@id\":\"https:\/\/dornsife.usc.edu\/itch\/2024-videos\/#breadcrumb\"},\"inLanguage\":\"en-US\",\"potentialAction\":[{\"@type\":\"ReadAction\",\"target\":[\"https:\/\/dornsife.usc.edu\/itch\/2024-videos\/\"]}]},{\"@type\":\"ImageObject\",\"inLanguage\":\"en-US\",\"@id\":\"https:\/\/dornsife.usc.edu\/itch\/2024-videos\/#primaryimage\",\"url\":\"https:\/\/dornsife.usc.edu\/itch\/wp-content\/uploads\/sites\/410\/2024\/10\/ITCH25GRID.jpg\",\"contentUrl\":\"https:\/\/dornsife.usc.edu\/itch\/wp-content\/uploads\/sites\/410\/2024\/10\/ITCH25GRID.jpg\",\"width\":2000,\"height\":1150,\"caption\":\"A collage of 28 photos taken of speakers and participants at the ITCH 2025 conference arranged into a 7x4 grid.\"},{\"@type\":\"BreadcrumbList\",\"@id\":\"https:\/\/dornsife.usc.edu\/itch\/2024-videos\/#breadcrumb\",\"itemListElement\":[{\"@type\":\"ListItem\",\"position\":1,\"name\":\"Home\",\"item\":\"https:\/\/dornsife.usc.edu\/itch\/\"},{\"@type\":\"ListItem\",\"position\":2,\"name\":\"2024 Videos\"}]},{\"@type\":\"WebSite\",\"@id\":\"https:\/\/dornsife.usc.edu\/itch\/#website\",\"url\":\"https:\/\/dornsife.usc.edu\/itch\/\",\"name\":\"ITCH: Immersive Technologies and Cultural Heritage\",\"description\":\"USC Dornsife Immersive Technologies and Cultural Heritage\",\"potentialAction\":[{\"@type\":\"SearchAction\",\"target\":{\"@type\":\"EntryPoint\",\"urlTemplate\":\"https:\/\/dornsife.usc.edu\/itch\/?s={search_term_string}\"},\"query-input\":{\"@type\":\"PropertyValueSpecification\",\"valueRequired\":true,\"valueName\":\"search_term_string\"}}],\"inLanguage\":\"en-US\"}]}<\/script>\n<!-- \/ Yoast SEO plugin. -->","yoast_head_json":{"title":"2024 Videos - ITCH: Immersive Technologies and Cultural Heritage","robots":{"index":"index","follow":"follow","max-snippet":"max-snippet:-1","max-image-preview":"max-image-preview:large","max-video-preview":"max-video-preview:-1"},"canonical":"https:\/\/dornsife.usc.edu\/itch\/2024-videos\/","og_locale":"en_US","og_type":"article","og_title":"2024 Videos - ITCH: Immersive Technologies and Cultural Heritage","og_url":"https:\/\/dornsife.usc.edu\/itch\/2024-videos\/","og_site_name":"ITCH: Immersive Technologies and Cultural Heritage","article_modified_time":"2026-02-17T17:44:59+00:00","og_image":[{"width":1024,"height":589,"url":"https:\/\/dornsife.usc.edu\/itch\/wp-content\/uploads\/sites\/410\/2024\/10\/ITCH25GRID-1024x589.jpg","type":"image\/jpeg"}],"twitter_card":"summary_large_image","schema":{"@context":"https:\/\/schema.org","@graph":[{"@type":"WebPage","@id":"https:\/\/dornsife.usc.edu\/itch\/2024-videos\/","url":"https:\/\/dornsife.usc.edu\/itch\/2024-videos\/","name":"2024 Videos - ITCH: Immersive Technologies and Cultural Heritage","isPartOf":{"@id":"https:\/\/dornsife.usc.edu\/itch\/#website"},"primaryImageOfPage":{"@id":"https:\/\/dornsife.usc.edu\/itch\/2024-videos\/#primaryimage"},"image":{"@id":"https:\/\/dornsife.usc.edu\/itch\/2024-videos\/#primaryimage"},"thumbnailUrl":"https:\/\/dornsife.usc.edu\/itch\/wp-content\/uploads\/sites\/410\/2024\/10\/ITCH25GRID.jpg","datePublished":"2024-10-15T16:43:23+00:00","dateModified":"2026-02-17T17:44:59+00:00","breadcrumb":{"@id":"https:\/\/dornsife.usc.edu\/itch\/2024-videos\/#breadcrumb"},"inLanguage":"en-US","potentialAction":[{"@type":"ReadAction","target":["https:\/\/dornsife.usc.edu\/itch\/2024-videos\/"]}]},{"@type":"ImageObject","inLanguage":"en-US","@id":"https:\/\/dornsife.usc.edu\/itch\/2024-videos\/#primaryimage","url":"https:\/\/dornsife.usc.edu\/itch\/wp-content\/uploads\/sites\/410\/2024\/10\/ITCH25GRID.jpg","contentUrl":"https:\/\/dornsife.usc.edu\/itch\/wp-content\/uploads\/sites\/410\/2024\/10\/ITCH25GRID.jpg","width":2000,"height":1150,"caption":"A collage of 28 photos taken of speakers and participants at the ITCH 2025 conference arranged into a 7x4 grid."},{"@type":"BreadcrumbList","@id":"https:\/\/dornsife.usc.edu\/itch\/2024-videos\/#breadcrumb","itemListElement":[{"@type":"ListItem","position":1,"name":"Home","item":"https:\/\/dornsife.usc.edu\/itch\/"},{"@type":"ListItem","position":2,"name":"2024 Videos"}]},{"@type":"WebSite","@id":"https:\/\/dornsife.usc.edu\/itch\/#website","url":"https:\/\/dornsife.usc.edu\/itch\/","name":"ITCH: Immersive Technologies and Cultural Heritage","description":"USC Dornsife Immersive Technologies and Cultural Heritage","potentialAction":[{"@type":"SearchAction","target":{"@type":"EntryPoint","urlTemplate":"https:\/\/dornsife.usc.edu\/itch\/?s={search_term_string}"},"query-input":{"@type":"PropertyValueSpecification","valueRequired":true,"valueName":"search_term_string"}}],"inLanguage":"en-US"}]}},"_links":{"self":[{"href":"https:\/\/dornsife.usc.edu\/itch\/wp-json\/wp\/v2\/pages\/437","targetHints":{"allow":["GET"]}}],"collection":[{"href":"https:\/\/dornsife.usc.edu\/itch\/wp-json\/wp\/v2\/pages"}],"about":[{"href":"https:\/\/dornsife.usc.edu\/itch\/wp-json\/wp\/v2\/types\/page"}],"author":[{"embeddable":true,"href":"https:\/\/dornsife.usc.edu\/itch\/wp-json\/wp\/v2\/users\/608"}],"replies":[{"embeddable":true,"href":"https:\/\/dornsife.usc.edu\/itch\/wp-json\/wp\/v2\/comments?post=437"}],"version-history":[{"count":11,"href":"https:\/\/dornsife.usc.edu\/itch\/wp-json\/wp\/v2\/pages\/437\/revisions"}],"predecessor-version":[{"id":524,"href":"https:\/\/dornsife.usc.edu\/itch\/wp-json\/wp\/v2\/pages\/437\/revisions\/524"}],"wp:featuredmedia":[{"embeddable":true,"href":"https:\/\/dornsife.usc.edu\/itch\/wp-json\/wp\/v2\/media\/445"}],"wp:attachment":[{"href":"https:\/\/dornsife.usc.edu\/itch\/wp-json\/wp\/v2\/media?parent=437"}],"curies":[{"name":"wp","href":"https:\/\/api.w.org\/{rel}","templated":true}]}}