{"id":693,"date":"2023-03-24T00:03:51","date_gmt":"2023-03-24T00:03:51","guid":{"rendered":"https:\/\/dornsife.usc.edu\/fren-ital\/?page_id=693"},"modified":"2025-11-13T11:33:31","modified_gmt":"2025-11-13T19:33:31","slug":"graduate-placement","status":"publish","type":"page","link":"https:\/\/dornsife.usc.edu\/fren-ital\/graduate-placement\/","title":{"rendered":"Graduate Placement"},"content":{"rendered":"\n\n\n\n\n\n      \n  \n    \n\n\n\n\n\n\n<div\n  class=\"cc--component-container cc--accordions \"\n\n  \n  \n  \n  \n  \n  \n  >\n  <div class=\"c--component c--accordions\"\n    \n      >\n\n    \n      <div class=\"header-container\">\n\n                  \n<div class=\"f--field f--section-title\">\n\n    \n  <h2>\n          2023\n      <\/h2>\n\n\n<\/div>\n      \n      \n      \n    <\/div>\n  \n      <ul>\n              <li>\n          <button type=\"button\" class=\"accordion-trigger \" id=\"heading-1-1-BKgzLcTt9b\" aria-controls=\"section-1-1-BKgzLcTt9b\" aria-expanded=\"false\" aria-disabled=\"false\">\n                          <span class=\"item-title\">Alvin Chaun<\/span>\n            \n                      <\/button>\n\n          <div id=\"section-1-1-BKgzLcTt9b\" role=\"region\" aria-labelledby=\"heading-1-1-BKgzLcTt9b\" class=\"accordion-panel\">\n\n                            \n    \n\n\n\n\n\n\n<div\n  class=\"cc--component-container cc--rich-text \"\n\n  \n  \n  \n  \n  \n  \n  >\n  <div class=\"c--component c--rich-text\"\n    \n      >\n\n    \n      \n<div class=\"f--field f--wysiwyg\">\n\n    \n  <p>Dissertation: \u201cColonial Ventures: the Poetics of Migration, Colonization, and Labor in Francophone North America\u201d<\/p>\n\n\n\n<\/div>\n\n\n  <\/div><\/div>\n            \n                      <\/div>\n        <\/li>\n\n              <li>\n          <button type=\"button\" class=\"accordion-trigger \" id=\"heading-1-2-BKgzLcTt9b\" aria-controls=\"section-1-2-BKgzLcTt9b\" aria-expanded=\"false\" aria-disabled=\"false\">\n                          <span class=\"item-title\">Brieuc Gerard<\/span>\n            \n                      <\/button>\n\n          <div id=\"section-1-2-BKgzLcTt9b\" role=\"region\" aria-labelledby=\"heading-1-2-BKgzLcTt9b\" class=\"accordion-panel\">\n\n                            \n    \n\n\n\n\n\n\n<div\n  class=\"cc--component-container cc--rich-text \"\n\n  \n  \n  \n  \n  \n  \n  >\n  <div class=\"c--component c--rich-text\"\n    \n      >\n\n    \n      \n<div class=\"f--field f--wysiwyg\">\n\n    \n  <p>Dissertation: \u201cX-human: Radical Queer Politics in the wake of May \u201968 France\u201d<\/p>\n\n\n\n<\/div>\n\n\n  <\/div><\/div>\n            \n                      <\/div>\n        <\/li>\n\n              <li>\n          <button type=\"button\" class=\"accordion-trigger \" id=\"heading-1-3-BKgzLcTt9b\" aria-controls=\"section-1-3-BKgzLcTt9b\" aria-expanded=\"false\" aria-disabled=\"false\">\n                          <span class=\"item-title\">Katherine Hammitt<\/span>\n            \n                      <\/button>\n\n          <div id=\"section-1-3-BKgzLcTt9b\" role=\"region\" aria-labelledby=\"heading-1-3-BKgzLcTt9b\" class=\"accordion-panel\">\n\n                            \n    \n\n\n\n\n\n\n<div\n  class=\"cc--component-container cc--rich-text \"\n\n  \n  \n  \n  \n  \n  \n  >\n  <div class=\"c--component c--rich-text\"\n    \n      >\n\n    \n      \n<div class=\"f--field f--wysiwyg\">\n\n    \n  <p>Dissertation: \u201cBeyond the Sea that Separates: Francophone Voices of Oceania\u201d<\/p>\n\n\n\n<\/div>\n\n\n  <\/div><\/div>\n            \n                      <\/div>\n        <\/li>\n\n          <\/ul>\n  \n  \n\n  <\/div><\/div>\n\n\n\n\n\n\n  \n  \n    \n\n\n\n\n\n\n<div\n  class=\"cc--component-container cc--accordions \"\n\n  \n  \n  \n  \n  \n  \n  >\n  <div class=\"c--component c--accordions\"\n    \n      >\n\n    \n      <div class=\"header-container\">\n\n                  \n<div class=\"f--field f--section-title\">\n\n    \n  <h2>\n          2017\n      <\/h2>\n\n\n<\/div>\n      \n      \n      \n    <\/div>\n  \n      <ul>\n              <li>\n          <button type=\"button\" class=\"accordion-trigger \" id=\"heading-1-1-BjKyOHXpiK\" aria-controls=\"section-1-1-BjKyOHXpiK\" aria-expanded=\"false\" aria-disabled=\"false\">\n                          <span class=\"item-title\">Ingrid Leventhal<\/span>\n            \n                      <\/button>\n\n          <div id=\"section-1-1-BjKyOHXpiK\" role=\"region\" aria-labelledby=\"heading-1-1-BjKyOHXpiK\" class=\"accordion-panel\">\n\n                            \n    \n\n\n\n\n\n\n<div\n  class=\"cc--component-container cc--rich-text \"\n\n  \n  \n  \n  \n  \n  \n  >\n  <div class=\"c--component c--rich-text\"\n    \n      >\n\n    \n      \n<div class=\"f--field f--wysiwyg\">\n\n    \n  <p>Placement: \u00a0English Teacher, <span style=\"font-weight: 400\">Flintridge Sacred Heart Academy<\/span><\/p>\n<p>Dissertation: \u201c<i>L\u2019autre chez nous:\u00a0<\/i>Defining the National Body in French Literature, 1800-1848,\u201d under the supervision of Natania Meeker<\/p>\n\n\n\n<\/div>\n\n\n  <\/div><\/div>\n            \n                      <\/div>\n        <\/li>\n\n          <\/ul>\n  \n  \n\n  <\/div><\/div>\n\n\n\n\n\n\n  \n  \n    \n\n\n\n\n\n\n<div\n  class=\"cc--component-container cc--accordions \"\n\n  \n  \n  \n  \n  \n  \n  >\n  <div class=\"c--component c--accordions\"\n    \n      >\n\n    \n      <div class=\"header-container\">\n\n                  \n<div class=\"f--field f--section-title\">\n\n    \n  <h2>\n          2016\n      <\/h2>\n\n\n<\/div>\n      \n      \n      \n    <\/div>\n  \n      <ul>\n              <li>\n          <button type=\"button\" class=\"accordion-trigger \" id=\"heading-1-1-oKrfHST6IS\" aria-controls=\"section-1-1-oKrfHST6IS\" aria-expanded=\"false\" aria-disabled=\"false\">\n                          <span class=\"item-title\">Emilie Garrigou-Kempton<\/span>\n            \n                      <\/button>\n\n          <div id=\"section-1-1-oKrfHST6IS\" role=\"region\" aria-labelledby=\"heading-1-1-oKrfHST6IS\" class=\"accordion-panel\">\n\n                            \n    \n\n\n\n\n\n\n<div\n  class=\"cc--component-container cc--rich-text \"\n\n  \n  \n  \n  \n  \n  \n  >\n  <div class=\"c--component c--rich-text\"\n    \n      >\n\n    \n      \n<div class=\"f--field f--wysiwyg\">\n\n    \n  <div class=\"html-content\">Placement: Professor of French, Pasadena City College<\/div>\n<div class=\"html-content\">\n<p>Dissertation: \u201cHysteria in Lourdes and Miracles at the Salp\u00eatri\u00e8re: The Intersection of Faith and Medical Discourse in Late Nineteenth-Century French Literature,\u201d under the supervision of Natania Meeker<\/p>\n<\/div>\n\n\n\n<\/div>\n\n\n  <\/div><\/div>\n            \n                      <\/div>\n        <\/li>\n\n          <\/ul>\n  \n  \n\n  <\/div><\/div>\n\n\n\n\n\n\n  \n  \n    \n\n\n\n\n\n\n<div\n  class=\"cc--component-container cc--accordions \"\n\n  \n  \n  \n  \n  \n  \n  >\n  <div class=\"c--component c--accordions\"\n    \n      >\n\n    \n      <div class=\"header-container\">\n\n                  \n<div class=\"f--field f--section-title\">\n\n    \n  <h2>\n          2015\n      <\/h2>\n\n\n<\/div>\n      \n      \n      \n    <\/div>\n  \n      <ul>\n              <li>\n          <button type=\"button\" class=\"accordion-trigger \" id=\"heading-1-1-lmEybvC3Te\" aria-controls=\"section-1-1-lmEybvC3Te\" aria-expanded=\"false\" aria-disabled=\"false\">\n                          <span class=\"item-title\">Katy Le Bris<\/span>\n            \n                      <\/button>\n\n          <div id=\"section-1-1-lmEybvC3Te\" role=\"region\" aria-labelledby=\"heading-1-1-lmEybvC3Te\" class=\"accordion-panel\">\n\n                            \n    \n\n\n\n\n\n\n<div\n  class=\"cc--component-container cc--rich-text \"\n\n  \n  \n  \n  \n  \n  \n  >\n  <div class=\"c--component c--rich-text\"\n    \n      >\n\n    \n      \n<div class=\"f--field f--wysiwyg\">\n\n    \n  <div class=\"html-content\"><\/div>\n<div class=\"html-content\">\n<p>Placement: Freelance cultural and educational consultant in Portland, OR<\/p>\n<p>Dissertation: \u201cLaw and Disorder: Literary Case Studies of the Great Criminal in the Shadow of the Guillotine,\u201d under the supervision of Peggy Kamuf<\/p>\n<\/div>\n\n\n\n<\/div>\n\n\n  <\/div><\/div>\n            \n                      <\/div>\n        <\/li>\n\n          <\/ul>\n  \n  \n\n  <\/div><\/div>\n\n\n\n\n\n\n  \n  \n    \n\n\n\n\n\n\n<div\n  class=\"cc--component-container cc--accordions \"\n\n  \n  \n  \n  \n  \n  \n  >\n  <div class=\"c--component c--accordions\"\n    \n      >\n\n    \n      <div class=\"header-container\">\n\n                  \n<div class=\"f--field f--section-title\">\n\n    \n  <h2>\n          2014\n      <\/h2>\n\n\n<\/div>\n      \n      \n      \n    <\/div>\n  \n      <ul>\n              <li>\n          <button type=\"button\" class=\"accordion-trigger \" id=\"heading-1-1-ck0Exj_uTA\" aria-controls=\"section-1-1-ck0Exj_uTA\" aria-expanded=\"false\" aria-disabled=\"false\">\n                          <span class=\"item-title\">Lucille Toth<\/span>\n            \n                      <\/button>\n\n          <div id=\"section-1-1-ck0Exj_uTA\" role=\"region\" aria-labelledby=\"heading-1-1-ck0Exj_uTA\" class=\"accordion-panel\">\n\n                            \n    \n\n\n\n\n\n\n<div\n  class=\"cc--component-container cc--rich-text \"\n\n  \n  \n  \n  \n  \n  \n  >\n  <div class=\"c--component c--rich-text\"\n    \n      >\n\n    \n      \n<div class=\"f--field f--wysiwyg\">\n\n    \n  <div class=\"html-content\"><\/div>\n<div class=\"html-content\"><\/div>\n<div class=\"html-content\">\n<p>Placement: Associate Professor of French, Ohio State University &#8211; Newark<\/p>\n<p>Dissertation: \u201cDanser la maladie, contaminer la beaut\u00e9: a viral approach to the (choreo)graphed body,\u201d under the supervision of Natania Meeker<\/p>\n<\/div>\n\n\n\n<\/div>\n\n\n  <\/div><\/div>\n            \n                      <\/div>\n        <\/li>\n\n          <\/ul>\n  \n  \n\n  <\/div><\/div>\n\n\n\n\n\n\n  \n  \n    \n\n\n\n\n\n\n<div\n  class=\"cc--component-container cc--accordions \"\n\n  \n  \n  \n  \n  \n  \n  >\n  <div class=\"c--component c--accordions\"\n    \n      >\n\n    \n      <div class=\"header-container\">\n\n                  \n<div class=\"f--field f--section-title\">\n\n    \n  <h2>\n          2013\n      <\/h2>\n\n\n<\/div>\n      \n      \n      \n    <\/div>\n  \n      <ul>\n              <li>\n          <button type=\"button\" class=\"accordion-trigger \" id=\"heading-1-1-TlxSh2x2lb\" aria-controls=\"section-1-1-TlxSh2x2lb\" aria-expanded=\"false\" aria-disabled=\"false\">\n                          <span class=\"item-title\">Olivier Roland<\/span>\n            \n                      <\/button>\n\n          <div id=\"section-1-1-TlxSh2x2lb\" role=\"region\" aria-labelledby=\"heading-1-1-TlxSh2x2lb\" class=\"accordion-panel\">\n\n                            \n    \n\n\n\n\n\n\n<div\n  class=\"cc--component-container cc--rich-text \"\n\n  \n  \n  \n  \n  \n  \n  >\n  <div class=\"c--component c--rich-text\"\n    \n      >\n\n    \n      \n<div class=\"f--field f--wysiwyg\">\n\n    \n  <p>Placement: Freelance film producer in Belgium<\/p>\n<p>Dissertation: \u201cLa galvanisation du corps: le cin\u00e9ma fran\u00e7ais et la biopolitique,\u201d under the supervision of Akira Mizuta Lippit<\/p>\n\n\n\n<\/div>\n\n\n  <\/div><\/div>\n            \n                      <\/div>\n        <\/li>\n\n          <\/ul>\n  \n  \n\n  <\/div><\/div>\n\n\n\n\n\n\n  \n  \n    \n\n\n\n\n\n\n<div\n  class=\"cc--component-container cc--accordions \"\n\n  \n  \n  \n  \n  \n  \n  >\n  <div class=\"c--component c--accordions\"\n    \n      >\n\n    \n      <div class=\"header-container\">\n\n                  \n<div class=\"f--field f--section-title\">\n\n    \n  <h2>\n          2012\n      <\/h2>\n\n\n<\/div>\n      \n      \n      \n    <\/div>\n  \n      <ul>\n              <li>\n          <button type=\"button\" class=\"accordion-trigger \" id=\"heading-1-1-Z9ghipgvQz\" aria-controls=\"section-1-1-Z9ghipgvQz\" aria-expanded=\"false\" aria-disabled=\"false\">\n                          <span class=\"item-title\">James Rowlins<\/span>\n            \n                      <\/button>\n\n          <div id=\"section-1-1-Z9ghipgvQz\" role=\"region\" aria-labelledby=\"heading-1-1-Z9ghipgvQz\" class=\"accordion-panel\">\n\n                            \n    \n\n\n\n\n\n\n<div\n  class=\"cc--component-container cc--rich-text \"\n\n  \n  \n  \n  \n  \n  \n  >\n  <div class=\"c--component c--rich-text\"\n    \n      >\n\n    \n      \n<div class=\"f--field f--wysiwyg\">\n\n    \n  <p>Placement: Rocks Film Festivals Director<\/p>\n<p>Dissertation: \u201cDeadly deviations, subversive cinema: the influence of Hollywood film noir on the French new wave,\u201d under the supervision of Karen Pinkus<\/p>\n\n\n\n<\/div>\n\n\n  <\/div><\/div>\n            \n                      <\/div>\n        <\/li>\n\n          <\/ul>\n  \n  \n\n  <\/div><\/div>\n\n\n\n\n\n\n    \n  \n    \n\n\n\n\n\n\n<div\n  class=\"cc--component-container cc--accordions \"\n\n  \n  \n  \n  \n  \n  \n  >\n  <div class=\"c--component c--accordions\"\n    \n      >\n\n    \n      <div class=\"header-container\">\n\n                  \n<div class=\"f--field f--section-title\">\n\n    \n  <h2>\n          2010\n      <\/h2>\n\n\n<\/div>\n      \n      \n      \n    <\/div>\n  \n      <ul>\n              <li>\n          <button type=\"button\" class=\"accordion-trigger \" id=\"heading-1-1-stI6SInZKJ\" aria-controls=\"section-1-1-stI6SInZKJ\" aria-expanded=\"false\" aria-disabled=\"false\">\n                          <span class=\"item-title\">Laurence Clerfeuille<\/span>\n            \n                      <\/button>\n\n          <div id=\"section-1-1-stI6SInZKJ\" role=\"region\" aria-labelledby=\"heading-1-1-stI6SInZKJ\" class=\"accordion-panel\">\n\n                            \n    \n\n\n\n\n\n\n<div\n  class=\"cc--component-container cc--rich-text \"\n\n  \n  \n  \n  \n  \n  \n  >\n  <div class=\"c--component c--rich-text\"\n    \n      >\n\n    \n      \n<div class=\"f--field f--wysiwyg\">\n\n    \n  <div class=\"html-content\">\n<p>Placement: <span style=\"font-weight: 400\">World Language Department Chair, The Archer School for Girls<\/span><\/p>\n<p>Dissertation: \u201cR\u00e9voltes sans t\u00e9moin: la trac\u00e9e du marronnage dans la litt\u00e9rature ha\u00eftienne,\u201d under the supervision of Panivong Norindr<\/p>\n<\/div>\n\n\n\n<\/div>\n\n\n  <\/div><\/div>\n            \n                      <\/div>\n        <\/li>\n\n              <li>\n          <button type=\"button\" class=\"accordion-trigger \" id=\"heading-1-2-stI6SInZKJ\" aria-controls=\"section-1-2-stI6SInZKJ\" aria-expanded=\"false\" aria-disabled=\"false\">\n                          <span class=\"item-title\">Claire Nettleton<\/span>\n            \n                      <\/button>\n\n          <div id=\"section-1-2-stI6SInZKJ\" role=\"region\" aria-labelledby=\"heading-1-2-stI6SInZKJ\" class=\"accordion-panel\">\n\n                            \n    \n\n\n\n\n\n\n<div\n  class=\"cc--component-container cc--rich-text \"\n\n  \n  \n  \n  \n  \n  \n  >\n  <div class=\"c--component c--rich-text\"\n    \n      >\n\n    \n      \n<div class=\"f--field f--wysiwyg\">\n\n    \n  <div class=\"html-content\"><\/div>\n<div class=\"html-content\">\n<p>Placement: Academic Curator at Benton Museum of Art at Pomona College<\/p>\n<p>Dissertation: \u201cPrimal Perception: The Artist as Animal in Nineteenth-Century France,\u201d under the supervision of Ant\u00f3nia Szabari<\/p>\n<\/div>\n\n\n\n<\/div>\n\n\n  <\/div><\/div>\n            \n                      <\/div>\n        <\/li>\n\n          <\/ul>\n  \n  \n\n  <\/div><\/div>\n\n\n\n\n\n\n  \n  \n    \n\n\n\n\n\n\n<div\n  class=\"cc--component-container cc--accordions \"\n\n  \n  \n  \n  \n  \n  \n  >\n  <div class=\"c--component c--accordions\"\n    \n      >\n\n    \n      <div class=\"header-container\">\n\n                  \n<div class=\"f--field f--section-title\">\n\n    \n  <h2>\n          2008\n      <\/h2>\n\n\n<\/div>\n      \n      \n      \n    <\/div>\n  \n      <ul>\n              <li>\n          <button type=\"button\" class=\"accordion-trigger \" id=\"heading-1-1-1ot9WIwvgM\" aria-controls=\"section-1-1-1ot9WIwvgM\" aria-expanded=\"false\" aria-disabled=\"false\">\n                          <span class=\"item-title\">Barbara Boyer<\/span>\n            \n                      <\/button>\n\n          <div id=\"section-1-1-1ot9WIwvgM\" role=\"region\" aria-labelledby=\"heading-1-1-1ot9WIwvgM\" class=\"accordion-panel\">\n\n                            \n    \n\n\n\n\n\n\n<div\n  class=\"cc--component-container cc--rich-text \"\n\n  \n  \n  \n  \n  \n  \n  >\n  <div class=\"c--component c--rich-text\"\n    \n      >\n\n    \n      \n<div class=\"f--field f--wysiwyg\">\n\n    \n  <p>Placement: Associate Professor of French at Gonzaga University<\/p>\n<p>Dissertation: \u201cHistoire, nation et identit\u00e9: les femmes dans l&#8217;espace autobiographique entre la France et l&#8217;Alg\u00e9rie,\u201d under the supervision of Panivong Norindr<\/p>\n\n\n\n<\/div>\n\n\n  <\/div><\/div>\n            \n                      <\/div>\n        <\/li>\n\n          <\/ul>\n  \n  \n\n  <\/div><\/div>\n\n\n\n\n\n\n  \n  \n    \n\n\n\n\n\n\n<div\n  class=\"cc--component-container cc--accordions \"\n\n  \n  \n  \n  \n  \n  \n  >\n  <div class=\"c--component c--accordions\"\n    \n      >\n\n    \n      <div class=\"header-container\">\n\n                  \n<div class=\"f--field f--section-title\">\n\n    \n  <h2>\n          2007\n      <\/h2>\n\n\n<\/div>\n      \n      \n      \n    <\/div>\n  \n      <ul>\n              <li>\n          <button type=\"button\" class=\"accordion-trigger \" id=\"heading-1-1-H1GrTyqMda\" aria-controls=\"section-1-1-H1GrTyqMda\" aria-expanded=\"false\" aria-disabled=\"false\">\n                          <span class=\"item-title\">Leticia Villase\u00f1or<\/span>\n            \n                      <\/button>\n\n          <div id=\"section-1-1-H1GrTyqMda\" role=\"region\" aria-labelledby=\"heading-1-1-H1GrTyqMda\" class=\"accordion-panel\">\n\n                            \n    \n\n\n\n\n\n\n<div\n  class=\"cc--component-container cc--rich-text \"\n\n  \n  \n  \n  \n  \n  \n  >\n  <div class=\"c--component c--rich-text\"\n    \n      >\n\n    \n      \n<div class=\"f--field f--wysiwyg\">\n\n    \n  <p>Placement: Social Studies Instructor at St. Pius &#8211; St. Malachi Acdemy<\/p>\n<p>Dissertation: \u201cMemory Transformations in Postwar France: Contemporary Shoah Films and Literature and Their Ethical Implications,\u201d under the supervision of Panivong Norindr, 2007<\/p>\n\n\n\n<\/div>\n\n\n  <\/div><\/div>\n            \n                      <\/div>\n        <\/li>\n\n          <\/ul>\n  \n  \n\n  <\/div><\/div>\n","protected":false},"excerpt":{"rendered":"","protected":false},"author":76,"featured_media":3998,"parent":0,"menu_order":0,"comment_status":"closed","ping_status":"closed","template":"","meta":{"_acf_changed":false,"footnotes":""},"class_list":["post-693","page","type-page","status-publish","has-post-thumbnail","hentry"],"acf":[],"yoast_head":"<!-- This site is optimized with the Yoast SEO plugin v27.1.1 - https:\/\/yoast.com\/product\/yoast-seo-wordpress\/ -->\n<title>Graduate Placement - Department of French and Italian<\/title>\n<meta name=\"robots\" content=\"index, follow, max-snippet:-1, max-image-preview:large, max-video-preview:-1\" \/>\n<link rel=\"canonical\" href=\"https:\/\/dornsife.usc.edu\/fren-ital\/graduate-placement\/\" \/>\n<meta property=\"og:locale\" content=\"en_US\" \/>\n<meta property=\"og:type\" content=\"article\" \/>\n<meta property=\"og:title\" content=\"Graduate Placement - Department of French and Italian\" \/>\n<meta property=\"og:url\" content=\"https:\/\/dornsife.usc.edu\/fren-ital\/graduate-placement\/\" \/>\n<meta property=\"og:site_name\" content=\"Department of French and Italian\" \/>\n<meta property=\"article:modified_time\" content=\"2025-11-13T19:33:31+00:00\" \/>\n<meta property=\"og:image\" content=\"https:\/\/dornsife.usc.edu\/fren-ital\/wp-content\/uploads\/sites\/55\/2025\/10\/Untitled-2-7-1024x589.png\" \/>\n\t<meta property=\"og:image:width\" content=\"1024\" \/>\n\t<meta property=\"og:image:height\" content=\"589\" \/>\n\t<meta property=\"og:image:type\" content=\"image\/png\" \/>\n<meta name=\"twitter:card\" content=\"summary_large_image\" \/>\n<script type=\"application\/ld+json\" class=\"yoast-schema-graph\">{\"@context\":\"https:\/\/schema.org\",\"@graph\":[{\"@type\":\"WebPage\",\"@id\":\"https:\/\/dornsife.usc.edu\/fren-ital\/graduate-placement\/\",\"url\":\"https:\/\/dornsife.usc.edu\/fren-ital\/graduate-placement\/\",\"name\":\"Graduate Placement - Department of French and Italian\",\"isPartOf\":{\"@id\":\"https:\/\/dornsife.usc.edu\/fren-ital\/#website\"},\"primaryImageOfPage\":{\"@id\":\"https:\/\/dornsife.usc.edu\/fren-ital\/graduate-placement\/#primaryimage\"},\"image\":{\"@id\":\"https:\/\/dornsife.usc.edu\/fren-ital\/graduate-placement\/#primaryimage\"},\"thumbnailUrl\":\"https:\/\/dornsife.usc.edu\/fren-ital\/wp-content\/uploads\/sites\/55\/2025\/10\/Untitled-2-7.png\",\"datePublished\":\"2023-03-24T00:03:51+00:00\",\"dateModified\":\"2025-11-13T19:33:31+00:00\",\"breadcrumb\":{\"@id\":\"https:\/\/dornsife.usc.edu\/fren-ital\/graduate-placement\/#breadcrumb\"},\"inLanguage\":\"en-US\",\"potentialAction\":[{\"@type\":\"ReadAction\",\"target\":[\"https:\/\/dornsife.usc.edu\/fren-ital\/graduate-placement\/\"]}]},{\"@type\":\"ImageObject\",\"inLanguage\":\"en-US\",\"@id\":\"https:\/\/dornsife.usc.edu\/fren-ital\/graduate-placement\/#primaryimage\",\"url\":\"https:\/\/dornsife.usc.edu\/fren-ital\/wp-content\/uploads\/sites\/55\/2025\/10\/Untitled-2-7.png\",\"contentUrl\":\"https:\/\/dornsife.usc.edu\/fren-ital\/wp-content\/uploads\/sites\/55\/2025\/10\/Untitled-2-7.png\",\"width\":2000,\"height\":1150},{\"@type\":\"BreadcrumbList\",\"@id\":\"https:\/\/dornsife.usc.edu\/fren-ital\/graduate-placement\/#breadcrumb\",\"itemListElement\":[{\"@type\":\"ListItem\",\"position\":1,\"name\":\"Home\",\"item\":\"https:\/\/dornsife.usc.edu\/fren-ital\/\"},{\"@type\":\"ListItem\",\"position\":2,\"name\":\"Graduate Placement\"}]},{\"@type\":\"WebSite\",\"@id\":\"https:\/\/dornsife.usc.edu\/fren-ital\/#website\",\"url\":\"https:\/\/dornsife.usc.edu\/fren-ital\/\",\"name\":\"Department of French and Italian\",\"description\":\"USC Dornsife Department of French and Italian\",\"potentialAction\":[{\"@type\":\"SearchAction\",\"target\":{\"@type\":\"EntryPoint\",\"urlTemplate\":\"https:\/\/dornsife.usc.edu\/fren-ital\/?s={search_term_string}\"},\"query-input\":{\"@type\":\"PropertyValueSpecification\",\"valueRequired\":true,\"valueName\":\"search_term_string\"}}],\"inLanguage\":\"en-US\"}]}<\/script>\n<!-- \/ Yoast SEO plugin. -->","yoast_head_json":{"title":"Graduate Placement - Department of French and Italian","robots":{"index":"index","follow":"follow","max-snippet":"max-snippet:-1","max-image-preview":"max-image-preview:large","max-video-preview":"max-video-preview:-1"},"canonical":"https:\/\/dornsife.usc.edu\/fren-ital\/graduate-placement\/","og_locale":"en_US","og_type":"article","og_title":"Graduate Placement - Department of French and Italian","og_url":"https:\/\/dornsife.usc.edu\/fren-ital\/graduate-placement\/","og_site_name":"Department of French and Italian","article_modified_time":"2025-11-13T19:33:31+00:00","og_image":[{"width":1024,"height":589,"url":"https:\/\/dornsife.usc.edu\/fren-ital\/wp-content\/uploads\/sites\/55\/2025\/10\/Untitled-2-7-1024x589.png","type":"image\/png"}],"twitter_card":"summary_large_image","schema":{"@context":"https:\/\/schema.org","@graph":[{"@type":"WebPage","@id":"https:\/\/dornsife.usc.edu\/fren-ital\/graduate-placement\/","url":"https:\/\/dornsife.usc.edu\/fren-ital\/graduate-placement\/","name":"Graduate Placement - Department of French and Italian","isPartOf":{"@id":"https:\/\/dornsife.usc.edu\/fren-ital\/#website"},"primaryImageOfPage":{"@id":"https:\/\/dornsife.usc.edu\/fren-ital\/graduate-placement\/#primaryimage"},"image":{"@id":"https:\/\/dornsife.usc.edu\/fren-ital\/graduate-placement\/#primaryimage"},"thumbnailUrl":"https:\/\/dornsife.usc.edu\/fren-ital\/wp-content\/uploads\/sites\/55\/2025\/10\/Untitled-2-7.png","datePublished":"2023-03-24T00:03:51+00:00","dateModified":"2025-11-13T19:33:31+00:00","breadcrumb":{"@id":"https:\/\/dornsife.usc.edu\/fren-ital\/graduate-placement\/#breadcrumb"},"inLanguage":"en-US","potentialAction":[{"@type":"ReadAction","target":["https:\/\/dornsife.usc.edu\/fren-ital\/graduate-placement\/"]}]},{"@type":"ImageObject","inLanguage":"en-US","@id":"https:\/\/dornsife.usc.edu\/fren-ital\/graduate-placement\/#primaryimage","url":"https:\/\/dornsife.usc.edu\/fren-ital\/wp-content\/uploads\/sites\/55\/2025\/10\/Untitled-2-7.png","contentUrl":"https:\/\/dornsife.usc.edu\/fren-ital\/wp-content\/uploads\/sites\/55\/2025\/10\/Untitled-2-7.png","width":2000,"height":1150},{"@type":"BreadcrumbList","@id":"https:\/\/dornsife.usc.edu\/fren-ital\/graduate-placement\/#breadcrumb","itemListElement":[{"@type":"ListItem","position":1,"name":"Home","item":"https:\/\/dornsife.usc.edu\/fren-ital\/"},{"@type":"ListItem","position":2,"name":"Graduate Placement"}]},{"@type":"WebSite","@id":"https:\/\/dornsife.usc.edu\/fren-ital\/#website","url":"https:\/\/dornsife.usc.edu\/fren-ital\/","name":"Department of French and Italian","description":"USC Dornsife Department of French and Italian","potentialAction":[{"@type":"SearchAction","target":{"@type":"EntryPoint","urlTemplate":"https:\/\/dornsife.usc.edu\/fren-ital\/?s={search_term_string}"},"query-input":{"@type":"PropertyValueSpecification","valueRequired":true,"valueName":"search_term_string"}}],"inLanguage":"en-US"}]}},"_links":{"self":[{"href":"https:\/\/dornsife.usc.edu\/fren-ital\/wp-json\/wp\/v2\/pages\/693","targetHints":{"allow":["GET"]}}],"collection":[{"href":"https:\/\/dornsife.usc.edu\/fren-ital\/wp-json\/wp\/v2\/pages"}],"about":[{"href":"https:\/\/dornsife.usc.edu\/fren-ital\/wp-json\/wp\/v2\/types\/page"}],"author":[{"embeddable":true,"href":"https:\/\/dornsife.usc.edu\/fren-ital\/wp-json\/wp\/v2\/users\/76"}],"replies":[{"embeddable":true,"href":"https:\/\/dornsife.usc.edu\/fren-ital\/wp-json\/wp\/v2\/comments?post=693"}],"version-history":[{"count":13,"href":"https:\/\/dornsife.usc.edu\/fren-ital\/wp-json\/wp\/v2\/pages\/693\/revisions"}],"predecessor-version":[{"id":4521,"href":"https:\/\/dornsife.usc.edu\/fren-ital\/wp-json\/wp\/v2\/pages\/693\/revisions\/4521"}],"wp:featuredmedia":[{"embeddable":true,"href":"https:\/\/dornsife.usc.edu\/fren-ital\/wp-json\/wp\/v2\/media\/3998"}],"wp:attachment":[{"href":"https:\/\/dornsife.usc.edu\/fren-ital\/wp-json\/wp\/v2\/media?parent=693"}],"curies":[{"name":"wp","href":"https:\/\/api.w.org\/{rel}","templated":true}]}}