{"id":296,"date":"2023-06-21T11:57:59","date_gmt":"2023-06-21T18:57:59","guid":{"rendered":"https:\/\/live-usc-dornsife.pantheonsite.io\/francis-bonahon\/?page_id=296"},"modified":"2023-08-12T14:54:43","modified_gmt":"2023-08-12T21:54:43","slug":"preprints-available","status":"publish","type":"page","link":"https:\/\/dornsife.usc.edu\/francis-bonahon\/preprints-available\/","title":{"rendered":"Preprints Available"},"content":{"rendered":"\n\n  \n    \n\n\n\n\n\n\n<div\n  class=\"cc--component-container cc--rich-text \"\n\n  \n  \n  \n  \n  \n  \n  >\n  <div class=\"c--component c--rich-text\"\n    \n      >\n\n    \n      \n<div class=\"f--field f--wysiwyg\">\n\n    \n  <p>Most of my recent preprints are available on the\u00a0<a href=\"https:\/\/arxiv.org\/\" target=\"_blank\" rel=\"noopener\">arXiv<\/a>\u00a0preprint server. Here is a direct\u00a0<a href=\"https:\/\/arxiv.org\/find\/math\/1\/au:+Bonahon_F\/0\/1\/0\/all\/0\/1\" target=\"_blank\" rel=\"noopener\">link<\/a>.<\/p>\n<h4>Here are a few things which are not available on arXiv.<\/h4>\n<ul>\n<li><span class=\"title\"><strong>The hyperbolic revolution: from topology to geometry, and back,<\/strong>\u00a0in<\/span>\u00a0<em><a href=\"http:\/\/www.maa.org\/press\/ebooks\/a-century-of-advancing-mathematics\">A century of advancing mathematics<\/a>\u00a0<\/em>(S. F. Kennedy, D. J. Albers, G. L. Alexanderson, D. Dumbaugh, F. A. Farris, D. B. Haunsperger and P. Zorn eds.), 3\u201313,\u00a0<em>Math. Assoc. America, Washington, DC,<\/em>\u00a02015.\u00a0<a href=\"\/francis-bonahon\/wp-content\/uploads\/sites\/205\/2023\/06\/GeomTopMAA.pdf\" target=\"_blank\" rel=\"noopener\">PDF file<\/a>\u00a0(340K)<\/li>\n<li><strong>New Geometric Splittings of Classical Knots, and the Classification and Symmetries of Arborescent Knots<\/strong>, with Larry Siebenmann. This is the revised version of a famous unpublished manuscript, about 300 pages in its current form. After 30+ years, it may be published as a book reasonably soon (stay tuned!).\u00a0\u00a0<a href=\"\/francis-bonahon\/wp-content\/uploads\/sites\/205\/2023\/06\/BonSieb-compressed.pdf\" target=\"_blank\" rel=\"noopener\">PDF file<\/a>\u00a0(6 MB)<\/li>\n<li><strong>Closed curves on surfaces<\/strong>, monograph theoretically in preparation, although it hasn&#8217;t moved much in recent years.This is still in a very incomplete and unpolished state.\u00a0\u00a0<a href=\"\/francis-bonahon\/wp-content\/uploads\/sites\/205\/2023\/06\/Bouquin.pdf\" target=\"_blank\" rel=\"noopener\">PDF file<\/a>\u00a0\u00a0 (4 MB)<\/li>\n<li><strong>Involutions et fibr\u00e9s de Seifert dans les vari\u00e9t\u00e9s de dimension 3<\/strong>.\u00a0This is a scanned copy of my\u00a0Th\u00e8se de Troisi\u00e8me Cycle\u00a0(1979), technically unpublished (although big parts of it appeared in more general form in the monograph and articles that I have written with Larry Siebenmann). I put it here for historical purposes; note the nice handwriting.\u00a0<a href=\"\/francis-bonahon\/wp-content\/uploads\/sites\/205\/2023\/06\/These3eCycle-compressed.pdf\" target=\"_blank\" rel=\"noopener\">PDF file<\/a>\u00a0(5.3 MB)<\/li>\n<\/ul>\n<h4>Older stuff:<\/h4>\n<ul>\n<li><strong>Geometric Structures on 3-manifolds<\/strong>, appeared in the\u00a0<i>Handbook of Geometric Topology<\/i>\u00a0(R. Daverman, R. Sher eds.), Elsevier, 2002, pp. 93-164.\u00a0\u00a0<a href=\"\/francis-bonahon\/wp-content\/uploads\/sites\/205\/2023\/06\/Handbook.pdf\" target=\"_blank\" rel=\"noopener\">PDF File<\/a>\u00a0\u00a0 (760K)<\/li>\n<\/ul>\n<ul>\n<li><strong>Geodesic laminations on surfaces<\/strong>, survey article which appeared in:\u00a0\u00a0<i>Laminations and Foliations in Dynamics, Geometry and Topology\u00a0<\/i>(M, Lyubich, J. Milnor, Y. Minsky eds.), Contemporary Mathematics vol. 269, American Math. Society.\u00a0<a href=\"http:\/\/www-bcf.usc.edu\/~fbonahon\/Research\/Preprints\/StonyBrookProc.pdf\">PDF file<\/a>\u00a0\u00a0 (450K)<\/li>\n<\/ul>\n<h4>Other item of possible interest:<\/h4>\n<ul>\n<li><strong>Cent Mille Milliards de Po\u00e8mes<\/strong>\u00a0by Raymond Queneau. This Plain TeX file has a very crude randomizer which can typeset a new poem every minute. Assuming that the randomizer does not create too many duplications and that you do not waste too much time with futile activities such as sleeping, this should enable you to read all the possible poems in a little over three million years. This definitely lacks the low tech charm of the original book version (Gallimard, 1961), which can be bought from many good sources, such as\u00a0<a href=\"http:\/\/www.fnac.fr\/\">fnac.fr<\/a>\u00a0or\u00a0<a href=\"http:\/\/www.amazon.fr\/\">amazon.fr<\/a>\u00a0.\u00a0\u00a0<a href=\"\/francis-bonahon\/wp-content\/uploads\/sites\/205\/2023\/06\/sodapdf-converted.pdf\" target=\"_blank\" rel=\"noopener\">TeX file<\/a>\u00a0\u00a0 (380K)<\/li>\n<\/ul>\n\n\n\n<\/div>\n\n\n  <\/div><\/div>\n","protected":false},"excerpt":{"rendered":"","protected":false},"author":370,"featured_media":0,"parent":0,"menu_order":0,"comment_status":"closed","ping_status":"closed","template":"","meta":{"_acf_changed":false,"footnotes":""},"class_list":["post-296","page","type-page","status-publish","hentry"],"acf":[],"yoast_head":"<!-- This site is optimized with the Yoast SEO plugin v27.1.1 - https:\/\/yoast.com\/product\/yoast-seo-wordpress\/ -->\n<title>Preprints Available - Francis Bonahon<\/title>\n<meta name=\"robots\" content=\"index, follow, max-snippet:-1, max-image-preview:large, max-video-preview:-1\" \/>\n<link rel=\"canonical\" href=\"https:\/\/dornsife.usc.edu\/francis-bonahon\/preprints-available\/\" \/>\n<meta property=\"og:locale\" content=\"en_US\" \/>\n<meta property=\"og:type\" content=\"article\" \/>\n<meta property=\"og:title\" content=\"Preprints Available - Francis Bonahon\" \/>\n<meta property=\"og:url\" content=\"https:\/\/dornsife.usc.edu\/francis-bonahon\/preprints-available\/\" \/>\n<meta property=\"og:site_name\" content=\"Francis Bonahon\" \/>\n<meta property=\"article:modified_time\" content=\"2023-08-12T21:54:43+00:00\" \/>\n<meta name=\"twitter:card\" content=\"summary_large_image\" \/>\n<script type=\"application\/ld+json\" class=\"yoast-schema-graph\">{\"@context\":\"https:\/\/schema.org\",\"@graph\":[{\"@type\":\"WebPage\",\"@id\":\"https:\/\/dornsife.usc.edu\/francis-bonahon\/preprints-available\/\",\"url\":\"https:\/\/dornsife.usc.edu\/francis-bonahon\/preprints-available\/\",\"name\":\"Preprints Available - Francis Bonahon\",\"isPartOf\":{\"@id\":\"https:\/\/dornsife.usc.edu\/francis-bonahon\/#website\"},\"datePublished\":\"2023-06-21T18:57:59+00:00\",\"dateModified\":\"2023-08-12T21:54:43+00:00\",\"breadcrumb\":{\"@id\":\"https:\/\/dornsife.usc.edu\/francis-bonahon\/preprints-available\/#breadcrumb\"},\"inLanguage\":\"en-US\",\"potentialAction\":[{\"@type\":\"ReadAction\",\"target\":[\"https:\/\/dornsife.usc.edu\/francis-bonahon\/preprints-available\/\"]}]},{\"@type\":\"BreadcrumbList\",\"@id\":\"https:\/\/dornsife.usc.edu\/francis-bonahon\/preprints-available\/#breadcrumb\",\"itemListElement\":[{\"@type\":\"ListItem\",\"position\":1,\"name\":\"Home\",\"item\":\"https:\/\/dornsife.usc.edu\/francis-bonahon\/\"},{\"@type\":\"ListItem\",\"position\":2,\"name\":\"Preprints Available\"}]},{\"@type\":\"WebSite\",\"@id\":\"https:\/\/dornsife.usc.edu\/francis-bonahon\/#website\",\"url\":\"https:\/\/dornsife.usc.edu\/francis-bonahon\/\",\"name\":\"Francis Bonahon\",\"description\":\"USC Dornsife Francis Bonahon\",\"publisher\":{\"@id\":\"https:\/\/dornsife.usc.edu\/francis-bonahon\/#\/schema\/person\/9cc6b28b9d109ebf21b69fc33a414981\"},\"potentialAction\":[{\"@type\":\"SearchAction\",\"target\":{\"@type\":\"EntryPoint\",\"urlTemplate\":\"https:\/\/dornsife.usc.edu\/francis-bonahon\/?s={search_term_string}\"},\"query-input\":{\"@type\":\"PropertyValueSpecification\",\"valueRequired\":true,\"valueName\":\"search_term_string\"}}],\"inLanguage\":\"en-US\"},{\"@type\":[\"Person\",\"Organization\"],\"@id\":\"https:\/\/dornsife.usc.edu\/francis-bonahon\/#\/schema\/person\/9cc6b28b9d109ebf21b69fc33a414981\",\"name\":\"Francis Bonahon\",\"image\":{\"@type\":\"ImageObject\",\"inLanguage\":\"en-US\",\"@id\":\"https:\/\/dornsife.usc.edu\/francis-bonahon\/#\/schema\/person\/image\/\",\"url\":\"https:\/\/secure.gravatar.com\/avatar\/c12e438b8e714774fb8762301f08008caf5ba80185b9a5ed49786243cb4f7483?s=96&d=mm&r=g\",\"contentUrl\":\"https:\/\/secure.gravatar.com\/avatar\/c12e438b8e714774fb8762301f08008caf5ba80185b9a5ed49786243cb4f7483?s=96&d=mm&r=g\",\"caption\":\"Francis Bonahon\"},\"logo\":{\"@id\":\"https:\/\/dornsife.usc.edu\/francis-bonahon\/#\/schema\/person\/image\/\"},\"description\":\"Francis Bonahon is a Professor of Mathematics Emeritus at the University of Southern California, and an Adjunct Professor of Mathematics at Michigan State University.\",\"sameAs\":[\"https:\/\/dornsife.usc.edu\/francis-bonahon\/\",\"https:\/\/en.wikipedia.org\/wiki\/Francis_Bonahon\"]}]}<\/script>\n<!-- \/ Yoast SEO plugin. -->","yoast_head_json":{"title":"Preprints Available - Francis Bonahon","robots":{"index":"index","follow":"follow","max-snippet":"max-snippet:-1","max-image-preview":"max-image-preview:large","max-video-preview":"max-video-preview:-1"},"canonical":"https:\/\/dornsife.usc.edu\/francis-bonahon\/preprints-available\/","og_locale":"en_US","og_type":"article","og_title":"Preprints Available - Francis Bonahon","og_url":"https:\/\/dornsife.usc.edu\/francis-bonahon\/preprints-available\/","og_site_name":"Francis Bonahon","article_modified_time":"2023-08-12T21:54:43+00:00","twitter_card":"summary_large_image","schema":{"@context":"https:\/\/schema.org","@graph":[{"@type":"WebPage","@id":"https:\/\/dornsife.usc.edu\/francis-bonahon\/preprints-available\/","url":"https:\/\/dornsife.usc.edu\/francis-bonahon\/preprints-available\/","name":"Preprints Available - Francis Bonahon","isPartOf":{"@id":"https:\/\/dornsife.usc.edu\/francis-bonahon\/#website"},"datePublished":"2023-06-21T18:57:59+00:00","dateModified":"2023-08-12T21:54:43+00:00","breadcrumb":{"@id":"https:\/\/dornsife.usc.edu\/francis-bonahon\/preprints-available\/#breadcrumb"},"inLanguage":"en-US","potentialAction":[{"@type":"ReadAction","target":["https:\/\/dornsife.usc.edu\/francis-bonahon\/preprints-available\/"]}]},{"@type":"BreadcrumbList","@id":"https:\/\/dornsife.usc.edu\/francis-bonahon\/preprints-available\/#breadcrumb","itemListElement":[{"@type":"ListItem","position":1,"name":"Home","item":"https:\/\/dornsife.usc.edu\/francis-bonahon\/"},{"@type":"ListItem","position":2,"name":"Preprints Available"}]},{"@type":"WebSite","@id":"https:\/\/dornsife.usc.edu\/francis-bonahon\/#website","url":"https:\/\/dornsife.usc.edu\/francis-bonahon\/","name":"Francis Bonahon","description":"USC Dornsife Francis Bonahon","publisher":{"@id":"https:\/\/dornsife.usc.edu\/francis-bonahon\/#\/schema\/person\/9cc6b28b9d109ebf21b69fc33a414981"},"potentialAction":[{"@type":"SearchAction","target":{"@type":"EntryPoint","urlTemplate":"https:\/\/dornsife.usc.edu\/francis-bonahon\/?s={search_term_string}"},"query-input":{"@type":"PropertyValueSpecification","valueRequired":true,"valueName":"search_term_string"}}],"inLanguage":"en-US"},{"@type":["Person","Organization"],"@id":"https:\/\/dornsife.usc.edu\/francis-bonahon\/#\/schema\/person\/9cc6b28b9d109ebf21b69fc33a414981","name":"Francis Bonahon","image":{"@type":"ImageObject","inLanguage":"en-US","@id":"https:\/\/dornsife.usc.edu\/francis-bonahon\/#\/schema\/person\/image\/","url":"https:\/\/secure.gravatar.com\/avatar\/c12e438b8e714774fb8762301f08008caf5ba80185b9a5ed49786243cb4f7483?s=96&d=mm&r=g","contentUrl":"https:\/\/secure.gravatar.com\/avatar\/c12e438b8e714774fb8762301f08008caf5ba80185b9a5ed49786243cb4f7483?s=96&d=mm&r=g","caption":"Francis Bonahon"},"logo":{"@id":"https:\/\/dornsife.usc.edu\/francis-bonahon\/#\/schema\/person\/image\/"},"description":"Francis Bonahon is a Professor of Mathematics Emeritus at the University of Southern California, and an Adjunct Professor of Mathematics at Michigan State University.","sameAs":["https:\/\/dornsife.usc.edu\/francis-bonahon\/","https:\/\/en.wikipedia.org\/wiki\/Francis_Bonahon"]}]}},"_links":{"self":[{"href":"https:\/\/dornsife.usc.edu\/francis-bonahon\/wp-json\/wp\/v2\/pages\/296","targetHints":{"allow":["GET"]}}],"collection":[{"href":"https:\/\/dornsife.usc.edu\/francis-bonahon\/wp-json\/wp\/v2\/pages"}],"about":[{"href":"https:\/\/dornsife.usc.edu\/francis-bonahon\/wp-json\/wp\/v2\/types\/page"}],"author":[{"embeddable":true,"href":"https:\/\/dornsife.usc.edu\/francis-bonahon\/wp-json\/wp\/v2\/users\/370"}],"replies":[{"embeddable":true,"href":"https:\/\/dornsife.usc.edu\/francis-bonahon\/wp-json\/wp\/v2\/comments?post=296"}],"version-history":[{"count":6,"href":"https:\/\/dornsife.usc.edu\/francis-bonahon\/wp-json\/wp\/v2\/pages\/296\/revisions"}],"predecessor-version":[{"id":365,"href":"https:\/\/dornsife.usc.edu\/francis-bonahon\/wp-json\/wp\/v2\/pages\/296\/revisions\/365"}],"wp:attachment":[{"href":"https:\/\/dornsife.usc.edu\/francis-bonahon\/wp-json\/wp\/v2\/media?parent=296"}],"curies":[{"name":"wp","href":"https:\/\/api.w.org\/{rel}","templated":true}]}}