{"id":11456,"date":"2023-06-14T18:03:09","date_gmt":"2023-06-15T01:03:09","guid":{"rendered":"https:\/\/live-usc-dornsife.pantheonsite.io\/eri\/?page_id=11456"},"modified":"2023-06-14T18:03:10","modified_gmt":"2023-06-15T01:03:10","slug":"corredores-for-justice-a-new-approach-to-labor-migration-in-central-america-and-beyond","status":"publish","type":"page","link":"https:\/\/dornsife.usc.edu\/eri\/news-and-events\/corredores-for-justice-a-new-approach-to-labor-migration-in-central-america-and-beyond\/","title":{"rendered":"Corredores for Justice: A New Approach to Labor Migration in Central America and Beyond"},"content":{"rendered":"\n  \n    \n\n\n\n\n\n\n<div\n  class=\"cc--component-container cc--featured-block image-left\"\n\n  \n  \n  \n  \n  \n  \n  >\n  <div class=\"c--component c--featured-block\"\n    \n      >\n\n    \n  <div class=\"text-image-container\">\n    <div class=\"text-container\">\n\n                  \n<div class=\"f--field f--eyebrow\">\n\n    \n  <span>EVENTS<\/span>\n\n\n<\/div>\n      \n      \n                  \n<div class=\"f--field f--description\">\n\n    \n  <p>How do we reframe migration to move away from punitive policies and to focus instead on social and economic justice? How has the ongoing crisis of deportation and return exacerbated social inequities in Latin America, Canada, and the U.S.?<\/p>\n<p>On October 19, 2021, scholars and community organizers from across the Americas will convene to discuss how a group of organizations are forming a hemispheric network to confront some of the complex issues tied to transnational migration.<\/p>\n<p dir=\"ltr\">Panelists include:<\/p>\n<ul>\n<li dir=\"ltr\">\n<p dir=\"ltr\"><strong>Pablo Alvarado<\/strong>,\u00a0National Day Laborer Organizing Network (NDLON) and NDLON partners in Latin America<\/p>\n<\/li>\n<li dir=\"ltr\">\n<p dir=\"ltr\"><strong>Gioconda Herrera Mosquera<\/strong>, Latin American Social Sciences Institute (FLACSO)<\/p>\n<\/li>\n<li dir=\"ltr\">\n<p dir=\"ltr\"><strong>Amparo Marroqu\u00edn Parducci<\/strong>, Jos\u00e9 Sime\u00f3n Ca\u00f1as Central American University<\/p>\n<\/li>\n<\/ul>\n<p dir=\"ltr\">\u00a0Moderated by:<\/p>\n<ul>\n<li dir=\"ltr\">\n<p dir=\"ltr\"><strong>Juan De Lara<\/strong>, USC Center for Latinx &amp; Latin American Studies<\/p>\n<\/li>\n<\/ul>\n<p>In collaboration with the\u00a0<a href=\"https:\/\/urldefense.com\/v3\/__https:\/usc.us11.list-manage.com\/track\/click?u=98b764843a98800e87999cefd&amp;id=fe0ea8e796&amp;e=f3b2a59172__;!!LIr3w8kk_Xxm!8MuD-YGBqq3nXAgfBRlaqPw3w_d6NvWym0wy3XYeoRLigdmDavjyHFLe94FSDz4$\" target=\"_blank\" rel=\"noopener\">National Day Laborer Organizing Network (NDLON)<\/a>\u00a0and the\u00a0<a href=\"https:\/\/urldefense.com\/v3\/__https:\/usc.us11.list-manage.com\/track\/click?u=98b764843a98800e87999cefd&amp;id=8d113ec76a&amp;e=f3b2a59172__;!!LIr3w8kk_Xxm!8MuD-YGBqq3nXAgfBRlaqPw3w_d6NvWym0wy3XYeoRLigdmDavjyHFLeT3zYvUA$\" target=\"_blank\" rel=\"noopener\">USC Center for Latinx and Latin American Studies<\/a>.<\/p>\n<div class=\"webinar_topic\">\n<div class=\"form-group horizontal\">\n<div class=\"controls\">\n<p>Tuesday, October 19, 2021<br \/>\n12:30-2:o0pm PT<br \/>\nVirtual event<\/p>\n<\/div>\n<\/div>\n<\/div>\n\n\n\n<\/div>\n      \n          <\/div>\n\n          <div class=\"image-container\">\n            \n<div class=\"f--field f--image\">\n\n    \n    \n    \n    \n    \n    \n              \n      <img\n                            data-src=\"https:\/\/dornsife.usc.edu\/eri\/wp-content\/uploads\/sites\/41\/2023\/05\/IG_Corredores_for_Justice-1-1-768x768.png\"\n          data-srcset=\"https:\/\/dornsife.usc.edu\/eri\/wp-content\/uploads\/sites\/41\/2023\/05\/IG_Corredores_for_Justice-1-1-768x768.png 768w\"          data-sizes=\"(min-width:1024px) 50vw, (min-width:768px) 100vw, 100vw\"          class=\"lazyload\"\n        \n                  alt=\"Promotional graphic for an event.\"\n        \n        \n                                      \/>\n\n    \n    \n  \n  \n\n<\/div>\n      <\/div>\n    \n  <\/div>\n\n\n  <\/div><\/div>\n\n\n\n\n\n\n\n  \n    \n\n\n\n\n\n\n<div\n  class=\"cc--component-container cc--video-with-text \"\n\n  \n  \n  \n  \n  \n  \n  >\n  <div class=\"c--component c--video-with-text\"\n    \n      >\n\n    \n      <div class=\"header-container\">\n\n                  \n<div class=\"f--field f--section-title\">\n\n    \n  <h2>\n          Watch the webinar recording | Corredores for Justice: A New Approach to Labor Migration in Central America and Beyond\n      <\/h2>\n\n\n<\/div>\n      \n          <\/div>\n  \n\n      <div class=\"video-container\">\n              <div class=\"image-container\">\n              \n<div class=\"f--field f--image\">\n\n    \n    \n    \n    \n    \n    \n              \n      <img\n                            data-src=\"https:\/\/dornsife.usc.edu\/eri\/wp-content\/uploads\/sites\/41\/2023\/05\/Corredores_recording-768x432.jpg\"\n          data-srcset=\"https:\/\/dornsife.usc.edu\/eri\/wp-content\/uploads\/sites\/41\/2023\/05\/Corredores_recording-768x432.jpg 768w\"          data-sizes=\"(min-width:1200px) 75vw, (min-width:768px) 83vw, 100vw\"          class=\"lazyload\"\n        \n                  role=\"none\"\n        \n        \n                                      \/>\n\n    \n    \n  \n  \n\n<\/div>\n\n                      <a href=\"https:\/\/youtu.be\/H7JJ4TInp-E\" data-lity aria-label=\"Play video in lightbox\" class=\"play-video\">\n              <svg version=\"1.1\" xmlns=\"http:\/\/www.w3.org\/2000\/svg\" xmlns:xlink=\"http:\/\/www.w3.org\/1999\/xlink\" x=\"0px\" y=\"0px\" viewBox=\"0 0 75 75\" enable-background=\"new 0 0 75 75\" xml:space=\"preserve\">\n                <rect fill=\"#FFCC00\" width=\"75\" height=\"75\"\/>\n                <polygon fill-rule=\"evenodd\" clip-rule=\"evenodd\" points=\"44.4,37.5 34.2,43.9 34.2,31.1 \"\/>\n              <\/svg>\n            <\/a>\n                  <\/div>\n      \n    <\/div>\n\n  \n\n  <\/div><\/div>\n","protected":false},"excerpt":{"rendered":"","protected":false},"author":150,"featured_media":0,"parent":301,"menu_order":0,"comment_status":"closed","ping_status":"closed","template":"","meta":{"_acf_changed":false,"footnotes":""},"class_list":["post-11456","page","type-page","status-publish","hentry"],"acf":[],"yoast_head":"<!-- This site is optimized with the Yoast SEO plugin v27.1.1 - https:\/\/yoast.com\/product\/yoast-seo-wordpress\/ -->\n<title>Corredores for Justice: A New Approach to Labor Migration in Central America and Beyond - USC Equity Research Institute (ERI)<\/title>\n<meta name=\"robots\" content=\"index, follow, max-snippet:-1, max-image-preview:large, max-video-preview:-1\" \/>\n<link rel=\"canonical\" href=\"https:\/\/dornsife.usc.edu\/eri\/news-and-events\/corredores-for-justice-a-new-approach-to-labor-migration-in-central-america-and-beyond\/\" \/>\n<meta property=\"og:locale\" content=\"en_US\" \/>\n<meta property=\"og:type\" content=\"article\" \/>\n<meta property=\"og:title\" content=\"Corredores for Justice: A New Approach to Labor Migration in Central America and Beyond - USC Equity Research Institute (ERI)\" \/>\n<meta property=\"og:url\" content=\"https:\/\/dornsife.usc.edu\/eri\/news-and-events\/corredores-for-justice-a-new-approach-to-labor-migration-in-central-america-and-beyond\/\" \/>\n<meta property=\"og:site_name\" content=\"USC Equity Research Institute (ERI)\" \/>\n<meta property=\"article:modified_time\" content=\"2023-06-15T01:03:10+00:00\" \/>\n<meta name=\"twitter:card\" content=\"summary_large_image\" \/>\n<script type=\"application\/ld+json\" class=\"yoast-schema-graph\">{\"@context\":\"https:\/\/schema.org\",\"@graph\":[{\"@type\":\"WebPage\",\"@id\":\"https:\/\/dornsife.usc.edu\/eri\/news-and-events\/corredores-for-justice-a-new-approach-to-labor-migration-in-central-america-and-beyond\/\",\"url\":\"https:\/\/dornsife.usc.edu\/eri\/news-and-events\/corredores-for-justice-a-new-approach-to-labor-migration-in-central-america-and-beyond\/\",\"name\":\"Corredores for Justice: A New Approach to Labor Migration in Central America and Beyond - USC Equity Research Institute (ERI)\",\"isPartOf\":{\"@id\":\"https:\/\/dornsife.usc.edu\/eri\/#website\"},\"datePublished\":\"2023-06-15T01:03:09+00:00\",\"dateModified\":\"2023-06-15T01:03:10+00:00\",\"breadcrumb\":{\"@id\":\"https:\/\/dornsife.usc.edu\/eri\/news-and-events\/corredores-for-justice-a-new-approach-to-labor-migration-in-central-america-and-beyond\/#breadcrumb\"},\"inLanguage\":\"en-US\",\"potentialAction\":[{\"@type\":\"ReadAction\",\"target\":[\"https:\/\/dornsife.usc.edu\/eri\/news-and-events\/corredores-for-justice-a-new-approach-to-labor-migration-in-central-america-and-beyond\/\"]}]},{\"@type\":\"BreadcrumbList\",\"@id\":\"https:\/\/dornsife.usc.edu\/eri\/news-and-events\/corredores-for-justice-a-new-approach-to-labor-migration-in-central-america-and-beyond\/#breadcrumb\",\"itemListElement\":[{\"@type\":\"ListItem\",\"position\":1,\"name\":\"Home\",\"item\":\"https:\/\/dornsife.usc.edu\/eri\/\"},{\"@type\":\"ListItem\",\"position\":2,\"name\":\"News and Events\",\"item\":\"https:\/\/dornsife.usc.edu\/eri\/news-and-events\/\"},{\"@type\":\"ListItem\",\"position\":3,\"name\":\"Corredores for Justice: A New Approach to Labor Migration in Central America and Beyond\"}]},{\"@type\":\"WebSite\",\"@id\":\"https:\/\/dornsife.usc.edu\/eri\/#website\",\"url\":\"https:\/\/dornsife.usc.edu\/eri\/\",\"name\":\"USC Equity Research Institute (ERI)\",\"description\":\"Data and Analysis to Power Social Change\",\"alternateName\":\"USC ERI\",\"potentialAction\":[{\"@type\":\"SearchAction\",\"target\":{\"@type\":\"EntryPoint\",\"urlTemplate\":\"https:\/\/dornsife.usc.edu\/eri\/?s={search_term_string}\"},\"query-input\":{\"@type\":\"PropertyValueSpecification\",\"valueRequired\":true,\"valueName\":\"search_term_string\"}}],\"inLanguage\":\"en-US\"}]}<\/script>\n<!-- \/ Yoast SEO plugin. -->","yoast_head_json":{"title":"Corredores for Justice: A New Approach to Labor Migration in Central America and Beyond - USC Equity Research Institute (ERI)","robots":{"index":"index","follow":"follow","max-snippet":"max-snippet:-1","max-image-preview":"max-image-preview:large","max-video-preview":"max-video-preview:-1"},"canonical":"https:\/\/dornsife.usc.edu\/eri\/news-and-events\/corredores-for-justice-a-new-approach-to-labor-migration-in-central-america-and-beyond\/","og_locale":"en_US","og_type":"article","og_title":"Corredores for Justice: A New Approach to Labor Migration in Central America and Beyond - USC Equity Research Institute (ERI)","og_url":"https:\/\/dornsife.usc.edu\/eri\/news-and-events\/corredores-for-justice-a-new-approach-to-labor-migration-in-central-america-and-beyond\/","og_site_name":"USC Equity Research Institute (ERI)","article_modified_time":"2023-06-15T01:03:10+00:00","twitter_card":"summary_large_image","schema":{"@context":"https:\/\/schema.org","@graph":[{"@type":"WebPage","@id":"https:\/\/dornsife.usc.edu\/eri\/news-and-events\/corredores-for-justice-a-new-approach-to-labor-migration-in-central-america-and-beyond\/","url":"https:\/\/dornsife.usc.edu\/eri\/news-and-events\/corredores-for-justice-a-new-approach-to-labor-migration-in-central-america-and-beyond\/","name":"Corredores for Justice: A New Approach to Labor Migration in Central America and Beyond - USC Equity Research Institute (ERI)","isPartOf":{"@id":"https:\/\/dornsife.usc.edu\/eri\/#website"},"datePublished":"2023-06-15T01:03:09+00:00","dateModified":"2023-06-15T01:03:10+00:00","breadcrumb":{"@id":"https:\/\/dornsife.usc.edu\/eri\/news-and-events\/corredores-for-justice-a-new-approach-to-labor-migration-in-central-america-and-beyond\/#breadcrumb"},"inLanguage":"en-US","potentialAction":[{"@type":"ReadAction","target":["https:\/\/dornsife.usc.edu\/eri\/news-and-events\/corredores-for-justice-a-new-approach-to-labor-migration-in-central-america-and-beyond\/"]}]},{"@type":"BreadcrumbList","@id":"https:\/\/dornsife.usc.edu\/eri\/news-and-events\/corredores-for-justice-a-new-approach-to-labor-migration-in-central-america-and-beyond\/#breadcrumb","itemListElement":[{"@type":"ListItem","position":1,"name":"Home","item":"https:\/\/dornsife.usc.edu\/eri\/"},{"@type":"ListItem","position":2,"name":"News and Events","item":"https:\/\/dornsife.usc.edu\/eri\/news-and-events\/"},{"@type":"ListItem","position":3,"name":"Corredores for Justice: A New Approach to Labor Migration in Central America and Beyond"}]},{"@type":"WebSite","@id":"https:\/\/dornsife.usc.edu\/eri\/#website","url":"https:\/\/dornsife.usc.edu\/eri\/","name":"USC Equity Research Institute (ERI)","description":"Data and Analysis to Power Social Change","alternateName":"USC ERI","potentialAction":[{"@type":"SearchAction","target":{"@type":"EntryPoint","urlTemplate":"https:\/\/dornsife.usc.edu\/eri\/?s={search_term_string}"},"query-input":{"@type":"PropertyValueSpecification","valueRequired":true,"valueName":"search_term_string"}}],"inLanguage":"en-US"}]}},"_links":{"self":[{"href":"https:\/\/dornsife.usc.edu\/eri\/wp-json\/wp\/v2\/pages\/11456","targetHints":{"allow":["GET"]}}],"collection":[{"href":"https:\/\/dornsife.usc.edu\/eri\/wp-json\/wp\/v2\/pages"}],"about":[{"href":"https:\/\/dornsife.usc.edu\/eri\/wp-json\/wp\/v2\/types\/page"}],"author":[{"embeddable":true,"href":"https:\/\/dornsife.usc.edu\/eri\/wp-json\/wp\/v2\/users\/150"}],"replies":[{"embeddable":true,"href":"https:\/\/dornsife.usc.edu\/eri\/wp-json\/wp\/v2\/comments?post=11456"}],"version-history":[{"count":7,"href":"https:\/\/dornsife.usc.edu\/eri\/wp-json\/wp\/v2\/pages\/11456\/revisions"}],"predecessor-version":[{"id":11466,"href":"https:\/\/dornsife.usc.edu\/eri\/wp-json\/wp\/v2\/pages\/11456\/revisions\/11466"}],"up":[{"embeddable":true,"href":"https:\/\/dornsife.usc.edu\/eri\/wp-json\/wp\/v2\/pages\/301"}],"wp:attachment":[{"href":"https:\/\/dornsife.usc.edu\/eri\/wp-json\/wp\/v2\/media?parent=11456"}],"curies":[{"name":"wp","href":"https:\/\/api.w.org\/{rel}","templated":true}]}}