{"id":428,"date":"2023-05-30T17:38:52","date_gmt":"2023-05-30T17:38:52","guid":{"rendered":"https:\/\/dornsife.usc.edu\/emsi\/?page_id=428"},"modified":"2026-02-23T21:52:52","modified_gmt":"2026-02-23T21:52:52","slug":"age-of-revolutions","status":"publish","type":"page","link":"https:\/\/dornsife.usc.edu\/emsi\/seminar-series\/age-of-revolutions\/","title":{"rendered":"Age of Revolutions"},"content":{"rendered":"\n\n\n\n  \n    \n\n\n\n\n\n\n<div\n  class=\"cc--component-container cc--rich-text \"\n\n  \n  \n  \n  \n  \n  \n  >\n  <div class=\"c--component c--rich-text\"\n    \n      >\n\n    \n      \n<div class=\"f--field f--wysiwyg\">\n\n    \n  <p><strong>Seminar Leaders:<br \/>\n<\/strong><a href=\"https:\/\/dornsife.usc.edu\/profile\/nathan-perl-rosenthal\/\" target=\"_blank\" rel=\"noopener\">Nathan Perl-Rosenthal<\/a>, University of Southern California<br \/>\n<a href=\"http:\/\/mondes-americains.ehess.fr\/index.php?392\" target=\"_blank\" rel=\"noopener\">Cl\u00e9ment Thibaud<\/a>, EHESS-Mondes Am\u00e9ricains<\/p>\n<p><em><br \/>\nCo-hosted by the\u00a0<a href=\"https:\/\/www.ehess.fr\/fr\" target=\"_blank\" rel=\"noopener\">\u00c9cole\u00a0des Hautes Etudes<\/a>.<\/em><\/p>\n<p><a href=\"https:\/\/forms.gle\/sGmfQtNYMECuiVMs7\">Register to be added to the list<\/a> for receiving announcements and pre-circulated materials for all Age of Revolutions e-seminar meetings.<\/p>\n\n\n\n<\/div>\n\n\n  <\/div><\/div>\n\n\n\n\n                \n  \n    \n\n\n\n\n\n\n<div\n  class=\"cc--component-container cc--stacking-cards \"\n\n  \n  \n  \n  \n  \n  \n  >\n  <div class=\"c--component c--stacking-cards\"\n    \n      >\n\n    \n            <div class=\"header-container\">\n                                \n<div class=\"f--field f--section-title\">\n\n    \n  <h2>\n          2025-2026\n      <\/h2>\n\n\n<\/div>\n            \n                    <\/div>\n    \n            <div class=\"cards-container\">\n            \n                <div class=\"card\">\n\n                    <div class=\"title-description\">\n\n                                                      \n<div class=\"f--field f--cta-title\">\n\n    \n  <h3>\n          The Atlantic beyond the Atlantic\n      <\/h3>\n\n\n<\/div>\n                        \n                                                        \n<div class=\"f--field f--description\">\n\n    \n  <p>&nbsp;<\/p>\n<p><strong>Friday, January 23, 2026<\/strong><\/p>\n<p><em><span dir=\"ltr\" role=\"presentation\">Roundtable discussion with<br \/>\n<\/span><\/em><span dir=\"ltr\" role=\"presentation\"><a href=\"https:\/\/gufaculty360.georgetown.edu\/s\/contact\/0033600001lhQk7AAE\/elizabeth-cross\"><strong>Elizabeth Cross<\/strong><\/a>, Georgetown University<\/span><span dir=\"ltr\" role=\"presentation\"><br \/>\n<a href=\"https:\/\/imaf.cnrs.fr\/spip.php?article94&amp;lang=fr\"><strong>Camille Lefebvre<\/strong><\/a>, CNRS\/IMAF\/EHESS<br \/>\n<a href=\"https:\/\/crh.ehess.fr\/index.php?5780\"><strong>Pablo Blitstein<\/strong><\/a>, EHESS<\/span><\/p>\n<p>Virtual Meeting<br \/>\n8:30 &#8211; 10:00 am (PT)<\/p>\n\n\n\n<\/div>\n                        \n                    <\/div>\n\n\n                    \n                        \n                            \n<div class=\"f--field f--image\">\n\n    \n    \n    \n    \n    \n    \n              \n      <img decoding=\"async\"\n                            src=\"https:\/\/dornsife.usc.edu\/emsi\/wp-content\/uploads\/sites\/66\/2024\/09\/AOR-450x450-1-450x432.jpg\"\n                    sizes=\"(min-width:1024px) 23vw, (min-width:768px) 39vw, 83vw\"\n        \n                  role=\"none\"\n        \n        \n                                      \/>\n\n    \n    \n  \n  \n\n<\/div>\n\n                    \n                <\/div>\n\n            \n                <div class=\"card\">\n\n                    <div class=\"title-description\">\n\n                                                      \n<div class=\"f--field f--cta-title\">\n\n    \n  <h3>\n          <a href=\"https:\/\/bv.fapesp.br\/en\/pesquisador\/59908\/tamis-peixoto-parron\/\" \n                        class=\"\" \n      >T\u00e2mis Parron, Universidade Federal Fluminense<\/a>\n      <\/h3>\n\n\n<\/div>\n                        \n                                                        \n<div class=\"f--field f--description\">\n\n    \n  <p>&nbsp;<\/p>\n<p><strong>Thursday, February 26, 2026<\/strong><\/p>\n<p>&#8220;We, the Commodity People: Constitutions and Slavery in the Age of Revolutions (c. 1770-c. 1830)&#8221;<\/p>\n<p>Virtual Meeting<br \/>\n6:30 &#8211; 8:00 am (PT)<\/p>\n\n\n\n<\/div>\n                        \n                    <\/div>\n\n\n                    \n                        \n                            \n<div class=\"f--field f--image\">\n\n    \n        <a href=\"https:\/\/bv.fapesp.br\/en\/pesquisador\/59908\/tamis-peixoto-parron\/\"  aria-label=\"Read more about T\u00e2mis Parron, Universidade Federal Fluminense\">\n  \n    \n    \n    \n    \n              \n      <img decoding=\"async\"\n                            src=\"https:\/\/dornsife.usc.edu\/emsi\/wp-content\/uploads\/sites\/66\/2026\/01\/parron_tamis_wigh-450x432.jpg\"\n                    sizes=\"(min-width:1024px) 23vw, (min-width:768px) 39vw, 83vw\"\n        \n                  alt=\"Tamis Parron\"\n        \n        \n                                      \/>\n\n    \n    \n  \n      <\/a>\n  \n\n<\/div>\n\n                    \n                <\/div>\n\n            \n                <div class=\"card\">\n\n                    <div class=\"title-description\">\n\n                                                      \n<div class=\"f--field f--cta-title\">\n\n    \n  <h3>\n          <a href=\"https:\/\/history.jhu.edu\/directory\/sarah-pearsall\/\" \n                        class=\"\" \n      >Sarah Pearsall, Johns Hopkins University<\/a>\n      <\/h3>\n\n\n<\/div>\n                        \n                                                        \n<div class=\"f--field f--description\">\n\n    \n  <p>&nbsp;<\/p>\n<p><strong>Tuesday, April 14, 2026<\/strong><\/p>\n<p>Presentation of <em>Freedom Round the Globe: A World History of the American Revolution<\/em> (2026)<\/p>\n<p>Virtual Meeting<br \/>\n8:30 &#8211; 10:00 am (PT)<\/p>\n\n\n\n<\/div>\n                        \n                    <\/div>\n\n\n                    \n                        \n                            \n<div class=\"f--field f--image\">\n\n    \n        <a href=\"https:\/\/history.jhu.edu\/directory\/sarah-pearsall\/\"  aria-label=\"Read more about Sarah Pearsall, Johns Hopkins University\">\n  \n    \n    \n    \n    \n              \n      <img decoding=\"async\"\n                            src=\"https:\/\/dornsife.usc.edu\/emsi\/wp-content\/uploads\/sites\/66\/2026\/01\/Sarah-Pearsall-450x432.png\"\n                    sizes=\"(min-width:1024px) 23vw, (min-width:768px) 39vw, 83vw\"\n        \n                  alt=\"Sarah Pearsall\"\n        \n        \n                                      \/>\n\n    \n    \n  \n      <\/a>\n  \n\n<\/div>\n\n                    \n                <\/div>\n\n            \n                <div class=\"card\">\n\n                    <div class=\"title-description\">\n\n                                                      \n<div class=\"f--field f--cta-title\">\n\n    \n  <h3>\n          <a href=\"https:\/\/ceh.colmex.mx\/es\/personal-academico\/entin-gabriel\/semblanza\" \n                        class=\"\" \n      >Gabriel Entin, El Colegio de M\u00e9xico<\/a>\n      <\/h3>\n\n\n<\/div>\n                        \n                                                        \n<div class=\"f--field f--description\">\n\n    \n  <p>&nbsp;<\/p>\n<p><strong>Wednesday, May 13, 2026<\/strong><\/p>\n<p>Presentation of <em>En qu\u00eate de r\u00e9publique: Une histoire de la communaut\u00e9 politique en Am\u00e9rique hispanique<\/em> (2025)<\/p>\n<p>Virtual Meeting<br \/>\n8:30 &#8211; 10:00 am (PT)<\/p>\n\n\n\n<\/div>\n                        \n                    <\/div>\n\n\n                    \n                        \n                            \n<div class=\"f--field f--image\">\n\n    \n        <a href=\"https:\/\/ceh.colmex.mx\/es\/personal-academico\/entin-gabriel\/semblanza\"  aria-label=\"Read more about Gabriel Entin, El Colegio de M\u00e9xico\">\n  \n    \n    \n    \n    \n              \n      <img decoding=\"async\"\n                            src=\"https:\/\/dornsife.usc.edu\/emsi\/wp-content\/uploads\/sites\/66\/2026\/01\/gabriel-entin-450x432.jpg\"\n                    sizes=\"(min-width:1024px) 23vw, (min-width:768px) 39vw, 83vw\"\n        \n                  alt=\"Gabriel Entin\"\n        \n        \n                                      \/>\n\n    \n    \n  \n      <\/a>\n  \n\n<\/div>\n\n                    \n                <\/div>\n\n            \n        <\/div>\n    \n\n  <\/div><\/div>\n\n\n\n\n  \n    \n\n\n\n\n\n\n<div\n  class=\"cc--component-container cc--rich-text \"\n\n  \n  \n  \n  \n  \n  \n  >\n  <div class=\"c--component c--rich-text\"\n    \n      >\n\n    \n      \n<div class=\"f--field f--wysiwyg\">\n\n    \n  <p><em>Image:\u00a0New Map of the World, published by James Gilbert, 1839.<\/em><\/p>\n\n\n\n<\/div>\n\n\n  <\/div><\/div>\n\n\n\n    \n  \n    \n\n\n\n\n\n\n<div\n  class=\"cc--component-container cc--full-width-cta \"\n\n  \n  \n  \n  \n  \n  \n  >\n  <div class=\"c--component c--full-width-cta\"\n    \n      >\n\n    \n<div class=\"inner-wrapper\">\n    \n      <div class=\"links-container\">\n        \n            \n<div class=\"f--field f--link\">\n\n    \n    \n  \n<a \n  class=\"link\"\n  href= \/emsi\/seminar-series\/\n    aria-label=\"Read more about All Seminars &amp; Conferences\"  \n>\n    All Seminars &amp; Conferences \n  <svg version=\"1.1\" xmlns=\"http:\/\/www.w3.org\/2000\/svg\" xmlns:xlink=\"http:\/\/www.w3.org\/1999\/xlink\" x=\"0px\" y=\"0px\" viewBox=\"0 0 35 35\" enable-background=\"new 0 0 35 35\" width=\"25\" height=\"25\" xml:space=\"preserve\"><polygon fill-rule=\"evenodd\" clip-rule=\"evenodd\" fill=\"#FC0\" points=\"19.3,27.5 29.3,17.5,19.3,7.5 16.3,10.4 21.4,15.4 6.7,15.4 6.7,19.6 21.4,19.6 16.3,24.6 \"\/><\/svg>\n<\/a>\n\n\n<\/div>\n        \n            \n<div class=\"f--field f--link\">\n\n    \n    \n  \n<a \n  class=\"link\"\n  href= \/emsi\/age-of-revolutions-seminar-series-past-events\/\n    aria-label=\"Read more about Age of Revolutions Past Events\"  \n>\n    Age of Revolutions Past Events \n  <svg version=\"1.1\" xmlns=\"http:\/\/www.w3.org\/2000\/svg\" xmlns:xlink=\"http:\/\/www.w3.org\/1999\/xlink\" x=\"0px\" y=\"0px\" viewBox=\"0 0 35 35\" enable-background=\"new 0 0 35 35\" width=\"25\" height=\"25\" xml:space=\"preserve\"><polygon fill-rule=\"evenodd\" clip-rule=\"evenodd\" fill=\"#FC0\" points=\"19.3,27.5 29.3,17.5,19.3,7.5 16.3,10.4 21.4,15.4 6.7,15.4 6.7,19.6 21.4,19.6 16.3,24.6 \"\/><\/svg>\n<\/a>\n\n\n<\/div>\n          <\/div>\n  <\/div>\n\n\n\n  <\/div><\/div>\n","protected":false},"excerpt":{"rendered":"","protected":false},"author":160,"featured_media":916,"parent":1323,"menu_order":0,"comment_status":"closed","ping_status":"closed","template":"page-content-detail.php","meta":{"_acf_changed":false,"footnotes":""},"class_list":["post-428","page","type-page","status-publish","has-post-thumbnail","hentry"],"acf":[],"yoast_head":"<!-- This site is optimized with the Yoast SEO plugin v27.1.1 - https:\/\/yoast.com\/product\/yoast-seo-wordpress\/ -->\n<title>Age of Revolutions - USC-Huntington Early Modern Studies Institute<\/title>\n<meta name=\"robots\" content=\"index, follow, max-snippet:-1, max-image-preview:large, max-video-preview:-1\" \/>\n<link rel=\"canonical\" href=\"https:\/\/dornsife.usc.edu\/emsi\/seminar-series\/age-of-revolutions\/\" \/>\n<meta property=\"og:locale\" content=\"en_US\" \/>\n<meta property=\"og:type\" content=\"article\" \/>\n<meta property=\"og:title\" content=\"Age of Revolutions - USC-Huntington Early Modern Studies Institute\" \/>\n<meta property=\"og:url\" content=\"https:\/\/dornsife.usc.edu\/emsi\/seminar-series\/age-of-revolutions\/\" \/>\n<meta property=\"og:site_name\" content=\"USC-Huntington Early Modern Studies Institute\" \/>\n<meta property=\"article:modified_time\" content=\"2026-02-23T21:52:52+00:00\" \/>\n<meta property=\"og:image\" content=\"https:\/\/dornsife.usc.edu\/emsi\/wp-content\/uploads\/sites\/66\/2023\/05\/Age-of-Rev-Banner-NEW.jpg\" \/>\n\t<meta property=\"og:image:width\" content=\"2000\" \/>\n\t<meta property=\"og:image:height\" content=\"1150\" \/>\n\t<meta property=\"og:image:type\" content=\"image\/jpeg\" \/>\n<meta name=\"twitter:card\" content=\"summary_large_image\" \/>\n<script type=\"application\/ld+json\" class=\"yoast-schema-graph\">{\"@context\":\"https:\/\/schema.org\",\"@graph\":[{\"@type\":\"WebPage\",\"@id\":\"https:\/\/dornsife.usc.edu\/emsi\/seminar-series\/age-of-revolutions\/\",\"url\":\"https:\/\/dornsife.usc.edu\/emsi\/seminar-series\/age-of-revolutions\/\",\"name\":\"Age of Revolutions - USC-Huntington Early Modern Studies Institute\",\"isPartOf\":{\"@id\":\"https:\/\/dornsife.usc.edu\/emsi\/#website\"},\"primaryImageOfPage\":{\"@id\":\"https:\/\/dornsife.usc.edu\/emsi\/seminar-series\/age-of-revolutions\/#primaryimage\"},\"image\":{\"@id\":\"https:\/\/dornsife.usc.edu\/emsi\/seminar-series\/age-of-revolutions\/#primaryimage\"},\"thumbnailUrl\":\"https:\/\/dornsife.usc.edu\/emsi\/wp-content\/uploads\/sites\/66\/2023\/05\/Age-of-Rev-Banner-NEW.jpg\",\"datePublished\":\"2023-05-30T17:38:52+00:00\",\"dateModified\":\"2026-02-23T21:52:52+00:00\",\"breadcrumb\":{\"@id\":\"https:\/\/dornsife.usc.edu\/emsi\/seminar-series\/age-of-revolutions\/#breadcrumb\"},\"inLanguage\":\"en-US\",\"potentialAction\":[{\"@type\":\"ReadAction\",\"target\":[\"https:\/\/dornsife.usc.edu\/emsi\/seminar-series\/age-of-revolutions\/\"]}]},{\"@type\":\"ImageObject\",\"inLanguage\":\"en-US\",\"@id\":\"https:\/\/dornsife.usc.edu\/emsi\/seminar-series\/age-of-revolutions\/#primaryimage\",\"url\":\"https:\/\/dornsife.usc.edu\/emsi\/wp-content\/uploads\/sites\/66\/2023\/05\/Age-of-Rev-Banner-NEW.jpg\",\"contentUrl\":\"https:\/\/dornsife.usc.edu\/emsi\/wp-content\/uploads\/sites\/66\/2023\/05\/Age-of-Rev-Banner-NEW.jpg\",\"width\":2000,\"height\":1150,\"caption\":\"Early Modern map of the world showing two distinct circular hemispheres.\"},{\"@type\":\"BreadcrumbList\",\"@id\":\"https:\/\/dornsife.usc.edu\/emsi\/seminar-series\/age-of-revolutions\/#breadcrumb\",\"itemListElement\":[{\"@type\":\"ListItem\",\"position\":1,\"name\":\"Home\",\"item\":\"https:\/\/dornsife.usc.edu\/emsi\/\"},{\"@type\":\"ListItem\",\"position\":2,\"name\":\"Seminars &#038; Conferences\",\"item\":\"https:\/\/dornsife.usc.edu\/emsi\/seminar-series\/\"},{\"@type\":\"ListItem\",\"position\":3,\"name\":\"Age of Revolutions\"}]},{\"@type\":\"WebSite\",\"@id\":\"https:\/\/dornsife.usc.edu\/emsi\/#website\",\"url\":\"https:\/\/dornsife.usc.edu\/emsi\/\",\"name\":\"USC-Huntington Early Modern Studies Institute\",\"description\":\"Supporting advanced research of the early modern period.\",\"publisher\":{\"@id\":\"https:\/\/dornsife.usc.edu\/emsi\/#organization\"},\"potentialAction\":[{\"@type\":\"SearchAction\",\"target\":{\"@type\":\"EntryPoint\",\"urlTemplate\":\"https:\/\/dornsife.usc.edu\/emsi\/?s={search_term_string}\"},\"query-input\":{\"@type\":\"PropertyValueSpecification\",\"valueRequired\":true,\"valueName\":\"search_term_string\"}}],\"inLanguage\":\"en-US\"},{\"@type\":\"Organization\",\"@id\":\"https:\/\/dornsife.usc.edu\/emsi\/#organization\",\"name\":\"USC-Huntington Early Modern Studies Institute\",\"url\":\"https:\/\/dornsife.usc.edu\/emsi\/\",\"logo\":{\"@type\":\"ImageObject\",\"inLanguage\":\"en-US\",\"@id\":\"https:\/\/dornsife.usc.edu\/emsi\/#\/schema\/logo\/image\/\",\"url\":\"https:\/\/dornsife.usc.edu\/emsi\/wp-content\/uploads\/sites\/66\/2023\/09\/pineappleSQUARE.png\",\"contentUrl\":\"https:\/\/dornsife.usc.edu\/emsi\/wp-content\/uploads\/sites\/66\/2023\/09\/pineappleSQUARE.png\",\"width\":450,\"height\":450,\"caption\":\"USC-Huntington Early Modern Studies Institute\"},\"image\":{\"@id\":\"https:\/\/dornsife.usc.edu\/emsi\/#\/schema\/logo\/image\/\"}}]}<\/script>\n<!-- \/ Yoast SEO plugin. -->","yoast_head_json":{"title":"Age of Revolutions - USC-Huntington Early Modern Studies Institute","robots":{"index":"index","follow":"follow","max-snippet":"max-snippet:-1","max-image-preview":"max-image-preview:large","max-video-preview":"max-video-preview:-1"},"canonical":"https:\/\/dornsife.usc.edu\/emsi\/seminar-series\/age-of-revolutions\/","og_locale":"en_US","og_type":"article","og_title":"Age of Revolutions - USC-Huntington Early Modern Studies Institute","og_url":"https:\/\/dornsife.usc.edu\/emsi\/seminar-series\/age-of-revolutions\/","og_site_name":"USC-Huntington Early Modern Studies Institute","article_modified_time":"2026-02-23T21:52:52+00:00","og_image":[{"width":2000,"height":1150,"url":"https:\/\/dornsife.usc.edu\/emsi\/wp-content\/uploads\/sites\/66\/2023\/05\/Age-of-Rev-Banner-NEW.jpg","type":"image\/jpeg"}],"twitter_card":"summary_large_image","schema":{"@context":"https:\/\/schema.org","@graph":[{"@type":"WebPage","@id":"https:\/\/dornsife.usc.edu\/emsi\/seminar-series\/age-of-revolutions\/","url":"https:\/\/dornsife.usc.edu\/emsi\/seminar-series\/age-of-revolutions\/","name":"Age of Revolutions - USC-Huntington Early Modern Studies Institute","isPartOf":{"@id":"https:\/\/dornsife.usc.edu\/emsi\/#website"},"primaryImageOfPage":{"@id":"https:\/\/dornsife.usc.edu\/emsi\/seminar-series\/age-of-revolutions\/#primaryimage"},"image":{"@id":"https:\/\/dornsife.usc.edu\/emsi\/seminar-series\/age-of-revolutions\/#primaryimage"},"thumbnailUrl":"https:\/\/dornsife.usc.edu\/emsi\/wp-content\/uploads\/sites\/66\/2023\/05\/Age-of-Rev-Banner-NEW.jpg","datePublished":"2023-05-30T17:38:52+00:00","dateModified":"2026-02-23T21:52:52+00:00","breadcrumb":{"@id":"https:\/\/dornsife.usc.edu\/emsi\/seminar-series\/age-of-revolutions\/#breadcrumb"},"inLanguage":"en-US","potentialAction":[{"@type":"ReadAction","target":["https:\/\/dornsife.usc.edu\/emsi\/seminar-series\/age-of-revolutions\/"]}]},{"@type":"ImageObject","inLanguage":"en-US","@id":"https:\/\/dornsife.usc.edu\/emsi\/seminar-series\/age-of-revolutions\/#primaryimage","url":"https:\/\/dornsife.usc.edu\/emsi\/wp-content\/uploads\/sites\/66\/2023\/05\/Age-of-Rev-Banner-NEW.jpg","contentUrl":"https:\/\/dornsife.usc.edu\/emsi\/wp-content\/uploads\/sites\/66\/2023\/05\/Age-of-Rev-Banner-NEW.jpg","width":2000,"height":1150,"caption":"Early Modern map of the world showing two distinct circular hemispheres."},{"@type":"BreadcrumbList","@id":"https:\/\/dornsife.usc.edu\/emsi\/seminar-series\/age-of-revolutions\/#breadcrumb","itemListElement":[{"@type":"ListItem","position":1,"name":"Home","item":"https:\/\/dornsife.usc.edu\/emsi\/"},{"@type":"ListItem","position":2,"name":"Seminars &#038; Conferences","item":"https:\/\/dornsife.usc.edu\/emsi\/seminar-series\/"},{"@type":"ListItem","position":3,"name":"Age of Revolutions"}]},{"@type":"WebSite","@id":"https:\/\/dornsife.usc.edu\/emsi\/#website","url":"https:\/\/dornsife.usc.edu\/emsi\/","name":"USC-Huntington Early Modern Studies Institute","description":"Supporting advanced research of the early modern period.","publisher":{"@id":"https:\/\/dornsife.usc.edu\/emsi\/#organization"},"potentialAction":[{"@type":"SearchAction","target":{"@type":"EntryPoint","urlTemplate":"https:\/\/dornsife.usc.edu\/emsi\/?s={search_term_string}"},"query-input":{"@type":"PropertyValueSpecification","valueRequired":true,"valueName":"search_term_string"}}],"inLanguage":"en-US"},{"@type":"Organization","@id":"https:\/\/dornsife.usc.edu\/emsi\/#organization","name":"USC-Huntington Early Modern Studies Institute","url":"https:\/\/dornsife.usc.edu\/emsi\/","logo":{"@type":"ImageObject","inLanguage":"en-US","@id":"https:\/\/dornsife.usc.edu\/emsi\/#\/schema\/logo\/image\/","url":"https:\/\/dornsife.usc.edu\/emsi\/wp-content\/uploads\/sites\/66\/2023\/09\/pineappleSQUARE.png","contentUrl":"https:\/\/dornsife.usc.edu\/emsi\/wp-content\/uploads\/sites\/66\/2023\/09\/pineappleSQUARE.png","width":450,"height":450,"caption":"USC-Huntington Early Modern Studies Institute"},"image":{"@id":"https:\/\/dornsife.usc.edu\/emsi\/#\/schema\/logo\/image\/"}}]}},"_links":{"self":[{"href":"https:\/\/dornsife.usc.edu\/emsi\/wp-json\/wp\/v2\/pages\/428","targetHints":{"allow":["GET"]}}],"collection":[{"href":"https:\/\/dornsife.usc.edu\/emsi\/wp-json\/wp\/v2\/pages"}],"about":[{"href":"https:\/\/dornsife.usc.edu\/emsi\/wp-json\/wp\/v2\/types\/page"}],"author":[{"embeddable":true,"href":"https:\/\/dornsife.usc.edu\/emsi\/wp-json\/wp\/v2\/users\/160"}],"replies":[{"embeddable":true,"href":"https:\/\/dornsife.usc.edu\/emsi\/wp-json\/wp\/v2\/comments?post=428"}],"version-history":[{"count":147,"href":"https:\/\/dornsife.usc.edu\/emsi\/wp-json\/wp\/v2\/pages\/428\/revisions"}],"predecessor-version":[{"id":9481,"href":"https:\/\/dornsife.usc.edu\/emsi\/wp-json\/wp\/v2\/pages\/428\/revisions\/9481"}],"up":[{"embeddable":true,"href":"https:\/\/dornsife.usc.edu\/emsi\/wp-json\/wp\/v2\/pages\/1323"}],"wp:featuredmedia":[{"embeddable":true,"href":"https:\/\/dornsife.usc.edu\/emsi\/wp-json\/wp\/v2\/media\/916"}],"wp:attachment":[{"href":"https:\/\/dornsife.usc.edu\/emsi\/wp-json\/wp\/v2\/media?parent=428"}],"curies":[{"name":"wp","href":"https:\/\/api.w.org\/{rel}","templated":true}]}}