{"id":3958,"date":"2025-04-08T13:47:09","date_gmt":"2025-04-08T20:47:09","guid":{"rendered":"https:\/\/dornsife.usc.edu\/cmbs\/?page_id=3958"},"modified":"2025-06-25T11:43:37","modified_gmt":"2025-06-25T18:43:37","slug":"medios","status":"publish","type":"page","link":"https:\/\/dornsife.usc.edu\/cmbs\/medios\/","title":{"rendered":"Medios"},"content":{"rendered":"\n\n\n\n  \n    \n\n\n\n\n\n\n<div\n  class=\"cc--component-container cc--rich-text \"\n\n  \n  \n  \n  \n  \n  \n  >\n  <div class=\"c--component c--rich-text\"\n    \n      >\n\n    \n      \n<div class=\"f--field f--wysiwyg\">\n\n    \n  <h5 style=\"text-align: right;\"><a class=\"cta-link\" href=\"https:\/\/dornsife.usc.edu\/cmbs\/media\/\"><em>English<\/em><\/a><\/h5>\n\n\n\n<\/div>\n\n\n  <\/div><\/div>\n\n\n\n\n\n\n\n  \n    \n\n\n\n\n\n\n<div\n  class=\"cc--component-container cc--video-with-text \"\n\n  \n  \n  \n  \n  \n  \n  >\n  <div class=\"c--component c--video-with-text\"\n    \n      >\n\n    \n      <div class=\"header-container\">\n\n                  \n<div class=\"f--field f--section-title\">\n\n    \n  <h2>\n          Simposio sobre educaci\u00f3n, investigaci\u00f3n y pol\u00edticas art\u00edsticas 2025\n      <\/h2>\n\n\n<\/div>\n      \n                  \n<div class=\"f--field f--description\">\n\n    \n  <p>La Dra. Assal Habibi, Profesora Asociada de Investigaci\u00f3n en Psicolog\u00eda y Directora del Centro de M\u00fasica, Cerebro y Sociedad de USC, explora c\u00f3mo la m\u00fasica influye en el desarrollo cognitivo, emocional y social a lo largo de la vida. Explica c\u00f3mo su investigaci\u00f3n utiliza neuroimagen y estudios longitudinales para examinar el impacto de la m\u00fasica en la educaci\u00f3n, la salud y el bienestar, especialmente en comunidades marginadas.<\/p>\n\n\n\n<\/div>\n          <\/div>\n  \n\n      <div class=\"video-container\">\n              <div class=\"image-container\">\n              \n<div class=\"f--field f--image\">\n\n    \n    \n    \n    \n    \n    \n              \n      <img\n                            data-src=\"https:\/\/dornsife.usc.edu\/cmbs\/wp-content\/uploads\/sites\/398\/2025\/06\/Screenshot-2025-06-24-at-3.53.54-PM-768x432.png\"\n          data-srcset=\"https:\/\/dornsife.usc.edu\/cmbs\/wp-content\/uploads\/sites\/398\/2025\/06\/Screenshot-2025-06-24-at-3.53.54-PM-1920x1080.png 1920w,https:\/\/dornsife.usc.edu\/cmbs\/wp-content\/uploads\/sites\/398\/2025\/06\/Screenshot-2025-06-24-at-3.53.54-PM-1280x720.png 1280w,https:\/\/dornsife.usc.edu\/cmbs\/wp-content\/uploads\/sites\/398\/2025\/06\/Screenshot-2025-06-24-at-3.53.54-PM-768x432.png 768w\"          data-sizes=\"(min-width:1200px) 75vw, (min-width:768px) 83vw, 100vw\"          class=\"lazyload\"\n        \n                  alt=\"Renee Fleming talking to the camera in a conference room\"\n        \n        \n                                      \/>\n\n    \n    \n  \n  \n\n<\/div>\n\n                      <a href=\"https:\/\/www.youtube.com\/watch?v=ueYz7DHrilE\" data-lity aria-label=\"Play video in lightbox\" class=\"play-video\">\n              <svg version=\"1.1\" xmlns=\"http:\/\/www.w3.org\/2000\/svg\" xmlns:xlink=\"http:\/\/www.w3.org\/1999\/xlink\" x=\"0px\" y=\"0px\" viewBox=\"0 0 75 75\" enable-background=\"new 0 0 75 75\" xml:space=\"preserve\">\n                <rect fill=\"#FFCC00\" width=\"75\" height=\"75\"\/>\n                <polygon fill-rule=\"evenodd\" clip-rule=\"evenodd\" points=\"44.4,37.5 34.2,43.9 34.2,31.1 \"\/>\n              <\/svg>\n            <\/a>\n                  <\/div>\n      \n    <\/div>\n\n  \n\n  <\/div><\/div>\n\n\n\n\n\n\n\n  \n    \n\n\n\n\n\n\n<div\n  class=\"cc--component-container cc--video-with-text \"\n\n  \n  \n  \n  \n  \n  \n  >\n  <div class=\"c--component c--video-with-text\"\n    \n      >\n\n    \n      <div class=\"header-container\">\n\n                  \n<div class=\"f--field f--section-title\">\n\n    \n  <h2>\n           En la mente de los j\u00f3venes m\u00fasicos | La m\u00fasica y el cerebro | From the Top\n      <\/h2>\n\n\n<\/div>\n      \n                  \n<div class=\"f--field f--description\">\n\n    \n  <p>En marzo de 2025, el Centro de M\u00fasica, Cerebro y Sociedad se asoci\u00f3 con From the Top para organizar &#8220;La M\u00fasica y El Cerebro&#8221;, una residencia extraordinaria que explora la intersecci\u00f3n entre la m\u00fasica, la neurociencia y el bienestar. La residencia en la USC reuni\u00f3 a 11 becarios de From the Top que grabaron para la emisi\u00f3n de NPR, ofrecieron un concierto multimedia, participaron en un proyecto de escaneo cerebral y presentaron proyectos de investigaci\u00f3n a 100 de sus colegas durante un Simposio Juvenil.<\/p>\n\n\n\n<\/div>\n          <\/div>\n  \n\n      <div class=\"video-container\">\n              <div class=\"image-container\">\n              \n<div class=\"f--field f--image\">\n\n    \n    \n    \n    \n    \n    \n              \n      <img\n                            data-src=\"https:\/\/dornsife.usc.edu\/cmbs\/wp-content\/uploads\/sites\/398\/2025\/06\/Screenshot-2025-06-25-at-11.13.30-AM-768x432.png\"\n          data-srcset=\"https:\/\/dornsife.usc.edu\/cmbs\/wp-content\/uploads\/sites\/398\/2025\/06\/Screenshot-2025-06-25-at-11.13.30-AM-1920x1080.png 1920w,https:\/\/dornsife.usc.edu\/cmbs\/wp-content\/uploads\/sites\/398\/2025\/06\/Screenshot-2025-06-25-at-11.13.30-AM-1280x720.png 1280w,https:\/\/dornsife.usc.edu\/cmbs\/wp-content\/uploads\/sites\/398\/2025\/06\/Screenshot-2025-06-25-at-11.13.30-AM-768x432.png 768w\"          data-sizes=\"(min-width:1200px) 75vw, (min-width:768px) 83vw, 100vw\"          class=\"lazyload\"\n        \n                  role=\"none\"\n        \n        \n                                      \/>\n\n    \n    \n  \n  \n\n<\/div>\n\n                      <a href=\"https:\/\/youtu.be\/e0FJuxmEo8M?si=--EX1pl0OBGLnnHA\" data-lity aria-label=\"Play video in lightbox\" class=\"play-video\">\n              <svg version=\"1.1\" xmlns=\"http:\/\/www.w3.org\/2000\/svg\" xmlns:xlink=\"http:\/\/www.w3.org\/1999\/xlink\" x=\"0px\" y=\"0px\" viewBox=\"0 0 75 75\" enable-background=\"new 0 0 75 75\" xml:space=\"preserve\">\n                <rect fill=\"#FFCC00\" width=\"75\" height=\"75\"\/>\n                <polygon fill-rule=\"evenodd\" clip-rule=\"evenodd\" points=\"44.4,37.5 34.2,43.9 34.2,31.1 \"\/>\n              <\/svg>\n            <\/a>\n                  <\/div>\n      \n    <\/div>\n\n  \n\n  <\/div><\/div>\n\n\n\n\n\n\n\n  \n    \n\n\n\n\n\n\n<div\n  class=\"cc--component-container cc--video-with-text \"\n\n  \n  \n  \n  \n  \n  \n  >\n  <div class=\"c--component c--video-with-text\"\n    \n      >\n\n    \n      <div class=\"header-container\">\n\n                  \n<div class=\"f--field f--section-title\">\n\n    \n  <h2>\n          TEDxManhattanBeach con Dr. Assal Habibi\n      <\/h2>\n\n\n<\/div>\n      \n                  \n<div class=\"f--field f--description\">\n\n    \n  <p>La Dra. Assal Habibi, Profesora Asociada de Investigaci\u00f3n en Psicolog\u00eda y Directora del Centro de M\u00fasica, Cerebro y Sociedad de USC, explora c\u00f3mo la m\u00fasica influye en el desarrollo cognitivo, emocional y social a lo largo de la vida. Explica c\u00f3mo su investigaci\u00f3n utiliza neuroimagen y estudios longitudinales para examinar el impacto de la m\u00fasica en la educaci\u00f3n, la salud y el bienestar, especialmente en comunidades marginadas.<\/p>\n\n\n\n<\/div>\n          <\/div>\n  \n\n      <div class=\"video-container\">\n              <div class=\"image-container\">\n              \n<div class=\"f--field f--image\">\n\n    \n    \n    \n    \n    \n    \n              \n      <img\n                            data-src=\"https:\/\/dornsife.usc.edu\/cmbs\/wp-content\/uploads\/sites\/398\/2025\/04\/maxresdefault-tedxmanhattanbeach-assal-768x432.jpg\"\n          data-srcset=\"https:\/\/dornsife.usc.edu\/cmbs\/wp-content\/uploads\/sites\/398\/2025\/04\/maxresdefault-tedxmanhattanbeach-assal.jpg 1280w,https:\/\/dornsife.usc.edu\/cmbs\/wp-content\/uploads\/sites\/398\/2025\/04\/maxresdefault-tedxmanhattanbeach-assal-768x432.jpg 768w\"          data-sizes=\"(min-width:1200px) 75vw, (min-width:768px) 83vw, 100vw\"          class=\"lazyload\"\n        \n                  role=\"none\"\n        \n        \n                                      \/>\n\n    \n    \n  \n  \n\n<\/div>\n\n                      <a href=\"https:\/\/www.youtube.com\/watch?v=Xb_WjzUqY-c\" data-lity aria-label=\"Play video in lightbox\" class=\"play-video\">\n              <svg version=\"1.1\" xmlns=\"http:\/\/www.w3.org\/2000\/svg\" xmlns:xlink=\"http:\/\/www.w3.org\/1999\/xlink\" x=\"0px\" y=\"0px\" viewBox=\"0 0 75 75\" enable-background=\"new 0 0 75 75\" xml:space=\"preserve\">\n                <rect fill=\"#FFCC00\" width=\"75\" height=\"75\"\/>\n                <polygon fill-rule=\"evenodd\" clip-rule=\"evenodd\" points=\"44.4,37.5 34.2,43.9 34.2,31.1 \"\/>\n              <\/svg>\n            <\/a>\n                  <\/div>\n      \n    <\/div>\n\n  \n\n  <\/div><\/div>\n\n\n  \n    \n\n\n\n\n\n\n<div\n  class=\"cc--component-container cc--spacer \"\n\n  \n  \n  \n  \n  \n  \n  >\n  <div class=\"c--component c--spacer\"\n    \n      >\n\n    \n\n  <\/div><\/div>\n","protected":false},"excerpt":{"rendered":"","protected":false},"author":180,"featured_media":1053,"parent":0,"menu_order":0,"comment_status":"closed","ping_status":"closed","template":"","meta":{"_acf_changed":false,"footnotes":""},"class_list":["post-3958","page","type-page","status-publish","has-post-thumbnail","hentry"],"acf":[],"yoast_head":"<!-- This site is optimized with the Yoast SEO plugin v27.1.1 - https:\/\/yoast.com\/product\/yoast-seo-wordpress\/ -->\n<title>Medios - Center for Music, Brain and Society<\/title>\n<meta name=\"robots\" content=\"index, follow, max-snippet:-1, max-image-preview:large, max-video-preview:-1\" \/>\n<link rel=\"canonical\" href=\"https:\/\/dornsife.usc.edu\/cmbs\/medios\/\" \/>\n<meta property=\"og:locale\" content=\"en_US\" \/>\n<meta property=\"og:type\" content=\"article\" \/>\n<meta property=\"og:title\" content=\"Medios - Center for Music, Brain and Society\" \/>\n<meta property=\"og:url\" content=\"https:\/\/dornsife.usc.edu\/cmbs\/medios\/\" \/>\n<meta property=\"og:site_name\" content=\"Center for Music, Brain and Society\" \/>\n<meta property=\"article:modified_time\" content=\"2025-06-25T18:43:37+00:00\" \/>\n<meta property=\"og:image\" content=\"https:\/\/dornsife.usc.edu\/cmbs\/wp-content\/uploads\/sites\/398\/2023\/11\/HERO-BANNER-.png\" \/>\n\t<meta property=\"og:image:width\" content=\"4962\" \/>\n\t<meta property=\"og:image:height\" content=\"3408\" \/>\n\t<meta property=\"og:image:type\" content=\"image\/png\" \/>\n<meta name=\"twitter:card\" content=\"summary_large_image\" \/>\n<script type=\"application\/ld+json\" class=\"yoast-schema-graph\">{\"@context\":\"https:\/\/schema.org\",\"@graph\":[{\"@type\":\"WebPage\",\"@id\":\"https:\/\/dornsife.usc.edu\/cmbs\/medios\/\",\"url\":\"https:\/\/dornsife.usc.edu\/cmbs\/medios\/\",\"name\":\"Medios - Center for Music, Brain and Society\",\"isPartOf\":{\"@id\":\"https:\/\/dornsife.usc.edu\/cmbs\/#website\"},\"primaryImageOfPage\":{\"@id\":\"https:\/\/dornsife.usc.edu\/cmbs\/medios\/#primaryimage\"},\"image\":{\"@id\":\"https:\/\/dornsife.usc.edu\/cmbs\/medios\/#primaryimage\"},\"thumbnailUrl\":\"https:\/\/dornsife.usc.edu\/cmbs\/wp-content\/uploads\/sites\/398\/2023\/11\/HERO-BANNER-.png\",\"datePublished\":\"2025-04-08T20:47:09+00:00\",\"dateModified\":\"2025-06-25T18:43:37+00:00\",\"breadcrumb\":{\"@id\":\"https:\/\/dornsife.usc.edu\/cmbs\/medios\/#breadcrumb\"},\"inLanguage\":\"en-US\",\"potentialAction\":[{\"@type\":\"ReadAction\",\"target\":[\"https:\/\/dornsife.usc.edu\/cmbs\/medios\/\"]}]},{\"@type\":\"ImageObject\",\"inLanguage\":\"en-US\",\"@id\":\"https:\/\/dornsife.usc.edu\/cmbs\/medios\/#primaryimage\",\"url\":\"https:\/\/dornsife.usc.edu\/cmbs\/wp-content\/uploads\/sites\/398\/2023\/11\/HERO-BANNER-.png\",\"contentUrl\":\"https:\/\/dornsife.usc.edu\/cmbs\/wp-content\/uploads\/sites\/398\/2023\/11\/HERO-BANNER-.png\",\"width\":4962,\"height\":3408},{\"@type\":\"BreadcrumbList\",\"@id\":\"https:\/\/dornsife.usc.edu\/cmbs\/medios\/#breadcrumb\",\"itemListElement\":[{\"@type\":\"ListItem\",\"position\":1,\"name\":\"Home\",\"item\":\"https:\/\/dornsife.usc.edu\/cmbs\/\"},{\"@type\":\"ListItem\",\"position\":2,\"name\":\"Medios\"}]},{\"@type\":\"WebSite\",\"@id\":\"https:\/\/dornsife.usc.edu\/cmbs\/#website\",\"url\":\"https:\/\/dornsife.usc.edu\/cmbs\/\",\"name\":\"Center for Music, Brain and Society\",\"description\":\"USC Dornsife Center for Music, Brain and Society\",\"potentialAction\":[{\"@type\":\"SearchAction\",\"target\":{\"@type\":\"EntryPoint\",\"urlTemplate\":\"https:\/\/dornsife.usc.edu\/cmbs\/?s={search_term_string}\"},\"query-input\":{\"@type\":\"PropertyValueSpecification\",\"valueRequired\":true,\"valueName\":\"search_term_string\"}}],\"inLanguage\":\"en-US\"}]}<\/script>\n<!-- \/ Yoast SEO plugin. -->","yoast_head_json":{"title":"Medios - Center for Music, Brain and Society","robots":{"index":"index","follow":"follow","max-snippet":"max-snippet:-1","max-image-preview":"max-image-preview:large","max-video-preview":"max-video-preview:-1"},"canonical":"https:\/\/dornsife.usc.edu\/cmbs\/medios\/","og_locale":"en_US","og_type":"article","og_title":"Medios - Center for Music, Brain and Society","og_url":"https:\/\/dornsife.usc.edu\/cmbs\/medios\/","og_site_name":"Center for Music, Brain and Society","article_modified_time":"2025-06-25T18:43:37+00:00","og_image":[{"width":4962,"height":3408,"url":"https:\/\/dornsife.usc.edu\/cmbs\/wp-content\/uploads\/sites\/398\/2023\/11\/HERO-BANNER-.png","type":"image\/png"}],"twitter_card":"summary_large_image","schema":{"@context":"https:\/\/schema.org","@graph":[{"@type":"WebPage","@id":"https:\/\/dornsife.usc.edu\/cmbs\/medios\/","url":"https:\/\/dornsife.usc.edu\/cmbs\/medios\/","name":"Medios - Center for Music, Brain and Society","isPartOf":{"@id":"https:\/\/dornsife.usc.edu\/cmbs\/#website"},"primaryImageOfPage":{"@id":"https:\/\/dornsife.usc.edu\/cmbs\/medios\/#primaryimage"},"image":{"@id":"https:\/\/dornsife.usc.edu\/cmbs\/medios\/#primaryimage"},"thumbnailUrl":"https:\/\/dornsife.usc.edu\/cmbs\/wp-content\/uploads\/sites\/398\/2023\/11\/HERO-BANNER-.png","datePublished":"2025-04-08T20:47:09+00:00","dateModified":"2025-06-25T18:43:37+00:00","breadcrumb":{"@id":"https:\/\/dornsife.usc.edu\/cmbs\/medios\/#breadcrumb"},"inLanguage":"en-US","potentialAction":[{"@type":"ReadAction","target":["https:\/\/dornsife.usc.edu\/cmbs\/medios\/"]}]},{"@type":"ImageObject","inLanguage":"en-US","@id":"https:\/\/dornsife.usc.edu\/cmbs\/medios\/#primaryimage","url":"https:\/\/dornsife.usc.edu\/cmbs\/wp-content\/uploads\/sites\/398\/2023\/11\/HERO-BANNER-.png","contentUrl":"https:\/\/dornsife.usc.edu\/cmbs\/wp-content\/uploads\/sites\/398\/2023\/11\/HERO-BANNER-.png","width":4962,"height":3408},{"@type":"BreadcrumbList","@id":"https:\/\/dornsife.usc.edu\/cmbs\/medios\/#breadcrumb","itemListElement":[{"@type":"ListItem","position":1,"name":"Home","item":"https:\/\/dornsife.usc.edu\/cmbs\/"},{"@type":"ListItem","position":2,"name":"Medios"}]},{"@type":"WebSite","@id":"https:\/\/dornsife.usc.edu\/cmbs\/#website","url":"https:\/\/dornsife.usc.edu\/cmbs\/","name":"Center for Music, Brain and Society","description":"USC Dornsife Center for Music, Brain and Society","potentialAction":[{"@type":"SearchAction","target":{"@type":"EntryPoint","urlTemplate":"https:\/\/dornsife.usc.edu\/cmbs\/?s={search_term_string}"},"query-input":{"@type":"PropertyValueSpecification","valueRequired":true,"valueName":"search_term_string"}}],"inLanguage":"en-US"}]}},"_links":{"self":[{"href":"https:\/\/dornsife.usc.edu\/cmbs\/wp-json\/wp\/v2\/pages\/3958","targetHints":{"allow":["GET"]}}],"collection":[{"href":"https:\/\/dornsife.usc.edu\/cmbs\/wp-json\/wp\/v2\/pages"}],"about":[{"href":"https:\/\/dornsife.usc.edu\/cmbs\/wp-json\/wp\/v2\/types\/page"}],"author":[{"embeddable":true,"href":"https:\/\/dornsife.usc.edu\/cmbs\/wp-json\/wp\/v2\/users\/180"}],"replies":[{"embeddable":true,"href":"https:\/\/dornsife.usc.edu\/cmbs\/wp-json\/wp\/v2\/comments?post=3958"}],"version-history":[{"count":4,"href":"https:\/\/dornsife.usc.edu\/cmbs\/wp-json\/wp\/v2\/pages\/3958\/revisions"}],"predecessor-version":[{"id":4131,"href":"https:\/\/dornsife.usc.edu\/cmbs\/wp-json\/wp\/v2\/pages\/3958\/revisions\/4131"}],"wp:featuredmedia":[{"embeddable":true,"href":"https:\/\/dornsife.usc.edu\/cmbs\/wp-json\/wp\/v2\/media\/1053"}],"wp:attachment":[{"href":"https:\/\/dornsife.usc.edu\/cmbs\/wp-json\/wp\/v2\/media?parent=3958"}],"curies":[{"name":"wp","href":"https:\/\/api.w.org\/{rel}","templated":true}]}}