{"id":3428,"date":"2024-06-26T11:51:28","date_gmt":"2024-06-26T18:51:28","guid":{"rendered":"https:\/\/dornsife.usc.edu\/cmbs\/?page_id=3428"},"modified":"2025-06-24T12:45:59","modified_gmt":"2025-06-24T19:45:59","slug":"estudios-activos","status":"publish","type":"page","link":"https:\/\/dornsife.usc.edu\/cmbs\/estudios-activos\/","title":{"rendered":"Estudios Activos"},"content":{"rendered":"\n\n\n\n  \n    \n\n\n\n\n\n\n<div\n  class=\"cc--component-container cc--rich-text \"\n\n  \n  \n  \n  \n  \n  \n  >\n  <div class=\"c--component c--rich-text\"\n    \n      >\n\n    \n      \n<div class=\"f--field f--wysiwyg\">\n\n    \n  <h5 style=\"text-align: right;\"><a class=\"cta-link\" href=\"https:\/\/dornsife.usc.edu\/cmbs\/active-studies\/\"><em>Espa\u00f1ol<\/em><\/a><\/h5>\n\n\n\n<\/div>\n\n\n  <\/div><\/div>\n\n\n\n        \n          \n          \n          \n          \n  \n  \n    \n\n\n\n\n\n\n<div\n  class=\"cc--component-container cc--editorial-cards \"\n\n  \n  \n  \n  \n  \n  \n  >\n  <div class=\"c--component c--editorial-cards\"\n    \n      >\n\n    \n      <div class=\"header-container\">\n\n                  \n<div class=\"f--field f--section-title\">\n\n    \n  <h2>\n          \u00a1Invol\u00facrese!\n      <\/h2>\n\n\n<\/div>\n                        \n<div class=\"f--field f--description\">\n\n    \n  <p>Nuestros dedicados profesores, estudiantes y personal est\u00e1n realizando activamente estudios de investigaci\u00f3n. Explore los proyectos en curso para los que estamos reclutando actualmente a continuaci\u00f3n. Haga clic en un estudio para obtener m\u00e1s informaci\u00f3n y no dude en comunicarse con nosotros a trav\u00e9s de las direcciones de correo electr\u00f3nico proporcionadas si tiene alguna pregunta.<\/p>\n\n\n\n<\/div>\n          <\/div>\n  \n      <div class=\"cards-container\">\n      \n        <div class=\"card\">\n\n          \n                                      \n                \n<div class=\"f--field f--image\">\n\n    \n        <a href=\"https:\/\/dornsife.usc.edu\/cmbs\/wp-content\/uploads\/sites\/398\/2024\/06\/Aging-Minds-Project-Flyer-5-Updated-6.7.png\"  aria-label=\"Read more about  Proyecto Mentes Envejecidas\">\n  \n    \n    \n    \n    \n              \n      <img\n                            data-src=\"https:\/\/dornsife.usc.edu\/cmbs\/wp-content\/uploads\/sites\/398\/2025\/06\/Screenshot-2025-06-24-at-12.36.22\u202fPM-768x432.png\"\n          data-srcset=\"https:\/\/dornsife.usc.edu\/cmbs\/wp-content\/uploads\/sites\/398\/2025\/06\/Screenshot-2025-06-24-at-12.36.22\u202fPM-1280x720.png 1280w,https:\/\/dornsife.usc.edu\/cmbs\/wp-content\/uploads\/sites\/398\/2025\/06\/Screenshot-2025-06-24-at-12.36.22\u202fPM-768x432.png 768w\"          data-sizes=\"(min-width:1024px) 23vw, (min-width:768px) 39vw, 83vw\"          class=\"lazyload\"\n        \n                  role=\"none\"\n        \n        \n                                      \/>\n\n    \n    \n  \n      <\/a>\n  \n\n<\/div>\n          \n          <div class=\"text-container\">\n                              \n<div class=\"f--field f--eyebrow\">\n\n    \n  <span>IP: Assal Habibi<\/span>\n\n\n<\/div>\n            \n                            <h3>\n                                      <a href=\"https:\/\/dornsife.usc.edu\/cmbs\/wp-content\/uploads\/sites\/398\/2024\/06\/Aging-Minds-Project-Flyer-5-Updated-6.7.png\" >\n                  \n                     Proyecto Mentes Envejecidas\n\n                                      <\/a>\n                                  <\/h3>\n            \n                              \n<div class=\"f--field f--description\">\n\n    \n  <p class=\"p1\">Queremos estudiar c\u00f3mo las actividades musicales, como el coro y escuchar m\u00fasica, afectan el bienestar de los adultos mayores.Para participar en este estudio, se requiere fluidez en ingl\u00e9s.<\/p>\n<p><strong>Sitio web:<\/strong> <a href=\"https:\/\/dornsife.usc.edu\/agingmindsproject\/\">dornsife.usc.edu\/agingmindsproject\/<\/a><\/p>\n\n\n\n<\/div>\n                      <\/div>\n\n\n        <\/div>\n      \n        <div class=\"card\">\n\n          \n                                      \n                \n<div class=\"f--field f--image\">\n\n    \n        <a href=\"https:\/\/dornsife.usc.edu\/cmbs\/wp-content\/uploads\/sites\/398\/2024\/09\/child-development-study-2.pdf\"  aria-label=\"Read more about Estudio de Desarrollo Infantil\">\n  \n    \n    \n    \n    \n              \n      <img\n                            data-src=\"https:\/\/dornsife.usc.edu\/cmbs\/wp-content\/uploads\/sites\/398\/2024\/06\/Screenshot-2024-06-27-at-1.47.25-PM-768x432.png\"\n          data-srcset=\"https:\/\/dornsife.usc.edu\/cmbs\/wp-content\/uploads\/sites\/398\/2024\/06\/Screenshot-2024-06-27-at-1.47.25-PM-1280x720.png 1280w,https:\/\/dornsife.usc.edu\/cmbs\/wp-content\/uploads\/sites\/398\/2024\/06\/Screenshot-2024-06-27-at-1.47.25-PM-768x432.png 768w\"          data-sizes=\"(min-width:1024px) 23vw, (min-width:768px) 39vw, 83vw\"          class=\"lazyload\"\n        \n                  role=\"none\"\n        \n        \n                                      \/>\n\n    \n    \n  \n      <\/a>\n  \n\n<\/div>\n          \n          <div class=\"text-container\">\n                              \n<div class=\"f--field f--eyebrow\">\n\n    \n  <span>IP: Assal Habibi<\/span>\n\n\n<\/div>\n            \n                            <h3>\n                                      <a href=\"https:\/\/dornsife.usc.edu\/cmbs\/wp-content\/uploads\/sites\/398\/2024\/09\/child-development-study-2.pdf\" >\n                  \n                    Estudio de Desarrollo Infantil\n\n                                      <\/a>\n                                  <\/h3>\n            \n                              \n<div class=\"f--field f--description\">\n\n    \n  <p>Nuestro objetivo es aprender m\u00e1s sobre los efectos de los programas extraescolares en el desarrollo cerebral, el autocontrol y la toma de decisiones de los ni\u00f1os.<\/p>\n\n\n\n<\/div>\n                      <\/div>\n\n\n        <\/div>\n      \n        <div class=\"card\">\n\n          \n                                      \n                \n<div class=\"f--field f--image\">\n\n    \n        <a href=\"https:\/\/dornsife.usc.edu\/cmbs\/wp-content\/uploads\/sites\/398\/2024\/07\/Flyer_StepLab_TD_SPANISH.pdf\"  aria-label=\"Read more about Estudio de caminata infantil\">\n  \n    \n    \n    \n    \n              \n      <img\n                            data-src=\"https:\/\/dornsife.usc.edu\/cmbs\/wp-content\/uploads\/sites\/398\/2024\/07\/LDRL_LargeWide-768x432.jpg\"\n          data-srcset=\"https:\/\/dornsife.usc.edu\/cmbs\/wp-content\/uploads\/sites\/398\/2024\/07\/LDRL_LargeWide-768x432.jpg 768w\"          data-sizes=\"(min-width:1024px) 23vw, (min-width:768px) 39vw, 83vw\"          class=\"lazyload\"\n        \n                  role=\"none\"\n        \n        \n                                      \/>\n\n    \n    \n  \n      <\/a>\n  \n\n<\/div>\n          \n          <div class=\"text-container\">\n                              \n<div class=\"f--field f--eyebrow\">\n\n    \n  <span>IP: Kari Kretch<\/span>\n\n\n<\/div>\n            \n                            <h3>\n                                      <a href=\"https:\/\/dornsife.usc.edu\/cmbs\/wp-content\/uploads\/sites\/398\/2024\/07\/Flyer_StepLab_TD_SPANISH.pdf\" >\n                  \n                    Estudio de caminata infantil\n\n                                      <\/a>\n                                  <\/h3>\n            \n                              \n<div class=\"f--field f--description\">\n\n    \n  <p>Queremos aprender c\u00f3mo juegan y exploran los beb\u00e9s mientras aprenden a caminar.<\/p>\n<p><strong>Sitio web<\/strong>: <a href=\"https:\/\/sites.usc.edu\/ldrlab\/stepping-activity-play\/\">https:\/\/sites.usc.edu\/ldrlab\/stepping-activity-play\/<\/a><\/p>\n\n\n\n<\/div>\n                      <\/div>\n\n\n        <\/div>\n      \n        <div class=\"card\">\n\n          \n                                      \n                \n<div class=\"f--field f--image\">\n\n    \n        <a href=\"https:\/\/sites.usc.edu\/hearingresearch\/\"  aria-label=\"Read more about \u00a1Pr\u00e9stanos tus o\u00eddos!\">\n  \n    \n    \n    \n    \n              \n      <img\n                            data-src=\"https:\/\/dornsife.usc.edu\/cmbs\/wp-content\/uploads\/sites\/398\/2025\/06\/ear-768x432.png\"\n          data-srcset=\"https:\/\/dornsife.usc.edu\/cmbs\/wp-content\/uploads\/sites\/398\/2025\/06\/ear-1280x720.png 1280w,https:\/\/dornsife.usc.edu\/cmbs\/wp-content\/uploads\/sites\/398\/2025\/06\/ear-768x432.png 768w\"          data-sizes=\"(min-width:1024px) 23vw, (min-width:768px) 39vw, 83vw\"          class=\"lazyload\"\n        \n                  role=\"none\"\n        \n        \n                                      \/>\n\n    \n    \n  \n      <\/a>\n  \n\n<\/div>\n          \n          <div class=\"text-container\">\n                              \n<div class=\"f--field f--eyebrow\">\n\n    \n  <span>IP: Christopher Shera<\/span>\n\n\n<\/div>\n            \n                            <h3>\n                                      <a href=\"https:\/\/sites.usc.edu\/hearingresearch\/\" >\n                  \n                    \u00a1Pr\u00e9stanos tus o\u00eddos!\n\n                                      <\/a>\n                                  <\/h3>\n            \n                              \n<div class=\"f--field f--description\">\n\n    \n  <p>Los Laboratorios de Investigaci\u00f3n Auditiva del Departamento de Otorrinolaringolog\u00eda de USC est\u00e1n reclutando participantes con audici\u00f3n normal para un estudio de investigaci\u00f3n para comprender c\u00f3mo funciona la audici\u00f3n.<\/p>\n\n\n\n<\/div>\n                      <\/div>\n\n\n        <\/div>\n      \n        <div class=\"card\">\n\n          \n                                      \n                \n<div class=\"f--field f--image\">\n\n    \n        <a href=\"https:\/\/dornsife.usc.edu\/cmbs\/wp-content\/uploads\/sites\/398\/2024\/07\/Nobu_Flyer_SAIL.pdf\"  aria-label=\"Read more about Nobu - \u00bfQuieres probar un personaje digital?\">\n  \n    \n    \n    \n    \n              \n      <img\n                            data-src=\"https:\/\/dornsife.usc.edu\/cmbs\/wp-content\/uploads\/sites\/398\/2024\/07\/Screenshot-2024-07-09-at-10.11.38-AM-768x432.png\"\n          data-srcset=\"https:\/\/dornsife.usc.edu\/cmbs\/wp-content\/uploads\/sites\/398\/2024\/07\/Screenshot-2024-07-09-at-10.11.38-AM-1280x720.png 1280w,https:\/\/dornsife.usc.edu\/cmbs\/wp-content\/uploads\/sites\/398\/2024\/07\/Screenshot-2024-07-09-at-10.11.38-AM-768x432.png 768w\"          data-sizes=\"(min-width:1024px) 23vw, (min-width:768px) 39vw, 83vw\"          class=\"lazyload\"\n        \n                  role=\"none\"\n        \n        \n                                      \/>\n\n    \n    \n  \n      <\/a>\n  \n\n<\/div>\n          \n          <div class=\"text-container\">\n                              \n<div class=\"f--field f--eyebrow\">\n\n    \n  <span>IP: Shri Narayanan<\/span>\n\n\n<\/div>\n            \n                            <h3>\n                                      <a href=\"https:\/\/dornsife.usc.edu\/cmbs\/wp-content\/uploads\/sites\/398\/2024\/07\/Nobu_Flyer_SAIL.pdf\" >\n                  \n                    Nobu &#8211; \u00bfQuieres probar un personaje digital?\n\n                                      <\/a>\n                                  <\/h3>\n            \n                              \n<div class=\"f--field f--description\">\n\n    \n  <p>Nobu es un personaje digital y el laboratorio de investigaci\u00f3n SAIL le est\u00e1 ense\u00f1ando a Nobu a comprender y hablar con la gente. \u00a1Puedes ayudar ense\u00f1\u00e1ndole a Nobu sobre tu escuela! Debes entender y hablar ingl\u00e9s, pero est\u00e1 bien si hablas mejor otro idioma.<\/p>\n\n\n\n<\/div>\n                      <\/div>\n\n\n        <\/div>\n          <\/div>\n  \n\n  <\/div><\/div>\n","protected":false},"excerpt":{"rendered":"","protected":false},"author":180,"featured_media":1144,"parent":0,"menu_order":0,"comment_status":"closed","ping_status":"closed","template":"","meta":{"_acf_changed":false,"footnotes":""},"class_list":["post-3428","page","type-page","status-publish","has-post-thumbnail","hentry"],"acf":[],"yoast_head":"<!-- This site is optimized with the Yoast SEO plugin v27.1.1 - https:\/\/yoast.com\/product\/yoast-seo-wordpress\/ -->\n<title>Estudios Activos - Center for Music, Brain and Society<\/title>\n<meta name=\"robots\" content=\"index, follow, max-snippet:-1, max-image-preview:large, max-video-preview:-1\" \/>\n<link rel=\"canonical\" href=\"https:\/\/dornsife.usc.edu\/cmbs\/estudios-activos\/\" \/>\n<meta property=\"og:locale\" content=\"en_US\" \/>\n<meta property=\"og:type\" content=\"article\" \/>\n<meta property=\"og:title\" content=\"Estudios Activos - Center for Music, Brain and Society\" \/>\n<meta property=\"og:url\" content=\"https:\/\/dornsife.usc.edu\/cmbs\/estudios-activos\/\" \/>\n<meta property=\"og:site_name\" content=\"Center for Music, Brain and Society\" \/>\n<meta property=\"article:modified_time\" content=\"2025-06-24T19:45:59+00:00\" \/>\n<meta property=\"og:image\" content=\"https:\/\/dornsife.usc.edu\/cmbs\/wp-content\/uploads\/sites\/398\/2023\/11\/Banner-with-shoulder-edits-High-Res.png\" \/>\n\t<meta property=\"og:image:width\" content=\"4939\" \/>\n\t<meta property=\"og:image:height\" content=\"3391\" \/>\n\t<meta property=\"og:image:type\" content=\"image\/png\" \/>\n<meta name=\"twitter:card\" content=\"summary_large_image\" \/>\n<script type=\"application\/ld+json\" class=\"yoast-schema-graph\">{\"@context\":\"https:\/\/schema.org\",\"@graph\":[{\"@type\":\"WebPage\",\"@id\":\"https:\/\/dornsife.usc.edu\/cmbs\/estudios-activos\/\",\"url\":\"https:\/\/dornsife.usc.edu\/cmbs\/estudios-activos\/\",\"name\":\"Estudios Activos - Center for Music, Brain and Society\",\"isPartOf\":{\"@id\":\"https:\/\/dornsife.usc.edu\/cmbs\/#website\"},\"primaryImageOfPage\":{\"@id\":\"https:\/\/dornsife.usc.edu\/cmbs\/estudios-activos\/#primaryimage\"},\"image\":{\"@id\":\"https:\/\/dornsife.usc.edu\/cmbs\/estudios-activos\/#primaryimage\"},\"thumbnailUrl\":\"https:\/\/dornsife.usc.edu\/cmbs\/wp-content\/uploads\/sites\/398\/2023\/11\/Banner-with-shoulder-edits-High-Res.png\",\"datePublished\":\"2024-06-26T18:51:28+00:00\",\"dateModified\":\"2025-06-24T19:45:59+00:00\",\"breadcrumb\":{\"@id\":\"https:\/\/dornsife.usc.edu\/cmbs\/estudios-activos\/#breadcrumb\"},\"inLanguage\":\"en-US\",\"potentialAction\":[{\"@type\":\"ReadAction\",\"target\":[\"https:\/\/dornsife.usc.edu\/cmbs\/estudios-activos\/\"]}]},{\"@type\":\"ImageObject\",\"inLanguage\":\"en-US\",\"@id\":\"https:\/\/dornsife.usc.edu\/cmbs\/estudios-activos\/#primaryimage\",\"url\":\"https:\/\/dornsife.usc.edu\/cmbs\/wp-content\/uploads\/sites\/398\/2023\/11\/Banner-with-shoulder-edits-High-Res.png\",\"contentUrl\":\"https:\/\/dornsife.usc.edu\/cmbs\/wp-content\/uploads\/sites\/398\/2023\/11\/Banner-with-shoulder-edits-High-Res.png\",\"width\":4939,\"height\":3391},{\"@type\":\"BreadcrumbList\",\"@id\":\"https:\/\/dornsife.usc.edu\/cmbs\/estudios-activos\/#breadcrumb\",\"itemListElement\":[{\"@type\":\"ListItem\",\"position\":1,\"name\":\"Home\",\"item\":\"https:\/\/dornsife.usc.edu\/cmbs\/\"},{\"@type\":\"ListItem\",\"position\":2,\"name\":\"Estudios Activos\"}]},{\"@type\":\"WebSite\",\"@id\":\"https:\/\/dornsife.usc.edu\/cmbs\/#website\",\"url\":\"https:\/\/dornsife.usc.edu\/cmbs\/\",\"name\":\"Center for Music, Brain and Society\",\"description\":\"USC Dornsife Center for Music, Brain and Society\",\"potentialAction\":[{\"@type\":\"SearchAction\",\"target\":{\"@type\":\"EntryPoint\",\"urlTemplate\":\"https:\/\/dornsife.usc.edu\/cmbs\/?s={search_term_string}\"},\"query-input\":{\"@type\":\"PropertyValueSpecification\",\"valueRequired\":true,\"valueName\":\"search_term_string\"}}],\"inLanguage\":\"en-US\"}]}<\/script>\n<!-- \/ Yoast SEO plugin. -->","yoast_head_json":{"title":"Estudios Activos - Center for Music, Brain and Society","robots":{"index":"index","follow":"follow","max-snippet":"max-snippet:-1","max-image-preview":"max-image-preview:large","max-video-preview":"max-video-preview:-1"},"canonical":"https:\/\/dornsife.usc.edu\/cmbs\/estudios-activos\/","og_locale":"en_US","og_type":"article","og_title":"Estudios Activos - Center for Music, Brain and Society","og_url":"https:\/\/dornsife.usc.edu\/cmbs\/estudios-activos\/","og_site_name":"Center for Music, Brain and Society","article_modified_time":"2025-06-24T19:45:59+00:00","og_image":[{"width":4939,"height":3391,"url":"https:\/\/dornsife.usc.edu\/cmbs\/wp-content\/uploads\/sites\/398\/2023\/11\/Banner-with-shoulder-edits-High-Res.png","type":"image\/png"}],"twitter_card":"summary_large_image","schema":{"@context":"https:\/\/schema.org","@graph":[{"@type":"WebPage","@id":"https:\/\/dornsife.usc.edu\/cmbs\/estudios-activos\/","url":"https:\/\/dornsife.usc.edu\/cmbs\/estudios-activos\/","name":"Estudios Activos - Center for Music, Brain and Society","isPartOf":{"@id":"https:\/\/dornsife.usc.edu\/cmbs\/#website"},"primaryImageOfPage":{"@id":"https:\/\/dornsife.usc.edu\/cmbs\/estudios-activos\/#primaryimage"},"image":{"@id":"https:\/\/dornsife.usc.edu\/cmbs\/estudios-activos\/#primaryimage"},"thumbnailUrl":"https:\/\/dornsife.usc.edu\/cmbs\/wp-content\/uploads\/sites\/398\/2023\/11\/Banner-with-shoulder-edits-High-Res.png","datePublished":"2024-06-26T18:51:28+00:00","dateModified":"2025-06-24T19:45:59+00:00","breadcrumb":{"@id":"https:\/\/dornsife.usc.edu\/cmbs\/estudios-activos\/#breadcrumb"},"inLanguage":"en-US","potentialAction":[{"@type":"ReadAction","target":["https:\/\/dornsife.usc.edu\/cmbs\/estudios-activos\/"]}]},{"@type":"ImageObject","inLanguage":"en-US","@id":"https:\/\/dornsife.usc.edu\/cmbs\/estudios-activos\/#primaryimage","url":"https:\/\/dornsife.usc.edu\/cmbs\/wp-content\/uploads\/sites\/398\/2023\/11\/Banner-with-shoulder-edits-High-Res.png","contentUrl":"https:\/\/dornsife.usc.edu\/cmbs\/wp-content\/uploads\/sites\/398\/2023\/11\/Banner-with-shoulder-edits-High-Res.png","width":4939,"height":3391},{"@type":"BreadcrumbList","@id":"https:\/\/dornsife.usc.edu\/cmbs\/estudios-activos\/#breadcrumb","itemListElement":[{"@type":"ListItem","position":1,"name":"Home","item":"https:\/\/dornsife.usc.edu\/cmbs\/"},{"@type":"ListItem","position":2,"name":"Estudios Activos"}]},{"@type":"WebSite","@id":"https:\/\/dornsife.usc.edu\/cmbs\/#website","url":"https:\/\/dornsife.usc.edu\/cmbs\/","name":"Center for Music, Brain and Society","description":"USC Dornsife Center for Music, Brain and Society","potentialAction":[{"@type":"SearchAction","target":{"@type":"EntryPoint","urlTemplate":"https:\/\/dornsife.usc.edu\/cmbs\/?s={search_term_string}"},"query-input":{"@type":"PropertyValueSpecification","valueRequired":true,"valueName":"search_term_string"}}],"inLanguage":"en-US"}]}},"_links":{"self":[{"href":"https:\/\/dornsife.usc.edu\/cmbs\/wp-json\/wp\/v2\/pages\/3428","targetHints":{"allow":["GET"]}}],"collection":[{"href":"https:\/\/dornsife.usc.edu\/cmbs\/wp-json\/wp\/v2\/pages"}],"about":[{"href":"https:\/\/dornsife.usc.edu\/cmbs\/wp-json\/wp\/v2\/types\/page"}],"author":[{"embeddable":true,"href":"https:\/\/dornsife.usc.edu\/cmbs\/wp-json\/wp\/v2\/users\/180"}],"replies":[{"embeddable":true,"href":"https:\/\/dornsife.usc.edu\/cmbs\/wp-json\/wp\/v2\/comments?post=3428"}],"version-history":[{"count":11,"href":"https:\/\/dornsife.usc.edu\/cmbs\/wp-json\/wp\/v2\/pages\/3428\/revisions"}],"predecessor-version":[{"id":4075,"href":"https:\/\/dornsife.usc.edu\/cmbs\/wp-json\/wp\/v2\/pages\/3428\/revisions\/4075"}],"wp:featuredmedia":[{"embeddable":true,"href":"https:\/\/dornsife.usc.edu\/cmbs\/wp-json\/wp\/v2\/media\/1144"}],"wp:attachment":[{"href":"https:\/\/dornsife.usc.edu\/cmbs\/wp-json\/wp\/v2\/media?parent=3428"}],"curies":[{"name":"wp","href":"https:\/\/api.w.org\/{rel}","templated":true}]}}