{"id":3219,"date":"2024-05-30T14:26:20","date_gmt":"2024-05-30T21:26:20","guid":{"rendered":"https:\/\/dornsife.usc.edu\/cmbs\/?page_id=3219"},"modified":"2024-05-30T14:46:17","modified_gmt":"2024-05-30T21:46:17","slug":"marisa-hentis-es","status":"publish","type":"page","link":"https:\/\/dornsife.usc.edu\/cmbs\/marisa-hentis-es\/","title":{"rendered":"Facultad"},"content":{"rendered":"\n\n\n\n  \n    \n\n\n\n\n\n\n<div\n  class=\"cc--component-container cc--rich-text \"\n\n  \n  \n  \n  \n  \n  \n  >\n  <div class=\"c--component c--rich-text\"\n    \n      >\n\n    \n      \n<div class=\"f--field f--wysiwyg\">\n\n    \n  <h5 style=\"text-align: right;\"><a class=\"cta-link\" href=\"https:\/\/dornsife.usc.edu\/cmbs\/marisa-hentis\/\"><em>English<\/em><\/a><\/h5>\n\n\n\n<\/div>\n\n\n  <\/div><\/div>\n\n\n\n  \n    \n\n\n\n\n\n\n<div\n  class=\"cc--component-container cc--featured-block \"\n\n  \n  \n  \n  \n  \n  \n  >\n  <div class=\"c--component c--featured-block\"\n    \n      >\n\n    \n  <div class=\"text-image-container\">\n    <div class=\"text-container\">\n\n      \n                  \n<div class=\"f--field f--section-title\">\n\n    \n  <h2>\n          Marisa Hentis, PT, DPT, OCS, CSCS\n      <\/h2>\n\n\n<\/div>\n      \n                  \n<div class=\"f--field f--description\">\n\n    \n  <p><strong>Profesora Asistente de Fisioterapia Cl\u00ednica<\/strong><br \/>\n<em>Divisi\u00f3n de Biokinesiolog\u00eda y Fisioterapia de USC<\/em><br \/>\nCorreo electr\u00f3nico: <a href=\"mailto:hentis@usc.edu\">hentis@usc.edu<\/a><\/p>\n<p>La Dra. Marisa Hentis, PT, DPT, OCS, CSCS, es profesora asistente de fisioterapia y danza. La Dra. Marisa Hentis se especializa en artes esc\u00e9nicas. Ella atiende a pacientes cl\u00ednicamente en Fisioterapia de USC. Est\u00e1 certificada por la Junta Estadounidense de Especialidades en Terapia F\u00edsica como Especialista Cl\u00ednica Ortop\u00e9dica (OCS) y Especialista Certificada en Fuerza y \u200b\u200bAcondicionamiento (CSCS). Es la presidenta de selecci\u00f3n del Grupo de Inter\u00e9s Especial en Artes Esc\u00e9nicas (PASIG) de la Asociaci\u00f3n Estadounidense de Terapia F\u00edsica (APTA). Se especializa en el tratamiento de una variedad de diagn\u00f3sticos ortop\u00e9dicos que incluyen artistas esc\u00e9nicos, bailarines, corredores, otras lesiones relacionadas con deportes y disfunciones del piso p\u00e9lvico. Trabaja como fisioterapeuta detr\u00e1s del escenario de actuaciones en varios teatros de Los \u00c1ngeles, CA, en su tiempo libre. El Dr. Hentis tambi\u00e9n ha presentado en conferencias locales, nacionales e internacionales sobre medicina de la danza con \u00e9nfasis en bailarines de nivel universitario.<\/p>\n<p>La Dra. Hentis recibi\u00f3 su Licenciatura en Ciencias del Ejercicio, especializaci\u00f3n en Psicolog\u00eda y concentraci\u00f3n en Educaci\u00f3n Interprofesional en la Universidad de Saint Louis en Saint Louis, Missouri. Tambi\u00e9n recibi\u00f3 un Doctorado en Fisioterapia en la Universidad de Saint Louis. Se gradu\u00f3 de la Residencia Cl\u00ednica en Fisioterapia Ortop\u00e9dica a trav\u00e9s del Instituto de Profesiones de la Salud MGH.<\/p>\n<p>Antes de convertirse en fisioterapeuta, Marisa bail\u00f3 profesionalmente en el Medio Oeste durante m\u00e1s de 5 a\u00f1os. Est\u00e1 formada en la mayor\u00eda de g\u00e9neros pero se especializa en hip hop y contempor\u00e1neo. Le gusta seguir tomando clases de forma recreativa e involucrarse con la comunidad para prevenir y ayudar a los artistas a lo largo de sus carreras recreativas y profesionales.<\/p>\n\n\n\n<\/div>\n      \n                  \n<div class=\"f--field f--link\">\n\n    \n    \n  \n<a \n  class=\"link\"\n  href= https:\/\/pt.usc.edu\/faculty\/marisa-hentis-pt-dpt-ocs-cscs\/\n    aria-label=\"Read more about Aprende m\u00e1s\"  \n>\n    Aprende m\u00e1s \n  <svg version=\"1.1\" xmlns=\"http:\/\/www.w3.org\/2000\/svg\" xmlns:xlink=\"http:\/\/www.w3.org\/1999\/xlink\" x=\"0px\" y=\"0px\" viewBox=\"0 0 35 35\" enable-background=\"new 0 0 35 35\" width=\"25\" height=\"25\" xml:space=\"preserve\"><polygon fill-rule=\"evenodd\" clip-rule=\"evenodd\" fill=\"#000\" points=\"19.3,27.5 29.3,17.5,19.3,7.5 16.3,10.4 21.4,15.4 6.7,15.4 6.7,19.6 21.4,19.6 16.3,24.6 \"\/><\/svg>\n<\/a>\n\n\n<\/div>\n\n          <\/div>\n\n          <div class=\"image-container\">\n            \n<div class=\"f--field f--image\">\n\n    \n    \n    \n    \n    \n    \n              \n      <img\n                            data-src=\"https:\/\/dornsife.usc.edu\/cmbs\/wp-content\/uploads\/sites\/398\/2024\/05\/Marisa-Hentis-Original.jpg\"\n                    data-sizes=\"(min-width:1024px) 50vw, (min-width:768px) 100vw, 100vw\"          class=\"lazyload\"\n        \n                  role=\"none\"\n        \n        \n                                      \/>\n\n    \n    \n  \n  \n\n<\/div>\n      <\/div>\n    \n  <\/div>\n\n\n  <\/div><\/div>\n","protected":false},"excerpt":{"rendered":"","protected":false},"author":180,"featured_media":1053,"parent":0,"menu_order":0,"comment_status":"closed","ping_status":"closed","template":"","meta":{"_acf_changed":false,"footnotes":""},"class_list":["post-3219","page","type-page","status-publish","has-post-thumbnail","hentry"],"acf":[],"yoast_head":"<!-- This site is optimized with the Yoast SEO plugin v27.1.1 - https:\/\/yoast.com\/product\/yoast-seo-wordpress\/ -->\n<title>Facultad - Center for Music, Brain and Society<\/title>\n<meta name=\"robots\" content=\"index, follow, max-snippet:-1, max-image-preview:large, max-video-preview:-1\" \/>\n<link rel=\"canonical\" href=\"https:\/\/dornsife.usc.edu\/cmbs\/marisa-hentis-es\/\" \/>\n<meta property=\"og:locale\" content=\"en_US\" \/>\n<meta property=\"og:type\" content=\"article\" \/>\n<meta property=\"og:title\" content=\"Facultad - Center for Music, Brain and Society\" \/>\n<meta property=\"og:url\" content=\"https:\/\/dornsife.usc.edu\/cmbs\/marisa-hentis-es\/\" \/>\n<meta property=\"og:site_name\" content=\"Center for Music, Brain and Society\" \/>\n<meta property=\"article:modified_time\" content=\"2024-05-30T21:46:17+00:00\" \/>\n<meta property=\"og:image\" content=\"https:\/\/dornsife.usc.edu\/cmbs\/wp-content\/uploads\/sites\/398\/2023\/11\/HERO-BANNER-.png\" \/>\n\t<meta property=\"og:image:width\" content=\"4962\" \/>\n\t<meta property=\"og:image:height\" content=\"3408\" \/>\n\t<meta property=\"og:image:type\" content=\"image\/png\" \/>\n<meta name=\"twitter:card\" content=\"summary_large_image\" \/>\n<script type=\"application\/ld+json\" class=\"yoast-schema-graph\">{\"@context\":\"https:\/\/schema.org\",\"@graph\":[{\"@type\":\"WebPage\",\"@id\":\"https:\/\/dornsife.usc.edu\/cmbs\/marisa-hentis-es\/\",\"url\":\"https:\/\/dornsife.usc.edu\/cmbs\/marisa-hentis-es\/\",\"name\":\"Facultad - Center for Music, Brain and Society\",\"isPartOf\":{\"@id\":\"https:\/\/dornsife.usc.edu\/cmbs\/#website\"},\"primaryImageOfPage\":{\"@id\":\"https:\/\/dornsife.usc.edu\/cmbs\/marisa-hentis-es\/#primaryimage\"},\"image\":{\"@id\":\"https:\/\/dornsife.usc.edu\/cmbs\/marisa-hentis-es\/#primaryimage\"},\"thumbnailUrl\":\"https:\/\/dornsife.usc.edu\/cmbs\/wp-content\/uploads\/sites\/398\/2023\/11\/HERO-BANNER-.png\",\"datePublished\":\"2024-05-30T21:26:20+00:00\",\"dateModified\":\"2024-05-30T21:46:17+00:00\",\"breadcrumb\":{\"@id\":\"https:\/\/dornsife.usc.edu\/cmbs\/marisa-hentis-es\/#breadcrumb\"},\"inLanguage\":\"en-US\",\"potentialAction\":[{\"@type\":\"ReadAction\",\"target\":[\"https:\/\/dornsife.usc.edu\/cmbs\/marisa-hentis-es\/\"]}]},{\"@type\":\"ImageObject\",\"inLanguage\":\"en-US\",\"@id\":\"https:\/\/dornsife.usc.edu\/cmbs\/marisa-hentis-es\/#primaryimage\",\"url\":\"https:\/\/dornsife.usc.edu\/cmbs\/wp-content\/uploads\/sites\/398\/2023\/11\/HERO-BANNER-.png\",\"contentUrl\":\"https:\/\/dornsife.usc.edu\/cmbs\/wp-content\/uploads\/sites\/398\/2023\/11\/HERO-BANNER-.png\",\"width\":4962,\"height\":3408},{\"@type\":\"BreadcrumbList\",\"@id\":\"https:\/\/dornsife.usc.edu\/cmbs\/marisa-hentis-es\/#breadcrumb\",\"itemListElement\":[{\"@type\":\"ListItem\",\"position\":1,\"name\":\"Home\",\"item\":\"https:\/\/dornsife.usc.edu\/cmbs\/\"},{\"@type\":\"ListItem\",\"position\":2,\"name\":\"Facultad\"}]},{\"@type\":\"WebSite\",\"@id\":\"https:\/\/dornsife.usc.edu\/cmbs\/#website\",\"url\":\"https:\/\/dornsife.usc.edu\/cmbs\/\",\"name\":\"Center for Music, Brain and Society\",\"description\":\"USC Dornsife Center for Music, Brain and Society\",\"potentialAction\":[{\"@type\":\"SearchAction\",\"target\":{\"@type\":\"EntryPoint\",\"urlTemplate\":\"https:\/\/dornsife.usc.edu\/cmbs\/?s={search_term_string}\"},\"query-input\":{\"@type\":\"PropertyValueSpecification\",\"valueRequired\":true,\"valueName\":\"search_term_string\"}}],\"inLanguage\":\"en-US\"}]}<\/script>\n<!-- \/ Yoast SEO plugin. -->","yoast_head_json":{"title":"Facultad - Center for Music, Brain and Society","robots":{"index":"index","follow":"follow","max-snippet":"max-snippet:-1","max-image-preview":"max-image-preview:large","max-video-preview":"max-video-preview:-1"},"canonical":"https:\/\/dornsife.usc.edu\/cmbs\/marisa-hentis-es\/","og_locale":"en_US","og_type":"article","og_title":"Facultad - Center for Music, Brain and Society","og_url":"https:\/\/dornsife.usc.edu\/cmbs\/marisa-hentis-es\/","og_site_name":"Center for Music, Brain and Society","article_modified_time":"2024-05-30T21:46:17+00:00","og_image":[{"width":4962,"height":3408,"url":"https:\/\/dornsife.usc.edu\/cmbs\/wp-content\/uploads\/sites\/398\/2023\/11\/HERO-BANNER-.png","type":"image\/png"}],"twitter_card":"summary_large_image","schema":{"@context":"https:\/\/schema.org","@graph":[{"@type":"WebPage","@id":"https:\/\/dornsife.usc.edu\/cmbs\/marisa-hentis-es\/","url":"https:\/\/dornsife.usc.edu\/cmbs\/marisa-hentis-es\/","name":"Facultad - Center for Music, Brain and Society","isPartOf":{"@id":"https:\/\/dornsife.usc.edu\/cmbs\/#website"},"primaryImageOfPage":{"@id":"https:\/\/dornsife.usc.edu\/cmbs\/marisa-hentis-es\/#primaryimage"},"image":{"@id":"https:\/\/dornsife.usc.edu\/cmbs\/marisa-hentis-es\/#primaryimage"},"thumbnailUrl":"https:\/\/dornsife.usc.edu\/cmbs\/wp-content\/uploads\/sites\/398\/2023\/11\/HERO-BANNER-.png","datePublished":"2024-05-30T21:26:20+00:00","dateModified":"2024-05-30T21:46:17+00:00","breadcrumb":{"@id":"https:\/\/dornsife.usc.edu\/cmbs\/marisa-hentis-es\/#breadcrumb"},"inLanguage":"en-US","potentialAction":[{"@type":"ReadAction","target":["https:\/\/dornsife.usc.edu\/cmbs\/marisa-hentis-es\/"]}]},{"@type":"ImageObject","inLanguage":"en-US","@id":"https:\/\/dornsife.usc.edu\/cmbs\/marisa-hentis-es\/#primaryimage","url":"https:\/\/dornsife.usc.edu\/cmbs\/wp-content\/uploads\/sites\/398\/2023\/11\/HERO-BANNER-.png","contentUrl":"https:\/\/dornsife.usc.edu\/cmbs\/wp-content\/uploads\/sites\/398\/2023\/11\/HERO-BANNER-.png","width":4962,"height":3408},{"@type":"BreadcrumbList","@id":"https:\/\/dornsife.usc.edu\/cmbs\/marisa-hentis-es\/#breadcrumb","itemListElement":[{"@type":"ListItem","position":1,"name":"Home","item":"https:\/\/dornsife.usc.edu\/cmbs\/"},{"@type":"ListItem","position":2,"name":"Facultad"}]},{"@type":"WebSite","@id":"https:\/\/dornsife.usc.edu\/cmbs\/#website","url":"https:\/\/dornsife.usc.edu\/cmbs\/","name":"Center for Music, Brain and Society","description":"USC Dornsife Center for Music, Brain and Society","potentialAction":[{"@type":"SearchAction","target":{"@type":"EntryPoint","urlTemplate":"https:\/\/dornsife.usc.edu\/cmbs\/?s={search_term_string}"},"query-input":{"@type":"PropertyValueSpecification","valueRequired":true,"valueName":"search_term_string"}}],"inLanguage":"en-US"}]}},"_links":{"self":[{"href":"https:\/\/dornsife.usc.edu\/cmbs\/wp-json\/wp\/v2\/pages\/3219","targetHints":{"allow":["GET"]}}],"collection":[{"href":"https:\/\/dornsife.usc.edu\/cmbs\/wp-json\/wp\/v2\/pages"}],"about":[{"href":"https:\/\/dornsife.usc.edu\/cmbs\/wp-json\/wp\/v2\/types\/page"}],"author":[{"embeddable":true,"href":"https:\/\/dornsife.usc.edu\/cmbs\/wp-json\/wp\/v2\/users\/180"}],"replies":[{"embeddable":true,"href":"https:\/\/dornsife.usc.edu\/cmbs\/wp-json\/wp\/v2\/comments?post=3219"}],"version-history":[{"count":9,"href":"https:\/\/dornsife.usc.edu\/cmbs\/wp-json\/wp\/v2\/pages\/3219\/revisions"}],"predecessor-version":[{"id":3240,"href":"https:\/\/dornsife.usc.edu\/cmbs\/wp-json\/wp\/v2\/pages\/3219\/revisions\/3240"}],"wp:featuredmedia":[{"embeddable":true,"href":"https:\/\/dornsife.usc.edu\/cmbs\/wp-json\/wp\/v2\/media\/1053"}],"wp:attachment":[{"href":"https:\/\/dornsife.usc.edu\/cmbs\/wp-json\/wp\/v2\/media?parent=3219"}],"curies":[{"name":"wp","href":"https:\/\/api.w.org\/{rel}","templated":true}]}}