{"id":3164,"date":"2024-04-19T16:43:51","date_gmt":"2024-04-19T23:43:51","guid":{"rendered":"https:\/\/dornsife.usc.edu\/cmbs\/?page_id=3164"},"modified":"2024-04-23T14:32:44","modified_gmt":"2024-04-23T21:32:44","slug":"patrick-corbin-es","status":"publish","type":"page","link":"https:\/\/dornsife.usc.edu\/cmbs\/patrick-corbin-es\/","title":{"rendered":"Facultad"},"content":{"rendered":"\n\n\n\n  \n    \n\n\n\n\n\n\n<div\n  class=\"cc--component-container cc--rich-text \"\n\n  \n  \n  \n  \n  \n  \n  >\n  <div class=\"c--component c--rich-text\"\n    \n      >\n\n    \n      \n<div class=\"f--field f--wysiwyg\">\n\n    \n  <h5 style=\"text-align: right;\"><a class=\"cta-link\" href=\"https:\/\/dornsife.usc.edu\/cmbs\/patrick-corbin\/\"><em>English<\/em><\/a><\/h5>\n\n\n\n<\/div>\n\n\n  <\/div><\/div>\n\n\n\n  \n    \n\n\n\n\n\n\n<div\n  class=\"cc--component-container cc--featured-block \"\n\n  \n  \n  \n  \n  \n  \n  >\n  <div class=\"c--component c--featured-block\"\n    \n      >\n\n    \n  <div class=\"text-image-container\">\n    <div class=\"text-container\">\n\n      \n                  \n<div class=\"f--field f--section-title\">\n\n    \n  <h2>\n          Patrick Corbin, MFA\n      <\/h2>\n\n\n<\/div>\n      \n                  \n<div class=\"f--field f--description\">\n\n    \n  <p><strong>Profesor Asociado de Pr\u00e1ctica (Contempor\u00e1neo, Moderno, Repertorio)<\/strong><br \/>\n<em>Escuela de Danza Kaufman de USC<\/em><br \/>\nCorreo electr\u00f3nico: <a href=\"mailto:pcorbin@usc.edu\">pcorbin@usc.edu<\/a><\/p>\n<p>El profesor Patrick Corbin es un bailar\u00edn y core\u00f3grafo de qui\u00e9n carrera abarca m\u00e1s de treinta a\u00f1os, uniendo los mundos del ballet cl\u00e1sico, la danza moderna y la contempor\u00e1nea. Tiene una maestr\u00eda en danza y coreograf\u00eda de la Escuela de Artes Tisch de la Universidad de Nueva York. Su investigaci\u00f3n sobre el efecto de la danza en el cerebro comenz\u00f3 en 2005 cuando \u00e9l, junto con Christopher Hughes, PT, DPT, MS, desarroll\u00f3 una clase de movimiento para ni\u00f1os con autismo.<\/p>\n<p>El profesor Corbin se uni\u00f3 al cuerpo docente de la Escuela de Danza Glorya Kaufman de USC en julio de 2015 y actualmente es profesor asociado de pr\u00e1ctica. Desde su llegada a USC, el profesor Corbin ha sentado las bases de la Danza y la Salud como \u00e1rea de estudio, investigaci\u00f3n y pr\u00e1ctica. Este esfuerzo ha dado como resultado su curso interdisciplinario, DANC 140 Danza y Salud: Danza y Habilidad. Abierto a todos los estudiantes de la USC, DANC 140 examina las investigaciones existentes sobre danza y salud a trav\u00e9s de art\u00edculos, conferenciantes invitados expertos, pr\u00e1ctica de danza y participaci\u00f3n comunitaria. El curso da la bienvenida y alienta a estudiantes de todos los or\u00edgenes y campos de estudio a participar en un di\u00e1logo abierto sobre la intersecci\u00f3n de la danza, la salud y la comunidad. La iniciativa Danza y Salud fusiona las pr\u00e1cticas interdisciplinarias de danza y salud, unificando a personas que viven con la enfermedad de Parkinson, s\u00edndrome de Down, autismo, estudiantes, personal y profesores de la USC de los campus de la UPC y HSC.<\/p>\n<p>El profesor Corbin ha recibido tres becas de Artes en Acci\u00f3n y una Beca de Ense\u00f1anza Interdisciplinaria para apoyar DANC 140 Danza y Salud: Danza y Capacidad. Hasta la fecha, DANC 140 ha presentado dos secciones: &#8220;Danza y Parkinson&#8221; en el oto\u00f1o de 2022 y primavera de 2024, y &#8220;Baile y s\u00edndrome de Down&#8221; en el oto\u00f1o de 2023. La tercera secci\u00f3n, &#8220;Danza y neurodiversidad (autismo)&#8221;, se presentar\u00e1 en oto\u00f1o. 2024.<\/p>\n<p>El profesor Corbin bail\u00f3 profesionalmente con El Washington Ballet, Kansas City Ballet, ABT II, \u200b\u200bJoffrey Ballet, Paul Taylor Compa\u00f1\u00eda de Danza, Lar Lubovitch y Martha Clarke. Ha aparecido en cinco Grandes Actuaciones de PBS y en el documental nominado al Premio de la Academia, Dancemaker. El profesor Corbin recibi\u00f3 el premio New York Premio al Desempe\u00f1o (Bessie) por Logros Sostenidos con la Paul Taylor Compa\u00f1\u00eda de Danza. En 2003, el profesor Corbin fund\u00f3 CorbinDances y ha presentado trabajos en Danspace en St. Mark&#8217;s Church, La MaMa, Joyce SoHo, Joyce Theatre y Brooklyn Lyceum en la ciudad de Nueva York.<\/p>\n<p>El profesor Corbin presenta su propio trabajo y danzas de Paul Taylor en compa\u00f1\u00edas y universidades de todo Estados Unidos. Adem\u00e1s de su carrera como bailar\u00edn y core\u00f3grafo, ha sido profesor invitado en el Conservatoire National Sup\u00e9rieur de Musique et de Danse de Paris, Universidad de California Irvine, Universidad George Mason , SUNY Purchase, Universidad de Kansas, Universidad de Texas. Austin y la Universidad de Michigan. Tambi\u00e9n ha ense\u00f1ado profesionalmente para elTeatro de ballet americano, el Ballet de la Ciudad de Miami y el San Francisco Ballet.<\/p>\n\n\n\n<\/div>\n      \n                  \n<div class=\"f--field f--link\">\n\n    \n    \n  \n<a \n  class=\"link\"\n  href= https:\/\/kaufman.usc.edu\/faculty\/patrick-corbin\/\n    aria-label=\"Read more about Aprende m\u00e1s\"  \n>\n    Aprende m\u00e1s \n  <svg version=\"1.1\" xmlns=\"http:\/\/www.w3.org\/2000\/svg\" xmlns:xlink=\"http:\/\/www.w3.org\/1999\/xlink\" x=\"0px\" y=\"0px\" viewBox=\"0 0 35 35\" enable-background=\"new 0 0 35 35\" width=\"25\" height=\"25\" xml:space=\"preserve\"><polygon fill-rule=\"evenodd\" clip-rule=\"evenodd\" fill=\"#000\" points=\"19.3,27.5 29.3,17.5,19.3,7.5 16.3,10.4 21.4,15.4 6.7,15.4 6.7,19.6 21.4,19.6 16.3,24.6 \"\/><\/svg>\n<\/a>\n\n\n<\/div>\n\n          <\/div>\n\n          <div class=\"image-container\">\n            \n<div class=\"f--field f--image\">\n\n    \n    \n    \n    \n    \n    \n              \n      <img\n                            data-src=\"https:\/\/dornsife.usc.edu\/cmbs\/wp-content\/uploads\/sites\/398\/2024\/04\/Patrick-Corbin-Original-768x768.jpg\"\n          data-srcset=\"https:\/\/dornsife.usc.edu\/cmbs\/wp-content\/uploads\/sites\/398\/2024\/04\/Patrick-Corbin-Original-1280x1280.jpg 1280w,https:\/\/dornsife.usc.edu\/cmbs\/wp-content\/uploads\/sites\/398\/2024\/04\/Patrick-Corbin-Original-768x768.jpg 768w\"          data-sizes=\"(min-width:1024px) 50vw, (min-width:768px) 100vw, 100vw\"          class=\"lazyload\"\n        \n                  role=\"none\"\n        \n        \n                                      \/>\n\n    \n    \n  \n  \n\n<\/div>\n      <\/div>\n    \n  <\/div>\n\n\n  <\/div><\/div>\n\n\n\n  \n  \n    \n\n\n\n\n\n\n<div\n  class=\"cc--component-container cc--cta-cards-collection \"\n\n  \n  \n  \n  \n  \n  \n  >\n  <div class=\"c--component c--cta-cards-collection\"\n    \n      >\n\n    \n      <div class=\"header-container\">\n                  \n<div class=\"f--field f--section-title\">\n\n    \n  <h2>\n          Instituciones y laboratorios afiliados\n      <\/h2>\n\n\n<\/div>\n      \n      \n      \n    <\/div>\n  \n      <div class=\"cards-container\">\n      \n        <div class=\"card\">\n\n                            <a href=\"https:\/\/corbindances.org\/\" >\n            \n                                    <h3>CorbinDances<\/h3>\n                \n                \n                            <\/a>\n                    <\/div>\n          <\/div>\n  \n\n  <\/div><\/div>\n","protected":false},"excerpt":{"rendered":"","protected":false},"author":180,"featured_media":1053,"parent":0,"menu_order":0,"comment_status":"closed","ping_status":"closed","template":"","meta":{"_acf_changed":false,"footnotes":""},"class_list":["post-3164","page","type-page","status-publish","has-post-thumbnail","hentry"],"acf":[],"yoast_head":"<!-- This site is optimized with the Yoast SEO plugin v27.1.1 - https:\/\/yoast.com\/product\/yoast-seo-wordpress\/ -->\n<title>Facultad - Center for Music, Brain and Society<\/title>\n<meta name=\"robots\" content=\"index, follow, max-snippet:-1, max-image-preview:large, max-video-preview:-1\" \/>\n<link rel=\"canonical\" href=\"https:\/\/dornsife.usc.edu\/cmbs\/patrick-corbin-es\/\" \/>\n<meta property=\"og:locale\" content=\"en_US\" \/>\n<meta property=\"og:type\" content=\"article\" \/>\n<meta property=\"og:title\" content=\"Facultad - Center for Music, Brain and Society\" \/>\n<meta property=\"og:url\" content=\"https:\/\/dornsife.usc.edu\/cmbs\/patrick-corbin-es\/\" \/>\n<meta property=\"og:site_name\" content=\"Center for Music, Brain and Society\" \/>\n<meta property=\"article:modified_time\" content=\"2024-04-23T21:32:44+00:00\" \/>\n<meta property=\"og:image\" content=\"https:\/\/dornsife.usc.edu\/cmbs\/wp-content\/uploads\/sites\/398\/2023\/11\/HERO-BANNER-.png\" \/>\n\t<meta property=\"og:image:width\" content=\"4962\" \/>\n\t<meta property=\"og:image:height\" content=\"3408\" \/>\n\t<meta property=\"og:image:type\" content=\"image\/png\" \/>\n<meta name=\"twitter:card\" content=\"summary_large_image\" \/>\n<script type=\"application\/ld+json\" class=\"yoast-schema-graph\">{\"@context\":\"https:\/\/schema.org\",\"@graph\":[{\"@type\":\"WebPage\",\"@id\":\"https:\/\/dornsife.usc.edu\/cmbs\/patrick-corbin-es\/\",\"url\":\"https:\/\/dornsife.usc.edu\/cmbs\/patrick-corbin-es\/\",\"name\":\"Facultad - Center for Music, Brain and Society\",\"isPartOf\":{\"@id\":\"https:\/\/dornsife.usc.edu\/cmbs\/#website\"},\"primaryImageOfPage\":{\"@id\":\"https:\/\/dornsife.usc.edu\/cmbs\/patrick-corbin-es\/#primaryimage\"},\"image\":{\"@id\":\"https:\/\/dornsife.usc.edu\/cmbs\/patrick-corbin-es\/#primaryimage\"},\"thumbnailUrl\":\"https:\/\/dornsife.usc.edu\/cmbs\/wp-content\/uploads\/sites\/398\/2023\/11\/HERO-BANNER-.png\",\"datePublished\":\"2024-04-19T23:43:51+00:00\",\"dateModified\":\"2024-04-23T21:32:44+00:00\",\"breadcrumb\":{\"@id\":\"https:\/\/dornsife.usc.edu\/cmbs\/patrick-corbin-es\/#breadcrumb\"},\"inLanguage\":\"en-US\",\"potentialAction\":[{\"@type\":\"ReadAction\",\"target\":[\"https:\/\/dornsife.usc.edu\/cmbs\/patrick-corbin-es\/\"]}]},{\"@type\":\"ImageObject\",\"inLanguage\":\"en-US\",\"@id\":\"https:\/\/dornsife.usc.edu\/cmbs\/patrick-corbin-es\/#primaryimage\",\"url\":\"https:\/\/dornsife.usc.edu\/cmbs\/wp-content\/uploads\/sites\/398\/2023\/11\/HERO-BANNER-.png\",\"contentUrl\":\"https:\/\/dornsife.usc.edu\/cmbs\/wp-content\/uploads\/sites\/398\/2023\/11\/HERO-BANNER-.png\",\"width\":4962,\"height\":3408},{\"@type\":\"BreadcrumbList\",\"@id\":\"https:\/\/dornsife.usc.edu\/cmbs\/patrick-corbin-es\/#breadcrumb\",\"itemListElement\":[{\"@type\":\"ListItem\",\"position\":1,\"name\":\"Home\",\"item\":\"https:\/\/dornsife.usc.edu\/cmbs\/\"},{\"@type\":\"ListItem\",\"position\":2,\"name\":\"Facultad\"}]},{\"@type\":\"WebSite\",\"@id\":\"https:\/\/dornsife.usc.edu\/cmbs\/#website\",\"url\":\"https:\/\/dornsife.usc.edu\/cmbs\/\",\"name\":\"Center for Music, Brain and Society\",\"description\":\"USC Dornsife Center for Music, Brain and Society\",\"potentialAction\":[{\"@type\":\"SearchAction\",\"target\":{\"@type\":\"EntryPoint\",\"urlTemplate\":\"https:\/\/dornsife.usc.edu\/cmbs\/?s={search_term_string}\"},\"query-input\":{\"@type\":\"PropertyValueSpecification\",\"valueRequired\":true,\"valueName\":\"search_term_string\"}}],\"inLanguage\":\"en-US\"}]}<\/script>\n<!-- \/ Yoast SEO plugin. -->","yoast_head_json":{"title":"Facultad - Center for Music, Brain and Society","robots":{"index":"index","follow":"follow","max-snippet":"max-snippet:-1","max-image-preview":"max-image-preview:large","max-video-preview":"max-video-preview:-1"},"canonical":"https:\/\/dornsife.usc.edu\/cmbs\/patrick-corbin-es\/","og_locale":"en_US","og_type":"article","og_title":"Facultad - Center for Music, Brain and Society","og_url":"https:\/\/dornsife.usc.edu\/cmbs\/patrick-corbin-es\/","og_site_name":"Center for Music, Brain and Society","article_modified_time":"2024-04-23T21:32:44+00:00","og_image":[{"width":4962,"height":3408,"url":"https:\/\/dornsife.usc.edu\/cmbs\/wp-content\/uploads\/sites\/398\/2023\/11\/HERO-BANNER-.png","type":"image\/png"}],"twitter_card":"summary_large_image","schema":{"@context":"https:\/\/schema.org","@graph":[{"@type":"WebPage","@id":"https:\/\/dornsife.usc.edu\/cmbs\/patrick-corbin-es\/","url":"https:\/\/dornsife.usc.edu\/cmbs\/patrick-corbin-es\/","name":"Facultad - Center for Music, Brain and Society","isPartOf":{"@id":"https:\/\/dornsife.usc.edu\/cmbs\/#website"},"primaryImageOfPage":{"@id":"https:\/\/dornsife.usc.edu\/cmbs\/patrick-corbin-es\/#primaryimage"},"image":{"@id":"https:\/\/dornsife.usc.edu\/cmbs\/patrick-corbin-es\/#primaryimage"},"thumbnailUrl":"https:\/\/dornsife.usc.edu\/cmbs\/wp-content\/uploads\/sites\/398\/2023\/11\/HERO-BANNER-.png","datePublished":"2024-04-19T23:43:51+00:00","dateModified":"2024-04-23T21:32:44+00:00","breadcrumb":{"@id":"https:\/\/dornsife.usc.edu\/cmbs\/patrick-corbin-es\/#breadcrumb"},"inLanguage":"en-US","potentialAction":[{"@type":"ReadAction","target":["https:\/\/dornsife.usc.edu\/cmbs\/patrick-corbin-es\/"]}]},{"@type":"ImageObject","inLanguage":"en-US","@id":"https:\/\/dornsife.usc.edu\/cmbs\/patrick-corbin-es\/#primaryimage","url":"https:\/\/dornsife.usc.edu\/cmbs\/wp-content\/uploads\/sites\/398\/2023\/11\/HERO-BANNER-.png","contentUrl":"https:\/\/dornsife.usc.edu\/cmbs\/wp-content\/uploads\/sites\/398\/2023\/11\/HERO-BANNER-.png","width":4962,"height":3408},{"@type":"BreadcrumbList","@id":"https:\/\/dornsife.usc.edu\/cmbs\/patrick-corbin-es\/#breadcrumb","itemListElement":[{"@type":"ListItem","position":1,"name":"Home","item":"https:\/\/dornsife.usc.edu\/cmbs\/"},{"@type":"ListItem","position":2,"name":"Facultad"}]},{"@type":"WebSite","@id":"https:\/\/dornsife.usc.edu\/cmbs\/#website","url":"https:\/\/dornsife.usc.edu\/cmbs\/","name":"Center for Music, Brain and Society","description":"USC Dornsife Center for Music, Brain and Society","potentialAction":[{"@type":"SearchAction","target":{"@type":"EntryPoint","urlTemplate":"https:\/\/dornsife.usc.edu\/cmbs\/?s={search_term_string}"},"query-input":{"@type":"PropertyValueSpecification","valueRequired":true,"valueName":"search_term_string"}}],"inLanguage":"en-US"}]}},"_links":{"self":[{"href":"https:\/\/dornsife.usc.edu\/cmbs\/wp-json\/wp\/v2\/pages\/3164","targetHints":{"allow":["GET"]}}],"collection":[{"href":"https:\/\/dornsife.usc.edu\/cmbs\/wp-json\/wp\/v2\/pages"}],"about":[{"href":"https:\/\/dornsife.usc.edu\/cmbs\/wp-json\/wp\/v2\/types\/page"}],"author":[{"embeddable":true,"href":"https:\/\/dornsife.usc.edu\/cmbs\/wp-json\/wp\/v2\/users\/180"}],"replies":[{"embeddable":true,"href":"https:\/\/dornsife.usc.edu\/cmbs\/wp-json\/wp\/v2\/comments?post=3164"}],"version-history":[{"count":6,"href":"https:\/\/dornsife.usc.edu\/cmbs\/wp-json\/wp\/v2\/pages\/3164\/revisions"}],"predecessor-version":[{"id":3179,"href":"https:\/\/dornsife.usc.edu\/cmbs\/wp-json\/wp\/v2\/pages\/3164\/revisions\/3179"}],"wp:featuredmedia":[{"embeddable":true,"href":"https:\/\/dornsife.usc.edu\/cmbs\/wp-json\/wp\/v2\/media\/1053"}],"wp:attachment":[{"href":"https:\/\/dornsife.usc.edu\/cmbs\/wp-json\/wp\/v2\/media?parent=3164"}],"curies":[{"name":"wp","href":"https:\/\/api.w.org\/{rel}","templated":true}]}}