{"id":2923,"date":"2024-04-01T15:01:56","date_gmt":"2024-04-01T22:01:56","guid":{"rendered":"https:\/\/dornsife.usc.edu\/cmbs\/?page_id=2923"},"modified":"2024-04-01T15:39:12","modified_gmt":"2024-04-01T22:39:12","slug":"jonathan-leal-es","status":"publish","type":"page","link":"https:\/\/dornsife.usc.edu\/cmbs\/jonathan-leal-es\/","title":{"rendered":"Facultad"},"content":{"rendered":"\n\n\n\n  \n    \n\n\n\n\n\n\n<div\n  class=\"cc--component-container cc--rich-text \"\n\n  \n  \n  \n  \n  \n  \n  >\n  <div class=\"c--component c--rich-text\"\n    \n      >\n\n    \n      \n<div class=\"f--field f--wysiwyg\">\n\n    \n  <h5 style=\"text-align: right;\"><a class=\"cta-link\" href=\"https:\/\/dornsife.usc.edu\/cmbs\/jonathan-leal\/\"><em>English<\/em><\/a><\/h5>\n\n\n\n<\/div>\n\n\n  <\/div><\/div>\n\n\n\n  \n    \n\n\n\n\n\n\n<div\n  class=\"cc--component-container cc--featured-block \"\n\n  \n  \n  \n  \n  \n  \n  >\n  <div class=\"c--component c--featured-block\"\n    \n      >\n\n    \n  <div class=\"text-image-container\">\n    <div class=\"text-container\">\n\n      \n                  \n<div class=\"f--field f--section-title\">\n\n    \n  <h2>\n          Jonathan Leal, MA, Ph.D.\n      <\/h2>\n\n\n<\/div>\n      \n                  \n<div class=\"f--field f--description\">\n\n    \n  <p><strong>Profesor Asistente de Ingles<\/strong><br \/>\n<em>USC Dornsife<\/em><br \/>\nCorreo electr\u00f3nico: <a href=\"mailto:lealjona@usc.edu\">lealjona@usc.edu<\/a><\/p>\n<p>Jonathan Leal es un autor, compositor, productor y te\u00f3rico interdisciplinario latino comprometido con las resistencias creativas a la vida fronteriza. Nacido y criado en la regi\u00f3n fronteriza del sur de Texas conocida como el Valle del R\u00edo Grande, Leal crea artes integradoras y proyectos de investigaci\u00f3n que abarcan los medios y se centran en el lugar, la memoria, la tecnolog\u00eda y la est\u00e9tica radical.<\/p>\n<p>Los trabajos acad\u00e9micos de Leal han aparecido o se publicar\u00e1 pr\u00f3ximamente en el Revista de Estudios de M\u00fasica Popular, ASAP\/Revista, Estudios Cr\u00edticos en Improvisaci\u00f3n, Rio Bravo, Revista de la Sociedad de M\u00fasica Estadounidense, Jazz y Cultura, Revisi\u00f3n Trimestral de Cine y V\u00eddeo, Manual de Pop de Oxford, negrura l\u00edquida y otros lugares; sus ensayos y cr\u00edticas han aparecido en Los Angeles Times, Boston Globe,<br \/>\nRevista Aire\/Luz, The Rumpus, Revisi\u00f3n de libros de Los \u00c1ngeles, Voz cl\u00e1sica de San Francisco y otros lugares. En 2018-2019, fue cr\u00edtico emergente de Alan Cheuse en el C\u00edrculo Nacional de Cr\u00edticos de Libros, as\u00ed como miembro AMS-50 de la Sociedad Estadounidense de Musicolog\u00eda. Actualmente es Editor Asociado de la Revista de Estudios de M\u00fasica Popular, as\u00ed como miembro de la Junta Directiva del C\u00edrculo Nacional de Cr\u00edticos de Libros.<\/p>\n<p>El trabajo creativo de Leal ha incluido el dise\u00f1o de sonido y m\u00fasica para Las matem\u00e1ticas del amor de Cherr\u00ede Moraga; un \u00e1lbum recopilatorio colaborativo, Lengua Salvaje, que presenta m\u00fasica de nueve bandas latinas de las zonas fronterizas del sur de Texas; un \u00e1lbum colaborativo y especulativo con elenco transmedia titulado Futuro Conjunto; una suite de jazz en seis partes que explora el sentimiento postut\u00f3pico, titulada Despu\u00e9s Ahora; as\u00ed como varios sencillos y composiciones musicales compuestas en colaboraci\u00f3n. Sus colaboraciones musicales han aparecido en Pitchfork, Democracia Ahora!, Texas Mensual, Remezcla, Latino USA, Bandcamp y otros lugares.<\/p>\n<p>Leal es autor de Sue\u00f1os en Doble Tiempo: Sobre Raza, Libertad y Bebop(Duke University Press 2023), que recibi\u00f3 una Menci\u00f3n de Honor al Libro del A\u00f1o en Historia, Cr\u00edtica y Cultura de la Asociaci\u00f3n de Periodistas de Jazz y la co-editor de Cybermedia: exploraciones en ciencia, sonido y visi\u00f3n (Bloomsbury 2021). Su pr\u00f3ximo proyecto de libro, Lengua Salvaje: Un mixtape de Borderlands, est\u00e1 bajo contrato con Duke University Press.<\/p>\n\n\n\n<\/div>\n      \n                  \n<div class=\"f--field f--link\">\n\n    \n    \n  \n<a \n  class=\"link\"\n  href= https:\/\/dornsife.usc.edu\/profile\/jonathan-leal\/\n    aria-label=\"Read more about Aprende m\u00e1s\"  \n>\n    Aprende m\u00e1s \n  <svg version=\"1.1\" xmlns=\"http:\/\/www.w3.org\/2000\/svg\" xmlns:xlink=\"http:\/\/www.w3.org\/1999\/xlink\" x=\"0px\" y=\"0px\" viewBox=\"0 0 35 35\" enable-background=\"new 0 0 35 35\" width=\"25\" height=\"25\" xml:space=\"preserve\"><polygon fill-rule=\"evenodd\" clip-rule=\"evenodd\" fill=\"#000\" points=\"19.3,27.5 29.3,17.5,19.3,7.5 16.3,10.4 21.4,15.4 6.7,15.4 6.7,19.6 21.4,19.6 16.3,24.6 \"\/><\/svg>\n<\/a>\n\n\n<\/div>\n\n          <\/div>\n\n          <div class=\"image-container\">\n            \n<div class=\"f--field f--image\">\n\n    \n    \n    \n    \n    \n    \n              \n      <img\n                            data-src=\"https:\/\/dornsife.usc.edu\/cmbs\/wp-content\/uploads\/sites\/398\/2024\/04\/Jonathan-Leal-Original.jpg\"\n                    data-sizes=\"(min-width:1024px) 50vw, (min-width:768px) 100vw, 100vw\"          class=\"lazyload\"\n        \n                  role=\"none\"\n        \n        \n                                      \/>\n\n    \n    \n  \n  \n\n<\/div>\n      <\/div>\n    \n  <\/div>\n\n\n  <\/div><\/div>\n\n\n\n    \n  \n    \n\n\n\n\n\n\n<div\n  class=\"cc--component-container cc--cta-cards-collection \"\n\n  \n  \n  \n  \n  \n  \n  >\n  <div class=\"c--component c--cta-cards-collection\"\n    \n      >\n\n    \n      <div class=\"header-container\">\n                  \n<div class=\"f--field f--section-title\">\n\n    \n  <h2>\n          Instituciones y laboratorios afiliados\n      <\/h2>\n\n\n<\/div>\n      \n      \n      \n    <\/div>\n  \n      <div class=\"cards-container\">\n      \n        <div class=\"card\">\n\n                            <a href=\"https:\/\/online.ucpress.edu\/jpms\" >\n            \n                                    <h3> Revista de Estudios de M\u00fasica Popular<\/h3>\n                \n                \n                            <\/a>\n                    <\/div>\n      \n        <div class=\"card\">\n\n                            <a href=\"https:\/\/www.bookcritics.org\/\" >\n            \n                                    <h3> C\u00edrculo National de Cr\u00edticos de Libros<\/h3>\n                \n                \n                            <\/a>\n                    <\/div>\n          <\/div>\n  \n\n  <\/div><\/div>\n","protected":false},"excerpt":{"rendered":"","protected":false},"author":180,"featured_media":1053,"parent":0,"menu_order":0,"comment_status":"closed","ping_status":"closed","template":"","meta":{"_acf_changed":false,"footnotes":""},"class_list":["post-2923","page","type-page","status-publish","has-post-thumbnail","hentry"],"acf":[],"yoast_head":"<!-- This site is optimized with the Yoast SEO plugin v27.1.1 - https:\/\/yoast.com\/product\/yoast-seo-wordpress\/ -->\n<title>Facultad - Center for Music, Brain and Society<\/title>\n<meta name=\"robots\" content=\"index, follow, max-snippet:-1, max-image-preview:large, max-video-preview:-1\" \/>\n<link rel=\"canonical\" href=\"https:\/\/dornsife.usc.edu\/cmbs\/jonathan-leal-es\/\" \/>\n<meta property=\"og:locale\" content=\"en_US\" \/>\n<meta property=\"og:type\" content=\"article\" \/>\n<meta property=\"og:title\" content=\"Facultad - Center for Music, Brain and Society\" \/>\n<meta property=\"og:url\" content=\"https:\/\/dornsife.usc.edu\/cmbs\/jonathan-leal-es\/\" \/>\n<meta property=\"og:site_name\" content=\"Center for Music, Brain and Society\" \/>\n<meta property=\"article:modified_time\" content=\"2024-04-01T22:39:12+00:00\" \/>\n<meta property=\"og:image\" content=\"https:\/\/dornsife.usc.edu\/cmbs\/wp-content\/uploads\/sites\/398\/2023\/11\/HERO-BANNER-.png\" \/>\n\t<meta property=\"og:image:width\" content=\"4962\" \/>\n\t<meta property=\"og:image:height\" content=\"3408\" \/>\n\t<meta property=\"og:image:type\" content=\"image\/png\" \/>\n<meta name=\"twitter:card\" content=\"summary_large_image\" \/>\n<script type=\"application\/ld+json\" class=\"yoast-schema-graph\">{\"@context\":\"https:\/\/schema.org\",\"@graph\":[{\"@type\":\"WebPage\",\"@id\":\"https:\/\/dornsife.usc.edu\/cmbs\/jonathan-leal-es\/\",\"url\":\"https:\/\/dornsife.usc.edu\/cmbs\/jonathan-leal-es\/\",\"name\":\"Facultad - Center for Music, Brain and Society\",\"isPartOf\":{\"@id\":\"https:\/\/dornsife.usc.edu\/cmbs\/#website\"},\"primaryImageOfPage\":{\"@id\":\"https:\/\/dornsife.usc.edu\/cmbs\/jonathan-leal-es\/#primaryimage\"},\"image\":{\"@id\":\"https:\/\/dornsife.usc.edu\/cmbs\/jonathan-leal-es\/#primaryimage\"},\"thumbnailUrl\":\"https:\/\/dornsife.usc.edu\/cmbs\/wp-content\/uploads\/sites\/398\/2023\/11\/HERO-BANNER-.png\",\"datePublished\":\"2024-04-01T22:01:56+00:00\",\"dateModified\":\"2024-04-01T22:39:12+00:00\",\"breadcrumb\":{\"@id\":\"https:\/\/dornsife.usc.edu\/cmbs\/jonathan-leal-es\/#breadcrumb\"},\"inLanguage\":\"en-US\",\"potentialAction\":[{\"@type\":\"ReadAction\",\"target\":[\"https:\/\/dornsife.usc.edu\/cmbs\/jonathan-leal-es\/\"]}]},{\"@type\":\"ImageObject\",\"inLanguage\":\"en-US\",\"@id\":\"https:\/\/dornsife.usc.edu\/cmbs\/jonathan-leal-es\/#primaryimage\",\"url\":\"https:\/\/dornsife.usc.edu\/cmbs\/wp-content\/uploads\/sites\/398\/2023\/11\/HERO-BANNER-.png\",\"contentUrl\":\"https:\/\/dornsife.usc.edu\/cmbs\/wp-content\/uploads\/sites\/398\/2023\/11\/HERO-BANNER-.png\",\"width\":4962,\"height\":3408},{\"@type\":\"BreadcrumbList\",\"@id\":\"https:\/\/dornsife.usc.edu\/cmbs\/jonathan-leal-es\/#breadcrumb\",\"itemListElement\":[{\"@type\":\"ListItem\",\"position\":1,\"name\":\"Home\",\"item\":\"https:\/\/dornsife.usc.edu\/cmbs\/\"},{\"@type\":\"ListItem\",\"position\":2,\"name\":\"Facultad\"}]},{\"@type\":\"WebSite\",\"@id\":\"https:\/\/dornsife.usc.edu\/cmbs\/#website\",\"url\":\"https:\/\/dornsife.usc.edu\/cmbs\/\",\"name\":\"Center for Music, Brain and Society\",\"description\":\"USC Dornsife Center for Music, Brain and Society\",\"potentialAction\":[{\"@type\":\"SearchAction\",\"target\":{\"@type\":\"EntryPoint\",\"urlTemplate\":\"https:\/\/dornsife.usc.edu\/cmbs\/?s={search_term_string}\"},\"query-input\":{\"@type\":\"PropertyValueSpecification\",\"valueRequired\":true,\"valueName\":\"search_term_string\"}}],\"inLanguage\":\"en-US\"}]}<\/script>\n<!-- \/ Yoast SEO plugin. -->","yoast_head_json":{"title":"Facultad - Center for Music, Brain and Society","robots":{"index":"index","follow":"follow","max-snippet":"max-snippet:-1","max-image-preview":"max-image-preview:large","max-video-preview":"max-video-preview:-1"},"canonical":"https:\/\/dornsife.usc.edu\/cmbs\/jonathan-leal-es\/","og_locale":"en_US","og_type":"article","og_title":"Facultad - Center for Music, Brain and Society","og_url":"https:\/\/dornsife.usc.edu\/cmbs\/jonathan-leal-es\/","og_site_name":"Center for Music, Brain and Society","article_modified_time":"2024-04-01T22:39:12+00:00","og_image":[{"width":4962,"height":3408,"url":"https:\/\/dornsife.usc.edu\/cmbs\/wp-content\/uploads\/sites\/398\/2023\/11\/HERO-BANNER-.png","type":"image\/png"}],"twitter_card":"summary_large_image","schema":{"@context":"https:\/\/schema.org","@graph":[{"@type":"WebPage","@id":"https:\/\/dornsife.usc.edu\/cmbs\/jonathan-leal-es\/","url":"https:\/\/dornsife.usc.edu\/cmbs\/jonathan-leal-es\/","name":"Facultad - Center for Music, Brain and Society","isPartOf":{"@id":"https:\/\/dornsife.usc.edu\/cmbs\/#website"},"primaryImageOfPage":{"@id":"https:\/\/dornsife.usc.edu\/cmbs\/jonathan-leal-es\/#primaryimage"},"image":{"@id":"https:\/\/dornsife.usc.edu\/cmbs\/jonathan-leal-es\/#primaryimage"},"thumbnailUrl":"https:\/\/dornsife.usc.edu\/cmbs\/wp-content\/uploads\/sites\/398\/2023\/11\/HERO-BANNER-.png","datePublished":"2024-04-01T22:01:56+00:00","dateModified":"2024-04-01T22:39:12+00:00","breadcrumb":{"@id":"https:\/\/dornsife.usc.edu\/cmbs\/jonathan-leal-es\/#breadcrumb"},"inLanguage":"en-US","potentialAction":[{"@type":"ReadAction","target":["https:\/\/dornsife.usc.edu\/cmbs\/jonathan-leal-es\/"]}]},{"@type":"ImageObject","inLanguage":"en-US","@id":"https:\/\/dornsife.usc.edu\/cmbs\/jonathan-leal-es\/#primaryimage","url":"https:\/\/dornsife.usc.edu\/cmbs\/wp-content\/uploads\/sites\/398\/2023\/11\/HERO-BANNER-.png","contentUrl":"https:\/\/dornsife.usc.edu\/cmbs\/wp-content\/uploads\/sites\/398\/2023\/11\/HERO-BANNER-.png","width":4962,"height":3408},{"@type":"BreadcrumbList","@id":"https:\/\/dornsife.usc.edu\/cmbs\/jonathan-leal-es\/#breadcrumb","itemListElement":[{"@type":"ListItem","position":1,"name":"Home","item":"https:\/\/dornsife.usc.edu\/cmbs\/"},{"@type":"ListItem","position":2,"name":"Facultad"}]},{"@type":"WebSite","@id":"https:\/\/dornsife.usc.edu\/cmbs\/#website","url":"https:\/\/dornsife.usc.edu\/cmbs\/","name":"Center for Music, Brain and Society","description":"USC Dornsife Center for Music, Brain and Society","potentialAction":[{"@type":"SearchAction","target":{"@type":"EntryPoint","urlTemplate":"https:\/\/dornsife.usc.edu\/cmbs\/?s={search_term_string}"},"query-input":{"@type":"PropertyValueSpecification","valueRequired":true,"valueName":"search_term_string"}}],"inLanguage":"en-US"}]}},"_links":{"self":[{"href":"https:\/\/dornsife.usc.edu\/cmbs\/wp-json\/wp\/v2\/pages\/2923","targetHints":{"allow":["GET"]}}],"collection":[{"href":"https:\/\/dornsife.usc.edu\/cmbs\/wp-json\/wp\/v2\/pages"}],"about":[{"href":"https:\/\/dornsife.usc.edu\/cmbs\/wp-json\/wp\/v2\/types\/page"}],"author":[{"embeddable":true,"href":"https:\/\/dornsife.usc.edu\/cmbs\/wp-json\/wp\/v2\/users\/180"}],"replies":[{"embeddable":true,"href":"https:\/\/dornsife.usc.edu\/cmbs\/wp-json\/wp\/v2\/comments?post=2923"}],"version-history":[{"count":7,"href":"https:\/\/dornsife.usc.edu\/cmbs\/wp-json\/wp\/v2\/pages\/2923\/revisions"}],"predecessor-version":[{"id":2940,"href":"https:\/\/dornsife.usc.edu\/cmbs\/wp-json\/wp\/v2\/pages\/2923\/revisions\/2940"}],"wp:featuredmedia":[{"embeddable":true,"href":"https:\/\/dornsife.usc.edu\/cmbs\/wp-json\/wp\/v2\/media\/1053"}],"wp:attachment":[{"href":"https:\/\/dornsife.usc.edu\/cmbs\/wp-json\/wp\/v2\/media?parent=2923"}],"curies":[{"name":"wp","href":"https:\/\/api.w.org\/{rel}","templated":true}]}}