{"id":2105,"date":"2023-12-01T01:48:48","date_gmt":"2023-12-01T09:48:48","guid":{"rendered":"https:\/\/dornsife.usc.edu\/cmbs\/?page_id=2105"},"modified":"2024-09-23T14:06:55","modified_gmt":"2024-09-23T21:06:55","slug":"samantha-oconnell-es","status":"publish","type":"page","link":"https:\/\/dornsife.usc.edu\/cmbs\/samantha-oconnell-es\/","title":{"rendered":"Estudiantes, Aprendices, Personal, Egresados y Socios Comunitarios"},"content":{"rendered":"\n\n\n\n  \n    \n\n\n\n\n\n\n<div\n  class=\"cc--component-container cc--rich-text \"\n\n  \n  \n  \n  \n  \n  \n  >\n  <div class=\"c--component c--rich-text\"\n    \n      >\n\n    \n      \n<div class=\"f--field f--wysiwyg\">\n\n    \n  <h5 style=\"text-align: right;\"><a class=\"cta-link\" href=\"https:\/\/dornsife.usc.edu\/cmbs\/samantha-oconnell\/\"><em>English<\/em><\/a><\/h5>\n\n\n\n<\/div>\n\n\n  <\/div><\/div>\n\n\n\n  \n    \n\n\n\n\n\n\n<div\n  class=\"cc--component-container cc--featured-block \"\n\n  \n  \n  \n  \n  \n  \n  >\n  <div class=\"c--component c--featured-block\"\n    \n      >\n\n    \n  <div class=\"text-image-container\">\n    <div class=\"text-container\">\n\n      \n                  \n<div class=\"f--field f--section-title\">\n\n    \n  <h2>\n          Samantha O&#8217;Connell\n      <\/h2>\n\n\n<\/div>\n      \n                  \n<div class=\"f--field f--description\">\n\n    \n  <p><strong>Becaria Postdoctoral<\/strong><br \/>\n<em>Escuela de Medicina Keck<\/em><br \/>\nCorreo electr\u00f3nico: <a href=\"mailto:sroconne@usc.edu\">sroconne@usc.edu<\/a><\/p>\n<p><span data-sheets-root=\"1\" data-sheets-value=\"{&quot;1&quot;:2,&quot;2&quot;:&quot;La Dra. Sam O'Connell es investigadora postdoctoral en la Escuela de Medicina Keck de USC y miembra del Bionic Ear Lab. Sam ha estudiado psicolog\u00eda musical durante los \u00faltimos 13 a\u00f1os y ha realizado investigaciones sobre los beneficios del entrenamiento musical en el desarrollo neuronal y cognitivo, el deseo de moverse con la m\u00fasica (es decir, el ritmo musical) y ha trabajado con una nueva empresa de tecnolog\u00eda que capacit\u00f3 atenci\u00f3n en personas diagnosticadas con TDAH. Actualmente, utiliza tecnolog\u00edas EEG y fNIRS para estudiar la percepci\u00f3n del tono y el ritmo en usuarios de implantes cocleares con la esperanza de mejorar su apreciaci\u00f3n de la m\u00fasica. Recibi\u00f3 un bachiller en arte y un bachiller en m\u00fasica de la Universidad Northwestern en 2011 y complet\u00f3 su doctorado. en Psicolog\u00eda de la Universidad de Nevada, Las Vegas en 2021. Cuando no est\u00e1 en el laboratorio, Sam es una violinista activa en el \u00e1rea metropolitana de Los \u00c1ngeles, bailarina de claqu\u00e9 y le gusta cocinar, hacer caminatas, hacer yoga y descubrir nuevos restaurantes con su pareja. Mike y su cachorrita rescatada, Molly.&quot;}\" data-sheets-userformat=\"{&quot;2&quot;:771,&quot;3&quot;:{&quot;1&quot;:0},&quot;4&quot;:{&quot;1&quot;:2,&quot;2&quot;:13624051},&quot;11&quot;:4,&quot;12&quot;:0}\">La Dra. Sam O&#8217;Connell es investigadora postdoctoral en la Escuela de Medicina Keck de USC y miembra del Bionic Ear Lab. Sam ha estudiado psicolog\u00eda musical durante los \u00faltimos 13 a\u00f1os y ha realizado investigaciones sobre los beneficios del entrenamiento musical en el desarrollo neuronal y cognitivo, el deseo de moverse con la m\u00fasica (es decir, el ritmo musical) y ha trabajado con una nueva empresa de tecnolog\u00eda que capacit\u00f3 atenci\u00f3n en personas diagnosticadas con TDAH. Actualmente, utiliza tecnolog\u00edas EEG y fNIRS para estudiar la percepci\u00f3n del tono y el ritmo en usuarios de implantes cocleares con la esperanza de mejorar su apreciaci\u00f3n de la m\u00fasica. Recibi\u00f3 un bachiller en arte y un bachiller en m\u00fasica de la Universidad Northwestern en 2011 y complet\u00f3 su doctorado. en Psicolog\u00eda de la Universidad de Nevada, Las Vegas en 2021. Cuando no est\u00e1 en el laboratorio, Sam es una violinista activa en el \u00e1rea metropolitana de Los \u00c1ngeles, bailarina de claqu\u00e9 y le gusta cocinar, hacer caminatas, hacer yoga y descubrir nuevos restaurantes con su pareja. Mike y su cachorrita rescatada, Molly.<\/span><\/p>\n\n\n\n<\/div>\n      \n          <\/div>\n\n          <div class=\"image-container\">\n            \n<div class=\"f--field f--image\">\n\n    \n    \n    \n    \n    \n    \n              \n      <img\n                            data-src=\"https:\/\/dornsife.usc.edu\/cmbs\/wp-content\/uploads\/sites\/398\/2023\/11\/Samantha-OConnell-768x768.jpg\"\n          data-srcset=\"https:\/\/dornsife.usc.edu\/cmbs\/wp-content\/uploads\/sites\/398\/2023\/11\/Samantha-OConnell-1280x1280.jpg 1280w,https:\/\/dornsife.usc.edu\/cmbs\/wp-content\/uploads\/sites\/398\/2023\/11\/Samantha-OConnell-768x768.jpg 768w\"          data-sizes=\"(min-width:1024px) 50vw, (min-width:768px) 100vw, 100vw\"          class=\"lazyload\"\n        \n                  role=\"none\"\n        \n        \n                                      \/>\n\n    \n    \n  \n  \n\n<\/div>\n      <\/div>\n    \n  <\/div>\n\n\n  <\/div><\/div>\n\n\n\n  \n  \n    \n\n\n\n\n\n\n<div\n  class=\"cc--component-container cc--cta-cards-collection \"\n\n  \n  \n  \n  \n  \n  \n  >\n  <div class=\"c--component c--cta-cards-collection\"\n    \n      >\n\n    \n      <div class=\"header-container\">\n                  \n<div class=\"f--field f--section-title\">\n\n    \n  <h2>\n          Instituciones y laboratorios afiliados\n      <\/h2>\n\n\n<\/div>\n      \n      \n      \n    <\/div>\n  \n      <div class=\"cards-container\">\n      \n        <div class=\"card\">\n\n                            <a href=\"https:\/\/sites.usc.edu\/bionicearlab\/\" >\n            \n                                    <h3>Laboratorio de O\u00eddo Bi\u00f3nico<\/h3>\n                \n                \n                            <\/a>\n                    <\/div>\n          <\/div>\n  \n\n  <\/div><\/div>\n","protected":false},"excerpt":{"rendered":"","protected":false},"author":180,"featured_media":1053,"parent":0,"menu_order":0,"comment_status":"closed","ping_status":"closed","template":"","meta":{"_acf_changed":false,"footnotes":""},"class_list":["post-2105","page","type-page","status-publish","has-post-thumbnail","hentry"],"acf":[],"yoast_head":"<!-- This site is optimized with the Yoast SEO plugin v27.1.1 - https:\/\/yoast.com\/product\/yoast-seo-wordpress\/ -->\n<title>Estudiantes, Aprendices, Personal, Egresados y Socios Comunitarios - Center for Music, Brain and Society<\/title>\n<meta name=\"robots\" content=\"index, follow, max-snippet:-1, max-image-preview:large, max-video-preview:-1\" \/>\n<link rel=\"canonical\" href=\"https:\/\/dornsife.usc.edu\/cmbs\/samantha-oconnell-es\/\" \/>\n<meta property=\"og:locale\" content=\"en_US\" \/>\n<meta property=\"og:type\" content=\"article\" \/>\n<meta property=\"og:title\" content=\"Estudiantes, Aprendices, Personal, Egresados y Socios Comunitarios - Center for Music, Brain and Society\" \/>\n<meta property=\"og:url\" content=\"https:\/\/dornsife.usc.edu\/cmbs\/samantha-oconnell-es\/\" \/>\n<meta property=\"og:site_name\" content=\"Center for Music, Brain and Society\" \/>\n<meta property=\"article:modified_time\" content=\"2024-09-23T21:06:55+00:00\" \/>\n<meta property=\"og:image\" content=\"https:\/\/dornsife.usc.edu\/cmbs\/wp-content\/uploads\/sites\/398\/2023\/11\/HERO-BANNER-.png\" \/>\n\t<meta property=\"og:image:width\" content=\"4962\" \/>\n\t<meta property=\"og:image:height\" content=\"3408\" \/>\n\t<meta property=\"og:image:type\" content=\"image\/png\" \/>\n<meta name=\"twitter:card\" content=\"summary_large_image\" \/>\n<script type=\"application\/ld+json\" class=\"yoast-schema-graph\">{\"@context\":\"https:\/\/schema.org\",\"@graph\":[{\"@type\":\"WebPage\",\"@id\":\"https:\/\/dornsife.usc.edu\/cmbs\/samantha-oconnell-es\/\",\"url\":\"https:\/\/dornsife.usc.edu\/cmbs\/samantha-oconnell-es\/\",\"name\":\"Estudiantes, Aprendices, Personal, Egresados y Socios Comunitarios - Center for Music, Brain and Society\",\"isPartOf\":{\"@id\":\"https:\/\/dornsife.usc.edu\/cmbs\/#website\"},\"primaryImageOfPage\":{\"@id\":\"https:\/\/dornsife.usc.edu\/cmbs\/samantha-oconnell-es\/#primaryimage\"},\"image\":{\"@id\":\"https:\/\/dornsife.usc.edu\/cmbs\/samantha-oconnell-es\/#primaryimage\"},\"thumbnailUrl\":\"https:\/\/dornsife.usc.edu\/cmbs\/wp-content\/uploads\/sites\/398\/2023\/11\/HERO-BANNER-.png\",\"datePublished\":\"2023-12-01T09:48:48+00:00\",\"dateModified\":\"2024-09-23T21:06:55+00:00\",\"breadcrumb\":{\"@id\":\"https:\/\/dornsife.usc.edu\/cmbs\/samantha-oconnell-es\/#breadcrumb\"},\"inLanguage\":\"en-US\",\"potentialAction\":[{\"@type\":\"ReadAction\",\"target\":[\"https:\/\/dornsife.usc.edu\/cmbs\/samantha-oconnell-es\/\"]}]},{\"@type\":\"ImageObject\",\"inLanguage\":\"en-US\",\"@id\":\"https:\/\/dornsife.usc.edu\/cmbs\/samantha-oconnell-es\/#primaryimage\",\"url\":\"https:\/\/dornsife.usc.edu\/cmbs\/wp-content\/uploads\/sites\/398\/2023\/11\/HERO-BANNER-.png\",\"contentUrl\":\"https:\/\/dornsife.usc.edu\/cmbs\/wp-content\/uploads\/sites\/398\/2023\/11\/HERO-BANNER-.png\",\"width\":4962,\"height\":3408},{\"@type\":\"BreadcrumbList\",\"@id\":\"https:\/\/dornsife.usc.edu\/cmbs\/samantha-oconnell-es\/#breadcrumb\",\"itemListElement\":[{\"@type\":\"ListItem\",\"position\":1,\"name\":\"Home\",\"item\":\"https:\/\/dornsife.usc.edu\/cmbs\/\"},{\"@type\":\"ListItem\",\"position\":2,\"name\":\"Estudiantes, Aprendices, Personal, Egresados y Socios Comunitarios\"}]},{\"@type\":\"WebSite\",\"@id\":\"https:\/\/dornsife.usc.edu\/cmbs\/#website\",\"url\":\"https:\/\/dornsife.usc.edu\/cmbs\/\",\"name\":\"Center for Music, Brain and Society\",\"description\":\"USC Dornsife Center for Music, Brain and Society\",\"potentialAction\":[{\"@type\":\"SearchAction\",\"target\":{\"@type\":\"EntryPoint\",\"urlTemplate\":\"https:\/\/dornsife.usc.edu\/cmbs\/?s={search_term_string}\"},\"query-input\":{\"@type\":\"PropertyValueSpecification\",\"valueRequired\":true,\"valueName\":\"search_term_string\"}}],\"inLanguage\":\"en-US\"}]}<\/script>\n<!-- \/ Yoast SEO plugin. -->","yoast_head_json":{"title":"Estudiantes, Aprendices, Personal, Egresados y Socios Comunitarios - Center for Music, Brain and Society","robots":{"index":"index","follow":"follow","max-snippet":"max-snippet:-1","max-image-preview":"max-image-preview:large","max-video-preview":"max-video-preview:-1"},"canonical":"https:\/\/dornsife.usc.edu\/cmbs\/samantha-oconnell-es\/","og_locale":"en_US","og_type":"article","og_title":"Estudiantes, Aprendices, Personal, Egresados y Socios Comunitarios - Center for Music, Brain and Society","og_url":"https:\/\/dornsife.usc.edu\/cmbs\/samantha-oconnell-es\/","og_site_name":"Center for Music, Brain and Society","article_modified_time":"2024-09-23T21:06:55+00:00","og_image":[{"width":4962,"height":3408,"url":"https:\/\/dornsife.usc.edu\/cmbs\/wp-content\/uploads\/sites\/398\/2023\/11\/HERO-BANNER-.png","type":"image\/png"}],"twitter_card":"summary_large_image","schema":{"@context":"https:\/\/schema.org","@graph":[{"@type":"WebPage","@id":"https:\/\/dornsife.usc.edu\/cmbs\/samantha-oconnell-es\/","url":"https:\/\/dornsife.usc.edu\/cmbs\/samantha-oconnell-es\/","name":"Estudiantes, Aprendices, Personal, Egresados y Socios Comunitarios - Center for Music, Brain and Society","isPartOf":{"@id":"https:\/\/dornsife.usc.edu\/cmbs\/#website"},"primaryImageOfPage":{"@id":"https:\/\/dornsife.usc.edu\/cmbs\/samantha-oconnell-es\/#primaryimage"},"image":{"@id":"https:\/\/dornsife.usc.edu\/cmbs\/samantha-oconnell-es\/#primaryimage"},"thumbnailUrl":"https:\/\/dornsife.usc.edu\/cmbs\/wp-content\/uploads\/sites\/398\/2023\/11\/HERO-BANNER-.png","datePublished":"2023-12-01T09:48:48+00:00","dateModified":"2024-09-23T21:06:55+00:00","breadcrumb":{"@id":"https:\/\/dornsife.usc.edu\/cmbs\/samantha-oconnell-es\/#breadcrumb"},"inLanguage":"en-US","potentialAction":[{"@type":"ReadAction","target":["https:\/\/dornsife.usc.edu\/cmbs\/samantha-oconnell-es\/"]}]},{"@type":"ImageObject","inLanguage":"en-US","@id":"https:\/\/dornsife.usc.edu\/cmbs\/samantha-oconnell-es\/#primaryimage","url":"https:\/\/dornsife.usc.edu\/cmbs\/wp-content\/uploads\/sites\/398\/2023\/11\/HERO-BANNER-.png","contentUrl":"https:\/\/dornsife.usc.edu\/cmbs\/wp-content\/uploads\/sites\/398\/2023\/11\/HERO-BANNER-.png","width":4962,"height":3408},{"@type":"BreadcrumbList","@id":"https:\/\/dornsife.usc.edu\/cmbs\/samantha-oconnell-es\/#breadcrumb","itemListElement":[{"@type":"ListItem","position":1,"name":"Home","item":"https:\/\/dornsife.usc.edu\/cmbs\/"},{"@type":"ListItem","position":2,"name":"Estudiantes, Aprendices, Personal, Egresados y Socios Comunitarios"}]},{"@type":"WebSite","@id":"https:\/\/dornsife.usc.edu\/cmbs\/#website","url":"https:\/\/dornsife.usc.edu\/cmbs\/","name":"Center for Music, Brain and Society","description":"USC Dornsife Center for Music, Brain and Society","potentialAction":[{"@type":"SearchAction","target":{"@type":"EntryPoint","urlTemplate":"https:\/\/dornsife.usc.edu\/cmbs\/?s={search_term_string}"},"query-input":{"@type":"PropertyValueSpecification","valueRequired":true,"valueName":"search_term_string"}}],"inLanguage":"en-US"}]}},"_links":{"self":[{"href":"https:\/\/dornsife.usc.edu\/cmbs\/wp-json\/wp\/v2\/pages\/2105","targetHints":{"allow":["GET"]}}],"collection":[{"href":"https:\/\/dornsife.usc.edu\/cmbs\/wp-json\/wp\/v2\/pages"}],"about":[{"href":"https:\/\/dornsife.usc.edu\/cmbs\/wp-json\/wp\/v2\/types\/page"}],"author":[{"embeddable":true,"href":"https:\/\/dornsife.usc.edu\/cmbs\/wp-json\/wp\/v2\/users\/180"}],"replies":[{"embeddable":true,"href":"https:\/\/dornsife.usc.edu\/cmbs\/wp-json\/wp\/v2\/comments?post=2105"}],"version-history":[{"count":7,"href":"https:\/\/dornsife.usc.edu\/cmbs\/wp-json\/wp\/v2\/pages\/2105\/revisions"}],"predecessor-version":[{"id":3649,"href":"https:\/\/dornsife.usc.edu\/cmbs\/wp-json\/wp\/v2\/pages\/2105\/revisions\/3649"}],"wp:featuredmedia":[{"embeddable":true,"href":"https:\/\/dornsife.usc.edu\/cmbs\/wp-json\/wp\/v2\/media\/1053"}],"wp:attachment":[{"href":"https:\/\/dornsife.usc.edu\/cmbs\/wp-json\/wp\/v2\/media?parent=2105"}],"curies":[{"name":"wp","href":"https:\/\/api.w.org\/{rel}","templated":true}]}}