{"id":2093,"date":"2023-12-01T01:43:03","date_gmt":"2023-12-01T09:43:03","guid":{"rendered":"https:\/\/dornsife.usc.edu\/cmbs\/?page_id=2093"},"modified":"2024-09-23T14:05:57","modified_gmt":"2024-09-23T21:05:57","slug":"michelle-kardos-es","status":"publish","type":"page","link":"https:\/\/dornsife.usc.edu\/cmbs\/michelle-kardos-es\/","title":{"rendered":"Estudiantes, Aprendices, Personal, Egresados y Socios Comunitarios"},"content":{"rendered":"\n\n\n\n  \n    \n\n\n\n\n\n\n<div\n  class=\"cc--component-container cc--rich-text \"\n\n  \n  \n  \n  \n  \n  \n  >\n  <div class=\"c--component c--rich-text\"\n    \n      >\n\n    \n      \n<div class=\"f--field f--wysiwyg\">\n\n    \n  <h5 style=\"text-align: right;\"><a class=\"cta-link\" href=\"https:\/\/dornsife.usc.edu\/cmbs\/michelle-kardos\/\"><em>English<\/em><\/a><\/h5>\n<p>&nbsp;<\/p>\n\n\n\n<\/div>\n\n\n  <\/div><\/div>\n\n\n\n  \n    \n\n\n\n\n\n\n<div\n  class=\"cc--component-container cc--featured-block \"\n\n  \n  \n  \n  \n  \n  \n  >\n  <div class=\"c--component c--featured-block\"\n    \n      >\n\n    \n  <div class=\"text-image-container\">\n    <div class=\"text-container\">\n\n      \n                  \n<div class=\"f--field f--section-title\">\n\n    \n  <h2>\n          Michelle Kardos\n      <\/h2>\n\n\n<\/div>\n      \n                  \n<div class=\"f--field f--description\">\n\n    \n  <p><strong>Estudiante de Doctorado en Artes Musicales<\/strong><br \/>\n<em>Escuela de M\u00fasica Thornton de USC<\/em><br \/>\nCorreo electr\u00f3nico: <a href=\"mailto:mkardos@usc.edu\">mkardos@usc.edu<\/a><\/p>\n<p dir=\"ltr\"><span data-sheets-root=\"1\" data-sheets-value=\"{&quot;1&quot;:2,&quot;2&quot;:&quot;Michelle Kardos, M.M., MT-BC, CAGO es educadora, musicoterapeuta y organista. Actualmente es organista asistente en la Iglesia Presbiteriana de Pasadena. Adem\u00e1s de esto, es asistente de programa del Programa de Participaci\u00f3n Comunitaria de Thornton y evaluadora de la Universidad del Sur de California. Gracias a la participaci\u00f3n de su cap\u00edtulo local, Michelle ha sido miembro del Gremio Americano de Organistas desde 2014. De 2018 a 2021, se desempe\u00f1\u00f3 como Secretaria del Cap\u00edtulo de la Universidad Seton Hill del Gremio Estadounidense de Organistas. Actualmente, se desempe\u00f1a como miembro tanto del Grupo de Trabajo para la Equidad de G\u00e9nero de la AGO como del Comit\u00e9 de J\u00f3venes Organistas de la AGO. Michelle recibi\u00f3 su certificaci\u00f3n de juego de servicio y de colega de la AGO. Tambi\u00e9n es miembro de SWO, AMTA y MTNA.\\n\\n\\nObtuvo su Maestr\u00eda en M\u00fasica en M\u00fasica Sagrada en la Universidad de Duquesne. Mientras estaba en Duquesne, Michelle fue aceptada en la Sociedad Nacional de Honor de M\u00fasica, Pi Kappa Lambda. Al graduarse, recibi\u00f3 el Premio Jean Langlais, otorgado a un estudiante de \u00f3rgano con el m\u00e1s alto nivel acad\u00e9mico en M\u00fasica Sacra. Obtuvo su Licenciatura en M\u00fasica en Musicoterapia junto con el Certificado de M\u00fasica Sacra, el Certificado de Ministerio Pastoral y su especializaci\u00f3n en psicolog\u00eda en la Universidad de Seton Hill. All\u00ed estudi\u00f3 \u00f3rgano con el Sr. Edgar Highberger y piano con el Sr. Edward Kuhn. Durante sus estudios, Michelle fue nombrada Presser Scholar, por su m\u00e9rito y logros en el programa de m\u00fasica, y fue aceptada en la Sociedad Internacional de Honor de Psicolog\u00eda, Psi Chi. Michelle asiste a la Universidad del Sur de California para obtener un Doctorado en Artes Musicales en M\u00fasica Sagrada y estudia \u00f3rgano con la profesora Cherry Rhodes.&quot;}\" data-sheets-userformat=\"{&quot;2&quot;:771,&quot;3&quot;:{&quot;1&quot;:0},&quot;4&quot;:{&quot;1&quot;:2,&quot;2&quot;:13624051},&quot;11&quot;:4,&quot;12&quot;:0}\">Michelle Kardos, M.M., MT-BC, CAGO es educadora, musicoterapeuta y organista. Actualmente es organista asistente en la Iglesia Presbiteriana de Pasadena. Adem\u00e1s de esto, es asistente de programa del Programa de Participaci\u00f3n Comunitaria de Thornton y evaluadora de la Universidad del Sur de California. Gracias a la participaci\u00f3n de su cap\u00edtulo local, Michelle ha sido miembro del Gremio Americano de Organistas desde 2014. De 2018 a 2021, se desempe\u00f1\u00f3 como Secretaria del Cap\u00edtulo de la Universidad Seton Hill del Gremio Estadounidense de Organistas. Actualmente, se desempe\u00f1a como miembro tanto del Grupo de Trabajo para la Equidad de G\u00e9nero de la AGO como del Comit\u00e9 de J\u00f3venes Organistas de la AGO. Michelle recibi\u00f3 su certificaci\u00f3n de juego de servicio y de colega de la AGO. Tambi\u00e9n es miembro de SWO, AMTA y MTNA.<\/span><\/p>\n<p>Obtuvo su Maestr\u00eda en M\u00fasica en M\u00fasica Sagrada en la Universidad de Duquesne. Mientras estaba en Duquesne, Michelle fue aceptada en la Sociedad Nacional de Honor de M\u00fasica, Pi Kappa Lambda. Al graduarse, recibi\u00f3 el Premio Jean Langlais, otorgado a un estudiante de \u00f3rgano con el m\u00e1s alto nivel acad\u00e9mico en M\u00fasica Sacra. Obtuvo su Licenciatura en M\u00fasica en Musicoterapia junto con el Certificado de M\u00fasica Sacra, el Certificado de Ministerio Pastoral y su especializaci\u00f3n en psicolog\u00eda en la Universidad de Seton Hill. All\u00ed estudi\u00f3 \u00f3rgano con el Sr. Edgar Highberger y piano con el Sr. Edward Kuhn. Durante sus estudios, Michelle fue nombrada Presser Scholar, por su m\u00e9rito y logros en el programa de m\u00fasica, y fue aceptada en la Sociedad Internacional de Honor de Psicolog\u00eda, Psi Chi. Michelle asiste a la Universidad del Sur de California para obtener un Doctorado en Artes Musicales en M\u00fasica Sagrada y estudia \u00f3rgano con la profesora Cherry Rhodes.<\/p>\n\n\n\n<\/div>\n      \n          <\/div>\n\n          <div class=\"image-container\">\n            \n<div class=\"f--field f--image\">\n\n    \n    \n    \n    \n    \n    \n              \n      <img\n                            data-src=\"https:\/\/dornsife.usc.edu\/cmbs\/wp-content\/uploads\/sites\/398\/2023\/11\/Michelle-Kardos.jpg\"\n                    data-sizes=\"(min-width:1024px) 50vw, (min-width:768px) 100vw, 100vw\"          class=\"lazyload\"\n        \n                  role=\"none\"\n        \n        \n                                      \/>\n\n    \n    \n  \n  \n\n<\/div>\n      <\/div>\n    \n  <\/div>\n\n\n  <\/div><\/div>\n\n\n\n    \n  \n    \n\n\n\n\n\n\n<div\n  class=\"cc--component-container cc--cta-cards-collection \"\n\n  \n  \n  \n  \n  \n  \n  >\n  <div class=\"c--component c--cta-cards-collection\"\n    \n      >\n\n    \n      <div class=\"header-container\">\n                  \n<div class=\"f--field f--section-title\">\n\n    \n  <h2>\n          Instituciones y laboratorios afiliados\n      <\/h2>\n\n\n<\/div>\n      \n      \n      \n    <\/div>\n  \n      <div class=\"cards-container\">\n      \n        <div class=\"card\">\n\n                            <a href=\"https:\/\/music.usc.edu\/departments\/community-engagement\/\" >\n            \n                                    <h3>Programa de Participaci\u00f3n Comunitaria de Thornton<\/h3>\n                \n                \n                            <\/a>\n                    <\/div>\n      \n        <div class=\"card\">\n\n                            <a href=\"https:\/\/www.agohq.org\/\" >\n            \n                                    <h3>Gremio Americano de Organistas<\/h3>\n                \n                \n                            <\/a>\n                    <\/div>\n          <\/div>\n  \n\n  <\/div><\/div>\n","protected":false},"excerpt":{"rendered":"","protected":false},"author":180,"featured_media":1053,"parent":0,"menu_order":0,"comment_status":"closed","ping_status":"closed","template":"","meta":{"_acf_changed":false,"footnotes":""},"class_list":["post-2093","page","type-page","status-publish","has-post-thumbnail","hentry"],"acf":[],"yoast_head":"<!-- This site is optimized with the Yoast SEO plugin v27.1.1 - https:\/\/yoast.com\/product\/yoast-seo-wordpress\/ -->\n<title>Estudiantes, Aprendices, Personal, Egresados y Socios Comunitarios - Center for Music, Brain and Society<\/title>\n<meta name=\"robots\" content=\"index, follow, max-snippet:-1, max-image-preview:large, max-video-preview:-1\" \/>\n<link rel=\"canonical\" href=\"https:\/\/dornsife.usc.edu\/cmbs\/michelle-kardos-es\/\" \/>\n<meta property=\"og:locale\" content=\"en_US\" \/>\n<meta property=\"og:type\" content=\"article\" \/>\n<meta property=\"og:title\" content=\"Estudiantes, Aprendices, Personal, Egresados y Socios Comunitarios - Center for Music, Brain and Society\" \/>\n<meta property=\"og:url\" content=\"https:\/\/dornsife.usc.edu\/cmbs\/michelle-kardos-es\/\" \/>\n<meta property=\"og:site_name\" content=\"Center for Music, Brain and Society\" \/>\n<meta property=\"article:modified_time\" content=\"2024-09-23T21:05:57+00:00\" \/>\n<meta property=\"og:image\" content=\"https:\/\/dornsife.usc.edu\/cmbs\/wp-content\/uploads\/sites\/398\/2023\/11\/HERO-BANNER-.png\" \/>\n\t<meta property=\"og:image:width\" content=\"4962\" \/>\n\t<meta property=\"og:image:height\" content=\"3408\" \/>\n\t<meta property=\"og:image:type\" content=\"image\/png\" \/>\n<meta name=\"twitter:card\" content=\"summary_large_image\" \/>\n<script type=\"application\/ld+json\" class=\"yoast-schema-graph\">{\"@context\":\"https:\/\/schema.org\",\"@graph\":[{\"@type\":\"WebPage\",\"@id\":\"https:\/\/dornsife.usc.edu\/cmbs\/michelle-kardos-es\/\",\"url\":\"https:\/\/dornsife.usc.edu\/cmbs\/michelle-kardos-es\/\",\"name\":\"Estudiantes, Aprendices, Personal, Egresados y Socios Comunitarios - Center for Music, Brain and Society\",\"isPartOf\":{\"@id\":\"https:\/\/dornsife.usc.edu\/cmbs\/#website\"},\"primaryImageOfPage\":{\"@id\":\"https:\/\/dornsife.usc.edu\/cmbs\/michelle-kardos-es\/#primaryimage\"},\"image\":{\"@id\":\"https:\/\/dornsife.usc.edu\/cmbs\/michelle-kardos-es\/#primaryimage\"},\"thumbnailUrl\":\"https:\/\/dornsife.usc.edu\/cmbs\/wp-content\/uploads\/sites\/398\/2023\/11\/HERO-BANNER-.png\",\"datePublished\":\"2023-12-01T09:43:03+00:00\",\"dateModified\":\"2024-09-23T21:05:57+00:00\",\"breadcrumb\":{\"@id\":\"https:\/\/dornsife.usc.edu\/cmbs\/michelle-kardos-es\/#breadcrumb\"},\"inLanguage\":\"en-US\",\"potentialAction\":[{\"@type\":\"ReadAction\",\"target\":[\"https:\/\/dornsife.usc.edu\/cmbs\/michelle-kardos-es\/\"]}]},{\"@type\":\"ImageObject\",\"inLanguage\":\"en-US\",\"@id\":\"https:\/\/dornsife.usc.edu\/cmbs\/michelle-kardos-es\/#primaryimage\",\"url\":\"https:\/\/dornsife.usc.edu\/cmbs\/wp-content\/uploads\/sites\/398\/2023\/11\/HERO-BANNER-.png\",\"contentUrl\":\"https:\/\/dornsife.usc.edu\/cmbs\/wp-content\/uploads\/sites\/398\/2023\/11\/HERO-BANNER-.png\",\"width\":4962,\"height\":3408},{\"@type\":\"BreadcrumbList\",\"@id\":\"https:\/\/dornsife.usc.edu\/cmbs\/michelle-kardos-es\/#breadcrumb\",\"itemListElement\":[{\"@type\":\"ListItem\",\"position\":1,\"name\":\"Home\",\"item\":\"https:\/\/dornsife.usc.edu\/cmbs\/\"},{\"@type\":\"ListItem\",\"position\":2,\"name\":\"Estudiantes, Aprendices, Personal, Egresados y Socios Comunitarios\"}]},{\"@type\":\"WebSite\",\"@id\":\"https:\/\/dornsife.usc.edu\/cmbs\/#website\",\"url\":\"https:\/\/dornsife.usc.edu\/cmbs\/\",\"name\":\"Center for Music, Brain and Society\",\"description\":\"USC Dornsife Center for Music, Brain and Society\",\"potentialAction\":[{\"@type\":\"SearchAction\",\"target\":{\"@type\":\"EntryPoint\",\"urlTemplate\":\"https:\/\/dornsife.usc.edu\/cmbs\/?s={search_term_string}\"},\"query-input\":{\"@type\":\"PropertyValueSpecification\",\"valueRequired\":true,\"valueName\":\"search_term_string\"}}],\"inLanguage\":\"en-US\"}]}<\/script>\n<!-- \/ Yoast SEO plugin. -->","yoast_head_json":{"title":"Estudiantes, Aprendices, Personal, Egresados y Socios Comunitarios - Center for Music, Brain and Society","robots":{"index":"index","follow":"follow","max-snippet":"max-snippet:-1","max-image-preview":"max-image-preview:large","max-video-preview":"max-video-preview:-1"},"canonical":"https:\/\/dornsife.usc.edu\/cmbs\/michelle-kardos-es\/","og_locale":"en_US","og_type":"article","og_title":"Estudiantes, Aprendices, Personal, Egresados y Socios Comunitarios - Center for Music, Brain and Society","og_url":"https:\/\/dornsife.usc.edu\/cmbs\/michelle-kardos-es\/","og_site_name":"Center for Music, Brain and Society","article_modified_time":"2024-09-23T21:05:57+00:00","og_image":[{"width":4962,"height":3408,"url":"https:\/\/dornsife.usc.edu\/cmbs\/wp-content\/uploads\/sites\/398\/2023\/11\/HERO-BANNER-.png","type":"image\/png"}],"twitter_card":"summary_large_image","schema":{"@context":"https:\/\/schema.org","@graph":[{"@type":"WebPage","@id":"https:\/\/dornsife.usc.edu\/cmbs\/michelle-kardos-es\/","url":"https:\/\/dornsife.usc.edu\/cmbs\/michelle-kardos-es\/","name":"Estudiantes, Aprendices, Personal, Egresados y Socios Comunitarios - Center for Music, Brain and Society","isPartOf":{"@id":"https:\/\/dornsife.usc.edu\/cmbs\/#website"},"primaryImageOfPage":{"@id":"https:\/\/dornsife.usc.edu\/cmbs\/michelle-kardos-es\/#primaryimage"},"image":{"@id":"https:\/\/dornsife.usc.edu\/cmbs\/michelle-kardos-es\/#primaryimage"},"thumbnailUrl":"https:\/\/dornsife.usc.edu\/cmbs\/wp-content\/uploads\/sites\/398\/2023\/11\/HERO-BANNER-.png","datePublished":"2023-12-01T09:43:03+00:00","dateModified":"2024-09-23T21:05:57+00:00","breadcrumb":{"@id":"https:\/\/dornsife.usc.edu\/cmbs\/michelle-kardos-es\/#breadcrumb"},"inLanguage":"en-US","potentialAction":[{"@type":"ReadAction","target":["https:\/\/dornsife.usc.edu\/cmbs\/michelle-kardos-es\/"]}]},{"@type":"ImageObject","inLanguage":"en-US","@id":"https:\/\/dornsife.usc.edu\/cmbs\/michelle-kardos-es\/#primaryimage","url":"https:\/\/dornsife.usc.edu\/cmbs\/wp-content\/uploads\/sites\/398\/2023\/11\/HERO-BANNER-.png","contentUrl":"https:\/\/dornsife.usc.edu\/cmbs\/wp-content\/uploads\/sites\/398\/2023\/11\/HERO-BANNER-.png","width":4962,"height":3408},{"@type":"BreadcrumbList","@id":"https:\/\/dornsife.usc.edu\/cmbs\/michelle-kardos-es\/#breadcrumb","itemListElement":[{"@type":"ListItem","position":1,"name":"Home","item":"https:\/\/dornsife.usc.edu\/cmbs\/"},{"@type":"ListItem","position":2,"name":"Estudiantes, Aprendices, Personal, Egresados y Socios Comunitarios"}]},{"@type":"WebSite","@id":"https:\/\/dornsife.usc.edu\/cmbs\/#website","url":"https:\/\/dornsife.usc.edu\/cmbs\/","name":"Center for Music, Brain and Society","description":"USC Dornsife Center for Music, Brain and Society","potentialAction":[{"@type":"SearchAction","target":{"@type":"EntryPoint","urlTemplate":"https:\/\/dornsife.usc.edu\/cmbs\/?s={search_term_string}"},"query-input":{"@type":"PropertyValueSpecification","valueRequired":true,"valueName":"search_term_string"}}],"inLanguage":"en-US"}]}},"_links":{"self":[{"href":"https:\/\/dornsife.usc.edu\/cmbs\/wp-json\/wp\/v2\/pages\/2093","targetHints":{"allow":["GET"]}}],"collection":[{"href":"https:\/\/dornsife.usc.edu\/cmbs\/wp-json\/wp\/v2\/pages"}],"about":[{"href":"https:\/\/dornsife.usc.edu\/cmbs\/wp-json\/wp\/v2\/types\/page"}],"author":[{"embeddable":true,"href":"https:\/\/dornsife.usc.edu\/cmbs\/wp-json\/wp\/v2\/users\/180"}],"replies":[{"embeddable":true,"href":"https:\/\/dornsife.usc.edu\/cmbs\/wp-json\/wp\/v2\/comments?post=2093"}],"version-history":[{"count":8,"href":"https:\/\/dornsife.usc.edu\/cmbs\/wp-json\/wp\/v2\/pages\/2093\/revisions"}],"predecessor-version":[{"id":3646,"href":"https:\/\/dornsife.usc.edu\/cmbs\/wp-json\/wp\/v2\/pages\/2093\/revisions\/3646"}],"wp:featuredmedia":[{"embeddable":true,"href":"https:\/\/dornsife.usc.edu\/cmbs\/wp-json\/wp\/v2\/media\/1053"}],"wp:attachment":[{"href":"https:\/\/dornsife.usc.edu\/cmbs\/wp-json\/wp\/v2\/media?parent=2093"}],"curies":[{"name":"wp","href":"https:\/\/api.w.org\/{rel}","templated":true}]}}