{"id":2054,"date":"2023-12-01T01:19:55","date_gmt":"2023-12-01T09:19:55","guid":{"rendered":"https:\/\/dornsife.usc.edu\/cmbs\/?page_id=2054"},"modified":"2024-09-23T14:03:53","modified_gmt":"2024-09-23T21:03:53","slug":"kleanthis-avramidis-es","status":"publish","type":"page","link":"https:\/\/dornsife.usc.edu\/cmbs\/kleanthis-avramidis-es\/","title":{"rendered":"Estudiantes, Aprendices, Personal, Egresados y Socios Comunitarios"},"content":{"rendered":"\n\n\n\n  \n    \n\n\n\n\n\n\n<div\n  class=\"cc--component-container cc--rich-text \"\n\n  \n  \n  \n  \n  \n  \n  >\n  <div class=\"c--component c--rich-text\"\n    \n      >\n\n    \n      \n<div class=\"f--field f--wysiwyg\">\n\n    \n  <h5 style=\"text-align: right;\"><a class=\"cta-link\" href=\"https:\/\/dornsife.usc.edu\/cmbs\/kleanthis-avramidis\/\"><em>English<\/em><\/a><\/h5>\n\n\n\n<\/div>\n\n\n  <\/div><\/div>\n\n\n\n  \n    \n\n\n\n\n\n\n<div\n  class=\"cc--component-container cc--featured-block \"\n\n  \n  \n  \n  \n  \n  \n  >\n  <div class=\"c--component c--featured-block\"\n    \n      >\n\n    \n  <div class=\"text-image-container\">\n    <div class=\"text-container\">\n\n      \n                  \n<div class=\"f--field f--section-title\">\n\n    \n  <h2>\n          Kleanthis\tAvramidis\n      <\/h2>\n\n\n<\/div>\n      \n                  \n<div class=\"f--field f--description\">\n\n    \n  <p><strong>Estudiante de Doctorado en Ciencias de la Computaci\u00f3n<\/strong><br \/>\n<em>Escuela de Ingenier\u00eda de Viterbi de USC<\/em><br \/>\nCorreo electr\u00f3nico: <a href=\"mailto:avramidi@usc.edu\">avramidi@usc.edu<\/a><\/p>\n<p>Soy estudiante de doctorado en Ciencias de la Computaci\u00f3n en la Universidad del Sur de California, donde trabajo en el amplio campo de la inteligencia artificial centrada en el ser humano, bajo la supervisi\u00f3n del Prof. Shrikanth Narayanan. Antes de unirme a USC, complet\u00e9 mi Maestr\u00eda en Ingenier\u00eda El\u00e9ctrica en la Universidad T\u00e9cnica Nacional de Atenas, bajo la supervisi\u00f3n del Prof. Petros Maragos. Estoy particularmente interesado en la aplicaci\u00f3n del aprendizaje autom\u00e1tico contempor\u00e1neo (profundo, multimodal y explicable) y m\u00e9todos de procesamiento de se\u00f1ales para comprender la fisiolog\u00eda humana y aumentar el bienestar. Los dominios de aplicaci\u00f3n de mi investigaci\u00f3n incluyen la recuperaci\u00f3n de informaci\u00f3n musical, la inform\u00e1tica afectiva, la psicolog\u00eda y la neurociencia computacional.<\/p>\n\n\n\n<\/div>\n      \n          <\/div>\n\n          <div class=\"image-container\">\n            \n<div class=\"f--field f--image\">\n\n    \n    \n    \n    \n    \n    \n              \n      <img\n                            data-src=\"https:\/\/dornsife.usc.edu\/cmbs\/wp-content\/uploads\/sites\/398\/2023\/11\/Kleanthis-Avramidis-1.png\"\n                    data-sizes=\"(min-width:1024px) 50vw, (min-width:768px) 100vw, 100vw\"          class=\"lazyload\"\n        \n                  role=\"none\"\n        \n        \n                                      \/>\n\n    \n    \n  \n  \n\n<\/div>\n      <\/div>\n    \n  <\/div>\n\n\n  <\/div><\/div>\n\n\n\n  \n  \n    \n\n\n\n\n\n\n<div\n  class=\"cc--component-container cc--cta-cards-collection \"\n\n  \n  \n  \n  \n  \n  \n  >\n  <div class=\"c--component c--cta-cards-collection\"\n    \n      >\n\n    \n      <div class=\"header-container\">\n                  \n<div class=\"f--field f--section-title\">\n\n    \n  <h2>\n          Instituciones y laboratorios afiliados\n      <\/h2>\n\n\n<\/div>\n      \n      \n      \n    <\/div>\n  \n      <div class=\"cards-container\">\n      \n        <div class=\"card\">\n\n                            <a href=\"https:\/\/sail.usc.edu\/\" >\n            \n                                    <h3>Laboratorio de An\u00e1lisis e Interpretaci\u00f3n de Se\u00f1ales (SAIL)<\/h3>\n                \n                \n                            <\/a>\n                    <\/div>\n          <\/div>\n  \n\n  <\/div><\/div>\n","protected":false},"excerpt":{"rendered":"","protected":false},"author":180,"featured_media":1053,"parent":0,"menu_order":0,"comment_status":"closed","ping_status":"closed","template":"","meta":{"_acf_changed":false,"footnotes":""},"class_list":["post-2054","page","type-page","status-publish","has-post-thumbnail","hentry"],"acf":[],"yoast_head":"<!-- This site is optimized with the Yoast SEO plugin v27.1.1 - https:\/\/yoast.com\/product\/yoast-seo-wordpress\/ -->\n<title>Estudiantes, Aprendices, Personal, Egresados y Socios Comunitarios - Center for Music, Brain and Society<\/title>\n<meta name=\"robots\" content=\"index, follow, max-snippet:-1, max-image-preview:large, max-video-preview:-1\" \/>\n<link rel=\"canonical\" href=\"https:\/\/dornsife.usc.edu\/cmbs\/kleanthis-avramidis-es\/\" \/>\n<meta property=\"og:locale\" content=\"en_US\" \/>\n<meta property=\"og:type\" content=\"article\" \/>\n<meta property=\"og:title\" content=\"Estudiantes, Aprendices, Personal, Egresados y Socios Comunitarios - Center for Music, Brain and Society\" \/>\n<meta property=\"og:url\" content=\"https:\/\/dornsife.usc.edu\/cmbs\/kleanthis-avramidis-es\/\" \/>\n<meta property=\"og:site_name\" content=\"Center for Music, Brain and Society\" \/>\n<meta property=\"article:modified_time\" content=\"2024-09-23T21:03:53+00:00\" \/>\n<meta property=\"og:image\" content=\"https:\/\/dornsife.usc.edu\/cmbs\/wp-content\/uploads\/sites\/398\/2023\/11\/HERO-BANNER-.png\" \/>\n\t<meta property=\"og:image:width\" content=\"4962\" \/>\n\t<meta property=\"og:image:height\" content=\"3408\" \/>\n\t<meta property=\"og:image:type\" content=\"image\/png\" \/>\n<meta name=\"twitter:card\" content=\"summary_large_image\" \/>\n<script type=\"application\/ld+json\" class=\"yoast-schema-graph\">{\"@context\":\"https:\/\/schema.org\",\"@graph\":[{\"@type\":\"WebPage\",\"@id\":\"https:\/\/dornsife.usc.edu\/cmbs\/kleanthis-avramidis-es\/\",\"url\":\"https:\/\/dornsife.usc.edu\/cmbs\/kleanthis-avramidis-es\/\",\"name\":\"Estudiantes, Aprendices, Personal, Egresados y Socios Comunitarios - Center for Music, Brain and Society\",\"isPartOf\":{\"@id\":\"https:\/\/dornsife.usc.edu\/cmbs\/#website\"},\"primaryImageOfPage\":{\"@id\":\"https:\/\/dornsife.usc.edu\/cmbs\/kleanthis-avramidis-es\/#primaryimage\"},\"image\":{\"@id\":\"https:\/\/dornsife.usc.edu\/cmbs\/kleanthis-avramidis-es\/#primaryimage\"},\"thumbnailUrl\":\"https:\/\/dornsife.usc.edu\/cmbs\/wp-content\/uploads\/sites\/398\/2023\/11\/HERO-BANNER-.png\",\"datePublished\":\"2023-12-01T09:19:55+00:00\",\"dateModified\":\"2024-09-23T21:03:53+00:00\",\"breadcrumb\":{\"@id\":\"https:\/\/dornsife.usc.edu\/cmbs\/kleanthis-avramidis-es\/#breadcrumb\"},\"inLanguage\":\"en-US\",\"potentialAction\":[{\"@type\":\"ReadAction\",\"target\":[\"https:\/\/dornsife.usc.edu\/cmbs\/kleanthis-avramidis-es\/\"]}]},{\"@type\":\"ImageObject\",\"inLanguage\":\"en-US\",\"@id\":\"https:\/\/dornsife.usc.edu\/cmbs\/kleanthis-avramidis-es\/#primaryimage\",\"url\":\"https:\/\/dornsife.usc.edu\/cmbs\/wp-content\/uploads\/sites\/398\/2023\/11\/HERO-BANNER-.png\",\"contentUrl\":\"https:\/\/dornsife.usc.edu\/cmbs\/wp-content\/uploads\/sites\/398\/2023\/11\/HERO-BANNER-.png\",\"width\":4962,\"height\":3408},{\"@type\":\"BreadcrumbList\",\"@id\":\"https:\/\/dornsife.usc.edu\/cmbs\/kleanthis-avramidis-es\/#breadcrumb\",\"itemListElement\":[{\"@type\":\"ListItem\",\"position\":1,\"name\":\"Home\",\"item\":\"https:\/\/dornsife.usc.edu\/cmbs\/\"},{\"@type\":\"ListItem\",\"position\":2,\"name\":\"Estudiantes, Aprendices, Personal, Egresados y Socios Comunitarios\"}]},{\"@type\":\"WebSite\",\"@id\":\"https:\/\/dornsife.usc.edu\/cmbs\/#website\",\"url\":\"https:\/\/dornsife.usc.edu\/cmbs\/\",\"name\":\"Center for Music, Brain and Society\",\"description\":\"USC Dornsife Center for Music, Brain and Society\",\"potentialAction\":[{\"@type\":\"SearchAction\",\"target\":{\"@type\":\"EntryPoint\",\"urlTemplate\":\"https:\/\/dornsife.usc.edu\/cmbs\/?s={search_term_string}\"},\"query-input\":{\"@type\":\"PropertyValueSpecification\",\"valueRequired\":true,\"valueName\":\"search_term_string\"}}],\"inLanguage\":\"en-US\"}]}<\/script>\n<!-- \/ Yoast SEO plugin. -->","yoast_head_json":{"title":"Estudiantes, Aprendices, Personal, Egresados y Socios Comunitarios - Center for Music, Brain and Society","robots":{"index":"index","follow":"follow","max-snippet":"max-snippet:-1","max-image-preview":"max-image-preview:large","max-video-preview":"max-video-preview:-1"},"canonical":"https:\/\/dornsife.usc.edu\/cmbs\/kleanthis-avramidis-es\/","og_locale":"en_US","og_type":"article","og_title":"Estudiantes, Aprendices, Personal, Egresados y Socios Comunitarios - Center for Music, Brain and Society","og_url":"https:\/\/dornsife.usc.edu\/cmbs\/kleanthis-avramidis-es\/","og_site_name":"Center for Music, Brain and Society","article_modified_time":"2024-09-23T21:03:53+00:00","og_image":[{"width":4962,"height":3408,"url":"https:\/\/dornsife.usc.edu\/cmbs\/wp-content\/uploads\/sites\/398\/2023\/11\/HERO-BANNER-.png","type":"image\/png"}],"twitter_card":"summary_large_image","schema":{"@context":"https:\/\/schema.org","@graph":[{"@type":"WebPage","@id":"https:\/\/dornsife.usc.edu\/cmbs\/kleanthis-avramidis-es\/","url":"https:\/\/dornsife.usc.edu\/cmbs\/kleanthis-avramidis-es\/","name":"Estudiantes, Aprendices, Personal, Egresados y Socios Comunitarios - Center for Music, Brain and Society","isPartOf":{"@id":"https:\/\/dornsife.usc.edu\/cmbs\/#website"},"primaryImageOfPage":{"@id":"https:\/\/dornsife.usc.edu\/cmbs\/kleanthis-avramidis-es\/#primaryimage"},"image":{"@id":"https:\/\/dornsife.usc.edu\/cmbs\/kleanthis-avramidis-es\/#primaryimage"},"thumbnailUrl":"https:\/\/dornsife.usc.edu\/cmbs\/wp-content\/uploads\/sites\/398\/2023\/11\/HERO-BANNER-.png","datePublished":"2023-12-01T09:19:55+00:00","dateModified":"2024-09-23T21:03:53+00:00","breadcrumb":{"@id":"https:\/\/dornsife.usc.edu\/cmbs\/kleanthis-avramidis-es\/#breadcrumb"},"inLanguage":"en-US","potentialAction":[{"@type":"ReadAction","target":["https:\/\/dornsife.usc.edu\/cmbs\/kleanthis-avramidis-es\/"]}]},{"@type":"ImageObject","inLanguage":"en-US","@id":"https:\/\/dornsife.usc.edu\/cmbs\/kleanthis-avramidis-es\/#primaryimage","url":"https:\/\/dornsife.usc.edu\/cmbs\/wp-content\/uploads\/sites\/398\/2023\/11\/HERO-BANNER-.png","contentUrl":"https:\/\/dornsife.usc.edu\/cmbs\/wp-content\/uploads\/sites\/398\/2023\/11\/HERO-BANNER-.png","width":4962,"height":3408},{"@type":"BreadcrumbList","@id":"https:\/\/dornsife.usc.edu\/cmbs\/kleanthis-avramidis-es\/#breadcrumb","itemListElement":[{"@type":"ListItem","position":1,"name":"Home","item":"https:\/\/dornsife.usc.edu\/cmbs\/"},{"@type":"ListItem","position":2,"name":"Estudiantes, Aprendices, Personal, Egresados y Socios Comunitarios"}]},{"@type":"WebSite","@id":"https:\/\/dornsife.usc.edu\/cmbs\/#website","url":"https:\/\/dornsife.usc.edu\/cmbs\/","name":"Center for Music, Brain and Society","description":"USC Dornsife Center for Music, Brain and Society","potentialAction":[{"@type":"SearchAction","target":{"@type":"EntryPoint","urlTemplate":"https:\/\/dornsife.usc.edu\/cmbs\/?s={search_term_string}"},"query-input":{"@type":"PropertyValueSpecification","valueRequired":true,"valueName":"search_term_string"}}],"inLanguage":"en-US"}]}},"_links":{"self":[{"href":"https:\/\/dornsife.usc.edu\/cmbs\/wp-json\/wp\/v2\/pages\/2054","targetHints":{"allow":["GET"]}}],"collection":[{"href":"https:\/\/dornsife.usc.edu\/cmbs\/wp-json\/wp\/v2\/pages"}],"about":[{"href":"https:\/\/dornsife.usc.edu\/cmbs\/wp-json\/wp\/v2\/types\/page"}],"author":[{"embeddable":true,"href":"https:\/\/dornsife.usc.edu\/cmbs\/wp-json\/wp\/v2\/users\/180"}],"replies":[{"embeddable":true,"href":"https:\/\/dornsife.usc.edu\/cmbs\/wp-json\/wp\/v2\/comments?post=2054"}],"version-history":[{"count":8,"href":"https:\/\/dornsife.usc.edu\/cmbs\/wp-json\/wp\/v2\/pages\/2054\/revisions"}],"predecessor-version":[{"id":3639,"href":"https:\/\/dornsife.usc.edu\/cmbs\/wp-json\/wp\/v2\/pages\/2054\/revisions\/3639"}],"wp:featuredmedia":[{"embeddable":true,"href":"https:\/\/dornsife.usc.edu\/cmbs\/wp-json\/wp\/v2\/media\/1053"}],"wp:attachment":[{"href":"https:\/\/dornsife.usc.edu\/cmbs\/wp-json\/wp\/v2\/media?parent=2054"}],"curies":[{"name":"wp","href":"https:\/\/api.w.org\/{rel}","templated":true}]}}