{"id":1878,"date":"2023-11-30T16:47:03","date_gmt":"2023-12-01T00:47:03","guid":{"rendered":"https:\/\/dornsife.usc.edu\/cmbs\/?page_id=1878"},"modified":"2023-12-07T15:51:27","modified_gmt":"2023-12-07T23:51:27","slug":"shrikanth-narayanan-es","status":"publish","type":"page","link":"https:\/\/dornsife.usc.edu\/cmbs\/shrikanth-narayanan-es\/","title":{"rendered":"Facultad"},"content":{"rendered":"\n\n\n\n  \n    \n\n\n\n\n\n\n<div\n  class=\"cc--component-container cc--rich-text \"\n\n  \n  \n  \n  \n  \n  \n  >\n  <div class=\"c--component c--rich-text\"\n    \n      >\n\n    \n      \n<div class=\"f--field f--wysiwyg\">\n\n    \n  <h5 style=\"text-align: right;\"><a class=\"cta-link\" href=\"https:\/\/dornsife.usc.edu\/cmbs\/shrikanth-narayanan\/\"><em>English<\/em><\/a><\/h5>\n\n\n\n<\/div>\n\n\n  <\/div><\/div>\n\n\n\n  \n    \n\n\n\n\n\n\n<div\n  class=\"cc--component-container cc--featured-block \"\n\n  \n  \n  \n  \n  \n  \n  >\n  <div class=\"c--component c--featured-block\"\n    \n      >\n\n    \n  <div class=\"text-image-container\">\n    <div class=\"text-container\">\n\n      \n                  \n<div class=\"f--field f--section-title\">\n\n    \n  <h2>\n          Shrikanth Narayanan, Ph.D.\n      <\/h2>\n\n\n<\/div>\n      \n                  \n<div class=\"f--field f--description\">\n\n    \n  <p><span data-sheets-value=\"{&quot;1&quot;:2,&quot;2&quot;:&quot;Niki and Max Nikias Chair in Engineering and University Professor of Electrical and Computer Engineering, Computer Science, Linguistics, Psychology, Pediatrics, and Otolaryngology&quot;}\" data-sheets-userformat=\"{&quot;2&quot;:769,&quot;3&quot;:{&quot;1&quot;:0},&quot;11&quot;:4,&quot;12&quot;:0}\"><strong>Niki y Max Nikias C\u00e1tedra de Ingenier\u00eda y Profesora Universitaria de Ingenier\u00eda El\u00e9ctrica e Inform\u00e1tica, Inform\u00e1tica, Ling\u00fc\u00edstica, Psicolog\u00eda, Pediatr\u00eda y Otorrinolaringolog\u00eda<\/strong><br \/>\n<em>Escuela Viterbi de Ingenier\u00eda de USC<\/em><br \/>\n<\/span>Correo electr\u00f3nico: <span data-sheets-value=\"{&quot;1&quot;:2,&quot;2&quot;:&quot;shri@ee.usc.edu&quot;}\" data-sheets-userformat=\"{&quot;2&quot;:15107,&quot;3&quot;:{&quot;1&quot;:0},&quot;4&quot;:{&quot;1&quot;:2,&quot;2&quot;:16777215},&quot;11&quot;:4,&quot;12&quot;:0,&quot;14&quot;:{&quot;1&quot;:2,&quot;2&quot;:0},&quot;15&quot;:&quot;Calibri, sans-serif&quot;,&quot;16&quot;:11}\" data-sheets-hyperlink=\"mailto:shri@ee.usc.edu\"><a class=\"in-cell-link\" href=\"mailto:shri@ee.usc.edu\" target=\"_blank\" rel=\"noopener\">shri@ee.usc.edu<\/a><\/span><\/p>\n<p><span data-sheets-root=\"1\" data-sheets-value=\"{&quot;1&quot;:2,&quot;2&quot;:&quot;Shrikanth (Shri) Narayanan es profesor universitario y catedr\u00e1tico Niki &amp; C. L. Max Nikias de ingenier\u00eda en la Universidad del Sur de California (USC), donde es profesor de ingenier\u00eda el\u00e9ctrica e inform\u00e1tica, inform\u00e1tica, ling\u00fc\u00edstica, psicolog\u00eda, neurociencia, pediatr\u00eda y otorrinolaringolog\u00eda. \u2014Cirug\u00eda de cabeza y cuello, director del Instituto Ming Hsieh y director de investigaci\u00f3n del Instituto de Ciencias de Informaci\u00f3n. Antes de la USC, trabaj\u00f3 en AT&amp;T Laboratoris Bell y AT&amp;T Investigaci\u00f3n. Su investigaci\u00f3n interdisciplinaria se centra en sensores e im\u00e1genes centrados en el ser humano, procesamiento de se\u00f1ales e inteligencia artificial centrada en la comunicaci\u00f3n, interacci\u00f3n, emociones y comportamiento humanos, y en el desarrollo de tecnolog\u00edas para comprender la condici\u00f3n humana y apoyar y mejorar las capacidades y experiencias humanas.\\n\\nEs miembro de la Sociedad Ac\u00fastica de Am\u00e9rica, IEEE, la Asociaci\u00f3n Internacional de Comunicaci\u00f3n del Habla (ISCA), la Asociaci\u00f3n para el Avance de la Ciencia de America, la Asociaci\u00f3n para la Ciencia Psicol\u00f3gica, la Asociaci\u00f3n para el Avance de la Computaci\u00f3n Afectiva, el Instituto Estadounidense de Medicina y Ingenier\u00eda Biol\u00f3gica y la Academia Nacional de Inventores. Es miembro del Guggenheim y miembro de la Academia Europea de Ciencias y Artes, y ha recibido numerosos premios por investigaci\u00f3n y educaci\u00f3n, incluida la Medalla ISCA 2023 por logros cient\u00edficos. Ha publicado ampliamente y sus inventos han llevado a la comercializaci\u00f3n de tecnolog\u00eda, incluso a trav\u00e9s de nuevas empresas que cofund\u00f3: Tecnolog\u00edas de Se\u00f1ales de Comportamientose enfocado en asistencia conversacional basada en IA y Lyssn se centr\u00f3 en la atenci\u00f3n de la salud mental y el control de calidad.&quot;}\" data-sheets-userformat=\"{&quot;2&quot;:771,&quot;3&quot;:{&quot;1&quot;:0},&quot;4&quot;:{&quot;1&quot;:2,&quot;2&quot;:13624051},&quot;11&quot;:4,&quot;12&quot;:0}\">Shrikanth (Shri) Narayanan es profesor universitario y catedr\u00e1tico Niki &amp; C. L. Max Nikias de ingenier\u00eda en la Universidad del Sur de California (USC), donde es profesor de ingenier\u00eda el\u00e9ctrica e inform\u00e1tica, inform\u00e1tica, ling\u00fc\u00edstica, psicolog\u00eda, neurociencia, pediatr\u00eda y otorrinolaringolog\u00eda. \u2014Cirug\u00eda de cabeza y cuello, director del Instituto Ming Hsieh y director de investigaci\u00f3n del Instituto de Ciencias de Informaci\u00f3n. Antes de la USC, trabaj\u00f3 en AT&amp;T Laboratoris Bell y AT&amp;T Investigaci\u00f3n. Su investigaci\u00f3n interdisciplinaria se centra en sensores e im\u00e1genes centrados en el ser humano, procesamiento de se\u00f1ales e inteligencia artificial centrada en la comunicaci\u00f3n, interacci\u00f3n, emociones y comportamiento humanos, y en el desarrollo de tecnolog\u00edas para comprender la condici\u00f3n humana y apoyar y mejorar las capacidades y experiencias humanas.<\/p>\n<p>Es miembro de la Sociedad Ac\u00fastica de Am\u00e9rica, IEEE, la Asociaci\u00f3n Internacional de Comunicaci\u00f3n del Habla (ISCA), la Asociaci\u00f3n para el Avance de la Ciencia de America, la Asociaci\u00f3n para la Ciencia Psicol\u00f3gica, la Asociaci\u00f3n para el Avance de la Computaci\u00f3n Afectiva, el Instituto Estadounidense de Medicina y Ingenier\u00eda Biol\u00f3gica y la Academia Nacional de Inventores. Es miembro del Guggenheim y miembro de la Academia Europea de Ciencias y Artes, y ha recibido numerosos premios por investigaci\u00f3n y educaci\u00f3n, incluida la Medalla ISCA 2023 por logros cient\u00edficos. Ha publicado ampliamente y sus inventos han llevado a la comercializaci\u00f3n de tecnolog\u00eda, incluso a trav\u00e9s de nuevas empresas que cofund\u00f3: Tecnolog\u00edas de Se\u00f1ales de Comportamientose enfocado en asistencia conversacional basada en IA y Lyssn se centr\u00f3 en la atenci\u00f3n de la salud mental y el control de calidad.<\/span><\/p>\n\n\n\n<\/div>\n      \n                  \n<div class=\"f--field f--link\">\n\n    \n    \n  \n<a \n  class=\"link\"\n  href= https:\/\/viterbi.usc.edu\/directory\/faculty\/Narayanan\/Shrikanth\n    aria-label=\"Read more about Aprende m\u00e1s\"  \n>\n    Aprende m\u00e1s \n  <svg version=\"1.1\" xmlns=\"http:\/\/www.w3.org\/2000\/svg\" xmlns:xlink=\"http:\/\/www.w3.org\/1999\/xlink\" x=\"0px\" y=\"0px\" viewBox=\"0 0 35 35\" enable-background=\"new 0 0 35 35\" width=\"25\" height=\"25\" xml:space=\"preserve\"><polygon fill-rule=\"evenodd\" clip-rule=\"evenodd\" fill=\"#000\" points=\"19.3,27.5 29.3,17.5,19.3,7.5 16.3,10.4 21.4,15.4 6.7,15.4 6.7,19.6 21.4,19.6 16.3,24.6 \"\/><\/svg>\n<\/a>\n\n\n<\/div>\n\n          <\/div>\n\n          <div class=\"image-container\">\n            \n<div class=\"f--field f--image\">\n\n    \n    \n    \n    \n    \n    \n              \n      <img\n                            data-src=\"https:\/\/dornsife.usc.edu\/cmbs\/wp-content\/uploads\/sites\/398\/2023\/11\/Shrikanth-Narayanan-768x768.jpg\"\n          data-srcset=\"https:\/\/dornsife.usc.edu\/cmbs\/wp-content\/uploads\/sites\/398\/2023\/11\/Shrikanth-Narayanan-1280x1280.jpg 1280w,https:\/\/dornsife.usc.edu\/cmbs\/wp-content\/uploads\/sites\/398\/2023\/11\/Shrikanth-Narayanan-768x768.jpg 768w\"          data-sizes=\"(min-width:1024px) 50vw, (min-width:768px) 100vw, 100vw\"          class=\"lazyload\"\n        \n                  role=\"none\"\n        \n        \n                                      \/>\n\n    \n    \n  \n  \n\n<\/div>\n      <\/div>\n    \n  <\/div>\n\n\n  <\/div><\/div>\n\n\n\n      \n  \n    \n\n\n\n\n\n\n<div\n  class=\"cc--component-container cc--cta-cards-collection \"\n\n  \n  \n  \n  \n  \n  \n  >\n  <div class=\"c--component c--cta-cards-collection\"\n    \n      >\n\n    \n      <div class=\"header-container\">\n                  \n<div class=\"f--field f--section-title\">\n\n    \n  <h2>\n          Instituciones y laboratorios afiliados\n      <\/h2>\n\n\n<\/div>\n      \n      \n      \n    <\/div>\n  \n      <div class=\"cards-container\">\n      \n        <div class=\"card\">\n\n                            <a href=\"https:\/\/sail.usc.edu\/\" >\n            \n                                    <h3>Laboratorio de An\u00e1lisis y Interpretaci\u00f3n de Se\u00f1ales (SAIL)<\/h3>\n                \n                \n                            <\/a>\n                    <\/div>\n      \n        <div class=\"card\">\n\n                            <a href=\"https:\/\/minghsiehece.usc.edu\/mhi-home\/\" >\n            \n                                    <h3>Instituto Ming Hsieh<\/h3>\n                \n                \n                            <\/a>\n                    <\/div>\n      \n        <div class=\"card\">\n\n                            <a href=\"https:\/\/www.isi.edu\/\" >\n            \n                                    <h3>Instituto de Ciencias de Informaci\u00f3n<\/h3>\n                \n                \n                            <\/a>\n                    <\/div>\n          <\/div>\n  \n\n  <\/div><\/div>\n","protected":false},"excerpt":{"rendered":"","protected":false},"author":180,"featured_media":1053,"parent":0,"menu_order":0,"comment_status":"closed","ping_status":"closed","template":"","meta":{"_acf_changed":false,"footnotes":""},"class_list":["post-1878","page","type-page","status-publish","has-post-thumbnail","hentry"],"acf":[],"yoast_head":"<!-- This site is optimized with the Yoast SEO plugin v27.1.1 - https:\/\/yoast.com\/product\/yoast-seo-wordpress\/ -->\n<title>Facultad - Center for Music, Brain and Society<\/title>\n<meta name=\"robots\" content=\"index, follow, max-snippet:-1, max-image-preview:large, max-video-preview:-1\" \/>\n<link rel=\"canonical\" href=\"https:\/\/dornsife.usc.edu\/cmbs\/shrikanth-narayanan-es\/\" \/>\n<meta property=\"og:locale\" content=\"en_US\" \/>\n<meta property=\"og:type\" content=\"article\" \/>\n<meta property=\"og:title\" content=\"Facultad - Center for Music, Brain and Society\" \/>\n<meta property=\"og:url\" content=\"https:\/\/dornsife.usc.edu\/cmbs\/shrikanth-narayanan-es\/\" \/>\n<meta property=\"og:site_name\" content=\"Center for Music, Brain and Society\" \/>\n<meta property=\"article:modified_time\" content=\"2023-12-07T23:51:27+00:00\" \/>\n<meta property=\"og:image\" content=\"https:\/\/dornsife.usc.edu\/cmbs\/wp-content\/uploads\/sites\/398\/2023\/11\/HERO-BANNER-.png\" \/>\n\t<meta property=\"og:image:width\" content=\"4962\" \/>\n\t<meta property=\"og:image:height\" content=\"3408\" \/>\n\t<meta property=\"og:image:type\" content=\"image\/png\" \/>\n<meta name=\"twitter:card\" content=\"summary_large_image\" \/>\n<script type=\"application\/ld+json\" class=\"yoast-schema-graph\">{\"@context\":\"https:\/\/schema.org\",\"@graph\":[{\"@type\":\"WebPage\",\"@id\":\"https:\/\/dornsife.usc.edu\/cmbs\/shrikanth-narayanan-es\/\",\"url\":\"https:\/\/dornsife.usc.edu\/cmbs\/shrikanth-narayanan-es\/\",\"name\":\"Facultad - Center for Music, Brain and Society\",\"isPartOf\":{\"@id\":\"https:\/\/dornsife.usc.edu\/cmbs\/#website\"},\"primaryImageOfPage\":{\"@id\":\"https:\/\/dornsife.usc.edu\/cmbs\/shrikanth-narayanan-es\/#primaryimage\"},\"image\":{\"@id\":\"https:\/\/dornsife.usc.edu\/cmbs\/shrikanth-narayanan-es\/#primaryimage\"},\"thumbnailUrl\":\"https:\/\/dornsife.usc.edu\/cmbs\/wp-content\/uploads\/sites\/398\/2023\/11\/HERO-BANNER-.png\",\"datePublished\":\"2023-12-01T00:47:03+00:00\",\"dateModified\":\"2023-12-07T23:51:27+00:00\",\"breadcrumb\":{\"@id\":\"https:\/\/dornsife.usc.edu\/cmbs\/shrikanth-narayanan-es\/#breadcrumb\"},\"inLanguage\":\"en-US\",\"potentialAction\":[{\"@type\":\"ReadAction\",\"target\":[\"https:\/\/dornsife.usc.edu\/cmbs\/shrikanth-narayanan-es\/\"]}]},{\"@type\":\"ImageObject\",\"inLanguage\":\"en-US\",\"@id\":\"https:\/\/dornsife.usc.edu\/cmbs\/shrikanth-narayanan-es\/#primaryimage\",\"url\":\"https:\/\/dornsife.usc.edu\/cmbs\/wp-content\/uploads\/sites\/398\/2023\/11\/HERO-BANNER-.png\",\"contentUrl\":\"https:\/\/dornsife.usc.edu\/cmbs\/wp-content\/uploads\/sites\/398\/2023\/11\/HERO-BANNER-.png\",\"width\":4962,\"height\":3408},{\"@type\":\"BreadcrumbList\",\"@id\":\"https:\/\/dornsife.usc.edu\/cmbs\/shrikanth-narayanan-es\/#breadcrumb\",\"itemListElement\":[{\"@type\":\"ListItem\",\"position\":1,\"name\":\"Home\",\"item\":\"https:\/\/dornsife.usc.edu\/cmbs\/\"},{\"@type\":\"ListItem\",\"position\":2,\"name\":\"Facultad\"}]},{\"@type\":\"WebSite\",\"@id\":\"https:\/\/dornsife.usc.edu\/cmbs\/#website\",\"url\":\"https:\/\/dornsife.usc.edu\/cmbs\/\",\"name\":\"Center for Music, Brain and Society\",\"description\":\"USC Dornsife Center for Music, Brain and Society\",\"potentialAction\":[{\"@type\":\"SearchAction\",\"target\":{\"@type\":\"EntryPoint\",\"urlTemplate\":\"https:\/\/dornsife.usc.edu\/cmbs\/?s={search_term_string}\"},\"query-input\":{\"@type\":\"PropertyValueSpecification\",\"valueRequired\":true,\"valueName\":\"search_term_string\"}}],\"inLanguage\":\"en-US\"}]}<\/script>\n<!-- \/ Yoast SEO plugin. -->","yoast_head_json":{"title":"Facultad - Center for Music, Brain and Society","robots":{"index":"index","follow":"follow","max-snippet":"max-snippet:-1","max-image-preview":"max-image-preview:large","max-video-preview":"max-video-preview:-1"},"canonical":"https:\/\/dornsife.usc.edu\/cmbs\/shrikanth-narayanan-es\/","og_locale":"en_US","og_type":"article","og_title":"Facultad - Center for Music, Brain and Society","og_url":"https:\/\/dornsife.usc.edu\/cmbs\/shrikanth-narayanan-es\/","og_site_name":"Center for Music, Brain and Society","article_modified_time":"2023-12-07T23:51:27+00:00","og_image":[{"width":4962,"height":3408,"url":"https:\/\/dornsife.usc.edu\/cmbs\/wp-content\/uploads\/sites\/398\/2023\/11\/HERO-BANNER-.png","type":"image\/png"}],"twitter_card":"summary_large_image","schema":{"@context":"https:\/\/schema.org","@graph":[{"@type":"WebPage","@id":"https:\/\/dornsife.usc.edu\/cmbs\/shrikanth-narayanan-es\/","url":"https:\/\/dornsife.usc.edu\/cmbs\/shrikanth-narayanan-es\/","name":"Facultad - Center for Music, Brain and Society","isPartOf":{"@id":"https:\/\/dornsife.usc.edu\/cmbs\/#website"},"primaryImageOfPage":{"@id":"https:\/\/dornsife.usc.edu\/cmbs\/shrikanth-narayanan-es\/#primaryimage"},"image":{"@id":"https:\/\/dornsife.usc.edu\/cmbs\/shrikanth-narayanan-es\/#primaryimage"},"thumbnailUrl":"https:\/\/dornsife.usc.edu\/cmbs\/wp-content\/uploads\/sites\/398\/2023\/11\/HERO-BANNER-.png","datePublished":"2023-12-01T00:47:03+00:00","dateModified":"2023-12-07T23:51:27+00:00","breadcrumb":{"@id":"https:\/\/dornsife.usc.edu\/cmbs\/shrikanth-narayanan-es\/#breadcrumb"},"inLanguage":"en-US","potentialAction":[{"@type":"ReadAction","target":["https:\/\/dornsife.usc.edu\/cmbs\/shrikanth-narayanan-es\/"]}]},{"@type":"ImageObject","inLanguage":"en-US","@id":"https:\/\/dornsife.usc.edu\/cmbs\/shrikanth-narayanan-es\/#primaryimage","url":"https:\/\/dornsife.usc.edu\/cmbs\/wp-content\/uploads\/sites\/398\/2023\/11\/HERO-BANNER-.png","contentUrl":"https:\/\/dornsife.usc.edu\/cmbs\/wp-content\/uploads\/sites\/398\/2023\/11\/HERO-BANNER-.png","width":4962,"height":3408},{"@type":"BreadcrumbList","@id":"https:\/\/dornsife.usc.edu\/cmbs\/shrikanth-narayanan-es\/#breadcrumb","itemListElement":[{"@type":"ListItem","position":1,"name":"Home","item":"https:\/\/dornsife.usc.edu\/cmbs\/"},{"@type":"ListItem","position":2,"name":"Facultad"}]},{"@type":"WebSite","@id":"https:\/\/dornsife.usc.edu\/cmbs\/#website","url":"https:\/\/dornsife.usc.edu\/cmbs\/","name":"Center for Music, Brain and Society","description":"USC Dornsife Center for Music, Brain and Society","potentialAction":[{"@type":"SearchAction","target":{"@type":"EntryPoint","urlTemplate":"https:\/\/dornsife.usc.edu\/cmbs\/?s={search_term_string}"},"query-input":{"@type":"PropertyValueSpecification","valueRequired":true,"valueName":"search_term_string"}}],"inLanguage":"en-US"}]}},"_links":{"self":[{"href":"https:\/\/dornsife.usc.edu\/cmbs\/wp-json\/wp\/v2\/pages\/1878","targetHints":{"allow":["GET"]}}],"collection":[{"href":"https:\/\/dornsife.usc.edu\/cmbs\/wp-json\/wp\/v2\/pages"}],"about":[{"href":"https:\/\/dornsife.usc.edu\/cmbs\/wp-json\/wp\/v2\/types\/page"}],"author":[{"embeddable":true,"href":"https:\/\/dornsife.usc.edu\/cmbs\/wp-json\/wp\/v2\/users\/180"}],"replies":[{"embeddable":true,"href":"https:\/\/dornsife.usc.edu\/cmbs\/wp-json\/wp\/v2\/comments?post=1878"}],"version-history":[{"count":8,"href":"https:\/\/dornsife.usc.edu\/cmbs\/wp-json\/wp\/v2\/pages\/1878\/revisions"}],"predecessor-version":[{"id":2376,"href":"https:\/\/dornsife.usc.edu\/cmbs\/wp-json\/wp\/v2\/pages\/1878\/revisions\/2376"}],"wp:featuredmedia":[{"embeddable":true,"href":"https:\/\/dornsife.usc.edu\/cmbs\/wp-json\/wp\/v2\/media\/1053"}],"wp:attachment":[{"href":"https:\/\/dornsife.usc.edu\/cmbs\/wp-json\/wp\/v2\/media?parent=1878"}],"curies":[{"name":"wp","href":"https:\/\/api.w.org\/{rel}","templated":true}]}}