{"id":1866,"date":"2023-11-30T15:29:35","date_gmt":"2023-11-30T23:29:35","guid":{"rendered":"https:\/\/dornsife.usc.edu\/cmbs\/?page_id=1866"},"modified":"2023-12-07T15:45:17","modified_gmt":"2023-12-07T23:45:17","slug":"bruna-martins-klein-es","status":"publish","type":"page","link":"https:\/\/dornsife.usc.edu\/cmbs\/bruna-martins-klein-es\/","title":{"rendered":"Facultad"},"content":{"rendered":"\n\n\n\n  \n    \n\n\n\n\n\n\n<div\n  class=\"cc--component-container cc--rich-text \"\n\n  \n  \n  \n  \n  \n  \n  >\n  <div class=\"c--component c--rich-text\"\n    \n      >\n\n    \n      \n<div class=\"f--field f--wysiwyg\">\n\n    \n  <h5 style=\"text-align: right;\"><a class=\"cta-link\" href=\"https:\/\/dornsife.usc.edu\/cmbs\/bruna-martins-klein\/\"><em>English<\/em><\/a><\/h5>\n\n\n\n<\/div>\n\n\n  <\/div><\/div>\n\n\n\n  \n    \n\n\n\n\n\n\n<div\n  class=\"cc--component-container cc--featured-block \"\n\n  \n  \n  \n  \n  \n  \n  >\n  <div class=\"c--component c--featured-block\"\n    \n      >\n\n    \n  <div class=\"text-image-container\">\n    <div class=\"text-container\">\n\n      \n                  \n<div class=\"f--field f--section-title\">\n\n    \n  <h2>\n          Bruna Martins-Klein, Ph.D.\n      <\/h2>\n\n\n<\/div>\n      \n                  \n<div class=\"f--field f--description\">\n\n    \n  <p><span data-sheets-value=\"{&quot;1&quot;:2,&quot;2&quot;:&quot;Assistant Professor of Clinical Psychology&quot;}\" data-sheets-userformat=\"{&quot;2&quot;:769,&quot;3&quot;:{&quot;1&quot;:0},&quot;11&quot;:4,&quot;12&quot;:0}\"><strong>Profesora Asistente de Psicolog\u00eda Cl\u00ednica<\/strong><br \/>\n<em>USC Dornsife<\/em><br \/>\n<\/span>Correo electr\u00f3nico: <span data-sheets-value=\"{&quot;1&quot;:2,&quot;2&quot;:&quot;brunamar@usc.edu&quot;}\" data-sheets-userformat=\"{&quot;2&quot;:15107,&quot;3&quot;:{&quot;1&quot;:0},&quot;4&quot;:{&quot;1&quot;:2,&quot;2&quot;:16777215},&quot;11&quot;:4,&quot;12&quot;:0,&quot;14&quot;:{&quot;1&quot;:2,&quot;2&quot;:0},&quot;15&quot;:&quot;Calibri, sans-serif&quot;,&quot;16&quot;:11}\" data-sheets-hyperlink=\"mailto:brunamar@usc.edu\"><a class=\"in-cell-link\" href=\"mailto:brunamar@usc.edu\" target=\"_blank\" rel=\"noopener\">brunamar@usc.edu<\/a><\/span><\/p>\n<p><span data-sheets-root=\"1\" data-sheets-value=\"{&quot;1&quot;:2,&quot;2&quot;:&quot;La Dra. Martins-Klein es profesora asistente de Psicolog\u00eda en la Universidad del Sur de California y psic\u00f3loga cl\u00ednico autorizado. La Dra. Martins-Klein complet\u00f3 su doctorado en Psicolog\u00eda Cl\u00ednica en la Universidad del Sur de California y su pasant\u00eda cl\u00ednica y beca en Geropsicolog\u00eda en el VA Sistema de Aalud de Boston. Es la directora del Laboratorio de Vitalidad Neural de la Universidad del Sur de California, que busca comprender c\u00f3mo procesos como la narraci\u00f3n de historias, la reminiscencia colaborativa y la autoexpresi\u00f3n a trav\u00e9s de las artes promueven la regulaci\u00f3n efectiva de las emociones y el bienestar a lo largo de la vida. La Dra. Martins-Klein integra m\u00e9todos fisiol\u00f3gicos de vanguardia, como fMRI, EEG, seguimiento ocular, VFC, evaluaci\u00f3n ecol\u00f3gica moment\u00e1nea y autoinforme para aclarar las din\u00e1micas cognitivo-emocionales que respaldan la resiliencia a nivel individual e interpersonal. La Dra. Martins-Klein tambi\u00e9n supervisa a estudiantes de terapia con nivel de doctorado que brindan psicoterapia a adultos mayores de la comunidad con trastornos del estado de \u00e1nimo, traumas, angustia del cuidador, duelo complejo y problemas de salud conductual, como insomnio y agotamiento por diabetes. Ella cofacilita un grupo continuo de habilidades para cuidadores de personas con demencia de Terapia de Aceptaci\u00f3n y Compromiso (ACT) y Terapia Cognitivo Conductual (TCC) con sus estudiantes a trav\u00e9s de Alzheimer's Los Angeles.&quot;}\" data-sheets-userformat=\"{&quot;2&quot;:771,&quot;3&quot;:{&quot;1&quot;:0},&quot;4&quot;:{&quot;1&quot;:2,&quot;2&quot;:13624051},&quot;11&quot;:4,&quot;12&quot;:0}\">La Dra. Martins-Klein es profesora asistente de Psicolog\u00eda en la Universidad del Sur de California y psic\u00f3loga cl\u00ednico autorizado. La Dra. Martins-Klein complet\u00f3 su doctorado en Psicolog\u00eda Cl\u00ednica en la Universidad del Sur de California y su pasant\u00eda cl\u00ednica y beca en Geropsicolog\u00eda en el VA Sistema de Aalud de Boston. Es la directora del Laboratorio de Vitalidad Neural de la Universidad del Sur de California, que busca comprender c\u00f3mo procesos como la narraci\u00f3n de historias, la reminiscencia colaborativa y la autoexpresi\u00f3n a trav\u00e9s de las artes promueven la regulaci\u00f3n efectiva de las emociones y el bienestar a lo largo de la vida. La Dra. Martins-Klein integra m\u00e9todos fisiol\u00f3gicos de vanguardia, como fMRI, EEG, seguimiento ocular, VFC, evaluaci\u00f3n ecol\u00f3gica moment\u00e1nea y autoinforme para aclarar las din\u00e1micas cognitivo-emocionales que respaldan la resiliencia a nivel individual e interpersonal. La Dra. Martins-Klein tambi\u00e9n supervisa a estudiantes de terapia con nivel de doctorado que brindan psicoterapia a adultos mayores de la comunidad con trastornos del estado de \u00e1nimo, traumas, angustia del cuidador, duelo complejo y problemas de salud conductual, como insomnio y agotamiento por diabetes. Ella cofacilita un grupo continuo de habilidades para cuidadores de personas con demencia de Terapia de Aceptaci\u00f3n y Compromiso (ACT) y Terapia Cognitivo Conductual (TCC) con sus estudiantes a trav\u00e9s de Alzheimer&#8217;s Los Angeles.<\/span><\/p>\n\n\n\n<\/div>\n      \n                  \n<div class=\"f--field f--link\">\n\n    \n    \n  \n<a \n  class=\"link\"\n  href= https:\/\/www.nrvlab.com\/personnel\n    aria-label=\"Read more about Aprende m\u00e1s\"  \n>\n    Aprende m\u00e1s \n  <svg version=\"1.1\" xmlns=\"http:\/\/www.w3.org\/2000\/svg\" xmlns:xlink=\"http:\/\/www.w3.org\/1999\/xlink\" x=\"0px\" y=\"0px\" viewBox=\"0 0 35 35\" enable-background=\"new 0 0 35 35\" width=\"25\" height=\"25\" xml:space=\"preserve\"><polygon fill-rule=\"evenodd\" clip-rule=\"evenodd\" fill=\"#000\" points=\"19.3,27.5 29.3,17.5,19.3,7.5 16.3,10.4 21.4,15.4 6.7,15.4 6.7,19.6 21.4,19.6 16.3,24.6 \"\/><\/svg>\n<\/a>\n\n\n<\/div>\n\n          <\/div>\n\n          <div class=\"image-container\">\n            \n<div class=\"f--field f--image\">\n\n    \n    \n    \n    \n    \n    \n              \n      <img\n                            data-src=\"https:\/\/dornsife.usc.edu\/cmbs\/wp-content\/uploads\/sites\/398\/2023\/11\/Bruna.jpg\"\n                    data-sizes=\"(min-width:1024px) 50vw, (min-width:768px) 100vw, 100vw\"          class=\"lazyload\"\n        \n                  role=\"none\"\n        \n        \n                                      \/>\n\n    \n    \n  \n  \n\n<\/div>\n      <\/div>\n    \n  <\/div>\n\n\n  <\/div><\/div>\n\n\n\n  \n  \n    \n\n\n\n\n\n\n<div\n  class=\"cc--component-container cc--cta-cards-collection \"\n\n  \n  \n  \n  \n  \n  \n  >\n  <div class=\"c--component c--cta-cards-collection\"\n    \n      >\n\n    \n      <div class=\"header-container\">\n                  \n<div class=\"f--field f--section-title\">\n\n    \n  <h2>\n          Instituciones y laboratorios afiliados\n      <\/h2>\n\n\n<\/div>\n      \n      \n      \n    <\/div>\n  \n      <div class=\"cards-container\">\n      \n        <div class=\"card\">\n\n                            <a href=\"http:\/\/www.nrvlab.com\/\" >\n            \n                                    <h3>El Laboratorio de Vitalidad Neuronal<\/h3>\n                \n                \n                            <\/a>\n                    <\/div>\n          <\/div>\n  \n\n  <\/div><\/div>\n","protected":false},"excerpt":{"rendered":"","protected":false},"author":180,"featured_media":1053,"parent":0,"menu_order":0,"comment_status":"closed","ping_status":"closed","template":"","meta":{"_acf_changed":false,"footnotes":""},"class_list":["post-1866","page","type-page","status-publish","has-post-thumbnail","hentry"],"acf":[],"yoast_head":"<!-- This site is optimized with the Yoast SEO plugin v27.1.1 - https:\/\/yoast.com\/product\/yoast-seo-wordpress\/ -->\n<title>Facultad - Center for Music, Brain and Society<\/title>\n<meta name=\"robots\" content=\"index, follow, max-snippet:-1, max-image-preview:large, max-video-preview:-1\" \/>\n<link rel=\"canonical\" href=\"https:\/\/dornsife.usc.edu\/cmbs\/bruna-martins-klein-es\/\" \/>\n<meta property=\"og:locale\" content=\"en_US\" \/>\n<meta property=\"og:type\" content=\"article\" \/>\n<meta property=\"og:title\" content=\"Facultad - Center for Music, Brain and Society\" \/>\n<meta property=\"og:url\" content=\"https:\/\/dornsife.usc.edu\/cmbs\/bruna-martins-klein-es\/\" \/>\n<meta property=\"og:site_name\" content=\"Center for Music, Brain and Society\" \/>\n<meta property=\"article:modified_time\" content=\"2023-12-07T23:45:17+00:00\" \/>\n<meta property=\"og:image\" content=\"https:\/\/dornsife.usc.edu\/cmbs\/wp-content\/uploads\/sites\/398\/2023\/11\/HERO-BANNER-.png\" \/>\n\t<meta property=\"og:image:width\" content=\"4962\" \/>\n\t<meta property=\"og:image:height\" content=\"3408\" \/>\n\t<meta property=\"og:image:type\" content=\"image\/png\" \/>\n<meta name=\"twitter:card\" content=\"summary_large_image\" \/>\n<script type=\"application\/ld+json\" class=\"yoast-schema-graph\">{\"@context\":\"https:\/\/schema.org\",\"@graph\":[{\"@type\":\"WebPage\",\"@id\":\"https:\/\/dornsife.usc.edu\/cmbs\/bruna-martins-klein-es\/\",\"url\":\"https:\/\/dornsife.usc.edu\/cmbs\/bruna-martins-klein-es\/\",\"name\":\"Facultad - Center for Music, Brain and Society\",\"isPartOf\":{\"@id\":\"https:\/\/dornsife.usc.edu\/cmbs\/#website\"},\"primaryImageOfPage\":{\"@id\":\"https:\/\/dornsife.usc.edu\/cmbs\/bruna-martins-klein-es\/#primaryimage\"},\"image\":{\"@id\":\"https:\/\/dornsife.usc.edu\/cmbs\/bruna-martins-klein-es\/#primaryimage\"},\"thumbnailUrl\":\"https:\/\/dornsife.usc.edu\/cmbs\/wp-content\/uploads\/sites\/398\/2023\/11\/HERO-BANNER-.png\",\"datePublished\":\"2023-11-30T23:29:35+00:00\",\"dateModified\":\"2023-12-07T23:45:17+00:00\",\"breadcrumb\":{\"@id\":\"https:\/\/dornsife.usc.edu\/cmbs\/bruna-martins-klein-es\/#breadcrumb\"},\"inLanguage\":\"en-US\",\"potentialAction\":[{\"@type\":\"ReadAction\",\"target\":[\"https:\/\/dornsife.usc.edu\/cmbs\/bruna-martins-klein-es\/\"]}]},{\"@type\":\"ImageObject\",\"inLanguage\":\"en-US\",\"@id\":\"https:\/\/dornsife.usc.edu\/cmbs\/bruna-martins-klein-es\/#primaryimage\",\"url\":\"https:\/\/dornsife.usc.edu\/cmbs\/wp-content\/uploads\/sites\/398\/2023\/11\/HERO-BANNER-.png\",\"contentUrl\":\"https:\/\/dornsife.usc.edu\/cmbs\/wp-content\/uploads\/sites\/398\/2023\/11\/HERO-BANNER-.png\",\"width\":4962,\"height\":3408},{\"@type\":\"BreadcrumbList\",\"@id\":\"https:\/\/dornsife.usc.edu\/cmbs\/bruna-martins-klein-es\/#breadcrumb\",\"itemListElement\":[{\"@type\":\"ListItem\",\"position\":1,\"name\":\"Home\",\"item\":\"https:\/\/dornsife.usc.edu\/cmbs\/\"},{\"@type\":\"ListItem\",\"position\":2,\"name\":\"Facultad\"}]},{\"@type\":\"WebSite\",\"@id\":\"https:\/\/dornsife.usc.edu\/cmbs\/#website\",\"url\":\"https:\/\/dornsife.usc.edu\/cmbs\/\",\"name\":\"Center for Music, Brain and Society\",\"description\":\"USC Dornsife Center for Music, Brain and Society\",\"potentialAction\":[{\"@type\":\"SearchAction\",\"target\":{\"@type\":\"EntryPoint\",\"urlTemplate\":\"https:\/\/dornsife.usc.edu\/cmbs\/?s={search_term_string}\"},\"query-input\":{\"@type\":\"PropertyValueSpecification\",\"valueRequired\":true,\"valueName\":\"search_term_string\"}}],\"inLanguage\":\"en-US\"}]}<\/script>\n<!-- \/ Yoast SEO plugin. -->","yoast_head_json":{"title":"Facultad - Center for Music, Brain and Society","robots":{"index":"index","follow":"follow","max-snippet":"max-snippet:-1","max-image-preview":"max-image-preview:large","max-video-preview":"max-video-preview:-1"},"canonical":"https:\/\/dornsife.usc.edu\/cmbs\/bruna-martins-klein-es\/","og_locale":"en_US","og_type":"article","og_title":"Facultad - Center for Music, Brain and Society","og_url":"https:\/\/dornsife.usc.edu\/cmbs\/bruna-martins-klein-es\/","og_site_name":"Center for Music, Brain and Society","article_modified_time":"2023-12-07T23:45:17+00:00","og_image":[{"width":4962,"height":3408,"url":"https:\/\/dornsife.usc.edu\/cmbs\/wp-content\/uploads\/sites\/398\/2023\/11\/HERO-BANNER-.png","type":"image\/png"}],"twitter_card":"summary_large_image","schema":{"@context":"https:\/\/schema.org","@graph":[{"@type":"WebPage","@id":"https:\/\/dornsife.usc.edu\/cmbs\/bruna-martins-klein-es\/","url":"https:\/\/dornsife.usc.edu\/cmbs\/bruna-martins-klein-es\/","name":"Facultad - Center for Music, Brain and Society","isPartOf":{"@id":"https:\/\/dornsife.usc.edu\/cmbs\/#website"},"primaryImageOfPage":{"@id":"https:\/\/dornsife.usc.edu\/cmbs\/bruna-martins-klein-es\/#primaryimage"},"image":{"@id":"https:\/\/dornsife.usc.edu\/cmbs\/bruna-martins-klein-es\/#primaryimage"},"thumbnailUrl":"https:\/\/dornsife.usc.edu\/cmbs\/wp-content\/uploads\/sites\/398\/2023\/11\/HERO-BANNER-.png","datePublished":"2023-11-30T23:29:35+00:00","dateModified":"2023-12-07T23:45:17+00:00","breadcrumb":{"@id":"https:\/\/dornsife.usc.edu\/cmbs\/bruna-martins-klein-es\/#breadcrumb"},"inLanguage":"en-US","potentialAction":[{"@type":"ReadAction","target":["https:\/\/dornsife.usc.edu\/cmbs\/bruna-martins-klein-es\/"]}]},{"@type":"ImageObject","inLanguage":"en-US","@id":"https:\/\/dornsife.usc.edu\/cmbs\/bruna-martins-klein-es\/#primaryimage","url":"https:\/\/dornsife.usc.edu\/cmbs\/wp-content\/uploads\/sites\/398\/2023\/11\/HERO-BANNER-.png","contentUrl":"https:\/\/dornsife.usc.edu\/cmbs\/wp-content\/uploads\/sites\/398\/2023\/11\/HERO-BANNER-.png","width":4962,"height":3408},{"@type":"BreadcrumbList","@id":"https:\/\/dornsife.usc.edu\/cmbs\/bruna-martins-klein-es\/#breadcrumb","itemListElement":[{"@type":"ListItem","position":1,"name":"Home","item":"https:\/\/dornsife.usc.edu\/cmbs\/"},{"@type":"ListItem","position":2,"name":"Facultad"}]},{"@type":"WebSite","@id":"https:\/\/dornsife.usc.edu\/cmbs\/#website","url":"https:\/\/dornsife.usc.edu\/cmbs\/","name":"Center for Music, Brain and Society","description":"USC Dornsife Center for Music, Brain and Society","potentialAction":[{"@type":"SearchAction","target":{"@type":"EntryPoint","urlTemplate":"https:\/\/dornsife.usc.edu\/cmbs\/?s={search_term_string}"},"query-input":{"@type":"PropertyValueSpecification","valueRequired":true,"valueName":"search_term_string"}}],"inLanguage":"en-US"}]}},"_links":{"self":[{"href":"https:\/\/dornsife.usc.edu\/cmbs\/wp-json\/wp\/v2\/pages\/1866","targetHints":{"allow":["GET"]}}],"collection":[{"href":"https:\/\/dornsife.usc.edu\/cmbs\/wp-json\/wp\/v2\/pages"}],"about":[{"href":"https:\/\/dornsife.usc.edu\/cmbs\/wp-json\/wp\/v2\/types\/page"}],"author":[{"embeddable":true,"href":"https:\/\/dornsife.usc.edu\/cmbs\/wp-json\/wp\/v2\/users\/180"}],"replies":[{"embeddable":true,"href":"https:\/\/dornsife.usc.edu\/cmbs\/wp-json\/wp\/v2\/comments?post=1866"}],"version-history":[{"count":10,"href":"https:\/\/dornsife.usc.edu\/cmbs\/wp-json\/wp\/v2\/pages\/1866\/revisions"}],"predecessor-version":[{"id":2370,"href":"https:\/\/dornsife.usc.edu\/cmbs\/wp-json\/wp\/v2\/pages\/1866\/revisions\/2370"}],"wp:featuredmedia":[{"embeddable":true,"href":"https:\/\/dornsife.usc.edu\/cmbs\/wp-json\/wp\/v2\/media\/1053"}],"wp:attachment":[{"href":"https:\/\/dornsife.usc.edu\/cmbs\/wp-json\/wp\/v2\/media?parent=1866"}],"curies":[{"name":"wp","href":"https:\/\/api.w.org\/{rel}","templated":true}]}}