{"id":1686,"date":"2023-11-30T11:57:07","date_gmt":"2023-11-30T19:57:07","guid":{"rendered":"https:\/\/dornsife.usc.edu\/cmbs\/?page_id=1686"},"modified":"2023-12-06T16:27:21","modified_gmt":"2023-12-07T00:27:21","slug":"rael-cahn-es","status":"publish","type":"page","link":"https:\/\/dornsife.usc.edu\/cmbs\/rael-cahn-es\/","title":{"rendered":"Facultad"},"content":{"rendered":"\n\n\n\n  \n    \n\n\n\n\n\n\n<div\n  class=\"cc--component-container cc--rich-text \"\n\n  \n  \n  \n  \n  \n  \n  >\n  <div class=\"c--component c--rich-text\"\n    \n      >\n\n    \n      \n<div class=\"f--field f--wysiwyg\">\n\n    \n  <h5 style=\"text-align: right;\"><a class=\"cta-link\" href=\"https:\/\/dornsife.usc.edu\/cmbs\/rael-cahn\/\"><em>English<\/em><\/a><\/h5>\n\n\n\n<\/div>\n\n\n  <\/div><\/div>\n\n\n\n  \n    \n\n\n\n\n\n\n<div\n  class=\"cc--component-container cc--featured-block \"\n\n  \n  \n  \n  \n  \n  \n  >\n  <div class=\"c--component c--featured-block\"\n    \n      >\n\n    \n  <div class=\"text-image-container\">\n    <div class=\"text-container\">\n\n      \n                  \n<div class=\"f--field f--section-title\">\n\n    \n  <h2>\n          Rael Cahn, MD, Ph.D.\n      <\/h2>\n\n\n<\/div>\n      \n                  \n<div class=\"f--field f--description\">\n\n    \n  <p><span data-sheets-value=\"{&quot;1&quot;:2,&quot;2&quot;:&quot;Clinical Associate Professor of Psychiatry &amp; the Behavioral Sciences (Clinician Educator), &quot;}\" data-sheets-userformat=\"{&quot;2&quot;:769,&quot;3&quot;:{&quot;1&quot;:0},&quot;11&quot;:4,&quot;12&quot;:0}\"><strong>Profesor Cl\u00ednico Asociado de Psiquiatr\u00eda y Ciencias del Comportamiento (Educador Cl\u00ednico)<br \/>\n<\/strong><em>Escuela de Medicina Keck<\/em><br \/>\n<\/span><span data-sheets-value=\"{&quot;1&quot;:2,&quot;2&quot;:&quot;Clinical Associate Professor of Psychiatry &amp; the Behavioral Sciences (Clinician Educator), &quot;}\" data-sheets-userformat=\"{&quot;2&quot;:769,&quot;3&quot;:{&quot;1&quot;:0},&quot;11&quot;:4,&quot;12&quot;:0}\">Correo electr\u00f3nico:\u00a0<a href=\"mailto:rael.cahn@usc.edu\">rael.cahn@usc.edu<\/a><\/span><\/p>\n<p>Rael Cahn, MD, PhD, es profesor cl\u00ednico asociado de psiquiatr\u00eda en el Departamento de Psiquiatr\u00eda de USC y dirige el Centro de Ciencias de la Atenci\u00f3n Plena de la USC, as\u00ed como su laboratorio en el Instituto del Cerebro y Creatividad de USC. En t\u00e9rminos generales, su investigaci\u00f3n se centra en la eficacia, as\u00ed como en los correlatos cerebrales y corporales de la meditaci\u00f3n, la atenci\u00f3n plena y las terapias asistidas por psicod\u00e9licos para el desarrollo personal, la depresi\u00f3n, la ansiedad, el trastorno de estr\u00e9s postraum\u00e1tico y los trastornos por uso de sustancias. Un aspecto de este tipo de intervenciones es la posibilidad de incorporar m\u00fasica curativa poderosa, especialmente para la aplicaci\u00f3n de terapia asistida con psicod\u00e9licos. Un enfoque espec\u00edfico de su investigaci\u00f3n actual sobre la meditaci\u00f3n se refiere a los correlatos neuronales y cl\u00ednicos con la transformaci\u00f3n de la autoexperiencia. El Dr. Cahn tambi\u00e9n est\u00e1 estudiando las bases epigen\u00e9ticas de la terapia asistida por MDMA para el trastorno de estr\u00e9s postraum\u00e1tico, las firmas psicofisiol\u00f3gicas de la depresi\u00f3n y las tendencias suicidas, y un nuevo estudio que eval\u00faa la eficacia cl\u00ednica de un novedoso programa de entrenamiento de meditaci\u00f3n asistido por psilocibina. Tiene un inter\u00e9s a largo plazo en la medicina mente-cuerpo y la psiquiatr\u00eda integrativa, centr\u00e1ndose en el desarrollo e investigaci\u00f3n de programas de entrenamiento de meditaci\u00f3n y asistidos por psicod\u00e9licos para el desarrollo personal y los trastornos psiqui\u00e1tricos, incluidos la depresi\u00f3n, el trastorno de estr\u00e9s postraum\u00e1tico, la ansiedad y los trastornos por uso de sustancias.<\/p>\n\n\n\n<\/div>\n      \n                  \n<div class=\"f--field f--link\">\n\n    \n    \n  \n<a \n  class=\"link\"\n  href= https:\/\/keck.usc.edu\/faculty-search\/rael-cahn\/\n    aria-label=\"Read more about Aprende m\u00e1s\"  \n>\n    Aprende m\u00e1s \n  <svg version=\"1.1\" xmlns=\"http:\/\/www.w3.org\/2000\/svg\" xmlns:xlink=\"http:\/\/www.w3.org\/1999\/xlink\" x=\"0px\" y=\"0px\" viewBox=\"0 0 35 35\" enable-background=\"new 0 0 35 35\" width=\"25\" height=\"25\" xml:space=\"preserve\"><polygon fill-rule=\"evenodd\" clip-rule=\"evenodd\" fill=\"#000\" points=\"19.3,27.5 29.3,17.5,19.3,7.5 16.3,10.4 21.4,15.4 6.7,15.4 6.7,19.6 21.4,19.6 16.3,24.6 \"\/><\/svg>\n<\/a>\n\n\n<\/div>\n\n          <\/div>\n\n          <div class=\"image-container\">\n            \n<div class=\"f--field f--image\">\n\n    \n    \n    \n    \n    \n    \n              \n      <img\n                            data-src=\"https:\/\/dornsife.usc.edu\/cmbs\/wp-content\/uploads\/sites\/398\/2023\/11\/Dr-Rael-Cahn.jpg\"\n                    data-sizes=\"(min-width:1024px) 50vw, (min-width:768px) 100vw, 100vw\"          class=\"lazyload\"\n        \n                  role=\"none\"\n        \n        \n                                      \/>\n\n    \n    \n  \n  \n\n<\/div>\n      <\/div>\n    \n  <\/div>\n\n\n  <\/div><\/div>\n\n\n\n    \n  \n    \n\n\n\n\n\n\n<div\n  class=\"cc--component-container cc--cta-cards-collection \"\n\n  \n  \n  \n  \n  \n  \n  >\n  <div class=\"c--component c--cta-cards-collection\"\n    \n      >\n\n    \n      <div class=\"header-container\">\n                  \n<div class=\"f--field f--section-title\">\n\n    \n  <h2>\n          Instituciones y laboratorios afiliados\n      <\/h2>\n\n\n<\/div>\n      \n      \n      \n    <\/div>\n  \n      <div class=\"cards-container\">\n      \n        <div class=\"card\">\n\n                            <a href=\"https:\/\/mindfulscience.usc.edu\/\" >\n            \n                                    <h3>Centro de Ciencias de la Atenci\u00f3n Plena de USC<\/h3>\n                \n                \n                            <\/a>\n                    <\/div>\n      \n        <div class=\"card\">\n\n                            <a href=\"http:\/\/modernspirit.org\/\" >\n            \n                                    <h3>Esp\u00edritu moderno<\/h3>\n                \n                \n                            <\/a>\n                    <\/div>\n          <\/div>\n  \n\n  <\/div><\/div>\n","protected":false},"excerpt":{"rendered":"","protected":false},"author":180,"featured_media":1053,"parent":0,"menu_order":0,"comment_status":"closed","ping_status":"closed","template":"","meta":{"_acf_changed":false,"footnotes":""},"class_list":["post-1686","page","type-page","status-publish","has-post-thumbnail","hentry"],"acf":[],"yoast_head":"<!-- This site is optimized with the Yoast SEO plugin v27.1.1 - https:\/\/yoast.com\/product\/yoast-seo-wordpress\/ -->\n<title>Facultad - Center for Music, Brain and Society<\/title>\n<meta name=\"robots\" content=\"index, follow, max-snippet:-1, max-image-preview:large, max-video-preview:-1\" \/>\n<link rel=\"canonical\" href=\"https:\/\/dornsife.usc.edu\/cmbs\/rael-cahn-es\/\" \/>\n<meta property=\"og:locale\" content=\"en_US\" \/>\n<meta property=\"og:type\" content=\"article\" \/>\n<meta property=\"og:title\" content=\"Facultad - Center for Music, Brain and Society\" \/>\n<meta property=\"og:url\" content=\"https:\/\/dornsife.usc.edu\/cmbs\/rael-cahn-es\/\" \/>\n<meta property=\"og:site_name\" content=\"Center for Music, Brain and Society\" \/>\n<meta property=\"article:modified_time\" content=\"2023-12-07T00:27:21+00:00\" \/>\n<meta property=\"og:image\" content=\"https:\/\/dornsife.usc.edu\/cmbs\/wp-content\/uploads\/sites\/398\/2023\/11\/HERO-BANNER-.png\" \/>\n\t<meta property=\"og:image:width\" content=\"4962\" \/>\n\t<meta property=\"og:image:height\" content=\"3408\" \/>\n\t<meta property=\"og:image:type\" content=\"image\/png\" \/>\n<meta name=\"twitter:card\" content=\"summary_large_image\" \/>\n<script type=\"application\/ld+json\" class=\"yoast-schema-graph\">{\"@context\":\"https:\/\/schema.org\",\"@graph\":[{\"@type\":\"WebPage\",\"@id\":\"https:\/\/dornsife.usc.edu\/cmbs\/rael-cahn-es\/\",\"url\":\"https:\/\/dornsife.usc.edu\/cmbs\/rael-cahn-es\/\",\"name\":\"Facultad - Center for Music, Brain and Society\",\"isPartOf\":{\"@id\":\"https:\/\/dornsife.usc.edu\/cmbs\/#website\"},\"primaryImageOfPage\":{\"@id\":\"https:\/\/dornsife.usc.edu\/cmbs\/rael-cahn-es\/#primaryimage\"},\"image\":{\"@id\":\"https:\/\/dornsife.usc.edu\/cmbs\/rael-cahn-es\/#primaryimage\"},\"thumbnailUrl\":\"https:\/\/dornsife.usc.edu\/cmbs\/wp-content\/uploads\/sites\/398\/2023\/11\/HERO-BANNER-.png\",\"datePublished\":\"2023-11-30T19:57:07+00:00\",\"dateModified\":\"2023-12-07T00:27:21+00:00\",\"breadcrumb\":{\"@id\":\"https:\/\/dornsife.usc.edu\/cmbs\/rael-cahn-es\/#breadcrumb\"},\"inLanguage\":\"en-US\",\"potentialAction\":[{\"@type\":\"ReadAction\",\"target\":[\"https:\/\/dornsife.usc.edu\/cmbs\/rael-cahn-es\/\"]}]},{\"@type\":\"ImageObject\",\"inLanguage\":\"en-US\",\"@id\":\"https:\/\/dornsife.usc.edu\/cmbs\/rael-cahn-es\/#primaryimage\",\"url\":\"https:\/\/dornsife.usc.edu\/cmbs\/wp-content\/uploads\/sites\/398\/2023\/11\/HERO-BANNER-.png\",\"contentUrl\":\"https:\/\/dornsife.usc.edu\/cmbs\/wp-content\/uploads\/sites\/398\/2023\/11\/HERO-BANNER-.png\",\"width\":4962,\"height\":3408},{\"@type\":\"BreadcrumbList\",\"@id\":\"https:\/\/dornsife.usc.edu\/cmbs\/rael-cahn-es\/#breadcrumb\",\"itemListElement\":[{\"@type\":\"ListItem\",\"position\":1,\"name\":\"Home\",\"item\":\"https:\/\/dornsife.usc.edu\/cmbs\/\"},{\"@type\":\"ListItem\",\"position\":2,\"name\":\"Facultad\"}]},{\"@type\":\"WebSite\",\"@id\":\"https:\/\/dornsife.usc.edu\/cmbs\/#website\",\"url\":\"https:\/\/dornsife.usc.edu\/cmbs\/\",\"name\":\"Center for Music, Brain and Society\",\"description\":\"USC Dornsife Center for Music, Brain and Society\",\"potentialAction\":[{\"@type\":\"SearchAction\",\"target\":{\"@type\":\"EntryPoint\",\"urlTemplate\":\"https:\/\/dornsife.usc.edu\/cmbs\/?s={search_term_string}\"},\"query-input\":{\"@type\":\"PropertyValueSpecification\",\"valueRequired\":true,\"valueName\":\"search_term_string\"}}],\"inLanguage\":\"en-US\"}]}<\/script>\n<!-- \/ Yoast SEO plugin. -->","yoast_head_json":{"title":"Facultad - Center for Music, Brain and Society","robots":{"index":"index","follow":"follow","max-snippet":"max-snippet:-1","max-image-preview":"max-image-preview:large","max-video-preview":"max-video-preview:-1"},"canonical":"https:\/\/dornsife.usc.edu\/cmbs\/rael-cahn-es\/","og_locale":"en_US","og_type":"article","og_title":"Facultad - Center for Music, Brain and Society","og_url":"https:\/\/dornsife.usc.edu\/cmbs\/rael-cahn-es\/","og_site_name":"Center for Music, Brain and Society","article_modified_time":"2023-12-07T00:27:21+00:00","og_image":[{"width":4962,"height":3408,"url":"https:\/\/dornsife.usc.edu\/cmbs\/wp-content\/uploads\/sites\/398\/2023\/11\/HERO-BANNER-.png","type":"image\/png"}],"twitter_card":"summary_large_image","schema":{"@context":"https:\/\/schema.org","@graph":[{"@type":"WebPage","@id":"https:\/\/dornsife.usc.edu\/cmbs\/rael-cahn-es\/","url":"https:\/\/dornsife.usc.edu\/cmbs\/rael-cahn-es\/","name":"Facultad - Center for Music, Brain and Society","isPartOf":{"@id":"https:\/\/dornsife.usc.edu\/cmbs\/#website"},"primaryImageOfPage":{"@id":"https:\/\/dornsife.usc.edu\/cmbs\/rael-cahn-es\/#primaryimage"},"image":{"@id":"https:\/\/dornsife.usc.edu\/cmbs\/rael-cahn-es\/#primaryimage"},"thumbnailUrl":"https:\/\/dornsife.usc.edu\/cmbs\/wp-content\/uploads\/sites\/398\/2023\/11\/HERO-BANNER-.png","datePublished":"2023-11-30T19:57:07+00:00","dateModified":"2023-12-07T00:27:21+00:00","breadcrumb":{"@id":"https:\/\/dornsife.usc.edu\/cmbs\/rael-cahn-es\/#breadcrumb"},"inLanguage":"en-US","potentialAction":[{"@type":"ReadAction","target":["https:\/\/dornsife.usc.edu\/cmbs\/rael-cahn-es\/"]}]},{"@type":"ImageObject","inLanguage":"en-US","@id":"https:\/\/dornsife.usc.edu\/cmbs\/rael-cahn-es\/#primaryimage","url":"https:\/\/dornsife.usc.edu\/cmbs\/wp-content\/uploads\/sites\/398\/2023\/11\/HERO-BANNER-.png","contentUrl":"https:\/\/dornsife.usc.edu\/cmbs\/wp-content\/uploads\/sites\/398\/2023\/11\/HERO-BANNER-.png","width":4962,"height":3408},{"@type":"BreadcrumbList","@id":"https:\/\/dornsife.usc.edu\/cmbs\/rael-cahn-es\/#breadcrumb","itemListElement":[{"@type":"ListItem","position":1,"name":"Home","item":"https:\/\/dornsife.usc.edu\/cmbs\/"},{"@type":"ListItem","position":2,"name":"Facultad"}]},{"@type":"WebSite","@id":"https:\/\/dornsife.usc.edu\/cmbs\/#website","url":"https:\/\/dornsife.usc.edu\/cmbs\/","name":"Center for Music, Brain and Society","description":"USC Dornsife Center for Music, Brain and Society","potentialAction":[{"@type":"SearchAction","target":{"@type":"EntryPoint","urlTemplate":"https:\/\/dornsife.usc.edu\/cmbs\/?s={search_term_string}"},"query-input":{"@type":"PropertyValueSpecification","valueRequired":true,"valueName":"search_term_string"}}],"inLanguage":"en-US"}]}},"_links":{"self":[{"href":"https:\/\/dornsife.usc.edu\/cmbs\/wp-json\/wp\/v2\/pages\/1686","targetHints":{"allow":["GET"]}}],"collection":[{"href":"https:\/\/dornsife.usc.edu\/cmbs\/wp-json\/wp\/v2\/pages"}],"about":[{"href":"https:\/\/dornsife.usc.edu\/cmbs\/wp-json\/wp\/v2\/types\/page"}],"author":[{"embeddable":true,"href":"https:\/\/dornsife.usc.edu\/cmbs\/wp-json\/wp\/v2\/users\/180"}],"replies":[{"embeddable":true,"href":"https:\/\/dornsife.usc.edu\/cmbs\/wp-json\/wp\/v2\/comments?post=1686"}],"version-history":[{"count":12,"href":"https:\/\/dornsife.usc.edu\/cmbs\/wp-json\/wp\/v2\/pages\/1686\/revisions"}],"predecessor-version":[{"id":2312,"href":"https:\/\/dornsife.usc.edu\/cmbs\/wp-json\/wp\/v2\/pages\/1686\/revisions\/2312"}],"wp:featuredmedia":[{"embeddable":true,"href":"https:\/\/dornsife.usc.edu\/cmbs\/wp-json\/wp\/v2\/media\/1053"}],"wp:attachment":[{"href":"https:\/\/dornsife.usc.edu\/cmbs\/wp-json\/wp\/v2\/media?parent=1686"}],"curies":[{"name":"wp","href":"https:\/\/api.w.org\/{rel}","templated":true}]}}