{"id":1545,"date":"2023-11-29T23:40:56","date_gmt":"2023-11-30T07:40:56","guid":{"rendered":"https:\/\/dornsife.usc.edu\/cmbs\/?page_id=1545"},"modified":"2023-12-01T00:17:24","modified_gmt":"2023-12-01T08:17:24","slug":"alcance-comunitario","status":"publish","type":"page","link":"https:\/\/dornsife.usc.edu\/cmbs\/alcance-comunitario\/","title":{"rendered":"Alcance Comunitario"},"content":{"rendered":"\n\n\n\n  \n    \n\n\n\n\n\n\n<div\n  class=\"cc--component-container cc--rich-text \"\n\n  \n  \n  \n  \n  \n  \n  >\n  <div class=\"c--component c--rich-text\"\n    \n      >\n\n    \n      \n<div class=\"f--field f--wysiwyg\">\n\n    \n  <h5 style=\"text-align: right;\"><a class=\"cta-link\" href=\"https:\/\/dornsife.usc.edu\/cmbs\/community-outreach\/\"><em>English<\/em><\/a><\/h5>\n\n\n\n<\/div>\n\n\n  <\/div><\/div>\n\n\n\n  \n    \n\n\n\n\n\n\n<div\n  class=\"cc--component-container cc--featured-block \"\n\n  \n  \n  \n  \n  \n  \n  >\n  <div class=\"c--component c--featured-block\"\n    \n      >\n\n    \n  <div class=\"text-image-container\">\n    <div class=\"text-container\">\n\n                  \n<div class=\"f--field f--eyebrow\">\n\n    \n  <span>Compromiso Innovador<\/span>\n\n\n<\/div>\n      \n                  \n<div class=\"f--field f--section-title\">\n\n    \n  <h2>\n          Cerrando la brecha\n      <\/h2>\n\n\n<\/div>\n      \n                  \n<div class=\"f--field f--description\">\n\n    \n  <p>El Centro para la M\u00fasica, el Cerebro y la Sociedad est\u00e1 profundamente comprometido con la divulgaci\u00f3n y la participaci\u00f3n p\u00fablica, cerrando la brecha entre la investigaci\u00f3n de vanguardia y la comunidad en general. Nuestras iniciativas de divulgaci\u00f3n est\u00e1n dise\u00f1adas para compartir conocimientos y descubrimientos en la intersecci\u00f3n de la m\u00fasica y la neurociencia con una audiencia amplia y diversa. Organizamos eventos como conferencias p\u00fablicas, talleres interactivos y conciertos, invitando a los miembros de la comunidad a interactuar directamente con nuestra investigaci\u00f3n y nuestros investigadores. Estos eventos no s\u00f3lo difunden conocimientos sino que tambi\u00e9n fomentan un di\u00e1logo entre los cient\u00edficos y el p\u00fablico, fomentando una comprensi\u00f3n y una apreciaci\u00f3n m\u00e1s profundas del papel que desempe\u00f1a la m\u00fasica en nuestras vidas.<\/p>\n<p>Adem\u00e1s, los investigadores de CMBS colaboran con escuelas, centros de atenci\u00f3n m\u00e9dica y organizaciones comunitarias para aplicar sus programas de investigaci\u00f3n en entornos pr\u00e1cticos, contribuyendo a la educaci\u00f3n, la salud y el bienestar. Nuestro objetivo no es s\u00f3lo avanzar en el conocimiento cient\u00edfico de la m\u00fasica, sino tambi\u00e9n hacerla accesible y relevante para las personas a lo largo de su vida.<\/p>\n\n\n\n<\/div>\n      \n          <\/div>\n\n          <div class=\"image-container\">\n            \n<div class=\"f--field f--image\">\n\n    \n    \n    \n    \n    \n    \n              \n      <img\n                            data-src=\"https:\/\/dornsife.usc.edu\/cmbs\/wp-content\/uploads\/sites\/398\/2023\/12\/Yola_event_1-768x768.jpeg\"\n          data-srcset=\"https:\/\/dornsife.usc.edu\/cmbs\/wp-content\/uploads\/sites\/398\/2023\/12\/Yola_event_1-768x768.jpeg 768w\"          data-sizes=\"(min-width:1024px) 50vw, (min-width:768px) 100vw, 100vw\"          class=\"lazyload\"\n        \n                  role=\"none\"\n        \n        \n                                      \/>\n\n    \n    \n  \n  \n\n<\/div>\n      <\/div>\n    \n  <\/div>\n\n\n  <\/div><\/div>\n\n\n  \n    \n\n\n\n\n\n\n<div\n  class=\"cc--component-container cc--spacer \"\n\n  \n  \n  \n  \n  \n  \n  >\n  <div class=\"c--component c--spacer\"\n    \n      >\n\n    \n\n  <\/div><\/div>\n\n\n\n  \n    \n\n\n\n\n\n\n<div\n  class=\"cc--component-container cc--signup-form \"\n\n  \n  \n  \n  \n  \n  \n  >\n  <div class=\"c--component c--signup-form\"\n    \n      >\n\n    \n<div class=\"text-image-container\">\n  <div class=\"text-container\">\n\n              \n<div class=\"f--field f--section-title\">\n\n    \n  <h2>\n          Asociaciones futuras:\n      <\/h2>\n\n\n<\/div>\n    \n              \n<div class=\"f--field f--description\">\n\n    \n  <p>\u00bfEst\u00e1 interesado en asociarse con el Centro para la M\u00fasica, el Cerebro y la Sociedad? Comun\u00edquese con nosotros en <a href=\"mailto:cmbs@usc.edu\">cmbs@usc.edu<\/a>.<\/p>\n\n\n\n<\/div>\n    \n      <\/div>\n\n      <div class=\"image-container\">\n          \n<div class=\"f--field f--image\">\n\n    \n    \n    \n    \n    \n    \n              \n      <img\n                            data-src=\"https:\/\/dornsife.usc.edu\/cmbs\/wp-content\/uploads\/sites\/398\/2023\/11\/51532119443_cebabb46b5_k-900x600.jpg\"\n          data-srcset=\"https:\/\/dornsife.usc.edu\/cmbs\/wp-content\/uploads\/sites\/398\/2023\/11\/51532119443_cebabb46b5_k-1200x800.jpg 1200w,https:\/\/dornsife.usc.edu\/cmbs\/wp-content\/uploads\/sites\/398\/2023\/11\/51532119443_cebabb46b5_k-900x600.jpg 900w\"          data-sizes=\"(min-width:1024px) 50vw, (min-width:768px) 100vw, 100vw\"          class=\"lazyload\"\n        \n                  alt=\"A view from outside a brick building on USC's campus with a person walking by.\"\n        \n        \n                                      \/>\n\n    \n    \n  \n  \n\n<\/div>\n    <\/div>\n  \n<\/div>\n\n\n  <\/div><\/div>\n\n\n  \n    \n\n\n\n\n\n\n<div\n  class=\"cc--component-container cc--spacer \"\n\n  \n  \n  \n  \n  \n  \n  >\n  <div class=\"c--component c--spacer\"\n    \n      >\n\n    \n\n  <\/div><\/div>\n\n\n\n\n\n    \n  \n    \n\n\n\n\n\n\n<div\n  class=\"cc--component-container cc--image-gallery \"\n\n  \n  \n  \n  \n  \n  \n  >\n  <div class=\"c--component c--image-gallery\"\n    \n      >\n\n    \n  <div class=\"inner-wrapper\">\n\n      <div class=\"text-container\">\n                  \n<div class=\"f--field f--section-title\">\n\n    \n  <h2>\n          Galer\u00eda\n      <\/h2>\n\n\n<\/div>\n          <\/div>\n    \n      <div id=\"gallery-2014938168\" class=\"gallery-container\">\n\n      <div class=\"swiper images\">\n        <div class=\"swiper-wrapper\">\n                                    <div class=\"swiper-slide\">\n                                      \n<div class=\"f--field f--image\">\n\n    \n    \n    \n    \n    \n    \n              \n      <img\n                            data-src=\"https:\/\/dornsife.usc.edu\/cmbs\/wp-content\/uploads\/sites\/398\/2023\/12\/Yola_event_8-768x432.jpeg\"\n          data-srcset=\"https:\/\/dornsife.usc.edu\/cmbs\/wp-content\/uploads\/sites\/398\/2023\/12\/Yola_event_8-1280x720.jpeg 1280w,https:\/\/dornsife.usc.edu\/cmbs\/wp-content\/uploads\/sites\/398\/2023\/12\/Yola_event_8-768x432.jpeg 768w\"          data-sizes=\"(min-width:1200px) 75vw, (min-width:768px) 83vw, 100vw\"          class=\"lazyload\"\n        \n                  role=\"none\"\n        \n        \n                                      \/>\n\n    \n    \n  \n  \n\n<\/div>\n                              <\/div>\n                              <\/div>\n      <\/div>\n\n      <div class=\"swiper captions\">\n        <div class=\"controls-container\">\n          <button class=\"button-prev\" aria-label=\"Previous Image\">\n            <svg version=\"1.1\" xmlns=\"http:\/\/www.w3.org\/2000\/svg\" xmlns:xlink=\"http:\/\/www.w3.org\/1999\/xlink\"\n            x=\"0px\" y=\"0px\" viewBox=\"0 0 35 35\" enable-background=\"new 0 0 35 35\" xml:space=\"preserve\">\n            <polygon fill-rule=\"evenodd\" clip-rule=\"evenodd\" fill=\"#000\" points=\"15.7,27.5 5.7,17.5 \n            15.7,7.5 18.7,10.4 13.6,15.4 28.3,15.4 28.3,19.6 13.6,19.6 18.7,24.6 \"\/>\n            <\/svg>\n          <\/button>\n          <button class=\"button-next\" aria-label=\"Next Image\">\n            <svg version=\"1.1\" xmlns=\"http:\/\/www.w3.org\/2000\/svg\" xmlns:xlink=\"http:\/\/www.w3.org\/1999\/xlink\"\n\t x=\"0px\" y=\"0px\" viewBox=\"0 0 35 35\" enable-background=\"new 0 0 35 35\" xml:space=\"preserve\"><polygon fill-rule=\"evenodd\" clip-rule=\"evenodd\" fill=\"#000\" points=\"19.3,27.5 29.3,17.5 \n\t19.3,7.5 16.3,10.4 21.4,15.4 6.7,15.4 6.7,19.6 21.4,19.6 16.3,24.6 \"\/>\n<\/svg>\n          <\/button>\n        <\/div>\n\n        <div class=\"swiper-wrapper\">\n                                    <div class=\"swiper-slide\">\n                                  <div class=\"slide-caption\">\n                        \n<div class=\"f--field f--description\">\n\n    \n  <p>Miembros de CMBS con la Orquesta Juvenil de Los \u00c1ngeles (YOLA) despu\u00e9s de una visita y presentaci\u00f3n musical\u00a0 en la USC.<\/p>\n\n\n\n<\/div>\n                  <\/div>\n                              <\/div>\n                              <\/div>\n\n      <\/div>\n\n\n    <\/div>\n  \n  <\/div>\n\n\n  <\/div><\/div>\n\n\n  \n    \n\n\n\n\n\n\n<div\n  class=\"cc--component-container cc--spacer \"\n\n  \n  \n  \n  \n  \n  \n  >\n  <div class=\"c--component c--spacer\"\n    \n      >\n\n    \n\n  <\/div><\/div>\n\n\n\n    \n    \n\n  \n    \n\n\n\n\n\n\n<div\n  class=\"cc--component-container cc--two-column-ctas \"\n\n  \n  \n  \n  \n  \n  \n  >\n  <div class=\"c--component c--two-column-ctas\"\n    \n      >\n\n    \n      <div class=\"group\">\n\n                  \n<div class=\"f--field f--section-title\">\n\n    \n  <h2>\n          Sigue Explorando:\n      <\/h2>\n\n\n<\/div>\n      \n              <ul>\n                      <li>\n                  \n<div class=\"f--field f--link\">\n\n    \n    \n  \n<a \n  class=\"link\"\n  href= https:\/\/dornsife.usc.edu\/cmbs\/investigacion\/\n    aria-label=\"Read more about Investigaci\u00f3n\"  \n>\n    Investigaci\u00f3n \n  <svg version=\"1.1\" xmlns=\"http:\/\/www.w3.org\/2000\/svg\" xmlns:xlink=\"http:\/\/www.w3.org\/1999\/xlink\" x=\"0px\" y=\"0px\" viewBox=\"0 0 35 35\" enable-background=\"new 0 0 35 35\" width=\"25\" height=\"25\" xml:space=\"preserve\"><polygon fill-rule=\"evenodd\" clip-rule=\"evenodd\" fill=\"#000\" points=\"19.3,27.5 29.3,17.5,19.3,7.5 16.3,10.4 21.4,15.4 6.7,15.4 6.7,19.6 21.4,19.6 16.3,24.6 \"\/><\/svg>\n<\/a>\n\n\n<\/div>\n            <\/li>\n                      <li>\n                  \n<div class=\"f--field f--link\">\n\n    \n    \n  \n<a \n  class=\"link\"\n  href= https:\/\/dornsife.usc.edu\/cmbs\/educacion-y-entrenamiento\/\n    aria-label=\"Read more about Educaci\u00f3n y Entrenamiento\"  \n>\n    Educaci\u00f3n y Entrenamiento \n  <svg version=\"1.1\" xmlns=\"http:\/\/www.w3.org\/2000\/svg\" xmlns:xlink=\"http:\/\/www.w3.org\/1999\/xlink\" x=\"0px\" y=\"0px\" viewBox=\"0 0 35 35\" enable-background=\"new 0 0 35 35\" width=\"25\" height=\"25\" xml:space=\"preserve\"><polygon fill-rule=\"evenodd\" clip-rule=\"evenodd\" fill=\"#000\" points=\"19.3,27.5 29.3,17.5,19.3,7.5 16.3,10.4 21.4,15.4 6.7,15.4 6.7,19.6 21.4,19.6 16.3,24.6 \"\/><\/svg>\n<\/a>\n\n\n<\/div>\n            <\/li>\n                  <\/ul>\n      \n    <\/div>\n      <div class=\"group\">\n\n                  \n<div class=\"f--field f--section-title\">\n\n    \n  <h2>\n          Estar al D\u00eda:\n      <\/h2>\n\n\n<\/div>\n      \n              <ul>\n                      <li>\n                  \n<div class=\"f--field f--link\">\n\n    \n    \n  \n<a \n  class=\"link\"\n  href= https:\/\/dornsife.usc.edu\/cmbs\/eventos\/\n    aria-label=\"Read more about Eventos\"  \n>\n    Eventos \n  <svg version=\"1.1\" xmlns=\"http:\/\/www.w3.org\/2000\/svg\" xmlns:xlink=\"http:\/\/www.w3.org\/1999\/xlink\" x=\"0px\" y=\"0px\" viewBox=\"0 0 35 35\" enable-background=\"new 0 0 35 35\" width=\"25\" height=\"25\" xml:space=\"preserve\"><polygon fill-rule=\"evenodd\" clip-rule=\"evenodd\" fill=\"#000\" points=\"19.3,27.5 29.3,17.5,19.3,7.5 16.3,10.4 21.4,15.4 6.7,15.4 6.7,19.6 21.4,19.6 16.3,24.6 \"\/><\/svg>\n<\/a>\n\n\n<\/div>\n            <\/li>\n                      <li>\n                  \n<div class=\"f--field f--link\">\n\n    \n    \n  \n<a \n  class=\"link\"\n  href= https:\/\/dornsife.usc.edu\/cmbs\/noticias\/\n    aria-label=\"Read more about Noticias\"  \n>\n    Noticias \n  <svg version=\"1.1\" xmlns=\"http:\/\/www.w3.org\/2000\/svg\" xmlns:xlink=\"http:\/\/www.w3.org\/1999\/xlink\" x=\"0px\" y=\"0px\" viewBox=\"0 0 35 35\" enable-background=\"new 0 0 35 35\" width=\"25\" height=\"25\" xml:space=\"preserve\"><polygon fill-rule=\"evenodd\" clip-rule=\"evenodd\" fill=\"#000\" points=\"19.3,27.5 29.3,17.5,19.3,7.5 16.3,10.4 21.4,15.4 6.7,15.4 6.7,19.6 21.4,19.6 16.3,24.6 \"\/><\/svg>\n<\/a>\n\n\n<\/div>\n            <\/li>\n                  <\/ul>\n      \n    <\/div>\n  \n\n  <\/div><\/div>\n","protected":false},"excerpt":{"rendered":"","protected":false},"author":180,"featured_media":1144,"parent":0,"menu_order":0,"comment_status":"closed","ping_status":"closed","template":"","meta":{"_acf_changed":false,"footnotes":""},"class_list":["post-1545","page","type-page","status-publish","has-post-thumbnail","hentry"],"acf":[],"yoast_head":"<!-- This site is optimized with the Yoast SEO plugin v27.1.1 - https:\/\/yoast.com\/product\/yoast-seo-wordpress\/ -->\n<title>Alcance Comunitario - Center for Music, Brain and Society<\/title>\n<meta name=\"robots\" content=\"index, follow, max-snippet:-1, max-image-preview:large, max-video-preview:-1\" \/>\n<link rel=\"canonical\" href=\"https:\/\/dornsife.usc.edu\/cmbs\/alcance-comunitario\/\" \/>\n<meta property=\"og:locale\" content=\"en_US\" \/>\n<meta property=\"og:type\" content=\"article\" \/>\n<meta property=\"og:title\" content=\"Alcance Comunitario - Center for Music, Brain and Society\" \/>\n<meta property=\"og:url\" content=\"https:\/\/dornsife.usc.edu\/cmbs\/alcance-comunitario\/\" \/>\n<meta property=\"og:site_name\" content=\"Center for Music, Brain and Society\" \/>\n<meta property=\"article:modified_time\" content=\"2023-12-01T08:17:24+00:00\" \/>\n<meta property=\"og:image\" content=\"https:\/\/dornsife.usc.edu\/cmbs\/wp-content\/uploads\/sites\/398\/2023\/11\/Banner-with-shoulder-edits-High-Res.png\" \/>\n\t<meta property=\"og:image:width\" content=\"4939\" \/>\n\t<meta property=\"og:image:height\" content=\"3391\" \/>\n\t<meta property=\"og:image:type\" content=\"image\/png\" \/>\n<meta name=\"twitter:card\" content=\"summary_large_image\" \/>\n<script type=\"application\/ld+json\" class=\"yoast-schema-graph\">{\"@context\":\"https:\/\/schema.org\",\"@graph\":[{\"@type\":\"WebPage\",\"@id\":\"https:\/\/dornsife.usc.edu\/cmbs\/alcance-comunitario\/\",\"url\":\"https:\/\/dornsife.usc.edu\/cmbs\/alcance-comunitario\/\",\"name\":\"Alcance Comunitario - Center for Music, Brain and Society\",\"isPartOf\":{\"@id\":\"https:\/\/dornsife.usc.edu\/cmbs\/#website\"},\"primaryImageOfPage\":{\"@id\":\"https:\/\/dornsife.usc.edu\/cmbs\/alcance-comunitario\/#primaryimage\"},\"image\":{\"@id\":\"https:\/\/dornsife.usc.edu\/cmbs\/alcance-comunitario\/#primaryimage\"},\"thumbnailUrl\":\"https:\/\/dornsife.usc.edu\/cmbs\/wp-content\/uploads\/sites\/398\/2023\/11\/Banner-with-shoulder-edits-High-Res.png\",\"datePublished\":\"2023-11-30T07:40:56+00:00\",\"dateModified\":\"2023-12-01T08:17:24+00:00\",\"breadcrumb\":{\"@id\":\"https:\/\/dornsife.usc.edu\/cmbs\/alcance-comunitario\/#breadcrumb\"},\"inLanguage\":\"en-US\",\"potentialAction\":[{\"@type\":\"ReadAction\",\"target\":[\"https:\/\/dornsife.usc.edu\/cmbs\/alcance-comunitario\/\"]}]},{\"@type\":\"ImageObject\",\"inLanguage\":\"en-US\",\"@id\":\"https:\/\/dornsife.usc.edu\/cmbs\/alcance-comunitario\/#primaryimage\",\"url\":\"https:\/\/dornsife.usc.edu\/cmbs\/wp-content\/uploads\/sites\/398\/2023\/11\/Banner-with-shoulder-edits-High-Res.png\",\"contentUrl\":\"https:\/\/dornsife.usc.edu\/cmbs\/wp-content\/uploads\/sites\/398\/2023\/11\/Banner-with-shoulder-edits-High-Res.png\",\"width\":4939,\"height\":3391},{\"@type\":\"BreadcrumbList\",\"@id\":\"https:\/\/dornsife.usc.edu\/cmbs\/alcance-comunitario\/#breadcrumb\",\"itemListElement\":[{\"@type\":\"ListItem\",\"position\":1,\"name\":\"Home\",\"item\":\"https:\/\/dornsife.usc.edu\/cmbs\/\"},{\"@type\":\"ListItem\",\"position\":2,\"name\":\"Alcance Comunitario\"}]},{\"@type\":\"WebSite\",\"@id\":\"https:\/\/dornsife.usc.edu\/cmbs\/#website\",\"url\":\"https:\/\/dornsife.usc.edu\/cmbs\/\",\"name\":\"Center for Music, Brain and Society\",\"description\":\"USC Dornsife Center for Music, Brain and Society\",\"potentialAction\":[{\"@type\":\"SearchAction\",\"target\":{\"@type\":\"EntryPoint\",\"urlTemplate\":\"https:\/\/dornsife.usc.edu\/cmbs\/?s={search_term_string}\"},\"query-input\":{\"@type\":\"PropertyValueSpecification\",\"valueRequired\":true,\"valueName\":\"search_term_string\"}}],\"inLanguage\":\"en-US\"}]}<\/script>\n<!-- \/ Yoast SEO plugin. -->","yoast_head_json":{"title":"Alcance Comunitario - Center for Music, Brain and Society","robots":{"index":"index","follow":"follow","max-snippet":"max-snippet:-1","max-image-preview":"max-image-preview:large","max-video-preview":"max-video-preview:-1"},"canonical":"https:\/\/dornsife.usc.edu\/cmbs\/alcance-comunitario\/","og_locale":"en_US","og_type":"article","og_title":"Alcance Comunitario - Center for Music, Brain and Society","og_url":"https:\/\/dornsife.usc.edu\/cmbs\/alcance-comunitario\/","og_site_name":"Center for Music, Brain and Society","article_modified_time":"2023-12-01T08:17:24+00:00","og_image":[{"width":4939,"height":3391,"url":"https:\/\/dornsife.usc.edu\/cmbs\/wp-content\/uploads\/sites\/398\/2023\/11\/Banner-with-shoulder-edits-High-Res.png","type":"image\/png"}],"twitter_card":"summary_large_image","schema":{"@context":"https:\/\/schema.org","@graph":[{"@type":"WebPage","@id":"https:\/\/dornsife.usc.edu\/cmbs\/alcance-comunitario\/","url":"https:\/\/dornsife.usc.edu\/cmbs\/alcance-comunitario\/","name":"Alcance Comunitario - Center for Music, Brain and Society","isPartOf":{"@id":"https:\/\/dornsife.usc.edu\/cmbs\/#website"},"primaryImageOfPage":{"@id":"https:\/\/dornsife.usc.edu\/cmbs\/alcance-comunitario\/#primaryimage"},"image":{"@id":"https:\/\/dornsife.usc.edu\/cmbs\/alcance-comunitario\/#primaryimage"},"thumbnailUrl":"https:\/\/dornsife.usc.edu\/cmbs\/wp-content\/uploads\/sites\/398\/2023\/11\/Banner-with-shoulder-edits-High-Res.png","datePublished":"2023-11-30T07:40:56+00:00","dateModified":"2023-12-01T08:17:24+00:00","breadcrumb":{"@id":"https:\/\/dornsife.usc.edu\/cmbs\/alcance-comunitario\/#breadcrumb"},"inLanguage":"en-US","potentialAction":[{"@type":"ReadAction","target":["https:\/\/dornsife.usc.edu\/cmbs\/alcance-comunitario\/"]}]},{"@type":"ImageObject","inLanguage":"en-US","@id":"https:\/\/dornsife.usc.edu\/cmbs\/alcance-comunitario\/#primaryimage","url":"https:\/\/dornsife.usc.edu\/cmbs\/wp-content\/uploads\/sites\/398\/2023\/11\/Banner-with-shoulder-edits-High-Res.png","contentUrl":"https:\/\/dornsife.usc.edu\/cmbs\/wp-content\/uploads\/sites\/398\/2023\/11\/Banner-with-shoulder-edits-High-Res.png","width":4939,"height":3391},{"@type":"BreadcrumbList","@id":"https:\/\/dornsife.usc.edu\/cmbs\/alcance-comunitario\/#breadcrumb","itemListElement":[{"@type":"ListItem","position":1,"name":"Home","item":"https:\/\/dornsife.usc.edu\/cmbs\/"},{"@type":"ListItem","position":2,"name":"Alcance Comunitario"}]},{"@type":"WebSite","@id":"https:\/\/dornsife.usc.edu\/cmbs\/#website","url":"https:\/\/dornsife.usc.edu\/cmbs\/","name":"Center for Music, Brain and Society","description":"USC Dornsife Center for Music, Brain and Society","potentialAction":[{"@type":"SearchAction","target":{"@type":"EntryPoint","urlTemplate":"https:\/\/dornsife.usc.edu\/cmbs\/?s={search_term_string}"},"query-input":{"@type":"PropertyValueSpecification","valueRequired":true,"valueName":"search_term_string"}}],"inLanguage":"en-US"}]}},"_links":{"self":[{"href":"https:\/\/dornsife.usc.edu\/cmbs\/wp-json\/wp\/v2\/pages\/1545","targetHints":{"allow":["GET"]}}],"collection":[{"href":"https:\/\/dornsife.usc.edu\/cmbs\/wp-json\/wp\/v2\/pages"}],"about":[{"href":"https:\/\/dornsife.usc.edu\/cmbs\/wp-json\/wp\/v2\/types\/page"}],"author":[{"embeddable":true,"href":"https:\/\/dornsife.usc.edu\/cmbs\/wp-json\/wp\/v2\/users\/180"}],"replies":[{"embeddable":true,"href":"https:\/\/dornsife.usc.edu\/cmbs\/wp-json\/wp\/v2\/comments?post=1545"}],"version-history":[{"count":9,"href":"https:\/\/dornsife.usc.edu\/cmbs\/wp-json\/wp\/v2\/pages\/1545\/revisions"}],"predecessor-version":[{"id":2028,"href":"https:\/\/dornsife.usc.edu\/cmbs\/wp-json\/wp\/v2\/pages\/1545\/revisions\/2028"}],"wp:featuredmedia":[{"embeddable":true,"href":"https:\/\/dornsife.usc.edu\/cmbs\/wp-json\/wp\/v2\/media\/1144"}],"wp:attachment":[{"href":"https:\/\/dornsife.usc.edu\/cmbs\/wp-json\/wp\/v2\/media?parent=1545"}],"curies":[{"name":"wp","href":"https:\/\/api.w.org\/{rel}","templated":true}]}}