{"id":1528,"date":"2023-11-29T22:47:19","date_gmt":"2023-11-30T06:47:19","guid":{"rendered":"https:\/\/dornsife.usc.edu\/cmbs\/?page_id=1528"},"modified":"2023-12-01T00:04:02","modified_gmt":"2023-12-01T08:04:02","slug":"educacion-y-entrenamiento","status":"publish","type":"page","link":"https:\/\/dornsife.usc.edu\/cmbs\/educacion-y-entrenamiento\/","title":{"rendered":"Educaci\u00f3n y Entrenamiento"},"content":{"rendered":"\n\n\n\n  \n    \n\n\n\n\n\n\n<div\n  class=\"cc--component-container cc--rich-text \"\n\n  \n  \n  \n  \n  \n  \n  >\n  <div class=\"c--component c--rich-text\"\n    \n      >\n\n    \n      \n<div class=\"f--field f--wysiwyg\">\n\n    \n  <h5 style=\"text-align: right;\"><a class=\"cta-link\" href=\"https:\/\/dornsife.usc.edu\/cmbs\/education-and-training\/\"><em>English<\/em><\/a><\/h5>\n\n\n\n<\/div>\n\n\n  <\/div><\/div>\n\n\n\n\n\n  \n    \n\n\n\n\n\n\n<div\n  class=\"cc--component-container cc--full-width-image-and-text \"\n\n  \n  \n  \n  \n  \n  \n  >\n  <div class=\"c--component c--full-width-image-and-text\"\n    \n      >\n\n    \n      <div class=\"image-container\">\n          \n<div class=\"f--field f--image\">\n\n    \n    \n    \n    \n    \n    \n              \n      <img\n                            data-src=\"https:\/\/dornsife.usc.edu\/cmbs\/wp-content\/uploads\/sites\/398\/2023\/11\/KUSC-_event-768x432.jpg\"\n          data-srcset=\"https:\/\/dornsife.usc.edu\/cmbs\/wp-content\/uploads\/sites\/398\/2023\/11\/KUSC-_event-1920x1080.jpg 1920w,https:\/\/dornsife.usc.edu\/cmbs\/wp-content\/uploads\/sites\/398\/2023\/11\/KUSC-_event-1280x720.jpg 1280w,https:\/\/dornsife.usc.edu\/cmbs\/wp-content\/uploads\/sites\/398\/2023\/11\/KUSC-_event-768x432.jpg 768w\"          data-sizes=\"(min-width:1200px) 75vw, (min-width:768px) 83vw, 100vw\"          class=\"lazyload\"\n        \n                  role=\"none\"\n        \n        \n                                      \/>\n\n    \n    \n  \n  \n\n<\/div>\n    <\/div>\n  \n  <div class=\"text-container\">\n\n              \n<div class=\"f--field f--eyebrow\">\n\n    \n  <span>Educaci\u00f3n innovadora<\/span>\n\n\n<\/div>\n    \n              \n<div class=\"f--field f--section-title\">\n\n    \n  <h2>\n          Dando forma a la ciencia de la m\u00fasica\n      <\/h2>\n\n\n<\/div>\n    \n              \n<div class=\"f--field f--description\">\n\n    \n  <p>El Centro para la M\u00fasica, el Cerebro y la Sociedad de USC se dedica a dar forma al futuro de los estudios en ciencias musicales. Nuestros programas educativos y entrenamiento atienden a estudiantes de todas las etapas acad\u00e9micas, desde pregrado hasta posdoctorado.<\/p>\n\n\n\n<\/div>\n    \n      <\/div>\n\n\n  <\/div><\/div>\n\n\n\n        \n          \n          \n  \n  \n    \n\n\n\n\n\n\n<div\n  class=\"cc--component-container cc--editorial-cards \"\n\n  \n  \n  \n  \n  \n  \n  >\n  <div class=\"c--component c--editorial-cards\"\n    \n      >\n\n    \n      <div class=\"header-container\">\n\n                  \n<div class=\"f--field f--section-title\">\n\n    \n  <h2>\n          Iniciativas educativas:\n      <\/h2>\n\n\n<\/div>\n                        \n<div class=\"f--field f--description\">\n\n    \n  <p>CMBS est\u00e1 comprometido a promover la investigaci\u00f3n de las ciencias musicales y servir a los estudiantes de todos los niveles acad\u00e9micos a trav\u00e9s de nuestras iniciativas educativas:<\/p>\n\n\n\n<\/div>\n          <\/div>\n  \n      <div class=\"cards-container\">\n      \n        <div class=\"card\">\n\n          \n                                      \n                \n<div class=\"f--field f--image\">\n\n    \n    \n    \n    \n    \n    \n              \n      <img\n                            data-src=\"https:\/\/dornsife.usc.edu\/cmbs\/wp-content\/uploads\/sites\/398\/2023\/11\/USC_DCLAS_Ambassadors_Group_20221020_118-768x432.jpg\"\n          data-srcset=\"https:\/\/dornsife.usc.edu\/cmbs\/wp-content\/uploads\/sites\/398\/2023\/11\/USC_DCLAS_Ambassadors_Group_20221020_118-1280x720.jpg 1280w,https:\/\/dornsife.usc.edu\/cmbs\/wp-content\/uploads\/sites\/398\/2023\/11\/USC_DCLAS_Ambassadors_Group_20221020_118-768x432.jpg 768w\"          data-sizes=\"(min-width:1024px) 23vw, (min-width:768px) 39vw, 83vw\"          class=\"lazyload\"\n        \n                  role=\"none\"\n        \n        \n                                      \/>\n\n    \n    \n  \n  \n\n<\/div>\n          \n          <div class=\"text-container\">\n            \n                            <h3>\n                  \n                    1. Enfoque de Pregrado\n\n                                  <\/h3>\n            \n                              \n<div class=\"f--field f--description\">\n\n    \n  <div class=\"page\" title=\"Page 2\">\n<div class=\"layoutArea\">\n<div class=\"column\">\n<p>Nuestro programa de becas de investigaci\u00f3n de verano planificado (verano de 2025) est\u00e1 dise\u00f1ado para estudiantes universitarios, tanto de la USC como de fuera de ella, y especialmente aquellos de comunidades subrepresentadas en Los \u00c1ngeles, ofreci\u00e9ndoles la oportunidad de trabajar cercanamente con nuestro cuerpo docente. Este programa de investigaci\u00f3n en m\u00fasica impartido en equipo cubre m\u00faltiples disciplinas como neurociencia, psicolog\u00eda, sociolog\u00eda e inform\u00e1tica y es parte de un esfuerzo m\u00e1s amplio para desarrollar una licenciatura con especializaci\u00f3n o especializaci\u00f3n en ciencias de la m\u00fasica, integrando cursos de varias disciplinas.<\/p>\n<\/div>\n<\/div>\n<\/div>\n\n\n\n<\/div>\n                      <\/div>\n\n\n        <\/div>\n      \n        <div class=\"card\">\n\n          \n                                      \n                \n<div class=\"f--field f--image\">\n\n    \n    \n    \n    \n    \n    \n              \n      <img\n                            data-src=\"https:\/\/dornsife.usc.edu\/cmbs\/wp-content\/uploads\/sites\/398\/2023\/11\/USC_DCLAS_Race_and_Mixed_Race_Class_20221020_18-768x432.jpg\"\n          data-srcset=\"https:\/\/dornsife.usc.edu\/cmbs\/wp-content\/uploads\/sites\/398\/2023\/11\/USC_DCLAS_Race_and_Mixed_Race_Class_20221020_18-1280x720.jpg 1280w,https:\/\/dornsife.usc.edu\/cmbs\/wp-content\/uploads\/sites\/398\/2023\/11\/USC_DCLAS_Race_and_Mixed_Race_Class_20221020_18-768x432.jpg 768w\"          data-sizes=\"(min-width:1024px) 23vw, (min-width:768px) 39vw, 83vw\"          class=\"lazyload\"\n        \n                  role=\"none\"\n        \n        \n                                      \/>\n\n    \n    \n  \n  \n\n<\/div>\n          \n          <div class=\"text-container\">\n            \n                            <h3>\n                  \n                    2. Entrenamiento de Postgrado y Postdoctorado\n\n                                  <\/h3>\n            \n                              \n<div class=\"f--field f--description\">\n\n    \n  <div class=\"page\" title=\"Page 2\">\n<div class=\"layoutArea\">\n<div class=\"column\">\n<p>CMBS facilita la formaci\u00f3n colaborativa de entrenamiento posgrado y la mentorizaci\u00f3n conjunta para mejorar las habilidades de investigaci\u00f3n interdisciplinaria de los acad\u00e9micos de posgrado y postdoctorado. Se planean series peri\u00f3dicas de oradores y un programa piloto de subvenciones para apoyar a los estudiantes de posgrado y posdoctorado en sus esfuerzos de investigaci\u00f3n.<\/p>\n<\/div>\n<\/div>\n<\/div>\n\n\n\n<\/div>\n                      <\/div>\n\n\n        <\/div>\n      \n        <div class=\"card\">\n\n          \n                                      \n                \n<div class=\"f--field f--image\">\n\n    \n    \n    \n    \n    \n    \n              \n      <img\n                            data-src=\"https:\/\/dornsife.usc.edu\/cmbs\/wp-content\/uploads\/sites\/398\/2023\/11\/Spring2018_WaterPower_Cello_crVanceJacobs_CM0B6814-scaled-1-768x432.jpg\"\n          data-srcset=\"https:\/\/dornsife.usc.edu\/cmbs\/wp-content\/uploads\/sites\/398\/2023\/11\/Spring2018_WaterPower_Cello_crVanceJacobs_CM0B6814-scaled-1-1280x720.jpg 1280w,https:\/\/dornsife.usc.edu\/cmbs\/wp-content\/uploads\/sites\/398\/2023\/11\/Spring2018_WaterPower_Cello_crVanceJacobs_CM0B6814-scaled-1-768x432.jpg 768w\"          data-sizes=\"(min-width:1024px) 23vw, (min-width:768px) 39vw, 83vw\"          class=\"lazyload\"\n        \n                  alt=\"A woman playing a cello in front of water and skyscraper buildings with the sun coming in on the right, the direction the woman is sitting\"\n        \n        \n                                      \/>\n\n    \n    \n  \n  \n\n<\/div>\n          \n          <div class=\"text-container\">\n            \n                            <h3>\n                  \n                    3. Programa de Licenciatura en Musicoterapia\n\n                                  <\/h3>\n            \n                              \n<div class=\"f--field f--description\">\n\n    \n  <div class=\"page\" title=\"Page 2\">\n<div class=\"layoutArea\">\n<div class=\"column\">\n<p>Reconociendo la creciente importancia de la musicoterapia en la profesi\u00f3n de la salud, estamos en el proceso de establecer un programa de licenciatura dedicado en este campo. Integrado con la amplia gama de cursos y oportunidades de capacitaci\u00f3n cl\u00ednica de USC, este programa ofrecer\u00e1 pasant\u00edas pr\u00e1cticas y experiencia pr\u00e1ctica, particularmente a trav\u00e9s de instalaciones afiliadas a la USC.<\/p>\n<\/div>\n<\/div>\n<\/div>\n\n\n\n<\/div>\n                      <\/div>\n\n\n        <\/div>\n          <\/div>\n  \n\n  <\/div><\/div>\n\n\n\n    \n    \n\n  \n    \n\n\n\n\n\n\n<div\n  class=\"cc--component-container cc--two-column-ctas \"\n\n  \n  \n  \n  \n  \n  \n  >\n  <div class=\"c--component c--two-column-ctas\"\n    \n      >\n\n    \n      <div class=\"group\">\n\n                  \n<div class=\"f--field f--section-title\">\n\n    \n  <h2>\n          Sigue Explorando:\n      <\/h2>\n\n\n<\/div>\n      \n              <ul>\n                      <li>\n                  \n<div class=\"f--field f--link\">\n\n    \n    \n  \n<a \n  class=\"link\"\n  href= https:\/\/dornsife.usc.edu\/cmbs\/investigacion\/\n    aria-label=\"Read more about Investigaci\u00f3n\"  \n>\n    Investigaci\u00f3n \n  <svg version=\"1.1\" xmlns=\"http:\/\/www.w3.org\/2000\/svg\" xmlns:xlink=\"http:\/\/www.w3.org\/1999\/xlink\" x=\"0px\" y=\"0px\" viewBox=\"0 0 35 35\" enable-background=\"new 0 0 35 35\" width=\"25\" height=\"25\" xml:space=\"preserve\"><polygon fill-rule=\"evenodd\" clip-rule=\"evenodd\" fill=\"#000\" points=\"19.3,27.5 29.3,17.5,19.3,7.5 16.3,10.4 21.4,15.4 6.7,15.4 6.7,19.6 21.4,19.6 16.3,24.6 \"\/><\/svg>\n<\/a>\n\n\n<\/div>\n            <\/li>\n                      <li>\n                  \n<div class=\"f--field f--link\">\n\n    \n    \n  \n<a \n  class=\"link\"\n  href= https:\/\/dornsife.usc.edu\/cmbs\/alcance-comunitario\/\n    aria-label=\"Read more about Alcance Comunitario\"  \n>\n    Alcance Comunitario \n  <svg version=\"1.1\" xmlns=\"http:\/\/www.w3.org\/2000\/svg\" xmlns:xlink=\"http:\/\/www.w3.org\/1999\/xlink\" x=\"0px\" y=\"0px\" viewBox=\"0 0 35 35\" enable-background=\"new 0 0 35 35\" width=\"25\" height=\"25\" xml:space=\"preserve\"><polygon fill-rule=\"evenodd\" clip-rule=\"evenodd\" fill=\"#000\" points=\"19.3,27.5 29.3,17.5,19.3,7.5 16.3,10.4 21.4,15.4 6.7,15.4 6.7,19.6 21.4,19.6 16.3,24.6 \"\/><\/svg>\n<\/a>\n\n\n<\/div>\n            <\/li>\n                  <\/ul>\n      \n    <\/div>\n      <div class=\"group\">\n\n                  \n<div class=\"f--field f--section-title\">\n\n    \n  <h2>\n           Estar al D\u00eda:\n      <\/h2>\n\n\n<\/div>\n      \n              <ul>\n                      <li>\n                  \n<div class=\"f--field f--link\">\n\n    \n    \n  \n<a \n  class=\"link\"\n  href= https:\/\/dornsife.usc.edu\/cmbs\/eventos\/\n    aria-label=\"Read more about Eventos\"  \n>\n    Eventos \n  <svg version=\"1.1\" xmlns=\"http:\/\/www.w3.org\/2000\/svg\" xmlns:xlink=\"http:\/\/www.w3.org\/1999\/xlink\" x=\"0px\" y=\"0px\" viewBox=\"0 0 35 35\" enable-background=\"new 0 0 35 35\" width=\"25\" height=\"25\" xml:space=\"preserve\"><polygon fill-rule=\"evenodd\" clip-rule=\"evenodd\" fill=\"#000\" points=\"19.3,27.5 29.3,17.5,19.3,7.5 16.3,10.4 21.4,15.4 6.7,15.4 6.7,19.6 21.4,19.6 16.3,24.6 \"\/><\/svg>\n<\/a>\n\n\n<\/div>\n            <\/li>\n                      <li>\n                  \n<div class=\"f--field f--link\">\n\n    \n    \n  \n<a \n  class=\"link\"\n  href= https:\/\/dornsife.usc.edu\/cmbs\/noticias\/\n    aria-label=\"Read more about Noticias\"  \n>\n    Noticias \n  <svg version=\"1.1\" xmlns=\"http:\/\/www.w3.org\/2000\/svg\" xmlns:xlink=\"http:\/\/www.w3.org\/1999\/xlink\" x=\"0px\" y=\"0px\" viewBox=\"0 0 35 35\" enable-background=\"new 0 0 35 35\" width=\"25\" height=\"25\" xml:space=\"preserve\"><polygon fill-rule=\"evenodd\" clip-rule=\"evenodd\" fill=\"#000\" points=\"19.3,27.5 29.3,17.5,19.3,7.5 16.3,10.4 21.4,15.4 6.7,15.4 6.7,19.6 21.4,19.6 16.3,24.6 \"\/><\/svg>\n<\/a>\n\n\n<\/div>\n            <\/li>\n                  <\/ul>\n      \n    <\/div>\n  \n\n  <\/div><\/div>\n","protected":false},"excerpt":{"rendered":"","protected":false},"author":180,"featured_media":1144,"parent":0,"menu_order":0,"comment_status":"closed","ping_status":"closed","template":"","meta":{"_acf_changed":false,"footnotes":""},"class_list":["post-1528","page","type-page","status-publish","has-post-thumbnail","hentry"],"acf":[],"yoast_head":"<!-- This site is optimized with the Yoast SEO plugin v27.1.1 - https:\/\/yoast.com\/product\/yoast-seo-wordpress\/ -->\n<title>Educaci\u00f3n y Entrenamiento - Center for Music, Brain and Society<\/title>\n<meta name=\"robots\" content=\"index, follow, max-snippet:-1, max-image-preview:large, max-video-preview:-1\" \/>\n<link rel=\"canonical\" href=\"https:\/\/dornsife.usc.edu\/cmbs\/educacion-y-entrenamiento\/\" \/>\n<meta property=\"og:locale\" content=\"en_US\" \/>\n<meta property=\"og:type\" content=\"article\" \/>\n<meta property=\"og:title\" content=\"Educaci\u00f3n y Entrenamiento - Center for Music, Brain and Society\" \/>\n<meta property=\"og:url\" content=\"https:\/\/dornsife.usc.edu\/cmbs\/educacion-y-entrenamiento\/\" \/>\n<meta property=\"og:site_name\" content=\"Center for Music, Brain and Society\" \/>\n<meta property=\"article:modified_time\" content=\"2023-12-01T08:04:02+00:00\" \/>\n<meta property=\"og:image\" content=\"https:\/\/dornsife.usc.edu\/cmbs\/wp-content\/uploads\/sites\/398\/2023\/11\/Banner-with-shoulder-edits-High-Res.png\" \/>\n\t<meta property=\"og:image:width\" content=\"4939\" \/>\n\t<meta property=\"og:image:height\" content=\"3391\" \/>\n\t<meta property=\"og:image:type\" content=\"image\/png\" \/>\n<meta name=\"twitter:card\" content=\"summary_large_image\" \/>\n<script type=\"application\/ld+json\" class=\"yoast-schema-graph\">{\"@context\":\"https:\/\/schema.org\",\"@graph\":[{\"@type\":\"WebPage\",\"@id\":\"https:\/\/dornsife.usc.edu\/cmbs\/educacion-y-entrenamiento\/\",\"url\":\"https:\/\/dornsife.usc.edu\/cmbs\/educacion-y-entrenamiento\/\",\"name\":\"Educaci\u00f3n y Entrenamiento - Center for Music, Brain and Society\",\"isPartOf\":{\"@id\":\"https:\/\/dornsife.usc.edu\/cmbs\/#website\"},\"primaryImageOfPage\":{\"@id\":\"https:\/\/dornsife.usc.edu\/cmbs\/educacion-y-entrenamiento\/#primaryimage\"},\"image\":{\"@id\":\"https:\/\/dornsife.usc.edu\/cmbs\/educacion-y-entrenamiento\/#primaryimage\"},\"thumbnailUrl\":\"https:\/\/dornsife.usc.edu\/cmbs\/wp-content\/uploads\/sites\/398\/2023\/11\/Banner-with-shoulder-edits-High-Res.png\",\"datePublished\":\"2023-11-30T06:47:19+00:00\",\"dateModified\":\"2023-12-01T08:04:02+00:00\",\"breadcrumb\":{\"@id\":\"https:\/\/dornsife.usc.edu\/cmbs\/educacion-y-entrenamiento\/#breadcrumb\"},\"inLanguage\":\"en-US\",\"potentialAction\":[{\"@type\":\"ReadAction\",\"target\":[\"https:\/\/dornsife.usc.edu\/cmbs\/educacion-y-entrenamiento\/\"]}]},{\"@type\":\"ImageObject\",\"inLanguage\":\"en-US\",\"@id\":\"https:\/\/dornsife.usc.edu\/cmbs\/educacion-y-entrenamiento\/#primaryimage\",\"url\":\"https:\/\/dornsife.usc.edu\/cmbs\/wp-content\/uploads\/sites\/398\/2023\/11\/Banner-with-shoulder-edits-High-Res.png\",\"contentUrl\":\"https:\/\/dornsife.usc.edu\/cmbs\/wp-content\/uploads\/sites\/398\/2023\/11\/Banner-with-shoulder-edits-High-Res.png\",\"width\":4939,\"height\":3391},{\"@type\":\"BreadcrumbList\",\"@id\":\"https:\/\/dornsife.usc.edu\/cmbs\/educacion-y-entrenamiento\/#breadcrumb\",\"itemListElement\":[{\"@type\":\"ListItem\",\"position\":1,\"name\":\"Home\",\"item\":\"https:\/\/dornsife.usc.edu\/cmbs\/\"},{\"@type\":\"ListItem\",\"position\":2,\"name\":\"Educaci\u00f3n y Entrenamiento\"}]},{\"@type\":\"WebSite\",\"@id\":\"https:\/\/dornsife.usc.edu\/cmbs\/#website\",\"url\":\"https:\/\/dornsife.usc.edu\/cmbs\/\",\"name\":\"Center for Music, Brain and Society\",\"description\":\"USC Dornsife Center for Music, Brain and Society\",\"potentialAction\":[{\"@type\":\"SearchAction\",\"target\":{\"@type\":\"EntryPoint\",\"urlTemplate\":\"https:\/\/dornsife.usc.edu\/cmbs\/?s={search_term_string}\"},\"query-input\":{\"@type\":\"PropertyValueSpecification\",\"valueRequired\":true,\"valueName\":\"search_term_string\"}}],\"inLanguage\":\"en-US\"}]}<\/script>\n<!-- \/ Yoast SEO plugin. -->","yoast_head_json":{"title":"Educaci\u00f3n y Entrenamiento - Center for Music, Brain and Society","robots":{"index":"index","follow":"follow","max-snippet":"max-snippet:-1","max-image-preview":"max-image-preview:large","max-video-preview":"max-video-preview:-1"},"canonical":"https:\/\/dornsife.usc.edu\/cmbs\/educacion-y-entrenamiento\/","og_locale":"en_US","og_type":"article","og_title":"Educaci\u00f3n y Entrenamiento - Center for Music, Brain and Society","og_url":"https:\/\/dornsife.usc.edu\/cmbs\/educacion-y-entrenamiento\/","og_site_name":"Center for Music, Brain and Society","article_modified_time":"2023-12-01T08:04:02+00:00","og_image":[{"width":4939,"height":3391,"url":"https:\/\/dornsife.usc.edu\/cmbs\/wp-content\/uploads\/sites\/398\/2023\/11\/Banner-with-shoulder-edits-High-Res.png","type":"image\/png"}],"twitter_card":"summary_large_image","schema":{"@context":"https:\/\/schema.org","@graph":[{"@type":"WebPage","@id":"https:\/\/dornsife.usc.edu\/cmbs\/educacion-y-entrenamiento\/","url":"https:\/\/dornsife.usc.edu\/cmbs\/educacion-y-entrenamiento\/","name":"Educaci\u00f3n y Entrenamiento - Center for Music, Brain and Society","isPartOf":{"@id":"https:\/\/dornsife.usc.edu\/cmbs\/#website"},"primaryImageOfPage":{"@id":"https:\/\/dornsife.usc.edu\/cmbs\/educacion-y-entrenamiento\/#primaryimage"},"image":{"@id":"https:\/\/dornsife.usc.edu\/cmbs\/educacion-y-entrenamiento\/#primaryimage"},"thumbnailUrl":"https:\/\/dornsife.usc.edu\/cmbs\/wp-content\/uploads\/sites\/398\/2023\/11\/Banner-with-shoulder-edits-High-Res.png","datePublished":"2023-11-30T06:47:19+00:00","dateModified":"2023-12-01T08:04:02+00:00","breadcrumb":{"@id":"https:\/\/dornsife.usc.edu\/cmbs\/educacion-y-entrenamiento\/#breadcrumb"},"inLanguage":"en-US","potentialAction":[{"@type":"ReadAction","target":["https:\/\/dornsife.usc.edu\/cmbs\/educacion-y-entrenamiento\/"]}]},{"@type":"ImageObject","inLanguage":"en-US","@id":"https:\/\/dornsife.usc.edu\/cmbs\/educacion-y-entrenamiento\/#primaryimage","url":"https:\/\/dornsife.usc.edu\/cmbs\/wp-content\/uploads\/sites\/398\/2023\/11\/Banner-with-shoulder-edits-High-Res.png","contentUrl":"https:\/\/dornsife.usc.edu\/cmbs\/wp-content\/uploads\/sites\/398\/2023\/11\/Banner-with-shoulder-edits-High-Res.png","width":4939,"height":3391},{"@type":"BreadcrumbList","@id":"https:\/\/dornsife.usc.edu\/cmbs\/educacion-y-entrenamiento\/#breadcrumb","itemListElement":[{"@type":"ListItem","position":1,"name":"Home","item":"https:\/\/dornsife.usc.edu\/cmbs\/"},{"@type":"ListItem","position":2,"name":"Educaci\u00f3n y Entrenamiento"}]},{"@type":"WebSite","@id":"https:\/\/dornsife.usc.edu\/cmbs\/#website","url":"https:\/\/dornsife.usc.edu\/cmbs\/","name":"Center for Music, Brain and Society","description":"USC Dornsife Center for Music, Brain and Society","potentialAction":[{"@type":"SearchAction","target":{"@type":"EntryPoint","urlTemplate":"https:\/\/dornsife.usc.edu\/cmbs\/?s={search_term_string}"},"query-input":{"@type":"PropertyValueSpecification","valueRequired":true,"valueName":"search_term_string"}}],"inLanguage":"en-US"}]}},"_links":{"self":[{"href":"https:\/\/dornsife.usc.edu\/cmbs\/wp-json\/wp\/v2\/pages\/1528","targetHints":{"allow":["GET"]}}],"collection":[{"href":"https:\/\/dornsife.usc.edu\/cmbs\/wp-json\/wp\/v2\/pages"}],"about":[{"href":"https:\/\/dornsife.usc.edu\/cmbs\/wp-json\/wp\/v2\/types\/page"}],"author":[{"embeddable":true,"href":"https:\/\/dornsife.usc.edu\/cmbs\/wp-json\/wp\/v2\/users\/180"}],"replies":[{"embeddable":true,"href":"https:\/\/dornsife.usc.edu\/cmbs\/wp-json\/wp\/v2\/comments?post=1528"}],"version-history":[{"count":14,"href":"https:\/\/dornsife.usc.edu\/cmbs\/wp-json\/wp\/v2\/pages\/1528\/revisions"}],"predecessor-version":[{"id":2008,"href":"https:\/\/dornsife.usc.edu\/cmbs\/wp-json\/wp\/v2\/pages\/1528\/revisions\/2008"}],"wp:featuredmedia":[{"embeddable":true,"href":"https:\/\/dornsife.usc.edu\/cmbs\/wp-json\/wp\/v2\/media\/1144"}],"wp:attachment":[{"href":"https:\/\/dornsife.usc.edu\/cmbs\/wp-json\/wp\/v2\/media?parent=1528"}],"curies":[{"name":"wp","href":"https:\/\/api.w.org\/{rel}","templated":true}]}}