{"id":1512,"date":"2023-11-29T22:27:42","date_gmt":"2023-11-30T06:27:42","guid":{"rendered":"https:\/\/dornsife.usc.edu\/cmbs\/?page_id=1512"},"modified":"2025-04-08T13:44:21","modified_gmt":"2025-04-08T20:44:21","slug":"investigacion","status":"publish","type":"page","link":"https:\/\/dornsife.usc.edu\/cmbs\/investigacion\/","title":{"rendered":"Investigaci\u00f3n"},"content":{"rendered":"\n\n\n\n  \n    \n\n\n\n\n\n\n<div\n  class=\"cc--component-container cc--rich-text \"\n\n  \n  \n  \n  \n  \n  \n  >\n  <div class=\"c--component c--rich-text\"\n    \n      >\n\n    \n      \n<div class=\"f--field f--wysiwyg\">\n\n    \n  <h5 style=\"text-align: right;\"><a class=\"cta-link\" href=\"https:\/\/dornsife.usc.edu\/cmbs\/research\/\"><em>English<\/em><\/a><\/h5>\n\n\n\n<\/div>\n\n\n  <\/div><\/div>\n\n\n\n  \n    \n\n\n\n\n\n\n<div\n  class=\"cc--component-container cc--featured-block \"\n\n  \n  \n  \n  \n  \n  \n  >\n  <div class=\"c--component c--featured-block\"\n    \n      >\n\n    \n  <div class=\"text-image-container\">\n    <div class=\"text-container\">\n\n      \n                  \n<div class=\"f--field f--section-title\">\n\n    \n  <h2>\n          Convocatoria de propuestas: Subvenciones piloto del Centro para la M\u00fasica, el Cerebro y la Sociedad\n      <\/h2>\n\n\n<\/div>\n      \n                  \n<div class=\"f--field f--description\">\n\n    \n  <p>Nos complace compartir la convocatoria de nuestra primera ronda de propuestas de subvenciones piloto. Nos entusiasma lanzar esta oportunidad y esperamos apoyar proyectos innovadores e interdisciplinarios en nuestra comunidad. Los solicitantes deben ser\u00a0<strong>estudiantes de posgrado<\/strong>\u00a0o\u00a0<strong>investigadores postdoctorales<\/strong> de USC. Para m\u00e1s informaci\u00f3n, siga el <a href=\"https:\/\/dornsife.usc.edu\/cmbs\/wp-content\/uploads\/sites\/398\/2025\/04\/Center-for-Music-Brain-and-Society_Pilot_Award_2025.pdf\"><strong>enlace<\/strong><\/a> abajo.<\/p>\n\n\n\n<\/div>\n      \n                  \n<div class=\"f--field f--link\">\n\n    \n    \n  \n<a \n  class=\"link\"\n  href= https:\/\/dornsife.usc.edu\/cmbs\/wp-content\/uploads\/sites\/398\/2025\/04\/Center-for-Music-Brain-and-Society_Pilot_Award_2025.pdf\n    aria-label=\"Read more about Aprende m\u00e1s\"  \n>\n    Aprende m\u00e1s \n  <svg version=\"1.1\" xmlns=\"http:\/\/www.w3.org\/2000\/svg\" xmlns:xlink=\"http:\/\/www.w3.org\/1999\/xlink\" x=\"0px\" y=\"0px\" viewBox=\"0 0 35 35\" enable-background=\"new 0 0 35 35\" width=\"25\" height=\"25\" xml:space=\"preserve\"><polygon fill-rule=\"evenodd\" clip-rule=\"evenodd\" fill=\"#000\" points=\"19.3,27.5 29.3,17.5,19.3,7.5 16.3,10.4 21.4,15.4 6.7,15.4 6.7,19.6 21.4,19.6 16.3,24.6 \"\/><\/svg>\n<\/a>\n\n\n<\/div>\n\n          <\/div>\n\n          <div class=\"image-container\">\n            \n<div class=\"f--field f--image\">\n\n    \n    \n    \n    \n    \n    \n              \n      <img\n                            data-src=\"https:\/\/dornsife.usc.edu\/cmbs\/wp-content\/uploads\/sites\/398\/2025\/04\/USC_UCOM_Grand_Opening_Michelson_Center_20220503_04-1-768x768.jpg\"\n          data-srcset=\"https:\/\/dornsife.usc.edu\/cmbs\/wp-content\/uploads\/sites\/398\/2025\/04\/USC_UCOM_Grand_Opening_Michelson_Center_20220503_04-1-1280x1280.jpg 1280w,https:\/\/dornsife.usc.edu\/cmbs\/wp-content\/uploads\/sites\/398\/2025\/04\/USC_UCOM_Grand_Opening_Michelson_Center_20220503_04-1-768x768.jpg 768w\"          data-sizes=\"(min-width:1024px) 50vw, (min-width:768px) 100vw, 100vw\"          class=\"lazyload\"\n        \n                  role=\"none\"\n        \n        \n                                      \/>\n\n    \n    \n  \n  \n\n<\/div>\n      <\/div>\n    \n  <\/div>\n\n\n  <\/div><\/div>\n\n\n\n\n\n  \n    \n\n\n\n\n\n\n<div\n  class=\"cc--component-container cc--full-width-image-and-text \"\n\n  \n  \n  \n  \n  \n  \n  >\n  <div class=\"c--component c--full-width-image-and-text\"\n    \n      >\n\n    \n      <div class=\"image-container\">\n          \n<div class=\"f--field f--image\">\n\n    \n    \n    \n    \n    \n    \n              \n      <img\n                            data-src=\"https:\/\/dornsife.usc.edu\/cmbs\/wp-content\/uploads\/sites\/398\/2023\/11\/diffusion-images-768x432.jpg\"\n          data-srcset=\"https:\/\/dornsife.usc.edu\/cmbs\/wp-content\/uploads\/sites\/398\/2023\/11\/diffusion-images-768x432.jpg 768w\"          data-sizes=\"(min-width:1200px) 75vw, (min-width:768px) 83vw, 100vw\"          class=\"lazyload\"\n        \n                  role=\"none\"\n        \n        \n                                      \/>\n\n    \n    \n  \n  \n\n<\/div>\n    <\/div>\n  \n  <div class=\"text-container\">\n\n              \n<div class=\"f--field f--eyebrow\">\n\n    \n  <span> Investigaci\u00f3n innovadora<\/span>\n\n\n<\/div>\n    \n              \n<div class=\"f--field f--section-title\">\n\n    \n  <h2>\n          \u00danico en su clase\n      <\/h2>\n\n\n<\/div>\n    \n              \n<div class=\"f--field f--description\">\n\n    \n  <p>El Centro para la M\u00fasica, el Cerebro y la Sociedad est\u00e1 a la vanguardia de la investigaci\u00f3n innovadora que explora la convergencia de la m\u00fasica y la neurociencia. Dedicados a fomentar estudios integrales e impactantes, buscamos nuevos m\u00e9todos para comprender y aprovechar el poder de la m\u00fasica para el desarrollo y el bienestar humano.<\/p>\n\n\n\n<\/div>\n    \n      <\/div>\n\n\n  <\/div><\/div>\n\n\n\n        \n          \n          \n  \n  \n    \n\n\n\n\n\n\n<div\n  class=\"cc--component-container cc--editorial-cards \"\n\n  \n  \n  \n  \n  \n  \n  >\n  <div class=\"c--component c--editorial-cards\"\n    \n      >\n\n    \n      <div class=\"header-container\">\n\n                  \n<div class=\"f--field f--section-title\">\n\n    \n  <h2>\n          Nuestro enfoque interdisciplinario\n      <\/h2>\n\n\n<\/div>\n                        \n<div class=\"f--field f--description\">\n\n    \n  <p>El centro fomenta colaboraciones interdisciplinarias entre profesores y estudiantes con un enfoque en los siguientes temas:<\/p>\n\n\n\n<\/div>\n          <\/div>\n  \n      <div class=\"cards-container\">\n      \n        <div class=\"card\">\n\n          \n                                      \n                \n<div class=\"f--field f--image\">\n\n    \n    \n    \n    \n    \n    \n              \n      <img\n                            data-src=\"https:\/\/dornsife.usc.edu\/cmbs\/wp-content\/uploads\/sites\/398\/2023\/11\/Screenshot-2023-11-28-at-12.49.16-PM-e1701204650683-768x432.png\"\n          data-srcset=\"https:\/\/dornsife.usc.edu\/cmbs\/wp-content\/uploads\/sites\/398\/2023\/11\/Screenshot-2023-11-28-at-12.49.16-PM-e1701204650683-1280x720.png 1280w,https:\/\/dornsife.usc.edu\/cmbs\/wp-content\/uploads\/sites\/398\/2023\/11\/Screenshot-2023-11-28-at-12.49.16-PM-e1701204650683-768x432.png 768w\"          data-sizes=\"(min-width:1024px) 23vw, (min-width:768px) 39vw, 83vw\"          class=\"lazyload\"\n        \n                  role=\"none\"\n        \n        \n                                      \/>\n\n    \n    \n  \n  \n\n<\/div>\n          \n          <div class=\"text-container\">\n            \n                            <h3>\n                  \n                    1. M\u00fasica, Emociones y Sentimientos\n\n                                  <\/h3>\n            \n                              \n<div class=\"f--field f--description\">\n\n    \n  <div class=\"page\" title=\"Page 2\">\n<div class=\"layoutArea\">\n<div class=\"column\">\n<p>Exploramos la intrincada relaci\u00f3n entre la m\u00fasica y las emociones. Nuestra investigaci\u00f3n se centra en c\u00f3mo se procesa la m\u00fasica en el cerebro y el sistema nervioso, influyendo en emociones como el placer, la tristeza y la nostalgia. Un aspecto importante de esta investigaci\u00f3n es explorar el potencial terap\u00e9utico de la m\u00fasica, particularmente en el bienestar emocional y la salud mental.<\/p>\n<\/div>\n<\/div>\n<\/div>\n\n\n\n<\/div>\n                      <\/div>\n\n\n        <\/div>\n      \n        <div class=\"card\">\n\n          \n                                      \n                \n<div class=\"f--field f--image\">\n\n    \n    \n    \n    \n    \n    \n              \n      <img\n                            data-src=\"https:\/\/dornsife.usc.edu\/cmbs\/wp-content\/uploads\/sites\/398\/2023\/11\/Screenshot-2023-11-28-at-1.06.44-PM-768x432.png\"\n          data-srcset=\"https:\/\/dornsife.usc.edu\/cmbs\/wp-content\/uploads\/sites\/398\/2023\/11\/Screenshot-2023-11-28-at-1.06.44-PM-1280x720.png 1280w,https:\/\/dornsife.usc.edu\/cmbs\/wp-content\/uploads\/sites\/398\/2023\/11\/Screenshot-2023-11-28-at-1.06.44-PM-768x432.png 768w\"          data-sizes=\"(min-width:1024px) 23vw, (min-width:768px) 39vw, 83vw\"          class=\"lazyload\"\n        \n                  role=\"none\"\n        \n        \n                                      \/>\n\n    \n    \n  \n  \n\n<\/div>\n          \n          <div class=\"text-container\">\n            \n                            <h3>\n                  \n                    2. M\u00fasica, Ritmo y Movimiento\n\n                                  <\/h3>\n            \n                              \n<div class=\"f--field f--description\">\n\n    \n  <div class=\"page\" title=\"Page 2\">\n<div class=\"layoutArea\">\n<div class=\"column\">\n<p>Este tema de investigaci\u00f3n est\u00e1 dedicado a comprender el procesamiento del ritmo musical y sus fundamentos neurol\u00f3gicos. Examinamos c\u00f3mo el ritmo interact\u00faa con las conductas motoras y sus posibles aplicaciones terap\u00e9uticas, especialmente en el tratamiento de condiciones relacionadas con la edad como la enfermedad de Parkinson.<\/p>\n<\/div>\n<\/div>\n<\/div>\n\n\n\n<\/div>\n                      <\/div>\n\n\n        <\/div>\n      \n        <div class=\"card\">\n\n          \n                                      \n                \n<div class=\"f--field f--image\">\n\n    \n    \n    \n    \n    \n    \n              \n      <img\n                            data-src=\"https:\/\/dornsife.usc.edu\/cmbs\/wp-content\/uploads\/sites\/398\/2023\/11\/Screenshot-2023-11-28-at-12.42.56-PM-768x432.png\"\n          data-srcset=\"https:\/\/dornsife.usc.edu\/cmbs\/wp-content\/uploads\/sites\/398\/2023\/11\/Screenshot-2023-11-28-at-12.42.56-PM-1280x720.png 1280w,https:\/\/dornsife.usc.edu\/cmbs\/wp-content\/uploads\/sites\/398\/2023\/11\/Screenshot-2023-11-28-at-12.42.56-PM-768x432.png 768w\"          data-sizes=\"(min-width:1024px) 23vw, (min-width:768px) 39vw, 83vw\"          class=\"lazyload\"\n        \n                  role=\"none\"\n        \n        \n                                      \/>\n\n    \n    \n  \n  \n\n<\/div>\n          \n          <div class=\"text-container\">\n            \n                            <h3>\n                  \n                    3. M\u00fasica y Aprendizaje\n\n                                  <\/h3>\n            \n                              \n<div class=\"f--field f--description\">\n\n    \n  <div class=\"page\" title=\"Page 2\">\n<div class=\"layoutArea\">\n<div class=\"column\">\n<p>Exploramos los efectos del entrenamiento musical en diversos aspectos cognitivos como la memoria, la atenci\u00f3n y los procesos de aprendizaje a lo largo de diferentes etapas de la vida. Este proyecto utiliza la m\u00fasica como una herramienta \u00fanica para investigar y comprender la capacidad de plasticidad y desarrollo del cerebro.<\/p>\n<\/div>\n<\/div>\n<\/div>\n\n\n\n<\/div>\n                      <\/div>\n\n\n        <\/div>\n          <\/div>\n  \n\n  <\/div><\/div>\n\n\n\n    \n    \n\n  \n    \n\n\n\n\n\n\n<div\n  class=\"cc--component-container cc--two-column-ctas \"\n\n  \n  \n  \n  \n  \n  \n  >\n  <div class=\"c--component c--two-column-ctas\"\n    \n      >\n\n    \n      <div class=\"group\">\n\n                  \n<div class=\"f--field f--section-title\">\n\n    \n  <h2>\n          Sigue Explorando:\n      <\/h2>\n\n\n<\/div>\n      \n              <ul>\n                      <li>\n                  \n<div class=\"f--field f--link\">\n\n    \n    \n  \n<a \n  class=\"link\"\n  href= https:\/\/dornsife.usc.edu\/cmbs\/educacion-y-entrenamiento\/\n    aria-label=\"Read more about Educaci\u00f3n y entrenamiento\"  \n>\n    Educaci\u00f3n y entrenamiento \n  <svg version=\"1.1\" xmlns=\"http:\/\/www.w3.org\/2000\/svg\" xmlns:xlink=\"http:\/\/www.w3.org\/1999\/xlink\" x=\"0px\" y=\"0px\" viewBox=\"0 0 35 35\" enable-background=\"new 0 0 35 35\" width=\"25\" height=\"25\" xml:space=\"preserve\"><polygon fill-rule=\"evenodd\" clip-rule=\"evenodd\" fill=\"#000\" points=\"19.3,27.5 29.3,17.5,19.3,7.5 16.3,10.4 21.4,15.4 6.7,15.4 6.7,19.6 21.4,19.6 16.3,24.6 \"\/><\/svg>\n<\/a>\n\n\n<\/div>\n            <\/li>\n                      <li>\n                  \n<div class=\"f--field f--link\">\n\n    \n    \n  \n<a \n  class=\"link\"\n  href= https:\/\/dornsife.usc.edu\/cmbs\/alcance-comunitario\/\n    aria-label=\"Read more about Alcance Comunitario\"  \n>\n    Alcance Comunitario \n  <svg version=\"1.1\" xmlns=\"http:\/\/www.w3.org\/2000\/svg\" xmlns:xlink=\"http:\/\/www.w3.org\/1999\/xlink\" x=\"0px\" y=\"0px\" viewBox=\"0 0 35 35\" enable-background=\"new 0 0 35 35\" width=\"25\" height=\"25\" xml:space=\"preserve\"><polygon fill-rule=\"evenodd\" clip-rule=\"evenodd\" fill=\"#000\" points=\"19.3,27.5 29.3,17.5,19.3,7.5 16.3,10.4 21.4,15.4 6.7,15.4 6.7,19.6 21.4,19.6 16.3,24.6 \"\/><\/svg>\n<\/a>\n\n\n<\/div>\n            <\/li>\n                  <\/ul>\n      \n    <\/div>\n      <div class=\"group\">\n\n                  \n<div class=\"f--field f--section-title\">\n\n    \n  <h2>\n          Estar al d\u00eda:\n      <\/h2>\n\n\n<\/div>\n      \n              <ul>\n                      <li>\n                  \n<div class=\"f--field f--link\">\n\n    \n    \n  \n<a \n  class=\"link\"\n  href= https:\/\/dornsife.usc.edu\/cmbs\/eventos\/\n    aria-label=\"Read more about Eventos\"  \n>\n    Eventos \n  <svg version=\"1.1\" xmlns=\"http:\/\/www.w3.org\/2000\/svg\" xmlns:xlink=\"http:\/\/www.w3.org\/1999\/xlink\" x=\"0px\" y=\"0px\" viewBox=\"0 0 35 35\" enable-background=\"new 0 0 35 35\" width=\"25\" height=\"25\" xml:space=\"preserve\"><polygon fill-rule=\"evenodd\" clip-rule=\"evenodd\" fill=\"#000\" points=\"19.3,27.5 29.3,17.5,19.3,7.5 16.3,10.4 21.4,15.4 6.7,15.4 6.7,19.6 21.4,19.6 16.3,24.6 \"\/><\/svg>\n<\/a>\n\n\n<\/div>\n            <\/li>\n                      <li>\n                  \n<div class=\"f--field f--link\">\n\n    \n    \n  \n<a \n  class=\"link\"\n  href= https:\/\/dornsife.usc.edu\/cmbs\/noticias\/\n    aria-label=\"Read more about Noticias\"  \n>\n    Noticias \n  <svg version=\"1.1\" xmlns=\"http:\/\/www.w3.org\/2000\/svg\" xmlns:xlink=\"http:\/\/www.w3.org\/1999\/xlink\" x=\"0px\" y=\"0px\" viewBox=\"0 0 35 35\" enable-background=\"new 0 0 35 35\" width=\"25\" height=\"25\" xml:space=\"preserve\"><polygon fill-rule=\"evenodd\" clip-rule=\"evenodd\" fill=\"#000\" points=\"19.3,27.5 29.3,17.5,19.3,7.5 16.3,10.4 21.4,15.4 6.7,15.4 6.7,19.6 21.4,19.6 16.3,24.6 \"\/><\/svg>\n<\/a>\n\n\n<\/div>\n            <\/li>\n                  <\/ul>\n      \n    <\/div>\n  \n\n  <\/div><\/div>\n","protected":false},"excerpt":{"rendered":"","protected":false},"author":180,"featured_media":1144,"parent":0,"menu_order":0,"comment_status":"closed","ping_status":"closed","template":"","meta":{"_acf_changed":false,"footnotes":""},"class_list":["post-1512","page","type-page","status-publish","has-post-thumbnail","hentry"],"acf":[],"yoast_head":"<!-- This site is optimized with the Yoast SEO plugin v27.1.1 - https:\/\/yoast.com\/product\/yoast-seo-wordpress\/ -->\n<title>Investigaci\u00f3n - Center for Music, Brain and Society<\/title>\n<meta name=\"robots\" content=\"index, follow, max-snippet:-1, max-image-preview:large, max-video-preview:-1\" \/>\n<link rel=\"canonical\" href=\"https:\/\/dornsife.usc.edu\/cmbs\/investigacion\/\" \/>\n<meta property=\"og:locale\" content=\"en_US\" \/>\n<meta property=\"og:type\" content=\"article\" \/>\n<meta property=\"og:title\" content=\"Investigaci\u00f3n - Center for Music, Brain and Society\" \/>\n<meta property=\"og:url\" content=\"https:\/\/dornsife.usc.edu\/cmbs\/investigacion\/\" \/>\n<meta property=\"og:site_name\" content=\"Center for Music, Brain and Society\" \/>\n<meta property=\"article:modified_time\" content=\"2025-04-08T20:44:21+00:00\" \/>\n<meta property=\"og:image\" content=\"https:\/\/dornsife.usc.edu\/cmbs\/wp-content\/uploads\/sites\/398\/2023\/11\/Banner-with-shoulder-edits-High-Res.png\" \/>\n\t<meta property=\"og:image:width\" content=\"4939\" \/>\n\t<meta property=\"og:image:height\" content=\"3391\" \/>\n\t<meta property=\"og:image:type\" content=\"image\/png\" \/>\n<meta name=\"twitter:card\" content=\"summary_large_image\" \/>\n<script type=\"application\/ld+json\" class=\"yoast-schema-graph\">{\"@context\":\"https:\/\/schema.org\",\"@graph\":[{\"@type\":\"WebPage\",\"@id\":\"https:\/\/dornsife.usc.edu\/cmbs\/investigacion\/\",\"url\":\"https:\/\/dornsife.usc.edu\/cmbs\/investigacion\/\",\"name\":\"Investigaci\u00f3n - Center for Music, Brain and Society\",\"isPartOf\":{\"@id\":\"https:\/\/dornsife.usc.edu\/cmbs\/#website\"},\"primaryImageOfPage\":{\"@id\":\"https:\/\/dornsife.usc.edu\/cmbs\/investigacion\/#primaryimage\"},\"image\":{\"@id\":\"https:\/\/dornsife.usc.edu\/cmbs\/investigacion\/#primaryimage\"},\"thumbnailUrl\":\"https:\/\/dornsife.usc.edu\/cmbs\/wp-content\/uploads\/sites\/398\/2023\/11\/Banner-with-shoulder-edits-High-Res.png\",\"datePublished\":\"2023-11-30T06:27:42+00:00\",\"dateModified\":\"2025-04-08T20:44:21+00:00\",\"breadcrumb\":{\"@id\":\"https:\/\/dornsife.usc.edu\/cmbs\/investigacion\/#breadcrumb\"},\"inLanguage\":\"en-US\",\"potentialAction\":[{\"@type\":\"ReadAction\",\"target\":[\"https:\/\/dornsife.usc.edu\/cmbs\/investigacion\/\"]}]},{\"@type\":\"ImageObject\",\"inLanguage\":\"en-US\",\"@id\":\"https:\/\/dornsife.usc.edu\/cmbs\/investigacion\/#primaryimage\",\"url\":\"https:\/\/dornsife.usc.edu\/cmbs\/wp-content\/uploads\/sites\/398\/2023\/11\/Banner-with-shoulder-edits-High-Res.png\",\"contentUrl\":\"https:\/\/dornsife.usc.edu\/cmbs\/wp-content\/uploads\/sites\/398\/2023\/11\/Banner-with-shoulder-edits-High-Res.png\",\"width\":4939,\"height\":3391},{\"@type\":\"BreadcrumbList\",\"@id\":\"https:\/\/dornsife.usc.edu\/cmbs\/investigacion\/#breadcrumb\",\"itemListElement\":[{\"@type\":\"ListItem\",\"position\":1,\"name\":\"Home\",\"item\":\"https:\/\/dornsife.usc.edu\/cmbs\/\"},{\"@type\":\"ListItem\",\"position\":2,\"name\":\"Investigaci\u00f3n\"}]},{\"@type\":\"WebSite\",\"@id\":\"https:\/\/dornsife.usc.edu\/cmbs\/#website\",\"url\":\"https:\/\/dornsife.usc.edu\/cmbs\/\",\"name\":\"Center for Music, Brain and Society\",\"description\":\"USC Dornsife Center for Music, Brain and Society\",\"potentialAction\":[{\"@type\":\"SearchAction\",\"target\":{\"@type\":\"EntryPoint\",\"urlTemplate\":\"https:\/\/dornsife.usc.edu\/cmbs\/?s={search_term_string}\"},\"query-input\":{\"@type\":\"PropertyValueSpecification\",\"valueRequired\":true,\"valueName\":\"search_term_string\"}}],\"inLanguage\":\"en-US\"}]}<\/script>\n<!-- \/ Yoast SEO plugin. -->","yoast_head_json":{"title":"Investigaci\u00f3n - Center for Music, Brain and Society","robots":{"index":"index","follow":"follow","max-snippet":"max-snippet:-1","max-image-preview":"max-image-preview:large","max-video-preview":"max-video-preview:-1"},"canonical":"https:\/\/dornsife.usc.edu\/cmbs\/investigacion\/","og_locale":"en_US","og_type":"article","og_title":"Investigaci\u00f3n - Center for Music, Brain and Society","og_url":"https:\/\/dornsife.usc.edu\/cmbs\/investigacion\/","og_site_name":"Center for Music, Brain and Society","article_modified_time":"2025-04-08T20:44:21+00:00","og_image":[{"width":4939,"height":3391,"url":"https:\/\/dornsife.usc.edu\/cmbs\/wp-content\/uploads\/sites\/398\/2023\/11\/Banner-with-shoulder-edits-High-Res.png","type":"image\/png"}],"twitter_card":"summary_large_image","schema":{"@context":"https:\/\/schema.org","@graph":[{"@type":"WebPage","@id":"https:\/\/dornsife.usc.edu\/cmbs\/investigacion\/","url":"https:\/\/dornsife.usc.edu\/cmbs\/investigacion\/","name":"Investigaci\u00f3n - Center for Music, Brain and Society","isPartOf":{"@id":"https:\/\/dornsife.usc.edu\/cmbs\/#website"},"primaryImageOfPage":{"@id":"https:\/\/dornsife.usc.edu\/cmbs\/investigacion\/#primaryimage"},"image":{"@id":"https:\/\/dornsife.usc.edu\/cmbs\/investigacion\/#primaryimage"},"thumbnailUrl":"https:\/\/dornsife.usc.edu\/cmbs\/wp-content\/uploads\/sites\/398\/2023\/11\/Banner-with-shoulder-edits-High-Res.png","datePublished":"2023-11-30T06:27:42+00:00","dateModified":"2025-04-08T20:44:21+00:00","breadcrumb":{"@id":"https:\/\/dornsife.usc.edu\/cmbs\/investigacion\/#breadcrumb"},"inLanguage":"en-US","potentialAction":[{"@type":"ReadAction","target":["https:\/\/dornsife.usc.edu\/cmbs\/investigacion\/"]}]},{"@type":"ImageObject","inLanguage":"en-US","@id":"https:\/\/dornsife.usc.edu\/cmbs\/investigacion\/#primaryimage","url":"https:\/\/dornsife.usc.edu\/cmbs\/wp-content\/uploads\/sites\/398\/2023\/11\/Banner-with-shoulder-edits-High-Res.png","contentUrl":"https:\/\/dornsife.usc.edu\/cmbs\/wp-content\/uploads\/sites\/398\/2023\/11\/Banner-with-shoulder-edits-High-Res.png","width":4939,"height":3391},{"@type":"BreadcrumbList","@id":"https:\/\/dornsife.usc.edu\/cmbs\/investigacion\/#breadcrumb","itemListElement":[{"@type":"ListItem","position":1,"name":"Home","item":"https:\/\/dornsife.usc.edu\/cmbs\/"},{"@type":"ListItem","position":2,"name":"Investigaci\u00f3n"}]},{"@type":"WebSite","@id":"https:\/\/dornsife.usc.edu\/cmbs\/#website","url":"https:\/\/dornsife.usc.edu\/cmbs\/","name":"Center for Music, Brain and Society","description":"USC Dornsife Center for Music, Brain and Society","potentialAction":[{"@type":"SearchAction","target":{"@type":"EntryPoint","urlTemplate":"https:\/\/dornsife.usc.edu\/cmbs\/?s={search_term_string}"},"query-input":{"@type":"PropertyValueSpecification","valueRequired":true,"valueName":"search_term_string"}}],"inLanguage":"en-US"}]}},"_links":{"self":[{"href":"https:\/\/dornsife.usc.edu\/cmbs\/wp-json\/wp\/v2\/pages\/1512","targetHints":{"allow":["GET"]}}],"collection":[{"href":"https:\/\/dornsife.usc.edu\/cmbs\/wp-json\/wp\/v2\/pages"}],"about":[{"href":"https:\/\/dornsife.usc.edu\/cmbs\/wp-json\/wp\/v2\/types\/page"}],"author":[{"embeddable":true,"href":"https:\/\/dornsife.usc.edu\/cmbs\/wp-json\/wp\/v2\/users\/180"}],"replies":[{"embeddable":true,"href":"https:\/\/dornsife.usc.edu\/cmbs\/wp-json\/wp\/v2\/comments?post=1512"}],"version-history":[{"count":13,"href":"https:\/\/dornsife.usc.edu\/cmbs\/wp-json\/wp\/v2\/pages\/1512\/revisions"}],"predecessor-version":[{"id":3957,"href":"https:\/\/dornsife.usc.edu\/cmbs\/wp-json\/wp\/v2\/pages\/1512\/revisions\/3957"}],"wp:featuredmedia":[{"embeddable":true,"href":"https:\/\/dornsife.usc.edu\/cmbs\/wp-json\/wp\/v2\/media\/1144"}],"wp:attachment":[{"href":"https:\/\/dornsife.usc.edu\/cmbs\/wp-json\/wp\/v2\/media?parent=1512"}],"curies":[{"name":"wp","href":"https:\/\/api.w.org\/{rel}","templated":true}]}}