{"id":164,"date":"2023-08-17T20:44:25","date_gmt":"2023-08-18T03:44:25","guid":{"rendered":"https:\/\/live-usc-dornsife.pantheonsite.io\/cjrc\/?page_id=164"},"modified":"2026-03-20T13:30:46","modified_gmt":"2026-03-20T20:30:46","slug":"environmental-humanities","status":"publish","type":"page","link":"https:\/\/dornsife.usc.edu\/cjrc\/environmental-humanities\/","title":{"rendered":"Environmental Humanities Speaker Series"},"content":{"rendered":"\n  \n    \n\n\n\n\n\n\n<div\n  class=\"cc--component-container cc--featured-block image-left\"\n\n  \n  \n  \n  \n  \n  \n  >\n  <div class=\"c--component c--featured-block\"\n    \n      >\n\n    \n  <div class=\"text-image-container\">\n    <div class=\"text-container\">\n\n                  \n<div class=\"f--field f--eyebrow\">\n\n    \n  <span>Faculty Organizer: Jason Webb<\/span>\n\n\n<\/div>\n      \n                  \n<div class=\"f--field f--section-title\">\n\n    \n  <h2>\n          This speaker series seeks to give a forum to Japan-inflected issues relating to the growing field of Environmental Humanities.\n      <\/h2>\n\n\n<\/div>\n      \n                  \n<div class=\"f--field f--description\">\n\n    \n  <p>Environmental Humanities encompasses a broad range of ever-evolving subfields including but not limited to climate justice, animal studies, ecocriticism, environmental ethics, posthumanism, and biosemantics. It seeks to recognize indigenous knowledge about biosystems alongside of more well-known \u201cWestern\u201d and \u201cEastern\u201d regimes of knowledge.<\/p>\n\n\n\n<\/div>\n      \n          <\/div>\n\n          <div class=\"image-container\">\n            \n<div class=\"f--field f--image\">\n\n    \n    \n    \n    \n    \n    \n              \n      <img\n                            data-src=\"https:\/\/dornsife.usc.edu\/cjrc\/wp-content\/uploads\/sites\/164\/2024\/09\/envHumanities-1-768x768.png\"\n          data-srcset=\"https:\/\/dornsife.usc.edu\/cjrc\/wp-content\/uploads\/sites\/164\/2024\/09\/envHumanities-1-1280x1280.png 1280w,https:\/\/dornsife.usc.edu\/cjrc\/wp-content\/uploads\/sites\/164\/2024\/09\/envHumanities-1-768x768.png 768w\"          data-sizes=\"(min-width:1024px) 50vw, (min-width:768px) 100vw, 100vw\"          class=\"lazyload\"\n        \n                  role=\"none\"\n        \n        \n                                      \/>\n\n    \n    \n  \n  \n\n<\/div>\n      <\/div>\n    \n  <\/div>\n\n\n  <\/div><\/div>\n\n\n  \n\n                \n  \n    \n\n\n\n\n\n\n<div\n  class=\"cc--component-container cc--stacking-cards \"\n\n  \n  \n  \n  \n  \n  \n  >\n  <div class=\"c--component c--stacking-cards\"\n    \n      >\n\n    \n            <div class=\"header-container\">\n                                \n<div class=\"f--field f--section-title\">\n\n    \n  <h2>\n          Events\n      <\/h2>\n\n\n<\/div>\n            \n                    <\/div>\n    \n            <div class=\"cards-container\">\n            \n                <div class=\"card\">\n\n                    <div class=\"title-description\">\n\n                                                      \n<div class=\"f--field f--cta-title\">\n\n    \n  <h3>\n          What is Environmental Carework? Listening to Life in Minamata\n      <\/h3>\n\n\n<\/div>\n                        \n                                                        \n<div class=\"f--field f--description\">\n\n    \n  <p><strong>Thursday, February 12, 2026 \u00a0<\/strong><\/p>\n<p>From the 1930s to the late 1960s, a multinational chemical corporation called Chisso dumped industrial mercury into the ocean at Minamata, a small fishing village in southern Japan. This caused severe neurological symptoms in people who lived on fish. It also gave rise to a discipline called\u00a0<i>Minamata-gaku<\/i>, or Minamata<i>\u00a0<\/i>Studies, at the intersection of literature, history, medicine, religion and documentary filmmaking.\u00a0In this event,\u00a0<b>Margherita Long\u00a0<\/b>(Japanese Literature, UC Irvine)\u00a0and\u00a0<b>Yuki Miyamoto\u00a0<\/b>(Japanese Religion, DePaul University)\u00a0ask what the Environmental Humanities has to learn from Minamata Studies, especially on the topic of care.<\/p>\n<p>Long will speak on the fisherman-philosopher Ogata Masato (1953-),\u00a0who narrated his 2001 memoir\u00a0<i>Rowing the Eternal Sea\u00a0<\/i>to anthropologist Oiwa Keibo over several years.\u00a0The book explains why government compensation is meaningless when it comes to environmental care, and why Ogata pursues instead what he calls \u201csoul transfer\u201d (<i>tamashii-utsure<\/i>). Miyamoto will speak on the practices of the people of Minamata, which have often been dismissed as &#8220;unintelligible,&#8221; if not actively frownded upon, focusing primarily on the work of Ogata Masato and Ishimure Michiko. Interpreting their work as a form of environmental praxis and drawing on Long&#8217;s chapter on Minamata and Fukushima, Miayamoto discusses what an expanded understanding of environmental care work might entail.<\/p>\n<p>The event will unfold as a conversation. Long will introduce and comment on Miyamoto\u2019s chapter on \u201cAssociation of the Original Vow\u201d from her 2021 book\u00a0<i>A World Otherwise: Environmental Praxis in Minamata<\/i>. Then Miyamoto will introduce and comment on Long\u2019s chapter on Minamata from her forthcoming book\u00a0<i>Care, Kin, Crackup: Fukushima and the Intrusion of Gaia<\/i>. We will end with an extended Q&amp;A and open conversation.<\/p>\n\n\n\n<\/div>\n                        \n                    <\/div>\n\n\n                    \n                        \n                            \n<div class=\"f--field f--image\">\n\n    \n    \n    \n    \n    \n    \n              \n      <img decoding=\"async\"\n                            src=\"https:\/\/dornsife.usc.edu\/cjrc\/wp-content\/uploads\/sites\/164\/2026\/03\/f973ee3c08ca6e40b0e56fbd6a7fbfd3ef3ae4b7.jpg\"\n                    sizes=\"(min-width:1024px) 50vw, (min-width:768px) 100vw, 100vw\"\n        \n                  role=\"none\"\n        \n        \n                                      \/>\n\n    \n    \n  \n  \n\n<\/div>\n\n                    \n                <\/div>\n\n            \n                <div class=\"card\">\n\n                    <div class=\"title-description\">\n\n                                                      \n<div class=\"f--field f--cta-title\">\n\n    \n  <h3>\n          <a href=\"https:\/\/calendar.usc.edu\/event\/rituals-and-more-than-human-relationality-in-the-anthropocene-japanese-whale-graves-and-festivals-in-comparative-perspective\" \n                        class=\"\" \n      >Aike Peter Rots: &#8220;Rituals and More-than-Human Relationality in the Anthropocene: Japanese Whale Graves and Festivals in Comparative Perspective&#8221;<\/a>\n      <\/h3>\n\n\n<\/div>\n                        \n                                                        \n<div class=\"f--field f--description\">\n\n    \n  <p><strong>Thursday, November 21, 2024<\/strong><\/p>\n<p style=\"font-weight: 400;\">The Japanese archipelago is home to a large number of whale graves, monuments, Shinto shrines, and Buddhist steles dedicated to the spirits of stranded or hunted cetaceans. Some of these are located in regions historically associated with coastal whaling, such as the Kii peninsula, western Kyushu, or Yamaguchi prefecture. Others can be found in places where people did not hunt whales prior to modern times, but where whales occasionally beached themselves, such as eastern T\u014dhoku, \u014cita prefecture, or Ainu Mosir. Whales also take centre stage in a variety of ritual practices, ranging from <em>kuy\u014d <\/em>pacification rituals conducted by Buddhist priests to whaling reenactments performed during shrine festivals. Together, these mnemonic sites and practices show that the history of human-whale relations in the Japanese archipelago is far more diverse than contemporary debates about the purported significance of whaling in Japanese culture suggest. Throughout the early modern and modern periods, humans have perceived and portrayed whales in a variety of ways: as divine incarnations, as religious worshippers, as sacred gifts, as dangerous adversaries, as inanimate natural resources, as cute mascot characters, and more.<\/p>\n\n\n\n<\/div>\n                        \n                    <\/div>\n\n\n                    \n                        \n                            \n<div class=\"f--field f--image\">\n\n    \n        <a href=\"https:\/\/calendar.usc.edu\/event\/rituals-and-more-than-human-relationality-in-the-anthropocene-japanese-whale-graves-and-festivals-in-comparative-perspective\"  aria-label=\"Read more about Aike Peter Rots: \"Rituals and More-than-Human Relationality in the Anthropocene: Japanese Whale Graves and Festivals in Comparative Perspective\"\">\n  \n    \n    \n    \n    \n              \n      <img decoding=\"async\"\n                            src=\"https:\/\/dornsife.usc.edu\/cjrc\/wp-content\/uploads\/sites\/164\/2024\/09\/Aikeenv-e1725570774608-768x981.jpg\"\n                    sizes=\"(min-width:1024px) 50vw, (min-width:768px) 100vw, 100vw\"\n        \n                  role=\"none\"\n        \n        \n                                      \/>\n\n    \n    \n  \n      <\/a>\n  \n\n<\/div>\n\n                    \n                <\/div>\n\n            \n                <div class=\"card\">\n\n                    <div class=\"title-description\">\n\n                                                      \n<div class=\"f--field f--cta-title\">\n\n    \n  <h3>\n          <a href=\"https:\/\/calendar.usc.edu\/event\/moss-as-evolutionary-kin-a-plant-humanities-reading-of-osaki-midori\" \n                        class=\"\" \n      >Jon L Pitt &#8211; Moss as Evolutionary Kin: A Plant Humanities Reading of Osaki Midori<\/a>\n      <\/h3>\n\n\n<\/div>\n                        \n                                                        \n<div class=\"f--field f--description\">\n\n    \n  <p><strong>Monday, April 15 2024<\/strong><\/p>\n<p>This talk focuses on plant life in the writing of Japanese modernist author and film critic Osaki Midori (1896-1971), whose experimental works feature a new approach to plants somewhere in between science and poetry, or what famed literary critic Hanada Kiyoteru called &#8220;plants of the 20<sup>th<\/sup>\u00a0century.&#8221; Employing methodologies from the emerging field of critical plant studies and arguing for the importance of taking plants seriously in our reading of literature, Pitt demonstrates how Osaki&#8217;s figuration of moss in her best-known work\u00a0<i>Wandering in the Realm of the Seventh Sense\u00a0<\/i>(1931) ties the novella to Japan&#8217;s colonial nexus while simultaneously attempting to resist the ideology of social Darwinism that was used to help justify Japan&#8217;s imperial project. Through a creative engagement with evolutionary theory, Osaki wrote of moss as a distant ancestor of humans, crafting a utopian yet ultimately ambivalent vision of evolution that was not hierarchical or unidirectional.<\/p>\n\n\n\n<\/div>\n                        \n                    <\/div>\n\n\n                    \n                        \n                            \n<div class=\"f--field f--image\">\n\n    \n        <a href=\"https:\/\/calendar.usc.edu\/event\/moss-as-evolutionary-kin-a-plant-humanities-reading-of-osaki-midori\"  aria-label=\"Read more about Jon L Pitt - Moss as Evolutionary Kin: A Plant Humanities Reading of Osaki Midori\">\n  \n    \n    \n    \n    \n              \n      <img decoding=\"async\"\n                            src=\"https:\/\/dornsife.usc.edu\/cjrc\/wp-content\/uploads\/sites\/164\/2024\/04\/e121469ee3943e3a478e96803fdc63a293e0fad6.jpg\"\n                    sizes=\"(min-width:1024px) 50vw, (min-width:768px) 100vw, 100vw\"\n        \n                  role=\"none\"\n        \n        \n                                      \/>\n\n    \n    \n  \n      <\/a>\n  \n\n<\/div>\n\n                    \n                <\/div>\n\n            \n                <div class=\"card\">\n\n                    <div class=\"title-description\">\n\n                                                      \n<div class=\"f--field f--cta-title\">\n\n    \n  <h3>\n          <a href=\"https:\/\/calendar.usc.edu\/event\/christine_marran_-_local_national_regional_or_planetary_analyzing_island_chains_as_biotropes_and_the_poetics_of_ishimure_michiko\" \n                        class=\"\" \n      >Christine Marran &#8211; &#8220;Local, National, Regional, or Planetary?: Analyzing Island Chains as Biotropes and the Poetics of Ishimure Michiko&#8221;<\/a>\n      <\/h3>\n\n\n<\/div>\n                        \n                                                        \n<div class=\"f--field f--description\">\n\n    \n  <p><strong>Wednesday, March 29 2023<\/strong><\/p>\n<p>In this lecture, Marran offers an analysis of island chains in the work of famed author of industrial pollution, Ishimure Michiko, beginning with the question of how best to address specific island-sea cosmologies in relation to the broader archipelago of \u201cJapan.\u201d Showing synchronicities between Ishimure and\u00a0\u00c9douard\u00a0Glissant\u2019s poetics regarding archipelagoes,\u00a0Marran demonstrates how\u00a0Ishimure\u2019s philosophy explicitly decenters humanistic approaches to island-chains\u00a0to forward a planetary commons that rejects geopolitical and ethnic identities as primary modes of belonging&#8230;<\/p>\n\n\n\n<\/div>\n                        \n                    <\/div>\n\n\n                    \n                        \n                            \n<div class=\"f--field f--image\">\n\n    \n        <a href=\"https:\/\/calendar.usc.edu\/event\/christine_marran_-_local_national_regional_or_planetary_analyzing_island_chains_as_biotropes_and_the_poetics_of_ishimure_michiko\"  aria-label=\"Read more about Christine Marran - \"Local, National, Regional, or Planetary?: Analyzing Island Chains as Biotropes and the Poetics of Ishimure Michiko\"\">\n  \n    \n    \n    \n    \n              \n      <img decoding=\"async\"\n                            src=\"https:\/\/dornsife.usc.edu\/cjrc\/wp-content\/uploads\/sites\/164\/2023\/08\/Shima-768x1024.jpeg\"\n          srcset=\"https:\/\/dornsife.usc.edu\/cjrc\/wp-content\/uploads\/sites\/164\/2023\/08\/Shima-768x1024.jpeg 768w\"          sizes=\"(min-width:1024px) 50vw, (min-width:768px) 100vw, 100vw\"\n        \n                  role=\"none\"\n        \n        \n                                      \/>\n\n    \n    \n  \n      <\/a>\n  \n\n<\/div>\n\n                    \n                <\/div>\n\n            \n        <\/div>\n    \n\n  <\/div><\/div>\n","protected":false},"excerpt":{"rendered":"","protected":false},"author":242,"featured_media":0,"parent":0,"menu_order":0,"comment_status":"closed","ping_status":"closed","template":"","meta":{"_acf_changed":false,"footnotes":""},"class_list":["post-164","page","type-page","status-publish","hentry"],"acf":[],"yoast_head":"<!-- This site is optimized with the Yoast SEO plugin v27.1.1 - https:\/\/yoast.com\/product\/yoast-seo-wordpress\/ -->\n<title>Environmental Humanities Speaker Series - Shinso Ito Center for Japanese Religions and Culture<\/title>\n<meta name=\"robots\" content=\"index, follow, max-snippet:-1, max-image-preview:large, max-video-preview:-1\" \/>\n<link rel=\"canonical\" href=\"https:\/\/dornsife.usc.edu\/cjrc\/environmental-humanities\/\" \/>\n<meta property=\"og:locale\" content=\"en_US\" \/>\n<meta property=\"og:type\" content=\"article\" \/>\n<meta property=\"og:title\" content=\"Environmental Humanities Speaker Series - Shinso Ito Center for Japanese Religions and Culture\" \/>\n<meta property=\"og:url\" content=\"https:\/\/dornsife.usc.edu\/cjrc\/environmental-humanities\/\" \/>\n<meta property=\"og:site_name\" content=\"Shinso Ito Center for Japanese Religions and Culture\" \/>\n<meta property=\"article:modified_time\" content=\"2026-03-20T20:30:46+00:00\" \/>\n<meta name=\"twitter:card\" content=\"summary_large_image\" \/>\n<script type=\"application\/ld+json\" class=\"yoast-schema-graph\">{\"@context\":\"https:\/\/schema.org\",\"@graph\":[{\"@type\":\"WebPage\",\"@id\":\"https:\/\/dornsife.usc.edu\/cjrc\/environmental-humanities\/\",\"url\":\"https:\/\/dornsife.usc.edu\/cjrc\/environmental-humanities\/\",\"name\":\"Environmental Humanities Speaker Series - Shinso Ito Center for Japanese Religions and Culture\",\"isPartOf\":{\"@id\":\"https:\/\/dornsife.usc.edu\/cjrc\/#website\"},\"datePublished\":\"2023-08-18T03:44:25+00:00\",\"dateModified\":\"2026-03-20T20:30:46+00:00\",\"breadcrumb\":{\"@id\":\"https:\/\/dornsife.usc.edu\/cjrc\/environmental-humanities\/#breadcrumb\"},\"inLanguage\":\"en-US\",\"potentialAction\":[{\"@type\":\"ReadAction\",\"target\":[\"https:\/\/dornsife.usc.edu\/cjrc\/environmental-humanities\/\"]}]},{\"@type\":\"BreadcrumbList\",\"@id\":\"https:\/\/dornsife.usc.edu\/cjrc\/environmental-humanities\/#breadcrumb\",\"itemListElement\":[{\"@type\":\"ListItem\",\"position\":1,\"name\":\"Home\",\"item\":\"https:\/\/dornsife.usc.edu\/cjrc\/\"},{\"@type\":\"ListItem\",\"position\":2,\"name\":\"Environmental Humanities Speaker Series\"}]},{\"@type\":\"WebSite\",\"@id\":\"https:\/\/dornsife.usc.edu\/cjrc\/#website\",\"url\":\"https:\/\/dornsife.usc.edu\/cjrc\/\",\"name\":\"Shinso Ito Center for Japanese Religions and Culture\",\"description\":\"Dornsife Shinso Ito Center for Japanese Religions and Culture\",\"potentialAction\":[{\"@type\":\"SearchAction\",\"target\":{\"@type\":\"EntryPoint\",\"urlTemplate\":\"https:\/\/dornsife.usc.edu\/cjrc\/?s={search_term_string}\"},\"query-input\":{\"@type\":\"PropertyValueSpecification\",\"valueRequired\":true,\"valueName\":\"search_term_string\"}}],\"inLanguage\":\"en-US\"}]}<\/script>\n<!-- \/ Yoast SEO plugin. -->","yoast_head_json":{"title":"Environmental Humanities Speaker Series - Shinso Ito Center for Japanese Religions and Culture","robots":{"index":"index","follow":"follow","max-snippet":"max-snippet:-1","max-image-preview":"max-image-preview:large","max-video-preview":"max-video-preview:-1"},"canonical":"https:\/\/dornsife.usc.edu\/cjrc\/environmental-humanities\/","og_locale":"en_US","og_type":"article","og_title":"Environmental Humanities Speaker Series - Shinso Ito Center for Japanese Religions and Culture","og_url":"https:\/\/dornsife.usc.edu\/cjrc\/environmental-humanities\/","og_site_name":"Shinso Ito Center for Japanese Religions and Culture","article_modified_time":"2026-03-20T20:30:46+00:00","twitter_card":"summary_large_image","schema":{"@context":"https:\/\/schema.org","@graph":[{"@type":"WebPage","@id":"https:\/\/dornsife.usc.edu\/cjrc\/environmental-humanities\/","url":"https:\/\/dornsife.usc.edu\/cjrc\/environmental-humanities\/","name":"Environmental Humanities Speaker Series - Shinso Ito Center for Japanese Religions and Culture","isPartOf":{"@id":"https:\/\/dornsife.usc.edu\/cjrc\/#website"},"datePublished":"2023-08-18T03:44:25+00:00","dateModified":"2026-03-20T20:30:46+00:00","breadcrumb":{"@id":"https:\/\/dornsife.usc.edu\/cjrc\/environmental-humanities\/#breadcrumb"},"inLanguage":"en-US","potentialAction":[{"@type":"ReadAction","target":["https:\/\/dornsife.usc.edu\/cjrc\/environmental-humanities\/"]}]},{"@type":"BreadcrumbList","@id":"https:\/\/dornsife.usc.edu\/cjrc\/environmental-humanities\/#breadcrumb","itemListElement":[{"@type":"ListItem","position":1,"name":"Home","item":"https:\/\/dornsife.usc.edu\/cjrc\/"},{"@type":"ListItem","position":2,"name":"Environmental Humanities Speaker Series"}]},{"@type":"WebSite","@id":"https:\/\/dornsife.usc.edu\/cjrc\/#website","url":"https:\/\/dornsife.usc.edu\/cjrc\/","name":"Shinso Ito Center for Japanese Religions and Culture","description":"Dornsife Shinso Ito Center for Japanese Religions and Culture","potentialAction":[{"@type":"SearchAction","target":{"@type":"EntryPoint","urlTemplate":"https:\/\/dornsife.usc.edu\/cjrc\/?s={search_term_string}"},"query-input":{"@type":"PropertyValueSpecification","valueRequired":true,"valueName":"search_term_string"}}],"inLanguage":"en-US"}]}},"_links":{"self":[{"href":"https:\/\/dornsife.usc.edu\/cjrc\/wp-json\/wp\/v2\/pages\/164","targetHints":{"allow":["GET"]}}],"collection":[{"href":"https:\/\/dornsife.usc.edu\/cjrc\/wp-json\/wp\/v2\/pages"}],"about":[{"href":"https:\/\/dornsife.usc.edu\/cjrc\/wp-json\/wp\/v2\/types\/page"}],"author":[{"embeddable":true,"href":"https:\/\/dornsife.usc.edu\/cjrc\/wp-json\/wp\/v2\/users\/242"}],"replies":[{"embeddable":true,"href":"https:\/\/dornsife.usc.edu\/cjrc\/wp-json\/wp\/v2\/comments?post=164"}],"version-history":[{"count":34,"href":"https:\/\/dornsife.usc.edu\/cjrc\/wp-json\/wp\/v2\/pages\/164\/revisions"}],"predecessor-version":[{"id":2132,"href":"https:\/\/dornsife.usc.edu\/cjrc\/wp-json\/wp\/v2\/pages\/164\/revisions\/2132"}],"wp:attachment":[{"href":"https:\/\/dornsife.usc.edu\/cjrc\/wp-json\/wp\/v2\/media?parent=164"}],"curies":[{"name":"wp","href":"https:\/\/api.w.org\/{rel}","templated":true}]}}