{"id":1583,"date":"2024-01-18T13:04:34","date_gmt":"2024-01-18T21:04:34","guid":{"rendered":"https:\/\/dornsife.usc.edu\/cjrc\/?page_id=1583"},"modified":"2024-01-18T13:04:36","modified_gmt":"2024-01-18T21:04:36","slug":"spring-2016-events","status":"publish","type":"page","link":"https:\/\/dornsife.usc.edu\/cjrc\/spring-2016-events\/","title":{"rendered":"Spring 2016 Events"},"content":{"rendered":"\n\n                                        \n  \n    \n\n\n\n\n\n\n<div\n  class=\"cc--component-container cc--stacking-cards \"\n\n  \n  \n  \n  \n  \n  \n  >\n  <div class=\"c--component c--stacking-cards\"\n    \n      >\n\n    \n    \n            <div class=\"cards-container\">\n            \n                <div class=\"card\">\n\n                    <div class=\"title-description\">\n\n                                                      \n<div class=\"f--field f--cta-title\">\n\n    \n  <h3>\n          <a href=\"https:\/\/calendar.usc.edu\/event\/a_puzzle_in_the_history_of_japanese_contraception\" \n                        class=\"\" \n      >A Puzzle in the History of Japanese Contraception<\/a>\n      <\/h3>\n\n\n<\/div>\n                        \n                                                        \n<div class=\"f--field f--description\">\n\n    \n  <p><b>January 14, 2016<\/b><br \/>\n4:15 PM to 5:45 PM<\/p>\n<p>In parts of Tokugawa Japan, every other pregnancy ended in an abortion or infanticide. Why did contraception not take their place before the twentieth century? Fabian Drixler (Yale University) explores this unusual contraceptive practice in Tokugawa Japan.\u00a0\u00a0 RSVP\u00a0 Tokugawa Japan&#8230;<\/p>\n\n\n\n<\/div>\n                        \n                    <\/div>\n\n\n                    \n                        \n                            \n<div class=\"f--field f--image\">\n\n    \n        <a href=\"https:\/\/calendar.usc.edu\/event\/a_puzzle_in_the_history_of_japanese_contraception\"  aria-label=\"Read more about A Puzzle in the History of Japanese Contraception\">\n  \n    \n    \n    \n    \n              \n      <img decoding=\"async\"\n                            src=\"https:\/\/dornsife.usc.edu\/cjrc\/wp-content\/uploads\/sites\/164\/2024\/01\/1-re-8-768x432.jpg\"\n          srcset=\"https:\/\/dornsife.usc.edu\/cjrc\/wp-content\/uploads\/sites\/164\/2024\/01\/1-re-8-768x432.jpg 768w\"          sizes=\"(min-width:1024px) 23vw, (min-width:768px) 39vw, 83vw\"\n        \n                  role=\"none\"\n        \n        \n                                      \/>\n\n    \n    \n  \n      <\/a>\n  \n\n<\/div>\n\n                    \n                <\/div>\n\n            \n                <div class=\"card\">\n\n                    <div class=\"title-description\">\n\n                                                      \n<div class=\"f--field f--cta-title\">\n\n    \n  <h3>\n          <a href=\"https:\/\/calendar.usc.edu\/event\/faith_solidarity_and_compromises_christian_life_in_the_wwii_japanese_american_incarceration_camps\" \n                        class=\"\" \n      >Faith, Solidarity and Compromises: Christian Life in the WWII Japanese American Incarceration Camps<\/a>\n      <\/h3>\n\n\n<\/div>\n                        \n                                                        \n<div class=\"f--field f--description\">\n\n    \n  <p><b>January 15, 2016<\/b><br \/>\n12:00 PM to 2:00 PM<\/p>\n<p>Anne Blankenship (North Dakota State University) explores the lived religious experience of Nikkei Christian pastors struggling to build sustainable lives behind the barbed wire of America&#8217;s wartime incarceration camps.\u00a0 View\u00a0Flyer \u201cFaith, Solidarity &amp; Compromises: Chri&#8230;<\/p>\n\n\n\n<\/div>\n                        \n                    <\/div>\n\n\n                    \n                        \n                            \n<div class=\"f--field f--image\">\n\n    \n        <a href=\"https:\/\/calendar.usc.edu\/event\/faith_solidarity_and_compromises_christian_life_in_the_wwii_japanese_american_incarceration_camps\"  aria-label=\"Read more about Faith, Solidarity and Compromises: Christian Life in the WWII Japanese American Incarceration Camps\">\n  \n    \n    \n    \n    \n              \n      <img decoding=\"async\"\n                            src=\"https:\/\/dornsife.usc.edu\/cjrc\/wp-content\/uploads\/sites\/164\/2024\/01\/2-re-8-768x432.jpg\"\n          srcset=\"https:\/\/dornsife.usc.edu\/cjrc\/wp-content\/uploads\/sites\/164\/2024\/01\/2-re-8-768x432.jpg 768w\"          sizes=\"(min-width:1024px) 23vw, (min-width:768px) 39vw, 83vw\"\n        \n                  role=\"none\"\n        \n        \n                                      \/>\n\n    \n    \n  \n      <\/a>\n  \n\n<\/div>\n\n                    \n                <\/div>\n\n            \n                <div class=\"card\">\n\n                    <div class=\"title-description\">\n\n                                                      \n<div class=\"f--field f--cta-title\">\n\n    \n  <h3>\n          <a href=\"https:\/\/calendar.usc.edu\/event\/history_of_transnational_connections_between_japan_and_louisiana\" \n                        class=\"\" \n      >History of Transnational Connections Between Japan and Louisiana<\/a>\n      <\/h3>\n\n\n<\/div>\n                        \n                                                        \n<div class=\"f--field f--description\">\n\n    \n  <p><b>January 28, 2016<\/b><br \/>\n4:15 PM to 5:45 PM<\/p>\n<p>New Orleans was a major hub for trade and investment for Japan in the early 20th Century era. By 1960, Japan became the city\u2019s largest international trading partner. Greg Robinson (Universit\u00e9 du Qu\u00e9bec \u00e0 Montr\u00e9al) discusses the paradoxical status ethnic Japanese enj&#8230;<\/p>\n\n\n\n<\/div>\n                        \n                    <\/div>\n\n\n                    \n                        \n                            \n<div class=\"f--field f--image\">\n\n    \n        <a href=\"https:\/\/calendar.usc.edu\/event\/history_of_transnational_connections_between_japan_and_louisiana\"  aria-label=\"Read more about History of Transnational Connections Between Japan and Louisiana\">\n  \n    \n    \n    \n    \n              \n      <img decoding=\"async\"\n                            src=\"https:\/\/dornsife.usc.edu\/cjrc\/wp-content\/uploads\/sites\/164\/2024\/01\/3-re-8-768x432.jpg\"\n          srcset=\"https:\/\/dornsife.usc.edu\/cjrc\/wp-content\/uploads\/sites\/164\/2024\/01\/3-re-8-768x432.jpg 768w\"          sizes=\"(min-width:1024px) 23vw, (min-width:768px) 39vw, 83vw\"\n        \n                  role=\"none\"\n        \n        \n                                      \/>\n\n    \n    \n  \n      <\/a>\n  \n\n<\/div>\n\n                    \n                <\/div>\n\n            \n                <div class=\"card\">\n\n                    <div class=\"title-description\">\n\n                                                      \n<div class=\"f--field f--cta-title\">\n\n    \n  <h3>\n          <a href=\"https:\/\/calendar.usc.edu\/event\/the_de-logic_of_visual_image_practices_in_japan_from_the_magic_lantern_to_cinema_and_animation\" \n                        class=\"\" \n      >The Engine of Animated Background<\/a>\n      <\/h3>\n\n\n<\/div>\n                        \n                                                        \n<div class=\"f--field f--description\">\n\n    \n  <p><b>February 23, 2016<\/b><br \/>\n4:15 PM to 5:45 PM<\/p>\n<p>Keisuke Kitano (Ritsumeikan University)\u00a0will present a theorization of visual image practices in Japan with reference to the concept of animated background.\u00a0Kitano&#8217;s\u00a0talk\u00a0consists\u00a0mainly of three-part argumentations.\u00a0Firstly it will be conducted to examine some visu&#8230;<\/p>\n\n\n\n<\/div>\n                        \n                    <\/div>\n\n\n                    \n                        \n                            \n<div class=\"f--field f--image\">\n\n    \n        <a href=\"https:\/\/calendar.usc.edu\/event\/the_de-logic_of_visual_image_practices_in_japan_from_the_magic_lantern_to_cinema_and_animation\"  aria-label=\"Read more about The Engine of Animated Background\">\n  \n    \n    \n    \n    \n              \n      <img decoding=\"async\"\n                            src=\"https:\/\/dornsife.usc.edu\/cjrc\/wp-content\/uploads\/sites\/164\/2024\/01\/4-re-7-768x432.jpg\"\n          srcset=\"https:\/\/dornsife.usc.edu\/cjrc\/wp-content\/uploads\/sites\/164\/2024\/01\/4-re-7-768x432.jpg 768w\"          sizes=\"(min-width:1024px) 23vw, (min-width:768px) 39vw, 83vw\"\n        \n                  role=\"none\"\n        \n        \n                                      \/>\n\n    \n    \n  \n      <\/a>\n  \n\n<\/div>\n\n                    \n                <\/div>\n\n            \n                <div class=\"card\">\n\n                    <div class=\"title-description\">\n\n                                                      \n<div class=\"f--field f--cta-title\">\n\n    \n  <h3>\n          <a href=\"https:\/\/calendar.usc.edu\/event\/book_talk-_after_darkness_by_christine_piper\" \n                        class=\"\" \n      >Book Talk &#8211; &#8220;After Darkness&#8221; By Christine Piper<\/a>\n      <\/h3>\n\n\n<\/div>\n                        \n                                                        \n<div class=\"f--field f--description\">\n\n    \n  <p><b>February 27, 2016<\/b><br \/>\n12:00 PM to 2:00 PM<\/p>\n<p>Author Christine Piper will discuss her award-winning novel,\u00a0After Darkness. Half-Japanese Australian author Christine Piper will discuss her award-winning novel,\u00a0After Darkness, and its themes of identity, otherness and the immigrant experience. Set during World War 2,\u00a0After Darkn&#8230;<\/p>\n\n\n\n<\/div>\n                        \n                    <\/div>\n\n\n                    \n                        \n                            \n<div class=\"f--field f--image\">\n\n    \n        <a href=\"https:\/\/calendar.usc.edu\/event\/book_talk-_after_darkness_by_christine_piper\"  aria-label=\"Read more about Book Talk - \"After Darkness\" By Christine Piper\">\n  \n    \n    \n    \n    \n              \n      <img decoding=\"async\"\n                            src=\"https:\/\/dornsife.usc.edu\/cjrc\/wp-content\/uploads\/sites\/164\/2024\/01\/5-re-5-768x432.jpg\"\n          srcset=\"https:\/\/dornsife.usc.edu\/cjrc\/wp-content\/uploads\/sites\/164\/2024\/01\/5-re-5-768x432.jpg 768w\"          sizes=\"(min-width:1024px) 23vw, (min-width:768px) 39vw, 83vw\"\n        \n                  role=\"none\"\n        \n        \n                                      \/>\n\n    \n    \n  \n      <\/a>\n  \n\n<\/div>\n\n                    \n                <\/div>\n\n            \n                <div class=\"card\">\n\n                    <div class=\"title-description\">\n\n                                                      \n<div class=\"f--field f--cta-title\">\n\n    \n  <h3>\n          <a href=\"https:\/\/calendar.usc.edu\/event\/japanese_american_studies_new_perspectives_on_religion_history_and_society\" \n                        class=\"\" \n      >Japanese American Studies: New Perspectives on Religion, History and Society<\/a>\n      <\/h3>\n\n\n<\/div>\n                        \n                                                        \n<div class=\"f--field f--description\">\n\n    \n  <p><b>March 12, 2016<\/b><br \/>\n10:00 AM to 4:00 PM<\/p>\n<p>Leading scholars of Japanese American studies will explore how texts, faith, identities, and communities are transplanted, translated, and transformed in a Japanese America positioned beyond national boundaries. Co-sponsored by the USC East Asian Studies Center and the Japanese American National &#8230;<\/p>\n\n\n\n<\/div>\n                        \n                    <\/div>\n\n\n                    \n                        \n                            \n<div class=\"f--field f--image\">\n\n    \n        <a href=\"https:\/\/calendar.usc.edu\/event\/japanese_american_studies_new_perspectives_on_religion_history_and_society\"  aria-label=\"Read more about Japanese American Studies: New Perspectives on Religion, History and Society\">\n  \n    \n    \n    \n    \n              \n      <img decoding=\"async\"\n                            src=\"https:\/\/dornsife.usc.edu\/cjrc\/wp-content\/uploads\/sites\/164\/2024\/01\/6-re-7-768x432.jpg\"\n          srcset=\"https:\/\/dornsife.usc.edu\/cjrc\/wp-content\/uploads\/sites\/164\/2024\/01\/6-re-7-768x432.jpg 768w\"          sizes=\"(min-width:1024px) 23vw, (min-width:768px) 39vw, 83vw\"\n        \n                  role=\"none\"\n        \n        \n                                      \/>\n\n    \n    \n  \n      <\/a>\n  \n\n<\/div>\n\n                    \n                <\/div>\n\n            \n                <div class=\"card\">\n\n                    <div class=\"title-description\">\n\n                                                      \n<div class=\"f--field f--cta-title\">\n\n    \n  <h3>\n          <a href=\"https:\/\/dornsife.usc.edu\/events\/site\/192\/579039\/\" \n                        class=\"\" \n      >Beyond 3.11: Place Making and Social Design in Post-Disaster, Post-Growth Japan<\/a>\n      <\/h3>\n\n\n<\/div>\n                        \n                                                        \n<div class=\"f--field f--description\">\n\n    \n  <p><b>March 24, 2016<\/b><br \/>\n6:00 PM to 8:00 PM<\/p>\n<p>How did the Great East Japan Earthquake of March 11, 2011 impact place making and social design processes in Japan?\u00a0Professor Christian Dimmer of the University of Tokyo and Professor Vinayak Bharne of USC Dornsife&#8217;s Shinso Ito Center for Japanese Religions and Culture come together in conv&#8230;<\/p>\n\n\n\n<\/div>\n                        \n                    <\/div>\n\n\n                    \n                        \n                            \n<div class=\"f--field f--image\">\n\n    \n        <a href=\"https:\/\/dornsife.usc.edu\/events\/site\/192\/579039\/\"  aria-label=\"Read more about Beyond 3.11: Place Making and Social Design in Post-Disaster, Post-Growth Japan\">\n  \n    \n    \n    \n    \n              \n      <img decoding=\"async\"\n                            src=\"https:\/\/dornsife.usc.edu\/cjrc\/wp-content\/uploads\/sites\/164\/2024\/01\/7-re-8-768x432.jpg\"\n          srcset=\"https:\/\/dornsife.usc.edu\/cjrc\/wp-content\/uploads\/sites\/164\/2024\/01\/7-re-8-768x432.jpg 768w\"          sizes=\"(min-width:1024px) 23vw, (min-width:768px) 39vw, 83vw\"\n        \n                  role=\"none\"\n        \n        \n                                      \/>\n\n    \n    \n  \n      <\/a>\n  \n\n<\/div>\n\n                    \n                <\/div>\n\n            \n                <div class=\"card\">\n\n                    <div class=\"title-description\">\n\n                                                      \n<div class=\"f--field f--cta-title\">\n\n    \n  <h3>\n          <a href=\"https:\/\/calendar.usc.edu\/event\/translating_buddhist_texts_reflections_on_theory_and_method\" \n                        class=\"\" \n      >Translating Buddhist Texts: Reflections on Theory and Method<\/a>\n      <\/h3>\n\n\n<\/div>\n                        \n                                                        \n<div class=\"f--field f--description\">\n\n    \n  <p><b>March 26, 2016<\/b><br \/>\n12:00 PM to 5:00 PM<\/p>\n<p>At this conference, some of the leading scholars and practitioners of translation in the field of Buddhist studies will give presentations about the challenges of translating Asian Buddhist canonical and non-canonical texts\u00a0into Western languages.\u00a0Participants will share the latest from a &#8230;<\/p>\n\n\n\n<\/div>\n                        \n                    <\/div>\n\n\n                    \n                        \n                            \n<div class=\"f--field f--image\">\n\n    \n        <a href=\"https:\/\/calendar.usc.edu\/event\/translating_buddhist_texts_reflections_on_theory_and_method\"  aria-label=\"Read more about Translating Buddhist Texts: Reflections on Theory and Method\">\n  \n    \n    \n    \n    \n              \n      <img decoding=\"async\"\n                            src=\"https:\/\/dornsife.usc.edu\/cjrc\/wp-content\/uploads\/sites\/164\/2024\/01\/7-re-7-768x432.jpg\"\n          srcset=\"https:\/\/dornsife.usc.edu\/cjrc\/wp-content\/uploads\/sites\/164\/2024\/01\/7-re-7-768x432.jpg 768w\"          sizes=\"(min-width:1024px) 23vw, (min-width:768px) 39vw, 83vw\"\n        \n                  role=\"none\"\n        \n        \n                                      \/>\n\n    \n    \n  \n      <\/a>\n  \n\n<\/div>\n\n                    \n                <\/div>\n\n            \n                <div class=\"card\">\n\n                    <div class=\"title-description\">\n\n                                                      \n<div class=\"f--field f--cta-title\">\n\n    \n  <h3>\n          <a href=\"https:\/\/calendar.usc.edu\/event\/zen_and_bones_film_screening_and_discussion_with_director_nakamura_and_others\" \n                        class=\"\" \n      >&#8220;Zen and Bones&#8221; \u2013 A Film Screening and Discussion with Director Nakamura and Others<\/a>\n      <\/h3>\n\n\n<\/div>\n                        \n                                                        \n<div class=\"f--field f--description\">\n\n    \n  <p><b>April 29, 2016<\/b><br \/>\n7:00 PM to 9:00 PM<\/p>\n<p>The film Zen and Bones is\u00a0a kaleidoscopic portrait of an unconventional 93-year-old Japanese-American Zen monk, his dramatic history and turbulent family life. Fiction and animation adds to create a motley concoction of fascinating true stories. The film screening will be followed by a panel di&#8230;<\/p>\n\n\n\n<\/div>\n                        \n                    <\/div>\n\n\n                    \n                        \n                            \n<div class=\"f--field f--image\">\n\n    \n        <a href=\"https:\/\/calendar.usc.edu\/event\/zen_and_bones_film_screening_and_discussion_with_director_nakamura_and_others\"  aria-label=\"Read more about \"Zen and Bones\" \u2013 A Film Screening and Discussion with Director Nakamura and Others\">\n  \n    \n    \n    \n    \n              \n      <img decoding=\"async\"\n                            src=\"https:\/\/dornsife.usc.edu\/cjrc\/wp-content\/uploads\/sites\/164\/2024\/01\/9-re-7-768x432.jpg\"\n          srcset=\"https:\/\/dornsife.usc.edu\/cjrc\/wp-content\/uploads\/sites\/164\/2024\/01\/9-re-7-768x432.jpg 768w\"          sizes=\"(min-width:1024px) 23vw, (min-width:768px) 39vw, 83vw\"\n        \n                  role=\"none\"\n        \n        \n                                      \/>\n\n    \n    \n  \n      <\/a>\n  \n\n<\/div>\n\n                    \n                <\/div>\n\n            \n                <div class=\"card\">\n\n                    <div class=\"title-description\">\n\n                                                      \n<div class=\"f--field f--cta-title\">\n\n    \n  <h3>\n          <a href=\"https:\/\/calendar.usc.edu\/event\/loose_canons_ii_value_and_valuation_in_japanese_engagements_with_chinese_writing_5157\" \n                        class=\"\" \n      >Loose Canons II: Value and Valuation in Japanese Engagements with Chinese Writing<\/a>\n      <\/h3>\n\n\n<\/div>\n                        \n                                                        \n<div class=\"f--field f--description\">\n\n    \n  <p><b>April 30, 2016<\/b><br \/>\n9:00 AM to 5:30 PM<\/p>\n<p>This symposium will explore questions related\u00a0to canon inheritance, canon formation, and canon disintegration. It\u00a0is a sequel to the Loose Canons event held at the University of Southern California\u00a0in April 2015. We will continue the conversation, investigating the following questions&#8230;<\/p>\n\n\n\n<\/div>\n                        \n                    <\/div>\n\n\n                    \n                        \n                            \n<div class=\"f--field f--image\">\n\n    \n        <a href=\"https:\/\/calendar.usc.edu\/event\/loose_canons_ii_value_and_valuation_in_japanese_engagements_with_chinese_writing_5157\"  aria-label=\"Read more about Loose Canons II: Value and Valuation in Japanese Engagements with Chinese Writing\">\n  \n    \n    \n    \n    \n              \n      <img decoding=\"async\"\n                            src=\"https:\/\/dornsife.usc.edu\/cjrc\/wp-content\/uploads\/sites\/164\/2024\/01\/10-re-5-768x432.jpg\"\n          srcset=\"https:\/\/dornsife.usc.edu\/cjrc\/wp-content\/uploads\/sites\/164\/2024\/01\/10-re-5-768x432.jpg 768w\"          sizes=\"(min-width:1024px) 23vw, (min-width:768px) 39vw, 83vw\"\n        \n                  role=\"none\"\n        \n        \n                                      \/>\n\n    \n    \n  \n      <\/a>\n  \n\n<\/div>\n\n                    \n                <\/div>\n\n            \n        <\/div>\n    \n\n  <\/div><\/div>\n","protected":false},"excerpt":{"rendered":"","protected":false},"author":584,"featured_media":0,"parent":0,"menu_order":0,"comment_status":"closed","ping_status":"closed","template":"page-content-detail.php","meta":{"_acf_changed":false,"footnotes":""},"class_list":["post-1583","page","type-page","status-publish","hentry"],"acf":[],"yoast_head":"<!-- This site is optimized with the Yoast SEO plugin v27.1.1 - https:\/\/yoast.com\/product\/yoast-seo-wordpress\/ -->\n<title>Spring 2016 Events - Shinso Ito Center for Japanese Religions and Culture<\/title>\n<meta name=\"robots\" content=\"index, follow, max-snippet:-1, max-image-preview:large, max-video-preview:-1\" \/>\n<link rel=\"canonical\" href=\"https:\/\/dornsife.usc.edu\/cjrc\/spring-2016-events\/\" \/>\n<meta property=\"og:locale\" content=\"en_US\" \/>\n<meta property=\"og:type\" content=\"article\" \/>\n<meta property=\"og:title\" content=\"Spring 2016 Events - Shinso Ito Center for Japanese Religions and Culture\" \/>\n<meta property=\"og:url\" content=\"https:\/\/dornsife.usc.edu\/cjrc\/spring-2016-events\/\" \/>\n<meta property=\"og:site_name\" content=\"Shinso Ito Center for Japanese Religions and Culture\" \/>\n<meta property=\"article:modified_time\" content=\"2024-01-18T21:04:36+00:00\" \/>\n<meta name=\"twitter:card\" content=\"summary_large_image\" \/>\n<script type=\"application\/ld+json\" class=\"yoast-schema-graph\">{\"@context\":\"https:\/\/schema.org\",\"@graph\":[{\"@type\":\"WebPage\",\"@id\":\"https:\/\/dornsife.usc.edu\/cjrc\/spring-2016-events\/\",\"url\":\"https:\/\/dornsife.usc.edu\/cjrc\/spring-2016-events\/\",\"name\":\"Spring 2016 Events - Shinso Ito Center for Japanese Religions and Culture\",\"isPartOf\":{\"@id\":\"https:\/\/dornsife.usc.edu\/cjrc\/#website\"},\"datePublished\":\"2024-01-18T21:04:34+00:00\",\"dateModified\":\"2024-01-18T21:04:36+00:00\",\"breadcrumb\":{\"@id\":\"https:\/\/dornsife.usc.edu\/cjrc\/spring-2016-events\/#breadcrumb\"},\"inLanguage\":\"en-US\",\"potentialAction\":[{\"@type\":\"ReadAction\",\"target\":[\"https:\/\/dornsife.usc.edu\/cjrc\/spring-2016-events\/\"]}]},{\"@type\":\"BreadcrumbList\",\"@id\":\"https:\/\/dornsife.usc.edu\/cjrc\/spring-2016-events\/#breadcrumb\",\"itemListElement\":[{\"@type\":\"ListItem\",\"position\":1,\"name\":\"Home\",\"item\":\"https:\/\/dornsife.usc.edu\/cjrc\/\"},{\"@type\":\"ListItem\",\"position\":2,\"name\":\"Spring 2016 Events\"}]},{\"@type\":\"WebSite\",\"@id\":\"https:\/\/dornsife.usc.edu\/cjrc\/#website\",\"url\":\"https:\/\/dornsife.usc.edu\/cjrc\/\",\"name\":\"Shinso Ito Center for Japanese Religions and Culture\",\"description\":\"Dornsife Shinso Ito Center for Japanese Religions and Culture\",\"potentialAction\":[{\"@type\":\"SearchAction\",\"target\":{\"@type\":\"EntryPoint\",\"urlTemplate\":\"https:\/\/dornsife.usc.edu\/cjrc\/?s={search_term_string}\"},\"query-input\":{\"@type\":\"PropertyValueSpecification\",\"valueRequired\":true,\"valueName\":\"search_term_string\"}}],\"inLanguage\":\"en-US\"}]}<\/script>\n<!-- \/ Yoast SEO plugin. -->","yoast_head_json":{"title":"Spring 2016 Events - Shinso Ito Center for Japanese Religions and Culture","robots":{"index":"index","follow":"follow","max-snippet":"max-snippet:-1","max-image-preview":"max-image-preview:large","max-video-preview":"max-video-preview:-1"},"canonical":"https:\/\/dornsife.usc.edu\/cjrc\/spring-2016-events\/","og_locale":"en_US","og_type":"article","og_title":"Spring 2016 Events - Shinso Ito Center for Japanese Religions and Culture","og_url":"https:\/\/dornsife.usc.edu\/cjrc\/spring-2016-events\/","og_site_name":"Shinso Ito Center for Japanese Religions and Culture","article_modified_time":"2024-01-18T21:04:36+00:00","twitter_card":"summary_large_image","schema":{"@context":"https:\/\/schema.org","@graph":[{"@type":"WebPage","@id":"https:\/\/dornsife.usc.edu\/cjrc\/spring-2016-events\/","url":"https:\/\/dornsife.usc.edu\/cjrc\/spring-2016-events\/","name":"Spring 2016 Events - Shinso Ito Center for Japanese Religions and Culture","isPartOf":{"@id":"https:\/\/dornsife.usc.edu\/cjrc\/#website"},"datePublished":"2024-01-18T21:04:34+00:00","dateModified":"2024-01-18T21:04:36+00:00","breadcrumb":{"@id":"https:\/\/dornsife.usc.edu\/cjrc\/spring-2016-events\/#breadcrumb"},"inLanguage":"en-US","potentialAction":[{"@type":"ReadAction","target":["https:\/\/dornsife.usc.edu\/cjrc\/spring-2016-events\/"]}]},{"@type":"BreadcrumbList","@id":"https:\/\/dornsife.usc.edu\/cjrc\/spring-2016-events\/#breadcrumb","itemListElement":[{"@type":"ListItem","position":1,"name":"Home","item":"https:\/\/dornsife.usc.edu\/cjrc\/"},{"@type":"ListItem","position":2,"name":"Spring 2016 Events"}]},{"@type":"WebSite","@id":"https:\/\/dornsife.usc.edu\/cjrc\/#website","url":"https:\/\/dornsife.usc.edu\/cjrc\/","name":"Shinso Ito Center for Japanese Religions and Culture","description":"Dornsife Shinso Ito Center for Japanese Religions and Culture","potentialAction":[{"@type":"SearchAction","target":{"@type":"EntryPoint","urlTemplate":"https:\/\/dornsife.usc.edu\/cjrc\/?s={search_term_string}"},"query-input":{"@type":"PropertyValueSpecification","valueRequired":true,"valueName":"search_term_string"}}],"inLanguage":"en-US"}]}},"_links":{"self":[{"href":"https:\/\/dornsife.usc.edu\/cjrc\/wp-json\/wp\/v2\/pages\/1583","targetHints":{"allow":["GET"]}}],"collection":[{"href":"https:\/\/dornsife.usc.edu\/cjrc\/wp-json\/wp\/v2\/pages"}],"about":[{"href":"https:\/\/dornsife.usc.edu\/cjrc\/wp-json\/wp\/v2\/types\/page"}],"author":[{"embeddable":true,"href":"https:\/\/dornsife.usc.edu\/cjrc\/wp-json\/wp\/v2\/users\/584"}],"replies":[{"embeddable":true,"href":"https:\/\/dornsife.usc.edu\/cjrc\/wp-json\/wp\/v2\/comments?post=1583"}],"version-history":[{"count":2,"href":"https:\/\/dornsife.usc.edu\/cjrc\/wp-json\/wp\/v2\/pages\/1583\/revisions"}],"predecessor-version":[{"id":1595,"href":"https:\/\/dornsife.usc.edu\/cjrc\/wp-json\/wp\/v2\/pages\/1583\/revisions\/1595"}],"wp:attachment":[{"href":"https:\/\/dornsife.usc.edu\/cjrc\/wp-json\/wp\/v2\/media?parent=1583"}],"curies":[{"name":"wp","href":"https:\/\/api.w.org\/{rel}","templated":true}]}}