{"id":424,"date":"2024-09-17T14:14:10","date_gmt":"2024-09-17T21:14:10","guid":{"rendered":"https:\/\/dornsife.usc.edu\/childdevelopmentstudy\/?page_id=424"},"modified":"2024-09-17T14:17:32","modified_gmt":"2024-09-17T21:17:32","slug":"programas","status":"publish","type":"page","link":"https:\/\/dornsife.usc.edu\/childdevelopmentstudy\/programas\/","title":{"rendered":"Programas"},"content":{"rendered":"\n\n  \n    \n\n\n\n\n\n\n<div\n  class=\"cc--component-container cc--rich-text \"\n\n  \n  \n  \n  \n  \n  \n  >\n  <div class=\"c--component c--rich-text\"\n    \n      >\n\n    \n      \n<div class=\"f--field f--wysiwyg\">\n\n    \n  <h5 style=\"text-align: right;\"><a class=\"cta-link\" href=\"https:\/\/dornsife.usc.edu\/childdevelopmentstudy\/programs\/\"><em>English<\/em><\/a><\/h5>\n\n\n\n<\/div>\n\n\n  <\/div><\/div>\n\n\n\n\n  \n    \n\n\n\n\n\n\n<div\n  class=\"cc--component-container cc--rich-text \"\n\n  \n  \n  \n  \n  \n  \n  >\n  <div class=\"c--component c--rich-text\"\n    \n      >\n\n    \n      \n<div class=\"f--field f--wysiwyg\">\n\n    \n  <p>Si es elegible y est\u00e1 inscrito, su hijo ser\u00e1 asignado<em> al azar<\/em> al programa de m\u00fasica o al programa de teatro. Para poder inscribirte, debes poder asistir al menos a un grupo en cada programa. Si no puede asistir a ninguno de los programas, lamentablemente no podemos inscribirlo. Dado que las asignaciones del programa son aleatorias, no sabremos en qu\u00e9 programa se colocar\u00e1 su hijo hasta que se completen las pruebas. Por favor considere los horarios de cada programa:<\/p>\n\n\n\n<\/div>\n\n\n  <\/div><\/div>\n\n\n\n  \n    \n\n\n\n\n\n\n<div\n  class=\"cc--component-container cc--featured-block \"\n\n  \n  \n  \n  \n  \n  \n  >\n  <div class=\"c--component c--featured-block\"\n    \n      >\n\n    \n  <div class=\"text-image-container\">\n    <div class=\"text-container\">\n\n      \n                  \n<div class=\"f--field f--section-title\">\n\n    \n  <h2>\n          Programa de m\u00fasica \n      <\/h2>\n\n\n<\/div>\n      \n                  \n<div class=\"f--field f--description\">\n\n    \n  <p><strong>Ubicaci\u00f3n:<\/strong> Colburn School (200 S Grand Ave, Los Angeles, CA 90012) en el centro de Los Angeles<\/p>\n<p><strong>Horarios del programa:<br \/>\n<\/strong>&#8211; Lunes y jueves a las 4 o 5pm<br \/>\n&#8211; Martes y viernes a las 4 o 5pm<br \/>\nM\u00e1s una lecci\u00f3n privada de 45 minutos que se programar\u00e1 m\u00e1s tarde<\/p>\n\n\n\n<\/div>\n      \n          <\/div>\n\n          <div class=\"image-container\">\n            \n<div class=\"f--field f--image\">\n\n    \n    \n    \n    \n    \n    \n              \n      <img\n                            data-src=\"https:\/\/dornsife.usc.edu\/childdevelopmentstudy\/wp-content\/uploads\/sites\/439\/2024\/09\/Colburn-Band.png\"\n                    data-sizes=\"(min-width:1024px) 50vw, (min-width:768px) 100vw, 100vw\"          class=\"lazyload\"\n        \n                  role=\"none\"\n        \n        \n                                      \/>\n\n    \n    \n  \n  \n\n<\/div>\n      <\/div>\n    \n  <\/div>\n\n\n  <\/div><\/div>\n\n\n\n  \n    \n\n\n\n\n\n\n<div\n  class=\"cc--component-container cc--featured-block image-left\"\n\n  \n  \n  \n  \n  \n  \n  >\n  <div class=\"c--component c--featured-block\"\n    \n      >\n\n    \n  <div class=\"text-image-container\">\n    <div class=\"text-container\">\n\n      \n                  \n<div class=\"f--field f--section-title\">\n\n    \n  <h2>\n          Programa de Teatro \n      <\/h2>\n\n\n<\/div>\n      \n                  \n<div class=\"f--field f--description\">\n\n    \n  <p><strong>Ubicaci\u00f3n:<\/strong> 24th Street Theatre (1117 W 24th St, Los Angeles, CA 90007)<\/p>\n<p><strong>Horarios del programa:<br \/>\n<\/strong>&#8211; Lunes, martes y mi\u00e9rcoles a las 3:15 pm<br \/>\n&#8211; Lunes a las 4:15 pm y jueves y viernes a las 3:15 pm<\/p>\n\n\n\n<\/div>\n      \n          <\/div>\n\n          <div class=\"image-container\">\n            \n<div class=\"f--field f--image\">\n\n    \n    \n    \n    \n    \n    \n              \n      <img\n                            data-src=\"https:\/\/dornsife.usc.edu\/childdevelopmentstudy\/wp-content\/uploads\/sites\/439\/2024\/09\/24th-Band.png\"\n                    data-sizes=\"(min-width:1024px) 50vw, (min-width:768px) 100vw, 100vw\"          class=\"lazyload\"\n        \n                  role=\"none\"\n        \n        \n                                      \/>\n\n    \n    \n  \n  \n\n<\/div>\n      <\/div>\n    \n  <\/div>\n\n\n  <\/div><\/div>\n","protected":false},"excerpt":{"rendered":"","protected":false},"author":180,"featured_media":0,"parent":0,"menu_order":0,"comment_status":"closed","ping_status":"closed","template":"","meta":{"_acf_changed":false,"footnotes":""},"class_list":["post-424","page","type-page","status-publish","hentry"],"acf":[],"yoast_head":"<!-- This site is optimized with the Yoast SEO plugin v27.1.1 - https:\/\/yoast.com\/product\/yoast-seo-wordpress\/ -->\n<title>Programas - Child Development Study<\/title>\n<meta name=\"description\" content=\"Program schedules for both afterschool programs: music and theatre. Before signing up, please check the schedules to ensure you are able to attend either program.\" \/>\n<meta name=\"robots\" content=\"noindex, follow, max-snippet:-1, max-image-preview:large, max-video-preview:-1\" \/>\n<meta property=\"og:locale\" content=\"en_US\" \/>\n<meta property=\"og:type\" content=\"article\" \/>\n<meta property=\"og:title\" content=\"Programas - Child Development Study\" \/>\n<meta property=\"og:description\" content=\"Program schedules for both afterschool programs: music and theatre. Before signing up, please check the schedules to ensure you are able to attend either program.\" \/>\n<meta property=\"og:url\" content=\"https:\/\/dornsife.usc.edu\/childdevelopmentstudy\/programas\/\" \/>\n<meta property=\"og:site_name\" content=\"Child Development Study\" \/>\n<meta property=\"article:modified_time\" content=\"2024-09-17T21:17:32+00:00\" \/>\n<meta name=\"twitter:card\" content=\"summary_large_image\" \/>\n<script type=\"application\/ld+json\" class=\"yoast-schema-graph\">{\"@context\":\"https:\/\/schema.org\",\"@graph\":[{\"@type\":\"WebPage\",\"@id\":\"https:\/\/dornsife.usc.edu\/childdevelopmentstudy\/programas\/\",\"url\":\"https:\/\/dornsife.usc.edu\/childdevelopmentstudy\/programas\/\",\"name\":\"Programas - Child Development Study\",\"isPartOf\":{\"@id\":\"https:\/\/dornsife.usc.edu\/childdevelopmentstudy\/#website\"},\"datePublished\":\"2024-09-17T21:14:10+00:00\",\"dateModified\":\"2024-09-17T21:17:32+00:00\",\"description\":\"Program schedules for both afterschool programs: music and theatre. Before signing up, please check the schedules to ensure you are able to attend either program.\",\"breadcrumb\":{\"@id\":\"https:\/\/dornsife.usc.edu\/childdevelopmentstudy\/programas\/#breadcrumb\"},\"inLanguage\":\"en-US\",\"potentialAction\":[{\"@type\":\"ReadAction\",\"target\":[\"https:\/\/dornsife.usc.edu\/childdevelopmentstudy\/programas\/\"]}]},{\"@type\":\"BreadcrumbList\",\"@id\":\"https:\/\/dornsife.usc.edu\/childdevelopmentstudy\/programas\/#breadcrumb\",\"itemListElement\":[{\"@type\":\"ListItem\",\"position\":1,\"name\":\"Home\",\"item\":\"https:\/\/dornsife.usc.edu\/childdevelopmentstudy\/\"},{\"@type\":\"ListItem\",\"position\":2,\"name\":\"Programas\"}]},{\"@type\":\"WebSite\",\"@id\":\"https:\/\/dornsife.usc.edu\/childdevelopmentstudy\/#website\",\"url\":\"https:\/\/dornsife.usc.edu\/childdevelopmentstudy\/\",\"name\":\"Child Development Study\",\"description\":\"USC Dornsife  Child Development Study\",\"potentialAction\":[{\"@type\":\"SearchAction\",\"target\":{\"@type\":\"EntryPoint\",\"urlTemplate\":\"https:\/\/dornsife.usc.edu\/childdevelopmentstudy\/?s={search_term_string}\"},\"query-input\":{\"@type\":\"PropertyValueSpecification\",\"valueRequired\":true,\"valueName\":\"search_term_string\"}}],\"inLanguage\":\"en-US\"}]}<\/script>\n<!-- \/ Yoast SEO plugin. -->","yoast_head_json":{"title":"Programas - Child Development Study","description":"Program schedules for both afterschool programs: music and theatre. Before signing up, please check the schedules to ensure you are able to attend either program.","robots":{"index":"noindex","follow":"follow","max-snippet":"max-snippet:-1","max-image-preview":"max-image-preview:large","max-video-preview":"max-video-preview:-1"},"og_locale":"en_US","og_type":"article","og_title":"Programas - Child Development Study","og_description":"Program schedules for both afterschool programs: music and theatre. Before signing up, please check the schedules to ensure you are able to attend either program.","og_url":"https:\/\/dornsife.usc.edu\/childdevelopmentstudy\/programas\/","og_site_name":"Child Development Study","article_modified_time":"2024-09-17T21:17:32+00:00","twitter_card":"summary_large_image","schema":{"@context":"https:\/\/schema.org","@graph":[{"@type":"WebPage","@id":"https:\/\/dornsife.usc.edu\/childdevelopmentstudy\/programas\/","url":"https:\/\/dornsife.usc.edu\/childdevelopmentstudy\/programas\/","name":"Programas - Child Development Study","isPartOf":{"@id":"https:\/\/dornsife.usc.edu\/childdevelopmentstudy\/#website"},"datePublished":"2024-09-17T21:14:10+00:00","dateModified":"2024-09-17T21:17:32+00:00","description":"Program schedules for both afterschool programs: music and theatre. Before signing up, please check the schedules to ensure you are able to attend either program.","breadcrumb":{"@id":"https:\/\/dornsife.usc.edu\/childdevelopmentstudy\/programas\/#breadcrumb"},"inLanguage":"en-US","potentialAction":[{"@type":"ReadAction","target":["https:\/\/dornsife.usc.edu\/childdevelopmentstudy\/programas\/"]}]},{"@type":"BreadcrumbList","@id":"https:\/\/dornsife.usc.edu\/childdevelopmentstudy\/programas\/#breadcrumb","itemListElement":[{"@type":"ListItem","position":1,"name":"Home","item":"https:\/\/dornsife.usc.edu\/childdevelopmentstudy\/"},{"@type":"ListItem","position":2,"name":"Programas"}]},{"@type":"WebSite","@id":"https:\/\/dornsife.usc.edu\/childdevelopmentstudy\/#website","url":"https:\/\/dornsife.usc.edu\/childdevelopmentstudy\/","name":"Child Development Study","description":"USC Dornsife  Child Development Study","potentialAction":[{"@type":"SearchAction","target":{"@type":"EntryPoint","urlTemplate":"https:\/\/dornsife.usc.edu\/childdevelopmentstudy\/?s={search_term_string}"},"query-input":{"@type":"PropertyValueSpecification","valueRequired":true,"valueName":"search_term_string"}}],"inLanguage":"en-US"}]}},"_links":{"self":[{"href":"https:\/\/dornsife.usc.edu\/childdevelopmentstudy\/wp-json\/wp\/v2\/pages\/424","targetHints":{"allow":["GET"]}}],"collection":[{"href":"https:\/\/dornsife.usc.edu\/childdevelopmentstudy\/wp-json\/wp\/v2\/pages"}],"about":[{"href":"https:\/\/dornsife.usc.edu\/childdevelopmentstudy\/wp-json\/wp\/v2\/types\/page"}],"author":[{"embeddable":true,"href":"https:\/\/dornsife.usc.edu\/childdevelopmentstudy\/wp-json\/wp\/v2\/users\/180"}],"replies":[{"embeddable":true,"href":"https:\/\/dornsife.usc.edu\/childdevelopmentstudy\/wp-json\/wp\/v2\/comments?post=424"}],"version-history":[{"count":4,"href":"https:\/\/dornsife.usc.edu\/childdevelopmentstudy\/wp-json\/wp\/v2\/pages\/424\/revisions"}],"predecessor-version":[{"id":431,"href":"https:\/\/dornsife.usc.edu\/childdevelopmentstudy\/wp-json\/wp\/v2\/pages\/424\/revisions\/431"}],"wp:attachment":[{"href":"https:\/\/dornsife.usc.edu\/childdevelopmentstudy\/wp-json\/wp\/v2\/media?parent=424"}],"curies":[{"name":"wp","href":"https:\/\/api.w.org\/{rel}","templated":true}]}}