{"id":391,"date":"2024-09-17T13:19:45","date_gmt":"2024-09-17T20:19:45","guid":{"rendered":"https:\/\/dornsife.usc.edu\/childdevelopmentstudy\/?page_id=391"},"modified":"2024-09-17T13:46:02","modified_gmt":"2024-09-17T20:46:02","slug":"inicio","status":"publish","type":"page","link":"https:\/\/dornsife.usc.edu\/childdevelopmentstudy\/inicio\/","title":{"rendered":"Inicio"},"content":{"rendered":"\n\n  \n    \n\n\n\n\n\n\n<div\n  class=\"cc--component-container cc--rich-text \"\n\n  \n  \n  \n  \n  \n  \n  >\n  <div class=\"c--component c--rich-text\"\n    \n      >\n\n    \n      \n<div class=\"f--field f--wysiwyg\">\n\n    \n  <h5 style=\"text-align: right;\"><a class=\"cta-link\" href=\"https:\/\/dornsife.usc.edu\/childdevelopmentstudy\/\"><em>English<\/em><\/a><\/h5>\n\n\n\n<\/div>\n\n\n  <\/div><\/div>\n\n\n\n\n  \n    \n\n\n\n\n\n\n<div\n  class=\"cc--component-container cc--rich-text \"\n\n  \n  \n  \n  \n  \n  \n  >\n  <div class=\"c--component c--rich-text\"\n    \n      >\n\n    \n      \n<div class=\"f--field f--wysiwyg\">\n\n    \n  <h2 style=\"text-align: center;\"><strong><span class=\"wixui-rich-text__text\"><span style=\"color: #990000;\"><span style=\"caret-color: #990000;\">Estudio de desarrollo infantil de la USC<\/span><\/span><\/span><\/strong><\/h2>\n<p>&nbsp;<\/p>\n<p><span class=\"wixui-rich-text__text\">El objetivo del Estudio de Desarrollo Infantil de la USC es aprender m\u00e1s sobre el desarrollo del cerebro infantil y las actividades extraextraescolares. Los ni\u00f1os que participen en este estudio ser\u00e1n asignados\u00a0<\/span><span class=\"wixui-rich-text__text\">aleatoriamente<\/span><span class=\"wixui-rich-text__text\">\u00a0(como una\u00a0<\/span><span class=\"wixui-rich-text__text\">loter\u00eda<\/span><span class=\"wixui-rich-text__text\">)\u00a0<\/span> <span class=\"wixui-rich-text__text\">para participar en un programa extraescolar gratuito durante 2 a\u00f1os. El programa ser\u00e1 un programa de m\u00fasica o enriquecimiento general <\/span><span class=\"wixui-rich-text__text\">despu\u00e9s de la escuela<\/span><span class=\"wixui-rich-text__text\">. Ambos programas ser\u00e1n gratuitos y proporcionar\u00e1n 5 a 7 horas semanales de actividades extraescolares. Programaremos 3 citas a la USC \u00a0para que su hijo\/a complete evaluaciones\u00a0<\/span> <span class=\"wixui-rich-text__text\">que ayudan a medir su desarrollo cognitivo y se tome una imagen del cerebro mediante resonancia magn\u00e9tica: una cita antes del inicio del programa\u00a0<\/span><span class=\"wixui-rich-text__text\">extraescolar<\/span><span class=\"wixui-rich-text__text\">, una <\/span><span class=\"wixui-rich-text__text\">c<\/span><span class=\"wixui-rich-text__text\">ita<\/span><span class=\"wixui-rich-text__text\"> 1 a\u00f1o despu\u00e9s del inicio del programa y la \u00faltima <\/span><span class=\"wixui-rich-text__text\">c<\/span><span class=\"wixui-rich-text__text\">ita<\/span><span class=\"wixui-rich-text__text\"> al final del programa.<\/span><\/p>\n\n\n\n<\/div>\n\n\n  <\/div><\/div>\n\n\n\n  \n    \n\n\n\n\n\n\n<div\n  class=\"cc--component-container cc--signup-form \"\n\n  \n  \n  \n  \n  \n  \n  >\n  <div class=\"c--component c--signup-form\"\n    \n      >\n\n    \n<div class=\"text-image-container\">\n  <div class=\"text-container\">\n\n              \n<div class=\"f--field f--section-title\">\n\n    \n  <h2>\n          \u00bfQui\u00e9n puede participar?\n      <\/h2>\n\n\n<\/div>\n    \n              \n<div class=\"f--field f--description\">\n\n    \n  <p>Ni\u00f1os que:<\/p>\n<ul>\n<li>tienen entre 6 y 8 a\u00f1os<\/li>\n<li>vive en Los Angeles<\/li>\n<li>identificarse como Latino\/a o Hispano<\/li>\n<\/ul>\n\n\n\n<\/div>\n    \n      <\/div>\n\n      <div class=\"image-container\">\n          \n<div class=\"f--field f--image\">\n\n    \n    \n    \n    \n    \n    \n              \n      <img\n                            data-src=\"https:\/\/dornsife.usc.edu\/childdevelopmentstudy\/wp-content\/uploads\/sites\/439\/2024\/06\/Screenshot-2024-06-17-at-2.27.51\u202fPM-900x600.png\"\n          data-srcset=\"https:\/\/dornsife.usc.edu\/childdevelopmentstudy\/wp-content\/uploads\/sites\/439\/2024\/06\/Screenshot-2024-06-17-at-2.27.51\u202fPM-900x600.png 900w\"          data-sizes=\"(min-width:1024px) 50vw, (min-width:768px) 100vw, 100vw\"          class=\"lazyload\"\n        \n                  role=\"none\"\n        \n        \n                                      \/>\n\n    \n    \n  \n  \n\n<\/div>\n    <\/div>\n  \n<\/div>\n\n\n  <\/div><\/div>\n\n\n\n  \n    \n\n\n\n\n\n\n<div\n  class=\"cc--component-container cc--signup-form image-left\"\n\n  \n  \n  \n  \n  \n  \n  >\n  <div class=\"c--component c--signup-form\"\n    \n      >\n\n    \n<div class=\"text-image-container\">\n  <div class=\"text-container\">\n\n              \n<div class=\"f--field f--section-title\">\n\n    \n  <h2>\n          Inscribirse\n      <\/h2>\n\n\n<\/div>\n    \n              \n<div class=\"f--field f--description\">\n\n    \n  <p>Si tiene alguna pregunta, comun\u00edquese con <strong>Caitlin Noel<\/strong> al (213) 821-9832 o <a href=\"mailto:childdevelopmentstudy@usc.edu\">childdevelopmentstudy@usc.edu<\/a>.<\/p>\n\n\n\n<\/div>\n    \n              \n<div class=\"f--field f--link\">\n\n    \n    \n\n<a \n  class=\"link\"\n  href= https:\/\/redcapsurveys.med.usc.edu\/surveys\/?s=9WMJPFFNJFNDEHWD\n    aria-label=\"Read more about \"  \n>\n     \n  <svg version=\"1.1\" xmlns=\"http:\/\/www.w3.org\/2000\/svg\" xmlns:xlink=\"http:\/\/www.w3.org\/1999\/xlink\" x=\"0px\" y=\"0px\" viewBox=\"0 0 35 35\" enable-background=\"new 0 0 35 35\" width=\"25\" height=\"25\" xml:space=\"preserve\"><polygon fill-rule=\"evenodd\" clip-rule=\"evenodd\" fill=\"#000\" points=\"19.3,27.5 29.3,17.5,19.3,7.5 16.3,10.4 21.4,15.4 6.7,15.4 6.7,19.6 21.4,19.6 16.3,24.6 \"\/><\/svg>\n<\/a>\n\n\n<\/div>\n\n      <\/div>\n\n      <div class=\"image-container\">\n          \n<div class=\"f--field f--image\">\n\n    \n    \n    \n    \n    \n    \n              \n      <img\n                            data-src=\"https:\/\/dornsife.usc.edu\/childdevelopmentstudy\/wp-content\/uploads\/sites\/439\/2024\/06\/Sign-Up-Icon-900x600.png\"\n          data-srcset=\"https:\/\/dornsife.usc.edu\/childdevelopmentstudy\/wp-content\/uploads\/sites\/439\/2024\/06\/Sign-Up-Icon-1200x800.png 1200w,https:\/\/dornsife.usc.edu\/childdevelopmentstudy\/wp-content\/uploads\/sites\/439\/2024\/06\/Sign-Up-Icon-900x600.png 900w\"          data-sizes=\"(min-width:1024px) 50vw, (min-width:768px) 100vw, 100vw\"          class=\"lazyload\"\n        \n                  role=\"none\"\n        \n        \n                                      \/>\n\n    \n    \n  \n  \n\n<\/div>\n    <\/div>\n  \n<\/div>\n\n\n  <\/div><\/div>\n\n\n\n\n  \n    \n\n\n\n\n\n\n<div\n  class=\"cc--component-container cc--rich-text \"\n\n  \n  \n  \n  \n  \n  \n  >\n  <div class=\"c--component c--rich-text\"\n    \n      >\n\n    \n      \n<div class=\"f--field f--wysiwyg\">\n\n    \n  <p style=\"text-align: center;\">Este estudio est\u00e1 financiado por el <span class=\"wixui-rich-text__text\"><a class=\"wixui-rich-text__text\" href=\"https:\/\/www.nih.gov\/\" target=\"_blank\" rel=\"noreferrer noopener\">Instituto Nacional de Salud<\/a><\/span> (NIH) y aprobado por la <span class=\"wixui-rich-text__text\"><a class=\"wixui-rich-text__text\" href=\"https:\/\/hrpp.usc.edu\/\" target=\"_blank\" rel=\"noreferrer noopener\">Junta de Revisi\u00f3n Interna de la Universidad del Sur de California<\/a>\u00a0(junta de \u00e9tica).<\/span><\/p>\n\n\n\n<\/div>\n\n\n  <\/div><\/div>\n","protected":false},"excerpt":{"rendered":"","protected":false},"author":180,"featured_media":189,"parent":0,"menu_order":0,"comment_status":"closed","ping_status":"closed","template":"","meta":{"_acf_changed":false,"footnotes":""},"class_list":["post-391","page","type-page","status-publish","has-post-thumbnail","hentry"],"acf":[],"yoast_head":"<!-- This site is optimized with the Yoast SEO plugin v27.1.1 - https:\/\/yoast.com\/product\/yoast-seo-wordpress\/ -->\n<title>Inicio - Child Development Study<\/title>\n<meta name=\"description\" content=\"The goal of the USC\u00a0Extracurricular Activity and\u00a0Child\u00a0Early Learning and\u00a0Development\u00a0(EXCEL) Study is to learn more about child brain development and extracurricular activities.\" \/>\n<meta name=\"robots\" content=\"noindex, follow, max-snippet:-1, max-image-preview:large, max-video-preview:-1\" \/>\n<meta property=\"og:locale\" content=\"en_US\" \/>\n<meta property=\"og:type\" content=\"article\" \/>\n<meta property=\"og:title\" content=\"Inicio - Child Development Study\" \/>\n<meta property=\"og:description\" content=\"The goal of the USC\u00a0Extracurricular Activity and\u00a0Child\u00a0Early Learning and\u00a0Development\u00a0(EXCEL) Study is to learn more about child brain development and extracurricular activities.\" \/>\n<meta property=\"og:url\" content=\"https:\/\/dornsife.usc.edu\/childdevelopmentstudy\/inicio\/\" \/>\n<meta property=\"og:site_name\" content=\"Child Development Study\" \/>\n<meta property=\"article:modified_time\" content=\"2024-09-17T20:46:02+00:00\" \/>\n<meta property=\"og:image\" content=\"https:\/\/dornsife.usc.edu\/childdevelopmentstudy\/wp-content\/uploads\/sites\/439\/2024\/06\/Header-3.png\" \/>\n\t<meta property=\"og:image:width\" content=\"927\" \/>\n\t<meta property=\"og:image:height\" content=\"228\" \/>\n\t<meta property=\"og:image:type\" content=\"image\/png\" \/>\n<meta name=\"twitter:card\" content=\"summary_large_image\" \/>\n<script type=\"application\/ld+json\" class=\"yoast-schema-graph\">{\"@context\":\"https:\/\/schema.org\",\"@graph\":[{\"@type\":\"WebPage\",\"@id\":\"https:\/\/dornsife.usc.edu\/childdevelopmentstudy\/inicio\/\",\"url\":\"https:\/\/dornsife.usc.edu\/childdevelopmentstudy\/inicio\/\",\"name\":\"Inicio - Child Development Study\",\"isPartOf\":{\"@id\":\"https:\/\/dornsife.usc.edu\/childdevelopmentstudy\/#website\"},\"primaryImageOfPage\":{\"@id\":\"https:\/\/dornsife.usc.edu\/childdevelopmentstudy\/inicio\/#primaryimage\"},\"image\":{\"@id\":\"https:\/\/dornsife.usc.edu\/childdevelopmentstudy\/inicio\/#primaryimage\"},\"thumbnailUrl\":\"https:\/\/dornsife.usc.edu\/childdevelopmentstudy\/wp-content\/uploads\/sites\/439\/2024\/06\/Header-3.png\",\"datePublished\":\"2024-09-17T20:19:45+00:00\",\"dateModified\":\"2024-09-17T20:46:02+00:00\",\"description\":\"The goal of the USC\u00a0Extracurricular Activity and\u00a0Child\u00a0Early Learning and\u00a0Development\u00a0(EXCEL) Study is to learn more about child brain development and extracurricular activities.\",\"breadcrumb\":{\"@id\":\"https:\/\/dornsife.usc.edu\/childdevelopmentstudy\/inicio\/#breadcrumb\"},\"inLanguage\":\"en-US\",\"potentialAction\":[{\"@type\":\"ReadAction\",\"target\":[\"https:\/\/dornsife.usc.edu\/childdevelopmentstudy\/inicio\/\"]}]},{\"@type\":\"ImageObject\",\"inLanguage\":\"en-US\",\"@id\":\"https:\/\/dornsife.usc.edu\/childdevelopmentstudy\/inicio\/#primaryimage\",\"url\":\"https:\/\/dornsife.usc.edu\/childdevelopmentstudy\/wp-content\/uploads\/sites\/439\/2024\/06\/Header-3.png\",\"contentUrl\":\"https:\/\/dornsife.usc.edu\/childdevelopmentstudy\/wp-content\/uploads\/sites\/439\/2024\/06\/Header-3.png\",\"width\":927,\"height\":228},{\"@type\":\"BreadcrumbList\",\"@id\":\"https:\/\/dornsife.usc.edu\/childdevelopmentstudy\/inicio\/#breadcrumb\",\"itemListElement\":[{\"@type\":\"ListItem\",\"position\":1,\"name\":\"Home\",\"item\":\"https:\/\/dornsife.usc.edu\/childdevelopmentstudy\/\"},{\"@type\":\"ListItem\",\"position\":2,\"name\":\"Inicio\"}]},{\"@type\":\"WebSite\",\"@id\":\"https:\/\/dornsife.usc.edu\/childdevelopmentstudy\/#website\",\"url\":\"https:\/\/dornsife.usc.edu\/childdevelopmentstudy\/\",\"name\":\"Child Development Study\",\"description\":\"USC Dornsife  Child Development Study\",\"potentialAction\":[{\"@type\":\"SearchAction\",\"target\":{\"@type\":\"EntryPoint\",\"urlTemplate\":\"https:\/\/dornsife.usc.edu\/childdevelopmentstudy\/?s={search_term_string}\"},\"query-input\":{\"@type\":\"PropertyValueSpecification\",\"valueRequired\":true,\"valueName\":\"search_term_string\"}}],\"inLanguage\":\"en-US\"}]}<\/script>\n<!-- \/ Yoast SEO plugin. -->","yoast_head_json":{"title":"Inicio - Child Development Study","description":"The goal of the USC\u00a0Extracurricular Activity and\u00a0Child\u00a0Early Learning and\u00a0Development\u00a0(EXCEL) Study is to learn more about child brain development and extracurricular activities.","robots":{"index":"noindex","follow":"follow","max-snippet":"max-snippet:-1","max-image-preview":"max-image-preview:large","max-video-preview":"max-video-preview:-1"},"og_locale":"en_US","og_type":"article","og_title":"Inicio - Child Development Study","og_description":"The goal of the USC\u00a0Extracurricular Activity and\u00a0Child\u00a0Early Learning and\u00a0Development\u00a0(EXCEL) Study is to learn more about child brain development and extracurricular activities.","og_url":"https:\/\/dornsife.usc.edu\/childdevelopmentstudy\/inicio\/","og_site_name":"Child Development Study","article_modified_time":"2024-09-17T20:46:02+00:00","og_image":[{"width":927,"height":228,"url":"https:\/\/dornsife.usc.edu\/childdevelopmentstudy\/wp-content\/uploads\/sites\/439\/2024\/06\/Header-3.png","type":"image\/png"}],"twitter_card":"summary_large_image","schema":{"@context":"https:\/\/schema.org","@graph":[{"@type":"WebPage","@id":"https:\/\/dornsife.usc.edu\/childdevelopmentstudy\/inicio\/","url":"https:\/\/dornsife.usc.edu\/childdevelopmentstudy\/inicio\/","name":"Inicio - Child Development Study","isPartOf":{"@id":"https:\/\/dornsife.usc.edu\/childdevelopmentstudy\/#website"},"primaryImageOfPage":{"@id":"https:\/\/dornsife.usc.edu\/childdevelopmentstudy\/inicio\/#primaryimage"},"image":{"@id":"https:\/\/dornsife.usc.edu\/childdevelopmentstudy\/inicio\/#primaryimage"},"thumbnailUrl":"https:\/\/dornsife.usc.edu\/childdevelopmentstudy\/wp-content\/uploads\/sites\/439\/2024\/06\/Header-3.png","datePublished":"2024-09-17T20:19:45+00:00","dateModified":"2024-09-17T20:46:02+00:00","description":"The goal of the USC\u00a0Extracurricular Activity and\u00a0Child\u00a0Early Learning and\u00a0Development\u00a0(EXCEL) Study is to learn more about child brain development and extracurricular activities.","breadcrumb":{"@id":"https:\/\/dornsife.usc.edu\/childdevelopmentstudy\/inicio\/#breadcrumb"},"inLanguage":"en-US","potentialAction":[{"@type":"ReadAction","target":["https:\/\/dornsife.usc.edu\/childdevelopmentstudy\/inicio\/"]}]},{"@type":"ImageObject","inLanguage":"en-US","@id":"https:\/\/dornsife.usc.edu\/childdevelopmentstudy\/inicio\/#primaryimage","url":"https:\/\/dornsife.usc.edu\/childdevelopmentstudy\/wp-content\/uploads\/sites\/439\/2024\/06\/Header-3.png","contentUrl":"https:\/\/dornsife.usc.edu\/childdevelopmentstudy\/wp-content\/uploads\/sites\/439\/2024\/06\/Header-3.png","width":927,"height":228},{"@type":"BreadcrumbList","@id":"https:\/\/dornsife.usc.edu\/childdevelopmentstudy\/inicio\/#breadcrumb","itemListElement":[{"@type":"ListItem","position":1,"name":"Home","item":"https:\/\/dornsife.usc.edu\/childdevelopmentstudy\/"},{"@type":"ListItem","position":2,"name":"Inicio"}]},{"@type":"WebSite","@id":"https:\/\/dornsife.usc.edu\/childdevelopmentstudy\/#website","url":"https:\/\/dornsife.usc.edu\/childdevelopmentstudy\/","name":"Child Development Study","description":"USC Dornsife  Child Development Study","potentialAction":[{"@type":"SearchAction","target":{"@type":"EntryPoint","urlTemplate":"https:\/\/dornsife.usc.edu\/childdevelopmentstudy\/?s={search_term_string}"},"query-input":{"@type":"PropertyValueSpecification","valueRequired":true,"valueName":"search_term_string"}}],"inLanguage":"en-US"}]}},"_links":{"self":[{"href":"https:\/\/dornsife.usc.edu\/childdevelopmentstudy\/wp-json\/wp\/v2\/pages\/391","targetHints":{"allow":["GET"]}}],"collection":[{"href":"https:\/\/dornsife.usc.edu\/childdevelopmentstudy\/wp-json\/wp\/v2\/pages"}],"about":[{"href":"https:\/\/dornsife.usc.edu\/childdevelopmentstudy\/wp-json\/wp\/v2\/types\/page"}],"author":[{"embeddable":true,"href":"https:\/\/dornsife.usc.edu\/childdevelopmentstudy\/wp-json\/wp\/v2\/users\/180"}],"replies":[{"embeddable":true,"href":"https:\/\/dornsife.usc.edu\/childdevelopmentstudy\/wp-json\/wp\/v2\/comments?post=391"}],"version-history":[{"count":7,"href":"https:\/\/dornsife.usc.edu\/childdevelopmentstudy\/wp-json\/wp\/v2\/pages\/391\/revisions"}],"predecessor-version":[{"id":406,"href":"https:\/\/dornsife.usc.edu\/childdevelopmentstudy\/wp-json\/wp\/v2\/pages\/391\/revisions\/406"}],"wp:featuredmedia":[{"embeddable":true,"href":"https:\/\/dornsife.usc.edu\/childdevelopmentstudy\/wp-json\/wp\/v2\/media\/189"}],"wp:attachment":[{"href":"https:\/\/dornsife.usc.edu\/childdevelopmentstudy\/wp-json\/wp\/v2\/media?parent=391"}],"curies":[{"name":"wp","href":"https:\/\/api.w.org\/{rel}","templated":true}]}}