{"id":261,"date":"2023-06-03T18:45:56","date_gmt":"2023-06-04T01:45:56","guid":{"rendered":"https:\/\/live-usc-dornsife.pantheonsite.io\/cams\/?page_id=261"},"modified":"2026-02-23T20:16:32","modified_gmt":"2026-02-24T04:16:32","slug":"colloquia-videos","status":"publish","type":"page","link":"https:\/\/dornsife.usc.edu\/cams\/colloquia-videos\/","title":{"rendered":"Colloquia videos"},"content":{"rendered":"\n\n  \n    \n\n\n\n\n\n\n<div\n  class=\"cc--component-container cc--rich-text \"\n\n  \n  \n  \n  \n  \n  \n  >\n  <div class=\"c--component c--rich-text\"\n    \n      >\n\n    \n      \n<div class=\"f--field f--wysiwyg\">\n\n    \n  <p><a href=\"https:\/\/www.youtube.com\/watch?v=r4EsTnIvXOk\">Gunnar Carlsson &#8211; <em>Topology, Data Science, and Deep Learning<\/em><\/a><\/p>\n<p><a href=\"https:\/\/www.youtube.com\/watch?v=1PjHA-V7f0o\">Sergei Gukov &#8211; The role of AI in mathematical (re)search<\/a><\/p>\n<p><a href=\"https:\/\/www.youtube.com\/watch?v=N6t2-5jfLCs&amp;t=3s\">Harold Williams &#8211; An Introduction to Automated Theorem Proving in Lean<\/a><\/p>\n<p><a href=\"https:\/\/youtu.be\/gP-z0BK8yiw\">Bjoern Bringmann &#8211; Global well-posedness of the stochastic Abelian-Higgs equations in two dimensions<\/a><\/p>\n<p><a href=\"https:\/\/youtu.be\/JF0cA0hg0ko\">Franziska Weber &#8211; Numerical methods for models of liquid crystal dynamics<\/a><\/p>\n<p><a href=\"https:\/\/youtu.be\/RJnemDjlxeY\">Dayung Koh &#8211; Symplectic geometry and astrodynamics &#8211; the story behind the research collaboration<\/a><\/p>\n<p><a href=\"https:\/\/youtu.be\/A02I85C3nik\">Neil Siegel &#8211; A theory of development for complex engineered systems<\/a><\/p>\n<p><a href=\"https:\/\/youtu.be\/6bNnePEQh_M\">Ahmed Bou-Rabee &#8211; Homogenization with critical disorder<\/a><\/p>\n<p><a href=\"https:\/\/youtu.be\/N_syfg-QNTY\">Inwon Kim &#8211; Tumor growth with nutrients: regularity of interface<\/a><\/p>\n<p><a href=\"https:\/\/youtu.be\/diVjlaWAElU\">Yu Deng &#8211; Long time derivation of Boltzmann equation from hard sphere dynamics<\/a><\/p>\n<p><a href=\"https:\/\/youtu.be\/1FTGIVA_YGY\">Joseph Miller &#8211; Effective dynamics of interacting classical, quantum, and wave systems<\/a><\/p>\n<p><a href=\"https:\/\/youtu.be\/eNai2MF0luk\">Ian Tice &#8211; Stationary and slowly traveling solutions to the free boundary Navier-Stokes equations<\/a><\/p>\n<p><a href=\"https:\/\/youtu.be\/Ru6k8KfXw44\">Vera Gluscevic &#8211; The universe we cannot see<\/a><\/p>\n<p><a href=\"https:\/\/youtu.be\/NC4nU7fGs2M\">Abhishek Balakrishna &#8211; End behavior of a flutter model<\/a><\/p>\n<p><a href=\"https:\/\/youtu.be\/eNeJ-5mWC-c\">Jacob Bedrossian &#8211; Nonlinear dynamics in stochastic systems<\/a><\/p>\n<p><a href=\"https:\/\/youtu.be\/bT9s9J2O_no\">Ioan Bejenaru &#8211; Dynamics of equivariant Schr\u00f6dinger maps near solitons<\/a><\/p>\n<p><a href=\"https:\/\/www.youtube.com\/watch?v=qctdhqsNb70\">Joonhyun La &#8211; Local well-posedness and smoothing of MMT kinetic wave equation<\/a><\/p>\n<p><a href=\"https:\/\/youtu.be\/yfSPd1WpVrE\">Frederi Viens &#8211; Analysis on Wiener space for Yule\u2019s correlation statistic: asymptotics and applicability to attribution testing in climate time series<\/a><\/p>\n<p><a href=\"https:\/\/youtu.be\/Hlc4WEneNB4\">Pranava Jayanti &#8211; Mass transfer and global solutions in a micro-scale model of superfluidity<\/a><\/p>\n<p class=\"style-scope ytd-watch-metadata\"><a href=\"https:\/\/youtu.be\/Xr-yy1d2__Q\">Zaher Hani &#8211; Hilbert\u2019s sixth problem for nonlinear waves<\/a><\/p>\n<p><a href=\"https:\/\/youtu.be\/lDqu330SHlI\">Matthew Schrecker &#8211; Gravitational Landau Damping<\/a><\/p>\n<p class=\"style-scope ytd-watch-metadata\"><a href=\"https:\/\/youtu.be\/DVpJH2cRWBk?si=JNAJy_0YqlD4DEdg\">Eva Miranda &#8211; Towards a \u201cFluid Computer\u201d<\/a><\/p>\n<p class=\"style-scope ytd-watch-metadata\"><a href=\"https:\/\/youtu.be\/HdO8uTfztD4?si=vjZGKEStQJs0-M-Z\">Fred Weissler &#8211; Blow up and local ill-posedness for the the complex, periodic KdV equation<\/a><\/p>\n<p class=\"style-scope ytd-watch-metadata\"><a href=\"https:\/\/youtu.be\/17OpBRRMm8I?si=y2cQe5dQpqX-HTMe\">Matthew Novack &#8211; Weak kinetic shock solutions to the Landau equation<\/a><\/p>\n<p class=\"style-scope ytd-watch-metadata\"><a href=\"https:\/\/youtu.be\/2enpQtY99Lc?si=NmKhQaZND0h01jov\">John Hunter &#8211; Can the flow behind a weak-shock Mach reflection be shock-free?<\/a><\/p>\n<p class=\"style-scope ytd-watch-metadata\"><a href=\"https:\/\/youtu.be\/m25_gL-Oqwg\">Mimi Dai &#8211; Nonuniqueness for forced equations<\/a><\/p>\n<p class=\"style-scope ytd-watch-metadata\"><a href=\"https:\/\/youtu.be\/6ru0cIoLQ7o?t=0\">Wojciech Ozanski &#8211;\u00a0Instantaneous gap loss of Sobolev regularity of solutions to the 2D incompressible Euler equations<\/a><\/p>\n<p class=\"style-scope ytd-watch-metadata\"><a href=\"https:\/\/www.youtube.com\/watch?v=fMr_MyhZgXY\">Stan Palasek &#8211;\u00a0Non-uniqueness and convex integration for the forced Euler equations<\/a><\/p>\n<p class=\"style-scope ytd-watch-metadata\"><a href=\"https:\/\/www.youtube.com\/watch?v=iM_mE7U4zCI\">Roman Shvydkoy &#8211; On the problem of emergence arising in hydrodynamic systems of collective behavior<\/a><\/p>\n<p><a href=\"https:\/\/youtu.be\/5eLFwAQqMhM\">Gigliola Staffilani &#8211; On the wave turbulence theory for a stochastic KdV type equation<\/a><\/p>\n<p><a href=\"https:\/\/www.youtube.com\/watch?v=9Upx4HHZ09o\">Adam Larios &#8211; A Song of Water and Fire: The Navier-Stokes and Kuramoto-Sivashinsky Equations<\/a><\/p>\n<p class=\"style-scope ytd-watch-metadata\"><a href=\"https:\/\/www.youtube.com\/watch?v=5tlUpCudy3Y\">Weiwei Hu &#8211; Optimal control for suppression of singularity in chemotaxis<\/a><\/p>\n<p class=\"style-scope ytd-watch-metadata\"><a href=\"https:\/\/youtu.be\/n8j-SZ8Dgtc\">Nata\u0161a Pavlovi\u0107 &#8211; A tale of two generalizations of Boltzmann equation<\/a><\/p>\n<p><a href=\"https:\/\/youtu.be\/_gll_Cdxf7A?t=0\">Nathan Glatt-Holtz &#8211; A unified framework for Metropolis-Hastings Type Monte Carlo methods<\/a><\/p>\n<p><a href=\"https:\/\/www.youtube.com\/watch?v=ADZgijH5lR4\">L\u00e1szl\u00f3 Sz\u00e9kelyhidi &#8211;\u00a0Magnetohydrodynamic Turbulence: weak solutions and conserved quantities<\/a><\/p>\n<p><a href=\"https:\/\/www.youtube.com\/watch?v=jSlcJI9GSWU\">Giovanni Paolo Galdi &#8211;\u00a0Navier-Stokes Equations around a Rigid Body: Three Remarkable Open Problems<\/a><\/p>\n<p><a href=\"https:\/\/www.youtube.com\/watch?v=Dh-t4y55kzo\">Jonathan Mattingly &#8211;\u00a0A random splitting model for the 2D Euler and Navier Stokes equations<\/a><\/p>\n<p><a href=\"https:\/\/www.youtube.com\/watch?v=mM4XPobIv9U\">Diego Cordoba &#8211; Instant blow-up of the generalized SQG equations<\/a><\/p>\n<p><a href=\"https:\/\/www.youtube.com\/watch?v=4zuRK_RWM7Y\">Mihaela Ignatova &#8211; Electroconvection in fluids<\/a><\/p>\n<p><a href=\"https:\/\/www.youtube.com\/watch?v=mt66gSS4boE\">Eitan Tadmor &#8211; Hierarchical decompositions of images and the problem of Bourgain-Brezis<\/a><\/p>\n<p><a href=\"https:\/\/www.youtube.com\/watch?v=zg0Gl7e42HA\">Hyung Ju Hwang &#8211; Deep Neural Network approach to PDEs and applications to COVID-19 spread model<\/a><\/p>\n<p><a href=\"https:\/\/www.youtube.com\/watch?v=Il9KrSdkq_k\">Tarek Elgindi &#8211; Singularity formation in incompressible fluids<\/a><\/p>\n<p><a href=\"https:\/\/www.youtube.com\/watch?v=Ja8-OZkQHys\">Jacob Bedrossian &#8211; Positive Lyapunov exponents for Galerkin-Navier-Stokes with stochastic forcing<\/a><\/p>\n<p><a href=\"https:\/\/www.youtube.com\/watch?v=50GA82kKS1E\">Alexis Vasseur &#8211; boundary vorticity estimate for the Navier-Stokes equation and the inviscid limit<\/a><\/p>\n<p><a href=\"https:\/\/www.youtube.com\/watch?v=2VZw2khE7L0\">Robert Ghrist &#8211; Opinion Dynamics on sheaves<\/a><\/p>\n<p class=\"title style-scope ytd-video-primary-info-renderer\"><a href=\"https:\/\/www.youtube.com\/watch?v=1-e0SN6LrVw&amp;ab_channel=USCCAMSColloquium\" target=\"_blank\" rel=\"noopener\">Vincent Martinez &#8211; Existence, Uniqueness and Smoothing for the dissipative generalized SQG equation<\/a><\/p>\n<p class=\"title style-scope ytd-video-primary-info-renderer\"><a href=\"https:\/\/www.youtube.com\/watch?v=x4HB3aog0wA&amp;ab_channel=USCCAMSColloquium\" target=\"_blank\" rel=\"noopener\">Theodore Drivas &#8211; Simultaneous development of shocks and weak discontinuities from smooth data<\/a><\/p>\n<p class=\"title style-scope ytd-video-primary-info-renderer\"><a href=\"https:\/\/www.youtube.com\/watch?v=xgfSaSNrvt4&amp;t=3s&amp;ab_channel=USCCAMSColloquium\" target=\"_blank\" rel=\"noopener\">Nathan Glatt Holtz &#8211; The Bayesian Approach to PDE Inverse Problems<\/a><\/p>\n<p class=\"title style-scope ytd-video-primary-info-renderer\"><a href=\"https:\/\/www.youtube.com\/watch?v=IA2talTibBc&amp;ab_channel=USCCAMSColloquium\" target=\"_blank\" rel=\"noopener\">Lin Lin &#8211; Quantum numerical linear algebra<\/a><\/p>\n\n\n\n<\/div>\n\n\n  <\/div><\/div>\n","protected":false},"excerpt":{"rendered":"","protected":false},"author":282,"featured_media":0,"parent":0,"menu_order":0,"comment_status":"closed","ping_status":"closed","template":"","meta":{"_acf_changed":false,"footnotes":""},"class_list":["post-261","page","type-page","status-publish","hentry"],"acf":[],"yoast_head":"<!-- This site is optimized with the Yoast SEO plugin v27.1.1 - https:\/\/yoast.com\/product\/yoast-seo-wordpress\/ -->\n<title>Colloquia videos - Center for Applied Mathematical Sciences<\/title>\n<meta name=\"robots\" content=\"index, follow, max-snippet:-1, max-image-preview:large, max-video-preview:-1\" \/>\n<link rel=\"canonical\" href=\"https:\/\/dornsife.usc.edu\/cams\/colloquia-videos\/\" \/>\n<meta property=\"og:locale\" content=\"en_US\" \/>\n<meta property=\"og:type\" content=\"article\" \/>\n<meta property=\"og:title\" content=\"Colloquia videos - Center for Applied Mathematical Sciences\" \/>\n<meta property=\"og:url\" content=\"https:\/\/dornsife.usc.edu\/cams\/colloquia-videos\/\" \/>\n<meta property=\"og:site_name\" content=\"Center for Applied Mathematical Sciences\" \/>\n<meta property=\"article:modified_time\" content=\"2026-02-24T04:16:32+00:00\" \/>\n<meta name=\"twitter:card\" content=\"summary_large_image\" \/>\n<script type=\"application\/ld+json\" class=\"yoast-schema-graph\">{\"@context\":\"https:\/\/schema.org\",\"@graph\":[{\"@type\":\"WebPage\",\"@id\":\"https:\/\/dornsife.usc.edu\/cams\/colloquia-videos\/\",\"url\":\"https:\/\/dornsife.usc.edu\/cams\/colloquia-videos\/\",\"name\":\"Colloquia videos - Center for Applied Mathematical Sciences\",\"isPartOf\":{\"@id\":\"https:\/\/dornsife.usc.edu\/cams\/#website\"},\"datePublished\":\"2023-06-04T01:45:56+00:00\",\"dateModified\":\"2026-02-24T04:16:32+00:00\",\"breadcrumb\":{\"@id\":\"https:\/\/dornsife.usc.edu\/cams\/colloquia-videos\/#breadcrumb\"},\"inLanguage\":\"en-US\",\"potentialAction\":[{\"@type\":\"ReadAction\",\"target\":[\"https:\/\/dornsife.usc.edu\/cams\/colloquia-videos\/\"]}]},{\"@type\":\"BreadcrumbList\",\"@id\":\"https:\/\/dornsife.usc.edu\/cams\/colloquia-videos\/#breadcrumb\",\"itemListElement\":[{\"@type\":\"ListItem\",\"position\":1,\"name\":\"Home\",\"item\":\"https:\/\/dornsife.usc.edu\/cams\/\"},{\"@type\":\"ListItem\",\"position\":2,\"name\":\"Colloquia videos\"}]},{\"@type\":\"WebSite\",\"@id\":\"https:\/\/dornsife.usc.edu\/cams\/#website\",\"url\":\"https:\/\/dornsife.usc.edu\/cams\/\",\"name\":\"Center for Applied Mathematical Sciences\",\"description\":\"USC Dornsife Sites\",\"potentialAction\":[{\"@type\":\"SearchAction\",\"target\":{\"@type\":\"EntryPoint\",\"urlTemplate\":\"https:\/\/dornsife.usc.edu\/cams\/?s={search_term_string}\"},\"query-input\":{\"@type\":\"PropertyValueSpecification\",\"valueRequired\":true,\"valueName\":\"search_term_string\"}}],\"inLanguage\":\"en-US\"}]}<\/script>\n<!-- \/ Yoast SEO plugin. -->","yoast_head_json":{"title":"Colloquia videos - Center for Applied Mathematical Sciences","robots":{"index":"index","follow":"follow","max-snippet":"max-snippet:-1","max-image-preview":"max-image-preview:large","max-video-preview":"max-video-preview:-1"},"canonical":"https:\/\/dornsife.usc.edu\/cams\/colloquia-videos\/","og_locale":"en_US","og_type":"article","og_title":"Colloquia videos - Center for Applied Mathematical Sciences","og_url":"https:\/\/dornsife.usc.edu\/cams\/colloquia-videos\/","og_site_name":"Center for Applied Mathematical Sciences","article_modified_time":"2026-02-24T04:16:32+00:00","twitter_card":"summary_large_image","schema":{"@context":"https:\/\/schema.org","@graph":[{"@type":"WebPage","@id":"https:\/\/dornsife.usc.edu\/cams\/colloquia-videos\/","url":"https:\/\/dornsife.usc.edu\/cams\/colloquia-videos\/","name":"Colloquia videos - Center for Applied Mathematical Sciences","isPartOf":{"@id":"https:\/\/dornsife.usc.edu\/cams\/#website"},"datePublished":"2023-06-04T01:45:56+00:00","dateModified":"2026-02-24T04:16:32+00:00","breadcrumb":{"@id":"https:\/\/dornsife.usc.edu\/cams\/colloquia-videos\/#breadcrumb"},"inLanguage":"en-US","potentialAction":[{"@type":"ReadAction","target":["https:\/\/dornsife.usc.edu\/cams\/colloquia-videos\/"]}]},{"@type":"BreadcrumbList","@id":"https:\/\/dornsife.usc.edu\/cams\/colloquia-videos\/#breadcrumb","itemListElement":[{"@type":"ListItem","position":1,"name":"Home","item":"https:\/\/dornsife.usc.edu\/cams\/"},{"@type":"ListItem","position":2,"name":"Colloquia videos"}]},{"@type":"WebSite","@id":"https:\/\/dornsife.usc.edu\/cams\/#website","url":"https:\/\/dornsife.usc.edu\/cams\/","name":"Center for Applied Mathematical Sciences","description":"USC Dornsife Sites","potentialAction":[{"@type":"SearchAction","target":{"@type":"EntryPoint","urlTemplate":"https:\/\/dornsife.usc.edu\/cams\/?s={search_term_string}"},"query-input":{"@type":"PropertyValueSpecification","valueRequired":true,"valueName":"search_term_string"}}],"inLanguage":"en-US"}]}},"_links":{"self":[{"href":"https:\/\/dornsife.usc.edu\/cams\/wp-json\/wp\/v2\/pages\/261","targetHints":{"allow":["GET"]}}],"collection":[{"href":"https:\/\/dornsife.usc.edu\/cams\/wp-json\/wp\/v2\/pages"}],"about":[{"href":"https:\/\/dornsife.usc.edu\/cams\/wp-json\/wp\/v2\/types\/page"}],"author":[{"embeddable":true,"href":"https:\/\/dornsife.usc.edu\/cams\/wp-json\/wp\/v2\/users\/282"}],"replies":[{"embeddable":true,"href":"https:\/\/dornsife.usc.edu\/cams\/wp-json\/wp\/v2\/comments?post=261"}],"version-history":[{"count":35,"href":"https:\/\/dornsife.usc.edu\/cams\/wp-json\/wp\/v2\/pages\/261\/revisions"}],"predecessor-version":[{"id":1415,"href":"https:\/\/dornsife.usc.edu\/cams\/wp-json\/wp\/v2\/pages\/261\/revisions\/1415"}],"wp:attachment":[{"href":"https:\/\/dornsife.usc.edu\/cams\/wp-json\/wp\/v2\/media?parent=261"}],"curies":[{"name":"wp","href":"https:\/\/api.w.org\/{rel}","templated":true}]}}