{"id":9729,"date":"2024-09-25T17:33:21","date_gmt":"2024-09-26T00:33:21","guid":{"rendered":"https:\/\/dornsife.usc.edu\/cagr\/?page_id=9729"},"modified":"2024-09-25T18:02:04","modified_gmt":"2024-09-26T01:02:04","slug":"inogs-9th-international-conference-genocide-and-survivor-communities-agency-resistance-recognition","status":"publish","type":"page","link":"https:\/\/dornsife.usc.edu\/cagr\/events\/past-conferences-and-workshops\/inogs-9th-international-conference-genocide-and-survivor-communities-agency-resistance-recognition\/","title":{"rendered":"INoGS 9th International Conference \u2013 Genocide and Survivor Communities: Agency, Resistance, Recognition"},"content":{"rendered":"\n\n\n  \n    \n\n\n\n\n\n\n<div\n  class=\"cc--component-container cc--full-width-image-and-text \"\n\n  \n  \n  \n  \n  \n  \n  >\n  <div class=\"c--component c--full-width-image-and-text\"\n    \n      >\n\n    \n      <div class=\"image-container\">\n          \n<div class=\"f--field f--image\">\n\n    \n    \n    \n    \n    \n    \n              \n      <img\n                            data-src=\"https:\/\/dornsife.usc.edu\/cagr\/wp-content\/uploads\/sites\/108\/2024\/09\/INoGS-featured-temp-768x432.jpg\"\n          data-srcset=\"https:\/\/dornsife.usc.edu\/cagr\/wp-content\/uploads\/sites\/108\/2024\/09\/INoGS-featured-temp-1920x1080.jpg 1920w,https:\/\/dornsife.usc.edu\/cagr\/wp-content\/uploads\/sites\/108\/2024\/09\/INoGS-featured-temp-1280x720.jpg 1280w,https:\/\/dornsife.usc.edu\/cagr\/wp-content\/uploads\/sites\/108\/2024\/09\/INoGS-featured-temp-768x432.jpg 768w\"          data-sizes=\"(min-width:1200px) 75vw, (min-width:768px) 83vw, 100vw\"          class=\"lazyload\"\n        \n                  role=\"none\"\n        \n        \n                                      \/>\n\n    \n    \n  \n  \n\n<\/div>\n    <\/div>\n  \n  <div class=\"text-container\">\n\n    \n              \n<div class=\"f--field f--section-title\">\n\n    \n  <h2>\n          INoGS 9th International Conference \u2013 Genocide and Survivor Communities: Agency, Resistance, Recognition\n      <\/h2>\n\n\n<\/div>\n    \n              \n<div class=\"f--field f--description\">\n\n    \n  <p>June 23-26, 2024<\/p>\n<p>Organized by the International Network of Genocide Scholars (INoGS)<\/p>\n<p>Co-organized and hosted by the USC Dornsife Center for Advanced Genocide Research<\/p>\n<p>&nbsp;<\/p>\n\n\n\n<\/div>\n    \n      <\/div>\n\n\n  <\/div><\/div>\n\n\n\n\n  \n    \n\n\n\n\n\n\n<div\n  class=\"cc--component-container cc--rich-text \"\n\n  \n  \n  \n  \n  \n  \n  >\n  <div class=\"c--component c--rich-text\"\n    \n      >\n\n    \n      \n<div class=\"f--field f--wysiwyg\">\n\n    \n  <p>The biennial conference of the International Network of Genocide Scholars (INoGS), hosted and co-organized by the Center, featured groundbreaking research on individual cases and comparative analyses of genocide, mass violence, colonial violence and genocide, war crimes, and crimes against humanity across a wide variety of historical, geographic, and cultural contexts.<\/p>\n<p>Los Angeles is home to a multitude of large communities of genocide survivors and their descendants, including from the Californian genocide against Native Americans, the genocide against Armenians in the Ottoman Empire, the Holocaust in Europe, the genocides in Cambodia and Guatemala, as well as other instances of mass violence in the Americas and the rest of the world. Given the setting, in addition to general interest on individual cases and comparative analyses of genocide, mass violence, colonial violence and genocide, war crimes, and crimes against humanity, a special focus of this conference was on the individual experiences, and perspectives of victims and survivors, not only in the aftermath of state violence, but during the mass atrocities as well.<\/p>\n<p><strong>Organizing committee:<\/strong><br \/>\nElisabeth Hope Murray (President, International Network of Genocide Scholars)<br \/>\nWolf Gruner (Founding Director, USC Dornsife Center for Advanced Genocide Research)<br \/>\nMartha Stroud (Associate Director, USC Dornsife Center for Advanced Genocide Research)<\/p>\n<p><strong>Sponsors and Partners:<\/strong><\/p>\n<p><a href=\"https:\/\/sfi.usc.edu\/\" target=\"_blank\" rel=\"noopener\">USC Shoah Foundation<\/a><br \/>\n<a href=\"https:\/\/www.international.ucla.edu\/armenia\/armeniangenocide\" target=\"_blank\" rel=\"noopener\">Armenian Genocide Research Program of the Promise Armenian Institute at UCLA<\/a><br \/>\n<a href=\"https:\/\/armenian.usc.edu\/\" target=\"_blank\" rel=\"noopener\">USC Dornsife Institute of Armenian Studies<\/a><br \/>\n<a href=\"https:\/\/www.germany.info\/us-en\/embassy-consulates\/losangeles\" target=\"_blank\" rel=\"noopener\">Consulate General of the Federal Republic of Germany in Los Angeles<\/a><br \/>\n<a href=\"https:\/\/dornsife.usc.edu\/our-leadership\/\" target=\"_blank\" rel=\"noopener\">USC Dornsife Office of the Dean<\/a><br \/>\n<a href=\"https:\/\/research.usc.edu\/\" target=\"_blank\" rel=\"noopener\">USC Office on Research and Innovation<\/a><br \/>\n<a href=\"https:\/\/dornsife.usc.edu\/cjrc\/\" target=\"_blank\" rel=\"noopener\">USC Shinso Ito Center for Japanese Religions and Culture<\/a><br \/>\n<a href=\"https:\/\/dornsife.usc.edu\/cis\/\" target=\"_blank\" rel=\"noopener\">USC Dornsife Center for International Studies<\/a><br \/>\n<a href=\"https:\/\/cinema.usc.edu\/\" target=\"_blank\" rel=\"noopener\">USC School of Cinematic Arts<\/a><\/p>\n<p><strong>Supporters:<\/strong><\/p>\n<p><a href=\"https:\/\/www.janm.org\/\" target=\"_blank\" rel=\"noopener\">Japanese American National Museum<\/a><\/p>\n<p>&nbsp;<\/p>\n\n\n\n<\/div>\n\n\n  <\/div><\/div>\n\n\n\n  \n  \n    \n\n\n\n\n\n\n<div\n  class=\"cc--component-container cc--full-width-cta \"\n\n  \n  \n  \n  \n  \n  \n  >\n  <div class=\"c--component c--full-width-cta\"\n    \n      >\n\n    \n<div class=\"inner-wrapper\">\n      <div class=\"header-container\">\n  \n                        \n<div class=\"f--field f--description\">\n\n    \n  <p>Download the INoGS 9th International Conference Program here.<\/p>\n\n\n\n<\/div>\n          <\/div>\n    \n      <div class=\"links-container\">\n        \n            \n<div class=\"f--field f--link\">\n\n    \n    \n  \n<a \n  class=\"link\"\n  href= https:\/\/dornsife.usc.edu\/cagr\/?attachment_id=9732\n  target=\"_blank\"  aria-label=\"Read more about Download program here\"  \n>\n    Download program here \n  <svg version=\"1.1\" xmlns=\"http:\/\/www.w3.org\/2000\/svg\" xmlns:xlink=\"http:\/\/www.w3.org\/1999\/xlink\" x=\"0px\" y=\"0px\" viewBox=\"0 0 35 35\" enable-background=\"new 0 0 35 35\" width=\"25\" height=\"25\" xml:space=\"preserve\"><polygon fill-rule=\"evenodd\" clip-rule=\"evenodd\" fill=\"#FC0\" points=\"19.3,27.5 29.3,17.5,19.3,7.5 16.3,10.4 21.4,15.4 6.7,15.4 6.7,19.6 21.4,19.6 16.3,24.6 \"\/><\/svg>\n<\/a>\n\n\n<\/div>\n          <\/div>\n  <\/div>\n\n\n\n  <\/div><\/div>\n\n\n\n    \n  \n    \n\n\n\n\n\n\n<div\n  class=\"cc--component-container cc--full-width-cta \"\n\n  \n  \n  \n  \n  \n  \n  >\n  <div class=\"c--component c--full-width-cta\"\n    \n      >\n\n    \n<div class=\"inner-wrapper\">\n      <div class=\"header-container\">\n  \n                        \n<div class=\"f--field f--description\">\n\n    \n  <p>Download the INoGS 9th International Conference Call for Papers here.<\/p>\n\n\n\n<\/div>\n          <\/div>\n    \n      <div class=\"links-container\">\n        \n            \n<div class=\"f--field f--link\">\n\n    \n    \n  \n<a \n  class=\"link\"\n  href= https:\/\/dornsife.usc.edu\/cagr\/wp-content\/uploads\/sites\/108\/2023\/03\/CFP-INoGS-2024-Conference-v6.pdf\n  target=\"_blank\"  aria-label=\"Read more about Download Call for Papers here (in English)\"  \n>\n    Download Call for Papers here (in English) \n  <svg version=\"1.1\" xmlns=\"http:\/\/www.w3.org\/2000\/svg\" xmlns:xlink=\"http:\/\/www.w3.org\/1999\/xlink\" x=\"0px\" y=\"0px\" viewBox=\"0 0 35 35\" enable-background=\"new 0 0 35 35\" width=\"25\" height=\"25\" xml:space=\"preserve\"><polygon fill-rule=\"evenodd\" clip-rule=\"evenodd\" fill=\"#FC0\" points=\"19.3,27.5 29.3,17.5,19.3,7.5 16.3,10.4 21.4,15.4 6.7,15.4 6.7,19.6 21.4,19.6 16.3,24.6 \"\/><\/svg>\n<\/a>\n\n\n<\/div>\n        \n            \n<div class=\"f--field f--link\">\n\n    \n    \n  \n<a \n  class=\"link\"\n  href= https:\/\/dornsife.usc.edu\/cagr\/wp-content\/uploads\/sites\/108\/2023\/07\/CFP-INoGS-2024-Conference-v6_Spanish.pdf\n  target=\"_blank\"  aria-label=\"Read more about Descarga la invitaci\u00f3n para presentaci\u00f3n de propuestas aqu\u00ed (en espa\u00f1ol)\"  \n>\n    Descarga la invitaci\u00f3n para presentaci\u00f3n de propuestas aqu\u00ed (en espa\u00f1ol) \n  <svg version=\"1.1\" xmlns=\"http:\/\/www.w3.org\/2000\/svg\" xmlns:xlink=\"http:\/\/www.w3.org\/1999\/xlink\" x=\"0px\" y=\"0px\" viewBox=\"0 0 35 35\" enable-background=\"new 0 0 35 35\" width=\"25\" height=\"25\" xml:space=\"preserve\"><polygon fill-rule=\"evenodd\" clip-rule=\"evenodd\" fill=\"#FC0\" points=\"19.3,27.5 29.3,17.5,19.3,7.5 16.3,10.4 21.4,15.4 6.7,15.4 6.7,19.6 21.4,19.6 16.3,24.6 \"\/><\/svg>\n<\/a>\n\n\n<\/div>\n          <\/div>\n  <\/div>\n\n\n\n  <\/div><\/div>\n","protected":false},"excerpt":{"rendered":"","protected":false},"author":140,"featured_media":9731,"parent":1806,"menu_order":0,"comment_status":"closed","ping_status":"closed","template":"","meta":{"_acf_changed":false,"footnotes":""},"class_list":["post-9729","page","type-page","status-publish","has-post-thumbnail","hentry"],"acf":[],"yoast_head":"<!-- This site is optimized with the Yoast SEO plugin v27.1.1 - https:\/\/yoast.com\/product\/yoast-seo-wordpress\/ -->\n<title>INoGS 9th International Conference \u2013 Genocide and Survivor Communities: Agency, Resistance, Recognition - Center for Advanced Genocide Research<\/title>\n<meta name=\"robots\" content=\"index, follow, max-snippet:-1, max-image-preview:large, max-video-preview:-1\" \/>\n<link rel=\"canonical\" href=\"https:\/\/dornsife.usc.edu\/cagr\/events\/past-conferences-and-workshops\/inogs-9th-international-conference-genocide-and-survivor-communities-agency-resistance-recognition\/\" \/>\n<meta property=\"og:locale\" content=\"en_US\" \/>\n<meta property=\"og:type\" content=\"article\" \/>\n<meta property=\"og:title\" content=\"INoGS 9th International Conference \u2013 Genocide and Survivor Communities: Agency, Resistance, Recognition - Center for Advanced Genocide Research\" \/>\n<meta property=\"og:url\" content=\"https:\/\/dornsife.usc.edu\/cagr\/events\/past-conferences-and-workshops\/inogs-9th-international-conference-genocide-and-survivor-communities-agency-resistance-recognition\/\" \/>\n<meta property=\"og:site_name\" content=\"Center for Advanced Genocide Research\" \/>\n<meta property=\"article:modified_time\" content=\"2024-09-26T01:02:04+00:00\" \/>\n<meta property=\"og:image\" content=\"https:\/\/dornsife.usc.edu\/cagr\/wp-content\/uploads\/sites\/108\/2024\/09\/INoGS-featured-temp.jpg\" \/>\n\t<meta property=\"og:image:width\" content=\"2000\" \/>\n\t<meta property=\"og:image:height\" content=\"1150\" \/>\n\t<meta property=\"og:image:type\" content=\"image\/jpeg\" \/>\n<meta name=\"twitter:card\" content=\"summary_large_image\" \/>\n<script type=\"application\/ld+json\" class=\"yoast-schema-graph\">{\"@context\":\"https:\/\/schema.org\",\"@graph\":[{\"@type\":\"WebPage\",\"@id\":\"https:\/\/dornsife.usc.edu\/cagr\/events\/past-conferences-and-workshops\/inogs-9th-international-conference-genocide-and-survivor-communities-agency-resistance-recognition\/\",\"url\":\"https:\/\/dornsife.usc.edu\/cagr\/events\/past-conferences-and-workshops\/inogs-9th-international-conference-genocide-and-survivor-communities-agency-resistance-recognition\/\",\"name\":\"INoGS 9th International Conference \u2013 Genocide and Survivor Communities: Agency, Resistance, Recognition - Center for Advanced Genocide Research\",\"isPartOf\":{\"@id\":\"https:\/\/dornsife.usc.edu\/cagr\/#website\"},\"primaryImageOfPage\":{\"@id\":\"https:\/\/dornsife.usc.edu\/cagr\/events\/past-conferences-and-workshops\/inogs-9th-international-conference-genocide-and-survivor-communities-agency-resistance-recognition\/#primaryimage\"},\"image\":{\"@id\":\"https:\/\/dornsife.usc.edu\/cagr\/events\/past-conferences-and-workshops\/inogs-9th-international-conference-genocide-and-survivor-communities-agency-resistance-recognition\/#primaryimage\"},\"thumbnailUrl\":\"https:\/\/dornsife.usc.edu\/cagr\/wp-content\/uploads\/sites\/108\/2024\/09\/INoGS-featured-temp.jpg\",\"datePublished\":\"2024-09-26T00:33:21+00:00\",\"dateModified\":\"2024-09-26T01:02:04+00:00\",\"breadcrumb\":{\"@id\":\"https:\/\/dornsife.usc.edu\/cagr\/events\/past-conferences-and-workshops\/inogs-9th-international-conference-genocide-and-survivor-communities-agency-resistance-recognition\/#breadcrumb\"},\"inLanguage\":\"en-US\",\"potentialAction\":[{\"@type\":\"ReadAction\",\"target\":[\"https:\/\/dornsife.usc.edu\/cagr\/events\/past-conferences-and-workshops\/inogs-9th-international-conference-genocide-and-survivor-communities-agency-resistance-recognition\/\"]}]},{\"@type\":\"ImageObject\",\"inLanguage\":\"en-US\",\"@id\":\"https:\/\/dornsife.usc.edu\/cagr\/events\/past-conferences-and-workshops\/inogs-9th-international-conference-genocide-and-survivor-communities-agency-resistance-recognition\/#primaryimage\",\"url\":\"https:\/\/dornsife.usc.edu\/cagr\/wp-content\/uploads\/sites\/108\/2024\/09\/INoGS-featured-temp.jpg\",\"contentUrl\":\"https:\/\/dornsife.usc.edu\/cagr\/wp-content\/uploads\/sites\/108\/2024\/09\/INoGS-featured-temp.jpg\",\"width\":2000,\"height\":1150},{\"@type\":\"BreadcrumbList\",\"@id\":\"https:\/\/dornsife.usc.edu\/cagr\/events\/past-conferences-and-workshops\/inogs-9th-international-conference-genocide-and-survivor-communities-agency-resistance-recognition\/#breadcrumb\",\"itemListElement\":[{\"@type\":\"ListItem\",\"position\":1,\"name\":\"Home\",\"item\":\"https:\/\/dornsife.usc.edu\/cagr\/\"},{\"@type\":\"ListItem\",\"position\":2,\"name\":\"Events\",\"item\":\"https:\/\/dornsife.usc.edu\/cagr\/events\/\"},{\"@type\":\"ListItem\",\"position\":3,\"name\":\"Past Conferences and Workshops\",\"item\":\"https:\/\/dornsife.usc.edu\/cagr\/events\/past-conferences-and-workshops\/\"},{\"@type\":\"ListItem\",\"position\":4,\"name\":\"INoGS 9th International Conference \u2013 Genocide and Survivor Communities: Agency, Resistance, Recognition\"}]},{\"@type\":\"WebSite\",\"@id\":\"https:\/\/dornsife.usc.edu\/cagr\/#website\",\"url\":\"https:\/\/dornsife.usc.edu\/cagr\/\",\"name\":\"Center for Advanced Genocide Research\",\"description\":\"USC Dornsife Center for Advanced Genocide Research\",\"potentialAction\":[{\"@type\":\"SearchAction\",\"target\":{\"@type\":\"EntryPoint\",\"urlTemplate\":\"https:\/\/dornsife.usc.edu\/cagr\/?s={search_term_string}\"},\"query-input\":{\"@type\":\"PropertyValueSpecification\",\"valueRequired\":true,\"valueName\":\"search_term_string\"}}],\"inLanguage\":\"en-US\"}]}<\/script>\n<!-- \/ Yoast SEO plugin. -->","yoast_head_json":{"title":"INoGS 9th International Conference \u2013 Genocide and Survivor Communities: Agency, Resistance, Recognition - Center for Advanced Genocide Research","robots":{"index":"index","follow":"follow","max-snippet":"max-snippet:-1","max-image-preview":"max-image-preview:large","max-video-preview":"max-video-preview:-1"},"canonical":"https:\/\/dornsife.usc.edu\/cagr\/events\/past-conferences-and-workshops\/inogs-9th-international-conference-genocide-and-survivor-communities-agency-resistance-recognition\/","og_locale":"en_US","og_type":"article","og_title":"INoGS 9th International Conference \u2013 Genocide and Survivor Communities: Agency, Resistance, Recognition - Center for Advanced Genocide Research","og_url":"https:\/\/dornsife.usc.edu\/cagr\/events\/past-conferences-and-workshops\/inogs-9th-international-conference-genocide-and-survivor-communities-agency-resistance-recognition\/","og_site_name":"Center for Advanced Genocide Research","article_modified_time":"2024-09-26T01:02:04+00:00","og_image":[{"width":2000,"height":1150,"url":"https:\/\/dornsife.usc.edu\/cagr\/wp-content\/uploads\/sites\/108\/2024\/09\/INoGS-featured-temp.jpg","type":"image\/jpeg"}],"twitter_card":"summary_large_image","schema":{"@context":"https:\/\/schema.org","@graph":[{"@type":"WebPage","@id":"https:\/\/dornsife.usc.edu\/cagr\/events\/past-conferences-and-workshops\/inogs-9th-international-conference-genocide-and-survivor-communities-agency-resistance-recognition\/","url":"https:\/\/dornsife.usc.edu\/cagr\/events\/past-conferences-and-workshops\/inogs-9th-international-conference-genocide-and-survivor-communities-agency-resistance-recognition\/","name":"INoGS 9th International Conference \u2013 Genocide and Survivor Communities: Agency, Resistance, Recognition - Center for Advanced Genocide Research","isPartOf":{"@id":"https:\/\/dornsife.usc.edu\/cagr\/#website"},"primaryImageOfPage":{"@id":"https:\/\/dornsife.usc.edu\/cagr\/events\/past-conferences-and-workshops\/inogs-9th-international-conference-genocide-and-survivor-communities-agency-resistance-recognition\/#primaryimage"},"image":{"@id":"https:\/\/dornsife.usc.edu\/cagr\/events\/past-conferences-and-workshops\/inogs-9th-international-conference-genocide-and-survivor-communities-agency-resistance-recognition\/#primaryimage"},"thumbnailUrl":"https:\/\/dornsife.usc.edu\/cagr\/wp-content\/uploads\/sites\/108\/2024\/09\/INoGS-featured-temp.jpg","datePublished":"2024-09-26T00:33:21+00:00","dateModified":"2024-09-26T01:02:04+00:00","breadcrumb":{"@id":"https:\/\/dornsife.usc.edu\/cagr\/events\/past-conferences-and-workshops\/inogs-9th-international-conference-genocide-and-survivor-communities-agency-resistance-recognition\/#breadcrumb"},"inLanguage":"en-US","potentialAction":[{"@type":"ReadAction","target":["https:\/\/dornsife.usc.edu\/cagr\/events\/past-conferences-and-workshops\/inogs-9th-international-conference-genocide-and-survivor-communities-agency-resistance-recognition\/"]}]},{"@type":"ImageObject","inLanguage":"en-US","@id":"https:\/\/dornsife.usc.edu\/cagr\/events\/past-conferences-and-workshops\/inogs-9th-international-conference-genocide-and-survivor-communities-agency-resistance-recognition\/#primaryimage","url":"https:\/\/dornsife.usc.edu\/cagr\/wp-content\/uploads\/sites\/108\/2024\/09\/INoGS-featured-temp.jpg","contentUrl":"https:\/\/dornsife.usc.edu\/cagr\/wp-content\/uploads\/sites\/108\/2024\/09\/INoGS-featured-temp.jpg","width":2000,"height":1150},{"@type":"BreadcrumbList","@id":"https:\/\/dornsife.usc.edu\/cagr\/events\/past-conferences-and-workshops\/inogs-9th-international-conference-genocide-and-survivor-communities-agency-resistance-recognition\/#breadcrumb","itemListElement":[{"@type":"ListItem","position":1,"name":"Home","item":"https:\/\/dornsife.usc.edu\/cagr\/"},{"@type":"ListItem","position":2,"name":"Events","item":"https:\/\/dornsife.usc.edu\/cagr\/events\/"},{"@type":"ListItem","position":3,"name":"Past Conferences and Workshops","item":"https:\/\/dornsife.usc.edu\/cagr\/events\/past-conferences-and-workshops\/"},{"@type":"ListItem","position":4,"name":"INoGS 9th International Conference \u2013 Genocide and Survivor Communities: Agency, Resistance, Recognition"}]},{"@type":"WebSite","@id":"https:\/\/dornsife.usc.edu\/cagr\/#website","url":"https:\/\/dornsife.usc.edu\/cagr\/","name":"Center for Advanced Genocide Research","description":"USC Dornsife Center for Advanced Genocide Research","potentialAction":[{"@type":"SearchAction","target":{"@type":"EntryPoint","urlTemplate":"https:\/\/dornsife.usc.edu\/cagr\/?s={search_term_string}"},"query-input":{"@type":"PropertyValueSpecification","valueRequired":true,"valueName":"search_term_string"}}],"inLanguage":"en-US"}]}},"_links":{"self":[{"href":"https:\/\/dornsife.usc.edu\/cagr\/wp-json\/wp\/v2\/pages\/9729","targetHints":{"allow":["GET"]}}],"collection":[{"href":"https:\/\/dornsife.usc.edu\/cagr\/wp-json\/wp\/v2\/pages"}],"about":[{"href":"https:\/\/dornsife.usc.edu\/cagr\/wp-json\/wp\/v2\/types\/page"}],"author":[{"embeddable":true,"href":"https:\/\/dornsife.usc.edu\/cagr\/wp-json\/wp\/v2\/users\/140"}],"replies":[{"embeddable":true,"href":"https:\/\/dornsife.usc.edu\/cagr\/wp-json\/wp\/v2\/comments?post=9729"}],"version-history":[{"count":4,"href":"https:\/\/dornsife.usc.edu\/cagr\/wp-json\/wp\/v2\/pages\/9729\/revisions"}],"predecessor-version":[{"id":9741,"href":"https:\/\/dornsife.usc.edu\/cagr\/wp-json\/wp\/v2\/pages\/9729\/revisions\/9741"}],"up":[{"embeddable":true,"href":"https:\/\/dornsife.usc.edu\/cagr\/wp-json\/wp\/v2\/pages\/1806"}],"wp:featuredmedia":[{"embeddable":true,"href":"https:\/\/dornsife.usc.edu\/cagr\/wp-json\/wp\/v2\/media\/9731"}],"wp:attachment":[{"href":"https:\/\/dornsife.usc.edu\/cagr\/wp-json\/wp\/v2\/media?parent=9729"}],"curies":[{"name":"wp","href":"https:\/\/api.w.org\/{rel}","templated":true}]}}