{"id":7317,"date":"2025-05-01T12:02:44","date_gmt":"2025-05-01T19:02:44","guid":{"rendered":"https:\/\/dornsife.usc.edu\/cagr\/?page_id=7317"},"modified":"2025-05-01T12:02:46","modified_gmt":"2025-05-01T19:02:46","slug":"susana-sosenski","status":"publish","type":"page","link":"https:\/\/dornsife.usc.edu\/cagr\/profiles\/susana-sosenski\/","title":{"rendered":"Susana Sosenski"},"content":{"rendered":"\n\n\n\n\n  \n    \n\n\n\n\n\n\n<div\n  class=\"cc--component-container cc--scrolling-text-with-image \"\n\n  \n  \n  \n  \n  \n  \n  >\n  <div class=\"c--component c--scrolling-text-with-image\"\n    \n      >\n\n    \n  <div class=\"text-image-container\">\n\n          \n      <div class=\"image-container\">\n            \n<div class=\"f--field f--image\">\n\n    \n    \n    \n    \n    \n    \n              \n      <img decoding=\"async\"\n                            src=\"https:\/\/dornsife.usc.edu\/cagr\/wp-content\/uploads\/sites\/108\/2023\/07\/Editorial-Card-Vertical_Susana-Sosenski--768x1024.png\"\n          srcset=\"https:\/\/dornsife.usc.edu\/cagr\/wp-content\/uploads\/sites\/108\/2023\/07\/Editorial-Card-Vertical_Susana-Sosenski--768x1024.png 768w\"          sizes=\"(min-width:1024px) 50vw, (min-width:768px) 100vw, 100vw\"\n        \n                  role=\"none\"\n        \n        \n                                      \/>\n\n    \n    \n  \n  \n\n<\/div>\n      <\/div>\n      \n    <div class=\"text-container\">\n  \n                  \n<div class=\"f--field f--eyebrow\">\n\n    \n  <span>Research Week Scholar<\/span>\n\n\n<\/div>\n        \n                  \n<div class=\"f--field f--section-title\">\n\n    \n  <h2>\n          Susana Sosenski\n      <\/h2>\n\n\n<\/div>\n        \n                  \n<div class=\"f--field f--description\">\n\n    \n  <p>2017-2019 Interdisciplinary Research Week Team<\/p>\n<div class=\"staff-bio-content\">\n<p>Susana Sosenski is a researcher and professor\u00a0at the\u00a0Instituto de Investigaciones Hist\u00f3ricas, Universidad Nacional Aut\u00f3noma de M\u00e9xico\u00a0in History in the Faculty of Philosophy and Literature. She received her PhD in History from El Colegio de M\u00e9xico, Mexico. Her research focuses\u00a0on the social and cultural history of childhood, and she is also interested in investigating the role of children&#8217;s voices in history.\u00a0She was awarded a prize for the Best Doctoral Thesis in Humanities by the Mexican Academy of Sciences in 2008, and also received\u00a0distinction in the area of humanities\u00a0research by the\u00a0National Autonomous University of Mexico in 2015.<\/p>\n<\/div>\n\n\n\n<\/div>\n      \n          <\/div>\n\n  <\/div>\n\n\n\n  <\/div><\/div>\n\n\n\n\n\n            \n  \n    \n\n\n\n\n\n\n<div\n  class=\"cc--component-container cc--articles-carousel \"\n\n  \n  \n  \n  \n  \n  \n  >\n  <div class=\"c--component c--articles-carousel\"\n    \n      >\n\n    \n<div class=\"inner-wrapper\">\n\n      <div class=\"header-container\">\n\n                  \n<div class=\"f--field f--section-title\">\n\n    \n  <h2>\n          Lectures\n      <\/h2>\n\n\n<\/div>\n                <\/div>\n  \n\n\n  \n  <div class=\"articles-carousel-wrapper\">\n\n  <div class=\"title-controls-container\">\n          <h3>   <\/h3>\n    \n    <div class=\"controls-container\">\n      <button class=\"button-prev\" aria-label=\"Previous Article\">\n        <svg version=\"1.1\" xmlns=\"http:\/\/www.w3.org\/2000\/svg\" xmlns:xlink=\"http:\/\/www.w3.org\/1999\/xlink\"\n        x=\"0px\" y=\"0px\" viewBox=\"0 0 35 35\" enable-background=\"new 0 0 35 35\" xml:space=\"preserve\" width=\"25\" height=\"25\">\n        <polygon fill-rule=\"evenodd\" clip-rule=\"evenodd\" fill=\"#000\" points=\"15.7,27.5 5.7,17.5\n        15.7,7.5 18.7,10.4 13.6,15.4 28.3,15.4 28.3,19.6 13.6,19.6 18.7,24.6 \"\/>\n        <\/svg>\n      <\/button>\n      <button class=\"button-next\" aria-label=\"Next Article\">\n        <svg version=\"1.1\" xmlns=\"http:\/\/www.w3.org\/2000\/svg\" xmlns:xlink=\"http:\/\/www.w3.org\/1999\/xlink\"\nx=\"0px\" y=\"0px\" viewBox=\"0 0 35 35\" enable-background=\"new 0 0 35 35\" xml:space=\"preserve\" width=\"25\" height=\"25\"><polygon fill-rule=\"evenodd\" clip-rule=\"evenodd\" fill=\"#000\" points=\"19.3,27.5 29.3,17.5\n19.3,7.5 16.3,10.4 21.4,15.4 6.7,15.4 6.7,19.6 21.4,19.6 16.3,24.6 \"\/>\n<\/svg>\n\n      <\/button>\n    <\/div>\n\n    <\/div>\n\n\n    <div class=\"swiper\">\n      <div class=\"swiper-wrapper\">\n        \n        \n          <article class=\"swiper-slide card\">\n            <div class=\"card-inner\">\n\n                                        \n                  \n<div class=\"f--field f--image\">\n\n    \n        <a href=\"https:\/\/dornsife.usc.edu\/cagr\/2017\/08\/24\/mobility-survival-and-integration\/\"  aria-label=\"Mobility, Survival and Integration: Experiences and Narratives of Holocaust Survivors in Latin America &#8211; Latin American Research Week team\">\n  \n    \n    \n    \n    \n              \n      <img decoding=\"async\"\n                            src=\"https:\/\/dornsife.usc.edu\/cagr\/wp-content\/uploads\/sites\/108\/2023\/08\/Featured-Image_Latin-American-Research-Week-Team-2017-2018-Summary-768x432.png\"\n          srcset=\"https:\/\/dornsife.usc.edu\/cagr\/wp-content\/uploads\/sites\/108\/2023\/08\/Featured-Image_Latin-American-Research-Week-Team-2017-2018-Summary-1280x720.png 1280w,https:\/\/dornsife.usc.edu\/cagr\/wp-content\/uploads\/sites\/108\/2023\/08\/Featured-Image_Latin-American-Research-Week-Team-2017-2018-Summary-768x432.png 768w\"          sizes=\"(min-width:1024px) 23vw, (min-width:768px) 39vw, 83vw\"\n        \n                  alt=\"The 2017 to 2018 Latin American Research Week Team pose for a picture. From left to right: Yael Siman, Alejandra Morales Stekel, Emmanuel Kahan, Daniela Gleizer Salzman, Lorena Avila Jaimes, Susana Sosenski, and Nancy Nicholls Lopeand\u00eda.\"\n        \n        \n                                      \/>\n\n    \n    \n  \n      <\/a>\n  \n\n<\/div>\n            \n            <div class=\"text-container\">\n                                <h4>\n                                          <a href=\"https:\/\/dornsife.usc.edu\/cagr\/2017\/08\/24\/mobility-survival-and-integration\/\" >\n                    \n                      Mobility, Survival and Integration: Experiences and Narratives of Holocaust Survivors in Latin America &#8211; Latin American Research Week team\n\n                                          <\/a>\n                                      <\/h4>\n              \n              <div class=\"read-more\">\n                \n                                      \n<div class=\"f--field f--link\">\n\n    \n    \n  \n<a \n  class=\"link\"\n  href= https:\/\/dornsife.usc.edu\/cagr\/2017\/08\/24\/mobility-survival-and-integration\/\n    aria-label=\"Read Story about Mobility, Survival and Integration: Experiences and Narratives of Holocaust Survivors in Latin America &#8211; Latin American Research Week team\"  \n>\n    Read Story \n  \n<\/a>\n\n\n<\/div>\n                \n              <\/div>\n\n            <\/div> <!-- .text-container -->\n\n            <div class=\"expand-collapse-controls\">\n              <button class=\"expand-collapse swiper-no-swiping\" aria-label=\"Expand\/Collapse Description\">\n                <svg class=\"expand\" version=\"1.1\" xmlns=\"http:\/\/www.w3.org\/2000\/svg\" xmlns:xlink=\"http:\/\/www.w3.org\/1999\/xlink\" x=\"0px\" y=\"0px\" viewBox=\"0 0 35 35\" enable-background=\"new 0 0 35 35\" xml:space=\"preserve\"><path fill-rule=\"evenodd\" clip-rule=\"evenodd\" fill=\"#000000\" d=\"M28,7v7.9h-2.6l0-3.4l-4.3,4.3c-0.3,0.3-0.6,0.4-0.9,0.4s-0.7-0.1-0.9-0.4c-0.5-0.5-0.5-1.3,0-1.9l4.3-4.3h-3.4V7H28z M7,28v-7.9h2.6v3.4l4.3-4.3c0.5-0.5,1.3-0.5,1.9,0c0.5,0.5,0.5,1.3,0,1.9l-4.3,4.3h3.4V28H7z\"\/><\/svg>\n\n                <svg class=\"collapse\" version=\"1.1\" xmlns=\"http:\/\/www.w3.org\/2000\/svg\" xmlns:xlink=\"http:\/\/www.w3.org\/1999\/xlink\" x=\"0px\" y=\"0px\"\n   viewBox=\"0 0 35 35\" enable-background=\"new 0 0 35 35\" xml:space=\"preserve\">\n  <polygon fill=\"#000\" fill-rule=\"evenodd\" clip-rule=\"evenodd\" points=\"26,10.4 24.6,9 17.5,16.1 10.4,9 9,10.4 16.1,17.5\n  9,24.6 10.4,26 17.5,18.9 24.6,26 26,24.6 18.9,17.5 \"\/>\n  <\/svg>\n\n              <\/button>\n            <\/div> <!-- .expand-collapse-controls -->\n\n            <\/div>\n\n          <\/article>\n\n                        <\/div>\n    <\/div>\n\n  <\/div>\n  \n<\/div>\n\n\n  <\/div><\/div>\n\n\n\n\n\n            \n  \n    \n\n\n\n\n\n\n<div\n  class=\"cc--component-container cc--articles-carousel \"\n\n  \n  \n  \n  \n  \n  \n  >\n  <div class=\"c--component c--articles-carousel\"\n    \n      >\n\n    \n<div class=\"inner-wrapper\">\n\n      <div class=\"header-container\">\n\n                  \n<div class=\"f--field f--section-title\">\n\n    \n  <h2>\n          News\n      <\/h2>\n\n\n<\/div>\n                <\/div>\n  \n\n\n  \n  <div class=\"articles-carousel-wrapper\">\n\n  <div class=\"title-controls-container\">\n          <h3>   <\/h3>\n    \n    <div class=\"controls-container\">\n      <button class=\"button-prev\" aria-label=\"Previous Article\">\n        <svg version=\"1.1\" xmlns=\"http:\/\/www.w3.org\/2000\/svg\" xmlns:xlink=\"http:\/\/www.w3.org\/1999\/xlink\"\n        x=\"0px\" y=\"0px\" viewBox=\"0 0 35 35\" enable-background=\"new 0 0 35 35\" xml:space=\"preserve\" width=\"25\" height=\"25\">\n        <polygon fill-rule=\"evenodd\" clip-rule=\"evenodd\" fill=\"#000\" points=\"15.7,27.5 5.7,17.5\n        15.7,7.5 18.7,10.4 13.6,15.4 28.3,15.4 28.3,19.6 13.6,19.6 18.7,24.6 \"\/>\n        <\/svg>\n      <\/button>\n      <button class=\"button-next\" aria-label=\"Next Article\">\n        <svg version=\"1.1\" xmlns=\"http:\/\/www.w3.org\/2000\/svg\" xmlns:xlink=\"http:\/\/www.w3.org\/1999\/xlink\"\nx=\"0px\" y=\"0px\" viewBox=\"0 0 35 35\" enable-background=\"new 0 0 35 35\" xml:space=\"preserve\" width=\"25\" height=\"25\"><polygon fill-rule=\"evenodd\" clip-rule=\"evenodd\" fill=\"#000\" points=\"19.3,27.5 29.3,17.5\n19.3,7.5 16.3,10.4 21.4,15.4 6.7,15.4 6.7,19.6 21.4,19.6 16.3,24.6 \"\/>\n<\/svg>\n\n      <\/button>\n    <\/div>\n\n    <\/div>\n\n\n    <div class=\"swiper\">\n      <div class=\"swiper-wrapper\">\n        \n        \n          <article class=\"swiper-slide card\">\n            <div class=\"card-inner\">\n\n                                        \n                  \n<div class=\"f--field f--image\">\n\n    \n        <a href=\"https:\/\/dornsife.usc.edu\/cagr\/2017\/02\/01\/first-interdisciplinary-research-week-to-study-holocaust-survivors-in-latin-america\/\"  aria-label=\"First Interdisciplinary Research Week to Study Holocaust Survivors in Latin America\">\n  \n    \n    \n    \n    \n              \n      <img decoding=\"async\"\n                            src=\"https:\/\/dornsife.usc.edu\/cagr\/wp-content\/uploads\/sites\/108\/2023\/08\/Featured-Image_Latin-American-Research-Week-Team-2017-2018-Announcement-768x432.png\"\n          srcset=\"https:\/\/dornsife.usc.edu\/cagr\/wp-content\/uploads\/sites\/108\/2023\/08\/Featured-Image_Latin-American-Research-Week-Team-2017-2018-Announcement-1280x720.png 1280w,https:\/\/dornsife.usc.edu\/cagr\/wp-content\/uploads\/sites\/108\/2023\/08\/Featured-Image_Latin-American-Research-Week-Team-2017-2018-Announcement-768x432.png 768w\"          sizes=\"(min-width:1024px) 23vw, (min-width:768px) 39vw, 83vw\"\n        \n                  alt=\"The 2017 to 2018 Latin American Research Week Team discuss their research with each other in a USC History building conference room. From left to right: Maria Zalewska, Yael Siman, Susana Sosenski, and Emmanuel Kahan. Various laptops, notes, cups, and food are scattered across the table.\"\n        \n        \n                                      \/>\n\n    \n    \n  \n      <\/a>\n  \n\n<\/div>\n            \n            <div class=\"text-container\">\n                                <h4>\n                                          <a href=\"https:\/\/dornsife.usc.edu\/cagr\/2017\/02\/01\/first-interdisciplinary-research-week-to-study-holocaust-survivors-in-latin-america\/\" >\n                    \n                      First Interdisciplinary Research Week to Study Holocaust Survivors in Latin America\n\n                                          <\/a>\n                                      <\/h4>\n              \n              <div class=\"read-more\">\n                \n                                      \n<div class=\"f--field f--link\">\n\n    \n    \n  \n<a \n  class=\"link\"\n  href= https:\/\/dornsife.usc.edu\/cagr\/2017\/02\/01\/first-interdisciplinary-research-week-to-study-holocaust-survivors-in-latin-america\/\n    aria-label=\"Read Story about First Interdisciplinary Research Week to Study Holocaust Survivors in Latin America\"  \n>\n    Read Story \n  \n<\/a>\n\n\n<\/div>\n                \n              <\/div>\n\n            <\/div> <!-- .text-container -->\n\n            <div class=\"expand-collapse-controls\">\n              <button class=\"expand-collapse swiper-no-swiping\" aria-label=\"Expand\/Collapse Description\">\n                <svg class=\"expand\" version=\"1.1\" xmlns=\"http:\/\/www.w3.org\/2000\/svg\" xmlns:xlink=\"http:\/\/www.w3.org\/1999\/xlink\" x=\"0px\" y=\"0px\" viewBox=\"0 0 35 35\" enable-background=\"new 0 0 35 35\" xml:space=\"preserve\"><path fill-rule=\"evenodd\" clip-rule=\"evenodd\" fill=\"#000000\" d=\"M28,7v7.9h-2.6l0-3.4l-4.3,4.3c-0.3,0.3-0.6,0.4-0.9,0.4s-0.7-0.1-0.9-0.4c-0.5-0.5-0.5-1.3,0-1.9l4.3-4.3h-3.4V7H28z M7,28v-7.9h2.6v3.4l4.3-4.3c0.5-0.5,1.3-0.5,1.9,0c0.5,0.5,0.5,1.3,0,1.9l-4.3,4.3h3.4V28H7z\"\/><\/svg>\n\n                <svg class=\"collapse\" version=\"1.1\" xmlns=\"http:\/\/www.w3.org\/2000\/svg\" xmlns:xlink=\"http:\/\/www.w3.org\/1999\/xlink\" x=\"0px\" y=\"0px\"\n   viewBox=\"0 0 35 35\" enable-background=\"new 0 0 35 35\" xml:space=\"preserve\">\n  <polygon fill=\"#000\" fill-rule=\"evenodd\" clip-rule=\"evenodd\" points=\"26,10.4 24.6,9 17.5,16.1 10.4,9 9,10.4 16.1,17.5\n  9,24.6 10.4,26 17.5,18.9 24.6,26 26,24.6 18.9,17.5 \"\/>\n  <\/svg>\n\n              <\/button>\n            <\/div> <!-- .expand-collapse-controls -->\n\n            <\/div>\n\n          <\/article>\n\n                        <\/div>\n    <\/div>\n\n  <\/div>\n  \n<\/div>\n\n\n  <\/div><\/div>\n","protected":false},"excerpt":{"rendered":"","protected":false},"author":686,"featured_media":0,"parent":4384,"menu_order":0,"comment_status":"closed","ping_status":"closed","template":"","meta":{"_acf_changed":false,"footnotes":""},"class_list":["post-7317","page","type-page","status-publish","hentry"],"acf":[],"yoast_head":"<!-- This site is optimized with the Yoast SEO plugin v27.1.1 - https:\/\/yoast.com\/product\/yoast-seo-wordpress\/ -->\n<title>Susana Sosenski - Center for Advanced Genocide Research<\/title>\n<meta name=\"robots\" content=\"index, follow, max-snippet:-1, max-image-preview:large, max-video-preview:-1\" \/>\n<link rel=\"canonical\" href=\"https:\/\/dornsife.usc.edu\/cagr\/profiles\/susana-sosenski\/\" \/>\n<meta property=\"og:locale\" content=\"en_US\" \/>\n<meta property=\"og:type\" content=\"article\" \/>\n<meta property=\"og:title\" content=\"Susana Sosenski - Center for Advanced Genocide Research\" \/>\n<meta property=\"og:url\" content=\"https:\/\/dornsife.usc.edu\/cagr\/profiles\/susana-sosenski\/\" \/>\n<meta property=\"og:site_name\" content=\"Center for Advanced Genocide Research\" \/>\n<meta property=\"article:modified_time\" content=\"2025-05-01T19:02:46+00:00\" \/>\n<meta name=\"twitter:card\" content=\"summary_large_image\" \/>\n<script type=\"application\/ld+json\" class=\"yoast-schema-graph\">{\"@context\":\"https:\/\/schema.org\",\"@graph\":[{\"@type\":\"WebPage\",\"@id\":\"https:\/\/dornsife.usc.edu\/cagr\/profiles\/susana-sosenski\/\",\"url\":\"https:\/\/dornsife.usc.edu\/cagr\/profiles\/susana-sosenski\/\",\"name\":\"Susana Sosenski - Center for Advanced Genocide Research\",\"isPartOf\":{\"@id\":\"https:\/\/dornsife.usc.edu\/cagr\/#website\"},\"datePublished\":\"2025-05-01T19:02:44+00:00\",\"dateModified\":\"2025-05-01T19:02:46+00:00\",\"breadcrumb\":{\"@id\":\"https:\/\/dornsife.usc.edu\/cagr\/profiles\/susana-sosenski\/#breadcrumb\"},\"inLanguage\":\"en-US\",\"potentialAction\":[{\"@type\":\"ReadAction\",\"target\":[\"https:\/\/dornsife.usc.edu\/cagr\/profiles\/susana-sosenski\/\"]}]},{\"@type\":\"BreadcrumbList\",\"@id\":\"https:\/\/dornsife.usc.edu\/cagr\/profiles\/susana-sosenski\/#breadcrumb\",\"itemListElement\":[{\"@type\":\"ListItem\",\"position\":1,\"name\":\"Home\",\"item\":\"https:\/\/dornsife.usc.edu\/cagr\/\"},{\"@type\":\"ListItem\",\"position\":2,\"name\":\"Profiles\",\"item\":\"https:\/\/dornsife.usc.edu\/cagr\/profiles\/\"},{\"@type\":\"ListItem\",\"position\":3,\"name\":\"Susana Sosenski\"}]},{\"@type\":\"WebSite\",\"@id\":\"https:\/\/dornsife.usc.edu\/cagr\/#website\",\"url\":\"https:\/\/dornsife.usc.edu\/cagr\/\",\"name\":\"Center for Advanced Genocide Research\",\"description\":\"USC Dornsife Center for Advanced Genocide Research\",\"potentialAction\":[{\"@type\":\"SearchAction\",\"target\":{\"@type\":\"EntryPoint\",\"urlTemplate\":\"https:\/\/dornsife.usc.edu\/cagr\/?s={search_term_string}\"},\"query-input\":{\"@type\":\"PropertyValueSpecification\",\"valueRequired\":true,\"valueName\":\"search_term_string\"}}],\"inLanguage\":\"en-US\"}]}<\/script>\n<!-- \/ Yoast SEO plugin. -->","yoast_head_json":{"title":"Susana Sosenski - Center for Advanced Genocide Research","robots":{"index":"index","follow":"follow","max-snippet":"max-snippet:-1","max-image-preview":"max-image-preview:large","max-video-preview":"max-video-preview:-1"},"canonical":"https:\/\/dornsife.usc.edu\/cagr\/profiles\/susana-sosenski\/","og_locale":"en_US","og_type":"article","og_title":"Susana Sosenski - Center for Advanced Genocide Research","og_url":"https:\/\/dornsife.usc.edu\/cagr\/profiles\/susana-sosenski\/","og_site_name":"Center for Advanced Genocide Research","article_modified_time":"2025-05-01T19:02:46+00:00","twitter_card":"summary_large_image","schema":{"@context":"https:\/\/schema.org","@graph":[{"@type":"WebPage","@id":"https:\/\/dornsife.usc.edu\/cagr\/profiles\/susana-sosenski\/","url":"https:\/\/dornsife.usc.edu\/cagr\/profiles\/susana-sosenski\/","name":"Susana Sosenski - Center for Advanced Genocide Research","isPartOf":{"@id":"https:\/\/dornsife.usc.edu\/cagr\/#website"},"datePublished":"2025-05-01T19:02:44+00:00","dateModified":"2025-05-01T19:02:46+00:00","breadcrumb":{"@id":"https:\/\/dornsife.usc.edu\/cagr\/profiles\/susana-sosenski\/#breadcrumb"},"inLanguage":"en-US","potentialAction":[{"@type":"ReadAction","target":["https:\/\/dornsife.usc.edu\/cagr\/profiles\/susana-sosenski\/"]}]},{"@type":"BreadcrumbList","@id":"https:\/\/dornsife.usc.edu\/cagr\/profiles\/susana-sosenski\/#breadcrumb","itemListElement":[{"@type":"ListItem","position":1,"name":"Home","item":"https:\/\/dornsife.usc.edu\/cagr\/"},{"@type":"ListItem","position":2,"name":"Profiles","item":"https:\/\/dornsife.usc.edu\/cagr\/profiles\/"},{"@type":"ListItem","position":3,"name":"Susana Sosenski"}]},{"@type":"WebSite","@id":"https:\/\/dornsife.usc.edu\/cagr\/#website","url":"https:\/\/dornsife.usc.edu\/cagr\/","name":"Center for Advanced Genocide Research","description":"USC Dornsife Center for Advanced Genocide Research","potentialAction":[{"@type":"SearchAction","target":{"@type":"EntryPoint","urlTemplate":"https:\/\/dornsife.usc.edu\/cagr\/?s={search_term_string}"},"query-input":{"@type":"PropertyValueSpecification","valueRequired":true,"valueName":"search_term_string"}}],"inLanguage":"en-US"}]}},"_links":{"self":[{"href":"https:\/\/dornsife.usc.edu\/cagr\/wp-json\/wp\/v2\/pages\/7317","targetHints":{"allow":["GET"]}}],"collection":[{"href":"https:\/\/dornsife.usc.edu\/cagr\/wp-json\/wp\/v2\/pages"}],"about":[{"href":"https:\/\/dornsife.usc.edu\/cagr\/wp-json\/wp\/v2\/types\/page"}],"author":[{"embeddable":true,"href":"https:\/\/dornsife.usc.edu\/cagr\/wp-json\/wp\/v2\/users\/686"}],"replies":[{"embeddable":true,"href":"https:\/\/dornsife.usc.edu\/cagr\/wp-json\/wp\/v2\/comments?post=7317"}],"version-history":[{"count":10,"href":"https:\/\/dornsife.usc.edu\/cagr\/wp-json\/wp\/v2\/pages\/7317\/revisions"}],"predecessor-version":[{"id":10539,"href":"https:\/\/dornsife.usc.edu\/cagr\/wp-json\/wp\/v2\/pages\/7317\/revisions\/10539"}],"up":[{"embeddable":true,"href":"https:\/\/dornsife.usc.edu\/cagr\/wp-json\/wp\/v2\/pages\/4384"}],"wp:attachment":[{"href":"https:\/\/dornsife.usc.edu\/cagr\/wp-json\/wp\/v2\/media?parent=7317"}],"curies":[{"name":"wp","href":"https:\/\/api.w.org\/{rel}","templated":true}]}}