{"id":7295,"date":"2025-05-01T11:53:58","date_gmt":"2025-05-01T18:53:58","guid":{"rendered":"https:\/\/dornsife.usc.edu\/cagr\/?page_id=7295"},"modified":"2025-05-01T11:54:00","modified_gmt":"2025-05-01T18:54:00","slug":"sandra-gruner-domic","status":"publish","type":"page","link":"https:\/\/dornsife.usc.edu\/cagr\/profiles\/sandra-gruner-domic\/","title":{"rendered":"Sandra Gruner-Domic"},"content":{"rendered":"\n\n\n\n\n  \n    \n\n\n\n\n\n\n<div\n  class=\"cc--component-container cc--scrolling-text-with-image \"\n\n  \n  \n  \n  \n  \n  \n  >\n  <div class=\"c--component c--scrolling-text-with-image\"\n    \n      >\n\n    \n  <div class=\"text-image-container\">\n\n          \n      <div class=\"image-container\">\n            \n<div class=\"f--field f--image\">\n\n    \n    \n    \n    \n    \n    \n              \n      <img decoding=\"async\"\n                            src=\"https:\/\/dornsife.usc.edu\/cagr\/wp-content\/uploads\/sites\/108\/2023\/07\/sandra-768x800.png\"\n                    sizes=\"(min-width:1024px) 50vw, (min-width:768px) 100vw, 100vw\"\n        \n                  role=\"none\"\n        \n        \n                                      \/>\n\n    \n    \n  \n  \n\n<\/div>\n      <\/div>\n      \n    <div class=\"text-container\">\n  \n                  \n<div class=\"f--field f--eyebrow\">\n\n    \n  <span>Research Week Scholar<\/span>\n\n\n<\/div>\n        \n                  \n<div class=\"f--field f--section-title\">\n\n    \n  <h2>\n          Sandra Gruner-Domic\n      <\/h2>\n\n\n<\/div>\n        \n                  \n<div class=\"f--field f--description\">\n\n    \n  <p>2022-2023 Interdisciplinary Research Week Team<\/p>\n<div class=\"staff-bio-content\">\n<p>Sandra Gruner-Domic, PhD, was a lecturer at California State University Long Beach until Summer 2013 and worked for the Sociology and Gender Studies departments at the University of Southern California from 2008- 2011. Before moving to LA, she also taught anthropology and gender studies at Humboldt University Berlin and worked at the Berlin Institute for Comparative Research. She received\u00a0her PhD in 2002 at the Department for European Ethnology at the Humboldt University Berlin. Her research interests are migration, gender, the process of representation and identity in transnational context and genocide.\u00a0 Her publications include a book on Latin American women migration to Germany, Muenster\/New York Waxman (2004); \u201cVietnamese, Mozambican, and Cuban Labor Migrants in East Germany since the 1970s\u201d in\u00a0<em>Encyclopedia Migration in Europe since the 17th Century<\/em>, K. J. Bade, P. C. Emmer, L. Lucassen and J. Oltmer eds., Cambridge University Press, New York (2010); \u201cCosmopolitan Sociability: Locating Transnational Diasporic and Religious Networks,\u201d Ethnic and Racial book series, London\/ New York: Routledge (2011), coedited with Nina Glick Schiller, Tsypylma Darieva; La vida intercultural de Promotoras en Los \u00c1ngeles. Identidades y pertenencias plurales. Reconstrucci\u00f3n biogr\u00e1fica y observaci\u00f3n participativa en: Giebeler, Cornelia (Ed.) (2015)\u00a0 El \u201eSue\u00f1o Americano\u201c. She is currently working at USC Shoah Foundation on the Guatemalan project including the collection of survivors interviews.<\/p>\n<\/div>\n\n\n\n<\/div>\n      \n          <\/div>\n\n  <\/div>\n\n\n\n  <\/div><\/div>\n\n\n\n\n\n            \n  \n    \n\n\n\n\n\n\n<div\n  class=\"cc--component-container cc--articles-carousel \"\n\n  \n  \n  \n  \n  \n  \n  >\n  <div class=\"c--component c--articles-carousel\"\n    \n      >\n\n    \n<div class=\"inner-wrapper\">\n\n      <div class=\"header-container\">\n\n                  \n<div class=\"f--field f--section-title\">\n\n    \n  <h2>\n          Lectures\n      <\/h2>\n\n\n<\/div>\n                <\/div>\n  \n\n\n  \n  <div class=\"articles-carousel-wrapper\">\n\n  <div class=\"title-controls-container\">\n          <h3>   <\/h3>\n    \n    <div class=\"controls-container\">\n      <button class=\"button-prev\" aria-label=\"Previous Article\">\n        <svg version=\"1.1\" xmlns=\"http:\/\/www.w3.org\/2000\/svg\" xmlns:xlink=\"http:\/\/www.w3.org\/1999\/xlink\"\n        x=\"0px\" y=\"0px\" viewBox=\"0 0 35 35\" enable-background=\"new 0 0 35 35\" xml:space=\"preserve\" width=\"25\" height=\"25\">\n        <polygon fill-rule=\"evenodd\" clip-rule=\"evenodd\" fill=\"#000\" points=\"15.7,27.5 5.7,17.5\n        15.7,7.5 18.7,10.4 13.6,15.4 28.3,15.4 28.3,19.6 13.6,19.6 18.7,24.6 \"\/>\n        <\/svg>\n      <\/button>\n      <button class=\"button-next\" aria-label=\"Next Article\">\n        <svg version=\"1.1\" xmlns=\"http:\/\/www.w3.org\/2000\/svg\" xmlns:xlink=\"http:\/\/www.w3.org\/1999\/xlink\"\nx=\"0px\" y=\"0px\" viewBox=\"0 0 35 35\" enable-background=\"new 0 0 35 35\" xml:space=\"preserve\" width=\"25\" height=\"25\"><polygon fill-rule=\"evenodd\" clip-rule=\"evenodd\" fill=\"#000\" points=\"19.3,27.5 29.3,17.5\n19.3,7.5 16.3,10.4 21.4,15.4 6.7,15.4 6.7,19.6 21.4,19.6 16.3,24.6 \"\/>\n<\/svg>\n\n      <\/button>\n    <\/div>\n\n    <\/div>\n\n\n    <div class=\"swiper\">\n      <div class=\"swiper-wrapper\">\n        \n        \n          <article class=\"swiper-slide card\">\n            <div class=\"card-inner\">\n\n                                        \n                  \n<div class=\"f--field f--image\">\n\n    \n        <a href=\"https:\/\/dornsife.usc.edu\/cagr\/2016\/09\/12\/repression-and-resistance-represion-y-resistencia\/\"  aria-label=\"Repression and Resistance &#8211; Represion y Resistencia\">\n  \n    \n    \n    \n    \n              \n      <img decoding=\"async\"\n                            src=\"https:\/\/dornsife.usc.edu\/cagr\/wp-content\/uploads\/sites\/108\/2016\/09\/2016-Repression-and-Resistance-featured-768x432.jpeg\"\n          srcset=\"https:\/\/dornsife.usc.edu\/cagr\/wp-content\/uploads\/sites\/108\/2016\/09\/2016-Repression-and-Resistance-featured-1280x720.jpeg 1280w,https:\/\/dornsife.usc.edu\/cagr\/wp-content\/uploads\/sites\/108\/2016\/09\/2016-Repression-and-Resistance-featured-768x432.jpeg 768w\"          sizes=\"(min-width:1024px) 23vw, (min-width:768px) 39vw, 83vw\"\n        \n                  role=\"none\"\n        \n        \n                                      \/>\n\n    \n    \n  \n      <\/a>\n  \n\n<\/div>\n            \n            <div class=\"text-container\">\n                                <h4>\n                                          <a href=\"https:\/\/dornsife.usc.edu\/cagr\/2016\/09\/12\/repression-and-resistance-represion-y-resistencia\/\" >\n                    \n                      Repression and Resistance &#8211; Represion y Resistencia\n\n                                          <\/a>\n                                      <\/h4>\n              \n              <div class=\"read-more\">\n                \n                                      \n<div class=\"f--field f--link\">\n\n    \n    \n  \n<a \n  class=\"link\"\n  href= https:\/\/dornsife.usc.edu\/cagr\/2016\/09\/12\/repression-and-resistance-represion-y-resistencia\/\n    aria-label=\"Read Story about Repression and Resistance &#8211; Represion y Resistencia\"  \n>\n    Read Story \n  \n<\/a>\n\n\n<\/div>\n                \n              <\/div>\n\n            <\/div> <!-- .text-container -->\n\n            <div class=\"expand-collapse-controls\">\n              <button class=\"expand-collapse swiper-no-swiping\" aria-label=\"Expand\/Collapse Description\">\n                <svg class=\"expand\" version=\"1.1\" xmlns=\"http:\/\/www.w3.org\/2000\/svg\" xmlns:xlink=\"http:\/\/www.w3.org\/1999\/xlink\" x=\"0px\" y=\"0px\" viewBox=\"0 0 35 35\" enable-background=\"new 0 0 35 35\" xml:space=\"preserve\"><path fill-rule=\"evenodd\" clip-rule=\"evenodd\" fill=\"#000000\" d=\"M28,7v7.9h-2.6l0-3.4l-4.3,4.3c-0.3,0.3-0.6,0.4-0.9,0.4s-0.7-0.1-0.9-0.4c-0.5-0.5-0.5-1.3,0-1.9l4.3-4.3h-3.4V7H28z M7,28v-7.9h2.6v3.4l4.3-4.3c0.5-0.5,1.3-0.5,1.9,0c0.5,0.5,0.5,1.3,0,1.9l-4.3,4.3h3.4V28H7z\"\/><\/svg>\n\n                <svg class=\"collapse\" version=\"1.1\" xmlns=\"http:\/\/www.w3.org\/2000\/svg\" xmlns:xlink=\"http:\/\/www.w3.org\/1999\/xlink\" x=\"0px\" y=\"0px\"\n   viewBox=\"0 0 35 35\" enable-background=\"new 0 0 35 35\" xml:space=\"preserve\">\n  <polygon fill=\"#000\" fill-rule=\"evenodd\" clip-rule=\"evenodd\" points=\"26,10.4 24.6,9 17.5,16.1 10.4,9 9,10.4 16.1,17.5\n  9,24.6 10.4,26 17.5,18.9 24.6,26 26,24.6 18.9,17.5 \"\/>\n  <\/svg>\n\n              <\/button>\n            <\/div> <!-- .expand-collapse-controls -->\n\n            <\/div>\n\n          <\/article>\n\n                        <\/div>\n    <\/div>\n\n  <\/div>\n  \n<\/div>\n\n\n  <\/div><\/div>\n\n\n\n\n\n                      \n  \n    \n\n\n\n\n\n\n<div\n  class=\"cc--component-container cc--articles-carousel \"\n\n  \n  \n  \n  \n  \n  \n  >\n  <div class=\"c--component c--articles-carousel\"\n    \n      >\n\n    \n<div class=\"inner-wrapper\">\n\n      <div class=\"header-container\">\n\n                  \n<div class=\"f--field f--section-title\">\n\n    \n  <h2>\n          News\n      <\/h2>\n\n\n<\/div>\n                <\/div>\n  \n\n\n  \n  <div class=\"articles-carousel-wrapper\">\n\n  <div class=\"title-controls-container\">\n          <h3>   <\/h3>\n    \n    <div class=\"controls-container\">\n      <button class=\"button-prev\" aria-label=\"Previous Article\">\n        <svg version=\"1.1\" xmlns=\"http:\/\/www.w3.org\/2000\/svg\" xmlns:xlink=\"http:\/\/www.w3.org\/1999\/xlink\"\n        x=\"0px\" y=\"0px\" viewBox=\"0 0 35 35\" enable-background=\"new 0 0 35 35\" xml:space=\"preserve\" width=\"25\" height=\"25\">\n        <polygon fill-rule=\"evenodd\" clip-rule=\"evenodd\" fill=\"#000\" points=\"15.7,27.5 5.7,17.5\n        15.7,7.5 18.7,10.4 13.6,15.4 28.3,15.4 28.3,19.6 13.6,19.6 18.7,24.6 \"\/>\n        <\/svg>\n      <\/button>\n      <button class=\"button-next\" aria-label=\"Next Article\">\n        <svg version=\"1.1\" xmlns=\"http:\/\/www.w3.org\/2000\/svg\" xmlns:xlink=\"http:\/\/www.w3.org\/1999\/xlink\"\nx=\"0px\" y=\"0px\" viewBox=\"0 0 35 35\" enable-background=\"new 0 0 35 35\" xml:space=\"preserve\" width=\"25\" height=\"25\"><polygon fill-rule=\"evenodd\" clip-rule=\"evenodd\" fill=\"#000\" points=\"19.3,27.5 29.3,17.5\n19.3,7.5 16.3,10.4 21.4,15.4 6.7,15.4 6.7,19.6 21.4,19.6 16.3,24.6 \"\/>\n<\/svg>\n\n      <\/button>\n    <\/div>\n\n    <\/div>\n\n\n    <div class=\"swiper\">\n      <div class=\"swiper-wrapper\">\n        \n        \n          <article class=\"swiper-slide card\">\n            <div class=\"card-inner\">\n\n                                        \n                  \n<div class=\"f--field f--image\">\n\n    \n        <a href=\"https:\/\/dornsife.usc.edu\/cagr\/2015\/07\/28\/the-journey-starts-with-10-voices-by-sandra-gruner-domic\/\"  aria-label=\"The Journey Starts with 10 Voices by:\u00a0Sandra Gruner-Domic\">\n  \n    \n    \n    \n    \n              \n      <img decoding=\"async\"\n                            src=\"https:\/\/dornsife.usc.edu\/cagr\/wp-content\/uploads\/sites\/108\/2023\/08\/Featured-Image_Sandra-Gruner-Domic_FAFG-Guatemala_Blog-768x432.png\"\n          srcset=\"https:\/\/dornsife.usc.edu\/cagr\/wp-content\/uploads\/sites\/108\/2023\/08\/Featured-Image_Sandra-Gruner-Domic_FAFG-Guatemala_Blog-1280x720.png 1280w,https:\/\/dornsife.usc.edu\/cagr\/wp-content\/uploads\/sites\/108\/2023\/08\/Featured-Image_Sandra-Gruner-Domic_FAFG-Guatemala_Blog-768x432.png 768w\"          sizes=\"(min-width:1024px) 23vw, (min-width:768px) 39vw, 83vw\"\n        \n                  alt=\"Staff from the FAFG and Shoah Foundation pose for a picture in Guatemala.\"\n        \n        \n                                      \/>\n\n    \n    \n  \n      <\/a>\n  \n\n<\/div>\n            \n            <div class=\"text-container\">\n                                <h4>\n                                          <a href=\"https:\/\/dornsife.usc.edu\/cagr\/2015\/07\/28\/the-journey-starts-with-10-voices-by-sandra-gruner-domic\/\" >\n                    \n                      The Journey Starts with 10 Voices by:\u00a0Sandra Gruner-Domic\n\n                                          <\/a>\n                                      <\/h4>\n              \n              <div class=\"read-more\">\n                \n                                      \n<div class=\"f--field f--link\">\n\n    \n    \n  \n<a \n  class=\"link\"\n  href= https:\/\/dornsife.usc.edu\/cagr\/2015\/07\/28\/the-journey-starts-with-10-voices-by-sandra-gruner-domic\/\n    aria-label=\"Read Story about The Journey Starts with 10 Voices by:\u00a0Sandra Gruner-Domic\"  \n>\n    Read Story \n  \n<\/a>\n\n\n<\/div>\n                \n              <\/div>\n\n            <\/div> <!-- .text-container -->\n\n            <div class=\"expand-collapse-controls\">\n              <button class=\"expand-collapse swiper-no-swiping\" aria-label=\"Expand\/Collapse Description\">\n                <svg class=\"expand\" version=\"1.1\" xmlns=\"http:\/\/www.w3.org\/2000\/svg\" xmlns:xlink=\"http:\/\/www.w3.org\/1999\/xlink\" x=\"0px\" y=\"0px\" viewBox=\"0 0 35 35\" enable-background=\"new 0 0 35 35\" xml:space=\"preserve\"><path fill-rule=\"evenodd\" clip-rule=\"evenodd\" fill=\"#000000\" d=\"M28,7v7.9h-2.6l0-3.4l-4.3,4.3c-0.3,0.3-0.6,0.4-0.9,0.4s-0.7-0.1-0.9-0.4c-0.5-0.5-0.5-1.3,0-1.9l4.3-4.3h-3.4V7H28z M7,28v-7.9h2.6v3.4l4.3-4.3c0.5-0.5,1.3-0.5,1.9,0c0.5,0.5,0.5,1.3,0,1.9l-4.3,4.3h3.4V28H7z\"\/><\/svg>\n\n                <svg class=\"collapse\" version=\"1.1\" xmlns=\"http:\/\/www.w3.org\/2000\/svg\" xmlns:xlink=\"http:\/\/www.w3.org\/1999\/xlink\" x=\"0px\" y=\"0px\"\n   viewBox=\"0 0 35 35\" enable-background=\"new 0 0 35 35\" xml:space=\"preserve\">\n  <polygon fill=\"#000\" fill-rule=\"evenodd\" clip-rule=\"evenodd\" points=\"26,10.4 24.6,9 17.5,16.1 10.4,9 9,10.4 16.1,17.5\n  9,24.6 10.4,26 17.5,18.9 24.6,26 26,24.6 18.9,17.5 \"\/>\n  <\/svg>\n\n              <\/button>\n            <\/div> <!-- .expand-collapse-controls -->\n\n            <\/div>\n\n          <\/article>\n\n                  \n        \n          <article class=\"swiper-slide card\">\n            <div class=\"card-inner\">\n\n                                        \n                  \n<div class=\"f--field f--image\">\n\n    \n        <a href=\"https:\/\/dornsife.usc.edu\/cagr\/2016\/04\/08\/giving-voice-to-guatemalan-survivors-cesilia-tujts-story-by-sandra-gruner-domic\/\"  aria-label=\"Giving Voice to Guatemalan Survivors: Cesilia Tujt&#8217;s Story by:\u00a0Sandra Gruner-Domic\">\n  \n    \n    \n    \n    \n              \n      <img decoding=\"async\"\n                            src=\"https:\/\/dornsife.usc.edu\/cagr\/wp-content\/uploads\/sites\/108\/2023\/08\/Featured-Image_Sandra-Gruner-Domic_Cesilia-Tujt_Guatemala-768x432.png\"\n          srcset=\"https:\/\/dornsife.usc.edu\/cagr\/wp-content\/uploads\/sites\/108\/2023\/08\/Featured-Image_Sandra-Gruner-Domic_Cesilia-Tujt_Guatemala-1280x720.png 1280w,https:\/\/dornsife.usc.edu\/cagr\/wp-content\/uploads\/sites\/108\/2023\/08\/Featured-Image_Sandra-Gruner-Domic_Cesilia-Tujt_Guatemala-768x432.png 768w\"          sizes=\"(min-width:1024px) 23vw, (min-width:768px) 39vw, 83vw\"\n        \n                  alt=\"A landscape photo of Pambach village, at Santa Cruz Verapaz township, in Alta Verapaz department, Guatemala, taken June 2, 2014. This was the site where 82 people vanished in 1982. The photo is labeled, \"Photo by Ryan Suffern.\"\"\n        \n        \n                                      \/>\n\n    \n    \n  \n      <\/a>\n  \n\n<\/div>\n            \n            <div class=\"text-container\">\n                                <h4>\n                                          <a href=\"https:\/\/dornsife.usc.edu\/cagr\/2016\/04\/08\/giving-voice-to-guatemalan-survivors-cesilia-tujts-story-by-sandra-gruner-domic\/\" >\n                    \n                      Giving Voice to Guatemalan Survivors: Cesilia Tujt&#8217;s Story by:\u00a0Sandra Gruner-Domic\n\n                                          <\/a>\n                                      <\/h4>\n              \n              <div class=\"read-more\">\n                \n                                      \n<div class=\"f--field f--link\">\n\n    \n    \n  \n<a \n  class=\"link\"\n  href= https:\/\/dornsife.usc.edu\/cagr\/2016\/04\/08\/giving-voice-to-guatemalan-survivors-cesilia-tujts-story-by-sandra-gruner-domic\/\n    aria-label=\"Read Story about Giving Voice to Guatemalan Survivors: Cesilia Tujt&#8217;s Story by:\u00a0Sandra Gruner-Domic\"  \n>\n    Read Story \n  \n<\/a>\n\n\n<\/div>\n                \n              <\/div>\n\n            <\/div> <!-- .text-container -->\n\n            <div class=\"expand-collapse-controls\">\n              <button class=\"expand-collapse swiper-no-swiping\" aria-label=\"Expand\/Collapse Description\">\n                <svg class=\"expand\" version=\"1.1\" xmlns=\"http:\/\/www.w3.org\/2000\/svg\" xmlns:xlink=\"http:\/\/www.w3.org\/1999\/xlink\" x=\"0px\" y=\"0px\" viewBox=\"0 0 35 35\" enable-background=\"new 0 0 35 35\" xml:space=\"preserve\"><path fill-rule=\"evenodd\" clip-rule=\"evenodd\" fill=\"#000000\" d=\"M28,7v7.9h-2.6l0-3.4l-4.3,4.3c-0.3,0.3-0.6,0.4-0.9,0.4s-0.7-0.1-0.9-0.4c-0.5-0.5-0.5-1.3,0-1.9l4.3-4.3h-3.4V7H28z M7,28v-7.9h2.6v3.4l4.3-4.3c0.5-0.5,1.3-0.5,1.9,0c0.5,0.5,0.5,1.3,0,1.9l-4.3,4.3h3.4V28H7z\"\/><\/svg>\n\n                <svg class=\"collapse\" version=\"1.1\" xmlns=\"http:\/\/www.w3.org\/2000\/svg\" xmlns:xlink=\"http:\/\/www.w3.org\/1999\/xlink\" x=\"0px\" y=\"0px\"\n   viewBox=\"0 0 35 35\" enable-background=\"new 0 0 35 35\" xml:space=\"preserve\">\n  <polygon fill=\"#000\" fill-rule=\"evenodd\" clip-rule=\"evenodd\" points=\"26,10.4 24.6,9 17.5,16.1 10.4,9 9,10.4 16.1,17.5\n  9,24.6 10.4,26 17.5,18.9 24.6,26 26,24.6 18.9,17.5 \"\/>\n  <\/svg>\n\n              <\/button>\n            <\/div> <!-- .expand-collapse-controls -->\n\n            <\/div>\n\n          <\/article>\n\n                        <\/div>\n    <\/div>\n\n  <\/div>\n  \n<\/div>\n\n\n  <\/div><\/div>\n","protected":false},"excerpt":{"rendered":"","protected":false},"author":686,"featured_media":0,"parent":4384,"menu_order":0,"comment_status":"closed","ping_status":"closed","template":"","meta":{"_acf_changed":false,"footnotes":""},"class_list":["post-7295","page","type-page","status-publish","hentry"],"acf":[],"yoast_head":"<!-- This site is optimized with the Yoast SEO plugin v27.1.1 - https:\/\/yoast.com\/product\/yoast-seo-wordpress\/ -->\n<title>Sandra Gruner-Domic - Center for Advanced Genocide Research<\/title>\n<meta name=\"robots\" content=\"index, follow, max-snippet:-1, max-image-preview:large, max-video-preview:-1\" \/>\n<link rel=\"canonical\" href=\"https:\/\/dornsife.usc.edu\/cagr\/profiles\/sandra-gruner-domic\/\" \/>\n<meta property=\"og:locale\" content=\"en_US\" \/>\n<meta property=\"og:type\" content=\"article\" \/>\n<meta property=\"og:title\" content=\"Sandra Gruner-Domic - Center for Advanced Genocide Research\" \/>\n<meta property=\"og:url\" content=\"https:\/\/dornsife.usc.edu\/cagr\/profiles\/sandra-gruner-domic\/\" \/>\n<meta property=\"og:site_name\" content=\"Center for Advanced Genocide Research\" \/>\n<meta property=\"article:modified_time\" content=\"2025-05-01T18:54:00+00:00\" \/>\n<meta name=\"twitter:card\" content=\"summary_large_image\" \/>\n<script type=\"application\/ld+json\" class=\"yoast-schema-graph\">{\"@context\":\"https:\/\/schema.org\",\"@graph\":[{\"@type\":\"WebPage\",\"@id\":\"https:\/\/dornsife.usc.edu\/cagr\/profiles\/sandra-gruner-domic\/\",\"url\":\"https:\/\/dornsife.usc.edu\/cagr\/profiles\/sandra-gruner-domic\/\",\"name\":\"Sandra Gruner-Domic - Center for Advanced Genocide Research\",\"isPartOf\":{\"@id\":\"https:\/\/dornsife.usc.edu\/cagr\/#website\"},\"datePublished\":\"2025-05-01T18:53:58+00:00\",\"dateModified\":\"2025-05-01T18:54:00+00:00\",\"breadcrumb\":{\"@id\":\"https:\/\/dornsife.usc.edu\/cagr\/profiles\/sandra-gruner-domic\/#breadcrumb\"},\"inLanguage\":\"en-US\",\"potentialAction\":[{\"@type\":\"ReadAction\",\"target\":[\"https:\/\/dornsife.usc.edu\/cagr\/profiles\/sandra-gruner-domic\/\"]}]},{\"@type\":\"BreadcrumbList\",\"@id\":\"https:\/\/dornsife.usc.edu\/cagr\/profiles\/sandra-gruner-domic\/#breadcrumb\",\"itemListElement\":[{\"@type\":\"ListItem\",\"position\":1,\"name\":\"Home\",\"item\":\"https:\/\/dornsife.usc.edu\/cagr\/\"},{\"@type\":\"ListItem\",\"position\":2,\"name\":\"Profiles\",\"item\":\"https:\/\/dornsife.usc.edu\/cagr\/profiles\/\"},{\"@type\":\"ListItem\",\"position\":3,\"name\":\"Sandra Gruner-Domic\"}]},{\"@type\":\"WebSite\",\"@id\":\"https:\/\/dornsife.usc.edu\/cagr\/#website\",\"url\":\"https:\/\/dornsife.usc.edu\/cagr\/\",\"name\":\"Center for Advanced Genocide Research\",\"description\":\"USC Dornsife Center for Advanced Genocide Research\",\"potentialAction\":[{\"@type\":\"SearchAction\",\"target\":{\"@type\":\"EntryPoint\",\"urlTemplate\":\"https:\/\/dornsife.usc.edu\/cagr\/?s={search_term_string}\"},\"query-input\":{\"@type\":\"PropertyValueSpecification\",\"valueRequired\":true,\"valueName\":\"search_term_string\"}}],\"inLanguage\":\"en-US\"}]}<\/script>\n<!-- \/ Yoast SEO plugin. -->","yoast_head_json":{"title":"Sandra Gruner-Domic - Center for Advanced Genocide Research","robots":{"index":"index","follow":"follow","max-snippet":"max-snippet:-1","max-image-preview":"max-image-preview:large","max-video-preview":"max-video-preview:-1"},"canonical":"https:\/\/dornsife.usc.edu\/cagr\/profiles\/sandra-gruner-domic\/","og_locale":"en_US","og_type":"article","og_title":"Sandra Gruner-Domic - Center for Advanced Genocide Research","og_url":"https:\/\/dornsife.usc.edu\/cagr\/profiles\/sandra-gruner-domic\/","og_site_name":"Center for Advanced Genocide Research","article_modified_time":"2025-05-01T18:54:00+00:00","twitter_card":"summary_large_image","schema":{"@context":"https:\/\/schema.org","@graph":[{"@type":"WebPage","@id":"https:\/\/dornsife.usc.edu\/cagr\/profiles\/sandra-gruner-domic\/","url":"https:\/\/dornsife.usc.edu\/cagr\/profiles\/sandra-gruner-domic\/","name":"Sandra Gruner-Domic - Center for Advanced Genocide Research","isPartOf":{"@id":"https:\/\/dornsife.usc.edu\/cagr\/#website"},"datePublished":"2025-05-01T18:53:58+00:00","dateModified":"2025-05-01T18:54:00+00:00","breadcrumb":{"@id":"https:\/\/dornsife.usc.edu\/cagr\/profiles\/sandra-gruner-domic\/#breadcrumb"},"inLanguage":"en-US","potentialAction":[{"@type":"ReadAction","target":["https:\/\/dornsife.usc.edu\/cagr\/profiles\/sandra-gruner-domic\/"]}]},{"@type":"BreadcrumbList","@id":"https:\/\/dornsife.usc.edu\/cagr\/profiles\/sandra-gruner-domic\/#breadcrumb","itemListElement":[{"@type":"ListItem","position":1,"name":"Home","item":"https:\/\/dornsife.usc.edu\/cagr\/"},{"@type":"ListItem","position":2,"name":"Profiles","item":"https:\/\/dornsife.usc.edu\/cagr\/profiles\/"},{"@type":"ListItem","position":3,"name":"Sandra Gruner-Domic"}]},{"@type":"WebSite","@id":"https:\/\/dornsife.usc.edu\/cagr\/#website","url":"https:\/\/dornsife.usc.edu\/cagr\/","name":"Center for Advanced Genocide Research","description":"USC Dornsife Center for Advanced Genocide Research","potentialAction":[{"@type":"SearchAction","target":{"@type":"EntryPoint","urlTemplate":"https:\/\/dornsife.usc.edu\/cagr\/?s={search_term_string}"},"query-input":{"@type":"PropertyValueSpecification","valueRequired":true,"valueName":"search_term_string"}}],"inLanguage":"en-US"}]}},"_links":{"self":[{"href":"https:\/\/dornsife.usc.edu\/cagr\/wp-json\/wp\/v2\/pages\/7295","targetHints":{"allow":["GET"]}}],"collection":[{"href":"https:\/\/dornsife.usc.edu\/cagr\/wp-json\/wp\/v2\/pages"}],"about":[{"href":"https:\/\/dornsife.usc.edu\/cagr\/wp-json\/wp\/v2\/types\/page"}],"author":[{"embeddable":true,"href":"https:\/\/dornsife.usc.edu\/cagr\/wp-json\/wp\/v2\/users\/686"}],"replies":[{"embeddable":true,"href":"https:\/\/dornsife.usc.edu\/cagr\/wp-json\/wp\/v2\/comments?post=7295"}],"version-history":[{"count":7,"href":"https:\/\/dornsife.usc.edu\/cagr\/wp-json\/wp\/v2\/pages\/7295\/revisions"}],"predecessor-version":[{"id":10527,"href":"https:\/\/dornsife.usc.edu\/cagr\/wp-json\/wp\/v2\/pages\/7295\/revisions\/10527"}],"up":[{"embeddable":true,"href":"https:\/\/dornsife.usc.edu\/cagr\/wp-json\/wp\/v2\/pages\/4384"}],"wp:attachment":[{"href":"https:\/\/dornsife.usc.edu\/cagr\/wp-json\/wp\/v2\/media?parent=7295"}],"curies":[{"name":"wp","href":"https:\/\/api.w.org\/{rel}","templated":true}]}}