{"id":669,"date":"2023-09-13T11:16:15","date_gmt":"2023-09-13T18:16:15","guid":{"rendered":"https:\/\/dornsife.usc.edu\/baby-lab\/?page_id=669"},"modified":"2025-12-17T15:39:34","modified_gmt":"2025-12-17T23:39:34","slug":"personas","status":"publish","type":"page","link":"https:\/\/dornsife.usc.edu\/baby-lab\/personas\/","title":{"rendered":"Personas"},"content":{"rendered":"\n\n  \n    \n\n\n\n\n\n\n<div\n  class=\"cc--component-container cc--rich-text \"\n\n  \n  \n  \n  \n  \n  \n  >\n  <div class=\"c--component c--rich-text\"\n    \n      >\n\n    \n      \n<div class=\"f--field f--wysiwyg\">\n\n    \n  <h2><span style=\"color: #993300;\"><em>To read this page in English, click\u00a0<a style=\"color: #993300;\" href=\"https:\/\/dornsife.usc.edu\/baby-lab\/people\/\">here<\/a>.<\/em><\/span><\/h2>\n<p>&nbsp;<\/p>\n<p style=\"text-align: left;\"><img loading=\"lazy\" decoding=\"async\" class=\"alignleft wp-image-254 size-medium\" style=\"border: 2px solid black;\" src=\"https:\/\/dornsife.usc.edu\/baby-lab\/wp-content\/uploads\/sites\/254\/2023\/06\/headshot-web_0013-e1692314588122-292x300.jpg\" alt=\"\" width=\"292\" height=\"300\" srcset=\"https:\/\/dornsife.usc.edu\/baby-lab\/wp-content\/uploads\/sites\/254\/2023\/06\/headshot-web_0013-e1692314588122-292x300.jpg 292w, https:\/\/dornsife.usc.edu\/baby-lab\/wp-content\/uploads\/sites\/254\/2023\/06\/headshot-web_0013-e1692314588122.jpg 324w\" sizes=\"(max-width: 292px) 100vw, 292px\" \/><\/p>\n<p style=\"text-align: left;\">La Dra. Sarah Bottjer recibi\u00f3 su Ph.D. del Departmento de Psicolog\u00eda de la Universidad de Indiana en 1980 y realiz\u00f3 una formaci\u00f3n posdoctoral en UCLA de 1980 a 1986. Ella se uni\u00f3 a la facultad de la USC en 1986 y es una profesora de biolog\u00eda y psicolog\u00eda. Ella ha ganado varios premios, incluyendo un premio McKnight Scholar por la excelencia en la investigaci\u00f3n relacionada con la neurociencia b\u00e1sica, y el C. y F. Demuth Premio Internacional de la Fundaci\u00f3n Suiza de Investigaci\u00f3n M\u00e9dica por j\u00f3venes investigadores en las neurociencias. Adem\u00e1s, ella es una miembro electe de la Asociaci\u00f3n para el Avance de la Ciencia.\u00a0Sus intereses de investigaci\u00f3n se centran en la influencia de la experiencia en el desarrollo.<\/p>\n\n\n\n<\/div>\n\n\n  <\/div><\/div>\n\n\n\n\n  \n    \n\n\n\n\n\n\n<div\n  class=\"cc--component-container cc--rich-text \"\n\n  \n  \n  \n  \n  \n  \n  >\n  <div class=\"c--component c--rich-text\"\n    \n      >\n\n    \n      \n<div class=\"f--field f--wysiwyg\">\n\n    \n  <p style=\"text-align: right;\"><img loading=\"lazy\" decoding=\"async\" class=\"alignright wp-image-244\" style=\"border: 2px solid black;\" src=\"https:\/\/dornsife.usc.edu\/baby-lab\/wp-content\/uploads\/sites\/254\/2023\/06\/Cornell_Goldstein_headshot-e1692047551906-262x300.jpg\" alt=\"\" width=\"262\" height=\"262\" \/><\/p>\n<p style=\"text-align: right;\">El Dr. Michael Goldstein recibi\u00f3 su Ph.D. en Psicolog\u00eda del Desarrollo y Comportamiento Animal de la Universidad de Indiana en 2001. Fue Profesor Asistente en Franklin and Marshall College de 2001 a 2004 y ahora es Profesor Asociado en el Departamento de Psicolog\u00eda de la Universidad de Cornell. Michael gan\u00f3 el premio David Kucharski Young Investigator de la Sociedad Internacional de Psicobiolog\u00eda del Desarrollo en 2007. Tambi\u00e9n gan\u00f3 el premio Distinguido a la Contribuci\u00f3n Temprana de la Carrera de la Sociedad Internacional de Estudios Infantiles en 2008. Su investigaci\u00f3n se centra en los procesos de desarrollo mediante los cuales se adquiere el conocimiento del habla y el lenguaje del entorno social.<\/p>\n\n\n\n<\/div>\n\n\n  <\/div><\/div>\n\n\n\n\n  \n    \n\n\n\n\n\n\n<div\n  class=\"cc--component-container cc--rich-text \"\n\n  \n  \n  \n  \n  \n  \n  >\n  <div class=\"c--component c--rich-text\"\n    \n      >\n\n    \n      \n<div class=\"f--field f--wysiwyg\">\n\n    \n  <p style=\"text-align: left;\"><img loading=\"lazy\" decoding=\"async\" class=\"wp-image-438 size-medium alignleft\" style=\"border: 2px solid black;\" src=\"https:\/\/dornsife.usc.edu\/baby-lab\/wp-content\/uploads\/sites\/254\/2023\/08\/laurie_eisenberg-300x288.jpg\" alt=\"\" width=\"300\" height=\"288\" srcset=\"https:\/\/dornsife.usc.edu\/baby-lab\/wp-content\/uploads\/sites\/254\/2023\/08\/laurie_eisenberg-300x288.jpg 300w, https:\/\/dornsife.usc.edu\/baby-lab\/wp-content\/uploads\/sites\/254\/2023\/08\/laurie_eisenberg-768x737.jpg 768w, https:\/\/dornsife.usc.edu\/baby-lab\/wp-content\/uploads\/sites\/254\/2023\/08\/laurie_eisenberg.jpg 800w\" sizes=\"(max-width: 300px) 100vw, 300px\" \/>La Dra. Laurie Eisenberg se dedica al estudio de la p\u00e9rdida auditiva pedi\u00e1trica y los dispositivos sensoriales que\u00a0proporcionan acceso al sonido. Los estudios de su laboratorio han determinado las formas en que los aud\u00edfonos, los implantes cocleares y los implantes auditivos del tronco encef\u00e1lico facilitan el desarrollo de la comunicaci\u00f3n en los ni\u00f1os que nacen con p\u00e9rdida auditiva. La investigaci\u00f3n cubre temas como el reconocimiento de palabras habladas, el lenguaje, la psicof\u00edsica, el funcionamiento psicosocial\/emocional, las interacciones entre padres e hijos, y la calidad de vida a trav\u00e9s de ensayos cl\u00ednicos y colaboraciones multic\u00e9ntricas. Uno de los hallazgos m\u00e1s importantes hasta la fecha destaca el papel esencial que desempe\u00f1an los cuidadores en la predicci\u00f3n del \u00e9xito futuro de sus beb\u00e9s y ni\u00f1os peque\u00f1os que nacen con p\u00e9rdida auditiva. Su laboratorio est\u00e1 ubicado en el Centro Familiar Caruso para la Comunicaci\u00f3n Infantil de la USC, donde su equipo de investigaci\u00f3n se asocia con el personal de profesionales cl\u00ednicos del Centro.<\/p>\n\n\n\n<\/div>\n\n\n  <\/div><\/div>\n\n\n\n\n  \n    \n\n\n\n\n\n\n<div\n  class=\"cc--component-container cc--rich-text \"\n\n  \n  \n  \n  \n  \n  \n  >\n  <div class=\"c--component c--rich-text\"\n    \n      >\n\n    \n      \n<div class=\"f--field f--wysiwyg\">\n\n    \n  <p style=\"text-align: right;\"><img loading=\"lazy\" decoding=\"async\" class=\"alignright wp-image-251 size-medium\" style=\"border: 2px solid black;\" src=\"https:\/\/dornsife.usc.edu\/baby-lab\/wp-content\/uploads\/sites\/254\/2023\/06\/Dianne_Baby_Lab-e1692047568458-253x300.jpg\" alt=\"\" width=\"253\" height=\"300\" srcset=\"https:\/\/dornsife.usc.edu\/baby-lab\/wp-content\/uploads\/sites\/254\/2023\/06\/Dianne_Baby_Lab-e1692047568458-253x300.jpg 253w, https:\/\/dornsife.usc.edu\/baby-lab\/wp-content\/uploads\/sites\/254\/2023\/06\/Dianne_Baby_Lab-e1692047568458.jpg 300w\" sizes=\"(max-width: 253px) 100vw, 253px\" \/>Dianne Hammes Ganguly, recibi\u00f3 su Maestr\u00eda en Patolog\u00eda del Habla y Lenguaje de la Universidad de Minnesota en 1995. Es parte del Centro Familiar Caruso para la Comunicaci\u00f3n Infantil de la USC, en el laboratorio de Laurie Eisenberg. Tiene una amplia experiencia cl\u00ednica trabajando con ni\u00f1os que tienen p\u00e9rdida auditiva y sus familias. Tambi\u00e9n tiene una amplia experiencia en investigaci\u00f3n. Sus intereses cl\u00ednicos y de investigaci\u00f3n se centran en el desarrollo del habla y el lenguaje de los beb\u00e9s que recibieron implantes menores de 18 meses y el desarrollo de la comunicaci\u00f3n y la alfabetizaci\u00f3n de los ni\u00f1os con aud\u00edfonos, implantes cocleares o implantes auditivos de tronco encef\u00e1lico.<\/p>\n<p>&nbsp;<\/p>\n<p>&nbsp;<\/p>\n<p style=\"text-align: left;\">\n\n\n\n<\/div>\n\n\n  <\/div><\/div>\n","protected":false},"excerpt":{"rendered":"","protected":false},"author":423,"featured_media":0,"parent":0,"menu_order":0,"comment_status":"closed","ping_status":"closed","template":"","meta":{"_acf_changed":false,"footnotes":""},"class_list":["post-669","page","type-page","status-publish","hentry"],"acf":[],"yoast_head":"<!-- This site is optimized with the Yoast SEO plugin v27.1.1 - https:\/\/yoast.com\/product\/yoast-seo-wordpress\/ -->\n<title>Personas - BABY Lab<\/title>\n<meta name=\"robots\" content=\"index, follow, max-snippet:-1, max-image-preview:large, max-video-preview:-1\" \/>\n<link rel=\"canonical\" href=\"https:\/\/dornsife.usc.edu\/baby-lab\/personas\/\" \/>\n<meta property=\"og:locale\" content=\"en_US\" \/>\n<meta property=\"og:type\" content=\"article\" \/>\n<meta property=\"og:title\" content=\"Personas - BABY Lab\" \/>\n<meta property=\"og:url\" content=\"https:\/\/dornsife.usc.edu\/baby-lab\/personas\/\" \/>\n<meta property=\"og:site_name\" content=\"BABY Lab\" \/>\n<meta property=\"article:modified_time\" content=\"2025-12-17T23:39:34+00:00\" \/>\n<meta name=\"twitter:card\" content=\"summary_large_image\" \/>\n<script type=\"application\/ld+json\" class=\"yoast-schema-graph\">{\"@context\":\"https:\/\/schema.org\",\"@graph\":[{\"@type\":\"WebPage\",\"@id\":\"https:\/\/dornsife.usc.edu\/baby-lab\/personas\/\",\"url\":\"https:\/\/dornsife.usc.edu\/baby-lab\/personas\/\",\"name\":\"Personas - BABY Lab\",\"isPartOf\":{\"@id\":\"https:\/\/dornsife.usc.edu\/baby-lab\/#website\"},\"datePublished\":\"2023-09-13T18:16:15+00:00\",\"dateModified\":\"2025-12-17T23:39:34+00:00\",\"breadcrumb\":{\"@id\":\"https:\/\/dornsife.usc.edu\/baby-lab\/personas\/#breadcrumb\"},\"inLanguage\":\"en-US\",\"potentialAction\":[{\"@type\":\"ReadAction\",\"target\":[\"https:\/\/dornsife.usc.edu\/baby-lab\/personas\/\"]}]},{\"@type\":\"BreadcrumbList\",\"@id\":\"https:\/\/dornsife.usc.edu\/baby-lab\/personas\/#breadcrumb\",\"itemListElement\":[{\"@type\":\"ListItem\",\"position\":1,\"name\":\"Home\",\"item\":\"https:\/\/dornsife.usc.edu\/baby-lab\/\"},{\"@type\":\"ListItem\",\"position\":2,\"name\":\"Personas\"}]},{\"@type\":\"WebSite\",\"@id\":\"https:\/\/dornsife.usc.edu\/baby-lab\/#website\",\"url\":\"https:\/\/dornsife.usc.edu\/baby-lab\/\",\"name\":\"BABY Lab\",\"description\":\"USC Dornsife BABY Lab\",\"potentialAction\":[{\"@type\":\"SearchAction\",\"target\":{\"@type\":\"EntryPoint\",\"urlTemplate\":\"https:\/\/dornsife.usc.edu\/baby-lab\/?s={search_term_string}\"},\"query-input\":{\"@type\":\"PropertyValueSpecification\",\"valueRequired\":true,\"valueName\":\"search_term_string\"}}],\"inLanguage\":\"en-US\"}]}<\/script>\n<!-- \/ Yoast SEO plugin. -->","yoast_head_json":{"title":"Personas - BABY Lab","robots":{"index":"index","follow":"follow","max-snippet":"max-snippet:-1","max-image-preview":"max-image-preview:large","max-video-preview":"max-video-preview:-1"},"canonical":"https:\/\/dornsife.usc.edu\/baby-lab\/personas\/","og_locale":"en_US","og_type":"article","og_title":"Personas - BABY Lab","og_url":"https:\/\/dornsife.usc.edu\/baby-lab\/personas\/","og_site_name":"BABY Lab","article_modified_time":"2025-12-17T23:39:34+00:00","twitter_card":"summary_large_image","schema":{"@context":"https:\/\/schema.org","@graph":[{"@type":"WebPage","@id":"https:\/\/dornsife.usc.edu\/baby-lab\/personas\/","url":"https:\/\/dornsife.usc.edu\/baby-lab\/personas\/","name":"Personas - BABY Lab","isPartOf":{"@id":"https:\/\/dornsife.usc.edu\/baby-lab\/#website"},"datePublished":"2023-09-13T18:16:15+00:00","dateModified":"2025-12-17T23:39:34+00:00","breadcrumb":{"@id":"https:\/\/dornsife.usc.edu\/baby-lab\/personas\/#breadcrumb"},"inLanguage":"en-US","potentialAction":[{"@type":"ReadAction","target":["https:\/\/dornsife.usc.edu\/baby-lab\/personas\/"]}]},{"@type":"BreadcrumbList","@id":"https:\/\/dornsife.usc.edu\/baby-lab\/personas\/#breadcrumb","itemListElement":[{"@type":"ListItem","position":1,"name":"Home","item":"https:\/\/dornsife.usc.edu\/baby-lab\/"},{"@type":"ListItem","position":2,"name":"Personas"}]},{"@type":"WebSite","@id":"https:\/\/dornsife.usc.edu\/baby-lab\/#website","url":"https:\/\/dornsife.usc.edu\/baby-lab\/","name":"BABY Lab","description":"USC Dornsife BABY Lab","potentialAction":[{"@type":"SearchAction","target":{"@type":"EntryPoint","urlTemplate":"https:\/\/dornsife.usc.edu\/baby-lab\/?s={search_term_string}"},"query-input":{"@type":"PropertyValueSpecification","valueRequired":true,"valueName":"search_term_string"}}],"inLanguage":"en-US"}]}},"_links":{"self":[{"href":"https:\/\/dornsife.usc.edu\/baby-lab\/wp-json\/wp\/v2\/pages\/669","targetHints":{"allow":["GET"]}}],"collection":[{"href":"https:\/\/dornsife.usc.edu\/baby-lab\/wp-json\/wp\/v2\/pages"}],"about":[{"href":"https:\/\/dornsife.usc.edu\/baby-lab\/wp-json\/wp\/v2\/types\/page"}],"author":[{"embeddable":true,"href":"https:\/\/dornsife.usc.edu\/baby-lab\/wp-json\/wp\/v2\/users\/423"}],"replies":[{"embeddable":true,"href":"https:\/\/dornsife.usc.edu\/baby-lab\/wp-json\/wp\/v2\/comments?post=669"}],"version-history":[{"count":19,"href":"https:\/\/dornsife.usc.edu\/baby-lab\/wp-json\/wp\/v2\/pages\/669\/revisions"}],"predecessor-version":[{"id":953,"href":"https:\/\/dornsife.usc.edu\/baby-lab\/wp-json\/wp\/v2\/pages\/669\/revisions\/953"}],"wp:attachment":[{"href":"https:\/\/dornsife.usc.edu\/baby-lab\/wp-json\/wp\/v2\/media?parent=669"}],"curies":[{"name":"wp","href":"https:\/\/api.w.org\/{rel}","templated":true}]}}