{"id":176,"date":"2023-06-16T14:22:52","date_gmt":"2023-06-16T21:22:52","guid":{"rendered":"https:\/\/live-usc-dornsife.pantheonsite.io\/aravind-asok\/?page_id=176"},"modified":"2025-02-03T08:54:56","modified_gmt":"2025-02-03T16:54:56","slug":"short-cv","status":"publish","type":"page","link":"https:\/\/dornsife.usc.edu\/aravind-asok\/short-cv\/","title":{"rendered":"Short CV"},"content":{"rendered":"\n\n  \n    \n\n\n\n\n\n\n<div\n  class=\"cc--component-container cc--rich-text \"\n\n  \n  \n  \n  \n  \n  \n  >\n  <div class=\"c--component c--rich-text\"\n    \n      >\n\n    \n      \n<div class=\"f--field f--wysiwyg\">\n\n    \n  <ul>\n<li>Research Interests: A^1-homotopy theory, topology of algebraic varieties, group actions, representation theory<\/li>\n<li>Employment and Education\n<ul>\n<li>(2018 &#8211; Present) Professor\u00a0(<a href=\"http:\/\/math.usc.edu\/\">University of Southern California<\/a>, Los Angeles, CA)<\/li>\n<li>(2015 &#8211; 2018) Associate Professor (<a href=\"http:\/\/math.usc.edu\/\">University of Southern California<\/a>, Los Angeles, CA)<\/li>\n<li>(2009 &#8211; 2015) &#8211; Assistant Professor University of Southern California<\/li>\n<li>Spring 2009 &#8211; MSRI Postdoctoral Fellow (<a href=\"http:\/\/www.msri.org\/\">Mathematical Sciences Research Institute<\/a>, Berkeley, CA)<\/li>\n<li>(2008 &#8211; 2009) &#8211; Hedrick Assistant Professor (<a href=\"http:\/\/www.math.ucla.edu\/\">University of California at Los Angeles<\/a>, Los Angeles, CA)<\/li>\n<li>(2005 &#8211; 2008) &#8211; VIGRE Acting Assistant Professor (<a href=\"http:\/\/www.math.washington.edu\/\">University of Washington<\/a>, Seattle, WA)<\/li>\n<li>(2004 &#8211; 2005) &#8211; EPSRC Postdoctoral Fellow (<a href=\"http:\/\/www.maths.ox.ac.uk\/\">University of Oxford<\/a>, Oxford, England)<\/li>\n<li>2004 &#8211; Ph.D. in Mathematics (<a href=\"http:\/\/www.math.princeton.edu\/\">Princeton University<\/a>\u00a0Princeton, NJ)<br \/>\nDissertation supervised by\u00a0<a href=\"http:\/\/www.math.ias.edu\/people\/faculty\/rdm\">Bob MacPherson<\/a>\u00a0Thesis entitled: Geometry of simple G-varieties<\/li>\n<\/ul>\n<\/li>\n<li>Collaborators\n<ul>\n<li><a href=\"http:\/\/tom-bachmann.com\/\">Tom Bachmann<\/a><\/li>\n<li><a href=\"http:\/\/deglise.perso.math.cnrs.fr\/\">Fr\u00e9d\u00e9ric D\u00e9glise<\/a><\/li>\n<li><a href=\"http:\/\/www.math.ethz.ch\/people\/doranb\">Brent Doran<\/a><\/li>\n<li><a href=\"http:\/\/dubouloz.perso.math.cnrs.fr\/\">Adrien Dubouloz<\/a><\/li>\n<li><a href=\"https:\/\/eldenelmanto.com\/\">Elden Elmanto<\/a><\/li>\n<li><a href=\"http:\/\/www-fourier.ujf-grenoble.fr\/?q=en\/content\/algebre-et-geometries\">Jean Fasel<\/a><\/li>\n<li><a href=\"http:\/\/www.math.ucla.edu\/~chh\">Christian Haesemeyer<\/a><\/li>\n<li><a href=\"http:\/\/www.math.harvard.edu\/~mjh\/\">Mike Hopkins<\/a><\/li>\n<li><a href=\"http:\/\/math.mit.edu\/~hoyois\/\">Marc Hoyois<\/a><\/li>\n<li><a href=\"http:\/\/home.mathematik.uni-freiburg.de\/kebekus\/\">Stefan Kebekus<\/a><\/li>\n<li><a href=\"http:\/\/www.maths.ox.ac.uk\/people\/frances.kirwan\">Frances Kirwan<\/a><\/li>\n<li><a href=\"http:\/\/www.mathematik.uni-muenchen.de\/~morel\/\">Fabien Morel<\/a><\/li>\n<li><a href=\"http:\/\/nagel49.perso.math.cnrs.fr\/\">Jan Nagel<\/a><\/li>\n<li><a href=\"http:\/\/www.hood.edu\/Academics\/Departments\/Mathematics\/Faculty\/James-Parson.html\">James Parson<\/a><\/li>\n<li><a href=\"http:\/\/www.esaga.uni-due.de\/matthias.wendt\/\">Matthias Wendt<\/a><\/li>\n<li><a href=\"http:\/\/people.math.gatech.edu\/~kwickelgren3\/\">Kirsten Wickelgren<\/a><\/li>\n<li><a href=\"http:\/\/www.math.ubc.ca\/~tbjw\/\">T. Ben Williams<\/a><\/li>\n<li><a href=\"http:\/\/folk.uio.no\/paularne\/\">Paul Arne \u00d8stv\u00e6r<\/a><\/li>\n<\/ul>\n<\/li>\n<\/ul>\n\n\n\n<\/div>\n\n\n  <\/div><\/div>\n","protected":false},"excerpt":{"rendered":"","protected":false},"author":370,"featured_media":0,"parent":0,"menu_order":0,"comment_status":"closed","ping_status":"closed","template":"","meta":{"_acf_changed":false,"footnotes":""},"class_list":["post-176","page","type-page","status-publish","hentry"],"acf":[],"yoast_head":"<!-- This site is optimized with the Yoast SEO plugin v27.1.1 - https:\/\/yoast.com\/product\/yoast-seo-wordpress\/ -->\n<title>Short CV - Aravind Asok<\/title>\n<meta name=\"robots\" content=\"index, follow, max-snippet:-1, max-image-preview:large, max-video-preview:-1\" \/>\n<link rel=\"canonical\" href=\"https:\/\/dornsife.usc.edu\/aravind-asok\/short-cv\/\" \/>\n<meta property=\"og:locale\" content=\"en_US\" \/>\n<meta property=\"og:type\" content=\"article\" \/>\n<meta property=\"og:title\" content=\"Short CV - Aravind Asok\" \/>\n<meta property=\"og:url\" content=\"https:\/\/dornsife.usc.edu\/aravind-asok\/short-cv\/\" \/>\n<meta property=\"og:site_name\" content=\"Aravind Asok\" \/>\n<meta property=\"article:modified_time\" content=\"2025-02-03T16:54:56+00:00\" \/>\n<meta name=\"twitter:card\" content=\"summary_large_image\" \/>\n<script type=\"application\/ld+json\" class=\"yoast-schema-graph\">{\"@context\":\"https:\/\/schema.org\",\"@graph\":[{\"@type\":\"WebPage\",\"@id\":\"https:\/\/dornsife.usc.edu\/aravind-asok\/short-cv\/\",\"url\":\"https:\/\/dornsife.usc.edu\/aravind-asok\/short-cv\/\",\"name\":\"Short CV - Aravind Asok\",\"isPartOf\":{\"@id\":\"https:\/\/dornsife.usc.edu\/aravind-asok\/#website\"},\"datePublished\":\"2023-06-16T21:22:52+00:00\",\"dateModified\":\"2025-02-03T16:54:56+00:00\",\"breadcrumb\":{\"@id\":\"https:\/\/dornsife.usc.edu\/aravind-asok\/short-cv\/#breadcrumb\"},\"inLanguage\":\"en-US\",\"potentialAction\":[{\"@type\":\"ReadAction\",\"target\":[\"https:\/\/dornsife.usc.edu\/aravind-asok\/short-cv\/\"]}]},{\"@type\":\"BreadcrumbList\",\"@id\":\"https:\/\/dornsife.usc.edu\/aravind-asok\/short-cv\/#breadcrumb\",\"itemListElement\":[{\"@type\":\"ListItem\",\"position\":1,\"name\":\"Home\",\"item\":\"https:\/\/dornsife.usc.edu\/aravind-asok\/\"},{\"@type\":\"ListItem\",\"position\":2,\"name\":\"Short CV\"}]},{\"@type\":\"WebSite\",\"@id\":\"https:\/\/dornsife.usc.edu\/aravind-asok\/#website\",\"url\":\"https:\/\/dornsife.usc.edu\/aravind-asok\/\",\"name\":\"Aravind Asok\",\"description\":\"USC Dornsife Aravind Asok\",\"potentialAction\":[{\"@type\":\"SearchAction\",\"target\":{\"@type\":\"EntryPoint\",\"urlTemplate\":\"https:\/\/dornsife.usc.edu\/aravind-asok\/?s={search_term_string}\"},\"query-input\":{\"@type\":\"PropertyValueSpecification\",\"valueRequired\":true,\"valueName\":\"search_term_string\"}}],\"inLanguage\":\"en-US\"}]}<\/script>\n<!-- \/ Yoast SEO plugin. -->","yoast_head_json":{"title":"Short CV - Aravind Asok","robots":{"index":"index","follow":"follow","max-snippet":"max-snippet:-1","max-image-preview":"max-image-preview:large","max-video-preview":"max-video-preview:-1"},"canonical":"https:\/\/dornsife.usc.edu\/aravind-asok\/short-cv\/","og_locale":"en_US","og_type":"article","og_title":"Short CV - Aravind Asok","og_url":"https:\/\/dornsife.usc.edu\/aravind-asok\/short-cv\/","og_site_name":"Aravind Asok","article_modified_time":"2025-02-03T16:54:56+00:00","twitter_card":"summary_large_image","schema":{"@context":"https:\/\/schema.org","@graph":[{"@type":"WebPage","@id":"https:\/\/dornsife.usc.edu\/aravind-asok\/short-cv\/","url":"https:\/\/dornsife.usc.edu\/aravind-asok\/short-cv\/","name":"Short CV - Aravind Asok","isPartOf":{"@id":"https:\/\/dornsife.usc.edu\/aravind-asok\/#website"},"datePublished":"2023-06-16T21:22:52+00:00","dateModified":"2025-02-03T16:54:56+00:00","breadcrumb":{"@id":"https:\/\/dornsife.usc.edu\/aravind-asok\/short-cv\/#breadcrumb"},"inLanguage":"en-US","potentialAction":[{"@type":"ReadAction","target":["https:\/\/dornsife.usc.edu\/aravind-asok\/short-cv\/"]}]},{"@type":"BreadcrumbList","@id":"https:\/\/dornsife.usc.edu\/aravind-asok\/short-cv\/#breadcrumb","itemListElement":[{"@type":"ListItem","position":1,"name":"Home","item":"https:\/\/dornsife.usc.edu\/aravind-asok\/"},{"@type":"ListItem","position":2,"name":"Short CV"}]},{"@type":"WebSite","@id":"https:\/\/dornsife.usc.edu\/aravind-asok\/#website","url":"https:\/\/dornsife.usc.edu\/aravind-asok\/","name":"Aravind Asok","description":"USC Dornsife Aravind Asok","potentialAction":[{"@type":"SearchAction","target":{"@type":"EntryPoint","urlTemplate":"https:\/\/dornsife.usc.edu\/aravind-asok\/?s={search_term_string}"},"query-input":{"@type":"PropertyValueSpecification","valueRequired":true,"valueName":"search_term_string"}}],"inLanguage":"en-US"}]}},"_links":{"self":[{"href":"https:\/\/dornsife.usc.edu\/aravind-asok\/wp-json\/wp\/v2\/pages\/176","targetHints":{"allow":["GET"]}}],"collection":[{"href":"https:\/\/dornsife.usc.edu\/aravind-asok\/wp-json\/wp\/v2\/pages"}],"about":[{"href":"https:\/\/dornsife.usc.edu\/aravind-asok\/wp-json\/wp\/v2\/types\/page"}],"author":[{"embeddable":true,"href":"https:\/\/dornsife.usc.edu\/aravind-asok\/wp-json\/wp\/v2\/users\/370"}],"replies":[{"embeddable":true,"href":"https:\/\/dornsife.usc.edu\/aravind-asok\/wp-json\/wp\/v2\/comments?post=176"}],"version-history":[{"count":3,"href":"https:\/\/dornsife.usc.edu\/aravind-asok\/wp-json\/wp\/v2\/pages\/176\/revisions"}],"predecessor-version":[{"id":245,"href":"https:\/\/dornsife.usc.edu\/aravind-asok\/wp-json\/wp\/v2\/pages\/176\/revisions\/245"}],"wp:attachment":[{"href":"https:\/\/dornsife.usc.edu\/aravind-asok\/wp-json\/wp\/v2\/media?parent=176"}],"curies":[{"name":"wp","href":"https:\/\/api.w.org\/{rel}","templated":true}]}}